{"id":335829,"date":"2018-05-10T00:05:25","date_gmt":"2018-05-09T23:05:25","guid":{"rendered":"https:\/\/tenerife-trips.com\/?page_id=335829"},"modified":"2025-11-20T13:02:05","modified_gmt":"2025-11-20T13:02:05","slug":"datenschutzrichtlinie","status":"publish","type":"page","link":"https:\/\/tenerife-trips.com\/de\/datenschutzrichtlinie\/","title":{"rendered":"Datenschutzrichtlinie"},"content":{"rendered":"<div class=\"wpb-content-wrapper\"><p>[vc_row full_width=&#8221;stretch_row_content_no_spaces&#8221; css=&#8221;.vc_custom_1588961501765{background-color: #f6eb14 !important;}&#8221;][vc_column][vc_column_text]<\/p>\n<h2 style=\"text-align: center;\"><span style=\"font-size: 18pt;\"><strong>DATENSCHUTZRICHTLINIE<\/strong><\/span><\/h2>\n<p>[\/vc_column_text][\/vc_column][\/vc_row][vc_row][vc_column][vc_column_text css=&#8221;&#8221; css_animation=&#8221;fadeIn&#8221;]In \u00dcbereinstimmung mit dem spanischen Gesetz Ley Org\u00e1nica 3\/2018 und Artikel 13 der EU-Verordnung 2016\/679 stellen wir Ihnen folgende Informationen zur Verf\u00fcgung:<\/p>\n<p>&nbsp;<\/p>\n<p><span style=\"text-decoration: underline;\"><strong>GRUNDLEGENDE INFORMATIONEN ZUM DATENSCHUTZ<\/strong><\/span><\/p>\n<table style=\"width: 51.4195%;\">\n<tbody>\n<tr>\n<td style=\"width: 29.0753%;\" width=\"128\"><strong>Verantwortliche Partei<\/strong><\/td>\n<td style=\"width: 73.0637%;\" width=\"422\"><strong>POEMA SOLUTIONS S.L.<\/strong><\/td>\n<\/tr>\n<tr>\n<td style=\"width: 29.0753%;\" width=\"128\"><strong>Zweck<\/strong><\/td>\n<td style=\"width: 73.0637%;\" width=\"422\">\u00b7 Verwaltung aller \u00fcber die Website gesendeten Anfragen und des Versands von Informationen.<\/p>\n<p>\u00b7 Verwaltung der \u00fcber unseren Online-Shop beauftragten Dienstleistungen.<\/td>\n<\/tr>\n<tr>\n<td style=\"width: 29.0753%;\" width=\"128\"><strong>Legitimation<\/strong><\/td>\n<td style=\"width: 73.0637%;\" width=\"422\">\u00b7 Zustimmung des Interessenten.<\/p>\n<p>\u00b7 Begr\u00fcndung des vorvertraglichen\/vertraglichen Verh\u00e4ltnisses.<\/td>\n<\/tr>\n<tr>\n<td style=\"width: 29.0753%;\" width=\"128\"><strong>Empf\u00e4nger<\/strong><\/td>\n<td style=\"width: 73.0637%;\" width=\"422\">Eine Weitergabe dieser Daten an Dritte erfolgt grunds\u00e4tzlich nicht, sofern keine gesetzliche Verpflichtung dazu besteht oder dies zur Bearbeitung Ihrer Anfrage erforderlich ist.<\/td>\n<\/tr>\n<tr>\n<td style=\"width: 29.0753%;\" width=\"128\"><strong>Rechte<\/strong><\/td>\n<td style=\"width: 73.0637%;\" width=\"422\">Sie k\u00f6nnen Ihre Rechte auf Zugang, Berichtigung, Unterdr\u00fcckung, Widerspruch, Einschr\u00e4nkung der Behandlung und Daten\u00fcbertragbarkeit aus\u00fcben.<\/td>\n<\/tr>\n<\/tbody>\n<\/table>\n<p><strong>\u00a0<\/strong><\/p>\n<p><span style=\"text-decoration: underline;\"><strong>WER BEHANDELT MEINE DATEN?<\/strong><\/span><\/p>\n<p>Der Verantwortliche f\u00fcr die Behandlung Ihrer Daten ist<\/p>\n<p><span style=\"text-decoration: underline;\">Firmenname<\/span>: POEMA SOLUTIONS S.L.<\/p>\n<p><span style=\"text-decoration: underline;\">Steueridentifikationsnummer<\/span>: B24751083<\/p>\n<p><span style=\"text-decoration: underline;\">Handelsname<\/span>: TENERIFE TRIPS<\/p>\n<p><span style=\"text-decoration: underline;\">Adresse<\/span>: Calle Lagunas de Ruidera 749, Orihuela Costa, 03189, Spanien<\/p>\n<p>Weitere Kontaktdaten:<\/p>\n<p><span style=\"text-decoration: underline;\">E-mail<\/span>: <a href=\"mailto:emanuele@tenerife-trips.com\" target=\"_blank\" rel=\"noopener\"><span style=\"text-decoration: underline;\">Kopieren Sie diesen Hyperlink und f\u00fcgen Sie ihn ein, um unsere E-Mail-Adresse anzuzeigen<\/span><\/a><\/p>\n<p><span style=\"text-decoration: underline;\">Telefonnummer<\/span>: +34 689 210 678<\/p>\n<p>&nbsp;<\/p>\n<p><span style=\"text-decoration: underline;\"><strong>WAS IST DER ZWECK UND DIE RECHTSGRUNDLAGE DER DATENBEHANDLUNG?<\/strong><\/span><\/p>\n<p>Bei TENERIFE TRIPS behandeln wir alle Informationen, die von betroffenen Personen \u00fcbermittelt werden, um ihre Anfragen nach Informationen und Dienstleistungen zu verwalten, die sie mit diesem Unternehmen verbinden, sowie um ihnen Produkt- und Dienstleistungsangebote zuzusenden.<\/p>\n<p>Die Rechtsgrundlage f\u00fcr die Behandlung Ihrer Daten ist Ihre Einwilligung, die Sie erteilen k\u00f6nnen, indem Sie die Datenschutzerkl\u00e4rung von Tenerife-Trips auf unserer Webseite akzeptieren.<\/p>\n<p>Denken Sie daran, dass wir, wenn wir Sie bitten, Ihre personenbezogenen Daten einzugeben, um Ihnen Zugriff auf einige Funktionen oder Dienste in unseren Formularen zu gew\u00e4hren, einige Felder als Pflichtfelder markieren, da es sich um Daten handelt, die wir ben\u00f6tigen, um den Dienst erbringen oder geben zu k\u00f6nnen Sie auf die betreffende Funktionalit\u00e4t zugreifen. Bitte beachten Sie, dass Sie Ihre Registrierung als Benutzer m\u00f6glicherweise nicht abschlie\u00dfen oder die Dienste nicht nutzen k\u00f6nnen, wenn Sie sich entscheiden, diese Informationen nicht bereitzustellen.<\/p>\n<p>Bei Anfragen, die uns \u00fcber andere Wege als unsere Web-Kontaktformulare erreichen, ist die Rechtsgrundlage f\u00fcr die Behandlung Ihrer Daten in diesem Fall die Begr\u00fcndung des vorvertraglichen Vertragsverh\u00e4ltnisses. Das hei\u00dft, wir werden Ihre Daten verwalten, um Ihre Anfragen nach Informationen und \/ oder Dienstleistungen zu erf\u00fcllen.<\/p>\n<p>Die von den Benutzern bereitgestellten Daten werden f\u00fcr statistische Studien und Profilanalysen verwendet, um einen besseren Service \u00fcber unsere Website bereitzustellen, f\u00fcr die die Anwendung Google Analytics verwendet wird.<\/p>\n<p>Weitere Informationen finden Sie in unserer <a href=\"https:\/\/tenerife-trips.com\/de\/cookie-policy-eu\/?lang=de\" target=\"_blank\" rel=\"noopener\">Cookie-Richtlinie<\/a>.<\/p>\n<p>&nbsp;<\/p>\n<p><span style=\"text-decoration: underline;\"><strong>WO WERDEN MEINE INFORMATIONEN GESPEICHERT?<\/strong><\/span><\/p>\n<p>Hostinger International Ltd., Cyprus private limited company, 61 Lordou Vironos str., 6023 Larnaca, Cyprus, https:\/\/www.hostinger.com<\/p>\n<p>&nbsp;<\/p>\n<p><span style=\"text-decoration: underline;\"><strong>AN WEN WERDEN MEINE DATEN \u00dcBERMITTELT?<\/strong><\/span><\/p>\n<p>Um die in dieser Datenschutzrichtlinie angegebenen Zwecke zu erf\u00fcllen, ist es erforderlich, dass wir den folgenden Unternehmen, die uns bei den von uns angebotenen Dienstleistungen unterst\u00fctzen, Zugriff auf Ihre personenbezogenen Daten gew\u00e4hren:<\/p>\n<ul>\n<li>Finanzunternehmen, um die Zahlung der vertraglich vereinbarten Dienstleistungen zu leisten.<\/li>\n<li>Technologische Dienstleister; Hosting und Webwartung.<\/li>\n<\/ul>\n<p>Abgesehen von den angegebenen Daten werden keine Daten \u00fcbermittelt, es sei denn, es besteht eine gesetzliche Verpflichtung oder die Erf\u00fcllung von Anforderungen, die direkt mit Ihrer Anfrage verbunden sind.<\/p>\n<p>&nbsp;<\/p>\n<p><span style=\"text-decoration: underline;\"><strong>WIE LANGE WERDEN SIE MEINE DATEN AUFBEWAHREN?<\/strong><\/span><\/p>\n<p>Alle \u00fcbermittelten personenbezogenen Daten werden f\u00fcr die Dauer Ihrer Beziehung zu diesem Unternehmen gespeichert und solange die betroffene Partei nicht deren L\u00f6schung verlangt.<\/p>\n<p>&nbsp;<\/p>\n<p><span style=\"text-decoration: underline;\"><strong>WELCHE RECHTE HABE ICH, WENN ICH MEINE DATEN \u00dcBERMITTEL? UND WO SOLLTE ICH MEINE RECHTE AUS\u00dcBEN?<\/strong><\/span><\/p>\n<p>Jeder hat das Recht, eine Best\u00e4tigung dar\u00fcber zu erhalten, ob wir ihn betreffende personenbezogene Daten bei TENERIFE TRIPS verarbeiten oder nicht. Alle interessierten Personen haben das Recht, auf ihre personenbezogenen Daten zuzugreifen und die \u00c4nderung unrichtiger Daten oder deren Entfernung zu verlangen, wenn diese Daten unter anderem f\u00fcr den Zweck, f\u00fcr den sie erhoben wurden, nicht mehr erforderlich sind. Unter bestimmten Umst\u00e4nden k\u00f6nnen Interessenten eine Einschr\u00e4nkung der Behandlung ihrer Daten verlangen, in diesem Fall werden wir sie nur zur Aus\u00fcbung oder Verteidigung von Rechtsanspr\u00fcchen aufbewahren.<\/p>\n<p>Unter bestimmten Umst\u00e4nden und aus Gr\u00fcnden, die mit Ihrer besonderen Situation zusammenh\u00e4ngen, k\u00f6nnen Sie der Behandlung Ihrer Daten widersprechen, und TENERIFE TRIPS wird die Behandlung dieser Daten einstellen, es sei denn, es liegen zwingende rechtliche Gr\u00fcnde vor, oder zur Aus\u00fcbung oder Verteidigung potenzieller Rechtsanspr\u00fcche . Um Ihre Rechte auszu\u00fcben, m\u00fcssen Sie eine Mitteilung und eine Kopie Ihres Personalausweises senden an:<\/p>\n<p><a href=\"mailto:emanuele@tenerife-trips.com\" target=\"_blank\" rel=\"noopener\"><span style=\"text-decoration: underline;\">Kopieren Sie diesen Hyperlink und f\u00fcgen Sie ihn ein, um unsere E-Mail-Adresse anzuzeigen<\/span><\/a><\/p>\n<p>Der Nutzer kann seine Einwilligung jederzeit schriftlich an folgende Adresse widerrufen: <a href=\"mailto:emanuele@tenerife-trips.com\" target=\"_blank\" rel=\"noopener\"><span style=\"text-decoration: underline;\">Kopieren Sie diesen Hyperlink und f\u00fcgen Sie ihn ein, um unsere E-Mail-Adresse anzuzeigen<\/span><\/a><\/p>\n<p>Dar\u00fcber hinaus werden Sie hiermit dar\u00fcber informiert, dass Sie berechtigt sind, eine Beschwerde bei der italienischen Kontrollbeh\u00f6rde <a href=\"https:\/\/www.aepd.es\" target=\"_blank\" rel=\"noopener\">Agencia Espa\u00f1ola de Protecci\u00f3n de Datos (AEPD)<\/a> einzureichen.[\/vc_column_text][vc_empty_space][\/vc_column][\/vc_row]<\/p>\n<\/div>","protected":false},"excerpt":{"rendered":"<p>[vc_row full_width=&#8221;stretch_row_content_no_spaces&#8221; css=&#8221;.vc_custom_1588961501765{background-color: #f6eb14 !important;}&#8221;][vc_column][vc_column_text] DATENSCHUTZRICHTLINIE [\/vc_column_text][\/vc_column][\/vc_row][vc_row][vc_column][vc_column_text css=&#8221;&#8221; css_animation=&#8221;fadeIn&#8221;]In \u00dcbereinstimmung mit dem spanischen Gesetz Ley Org\u00e1nica 3\/2018 und Artikel 13&#8230;<\/p>\n","protected":false},"author":2,"featured_media":64066,"parent":0,"menu_order":0,"comment_status":"closed","ping_status":"closed","template":"","meta":{"_acf_changed":false,"_seopress_robots_primary_cat":"0","_seopress_titles_title":"Datenschutzrichtlinie und Cookie-Richtlinie von &quot;Tenerife Trips&quot;.","_seopress_titles_desc":"Datenschutzrichtlinie &amp; Cookie-Richtlinie von Tenerife Trips. Lesen Sie unsere rechtlichen Bedingungen, bevor Sie auf unserer Website buchen.","_seopress_robots_index":"","_seopress_analysis_target_kw":"Datenschutzrichtlinie","footnotes":""},"class_list":["post-335829","page","type-page","status-publish","has-post-thumbnail"],"acf":[],"_links":{"self":[{"href":"https:\/\/tenerife-trips.com\/de\/wp-json\/wp\/v2\/pages\/335829","targetHints":{"allow":["GET"]}}],"collection":[{"href":"https:\/\/tenerife-trips.com\/de\/wp-json\/wp\/v2\/pages"}],"about":[{"href":"https:\/\/tenerife-trips.com\/de\/wp-json\/wp\/v2\/types\/page"}],"author":[{"embeddable":true,"href":"https:\/\/tenerife-trips.com\/de\/wp-json\/wp\/v2\/users\/2"}],"replies":[{"embeddable":true,"href":"https:\/\/tenerife-trips.com\/de\/wp-json\/wp\/v2\/comments?post=335829"}],"version-history":[{"count":0,"href":"https:\/\/tenerife-trips.com\/de\/wp-json\/wp\/v2\/pages\/335829\/revisions"}],"wp:featuredmedia":[{"embeddable":true,"href":"https:\/\/tenerife-trips.com\/de\/wp-json\/wp\/v2\/media\/64066"}],"wp:attachment":[{"href":"https:\/\/tenerife-trips.com\/de\/wp-json\/wp\/v2\/media?parent=335829"}],"curies":[{"name":"wp","href":"https:\/\/api.w.org\/{rel}","templated":true}]}}