{"id":336075,"date":"2020-08-27T16:21:28","date_gmt":"2020-08-27T15:21:28","guid":{"rendered":"https:\/\/tenerife-trips.com\/?page_id=336075"},"modified":"2025-11-20T13:05:22","modified_gmt":"2025-11-20T13:05:22","slug":"impressum","status":"publish","type":"page","link":"https:\/\/tenerife-trips.com\/de\/impressum\/","title":{"rendered":"Impressum"},"content":{"rendered":"<div class=\"wpb-content-wrapper\"><p>[vc_row full_width=&#8221;stretch_row_content_no_spaces&#8221; css=&#8221;.vc_custom_1588961501765{background-color: #f6eb14 !important;}&#8221;][vc_column][vc_column_text]<\/p>\n<h2 style=\"text-align: center;\"><span style=\"font-size: 18pt;\"><strong>IMPRESSUM<\/strong><\/span><\/h2>\n<p>[\/vc_column_text][\/vc_column][\/vc_row][vc_row][vc_column][vc_column_text css=&#8221;&#8221; css_animation=&#8221;fadeIn&#8221;]<span style=\"font-size: 18pt;\"><strong><u>ZWECK<\/u><\/strong><\/span><\/p>\n<p>Diese rechtlichen Bedingungen werden von Tenerife-Trips erstellt, um die Kriterien und Bedingungen f\u00fcr die Nutzung der Webseite Tenerife-Trips festzulegen.<\/p>\n<p><strong>Besitzerinformation:<\/strong><\/p>\n<p>In \u00dcbereinstimmung mit dem spanischen Gesetz Ley Org\u00e1nica 3\/2018 und mit Artikel 13 der EU-Verordnung 2016\/679 stellen wir Ihnen die Informationen des Eigent\u00fcmers dieser Webseite zur Verf\u00fcgung.<\/p>\n<p><strong>Identifikation und Kontakt:<\/strong><\/p>\n<p><span style=\"text-decoration: underline;\">Firmenname<\/span>: POEMA SOLUTIONS S.L.<\/p>\n<p><span style=\"text-decoration: underline;\">Steueridentifikationsnummer<\/span>: B24751083<\/p>\n<p><span style=\"text-decoration: underline;\">Handelsname<\/span>: TENERIFE TRIPS<\/p>\n<p><span style=\"text-decoration: underline;\">Adresse<\/span>: Calle Lagunas de Ruidera 749, Orihuela Costa, 03189, Spanien<\/p>\n<p><strong>Weitere Kontaktdaten:<\/strong><\/p>\n<p><span style=\"text-decoration: underline;\">E-mail<\/span>: <a href=\"mailto:emanuele@tenerife-trips.com\" target=\"_blank\" rel=\"noopener\"><span style=\"text-decoration: underline;\">Kopieren Sie diesen Hyperlink und f\u00fcgen Sie ihn ein, um unsere E-Mail-Adresse anzuzeigen<\/span><\/a><\/p>\n<p><span style=\"text-decoration: underline;\">Telefonnummer<\/span>: +34 689 210 678<\/p>\n<p>Durch das Surfen auf dieser Website erwerben Browser den Zustand von Benutzern. Benutzer akzeptieren die festgelegten Nutzungsbedingungen. Tenerife-Trips beh\u00e4lt sich das Recht vor, seine rechtlichen Bedingungen jederzeit zu \u00e4ndern sowie technische oder optische Verbesserungen vorzunehmen, die als zweckm\u00e4\u00dfig erachtet werden. Wenn solche \u00c4nderungen die Privatsph\u00e4re der Benutzer beeintr\u00e4chtigen, werden die Benutzer im Voraus \u00fcber das Datum des Inkrafttretens der \u00c4nderungen informiert.<\/p>\n<p>In \u00dcbereinstimmung mit dem spanischen Gesetz Ley Org\u00e1nica 3\/2018 und mit der EU-Verordnung 2016\/679 m\u00fcssen Sie alle Pflichtfelder ausf\u00fcllen, damit wir Ihre Anfragen beantworten k\u00f6nnen. Daten werden nicht an Dritte weitergegeben, es sei denn, es besteht eine gesetzliche Verpflichtung oder dies ist zur Erf\u00fcllung Ihrer Anfrage erforderlich. Wenn Ihre Daten ge\u00e4ndert oder modifiziert werden, m\u00fcssen Sie uns dies mitteilen. Benutzer k\u00f6nnen ihre Rechte auf Zugang, Berichtigung, Unterdr\u00fcckung, Einschr\u00e4nkung, Widerspruch und \u00dcbertragbarkeit aus\u00fcben, indem sie an die folgende Adresse schreiben:<\/p>\n<p>emanuele@tenerife-trips.com<\/p>\n<p>&nbsp;<\/p>\n<p><span style=\"font-size: 18pt;\"><strong><u>LINK-RICHTLINIE<\/u><\/strong><\/span><\/p>\n<p>Diese Website enth\u00e4lt Links zu Webseiten Dritter, um Benutzern Zugang zu verschiedenen sozialen Netzwerken und Internetplattformen zu bieten. Tenerife-Trips ist nicht verantwortlich f\u00fcr Inhalte, Angebote, Produkte oder Dienstleistungen, die diese Webseiten enthalten k\u00f6nnen.<\/p>\n<p>&nbsp;<\/p>\n<p><span style=\"font-size: 18pt;\"><strong><u>ANWENDBARES RECHT<\/u><\/strong><\/span><\/p>\n<p>Alle Angelegenheiten im Zusammenhang mit Tenerife-Trips und Benutzern unterliegen den geltenden nationalen Gesetzen, und alle Streitigkeiten werden vor dem Gericht von Alicante beigelegt.[\/vc_column_text][\/vc_column][\/vc_row]<\/p>\n<\/div>","protected":false},"excerpt":{"rendered":"<p>[vc_row full_width=&#8221;stretch_row_content_no_spaces&#8221; css=&#8221;.vc_custom_1588961501765{background-color: #f6eb14 !important;}&#8221;][vc_column][vc_column_text] IMPRESSUM [\/vc_column_text][\/vc_column][\/vc_row][vc_row][vc_column][vc_column_text css=&#8221;&#8221; css_animation=&#8221;fadeIn&#8221;]ZWECK Diese rechtlichen Bedingungen werden von Tenerife-Trips erstellt, um die Kriterien und&#8230;<\/p>\n","protected":false},"author":2,"featured_media":64066,"parent":0,"menu_order":0,"comment_status":"closed","ping_status":"closed","template":"","meta":{"_acf_changed":false,"_seopress_robots_primary_cat":"0","_seopress_titles_title":"Impressum von Tenerife Trips","_seopress_titles_desc":"Lesen Sie das Impressum von Tenerife Trips, bevor Sie Ihre Ausfl\u00fcge und Aktivit\u00e4ten \u00fcber unsere Website buchen","_seopress_robots_index":"","footnotes":""},"class_list":["post-336075","page","type-page","status-publish","has-post-thumbnail"],"acf":[],"_links":{"self":[{"href":"https:\/\/tenerife-trips.com\/de\/wp-json\/wp\/v2\/pages\/336075","targetHints":{"allow":["GET"]}}],"collection":[{"href":"https:\/\/tenerife-trips.com\/de\/wp-json\/wp\/v2\/pages"}],"about":[{"href":"https:\/\/tenerife-trips.com\/de\/wp-json\/wp\/v2\/types\/page"}],"author":[{"embeddable":true,"href":"https:\/\/tenerife-trips.com\/de\/wp-json\/wp\/v2\/users\/2"}],"replies":[{"embeddable":true,"href":"https:\/\/tenerife-trips.com\/de\/wp-json\/wp\/v2\/comments?post=336075"}],"version-history":[{"count":0,"href":"https:\/\/tenerife-trips.com\/de\/wp-json\/wp\/v2\/pages\/336075\/revisions"}],"wp:featuredmedia":[{"embeddable":true,"href":"https:\/\/tenerife-trips.com\/de\/wp-json\/wp\/v2\/media\/64066"}],"wp:attachment":[{"href":"https:\/\/tenerife-trips.com\/de\/wp-json\/wp\/v2\/media?parent=336075"}],"curies":[{"name":"wp","href":"https:\/\/api.w.org\/{rel}","templated":true}]}}