{"id":90833,"date":"2019-11-27T03:19:06","date_gmt":"2019-11-27T03:19:06","guid":{"rendered":"https:\/\/tenerife-trips.com\/?page_id=90833"},"modified":"2026-01-28T13:34:28","modified_gmt":"2026-01-28T13:34:28","slug":"ausfluege-teneriffa","status":"publish","type":"page","link":"https:\/\/tenerife-trips.com\/de\/","title":{"rendered":"Startseite"},"content":{"rendered":"<div class=\"wpb-content-wrapper\"><p>[vc_row full_width=&#8221;stretch_row_content_no_spaces&#8221; content_placement=&#8221;top&#8221; css_animation=&#8221;fadeIn&#8221; css=&#8221;.vc_custom_1574822360670{background-color: #312c7a !important;}&#8221;][vc_column][vc_column_text css=&#8221;.vc_custom_1769606709001{background-color: #F6EB14 !important;background-position: center !important;background-repeat: no-repeat !important;background-size: cover !important;}&#8221; css_animation=&#8221;fadeIn&#8221;]<\/p>\n<h1 class=\"title-h2\" style=\"text-align: center;\"><span style=\"font-size: 18pt; color: #312c7a;\">AUSFL\u00dcGE TENERIFFA<\/span><\/h1>\n<p>[\/vc_column_text]<div id=\"fullwidth-block-69f5b67767fb4\" class=\"fullwidth-block fullwidth-block-parallax-vertical clearfix\" data-mobile-parallax-enable=\"1\" style=\"color: #ffffff;background-color: #312c7a;\"><script type=\"text\/javascript\">if (typeof(gem_fix_fullwidth_position) == \"function\") { gem_fix_fullwidth_position(document.getElementById(\"fullwidth-block-69f5b67767fb4\")); }<\/script><div class=\"fullwidth-block-inner\">[vc_row_inner][vc_column_inner width=&#8221;1\/3&#8243; thegem_content_alignment=&#8221;center&#8221;][vc_single_image image=&#8221;91163&#8243; img_size=&#8221;full&#8221; alignment=&#8221;center&#8221; onclick=&#8221;custom_link&#8221; css=&#8221;&#8221; link=&#8221;https:\/\/tenerife-trips.com\/de\/wassersport-teneriffa\/&#8221;][\/vc_column_inner][vc_column_inner width=&#8221;1\/3&#8243;][vc_single_image image=&#8221;380356&#8243; img_size=&#8221;full&#8221; alignment=&#8221;center&#8221; onclick=&#8221;custom_link&#8221; css=&#8221;&#8221; link=&#8221;https:\/\/tenerife-trips.com\/de\/luftsport-teneriffa\/&#8221;][\/vc_column_inner][vc_column_inner width=&#8221;1\/3&#8243;][vc_single_image image=&#8221;91182&#8243; img_size=&#8221;full&#8221; alignment=&#8221;center&#8221; onclick=&#8221;custom_link&#8221; css=&#8221;&#8221; link=&#8221;https:\/\/tenerife-trips.com\/de\/bootsausfluege-auf-teneriffa\/&#8221;][\/vc_column_inner][\/vc_row_inner][vc_row_inner][vc_column_inner width=&#8221;1\/3&#8243;][vc_single_image image=&#8221;91188&#8243; img_size=&#8221;full&#8221; alignment=&#8221;center&#8221; onclick=&#8221;custom_link&#8221; css=&#8221;&#8221; link=&#8221;https:\/\/tenerife-trips.com\/de\/teneriffa-touren\/&#8221;][\/vc_column_inner][vc_column_inner width=&#8221;1\/3&#8243;][vc_single_image image=&#8221;690353&#8243; img_size=&#8221;270&#215;270&#8243; alignment=&#8221;center&#8221; css=&#8221;.vc_custom_1749499161596{border-top-width: 20px !important;border-bottom-width: 20px !important;border-radius: 2px !important;border-color: #EEEE22 !important;}&#8221;][\/vc_column_inner][vc_column_inner width=&#8221;1\/3&#8243;][vc_single_image image=&#8221;378582&#8243; img_size=&#8221;full&#8221; alignment=&#8221;center&#8221; onclick=&#8221;custom_link&#8221; css=&#8221;&#8221; link=&#8221;https:\/\/tenerife-trips.com\/de\/landabenteuer-auf-teneriffa\/&#8221;][\/vc_column_inner][\/vc_row_inner][vc_row_inner][vc_column_inner width=&#8221;1\/3&#8243;][vc_single_image image=&#8221;91200&#8243; img_size=&#8221;full&#8221; alignment=&#8221;center&#8221; onclick=&#8221;custom_link&#8221; css=&#8221;&#8221; link=&#8221;https:\/\/tenerife-trips.com\/de\/teneriffa-outdoor\/&#8221;][\/vc_column_inner][vc_column_inner width=&#8221;1\/3&#8243;][vc_single_image image=&#8221;418405&#8243; img_size=&#8221;full&#8221; alignment=&#8221;center&#8221; onclick=&#8221;custom_link&#8221; css=&#8221;&#8221; link=&#8221;https:\/\/tenerife-trips.com\/de\/shows-auf-teneriffa\/&#8221;][\/vc_column_inner][vc_column_inner width=&#8221;1\/3&#8243;][vc_single_image image=&#8221;378597&#8243; img_size=&#8221;full&#8221; alignment=&#8221;center&#8221; onclick=&#8221;custom_link&#8221; css=&#8221;&#8221; link=&#8221;https:\/\/tenerife-trips.com\/de\/themenparks-teneriffa\/&#8221;][\/vc_column_inner][\/vc_row_inner][vc_empty_space]<\/div><\/div>[\/vc_column][\/vc_row][vc_row][vc_column][vc_column_text css=&#8221;&#8221;]<\/p>\n<h3><span style=\"font-size: 12pt;\">AUSFL\u00dcGE TENERIFFA, das ist bestimmt UNSER GESCH\u00c4FT<\/span><span style=\"font-size: 12pt;\">!<\/span><\/h3>\n<p>Zun\u00e4chst m\u00f6chten wir Ihnen unsere Agentur als Ihren lokalen Guide bei einem Besuch auf Teneriffa vorstellen. Unser Wissen \u00fcber die Insel und die besten Aktivit\u00e4ten und Orte, die Sie besuchen sollten, wird Ihnen helfen, Ihren Urlaub unvergesslich zu machen!<\/p>\n<p>Generell ist das Angebot an Ausfl\u00fcge auf Teneriffa wirklich riesig. Auf der Insel finden Sie zum Beispiel wundervolle Orte f\u00fcr Outdoor-Aktivit\u00e4ten. Au\u00dferdem k\u00f6nnen Sie Spa\u00df an Wassersportarten haben. Einige der bekanntesten sind beispielsweise Tauchen, Jet ski oder Parascending.<\/p>\n<p>Dar\u00fcber hinaus k\u00f6nnen Sie die Insel auf gef\u00fchrten Touren mit dem Jeep oder Bus erkunden. Danach k\u00f6nnen Sie die besten Themenparks besuchen; zum Beispiel der Loro Parque und der Siam Park. Au\u00dferdem k\u00f6nnen Sie mit einem Quad oder Buggy auf einer Safari durch den fantastischen Teide-Nationalpark und seine Mondlandschaft fahren. Zu guter Letzt k\u00f6nnen Sie sich mit tollen Shows unterhalten. Besser gesagt, hier gibt es wirklich alles f\u00fcr Ihren Spa\u00df!<\/p>\n<h3><span style=\"font-size: 12pt;\">WIR SIND AUSSCHLIESSLICH AUF AUSFL\u00dcGE AUF DER INSEL TENERIFFA SPEZIALISIERT. DIES IST IM GRUNDE DIE GR\u00d6SSTE, BEV\u00d6LKERUNGSREICHSTE UND AM MEISTEN BESUCHTE DER KANARISCHEN INSELN. SEINE VIELFALT VON LANDSCHAFTEN, MIKROKLIMATEN, ERHOLUNGSAKTIVIT\u00c4TEN UND TOURISTISCHEN DIENSTLEISTUNGEN MACHT ES ZU EINEM DER BELIEBTESTEN ZIELE DER WELT. MEHR ALS F\u00dcNF MILLIONEN BESUCHER KOMMEN JEDES JAHR HIER UND MACHEN VIELE AUSFL\u00dcGE TENERIFFA.<\/span><\/h3>\n<p>Es gibt ein paar Dinge zu beachten, die Sie wissen m\u00fcssen, bevor Sie nach Teneriffa kommen. Erstens wehen in diesem Breitengrad fast st\u00e4ndig Passatwinde von Nordosten nach S\u00fcdwesten. Buchen Sie vor diesem Hintergrund Ihre Unterkunft nicht im Osten der Insel, es sei denn, Sie m\u00f6gen Wind. Im Gegenteil, die Westk\u00fcste ist durch hohe Berge vor diesen Winden gesch\u00fctzt. Aus diesem Grund empfehlen wir Ihnen, in der Gegend zwischen Los Cristianos und Santiago del Teide zu bleiben.<\/p>\n<p>Zweitens ist das Wetter im Norden von Teneriffa im Allgemeinen wolkiger und feuchter. Es ist wichtig zu erkennen, dass Sie bei einem Aufenthalt m\u00f6glicherweise nicht genau die sonnigen Bedingungen finden, nach denen Sie suchen, insbesondere im Winter. Wenn Sie im Norden bleiben, ist ein Abholservice f\u00fcr die meisten Ausfl\u00fcge auf Teneriffa nicht verf\u00fcgbar. Mit anderen Worten, Sie m\u00fcssen ein Auto mieten, um in den S\u00fcden zu kommen. Auf jeden Fall sind \u00f6ffentliche Verkehrsmittel keine gute Option, da es oft zu Versp\u00e4tungen kommt.<\/p>\n<h3><span style=\"font-size: 12pt;\">DRITTENS, WENN SIE DARAN DENKEN, AUSFL\u00dcGE TENERIFFA ZU MACHEN, BUCHEN SIE SIE BESSER IM VORAUS. DA DIE VERF\u00dcGBARKEITSANGELEGENHEIT BEGRENZT IST, SIND EXKURSIONEN IN LETZTER MINUTE NUR SCHWER ZU ORGANISIEREN. VERSUCHEN SIE DAHER, UNS VOR IHRER ANKUNFT ZU KONTAKTIEREN, DAMIT WIR IHRE AUSFL\u00dcGE PLANEN K\u00d6NNEN. WIR WOLLEN, DASS SIE SICH AN IHREM URLAUB ENTSPANNEN, STATT STRESSING, WEIL KEIN RAUM VERF\u00dcGBAR IST. TROTZDEM REICHT EINE WOCHE IM ALLGEMEINEN AUS, UM SICH ZU ORGANISIEREN.<\/span><span style=\"font-size: 12pt;\">\u00a0GLEICH WICHTIG IST, DASS SIE UNS ALLE F\u00dcR DIE AUSFL\u00dcGE ERFORDERLICHEN DETAILS ZUR VERF\u00dcGUNG STELLEN.<\/span><\/h3>\n<p>Das Klima hier wird oft als \u201eewiger Fr\u00fchling\u201c bezeichnet, da es das ganze Jahr \u00fcber milde Temperaturen aufweist. Dies gilt insbesondere im S\u00fcdwesten der Insel. Infolgedessen stimuliert solch gutes Wetter viele verschiedene Ausfl\u00fcge auf Teneriffa. Erstens k\u00f6nnen Sie im Paragliding-Tandem oder im Hubschrauber \u00fcber das Gebiet der Costa Adeje fliegen. Zweitens ist es m\u00f6glich, mit Delfinen von El Palm-Mar Kajak zu fahren. An dritter Stelle k\u00f6nnen Sie Wale auf einer Bootsfahrt beobachten, bei der Sie die majest\u00e4tischen Klippen von Los Gigantes betrachten. Das sind zweifellos Erfahrungen, an die Sie sich f\u00fcr immer erinnern werden.<\/p>\n<h3><span style=\"font-size: 12pt;\">SCHAUEN SIE SICH ALSO DIE AUSFL\u00dcGE Teneriffa AN UND SEHEN SIE SICH DIE DETAILLIERTE BESCHREIBUNG AN. SCHAUEN SIE SICH AUSSERDEM DAS VIDEO AN.<\/span><span style=\"font-size: 12pt;\"> AUF DIESE WEISE K\u00d6NNEN SIE BEREITS VOR DER BUCHUNG ERFAHREN, WIE DER AUSFLUG SEIN W\u00dcRDE. IN DER ZWISCHENZEIT ERHALTEN SIE EINE VORSTELLUNG VON ALLEN WICHTIGEN DETAILS WIE PREIS, ZEITPLAN USW.<\/span><\/h3>\n<p>Ein weiterer wichtiger Punkt ist das moderne und klare Design unseres Online-Shops. Wenn Sie auf der Website surfen, k\u00f6nnen Sie unbestreitbar die Aufmerksamkeit f\u00fcr Details bemerken. Auf jeden Fall wollen wir feststellen, dass wir uns von vielen anderen bekannten Online-Shops der Branche unterscheiden. Das liegt daran, dass wir uns auf Teneriffa bestens auskennen! In der Tat, wir gehen pers\u00f6nlich und filmen die Ausfl\u00fcge auf Teneriffa. Wie zu sehen ist, produzieren wir fast alle Bilder und Videos. Im Wesentlichen finden Sie auf unserer Website originelle und exklusive Inhalte. Ohne Zweifel sind wir leidenschaftlich \u00fcber das, was wir tun!<\/p>\n<h3><span style=\"font-size: 12pt;\">AUCH WENN ES SELTSAM KLINGEN MAG, KENNEN EINIGE DER BESTEN ONLINE-AGENTUREN TENERIFFA NICHT SEHR GUT, DA SIE AUSFL\u00dcGE IN DER GANZEN WELT ORGANISIEREN. GLEICH WICHTIG SIE VER\u00d6FFENTLICHEN KEINE URSPR\u00dcNGLICHEN BILDER UND VIDeOS WIE WIR. EINE UNSERER ST\u00c4RKEN IST, DASS WIR UNS AUSSCHLIESSLICH AUF AUSFL\u00dcGE AUF DER INSEL TENERIFFA SPEZIALISIERT HABEN. DIES IST kristallklar, SOBALD SIE UNSERE WEBSITE \u00d6FFNEN UND MIT ANDEREN VERGLEICHEN. GEGEBENEN DIESEN PUNKTEN IST ES WICHTIG, DEN UNTERSCHIED UNSERER DIENSTLEISTUNGEN ZU REALISIEREN. Zweifellos k\u00f6nnen wir Sie besser beraten, welche Ausfl\u00fcge Teneriffa Sie unternehmen sollten.<\/span><\/h3>\n<p>Erstens ist der Zweck dieser Website, Ausfl\u00fcge zu den besten Preisen zu organisieren. Zweitens ist es, eine bessere Vorstellung davon zu geben, was Teneriffa den Menschen bieten kann, die ihren Urlaub planen. Mit anderen Worten, wir m\u00f6chten allgemeine touristische Informationen bereitstellen und unser Wissen und unsere Erfahrung \u00fcber diesen wunderbaren Ort teilen.<\/p>\n<p>Um unsere Kunden gl\u00fccklich zu machen, arbeiten wir mit den besten Partnern zusammen. Teil unserer Arbeit ist es, zu \u00fcberpr\u00fcfen, ob alle richtig arbeiten. Insbesondere kontrollieren wir wichtige Dokumente wie beispielsweise Versicherungen und Registrierungen durch die kanarische Regierung. Sicherlich sichert diese Aktivit\u00e4t unseren Kunden die Qualit\u00e4t der Ausfl\u00fcge auf Teneriffa. Hier gibt es viele Unternehmen, die schlecht arbeiten, ganz zu schweigen von den illegalen.<\/p>\n<h3><span style=\"font-size: 12pt;\">Eine andere Sache, die ber\u00fccksichtigt werden muss, ist <\/span><span style=\"font-size: 12pt;\">auf jeden fall <\/span><span style=\"font-size: 12pt;\">unsere <a href=\"https:\/\/www.tenerife-trips.com\/geschaeftsbedingungen\/?lang=de\" target=\"_blank\" rel=\"noopener\">STORNIERUNGSPOLITIK<\/a><\/span><span style=\"font-size: 12pt;\">. Wir m\u00f6chten, dass Sie uns auf jeden Fall kontaktieren, bevor Sie Ausfl\u00fcge Teneriffa buchen. Trotz der guten Qualit\u00e4t unserer Website ist es unm\u00f6glich, eine aktualisierte Verf\u00fcgbarkeit darauf zu haben.<\/span><\/h3>\n<p>Vor allem bevorzugen wir es, \u00fcber unseren Live-Chat oder WhatsApp-Support kontaktiert zu werden, weil dies der einfachste und schnellste Weg ist. Wir erhalten keine Telefonanrufe, weil wir m\u00f6chten, dass unsere Kommunikation sowohl f\u00fcr Sie als auch f\u00fcr uns schriftlich und klar erfolgt. Wenn Sie versuchen, uns sp\u00e4t nachts zu erreichen, werden wir Ihnen am n\u00e4chsten Tag antworten. Obwohl unser B\u00fcro ziemlich besch\u00e4ftigt ist, werden wir unser Bestes tun, um uns in kurzer Zeit bei Ihnen zu melden. Im Allgemeinen antworten wir sp\u00e4testens in ein paar Stunden, damit Sie nicht gestresst werden. Wir werden sicherlich unser Bestes geben, um so schnell wie m\u00f6glich zu sein. Wir antworten Ihnen gerne das ganze Jahr \u00fcber, nehmen Sie sofort Kontakt mit uns auf!<\/p>\n<p>Schlie\u00dflich m\u00f6chten wir, dass Sie wissen, dass sich unser Kundenservice von anderen Unternehmen unterscheidet. In der Tat haben wir die besten <a href=\"https:\/\/maps.app.goo.gl\/snEcQo58LKGmqktU6\" target=\"_blank\" rel=\"noopener noreferrer\">Bewertungen von unseren Kunden<\/a> f\u00fcr die Ausfl\u00fcge auf Teneriffa. Dies liegt an der Tatsache, dass wir bei jedem Problem unser Bestes tun, um das Problem zu beheben. Wir glauben, dass zufriedene Kunden auf lange Sicht unseren Erfolg ausmachen werden. Neben der Ausflugsorganisation bieten wir au\u00dferdem einen exzellenten Kundendienst. Im Allgemeinen \u00fcberpr\u00fcfen wir Ihre Meinung dazu, sobald Sie den Ausflug gemacht haben.<\/p>\n<h3><span style=\"font-size: 12pt;\">Buchen Sie abschlie\u00dfend Ihre <\/span><span style=\"font-size: 12pt;\">Ausfl\u00fcge Teneriffa <\/span><span style=\"font-size: 12pt;\">bei uns und profitieren Sie von den besten Online-Rabatten!<\/span><\/h3>\n<p>[\/vc_column_text][\/vc_column][\/vc_row]<\/p>\n<\/div>","protected":false},"excerpt":{"rendered":"<p>[vc_row full_width=&#8221;stretch_row_content_no_spaces&#8221; content_placement=&#8221;top&#8221; css_animation=&#8221;fadeIn&#8221; css=&#8221;.vc_custom_1574822360670{background-color: #312c7a !important;}&#8221;][vc_column][vc_column_text css=&#8221;.vc_custom_1769606709001{background-color: #F6EB14 !important;background-position: center !important;background-repeat: no-repeat !important;background-size: cover !important;}&#8221; css_animation=&#8221;fadeIn&#8221;] AUSFL\u00dcGE TENERIFFA [\/vc_column_text][\/vc_column][\/vc_row][vc_row][vc_column][vc_column_text&#8230;<\/p>\n","protected":false},"author":2,"featured_media":82565,"parent":0,"menu_order":0,"comment_status":"closed","ping_status":"closed","template":"","meta":{"_acf_changed":false,"_seopress_robots_primary_cat":"","_seopress_titles_title":"Ausfl\u00fcge Teneriffa, planen Sie Ihren Urlaub mit Tenerife Trips","_seopress_titles_desc":"Ausfl\u00fcge auf Teneriffa, hier ist die Seite von \"Tenerife Trips\", ein Unternehmen, das sich der Organisation von Aktivit\u00e4ten widmet","_seopress_robots_index":"","footnotes":""},"class_list":["post-90833","page","type-page","status-publish","has-post-thumbnail"],"acf":[],"_links":{"self":[{"href":"https:\/\/tenerife-trips.com\/de\/wp-json\/wp\/v2\/pages\/90833","targetHints":{"allow":["GET"]}}],"collection":[{"href":"https:\/\/tenerife-trips.com\/de\/wp-json\/wp\/v2\/pages"}],"about":[{"href":"https:\/\/tenerife-trips.com\/de\/wp-json\/wp\/v2\/types\/page"}],"author":[{"embeddable":true,"href":"https:\/\/tenerife-trips.com\/de\/wp-json\/wp\/v2\/users\/2"}],"replies":[{"embeddable":true,"href":"https:\/\/tenerife-trips.com\/de\/wp-json\/wp\/v2\/comments?post=90833"}],"version-history":[{"count":0,"href":"https:\/\/tenerife-trips.com\/de\/wp-json\/wp\/v2\/pages\/90833\/revisions"}],"wp:featuredmedia":[{"embeddable":true,"href":"https:\/\/tenerife-trips.com\/de\/wp-json\/wp\/v2\/media\/82565"}],"wp:attachment":[{"href":"https:\/\/tenerife-trips.com\/de\/wp-json\/wp\/v2\/media?parent=90833"}],"curies":[{"name":"wp","href":"https:\/\/api.w.org\/{rel}","templated":true}]}}