{"id":91465,"date":"2019-11-27T18:51:48","date_gmt":"2019-11-27T18:51:48","guid":{"rendered":"https:\/\/tenerife-trips.com\/?page_id=91465"},"modified":"2025-06-10T20:56:52","modified_gmt":"2025-06-10T19:56:52","slug":"uns","status":"publish","type":"page","link":"https:\/\/tenerife-trips.com\/de\/uns\/","title":{"rendered":"Uns"},"content":{"rendered":"<div class=\"wpb-content-wrapper\"><p>[vc_section][vc_row full_width=&#8221;stretch_row_content_no_spaces&#8221;][vc_column][vc_column_text css=&#8221;.vc_custom_1743454715229{background-color: #F6EB14 !important;background-position: center !important;background-repeat: no-repeat !important;background-size: cover !important;}&#8221; css_animation=&#8221;fadeIn&#8221;]<\/p>\n<h1 class=\"title-h2\" style=\"text-align: center;\"><span style=\"font-size: 18pt; color: #312c7a;\">VERWALTUNG<\/span><\/h1>\n<p>[\/vc_column_text][\/vc_column][\/vc_row][vc_row][vc_column][vc_column_text]<\/p>\n<p style=\"text-align: center;\">TENERIFE TRIPS ist eine Online-Agentur, die Ausfl\u00fcge auf Teneriffa organisiert. Wir bieten alle Arten von Aktivit\u00e4ten wie Landtouren, Wasser- und Luftsportarten, Bootsfahrten, Shows, Themenparks und vieles mehr! Schauen Sie sich unsere t\u00e4glichen Angebote an und profitieren Sie von den besten Online-Rabatten!<\/p>\n<p>[\/vc_column_text][vc_empty_space height=&#8221;32&#8243;][\/vc_column][\/vc_row][vc_row full_width=&#8221;stretch_row_content&#8221; css=&#8221;.vc_custom_1577587267150{background-color: #312c7a !important;background-position: center !important;background-repeat: no-repeat !important;background-size: cover !important;}&#8221;][vc_column width=&#8221;1\/2&#8243;][vc_single_image image=&#8221;42970&#8243; img_size=&#8221;full&#8221; alignment=&#8221;center&#8221; css=&#8221;&#8221;][\/vc_column][vc_column width=&#8221;1\/2&#8243;][vc_column_text]<span style=\"color: #ffffff; font-family: arial, helvetica, sans-serif;\"><strong>Emanuele<\/strong><\/span><\/p>\n<p><span style=\"color: #ffffff; font-family: arial, helvetica, sans-serif;\"><strong>Tenerife Trips General Manager<\/strong><\/span><\/p>\n<p><span style=\"font-family: arial, helvetica, sans-serif; color: #ffffff;\">Ich wurde 1983 in Italien geboren. Ich habe 2009 mein Studium der Soziologie an der Universit\u00e4t von Bologna abgeschlossen. Ich habe in verschiedenen L\u00e4ndern gelebt, darunter: England, Deutschland, Australien, USA und seit 2015 auf Teneriffa, Spanien. W\u00e4hrend ich im Ausland Sprachen studierte, kann ich flie\u00dfend Englisch, Deutsch, Spanisch und nat\u00fcrlich meine Muttersprache Italienisch sprechen. Im Moment nehme ich an einem Franz\u00f6sischkurs teil. W\u00e4hrend meiner Karriere sammelte ich Berufserfahrung haupts\u00e4chlich im Verkauf und im Kundenservice und widme mich seit 2015 der Organisation von Ausfl\u00fcgen auf Teneriffa. Im August 2017 hatte ich die Gelegenheit, mein eigenes Gesch\u00e4ft zu er\u00f6ffnen und \u201eTenerife Trips\u201c war geboren. Der Zweck meiner Arbeit ist es, Ihren Urlaub zu organisieren und unvergesslich zu machen, indem ich meine Erfahrungen und mein Wissen \u00fcber die Insel mit Ihnen teile.<\/span><\/p>\n<p>&nbsp;<\/p>\n<p style=\"text-align: center;\"><span style=\"color: #ffffff;\"><strong><span style=\"font-family: arial, helvetica, sans-serif;\">GESPROCHENE SPRACHEN:<\/span><\/strong><\/span><\/p>\n<p style=\"text-align: center;\"><span style=\"font-family: arial, helvetica, sans-serif; color: #ffffff;\">SPANISCH &#8211; ENGLISCH &#8211; DEUTSCH &#8211; ITALIENISCH\u00a0<\/span><\/p>\n<p><img alt=\"\" class=\"size-full wp-image-316153 aligncenter\" src=\"https:\/\/www.tenerife-trips.com\/wp-content\/uploads\/2021\/12\/flags.png\" alt=\"\" width=\"222\" height=\"75\" \/><\/p>\n<h6><\/h6>\n<p>[\/vc_column_text][\/vc_column][\/vc_row][\/vc_section][vc_row][vc_column][vc_empty_space][vc_column_text css=&#8221;&#8221;]<\/p>\n<h4 style=\"text-align: center;\"><span style=\"text-decoration: underline; color: #312c7a; font-size: 14pt;\">EMPFOHLENE WEBSITES:<\/span><\/h4>\n<p>[\/vc_column_text]<div class=\"gem-list\" ><ul>\n<li style=\"text-align: center;\"><a href=\"https:\/\/www.go-etna.com\/\" target=\"_blank\" rel=\"noopener noreferrer\">www.go-etna.com<\/a> (excursions in Sicily)<\/li>\n<li style=\"text-align: center;\"><a href=\"https:\/\/housesaleitaly.com\" target=\"_blank\" rel=\"noopener\">www.housesaleitaly.com<\/a> (Immobilienagentur in Italien)<\/li>\n<\/ul>\n<\/div>[vc_empty_space][\/vc_column][\/vc_row]<\/p>\n<\/div>","protected":false},"excerpt":{"rendered":"<p>[vc_section][vc_row full_width=&#8221;stretch_row_content_no_spaces&#8221;][vc_column][vc_column_text css=&#8221;.vc_custom_1743454715229{background-color: #F6EB14 !important;background-position: center !important;background-repeat: no-repeat !important;background-size: cover !important;}&#8221; css_animation=&#8221;fadeIn&#8221;] VERWALTUNG [\/vc_column_text][\/vc_column][\/vc_row][vc_row][vc_column][vc_column_text] TENERIFE TRIPS ist eine Online-Agentur, die&#8230;<\/p>\n","protected":false},"author":2,"featured_media":0,"parent":0,"menu_order":0,"comment_status":"closed","ping_status":"closed","template":"","meta":{"_acf_changed":false,"_seopress_robots_primary_cat":"0","_seopress_titles_title":"\u00dcber uns, Pr\u00e4sentation der Gesch\u00e4ftsf\u00fchrung von Tenerife Trips","_seopress_titles_desc":"Auf dieser Seite k\u00f6nnen Sie etwas \u00fcber die Menschen erfahren, die unser Unternehmen leiten. Unsere Erfahrungen und Arbeitsabsichten","_seopress_robots_index":"","footnotes":""},"class_list":["post-91465","page","type-page","status-publish"],"acf":[],"_links":{"self":[{"href":"https:\/\/tenerife-trips.com\/de\/wp-json\/wp\/v2\/pages\/91465","targetHints":{"allow":["GET"]}}],"collection":[{"href":"https:\/\/tenerife-trips.com\/de\/wp-json\/wp\/v2\/pages"}],"about":[{"href":"https:\/\/tenerife-trips.com\/de\/wp-json\/wp\/v2\/types\/page"}],"author":[{"embeddable":true,"href":"https:\/\/tenerife-trips.com\/de\/wp-json\/wp\/v2\/users\/2"}],"replies":[{"embeddable":true,"href":"https:\/\/tenerife-trips.com\/de\/wp-json\/wp\/v2\/comments?post=91465"}],"version-history":[{"count":0,"href":"https:\/\/tenerife-trips.com\/de\/wp-json\/wp\/v2\/pages\/91465\/revisions"}],"wp:attachment":[{"href":"https:\/\/tenerife-trips.com\/de\/wp-json\/wp\/v2\/media?parent=91465"}],"curies":[{"name":"wp","href":"https:\/\/api.w.org\/{rel}","templated":true}]}}