{"id":101651,"date":"2020-03-02T19:42:06","date_gmt":"2020-03-02T19:42:06","guid":{"rendered":"https:\/\/tenerife-trips.com\/?post_type=product&#038;p=101651"},"modified":"2025-12-03T11:27:46","modified_gmt":"2025-12-03T11:27:46","slug":"surfen-teneriffa","status":"publish","type":"product","link":"https:\/\/tenerife-trips.com\/de\/product\/wassersport\/surfen-teneriffa\/","title":{"rendered":"Surfen"},"content":{"rendered":"<div class=\"wpb-content-wrapper\"><p>[vc_row full_width=&#8221;stretch_row_content_no_spaces&#8221;][vc_column][vc_column_text css=&#8221;.vc_custom_1743519736420{background-color: #F6EB14 !important;background-position: center !important;background-repeat: no-repeat !important;background-size: cover !important;}&#8221; css_animation=&#8221;fadeIn&#8221;]<\/p>\n<h1 class=\"title-h2\" style=\"text-align: center;\"><span style=\"font-size: 18pt; color: #312c7a;\">Surfen<\/span><\/h1>\n<p>[\/vc_column_text][\/vc_column][\/vc_row][vc_row][vc_column][vc_column_text]<\/p>\n<p style=\"text-align: center;\">Surfen auf Teneriffa, unsere Surfschule im Herzen von Playa de Las Americas bietet Gruppen- und Privatunterricht f\u00fcr alle Niveaus. Probieren Sie eine der <a href=\"https:\/\/www.tenerife-trips.com\/wassersport-teneriffa\/?lang=de\" target=\"_blank\" rel=\"noopener\">besten Wassersportarten<\/a> der Insel aus!<\/p>\n<p style=\"text-decoration: underline; text-align: center;\"><span style=\"font-size: 14pt; color: #312c7a;\"><strong>\u21d3 Siehe weitere Beschreibung unten \u21d3<\/strong><\/span><\/p>\n<p>[\/vc_column_text][\/vc_column][\/vc_row][vc_row full_width=&#8221;stretch_row_content&#8221; full_height=&#8221;yes&#8221; css=&#8221;.vc_custom_1576192123211{background-color: #312c7a !important;background-position: center !important;background-repeat: no-repeat !important;background-size: cover !important;}&#8221;][vc_column]<div class=\"gem-vimeo gem-wrapbox gem-wrapbox-style-no-style rounded-corners gem-wrapbox-position-below\" style=\"width: 100%;\"><div class=\"gem-wrapbox-inner gem-ratio-style\" style=\"padding-top: 56.25%\"><iframe webkitallowfullscreen=\"true\" mozallowfullscreen=\"true\" allowfullscreen=\"true\" class=\"gem-wrapbox-element img-responsive\" frameborder=\"0\" scrolling=\"no\" marginheight=\"0\" marginwidth=\"0\" src=\"\/\/player.vimeo.com\/video\/394995267?title=0&amp;byline=0&amp;portrait=0 \"><\/iframe><\/div><\/div>[vc_empty_space]<div class=\"preloader\"><div class=\"preloader-spin\"><\/div><\/div> <div id=\"gem-gallery-69dd3169a28ad\" class=\"gem-gallery gem-gallery-hover-zooming-blur\"> <div class=\"gem-gallery-item\"> <div class=\"gem-gallery-item-image\"> <a href=\"https:\/\/tenerife-trips.com\/wp-content\/uploads\/2020\/03\/surf-school-Tenerife-2-thegem-gallery-sidebar.jpg\" data-fancybox-group=\"gallery-69dd3169a28ad\" data-full-image-url=\"https:\/\/tenerife-trips.com\/wp-content\/uploads\/2020\/03\/surf-school-Tenerife-2.jpg\"> <svg width=\"20\" height=\"10\"><path d=\"M 0,10 Q 9,9 10,0 Q 11,9 20,10\" \/><\/svg> <img src=\"https:\/\/tenerife-trips.com\/wp-content\/uploads\/2020\/03\/surf-school-Tenerife-2-thegem-post-thumb-small.jpg\" alt=\"surf school Tenerife\" class=\"img-responsive\"> <span class=\"gem-gallery-caption slide-info\"> <\/span> <\/a> <span class=\"gem-gallery-line\"><\/span> <\/div> <\/div> <div class=\"gem-gallery-item\"> <div class=\"gem-gallery-item-image\"> <a href=\"https:\/\/tenerife-trips.com\/wp-content\/uploads\/2020\/03\/surfen-Teneriffa-thegem-gallery-sidebar.jpg\" data-fancybox-group=\"gallery-69dd3169a28ad\" data-full-image-url=\"https:\/\/tenerife-trips.com\/wp-content\/uploads\/2020\/03\/surfen-Teneriffa.jpg\"> <svg width=\"20\" height=\"10\"><path d=\"M 0,10 Q 9,9 10,0 Q 11,9 20,10\" \/><\/svg> <img src=\"https:\/\/tenerife-trips.com\/wp-content\/uploads\/2020\/03\/surfen-Teneriffa-thegem-post-thumb-small.jpg\" alt=\"\" class=\"img-responsive\"> <span class=\"gem-gallery-caption slide-info\"> <\/span> <\/a> <span class=\"gem-gallery-line\"><\/span> <\/div> <\/div> <div class=\"gem-gallery-item\"> <div class=\"gem-gallery-item-image\"> <a href=\"https:\/\/tenerife-trips.com\/wp-content\/uploads\/2020\/03\/surf-school-Tenerife-thegem-gallery-sidebar.png\" data-fancybox-group=\"gallery-69dd3169a28ad\" data-full-image-url=\"https:\/\/tenerife-trips.com\/wp-content\/uploads\/2020\/03\/surf-school-Tenerife.png\"> <svg width=\"20\" height=\"10\"><path d=\"M 0,10 Q 9,9 10,0 Q 11,9 20,10\" \/><\/svg> <img src=\"https:\/\/tenerife-trips.com\/wp-content\/uploads\/2020\/03\/surf-school-Tenerife-thegem-post-thumb-small.png\" alt=\"surf school Tenerife\" class=\"img-responsive\"> <span class=\"gem-gallery-caption slide-info\"> <\/span> <\/a> <span class=\"gem-gallery-line\"><\/span> <\/div> <\/div> <div class=\"gem-gallery-item\"> <div class=\"gem-gallery-item-image\"> <a href=\"https:\/\/tenerife-trips.com\/wp-content\/uploads\/2020\/03\/escuela-de-surf-Tenerife-2-thegem-gallery-sidebar.jpg\" data-fancybox-group=\"gallery-69dd3169a28ad\" data-full-image-url=\"https:\/\/tenerife-trips.com\/wp-content\/uploads\/2020\/03\/escuela-de-surf-Tenerife-2.jpg\"> <svg width=\"20\" height=\"10\"><path d=\"M 0,10 Q 9,9 10,0 Q 11,9 20,10\" \/><\/svg> <img src=\"https:\/\/tenerife-trips.com\/wp-content\/uploads\/2020\/03\/escuela-de-surf-Tenerife-2-thegem-post-thumb-small.jpg\" alt=\"escuela de surf Tenerife\" class=\"img-responsive\"> <span class=\"gem-gallery-caption slide-info\"> <\/span> <\/a> <span class=\"gem-gallery-line\"><\/span> <\/div> <\/div> <div class=\"gem-gallery-item\"> <div class=\"gem-gallery-item-image\"> <a href=\"https:\/\/tenerife-trips.com\/wp-content\/uploads\/2020\/03\/escuela-de-surf-Tenerife-thegem-gallery-sidebar.jpg\" data-fancybox-group=\"gallery-69dd3169a28ad\" data-full-image-url=\"https:\/\/tenerife-trips.com\/wp-content\/uploads\/2020\/03\/escuela-de-surf-Tenerife.jpg\"> <svg width=\"20\" height=\"10\"><path d=\"M 0,10 Q 9,9 10,0 Q 11,9 20,10\" \/><\/svg> <img src=\"https:\/\/tenerife-trips.com\/wp-content\/uploads\/2020\/03\/escuela-de-surf-Tenerife-thegem-post-thumb-small.jpg\" alt=\"\" class=\"img-responsive\"> <span class=\"gem-gallery-caption slide-info\"> <\/span> <\/a> <span class=\"gem-gallery-line\"><\/span> <\/div> <\/div> <div class=\"gem-gallery-item\"> <div class=\"gem-gallery-item-image\"> <a href=\"https:\/\/tenerife-trips.com\/wp-content\/uploads\/2020\/03\/surf-Tenerife-thegem-gallery-sidebar.jpg\" data-fancybox-group=\"gallery-69dd3169a28ad\" data-full-image-url=\"https:\/\/tenerife-trips.com\/wp-content\/uploads\/2020\/03\/surf-Tenerife.jpg\"> <svg width=\"20\" height=\"10\"><path d=\"M 0,10 Q 9,9 10,0 Q 11,9 20,10\" \/><\/svg> <img src=\"https:\/\/tenerife-trips.com\/wp-content\/uploads\/2020\/03\/surf-Tenerife-thegem-post-thumb-small.jpg\" alt=\"\" class=\"img-responsive\"> <span class=\"gem-gallery-caption slide-info\"> <\/span> <\/a> <span class=\"gem-gallery-line\"><\/span> <\/div> <\/div> <div class=\"gem-gallery-item\"> <div class=\"gem-gallery-item-image\"> <a href=\"https:\/\/tenerife-trips.com\/wp-content\/uploads\/2020\/03\/Teneryfa-surfing-1-thegem-gallery-sidebar.jpg\" data-fancybox-group=\"gallery-69dd3169a28ad\" data-full-image-url=\"https:\/\/tenerife-trips.com\/wp-content\/uploads\/2020\/03\/Teneryfa-surfing-1.jpg\"> <svg width=\"20\" height=\"10\"><path d=\"M 0,10 Q 9,9 10,0 Q 11,9 20,10\" \/><\/svg> <img src=\"https:\/\/tenerife-trips.com\/wp-content\/uploads\/2020\/03\/Teneryfa-surfing-1-thegem-post-thumb-small.jpg\" alt=\"\" class=\"img-responsive\"> <span class=\"gem-gallery-caption slide-info\"> <\/span> <\/a> <span class=\"gem-gallery-line\"><\/span> <\/div> <\/div> <\/div>[\/vc_column][\/vc_row][vc_row full_width=&#8221;stretch_row&#8221; css=&#8221;.vc_custom_1577669794647{background-color: #312c7a !important;background-position: center !important;background-repeat: no-repeat !important;background-size: cover !important;}&#8221;][vc_column][vc_column_text css=&#8221;.vc_custom_1610120507078{background-position: center !important;background-repeat: no-repeat !important;background-size: cover !important;}&#8221; css_animation=&#8221;fadeIn&#8221;]<\/p>\n<h3 class=\"title-h2\" style=\"text-align: center;\"><span style=\"font-size: 18pt; color: #ffffff;\">BESCHREIBUNG<\/span><\/h3>\n<p>[\/vc_column_text][\/vc_column][\/vc_row][vc_row][vc_column][vc_tta_accordion style=&#8221;simple_solid&#8221; color=&#8221;blue&#8221; c_icon=&#8221;chevron&#8221; active_section=&#8221;0&#8243; collapsible_all=&#8221;true&#8221;][vc_tta_section title=&#8221;AUSFLUGSBESCHREIBUNG&#8221; tab_id=&#8221;1577669752813-9df83b3e-350fd056-84c1f196-9349&#8243;][vc_column_text]<\/p>\n<div id=\"pl-2135\" class=\"panel-layout\">\n<div id=\"pg-2135-0\" class=\"panel-grid panel-no-style\">\n<div id=\"pgc-2135-0-0\" class=\"panel-grid-cell\" data-weight=\"1\">\n<div id=\"panel-2135-0-0-0\" class=\"so-panel widget widget_sow-editor panel-first-child panel-last-child\" data-style=\"{&quot;background_display&quot;:&quot;tile&quot;,&quot;featured_widgets&quot;:&quot;&quot;}\" data-index=\"0\">\n<div class=\"so-widget-sow-editor so-widget-sow-editor-base\">\n<div class=\"siteorigin-widget-tinymce textwidget\">\n<h3><span style=\"font-size: 12pt;\">Surfen auf Teneriffa, ZUERST BIETET UNSER SURFschule GRUPPEN- UND PRIVATUNTERRICHT F\u00dcR alle Niveaus. Auf dieser fantastischen Vulkaninsel, die vom Ozean gek\u00fcsst wurde, scheint die Sonne das ganze Jahr \u00fcber. GROSSE WELLEN MACHEN GL\u00dcCKLICHE SURFER AUS ALLER WELT. TENERIFE IST EIN SURFERPARADIES NUR EINIGE STUNDEN VON EUROPA entfernt.<\/span><\/h3>\n<p>Der beste Teil dieses Traums? Es gibt keine gef\u00e4hrlichen Haie, die versuchen, sich w\u00e4hrend des Surfkurses in die F\u00fc\u00dfe zu bei\u00dfen. Entweder Sie sind ein Profi oder ein Anf\u00e4nger, Sie mussen nur ihre Tasche packen, einen der hundert Fl\u00fcge bekommen, die jeden Tag die Insel erreichen und sich auf ein gro\u00dfartiges Surferlebnis vorbereiten.<\/p>\n<p>Der Gruppenunterricht f\u00fcr das Surfen auf Teneriffa ist also f\u00fcr maximal 6 Personen und Sie m\u00fcssen mindestens 14 Jahre alt sein, um teilnehmen zu k\u00f6nnen. Privatunterricht ist dagegen f\u00fcr maximal 1 bis 4 Personen. Je nach Anzahl der Teilnehmer stehen verschiedene Optionen zur Verf\u00fcgung:<\/p>\n<ul>\n<li>1 Person, auch f\u00fcr Kinder ab 5 Jahren m\u00f6glich;<\/li>\n<li>2 Personen, auch f\u00fcr Kinder ab 8 Jahren m\u00f6glich;<\/li>\n<li>3 oder 4 Personen, wenn es Kinder gibt, erkundigen Sie sich bei uns nach dem Alter.<\/li>\n<\/ul>\n<h3><span style=\"font-size: 12pt;\">IN UNSERER SURFSCHULE ALLE LEKTIONEN, OB PRIVAT ODER GRUPPE, LETZTE 2 STUNDEN; UNSERE PROFESSIONELLEN LEHRER f\u00fcr das Surfen auf Teneriffa SORGEN F\u00dcR SIE W\u00c4HREND DER GANZEN ZEIT.<\/span><\/h3>\n<p>Teneriffa ist die gr\u00f6\u00dfte und bev\u00f6lkerungsreichste der Kanarischen Inseln. Es wird von Teide dominiert, einem erstaunlichen Vulkan mit einer H\u00f6he von 3718 Metern mitten auf der Insel. Seine beeindruckende H\u00f6he schafft die Voraussetzungen f\u00fcr unterschiedliche Mikroklimas. Aus diesem Grund ist die ewige Fr\u00fchlingsinsel reich an Natur und wundersch\u00f6nen Panoramen; in der Tat k\u00f6nnen Sie fabelhafte Landschaften und Abenteuer im Freien genie\u00dfen, wenn Sie Lust auf eine Pause vom Surfen auf Teneriffa haben.<\/p>\n<p>Aufgrund der besonderen Morphologie der K\u00fcste in <a href=\"https:\/\/www.google.com\/maps\/place\/Playa+de+las+Am%C3%A9ricas,+Santa+Cruz+de+Tenerife\/@28.0602668,-16.7369486,14z\/data=!3m1!4b1!4m13!1m7!3m6!1s0x0:0x539b8d18f7ade732!2sPlaya+de+las+Am%C3%A9ricas!3b1!8m2!3d28.0619679!4d-16.7341411!3m4!1s0xc6a977b76eb70ff:0x4ce595d48d20d41c!8m2!3d28.0613937!4d-16.7267972\" target=\"_blank\" rel=\"noopener\">Playa de Las Americas<\/a> ist es m\u00f6glich, die besten Wellen zu fangen. Hier finden wir mehrere Surfspots in nur einem Kilometer K\u00fcste; Sie sind nur wenige Gehminuten von allen Hotels und Resorts der Gegend entfernt. Die bekanntesten Orte f\u00fcr das Surfen auf Teneriffa sind &#8220;La Izquierda&#8221;, &#8220;El Medio&#8221;, &#8220;El Bunker&#8221;, &#8220;La Derecha&#8221;, &#8220;Piscina&#8221;, &#8220;El Dedo&#8221; und &#8220;Fitenia&#8221;. \u00dcber <a href=\"https:\/\/www.youtube.com\/watch?v=LLsgZMnv4oY\" target=\"_blank\" rel=\"noopener\">diesen Link<\/a> k\u00f6nnen Sie sich ein Video eines erfahrenen Surfers beim Wellenreiten in Playa de Las Americas ansehen, wo sich unsere Surfschule befindet.<\/p>\n<p>Teneriffa weist im Winter Nordschwellen und im Sommer S\u00fcdschwellen auf; aufgrund seiner Position ist Playa de Las Americas beiden ausgesetzt. Dies erm\u00f6glicht es, das ganze Jahr \u00fcber an diesem Ort zu surfen. Wenn wir Ihr Interesse geweckt haben und Sie Ihre Leidenschaft pflegen m\u00f6chten, wenden Sie sich an unsere Surfschule. Gerne geben wir Ihnen weitere Informationen \u00fcber das Surfen auf Teneriffa und schlagen Ihnen die beste L\u00f6sung vor, um diese fantastische Insel zu genie\u00dfen.<\/p>\n<\/div>\n<\/div>\n<\/div>\n<\/div>\n<\/div>\n<\/div>\n<p>[\/vc_column_text][\/vc_tta_section][vc_tta_section title=&#8221;ZEITPLAN UND ABHOLSERVICE&#8221; tab_id=&#8221;1577669752866-707b0c8d-67a8d056-84c1f196-9349&#8243;][vc_column_text]Ein Transportservice ist nicht verf\u00fcgbar, Sie m\u00fcssen zu unserer Schule in Playa de Las Americas kommen.<\/p>\n<p>Der Unterricht wird t\u00e4glich zu unterschiedlichen Zeiten angeboten, je nach Gezeitenstand und Seebedingungen.<\/p>\n<p><strong>Sehen Sie sich das Video an, machen Sie sich ein Bild davon und buchen Sie es jetzt!<\/strong>[\/vc_column_text][\/vc_tta_section][\/vc_tta_accordion]<style type=\"text\/css\">.thegem-button-69dd3169a4b8e4140 .gem-button svg {fill: #ffffff;}.thegem-button-69dd3169a4b8e4140 .gem-button:hover svg {fill: #312c7a;}<\/style><div class=\"gem-button-container gem-button-position-center thegem-button-69dd3169a4b8e4140    \"  ><a class=\"gem-button gem-button-size-small gem-button-style-flat gem-button-text-weight-normal\" data-ll-effect=\"drop-right-without-wrap\" style=\"border-radius: 3px;background-color: #312c7a;color: #ffffff;\" onmouseleave=\"this.style.backgroundColor='#312c7a';this.style.color='#ffffff';\" onmouseenter=\"this.style.backgroundColor='#f6eb14';this.style.color='#312c7a';\" href=\"#preise-surf\" target=\"_self\">PREISE<\/a><\/div> [\/vc_column][\/vc_row][vc_row full_width=&#8221;stretch_row_content&#8221; css=&#8221;.vc_custom_1577474711662{background-color: #312c7a !important;background-position: center !important;background-repeat: no-repeat !important;background-size: cover !important;}&#8221;][vc_column][vc_column_text css=&#8221;.vc_custom_1610146191001{background-position: center !important;background-repeat: no-repeat !important;background-size: cover !important;}&#8221; css_animation=&#8221;fadeIn&#8221;]<\/p>\n<p class=\"title-h2\" style=\"text-align: center;\"><span style=\"color: #ffffff; font-size: 18pt;\">BUCHEN SIE JETZT<\/span><\/p>\n<p>[\/vc_column_text][vc_empty_space height=&#8221;10&#8243; el_id=&#8221;preise-surf&#8221;][\/vc_column][\/vc_row]<\/p>\n<\/div>","protected":false},"excerpt":{"rendered":"<p>[vc_row full_width=&#8221;stretch_row_content_no_spaces&#8221;][vc_column][vc_column_text css=&#8221;.vc_custom_1743519736420{background-color: #F6EB14 !important;background-position: center !important;background-repeat: no-repeat !important;background-size: cover !important;}&#8221; css_animation=&#8221;fadeIn&#8221;] Surfen [\/vc_column_text][\/vc_column][\/vc_row][vc_row][vc_column][vc_column_text] Surfen auf Teneriffa, unsere Surfschule im&#8230;<\/p>\n","protected":false},"featured_media":420000,"template":"","meta":{"_acf_changed":false,"_seopress_robots_primary_cat":"2767","_seopress_titles_title":"Surfen Teneriffa, Gruppen- oder Privatunterricht in Las Americas","_seopress_titles_desc":"Unsere Surfschule in Playa Las Americas bietet Gruppen- und Privatunterricht f\u00fcr alle Niveaus. Surfen auf Teneriffa wird unvergesslich sein","_seopress_robots_index":""},"product_brand":[],"product_cat":[2767],"product_tag":[2789,2787,2785,2788,2786],"class_list":{"0":"post-101651","1":"product","2":"type-product","3":"status-publish","4":"has-post-thumbnail","6":"product_cat-wassersport","7":"product_tag-surfcamp-teneriffa","8":"product_tag-surfen-auf-teneriffa","9":"product_tag-surfen-teneriffa","10":"product_tag-surfschule-teneriffa","11":"product_tag-teneriffa-surfen","13":"first","14":"instock","15":"virtual","16":"sold-individually","17":"taxable","18":"purchasable","19":"product-type-booking"},"booking_location":"","booking_location_type":"","booking_duration":1,"booking_duration_unit":"day","booking_buffer":0,"booking_cost":0,"booking_resources":[],"acf":[],"_links":{"self":[{"href":"https:\/\/tenerife-trips.com\/de\/wp-json\/wp\/v2\/product\/101651","targetHints":{"allow":["GET"]}}],"collection":[{"href":"https:\/\/tenerife-trips.com\/de\/wp-json\/wp\/v2\/product"}],"about":[{"href":"https:\/\/tenerife-trips.com\/de\/wp-json\/wp\/v2\/types\/product"}],"wp:featuredmedia":[{"embeddable":true,"href":"https:\/\/tenerife-trips.com\/de\/wp-json\/wp\/v2\/media\/420000"}],"wp:attachment":[{"href":"https:\/\/tenerife-trips.com\/de\/wp-json\/wp\/v2\/media?parent=101651"}],"wp:term":[{"taxonomy":"product_brand","embeddable":true,"href":"https:\/\/tenerife-trips.com\/de\/wp-json\/wp\/v2\/product_brand?post=101651"},{"taxonomy":"product_cat","embeddable":true,"href":"https:\/\/tenerife-trips.com\/de\/wp-json\/wp\/v2\/product_cat?post=101651"},{"taxonomy":"product_tag","embeddable":true,"href":"https:\/\/tenerife-trips.com\/de\/wp-json\/wp\/v2\/product_tag?post=101651"}],"curies":[{"name":"wp","href":"https:\/\/api.w.org\/{rel}","templated":true}]}}