{"id":101899,"date":"2018-04-05T15:47:07","date_gmt":"2018-04-05T14:47:07","guid":{"rendered":"https:\/\/tenerife-trips.com\/?post_type=product&#038;p=101899"},"modified":"2025-12-03T11:43:47","modified_gmt":"2025-12-03T11:43:47","slug":"angeln-teneriffa","status":"publish","type":"product","link":"https:\/\/tenerife-trips.com\/de\/product\/wassersport\/angeln-teneriffa\/","title":{"rendered":"Angeln"},"content":{"rendered":"<div class=\"wpb-content-wrapper\"><p>[vc_row full_width=&#8221;stretch_row_content_no_spaces&#8221;][vc_column][vc_column_text css=&#8221;.vc_custom_1743520664487{background-color: #F6EB14 !important;background-position: center !important;background-repeat: no-repeat !important;background-size: cover !important;}&#8221; css_animation=&#8221;fadeIn&#8221;]<\/p>\n<h1 class=\"title-h2\" style=\"text-align: center;\"><span style=\"font-size: 18pt; color: #312c7a;\">Angeln<\/span><\/h1>\n<p>[\/vc_column_text][\/vc_column][\/vc_row][vc_row][vc_column][vc_column_text]<\/p>\n<p style=\"text-align: center;\"><span style=\"font-size: 14pt;\">Haben Sie eine Leidenschaft f\u00fcr das Angeln oder sind Sie nur neugierig, wie es in den Gew\u00e4ssern der <a href=\"https:\/\/de.wikipedia.org\/wiki\/Kanarische_Inseln\" target=\"_blank\" rel=\"noopener\">Kanarischen Inseln<\/a> ist? Das Angeln auf Teneriffa ist definitiv eines der besten Dinge, die man tun kann, wenn man diesen sch\u00f6nen Ort besucht. Es ist eine Aktivit\u00e4t f\u00fcr alle, Kinder und Erwachsene, Anf\u00e4nger und Experten.<\/span><\/p>\n<p style=\"text-decoration: underline; text-align: center;\"><span style=\"font-size: 14pt; color: #312c7a;\"><strong>\u21d3 Siehe weitere Beschreibung unten \u21d3<\/strong><\/span><\/p>\n<p>[\/vc_column_text][\/vc_column][\/vc_row][vc_row full_width=&#8221;stretch_row_content&#8221; full_height=&#8221;yes&#8221; css=&#8221;.vc_custom_1576192123211{background-color: #312c7a !important;background-position: center !important;background-repeat: no-repeat !important;background-size: cover !important;}&#8221;][vc_column]<div class=\"gem-vimeo gem-wrapbox gem-wrapbox-style-no-style rounded-corners gem-wrapbox-position-below\" style=\"width: 100%;\"><div class=\"gem-wrapbox-inner gem-ratio-style\" style=\"padding-top: 56.25%\"><iframe webkitallowfullscreen=\"true\" mozallowfullscreen=\"true\" allowfullscreen=\"true\" class=\"gem-wrapbox-element img-responsive\" frameborder=\"0\" scrolling=\"no\" marginheight=\"0\" marginwidth=\"0\" src=\"\/\/player.vimeo.com\/video\/397456105?title=0&amp;byline=0&amp;portrait=0 \"><\/iframe><\/div><\/div>[vc_empty_space]<div class=\"preloader\"><div class=\"preloader-spin\"><\/div><\/div> <div id=\"gem-gallery-69debd7ced1ea\" class=\"gem-gallery gem-gallery-hover-zooming-blur\"> <div class=\"gem-gallery-item\"> <div class=\"gem-gallery-item-image\"> <a href=\"https:\/\/tenerife-trips.com\/wp-content\/uploads\/2019\/12\/wedkarstwo-na-Teneryfie-scaled-thegem-gallery-sidebar.jpg\" data-fancybox-group=\"gallery-69debd7ced1ea\" data-full-image-url=\"https:\/\/tenerife-trips.com\/wp-content\/uploads\/2019\/12\/wedkarstwo-na-Teneryfie-scaled.jpg\"> <svg width=\"20\" height=\"10\"><path d=\"M 0,10 Q 9,9 10,0 Q 11,9 20,10\" \/><\/svg> <img src=\"https:\/\/tenerife-trips.com\/wp-content\/uploads\/2019\/12\/wedkarstwo-na-Teneryfie-scaled-thegem-post-thumb-small.jpg\" alt=\"\" class=\"img-responsive\"> <span class=\"gem-gallery-caption slide-info\"> <\/span> <\/a> <span class=\"gem-gallery-line\"><\/span> <\/div> <\/div> <div class=\"gem-gallery-item\"> <div class=\"gem-gallery-item-image\"> <a href=\"https:\/\/tenerife-trips.com\/wp-content\/uploads\/2019\/12\/pesca-en-Tenerife-scaled-thegem-gallery-sidebar.jpg\" data-fancybox-group=\"gallery-69debd7ced1ea\" data-full-image-url=\"https:\/\/tenerife-trips.com\/wp-content\/uploads\/2019\/12\/pesca-en-Tenerife-scaled.jpg\"> <svg width=\"20\" height=\"10\"><path d=\"M 0,10 Q 9,9 10,0 Q 11,9 20,10\" \/><\/svg> <img src=\"https:\/\/tenerife-trips.com\/wp-content\/uploads\/2019\/12\/pesca-en-Tenerife-scaled-thegem-post-thumb-small.jpg\" alt=\"\" class=\"img-responsive\"> <span class=\"gem-gallery-caption slide-info\"> <\/span> <\/a> <span class=\"gem-gallery-line\"><\/span> <\/div> <\/div> <div class=\"gem-gallery-item\"> <div class=\"gem-gallery-item-image\"> <a href=\"https:\/\/tenerife-trips.com\/wp-content\/uploads\/2018\/04\/Tenerife-Fishing-scaled-thegem-gallery-sidebar.jpg\" data-fancybox-group=\"gallery-69debd7ced1ea\" data-full-image-url=\"https:\/\/tenerife-trips.com\/wp-content\/uploads\/2018\/04\/Tenerife-Fishing-scaled.jpg\"> <svg width=\"20\" height=\"10\"><path d=\"M 0,10 Q 9,9 10,0 Q 11,9 20,10\" \/><\/svg> <img src=\"https:\/\/tenerife-trips.com\/wp-content\/uploads\/2018\/04\/Tenerife-Fishing-scaled-thegem-post-thumb-small.jpg\" alt=\"Tenerife fishing\" class=\"img-responsive\"> <span class=\"gem-gallery-caption slide-info\"> <\/span> <\/a> <span class=\"gem-gallery-line\"><\/span> <\/div> <\/div> <div class=\"gem-gallery-item\"> <div class=\"gem-gallery-item-image\"> <a href=\"https:\/\/tenerife-trips.com\/wp-content\/uploads\/2019\/12\/pesca-en-Tenerife-1-scaled-thegem-gallery-sidebar.jpg\" data-fancybox-group=\"gallery-69debd7ced1ea\" data-full-image-url=\"https:\/\/tenerife-trips.com\/wp-content\/uploads\/2019\/12\/pesca-en-Tenerife-1-scaled.jpg\"> <svg width=\"20\" height=\"10\"><path d=\"M 0,10 Q 9,9 10,0 Q 11,9 20,10\" \/><\/svg> <img src=\"https:\/\/tenerife-trips.com\/wp-content\/uploads\/2019\/12\/pesca-en-Tenerife-1-scaled-thegem-post-thumb-small.jpg\" alt=\"\" class=\"img-responsive\"> <span class=\"gem-gallery-caption slide-info\"> <\/span> <\/a> <span class=\"gem-gallery-line\"><\/span> <\/div> <\/div> <div class=\"gem-gallery-item\"> <div class=\"gem-gallery-item-image\"> <a href=\"https:\/\/tenerife-trips.com\/wp-content\/uploads\/2019\/12\/angeln-Teneriffa-1-scaled-thegem-gallery-sidebar.jpg\" data-fancybox-group=\"gallery-69debd7ced1ea\" data-full-image-url=\"https:\/\/tenerife-trips.com\/wp-content\/uploads\/2019\/12\/angeln-Teneriffa-1-scaled.jpg\"> <svg width=\"20\" height=\"10\"><path d=\"M 0,10 Q 9,9 10,0 Q 11,9 20,10\" \/><\/svg> <img src=\"https:\/\/tenerife-trips.com\/wp-content\/uploads\/2019\/12\/angeln-Teneriffa-1-scaled-thegem-post-thumb-small.jpg\" alt=\"angeln Teneriffa\" class=\"img-responsive\"> <span class=\"gem-gallery-caption slide-info\"> <\/span> <\/a> <span class=\"gem-gallery-line\"><\/span> <\/div> <\/div> <div class=\"gem-gallery-item\"> <div class=\"gem-gallery-item-image\"> <a href=\"https:\/\/tenerife-trips.com\/wp-content\/uploads\/2019\/12\/pescare-a-Tenerife-scaled-thegem-gallery-sidebar.jpg\" data-fancybox-group=\"gallery-69debd7ced1ea\" data-full-image-url=\"https:\/\/tenerife-trips.com\/wp-content\/uploads\/2019\/12\/pescare-a-Tenerife-scaled.jpg\"> <svg width=\"20\" height=\"10\"><path d=\"M 0,10 Q 9,9 10,0 Q 11,9 20,10\" \/><\/svg> <img src=\"https:\/\/tenerife-trips.com\/wp-content\/uploads\/2019\/12\/pescare-a-Tenerife-scaled-thegem-post-thumb-small.jpg\" alt=\"\" class=\"img-responsive\"> <span class=\"gem-gallery-caption slide-info\"> <\/span> <\/a> <span class=\"gem-gallery-line\"><\/span> <\/div> <\/div> <\/div>[\/vc_column][\/vc_row][vc_row full_width=&#8221;stretch_row&#8221; css=&#8221;.vc_custom_1577669794647{background-color: #312c7a !important;background-position: center !important;background-repeat: no-repeat !important;background-size: cover !important;}&#8221;][vc_column][vc_column_text css=&#8221;.vc_custom_1610120507078{background-position: center !important;background-repeat: no-repeat !important;background-size: cover !important;}&#8221; css_animation=&#8221;fadeIn&#8221;]<\/p>\n<h3 class=\"title-h2\" style=\"text-align: center;\"><span style=\"font-size: 18pt; color: #ffffff;\">BESCHREIBUNG<\/span><\/h3>\n<p>[\/vc_column_text][\/vc_column][\/vc_row][vc_row][vc_column][vc_tta_accordion style=&#8221;simple_solid&#8221; color=&#8221;blue&#8221; c_icon=&#8221;chevron&#8221; active_section=&#8221;0&#8243; collapsible_all=&#8221;true&#8221;][vc_tta_section title=&#8221;AUSFLUGSBESCHREIBUNG&#8221; tab_id=&#8221;1577669752813-9df83b3e-350fd056-84c15fe6-3fa2&#8243;][vc_column_text]<\/p>\n<div id=\"pl-2135\" class=\"panel-layout\">\n<div id=\"pg-2135-0\" class=\"panel-grid panel-no-style\">\n<div id=\"pgc-2135-0-0\" class=\"panel-grid-cell\" data-weight=\"1\">\n<div id=\"panel-2135-0-0-0\" class=\"so-panel widget widget_sow-editor panel-first-child panel-last-child\" data-style=\"{&quot;background_display&quot;:&quot;tile&quot;,&quot;featured_widgets&quot;:&quot;&quot;}\" data-index=\"0\">\n<div class=\"so-widget-sow-editor so-widget-sow-editor-base\">\n<div class=\"siteorigin-widget-tinymce textwidget\">\n<p>Unsere Boote f\u00fcr das Angeln auf Teneriffa fahren von <a href=\"https:\/\/goo.gl\/maps\/8X3qMq9YmQUGsiy96\" target=\"_blank\" rel=\"noopener\">Puerto Col\u00f3n<\/a> ab, dem Haupthafen von Costa Adeje; also haben wir 2 Boote, eines f\u00fcr maximal 7 Personen und das andere f\u00fcr maximal 10 Personen. Es ist m\u00f6glich, eine gemeinsame Reise zu unternehmen oder einen privaten Charter nur f\u00fcr Ihre Gruppe zu buchen (alle Personen k\u00f6nnen aktiv fischen).<\/p>\n<h3><span style=\"font-size: 12pt;\">Die gemeinsame reise zum Angeln auf Teneriffa dauert 4 STUNDEN; die private Charter kann 4 oder 8 Stunden dauern. Der Preis beinhaltet auch Getr\u00e4nke wie Bier, Wasser und alkoholfreie Getr\u00e4nke, die bei beiden Ausfl\u00fcgen immer verf\u00fcgbar sind. Die private Charter beinhaltet auch Sandwiches und Snacks.<\/span><\/h3>\n<p>F\u00fcr das Angeln auf Teneriffa hilft Ihnen unsere erfahrene Crew, Ihren Fang mit den besten Methoden einzuspulen. Wir sind spezialisiert auf verschiedene Techniken wie Speerfischen, Trolling, Fliegenfischen, leichtes und schweres Ger\u00e4t, Grundfischen und andere.<\/p>\n<p>Der Preis beinhaltet alle hochwertigen Ausr\u00fcstungsgegenst\u00e4nde wie K\u00f6der, Fangger\u00e4te, lebende K\u00f6der und Angelscheine. Wir haben auch Ger\u00e4te wie GPS, Fischfinder, Radar und UKW-Radio.<\/p>\n<p>Das Angeln auf Teneriffa zielt auf verschiedene Fischarten ab, zum Beispiel Thunfisch, Marlin, Wahoo, Schnapper, Zackenbarsch, Mahi Mahi, Barrakuda und andere; wir k\u00f6nnen Ihnen auch helfen, Ihren Fang bei Bedarf zu reinigen und zu filetieren.<\/p>\n<p>An Bord unseres Fischerboots finden Sie auch Toilette, Dusche, K\u00fchlschrank, TV, Soundsystem und eine Lounge zum Entspannen; Alles, was Sie mitbringen m\u00fcssen, ist Ihre Begeisterung und Ihr Wunsch, den &#8220;Gro\u00dfen&#8221; zu fangen.<\/p>\n<p><strong>MACHEN SIE IHREN TRAUM WAHR, GENIESSEN SIE IHREN URLAUB MIT DEM ANGELN AUF TENERIFFA, VERF\u00dcGBARKEIT IST BEGRENZT!<\/strong><\/p>\n<\/div>\n<\/div>\n<\/div>\n<\/div>\n<\/div>\n<\/div>\n<p>[\/vc_column_text][\/vc_tta_section][vc_tta_section title=&#8221;ZEITPLAN UND ABHOLSERVICE&#8221; tab_id=&#8221;1577669752866-707b0c8d-67a8d056-84c15fe6-3fa2&#8243;][vc_column_text]<span style=\"color: #312c7a;\">F\u00fcr das angeln auf Teneriffa steht kein Transportservice zur Verf\u00fcgung. Sie m\u00fcssen nach <a href=\"https:\/\/www.google.com\/search?q=puerto%20colon%20tenerife&amp;sa=X&amp;ved=2ahUKEwjGxNbxmLTsAhVT5eAKHV9sAn4QvS4wA3oECAsQKg&amp;biw=1280&amp;bih=578&amp;dpr=1.5&amp;npsic=0&amp;rflfq=1&amp;rlha=0&amp;rllag=28079433,-16736577,138&amp;tbm=lcl&amp;rldimm=15430252968124252743&amp;lqi=ChVwdWVydG8gY29sb24gdGVuZXJpZmVaJQoMcHVlcnRvIGNvbG9uIhVwdWVydG8gY29sb24gdGVuZXJpZmU&amp;rldoc=1&amp;tbs=lrf:!1m4!1u3!2m2!3m1!1e1!1m4!1u2!2m2!2m1!1e1!2m1!1e2!2m1!1e3!3sIAE,lf:1,lf_ui:2&amp;rlst=f#rlfi=hd:;si:15430252968124252743,l,ChVwdWVydG8gY29sb24gdGVuZXJpZmVaJQoMcHVlcnRvIGNvbG9uIhVwdWVydG8gY29sb24gdGVuZXJpZmU;mv:[[28.080022,-16.7350951],[28.077264600000003,-16.7380602]];tbs:lrf:!1m4!1u3!2m2!3m1!1e1!1m4!1u2!2m2!2m1!1e1!2m1!1e2!2m1!1e3!3sIAE,lf:1,lf_ui:2\" target=\"_blank\" rel=\"noopener\">Puerto Col\u00f3n<\/a> kommen.<\/span><\/p>\n<p><span style=\"text-decoration: underline;\"><span style=\"color: #ff0000; text-decoration: underline;\">ZEITPLAN:<\/span><\/span><\/p>\n<p>Jeden Tag um 09:00 und 14:00 Uhr<\/p>\n<p><strong>SEHEN SIE DAS VIDEO AN, ERHALTEN SIE EINE IDEE, WAS ES IST, UND BUCHEN SIE ES JETZT!<\/strong>[\/vc_column_text][\/vc_tta_section][\/vc_tta_accordion]<style type=\"text\/css\">.thegem-button-69debd7cee8729010 .gem-button svg {fill: #ffffff;}.thegem-button-69debd7cee8729010 .gem-button:hover svg {fill: #312c7a;}<\/style><div class=\"gem-button-container gem-button-position-center thegem-button-69debd7cee8729010    \"  ><a class=\"gem-button gem-button-size-small gem-button-style-flat gem-button-text-weight-normal\" data-ll-effect=\"drop-right-without-wrap\" style=\"border-radius: 3px;background-color: #312c7a;color: #ffffff;\" onmouseleave=\"this.style.backgroundColor='#312c7a';this.style.color='#ffffff';\" onmouseenter=\"this.style.backgroundColor='#f6eb14';this.style.color='#312c7a';\" href=\"#preise-fishing\" target=\"_self\">PREISE<\/a><\/div> [\/vc_column][\/vc_row][vc_row full_width=&#8221;stretch_row_content&#8221; css=&#8221;.vc_custom_1577474711662{background-color: #312c7a !important;background-position: center !important;background-repeat: no-repeat !important;background-size: cover !important;}&#8221;][vc_column][vc_column_text css=&#8221;.vc_custom_1610146191001{background-position: center !important;background-repeat: no-repeat !important;background-size: cover !important;}&#8221; css_animation=&#8221;fadeIn&#8221;]<\/p>\n<p class=\"title-h2\" style=\"text-align: center;\"><span style=\"color: #ffffff; font-size: 18pt;\">BUCHEN SIE JETZT<\/span><\/p>\n<p>[\/vc_column_text][vc_empty_space height=&#8221;10&#8243; el_id=&#8221;preise-fishing&#8221;][\/vc_column][\/vc_row]<\/p>\n<\/div>","protected":false},"excerpt":{"rendered":"<p>[vc_row full_width=&#8221;stretch_row_content_no_spaces&#8221;][vc_column][vc_column_text css=&#8221;.vc_custom_1743520664487{background-color: #F6EB14 !important;background-position: center !important;background-repeat: no-repeat !important;background-size: cover !important;}&#8221; css_animation=&#8221;fadeIn&#8221;] Angeln [\/vc_column_text][\/vc_column][\/vc_row][vc_row][vc_column][vc_column_text] Haben Sie eine Leidenschaft f\u00fcr das&#8230;<\/p>\n","protected":false},"featured_media":105396,"template":"","meta":{"_acf_changed":false,"_seopress_robots_primary_cat":"2767","_seopress_titles_title":"Angeln Teneriffa, buchen Sie bei uns und erhalten Sie Ihren Rabatt","_seopress_titles_desc":"Angeln Teneriffa, eine der besten Erfahrungen, die Sie auf der Insel machen k\u00f6nnen; schauen Sie sich unsere Angebote und Rabatte an","_seopress_robots_index":""},"product_brand":[],"product_cat":[2767],"product_tag":[2794,2790,2792,2791,2793],"class_list":{"0":"post-101899","1":"product","2":"type-product","3":"status-publish","4":"has-post-thumbnail","6":"product_cat-wassersport","7":"product_tag-angeln-auf-teneriffa","8":"product_tag-angeln-teneriffa","9":"product_tag-fischen-teneriffa","10":"product_tag-teneriffa-angeln","11":"product_tag-teneriffa-fishen","13":"first","14":"instock","15":"virtual","16":"sold-individually","17":"taxable","18":"purchasable","19":"product-type-booking"},"booking_location":"","booking_location_type":"","booking_duration":1,"booking_duration_unit":"day","booking_buffer":0,"booking_cost":0,"booking_resources":[],"acf":[],"_links":{"self":[{"href":"https:\/\/tenerife-trips.com\/de\/wp-json\/wp\/v2\/product\/101899","targetHints":{"allow":["GET"]}}],"collection":[{"href":"https:\/\/tenerife-trips.com\/de\/wp-json\/wp\/v2\/product"}],"about":[{"href":"https:\/\/tenerife-trips.com\/de\/wp-json\/wp\/v2\/types\/product"}],"wp:featuredmedia":[{"embeddable":true,"href":"https:\/\/tenerife-trips.com\/de\/wp-json\/wp\/v2\/media\/105396"}],"wp:attachment":[{"href":"https:\/\/tenerife-trips.com\/de\/wp-json\/wp\/v2\/media?parent=101899"}],"wp:term":[{"taxonomy":"product_brand","embeddable":true,"href":"https:\/\/tenerife-trips.com\/de\/wp-json\/wp\/v2\/product_brand?post=101899"},{"taxonomy":"product_cat","embeddable":true,"href":"https:\/\/tenerife-trips.com\/de\/wp-json\/wp\/v2\/product_cat?post=101899"},{"taxonomy":"product_tag","embeddable":true,"href":"https:\/\/tenerife-trips.com\/de\/wp-json\/wp\/v2\/product_tag?post=101899"}],"curies":[{"name":"wp","href":"https:\/\/api.w.org\/{rel}","templated":true}]}}