{"id":104416,"date":"2018-01-15T22:34:19","date_gmt":"2018-01-15T22:34:19","guid":{"rendered":"https:\/\/tenerife-trips.com\/?post_type=product&#038;p=104416"},"modified":"2025-12-03T11:15:18","modified_gmt":"2025-12-03T11:15:18","slug":"paragliding-teneriffa","status":"publish","type":"product","link":"https:\/\/tenerife-trips.com\/de\/product\/luftsport\/paragliding-teneriffa\/","title":{"rendered":"Paragliding"},"content":{"rendered":"<div class=\"wpb-content-wrapper\"><p>[vc_row full_width=&#8221;stretch_row_content_no_spaces&#8221;][vc_column][vc_column_text css=&#8221;.vc_custom_1743522123830{background-color: #F6EB14 !important;background-position: center !important;background-repeat: no-repeat !important;background-size: cover !important;}&#8221; css_animation=&#8221;fadeIn&#8221;]<\/p>\n<h1 class=\"title-h2\" style=\"text-align: center;\"><span style=\"font-size: 18pt; color: #312c7a;\">Paragliding<\/span><\/h1>\n<p>[\/vc_column_text][\/vc_column][\/vc_row][vc_row][vc_column][vc_column_text]<\/p>\n<p style=\"text-align: center;\">Fliegen mit dem Paragliding auf Teneriffa ist der beste Weg, um fantastische Landschaften zu genie\u00dfen. Wir werden \u00fcber die wundersch\u00f6ne K\u00fcste der Insel fliegen.<\/p>\n<p style=\"text-decoration: underline; text-align: center;\"><span style=\"font-size: 14pt; color: #312c7a;\"><strong>\u21d3 Siehe weitere Beschreibung unten \u21d3<\/strong><\/span><\/p>\n<p>[\/vc_column_text][\/vc_column][\/vc_row][vc_row full_width=&#8221;stretch_row_content&#8221; full_height=&#8221;yes&#8221; css=&#8221;.vc_custom_1576192123211{background-color: #312c7a !important;background-position: center !important;background-repeat: no-repeat !important;background-size: cover !important;}&#8221;][vc_column]<div class=\"gem-vimeo gem-wrapbox gem-wrapbox-style-no-style rounded-corners gem-wrapbox-position-below\" style=\"width: 100%;\"><div class=\"gem-wrapbox-inner gem-ratio-style\" style=\"padding-top: 56.25%\"><iframe webkitallowfullscreen=\"true\" mozallowfullscreen=\"true\" allowfullscreen=\"true\" class=\"gem-wrapbox-element img-responsive\" frameborder=\"0\" scrolling=\"no\" marginheight=\"0\" marginwidth=\"0\" src=\"\/\/player.vimeo.com\/video\/326164961?title=0&amp;byline=0&amp;portrait=0 \"><\/iframe><\/div><\/div>[vc_empty_space]<div class=\"preloader\"><div class=\"preloader-spin\"><\/div><\/div> <div id=\"gem-gallery-69e35a3436031\" class=\"gem-gallery gem-gallery-hover-zooming-blur\"> <div class=\"gem-gallery-item\"> <div class=\"gem-gallery-item-image\"> <a href=\"https:\/\/tenerife-trips.com\/wp-content\/uploads\/2019\/12\/paragliding-Teneriffa-thegem-gallery-sidebar.png\" data-fancybox-group=\"gallery-69e35a3436031\" data-full-image-url=\"https:\/\/tenerife-trips.com\/wp-content\/uploads\/2019\/12\/paragliding-Teneriffa.png\"> <svg width=\"20\" height=\"10\"><path d=\"M 0,10 Q 9,9 10,0 Q 11,9 20,10\" \/><\/svg> <img src=\"https:\/\/tenerife-trips.com\/wp-content\/uploads\/2019\/12\/paragliding-Teneriffa-thegem-post-thumb-small.png\" alt=\"\" class=\"img-responsive\"> <span class=\"gem-gallery-caption slide-info\"> <\/span> <\/a> <span class=\"gem-gallery-line\"><\/span> <\/div> <\/div> <div class=\"gem-gallery-item\"> <div class=\"gem-gallery-item-image\"> <a href=\"https:\/\/tenerife-trips.com\/wp-content\/uploads\/2018\/01\/paragliding-Tenerife-1-scaled-thegem-gallery-sidebar.jpg\" data-fancybox-group=\"gallery-69e35a3436031\" data-full-image-url=\"https:\/\/tenerife-trips.com\/wp-content\/uploads\/2018\/01\/paragliding-Tenerife-1-scaled.jpg\"> <svg width=\"20\" height=\"10\"><path d=\"M 0,10 Q 9,9 10,0 Q 11,9 20,10\" \/><\/svg> <img src=\"https:\/\/tenerife-trips.com\/wp-content\/uploads\/2018\/01\/paragliding-Tenerife-1-scaled-thegem-post-thumb-small.jpg\" alt=\"paragliding Tenerife\" class=\"img-responsive\"> <span class=\"gem-gallery-caption slide-info\"> <\/span> <\/a> <span class=\"gem-gallery-line\"><\/span> <\/div> <\/div> <div class=\"gem-gallery-item\"> <div class=\"gem-gallery-item-image\"> <a href=\"https:\/\/tenerife-trips.com\/wp-content\/uploads\/2018\/01\/paragliding-Tenerife-scaled-thegem-gallery-sidebar.png\" data-fancybox-group=\"gallery-69e35a3436031\" data-full-image-url=\"https:\/\/tenerife-trips.com\/wp-content\/uploads\/2018\/01\/paragliding-Tenerife-scaled.png\"> <svg width=\"20\" height=\"10\"><path d=\"M 0,10 Q 9,9 10,0 Q 11,9 20,10\" \/><\/svg> <img src=\"https:\/\/tenerife-trips.com\/wp-content\/uploads\/2018\/01\/paragliding-Tenerife-scaled-thegem-post-thumb-small.png\" alt=\"paragliding Tenerife\" class=\"img-responsive\"> <span class=\"gem-gallery-caption slide-info\"> <\/span> <\/a> <span class=\"gem-gallery-line\"><\/span> <\/div> <\/div> <div class=\"gem-gallery-item\"> <div class=\"gem-gallery-item-image\"> <a href=\"https:\/\/tenerife-trips.com\/wp-content\/uploads\/2018\/01\/paragliding-Tenerife-scaled-thegem-gallery-sidebar.jpg\" data-fancybox-group=\"gallery-69e35a3436031\" data-full-image-url=\"https:\/\/tenerife-trips.com\/wp-content\/uploads\/2018\/01\/paragliding-Tenerife-scaled.jpg\"> <svg width=\"20\" height=\"10\"><path d=\"M 0,10 Q 9,9 10,0 Q 11,9 20,10\" \/><\/svg> <img src=\"https:\/\/tenerife-trips.com\/wp-content\/uploads\/2018\/01\/paragliding-Tenerife-scaled-thegem-post-thumb-small.jpg\" alt=\"paragliding Tenerife\" class=\"img-responsive\"> <span class=\"gem-gallery-caption slide-info\"> <\/span> <\/a> <span class=\"gem-gallery-line\"><\/span> <\/div> <\/div> <div class=\"gem-gallery-item\"> <div class=\"gem-gallery-item-image\"> <a href=\"https:\/\/tenerife-trips.com\/wp-content\/uploads\/2019\/12\/parapente-Tenerife-scaled-thegem-gallery-sidebar.jpg\" data-fancybox-group=\"gallery-69e35a3436031\" data-full-image-url=\"https:\/\/tenerife-trips.com\/wp-content\/uploads\/2019\/12\/parapente-Tenerife-scaled.jpg\"> <svg width=\"20\" height=\"10\"><path d=\"M 0,10 Q 9,9 10,0 Q 11,9 20,10\" \/><\/svg> <img src=\"https:\/\/tenerife-trips.com\/wp-content\/uploads\/2019\/12\/parapente-Tenerife-scaled-thegem-post-thumb-small.jpg\" alt=\"parapente Tenerife\" class=\"img-responsive\"> <span class=\"gem-gallery-caption slide-info\"> <\/span> <\/a> <span class=\"gem-gallery-line\"><\/span> <\/div> <\/div> <div class=\"gem-gallery-item\"> <div class=\"gem-gallery-item-image\"> <a href=\"https:\/\/tenerife-trips.com\/wp-content\/uploads\/2019\/12\/paragliding-Tenerife-1-thegem-gallery-sidebar.png\" data-fancybox-group=\"gallery-69e35a3436031\" data-full-image-url=\"https:\/\/tenerife-trips.com\/wp-content\/uploads\/2019\/12\/paragliding-Tenerife-1.png\"> <svg width=\"20\" height=\"10\"><path d=\"M 0,10 Q 9,9 10,0 Q 11,9 20,10\" \/><\/svg> <img src=\"https:\/\/tenerife-trips.com\/wp-content\/uploads\/2019\/12\/paragliding-Tenerife-1-thegem-post-thumb-small.png\" alt=\"\" class=\"img-responsive\"> <span class=\"gem-gallery-caption slide-info\"> <\/span> <\/a> <span class=\"gem-gallery-line\"><\/span> <\/div> <\/div> <div class=\"gem-gallery-item\"> <div class=\"gem-gallery-item-image\"> <a href=\"https:\/\/tenerife-trips.com\/wp-content\/uploads\/2019\/12\/parapente-Tenerife-thegem-gallery-sidebar.png\" data-fancybox-group=\"gallery-69e35a3436031\" data-full-image-url=\"https:\/\/tenerife-trips.com\/wp-content\/uploads\/2019\/12\/parapente-Tenerife.png\"> <svg width=\"20\" height=\"10\"><path d=\"M 0,10 Q 9,9 10,0 Q 11,9 20,10\" \/><\/svg> <img src=\"https:\/\/tenerife-trips.com\/wp-content\/uploads\/2019\/12\/parapente-Tenerife-thegem-post-thumb-small.png\" alt=\"\" class=\"img-responsive\"> <span class=\"gem-gallery-caption slide-info\"> <\/span> <\/a> <span class=\"gem-gallery-line\"><\/span> <\/div> <\/div> <div class=\"gem-gallery-item\"> <div class=\"gem-gallery-item-image\"> <a href=\"https:\/\/tenerife-trips.com\/wp-content\/uploads\/2019\/12\/paralotnia-Teneryfa-thegem-gallery-sidebar.png\" data-fancybox-group=\"gallery-69e35a3436031\" data-full-image-url=\"https:\/\/tenerife-trips.com\/wp-content\/uploads\/2019\/12\/paralotnia-Teneryfa.png\"> <svg width=\"20\" height=\"10\"><path d=\"M 0,10 Q 9,9 10,0 Q 11,9 20,10\" \/><\/svg> <img src=\"https:\/\/tenerife-trips.com\/wp-content\/uploads\/2019\/12\/paralotnia-Teneryfa-thegem-post-thumb-small.png\" alt=\"\" class=\"img-responsive\"> <span class=\"gem-gallery-caption slide-info\"> <\/span> <\/a> <span class=\"gem-gallery-line\"><\/span> <\/div> <\/div> <div class=\"gem-gallery-item\"> <div class=\"gem-gallery-item-image\"> <a href=\"https:\/\/tenerife-trips.com\/wp-content\/uploads\/2019\/12\/paragliding-Tenerife-2-thegem-gallery-sidebar.png\" data-fancybox-group=\"gallery-69e35a3436031\" data-full-image-url=\"https:\/\/tenerife-trips.com\/wp-content\/uploads\/2019\/12\/paragliding-Tenerife-2.png\"> <svg width=\"20\" height=\"10\"><path d=\"M 0,10 Q 9,9 10,0 Q 11,9 20,10\" \/><\/svg> <img src=\"https:\/\/tenerife-trips.com\/wp-content\/uploads\/2019\/12\/paragliding-Tenerife-2-thegem-post-thumb-small.png\" alt=\"\" class=\"img-responsive\"> <span class=\"gem-gallery-caption slide-info\"> <\/span> <\/a> <span class=\"gem-gallery-line\"><\/span> <\/div> <\/div> <div class=\"gem-gallery-item\"> <div class=\"gem-gallery-item-image\"> <a href=\"https:\/\/tenerife-trips.com\/wp-content\/uploads\/2019\/12\/parapendio-Tenerife-scaled-thegem-gallery-sidebar.jpg\" data-fancybox-group=\"gallery-69e35a3436031\" data-full-image-url=\"https:\/\/tenerife-trips.com\/wp-content\/uploads\/2019\/12\/parapendio-Tenerife-scaled.jpg\"> <svg width=\"20\" height=\"10\"><path d=\"M 0,10 Q 9,9 10,0 Q 11,9 20,10\" \/><\/svg> <img src=\"https:\/\/tenerife-trips.com\/wp-content\/uploads\/2019\/12\/parapendio-Tenerife-scaled-thegem-post-thumb-small.jpg\" alt=\"parapendio Tenerife\" class=\"img-responsive\"> <span class=\"gem-gallery-caption slide-info\"> <\/span> <\/a> <span class=\"gem-gallery-line\"><\/span> <\/div> <\/div> <div class=\"gem-gallery-item\"> <div class=\"gem-gallery-item-image\"> <a href=\"https:\/\/tenerife-trips.com\/wp-content\/uploads\/2019\/12\/paratrike-scaled-thegem-gallery-sidebar.png\" data-fancybox-group=\"gallery-69e35a3436031\" data-full-image-url=\"https:\/\/tenerife-trips.com\/wp-content\/uploads\/2019\/12\/paratrike-scaled.png\"> <svg width=\"20\" height=\"10\"><path d=\"M 0,10 Q 9,9 10,0 Q 11,9 20,10\" \/><\/svg> <img src=\"https:\/\/tenerife-trips.com\/wp-content\/uploads\/2019\/12\/paratrike-scaled-thegem-post-thumb-small.png\" alt=\"\" class=\"img-responsive\"> <span class=\"gem-gallery-caption slide-info\"> <\/span> <\/a> <span class=\"gem-gallery-line\"><\/span> <\/div> <\/div> <\/div>[vc_empty_space][\/vc_column][\/vc_row][vc_row full_width=&#8221;stretch_row&#8221; css=&#8221;.vc_custom_1577671222333{background-color: #312c7a !important;background-position: center !important;background-repeat: no-repeat !important;background-size: cover !important;}&#8221;][vc_column][vc_column_text]<\/p>\n<h3 style=\"text-align: center;\"><span style=\"color: #ffffff; font-size: 18pt;\">BESCHREIBUNG<\/span><\/h3>\n<p>[\/vc_column_text][\/vc_column][\/vc_row][vc_row][vc_column][vc_tta_accordion style=&#8221;simple_solid&#8221; color=&#8221;blue&#8221; c_icon=&#8221;chevron&#8221; active_section=&#8221;-0&#8243; collapsible_all=&#8221;true&#8221;][vc_tta_section title=&#8221;AUSFLUGSBESCHREIBUNG&#8221; tab_id=&#8221;1577671091617-0af8eee0-9402b46f-d7d2&#8243;][vc_column_text css=&#8221;&#8221;]Fliegen mit dem Gleitschirmfliegen auf Teneriffa ist der beste Weg, um fantastische Landschaften zu genie\u00dfen. Wir werden \u00fcber die wundersch\u00f6ne K\u00fcste der Insel fliegen.<\/p>\n<p>Wenn Sie sich in <a href=\"https:\/\/goo.gl\/maps\/etXojLdM5LTDYsZ96\" target=\"_blank\" rel=\"noopener\">Costa Adeje<\/a> oder in <a href=\"https:\/\/goo.gl\/maps\/hvBeeBimkfz5CJS4A\" target=\"_blank\" rel=\"noopener\">Puerto de la Cruz<\/a> aufhalten, schauen Sie einfach nach oben und sehen Sie, wie viele Gleitschirme in den Himmel fliegen. Teneriffa ist in der Tat von Menschen bekannt, die sich f\u00fcr diesen Sport begeistern. Sie w\u00e4hlen die Insel wegen ihres guten Wetters das ganze Jahr \u00fcber, was sie zu einem perfekten Ort zum \u00dcben macht.<\/p>\n<h3><span style=\"font-size: 12pt;\">SIE BRAUCHEN KEINE ERFAHRUNG, UM DAS PARAGLIDING auf TENERIFfa ZU genie\u00dfen; Vor allem braucht man ein bisschen Lebenslust und den Willen, etwas Aufregendes auszuprobieren.<\/span><\/h3>\n<p>Als erstes holen wir Sie von Ihrer Unterkunft ab. Wir bieten diesen Service im S\u00fcden (Los Cristianos, Playa de Las Americas, Costa Adeje) oder von Puerto de la Cruz aus an. Danach bringen wir Sie zum Startpunkt. Wenn wir in den S\u00fcden fliegen, befindet sich dieser in den Bergen hinter der Stadt Adeje, 15 Minuten von Los Cristianos und Playa de Las Americas entfernt (der Flug mit dem Paratrike startet von einem Startplatz in Costa Adeje). Wenn der Flug im Norden durchgef\u00fchrt wird, starten wir von verschiedenen Startpl\u00e4tzen (je nach Wind) in der Gegend von Valle de la Orotava\/Los Realejos.<\/p>\n<p>Hier erkl\u00e4rt Ihnen unser erfahrener Instruktor die grundlegenden Sicherheitsregeln, bevor Sie loslegen und mit dem Gleitschirmfliegen auf Teneriffa beginnen; jetzt ist alles klar, \u00f6ffnen wir das Segel \u00fcber Ihrem Kopf, rennen los und verlassen den Boden!<\/p>\n<p>Wie Sie im obigen Video sehen k\u00f6nnen, ist das Panorama, das Sie beim Fliegen bewundern werden, fantastisch. Hinter Ihnen liegen die Berge und der majest\u00e4tische Gipfel des Teide, w\u00e4hrend vor Ihnen die sonnige K\u00fcste mit ihren Str\u00e4nden, Buchten, Golfpl\u00e4tzen und Luxushotels liegt; dar\u00fcber hinaus erstellt der Kursleiter einen professionellen Videospeicher, den Sie bei Interesse am Ende erhalten k\u00f6nnen.<\/p>\n<p>F\u00fcr das Gleitschirmfliegen auf Teneriffa stehen 5 Flugarten zur Verf\u00fcgung:<\/p>\n<ol>\n<li><span style=\"text-decoration: underline;\">Standard<\/span>: dieser Flug erreicht eine H\u00f6he von 700-900 Metern und dauert 10-20 Minuten. Im S\u00fcden durchgef\u00fchrt, Landung in Costa Adeje.<\/li>\n<li><span style=\"text-decoration: underline;\">Empfohlen<\/span>: dieser Flug erreicht eine H\u00f6he von 700-1100 Metern und dauert 20-25 Minuten. Im S\u00fcden durchgef\u00fchrt, Landung in Costa Adeje.<\/li>\n<li><span style=\"text-decoration: underline;\">Performance:<\/span> dieser Flug erreicht eine H\u00f6he von 700\u20131300\u00a0Metern und dauert 25\u201330\u00a0Minuten. Im S\u00fcden durchgef\u00fchrt, Landung in Costa Adeje.<\/li>\n<li><u>Nordk\u00fcste<\/u>: dieser Flug startet von verschiedenen Startpl\u00e4tzen (je nach Wind) im Gebiet Valle de la Orotava\/Los Realejos und dauert 25-35 Minuten. Landung in Puerto de la Cruz (normalerweise), Las Caletillas oder Puertito de G\u00fc\u00edmar (abh\u00e4ngig vom Wind).<\/li>\n<li><span style=\"text-decoration: underline;\">Paratrike (Motor)<\/span>: es startet von einem Startplatz in Costa Adeje (s\u00fcdlich von Teneriffa) und fliegt normalerweise in niedriger H\u00f6he \u00fcber der K\u00fcste. Die Dauer des Fluges betr\u00e4gt etwa 20 Minuten.<\/li>\n<\/ol>\n<p><strong><span style=\"color: #ff0000;\">Die Gewichtsgrenze liegt bei etwa 100\/110 kg (120 kg f\u00fcr das Paratrike). Bitte teilen Sie uns Ihr genaues Gewicht und Ihre k\u00f6rperliche Verfassung mit, um zu sehen, ob der Flug m\u00f6glich ist.<\/span><\/strong><\/p>\n<h3><span style=\"font-size: 12pt;\">BUCHEN SIE JETZT DAS PARAGLIDING TENERIFfa UND machen SIE EINE UNVERGESSLICHE ERFAHRUNG!<\/span><\/h3>\n<p>[\/vc_column_text][\/vc_tta_section][vc_tta_section title=&#8221;ZEITPLAN UND ABHOLSERVICE&#8221; tab_id=&#8221;1577671091666-736a5870-75e3b46f-d7d2&#8243;][vc_column_text css=&#8221;&#8221;]F\u00fcr das Paragliding auf Teneriffa der Abholservice ist aus dem S\u00fcden (Los Cristianos, Playa de Las Americas, Costa Adeje) und aus Puerto de la Cruz verf\u00fcgbar. Bitte setzen Sie sich vor der Buchung mit uns in Verbindung, um die Verf\u00fcgbarkeit von Transportmitteln aus Ihrer Region zu pr\u00fcfen.<\/p>\n<p><span style=\"text-decoration: underline;\"><span style=\"color: #ff0000; text-decoration: underline;\">ZEITPLAN:<\/span><\/span><\/p>\n<p>Jeden Tag. Bitte fragen Sie unseren Kundensupport nach verf\u00fcgbaren Zeiten.<\/p>\n<p><strong>SEHEN SIE DAS VIDEO AN, ERHALTEN SIE EINE IDEE, WAS ES IST, UND BUCHEN SIE ES JETZT!<\/strong>[\/vc_column_text][\/vc_tta_section][\/vc_tta_accordion]<style type=\"text\/css\">.thegem-button-69e35a3437a114332 .gem-button svg {fill: #ffffff;}.thegem-button-69e35a3437a114332 .gem-button:hover svg {fill: #312c7a;}<\/style><div class=\"gem-button-container gem-button-position-center thegem-button-69e35a3437a114332    \"  ><a class=\"gem-button gem-button-size-small gem-button-style-flat gem-button-text-weight-normal\" data-ll-effect=\"drop-right-without-wrap\" style=\"border-radius: 3px;background-color: #312c7a;color: #ffffff;\" onmouseleave=\"this.style.backgroundColor='#312c7a';this.style.color='#ffffff';\" onmouseenter=\"this.style.backgroundColor='#f6eb14';this.style.color='#312c7a';\" href=\"#preise-paragliding\" target=\"_self\">PREISE<\/a><\/div> [\/vc_column][\/vc_row][vc_row full_width=&#8221;stretch_row_content&#8221; css=&#8221;.vc_custom_1577476060002{background-color: #312c7a !important;background-position: center !important;background-repeat: no-repeat !important;background-size: cover !important;}&#8221;][vc_column][vc_column_text]<\/p>\n<h3 style=\"text-align: center;\"><strong><span style=\"font-size: 18pt; color: #ffffff;\">buchen Sie jetzt<\/span><\/strong><\/h3>\n<p>[\/vc_column_text][vc_empty_space height=&#8221;10px&#8221; el_id=&#8221;preise-paragliding&#8221;][\/vc_column][\/vc_row]<\/p>\n<\/div>","protected":false},"excerpt":{"rendered":"<p>[vc_row full_width=&#8221;stretch_row_content_no_spaces&#8221;][vc_column][vc_column_text css=&#8221;.vc_custom_1743522123830{background-color: #F6EB14 !important;background-position: center !important;background-repeat: no-repeat !important;background-size: cover !important;}&#8221; css_animation=&#8221;fadeIn&#8221;] Paragliding [\/vc_column_text][\/vc_column][\/vc_row][vc_row][vc_column][vc_column_text] Fliegen mit dem Paragliding auf Teneriffa&#8230;<\/p>\n","protected":false},"featured_media":378187,"template":"","meta":{"_acf_changed":false,"_seopress_robots_primary_cat":"0","_seopress_titles_title":"Paragliding Teneriffa, das aufregendste Erlebnis der Insel","_seopress_titles_desc":"Paragliding Teneriffa, fliegen Sie gemeinsam mit unserem erfahrenen Instruktor \u00fcber die Costa Adeje; genie\u00dfen Sie Ihren Urlaub auf der Insel","_seopress_robots_index":""},"product_brand":[],"product_cat":[2768],"product_tag":[2795,2796,2797],"class_list":{"0":"post-104416","1":"product","2":"type-product","3":"status-publish","4":"has-post-thumbnail","6":"product_cat-luftsport","7":"product_tag-gleitschirmfliegen-teneriffa","8":"product_tag-paragliding-teneriffa","9":"product_tag-teneriffa-paragliding","11":"first","12":"instock","13":"virtual","14":"sold-individually","15":"taxable","16":"purchasable","17":"product-type-booking"},"booking_location":"","booking_location_type":"","booking_duration":1,"booking_duration_unit":"hour","booking_buffer":0,"booking_cost":0,"booking_resources":[],"acf":[],"_links":{"self":[{"href":"https:\/\/tenerife-trips.com\/de\/wp-json\/wp\/v2\/product\/104416","targetHints":{"allow":["GET"]}}],"collection":[{"href":"https:\/\/tenerife-trips.com\/de\/wp-json\/wp\/v2\/product"}],"about":[{"href":"https:\/\/tenerife-trips.com\/de\/wp-json\/wp\/v2\/types\/product"}],"wp:featuredmedia":[{"embeddable":true,"href":"https:\/\/tenerife-trips.com\/de\/wp-json\/wp\/v2\/media\/378187"}],"wp:attachment":[{"href":"https:\/\/tenerife-trips.com\/de\/wp-json\/wp\/v2\/media?parent=104416"}],"wp:term":[{"taxonomy":"product_brand","embeddable":true,"href":"https:\/\/tenerife-trips.com\/de\/wp-json\/wp\/v2\/product_brand?post=104416"},{"taxonomy":"product_cat","embeddable":true,"href":"https:\/\/tenerife-trips.com\/de\/wp-json\/wp\/v2\/product_cat?post=104416"},{"taxonomy":"product_tag","embeddable":true,"href":"https:\/\/tenerife-trips.com\/de\/wp-json\/wp\/v2\/product_tag?post=104416"}],"curies":[{"name":"wp","href":"https:\/\/api.w.org\/{rel}","templated":true}]}}