{"id":104636,"date":"2019-12-09T17:34:32","date_gmt":"2019-12-09T17:34:32","guid":{"rendered":"https:\/\/tenerife-trips.com\/?post_type=product&#038;p=104636"},"modified":"2025-12-03T11:28:03","modified_gmt":"2025-12-03T11:28:03","slug":"parasailing-teneriffa","status":"publish","type":"product","link":"https:\/\/tenerife-trips.com\/de\/product\/luftsport\/parasailing-teneriffa\/","title":{"rendered":"Parasailing"},"content":{"rendered":"<div class=\"wpb-content-wrapper\"><p>[vc_row full_width=&#8221;stretch_row_content_no_spaces&#8221;][vc_column][vc_column_text css=&#8221;.vc_custom_1743519945870{background-color: #F6EB14 !important;background-position: center !important;background-repeat: no-repeat !important;background-size: cover !important;}&#8221; css_animation=&#8221;fadeIn&#8221;]<\/p>\n<h1 class=\"title-h2\" style=\"text-align: center;\"><span style=\"font-size: 18pt; color: #312c7a;\">Parasailing<\/span><\/h1>\n<p>[\/vc_column_text][\/vc_column][\/vc_row][vc_row][vc_column][vc_column_text]<\/p>\n<p style=\"text-align: center;\">Das Parasailing Teneriffa ist einer der besten Luftsportarten der Insel. Das Klima hier ist das ganze Jahr \u00fcber warm, so dass es m\u00f6glich ist, diese Aktivit\u00e4t zu jeder Jahreszeit zu \u00fcben.<\/p>\n<p style=\"text-decoration: underline; text-align: center;\"><span style=\"font-size: 14pt; color: #312c7a;\"><strong>\u21d3 Siehe weitere Beschreibung unten \u21d3<\/strong><\/span><\/p>\n<p>[\/vc_column_text][\/vc_column][\/vc_row][vc_row full_width=&#8221;stretch_row_content&#8221; full_height=&#8221;yes&#8221; css=&#8221;.vc_custom_1576192123211{background-color: #312c7a !important;background-position: center !important;background-repeat: no-repeat !important;background-size: cover !important;}&#8221;][vc_column]<div class=\"gem-vimeo gem-wrapbox gem-wrapbox-style-no-style rounded-corners gem-wrapbox-position-below\" style=\"width: 100%;\"><div class=\"gem-wrapbox-inner gem-ratio-style\" style=\"padding-top: 56.25%\"><iframe webkitallowfullscreen=\"true\" mozallowfullscreen=\"true\" allowfullscreen=\"true\" class=\"gem-wrapbox-element img-responsive\" frameborder=\"0\" scrolling=\"no\" marginheight=\"0\" marginwidth=\"0\" src=\"\/\/player.vimeo.com\/video\/326803081?title=0&amp;byline=0&amp;portrait=0 \"><\/iframe><\/div><\/div>[vc_empty_space]<div class=\"preloader\"><div class=\"preloader-spin\"><\/div><\/div> <div id=\"gem-gallery-69d79c877885c\" class=\"gem-gallery gem-gallery-hover-zooming-blur\"> <div class=\"gem-gallery-item\"> <div class=\"gem-gallery-item-image\"> <a href=\"https:\/\/tenerife-trips.com\/wp-content\/uploads\/2019\/12\/f-thegem-gallery-sidebar.jpg\" data-fancybox-group=\"gallery-69d79c877885c\" data-full-image-url=\"https:\/\/tenerife-trips.com\/wp-content\/uploads\/2019\/12\/f.jpg\"> <svg width=\"20\" height=\"10\"><path d=\"M 0,10 Q 9,9 10,0 Q 11,9 20,10\" \/><\/svg> <img src=\"https:\/\/tenerife-trips.com\/wp-content\/uploads\/2019\/12\/f-thegem-post-thumb-small.jpg\" alt=\"parasailing en Tenerife\" class=\"img-responsive\"> <span class=\"gem-gallery-caption slide-info\"> <\/span> <\/a> <span class=\"gem-gallery-line\"><\/span> <\/div> <\/div> <div class=\"gem-gallery-item\"> <div class=\"gem-gallery-item-image\"> <a href=\"https:\/\/tenerife-trips.com\/wp-content\/uploads\/2019\/12\/a-thegem-gallery-sidebar.jpg\" data-fancybox-group=\"gallery-69d79c877885c\" data-full-image-url=\"https:\/\/tenerife-trips.com\/wp-content\/uploads\/2019\/12\/a.jpg\"> <svg width=\"20\" height=\"10\"><path d=\"M 0,10 Q 9,9 10,0 Q 11,9 20,10\" \/><\/svg> <img src=\"https:\/\/tenerife-trips.com\/wp-content\/uploads\/2019\/12\/a-thegem-post-thumb-small.jpg\" alt=\"\" class=\"img-responsive\"> <span class=\"gem-gallery-caption slide-info\"> <\/span> <\/a> <span class=\"gem-gallery-line\"><\/span> <\/div> <\/div> <div class=\"gem-gallery-item\"> <div class=\"gem-gallery-item-image\"> <a href=\"https:\/\/tenerife-trips.com\/wp-content\/uploads\/2019\/12\/c-thegem-gallery-sidebar.jpg\" data-fancybox-group=\"gallery-69d79c877885c\" data-full-image-url=\"https:\/\/tenerife-trips.com\/wp-content\/uploads\/2019\/12\/c.jpg\"> <svg width=\"20\" height=\"10\"><path d=\"M 0,10 Q 9,9 10,0 Q 11,9 20,10\" \/><\/svg> <img src=\"https:\/\/tenerife-trips.com\/wp-content\/uploads\/2019\/12\/c-thegem-post-thumb-small.jpg\" alt=\"parasailing na Teneryfie\" class=\"img-responsive\"> <span class=\"gem-gallery-caption slide-info\"> <\/span> <\/a> <span class=\"gem-gallery-line\"><\/span> <\/div> <\/div> <div class=\"gem-gallery-item\"> <div class=\"gem-gallery-item-image\"> <a href=\"https:\/\/tenerife-trips.com\/wp-content\/uploads\/2019\/12\/e-thegem-gallery-sidebar.jpg\" data-fancybox-group=\"gallery-69d79c877885c\" data-full-image-url=\"https:\/\/tenerife-trips.com\/wp-content\/uploads\/2019\/12\/e.jpg\"> <svg width=\"20\" height=\"10\"><path d=\"M 0,10 Q 9,9 10,0 Q 11,9 20,10\" \/><\/svg> <img src=\"https:\/\/tenerife-trips.com\/wp-content\/uploads\/2019\/12\/e-thegem-post-thumb-small.jpg\" alt=\"parasailing in Tenerife\" class=\"img-responsive\"> <span class=\"gem-gallery-caption slide-info\"> <\/span> <\/a> <span class=\"gem-gallery-line\"><\/span> <\/div> <\/div> <div class=\"gem-gallery-item\"> <div class=\"gem-gallery-item-image\"> <a href=\"https:\/\/tenerife-trips.com\/wp-content\/uploads\/2019\/12\/d-thegem-gallery-sidebar.jpg\" data-fancybox-group=\"gallery-69d79c877885c\" data-full-image-url=\"https:\/\/tenerife-trips.com\/wp-content\/uploads\/2019\/12\/d.jpg\"> <svg width=\"20\" height=\"10\"><path d=\"M 0,10 Q 9,9 10,0 Q 11,9 20,10\" \/><\/svg> <img src=\"https:\/\/tenerife-trips.com\/wp-content\/uploads\/2019\/12\/d-thegem-post-thumb-small.jpg\" alt=\"parasailing na Teneryfie\" class=\"img-responsive\"> <span class=\"gem-gallery-caption slide-info\"> <\/span> <\/a> <span class=\"gem-gallery-line\"><\/span> <\/div> <\/div> <\/div>[\/vc_column][\/vc_row][vc_row full_width=&#8221;stretch_row&#8221; css=&#8221;.vc_custom_1577669794647{background-color: #312c7a !important;background-position: center !important;background-repeat: no-repeat !important;background-size: cover !important;}&#8221;][vc_column][vc_column_text css=&#8221;.vc_custom_1610120507078{background-position: center !important;background-repeat: no-repeat !important;background-size: cover !important;}&#8221; css_animation=&#8221;fadeIn&#8221;]<\/p>\n<h3 class=\"title-h2\" style=\"text-align: center;\"><span style=\"font-size: 18pt; color: #ffffff;\">BESCHREIBUNG<\/span><\/h3>\n<p>[\/vc_column_text][\/vc_column][\/vc_row][vc_row][vc_column][vc_tta_accordion style=&#8221;simple_solid&#8221; color=&#8221;blue&#8221; c_icon=&#8221;chevron&#8221; active_section=&#8221;0&#8243; collapsible_all=&#8221;true&#8221;][vc_tta_section title=&#8221;AUSFLUGSBESCHREIBUNG&#8221; tab_id=&#8221;1577669752813-9df83b3e-350fd056-84c1f93e-5936&#8243;][vc_column_text]<\/p>\n<div id=\"pl-2135\" class=\"panel-layout\">\n<div id=\"pg-2135-0\" class=\"panel-grid panel-no-style\">\n<div id=\"pgc-2135-0-0\" class=\"panel-grid-cell\" data-weight=\"1\">\n<div id=\"panel-2135-0-0-0\" class=\"so-panel widget widget_sow-editor panel-first-child panel-last-child\" data-style=\"{&quot;background_display&quot;:&quot;tile&quot;,&quot;featured_widgets&quot;:&quot;&quot;}\" data-index=\"0\">\n<div class=\"so-widget-sow-editor so-widget-sow-editor-base\">\n<div class=\"siteorigin-widget-tinymce textwidget\">\n<p>Erstens k\u00f6nnen wir sagen, dass das Parasailing Teneriffa im Wesentlichen aus einem Fallschirm besteht, der durch ein langes Seil mit einem Boot verbunden ist; w\u00e4hrend sich das Boot vorw\u00e4rts bewegt, heben Sie in die Luft und erreichen je nach Wetterbedingungen eine H\u00f6he von maximal 30 Metern (siehe Video oben). Wenn Sie \u00fcber den Ozean fliegen, k\u00f6nnen Sie einen fantastischen Blick auf die K\u00fcste und die Berge einschlie\u00dflich des Gipfels des Teide genie\u00dfen.<\/p>\n<h3><span style=\"font-size: 12pt;\">BEVOR SIE BEGINNEN, ERKL\u00c4REN WIR IHRE GRUNDLEGENDEN SICHERHEITSBESTIMMUNGEN, DIE SIE W\u00c4HREND DES PARASAILING auf TENERIFfa BEFOLGEN M\u00dcSSEN. Dann steigen wir an Bord des Speedboots und verlassen den Hafen. Wenn wir ungef\u00e4hr 200 Meter vom Ufer entfernt sind, \u00f6ffnen wir den Fallschirm und lassen Sie fliegen.<\/span><\/h3>\n<p>Wind spielt eine gro\u00dfe Rolle und wenn es zu stark ist, macht es die Dinge schwierig; gl\u00fccklicherweise sind die Gebiete Playa de Las Americas und Los Cristianos vor den Passatwinden gesch\u00fctzt, die auf den <a href=\"https:\/\/de.wikipedia.org\/wiki\/Kanarische_Inseln\" target=\"_blank\" rel=\"noopener\">Kanarischen Inseln<\/a> wehen. Das liegt an den 2000 Meter hohen Bergen im Zentrum von Teneriffa; dies bedeutet, dass das Gebiet besonders gut f\u00fcr das Parasailing auf Teneriffa und den Luftsport im Allgemeinen geeignet ist.<\/p>\n<p>Die Erfahrung dauert ungef\u00e4hr 30 Minuten, davon 10 in der Luft; Sie haben die Wahl, auf der Startplattform zu landen oder sich im k\u00fchlen Wasser des Atlantischen Ozeans zu erfrischen.<\/p>\n<h3><span style=\"text-decoration: underline; color: #ff0000;\"><span style=\"font-size: 12pt;\">F\u00dcR DIE PARASAILING auf TENERIFfa M\u00dcSSEN KINDER MINDESTENS 3 JAHRE ALT SEIN UND M\u00dcSSEN VON EINEM ERWACHSENEN BEGLEITET WERDEN; Die Summe der Gewichte der fliegenden Personen sollte 250 kg nicht \u00fcberschreiten. Allerdings wirken sich auch die Wetterbedingungen aus, je st\u00e4rker der Wind, desto mehr Gewicht kann der Fallschirm tragen. Bei den richtigen Bedingungen ist es daher m\u00f6glich, dass zwei Erwachsene und ein Kind zusammen fliegen.<\/span><\/span><\/h3>\n<\/div>\n<\/div>\n<\/div>\n<\/div>\n<\/div>\n<\/div>\n<p>[\/vc_column_text][\/vc_tta_section][vc_tta_section title=&#8221;ZEITPLAN UND ABHOLSERVICE&#8221; tab_id=&#8221;1577669752866-707b0c8d-67a8d056-84c1f93e-5936&#8243;][vc_column_text]Ein Abholservice f\u00fcr diesen Ausflug ist nicht verf\u00fcgbar, Sie m\u00fcssen nach <a href=\"https:\/\/goo.gl\/maps\/BedjedJUuizEgLww6\" target=\"_blank\" rel=\"noopener\">Puerto Col\u00f3n<\/a> kommen.<\/p>\n<p><span style=\"text-decoration: underline; color: #ff0000;\">ZEITPLAN:<\/span><\/p>\n<p>Jeden Tag um 10:00, 11:00, 12:00, 13:00, 14:00, 15:00, 16:00, 17:00 Uhr.<\/p>\n<p><strong>SEHEN SIE DAS VIDEO OBEN AN, ERHALTEN SIE EINE IDEE, WAS ES IST, UND BUCHEN SIE ES JETZT!<\/strong>[\/vc_column_text][\/vc_tta_section][\/vc_tta_accordion]<style type=\"text\/css\">.thegem-button-69d79c8779d6d8428 .gem-button svg {fill: #ffffff;}.thegem-button-69d79c8779d6d8428 .gem-button:hover svg {fill: #312c7a;}<\/style><div class=\"gem-button-container gem-button-position-center thegem-button-69d79c8779d6d8428    \"  ><a class=\"gem-button gem-button-size-small gem-button-style-flat gem-button-text-weight-normal\" data-ll-effect=\"drop-right-without-wrap\" style=\"border-radius: 3px;background-color: #312c7a;color: #ffffff;\" onmouseleave=\"this.style.backgroundColor='#312c7a';this.style.color='#ffffff';\" onmouseenter=\"this.style.backgroundColor='#f6eb14';this.style.color='#312c7a';\" href=\"#preise-parasailing\" target=\"_self\">PREISE<\/a><\/div> [\/vc_column][\/vc_row][vc_row full_width=&#8221;stretch_row_content&#8221; css=&#8221;.vc_custom_1577474711662{background-color: #312c7a !important;background-position: center !important;background-repeat: no-repeat !important;background-size: cover !important;}&#8221;][vc_column][vc_column_text css=&#8221;.vc_custom_1610146191001{background-position: center !important;background-repeat: no-repeat !important;background-size: cover !important;}&#8221; css_animation=&#8221;fadeIn&#8221;]<\/p>\n<p class=\"title-h2\" style=\"text-align: center;\"><span style=\"color: #ffffff; font-size: 18pt;\">BUCHEN SIE JETZT<\/span><\/p>\n<p>[\/vc_column_text][vc_empty_space height=&#8221;10&#8243; el_id=&#8221;preise-parasailing&#8221;][\/vc_column][\/vc_row]<\/p>\n<\/div>","protected":false},"excerpt":{"rendered":"<p>[vc_row full_width=&#8221;stretch_row_content_no_spaces&#8221;][vc_column][vc_column_text css=&#8221;.vc_custom_1743519945870{background-color: #F6EB14 !important;background-position: center !important;background-repeat: no-repeat !important;background-size: cover !important;}&#8221; css_animation=&#8221;fadeIn&#8221;] Parasailing [\/vc_column_text][\/vc_column][\/vc_row][vc_row][vc_column][vc_column_text] Das Parasailing Teneriffa ist einer der&#8230;<\/p>\n","protected":false},"featured_media":104676,"template":"","meta":{"_acf_changed":false,"_seopress_robots_primary_cat":"2768","_seopress_titles_title":"Parasailing Teneriffa, fliegen Sie \u00fcber den Ozean","_seopress_titles_desc":"Parasailing auf Teneriffa ist einer der besten Luftsportarten. Fliegen Sie mit einem Fallschirm \u00fcber den Ozean und genie\u00dfen Sie die Aussicht","_seopress_robots_index":""},"product_brand":[],"product_cat":[2768],"product_tag":[2800,2798,2799],"class_list":{"0":"post-104636","1":"product","2":"type-product","3":"status-publish","4":"has-post-thumbnail","6":"product_cat-luftsport","7":"product_tag-fallschirmsegeln-teneriffa","8":"product_tag-parasailing-teneriffa","9":"product_tag-teneriffa-parasailing","11":"first","12":"instock","13":"virtual","14":"sold-individually","15":"taxable","16":"purchasable","17":"product-type-booking"},"booking_location":"","booking_location_type":"","booking_duration":1,"booking_duration_unit":"hour","booking_buffer":0,"booking_cost":0,"booking_resources":[],"acf":[],"_links":{"self":[{"href":"https:\/\/tenerife-trips.com\/de\/wp-json\/wp\/v2\/product\/104636","targetHints":{"allow":["GET"]}}],"collection":[{"href":"https:\/\/tenerife-trips.com\/de\/wp-json\/wp\/v2\/product"}],"about":[{"href":"https:\/\/tenerife-trips.com\/de\/wp-json\/wp\/v2\/types\/product"}],"wp:featuredmedia":[{"embeddable":true,"href":"https:\/\/tenerife-trips.com\/de\/wp-json\/wp\/v2\/media\/104676"}],"wp:attachment":[{"href":"https:\/\/tenerife-trips.com\/de\/wp-json\/wp\/v2\/media?parent=104636"}],"wp:term":[{"taxonomy":"product_brand","embeddable":true,"href":"https:\/\/tenerife-trips.com\/de\/wp-json\/wp\/v2\/product_brand?post=104636"},{"taxonomy":"product_cat","embeddable":true,"href":"https:\/\/tenerife-trips.com\/de\/wp-json\/wp\/v2\/product_cat?post=104636"},{"taxonomy":"product_tag","embeddable":true,"href":"https:\/\/tenerife-trips.com\/de\/wp-json\/wp\/v2\/product_tag?post=104636"}],"curies":[{"name":"wp","href":"https:\/\/api.w.org\/{rel}","templated":true}]}}