{"id":105056,"date":"2020-10-22T14:04:25","date_gmt":"2020-10-22T13:04:25","guid":{"rendered":"https:\/\/tenerife-trips.com\/?post_type=product&#038;p=105056"},"modified":"2026-04-09T14:15:58","modified_gmt":"2026-04-09T13:15:58","slug":"hubschrauber-teneriffa","status":"publish","type":"product","link":"https:\/\/tenerife-trips.com\/de\/product\/luftsport\/hubschrauber-teneriffa\/","title":{"rendered":"Hubschrauber"},"content":{"rendered":"<div class=\"wpb-content-wrapper\"><p>[vc_row full_width=&#8221;stretch_row_content_no_spaces&#8221;][vc_column][vc_column_text css=&#8221;.vc_custom_1743519652628{background-color: #F6EB14 !important;background-position: center !important;background-repeat: no-repeat !important;background-size: cover !important;}&#8221; css_animation=&#8221;fadeIn&#8221;]<\/p>\n<h1 class=\"title-h2\" style=\"text-align: center;\"><span style=\"font-size: 18pt; color: #312c7a;\">Hubschrauber<\/span><\/h1>\n<p>[\/vc_column_text][\/vc_column][\/vc_row][vc_row][vc_column][vc_column_text]<\/p>\n<p style=\"text-align: center;\">Ein Flug mit dem Hubschrauber Teneriffa ist definitiv einer der besten Ausfl\u00fcge auf der Insel. Es gibt verschiedene Touren von 20 bis 120 km!<\/p>\n<p style=\"text-decoration: underline; text-align: center;\"><span style=\"font-size: 14pt; color: #312c7a;\"><strong>\u21d3 Siehe weitere Beschreibung unten \u21d3<\/strong><\/span><\/p>\n<p>[\/vc_column_text][\/vc_column][\/vc_row][vc_row full_width=&#8221;stretch_row_content&#8221; full_height=&#8221;yes&#8221; css=&#8221;.vc_custom_1576192123211{background-color: #312c7a !important;background-position: center !important;background-repeat: no-repeat !important;background-size: cover !important;}&#8221;][vc_column]<div class=\"gem-vimeo gem-wrapbox gem-wrapbox-style-no-style rounded-corners gem-wrapbox-position-below\" style=\"width: 100%;\"><div class=\"gem-wrapbox-inner gem-ratio-style\" style=\"padding-top: 56.25%\"><iframe webkitallowfullscreen=\"true\" mozallowfullscreen=\"true\" allowfullscreen=\"true\" class=\"gem-wrapbox-element img-responsive\" frameborder=\"0\" scrolling=\"no\" marginheight=\"0\" marginwidth=\"0\" src=\"\/\/player.vimeo.com\/video\/470712681?title=0&amp;byline=0&amp;portrait=0 \"><\/iframe><\/div><\/div>[vc_empty_space]<div class=\"preloader\"><div class=\"preloader-spin\"><\/div><\/div> <div id=\"gem-gallery-69dea41992235\" class=\"gem-gallery gem-gallery-hover-zooming-blur\"> <div class=\"gem-gallery-item\"> <div class=\"gem-gallery-item-image\"> <a href=\"https:\/\/tenerife-trips.com\/wp-content\/uploads\/2020\/10\/elicottero-Tenerife-thegem-gallery-sidebar.png\" data-fancybox-group=\"gallery-69dea41992235\" data-full-image-url=\"https:\/\/tenerife-trips.com\/wp-content\/uploads\/2020\/10\/elicottero-Tenerife.png\"> <svg width=\"20\" height=\"10\"><path d=\"M 0,10 Q 9,9 10,0 Q 11,9 20,10\" \/><\/svg> <img src=\"https:\/\/tenerife-trips.com\/wp-content\/uploads\/2020\/10\/elicottero-Tenerife-thegem-post-thumb-small.png\" alt=\"elicottero Tenerife\" class=\"img-responsive\"> <span class=\"gem-gallery-caption slide-info\"> <\/span> <\/a> <span class=\"gem-gallery-line\"><\/span> <\/div> <\/div> <div class=\"gem-gallery-item\"> <div class=\"gem-gallery-item-image\"> <a href=\"https:\/\/tenerife-trips.com\/wp-content\/uploads\/2020\/10\/helicopter-tour-Tenerife-thegem-gallery-sidebar.png\" data-fancybox-group=\"gallery-69dea41992235\" data-full-image-url=\"https:\/\/tenerife-trips.com\/wp-content\/uploads\/2020\/10\/helicopter-tour-Tenerife.png\"> <svg width=\"20\" height=\"10\"><path d=\"M 0,10 Q 9,9 10,0 Q 11,9 20,10\" \/><\/svg> <img src=\"https:\/\/tenerife-trips.com\/wp-content\/uploads\/2020\/10\/helicopter-tour-Tenerife-thegem-post-thumb-small.png\" alt=\"\" class=\"img-responsive\"> <span class=\"gem-gallery-caption slide-info\"> <\/span> <\/a> <span class=\"gem-gallery-line\"><\/span> <\/div> <\/div> <div class=\"gem-gallery-item\"> <div class=\"gem-gallery-item-image\"> <a href=\"https:\/\/tenerife-trips.com\/wp-content\/uploads\/2020\/10\/b-thegem-gallery-sidebar.jpg\" data-fancybox-group=\"gallery-69dea41992235\" data-full-image-url=\"https:\/\/tenerife-trips.com\/wp-content\/uploads\/2020\/10\/b.jpg\"> <svg width=\"20\" height=\"10\"><path d=\"M 0,10 Q 9,9 10,0 Q 11,9 20,10\" \/><\/svg> <img src=\"https:\/\/tenerife-trips.com\/wp-content\/uploads\/2020\/10\/b-thegem-post-thumb-small.jpg\" alt=\"\" class=\"img-responsive\"> <span class=\"gem-gallery-caption slide-info\"> <\/span> <\/a> <span class=\"gem-gallery-line\"><\/span> <\/div> <\/div> <div class=\"gem-gallery-item\"> <div class=\"gem-gallery-item-image\"> <a href=\"https:\/\/tenerife-trips.com\/wp-content\/uploads\/2020\/10\/a-thegem-gallery-sidebar.jpg\" data-fancybox-group=\"gallery-69dea41992235\" data-full-image-url=\"https:\/\/tenerife-trips.com\/wp-content\/uploads\/2020\/10\/a.jpg\"> <svg width=\"20\" height=\"10\"><path d=\"M 0,10 Q 9,9 10,0 Q 11,9 20,10\" \/><\/svg> <img src=\"https:\/\/tenerife-trips.com\/wp-content\/uploads\/2020\/10\/a-thegem-post-thumb-small.jpg\" alt=\"\" class=\"img-responsive\"> <span class=\"gem-gallery-caption slide-info\"> <\/span> <\/a> <span class=\"gem-gallery-line\"><\/span> <\/div> <\/div> <div class=\"gem-gallery-item\"> <div class=\"gem-gallery-item-image\"> <a href=\"https:\/\/tenerife-trips.com\/wp-content\/uploads\/2020\/10\/c-thegem-gallery-sidebar.jpg\" data-fancybox-group=\"gallery-69dea41992235\" data-full-image-url=\"https:\/\/tenerife-trips.com\/wp-content\/uploads\/2020\/10\/c.jpg\"> <svg width=\"20\" height=\"10\"><path d=\"M 0,10 Q 9,9 10,0 Q 11,9 20,10\" \/><\/svg> <img src=\"https:\/\/tenerife-trips.com\/wp-content\/uploads\/2020\/10\/c-thegem-post-thumb-small.jpg\" alt=\"\" class=\"img-responsive\"> <span class=\"gem-gallery-caption slide-info\"> <\/span> <\/a> <span class=\"gem-gallery-line\"><\/span> <\/div> <\/div> <div class=\"gem-gallery-item\"> <div class=\"gem-gallery-item-image\"> <a href=\"https:\/\/tenerife-trips.com\/wp-content\/uploads\/2020\/10\/d-thegem-gallery-sidebar.jpg\" data-fancybox-group=\"gallery-69dea41992235\" data-full-image-url=\"https:\/\/tenerife-trips.com\/wp-content\/uploads\/2020\/10\/d.jpg\"> <svg width=\"20\" height=\"10\"><path d=\"M 0,10 Q 9,9 10,0 Q 11,9 20,10\" \/><\/svg> <img src=\"https:\/\/tenerife-trips.com\/wp-content\/uploads\/2020\/10\/d-thegem-post-thumb-small.jpg\" alt=\"\" class=\"img-responsive\"> <span class=\"gem-gallery-caption slide-info\"> <\/span> <\/a> <span class=\"gem-gallery-line\"><\/span> <\/div> <\/div> <\/div>[\/vc_column][\/vc_row][vc_row full_width=&#8221;stretch_row&#8221; css=&#8221;.vc_custom_1577669794647{background-color: #312c7a !important;background-position: center !important;background-repeat: no-repeat !important;background-size: cover !important;}&#8221;][vc_column][vc_column_text css=&#8221;.vc_custom_1610120507078{background-position: center !important;background-repeat: no-repeat !important;background-size: cover !important;}&#8221; css_animation=&#8221;fadeIn&#8221;]<\/p>\n<h3 class=\"title-h2\" style=\"text-align: center;\"><span style=\"font-size: 18pt; color: #ffffff;\">BESCHREIBUNG<\/span><\/h3>\n<p>[\/vc_column_text][\/vc_column][\/vc_row][vc_row][vc_column][vc_tta_accordion style=&#8221;simple_solid&#8221; color=&#8221;blue&#8221; c_icon=&#8221;chevron&#8221; active_section=&#8221;0&#8243; collapsible_all=&#8221;true&#8221;][vc_tta_section title=&#8221;AUSFLUGSBESCHREIBUNG&#8221; tab_id=&#8221;1577669752813-9df83b3e-350fd056-84c13a82-3f1b&#8221;][vc_column_text css=&#8221;&#8221;]<\/p>\n<div id=\"pl-2135\" class=\"panel-layout\">\n<div id=\"pg-2135-0\" class=\"panel-grid panel-no-style\">\n<div id=\"pgc-2135-0-0\" class=\"panel-grid-cell\" data-weight=\"1\">\n<div id=\"panel-2135-0-0-0\" class=\"so-panel widget widget_sow-editor panel-first-child panel-last-child\" data-style=\"{&quot;background_display&quot;:&quot;tile&quot;,&quot;featured_widgets&quot;:&quot;&quot;}\" data-index=\"0\">\n<div class=\"so-widget-sow-editor so-widget-sow-editor-base\">\n<div class=\"siteorigin-widget-tinymce textwidget\">\n<p>Die Tour mit dem Hubschrauber Teneriffa ist definitiv eine der gr\u00f6\u00dften Erfahrungen, die es auf der Insel gibt. Sie k\u00f6nnen \u00fcber die besten Landschaften fliegen und Videos und Bilder der atemberaubenden Panoramen von Teneriffa vom Himmel aus aufnehmen.<\/p>\n<h3><span style=\"font-size: 12pt;\">Der Ausgangspunkt, an den Sie kommen m\u00fcssen, befindet sich im Gebiet von <a href=\"https:\/\/www.google.com\/maps\/place\/Adeje,+Santa+Cruz+de+Tenerife\/@28.1217966,-16.7426763,15z\/data=!3m1!4b1!4m5!3m4!1s0xc6a909bd5432ced:0x2abb5d93f23f4103!8m2!3d28.1220604!4d-16.7338211\" target=\"_blank\" rel=\"noopener\">ADEJE<\/a> im S\u00fcden. MIT DEM HUBSCHRAUBER TENERIFE SIND VERSCHIEDENE TOUREN VON 20 BIS 120 KM VERF\u00dcGBAR. HIER IST EINE KARTE, DIE IHNEN DIE OPTIONEN ZEIGT, DIE SIE W\u00c4HLEN K\u00d6NNEN:<\/span><\/h3>\n<p>&nbsp;<\/p>\n<\/div>\n<p><img alt=\"\" class=\"alignleft wp-image-662283 size-full\" src=\"https:\/\/www.tenerife-trips.com\/wp-content\/uploads\/2020\/10\/finale.jpg\" alt=\"\" width=\"1562\" height=\"1080\" srcset=\"https:\/\/tenerife-trips.com\/wp-content\/uploads\/2020\/10\/finale.jpg 1562w, https:\/\/tenerife-trips.com\/wp-content\/uploads\/2020\/10\/finale-600x415.jpg 600w, https:\/\/tenerife-trips.com\/wp-content\/uploads\/2020\/10\/finale-300x207.jpg 300w, https:\/\/tenerife-trips.com\/wp-content\/uploads\/2020\/10\/finale-1024x708.jpg 1024w, https:\/\/tenerife-trips.com\/wp-content\/uploads\/2020\/10\/finale-768x531.jpg 768w, https:\/\/tenerife-trips.com\/wp-content\/uploads\/2020\/10\/finale-1536x1062.jpg 1536w\" sizes=\"(max-width: 1562px) 100vw, 1562px\" \/><\/p>\n<h3><strong><span style=\"font-size: 14pt;\">HUBSCHRAUBER TENERIFFA, TOURENBESCHREIBUNG:<\/span><\/strong><\/h3>\n<h4><span style=\"color: #fa7923;\"><strong><span style=\"font-size: 12pt;\">S\u00dcDK\u00dcSTE (20 km, 7 Minuten):<\/span><\/strong><\/span><\/h4>\n<p>Zuerst fliegen wir \u00fcber Costa Adeje, vorbei am Dorf <a href=\"https:\/\/www.google.com\/maps\/place\/38679+La+Caleta,+Santa+Cruz+de+Tenerife\/@28.1008885,-16.7577555,17z\/data=!3m1!4b1!4m5!3m4!1s0xc6a90ce8bf2530f:0x4eacec4c09089d93!8m2!3d28.1001994!4d-16.7547945\" target=\"_blank\" rel=\"noopener\">La Caleta<\/a> und seinem Golfplatz. Zweitens werfen wir einen Blick auf die Urlaubsgebiete Playa de Las Americas und Los Cristianos. Mit dieser Tour entdecken Sie das ber\u00fchmteste Touristengebiet der Insel.<\/p>\n<h4><span style=\"font-size: 12pt; color: #1bbbe3;\"><strong>STR\u00c4NDE UND SCHLUCHTEN (30 km, 10 Minuten):<\/strong><\/span><\/h4>\n<p>Der Hubschrauber Teneriffa fliegt zuerst \u00fcber das Dorf La Caleta und seinen Golfplatz. Dann sehen wir die touristischen Gebiete Playa de las Am\u00e9ricas und Los Cristianos. Sp\u00e4ter k\u00f6nnen Sie den <a href=\"https:\/\/www.google.com\/maps\/place\/Roque+del+Conde\/@28.1041663,-16.7073658,15z\/data=!4m13!1m7!3m6!1s0xc6a9a21cb047743:0x687e64a4895cec00!2sRoque+del+Conde!3b1!8m2!3d28.104167!4d-16.698611!3m4!1s0xc6a9a21ca4e80a7:0x53b2dfc681b84580!8m2!3d28.1042591!4d-16.6985616\" target=\"_blank\" rel=\"noopener\">Roque del Conde<\/a> bewundern und Barranco del Infierno und seine Schluchten entdecken. Wir werden den Vulkan Teide und seinen 3718 Meter hohen Gipfel von den H\u00fcgeln aus sehen k\u00f6nnen.<\/p>\n<h4><span style=\"font-size: 12pt; color: #0202c7;\"><strong>Klippen Los Gigantes (50 km, 18 Minuten):<\/strong><\/span><\/h4>\n<p>Wir fliegen zuerst \u00fcber das Dorf La Caleta und dann entlang der Westk\u00fcste in Richtung <a href=\"https:\/\/www.google.com\/maps\/place\/38687+Playa+San+Juan,+Santa+Cruz+de+Tenerife\/@28.1821589,-16.8211201,16z\/data=!3m1!4b1!4m5!3m4!1s0xc6a8e009649c9bf:0x90a672505a844872!8m2!3d28.1816173!4d-16.8170755\" target=\"_blank\" rel=\"noopener\">Playa San Juan<\/a>. Wir fahren weiter nach Norden \u00fcber <a href=\"https:\/\/www.google.com\/maps\/place\/Alcal%C3%A1,+Santa+Cruz+de+Tenerife\/@28.2004126,-16.8327177,16z\/data=!3m1!4b1!4m5!3m4!1s0xc6a8ddd3dacea59:0x624d2168adb13fa0!8m2!3d28.2021526!4d-16.8274248\" target=\"_blank\" rel=\"noopener\">Alcal\u00e1<\/a>, bis wir die majest\u00e4tischen Klippen von <a href=\"https:\/\/www.google.com\/maps\/place\/Acantilados+de+Los+Gigantes,+Santa+Cruz+de+Tenerife\/@28.244027,-16.8448772,16z\/data=!3m1!4b1!4m5!3m4!1s0xc6a8c153fdc6811:0xa0340f674cf6610!8m2!3d28.2408828!4d-16.8377834\" target=\"_blank\" rel=\"noopener\">Los Gigantes<\/a> (Die Riesen) erreichen. Auf dem R\u00fcckweg fahren wir \u00fcber die Berge und den Kiefernwald und genie\u00dfen einen atemberaubenden Blick auf den Vulkan Teide.<\/p>\n<h4><span style=\"color: #008000;\"><strong><span style=\"font-size: 12pt;\">NIEDRIGE INSEL (85 km, 25 MINUTEN):<\/span><\/strong><\/span><\/h4>\n<p>Diese Tour kombiniert die trockene s\u00fcdliche Landschaft mit dem Gr\u00fcn des Nordens. Der Hubschrauber Teneriffa wird zuerst die Gebiete La Caleta, Alcal\u00e1 und Playa San Juan \u00fcberfliegen. Dann besuchen wir das Gebiet des Teno-Gebirges; sp\u00e4ter fliegen wir \u00fcber <a href=\"https:\/\/www.google.com\/maps\/place\/38480+Buenavista+del+Nte.,+Santa+Cruz+de+Tenerife\/@28.3710193,-16.8537935,16z\/data=!3m1!4b1!4m5!3m4!1s0xc6a61c4253adb65:0x9396a71db32d3ff7!8m2!3d28.3727951!4d-16.851763\" target=\"_blank\" rel=\"noopener\">Buenavista del Norte<\/a>\u00a0und <a href=\"https:\/\/www.google.com\/maps\/place\/Garachico,+Santa+Cruz+de+Tenerife\/@28.3725568,-16.7674647,16z\/data=!3m1!4b1!4m5!3m4!1s0xc6a62846a5f860b:0xece9e1aeb7cea23c!8m2!3d28.3732467!4d-16.7640103\" target=\"_blank\" rel=\"noopener\">Garachico<\/a> an der Nordk\u00fcste; zu guter Letzt kehren wir zu unserer Basis zur\u00fcck und fliegen direkt \u00fcber den Kiefernwald.<\/p>\n<h4><span style=\"color: #ff0000;\"><strong><span style=\"font-size: 12pt;\">GRAN TEIDE LUXUS (120 KM, 40 MINUTEN):<\/span><\/strong><\/span><\/h4>\n<p>Dies ist eine VIP-Tour, bei der wir im Kreis \u00fcber den erstaunlichen Teide-Nationalpark fliegen. Der Park wurde 2007 zum UNESCO-Weltkulturerbe erkl\u00e4rt und beherbergt den Vulkan Teide. Mit 3718 Metern ist dies nach dem hawaiianischen Mauna Kea und Mauna Loa der dritth\u00f6chste der Welt. W\u00e4hrend dieser Reise haben Sie die M\u00f6glichkeit, einen privilegierten Blick auf sch\u00f6ne Orte zu haben; wir werden \u00fcber W\u00e4lder und Berge fliegen. Am bemerkenswertesten sind beispielsweise das <a href=\"https:\/\/www.google.com\/maps\/place\/Orotava+Valley,+Santa+Cruz+de+Tenerife\/@28.4295407,-16.6423194,10.55z\/data=!4m5!3m4!1s0xc6a819b1a2a4e8b:0xc963883f687ac8fd!8m2!3d28.3230695!4d-16.5584071\" target=\"_blank\" rel=\"noopener\">Valle de la Orotava<\/a>, <a href=\"https:\/\/www.google.com\/maps\/place\/38400+Puerto+de+la+Cruz,+Santa+Cruz+de+Tenerife\/@28.4091297,-16.5659434,14z\/data=!3m1!4b1!4m5!3m4!1s0xc6a7ffa897afdb1:0xfe20ba57c9146376!8m2!3d28.411413!4d-16.5449611\" target=\"_blank\" rel=\"noopener\">Puerto de la Cruz<\/a>, <a href=\"https:\/\/www.google.com\/maps\/place\/38690+Santiago+del+Teide,+Santa+Cruz+de+Tenerife\/@28.2955075,-16.8195248,16z\/data=!3m1!4b1!4m5!3m4!1s0xc6a89619e99c21b:0x279c4fb7d60cfe04!8m2!3d28.2972603!4d-16.8156254\" target=\"_blank\" rel=\"noopener\">Santiago del Teide<\/a> und <a href=\"https:\/\/www.google.com\/maps\/place\/38613+Vilaflor,+Santa+Cruz+de+Tenerife,+Santa+Cruz+de+Tenerife\/@28.1563487,-16.6417589,16z\/data=!3m1!4b1!4m5!3m4!1s0xc6a9b78f07a44db:0x4c0d623a565d76ff!8m2!3d28.1578174!4d-16.6372355\" target=\"_blank\" rel=\"noopener\">Vilaflor<\/a>. Dar\u00fcber hinaus bieten wir Ihnen Sekt an, um das VIP-Erlebnis in vollen Z\u00fcgen zu genie\u00dfen!<\/p>\n<p><strong><span style=\"color: #ff0000;\"><span style=\"text-decoration: underline;\">Wichtiger Hinweis<\/span>: Sie m\u00fcssen diese Reise mindestens 48 Stunden vor dem geplanten Datum buchen. W\u00e4hrend des Buchungsvorgangs m\u00fcssen Sie im Abschnitt &#8220;Zus\u00e4tzliche Informationen&#8221; das Gewicht jeder Person angeben. Am Tag des Fluges muss jeder Kunde einen pers\u00f6nlichen Ausweis vorlegen. Der Hubschrauber verf\u00fcgt \u00fcber 4 Pl\u00e4tze f\u00fcr Kunden; wenn Sie eine private Tour w\u00fcnschen und weniger als 4 Personen sind, m\u00fcssen Sie den Preis f\u00fcr die Tour pro Person multipliziert mit 3,5 bezahlen. Es gibt eine Gewichtsbeschr\u00e4nkung von 110 kg. Wenn Sie mehr wiegen, m\u00fcssen Sie den Preis f\u00fcr die Tour pro Person multipliziert mit 1,5 bezahlen; dies liegt daran, dass wir 1 Person weniger an Bord nehmen k\u00f6nnen. Der Preis gilt pro Sitzplatz und ist f\u00fcr Erwachsene und Kinder gleich.<\/span><\/strong><\/p>\n<h3><span style=\"font-size: 12pt;\">Zusammenfassend ist die Tour mit dem Hubschrauber Teneriffa einer der bekanntesten Ausfl\u00fcge.<\/span><\/h3>\n<p><strong>Verpassen Sie es also nicht, buchen Sie jetzt Ihre Tickets!<\/strong><\/p>\n<\/div>\n<\/div>\n<\/div>\n<\/div>\n<\/div>\n<p>[\/vc_column_text][\/vc_tta_section][vc_tta_section title=&#8221;ZEITPLAN UND ABHOLSERVICE&#8221; tab_id=&#8221;1577669752866-707b0c8d-67a8d056-84c13a82-3f1b&#8221;][vc_column_text]Ein Abholservice f\u00fcr den Ausflug mit dem Hubschrauber auf Teneriffa ist nicht verf\u00fcgbar. Sie m\u00fcssen zu unserer Basis in <a href=\"https:\/\/www.google.com\/maps\/place\/Adeje,+Santa+Cruz+de+Tenerife\/@28.1217966,-16.7426763,15z\/data=!3m1!4b1!4m5!3m4!1s0xc6a909bd5432ced:0x2abb5d93f23f4103!8m2!3d28.1220604!4d-16.7338211\" target=\"_blank\" rel=\"noopener\">Adeje<\/a> kommen.<\/p>\n<p><span style=\"color: #ff0000;\">ZEITPLAN:<\/span><\/p>\n<p>T\u00e4glich<\/p>\n<p><strong>SEHEN SIE DAS VIDEO AN, ERHALTEN SIE EINE IDEE, WAS ES IST, UND BUCHEN SIE ES JETZT!<\/strong>[\/vc_column_text][\/vc_tta_section][vc_tta_section title=&#8221;STORNIERUNGSBEDINGUNGEN&#8221; tab_id=&#8221;1612281512581-db7f9cc0-f014&#8243;][vc_column_text]Wenn Sie mehr als 48 Stunden vor Ihrem Flug stornieren, werden Ihnen 50% des gezahlten Betrags berechnet.<\/p>\n<p>Bei einer Stornierungsfrist von weniger als 48 Stunden vor dem Flug werden Ihnen 100% des gezahlten Betrags berechnet.<\/p>\n<p>Wenn der Pilot am Tag des Fluges feststellt, dass die Bedingungen nicht f\u00fcr den Flug geeignet sind, werden wir versuchen, den Ausflug f\u00fcr einen weiteren Tag zu verschieben. Falls dies f\u00fcr den Kunden nicht m\u00f6glich ist, erstatten wir 100% des gezahlten Betrags.[\/vc_column_text][\/vc_tta_section][\/vc_tta_accordion]<style type=\"text\/css\">.thegem-button-69dea419939e35259 .gem-button svg {fill: #ffffff;}.thegem-button-69dea419939e35259 .gem-button:hover svg {fill: #312c7a;}<\/style><div class=\"gem-button-container gem-button-position-center thegem-button-69dea419939e35259    \"  ><a class=\"gem-button gem-button-size-small gem-button-style-flat gem-button-text-weight-normal\" data-ll-effect=\"drop-right-without-wrap\" style=\"border-radius: 3px;background-color: #312c7a;color: #ffffff;\" onmouseleave=\"this.style.backgroundColor='#312c7a';this.style.color='#ffffff';\" onmouseenter=\"this.style.backgroundColor='#f6eb14';this.style.color='#312c7a';\" href=\"#preise-helicopter\" target=\"_self\">PREISE<\/a><\/div> [\/vc_column][\/vc_row][vc_row full_width=&#8221;stretch_row_content&#8221; css=&#8221;.vc_custom_1577474711662{background-color: #312c7a !important;background-position: center !important;background-repeat: no-repeat !important;background-size: cover !important;}&#8221;][vc_column][vc_column_text css=&#8221;.vc_custom_1610146191001{background-position: center !important;background-repeat: no-repeat !important;background-size: cover !important;}&#8221; css_animation=&#8221;fadeIn&#8221;]<\/p>\n<p class=\"title-h2\" style=\"text-align: center;\"><span style=\"color: #ffffff; font-size: 18pt;\">BUCHEN SIE JETZT<\/span><\/p>\n<p>[\/vc_column_text][vc_empty_space height=&#8221;10&#8243; el_id=&#8221;preise-helicopter&#8221;][\/vc_column][\/vc_row]<\/p>\n<\/div>","protected":false},"excerpt":{"rendered":"<p>[vc_row full_width=&#8221;stretch_row_content_no_spaces&#8221;][vc_column][vc_column_text css=&#8221;.vc_custom_1743519652628{background-color: #F6EB14 !important;background-position: center !important;background-repeat: no-repeat !important;background-size: cover !important;}&#8221; css_animation=&#8221;fadeIn&#8221;] Hubschrauber [\/vc_column_text][\/vc_column][\/vc_row][vc_row][vc_column][vc_column_text] Ein Flug mit dem Hubschrauber Teneriffa&#8230;<\/p>\n","protected":false},"featured_media":85819,"template":"","meta":{"_acf_changed":false,"_seopress_robots_primary_cat":"2768","_seopress_titles_title":"Hubschrauber Teneriffa, fliegen Sie mit uns \u00fcber die Insel","_seopress_titles_desc":"Fliegen Sie mit dem Hubschrauber Teneriffa und haben Sie einen privilegierten Blick auf die sch\u00f6nsten Orte der Insel. Buchen Sie online","_seopress_robots_index":""},"product_brand":[],"product_cat":[2768],"product_tag":[2802,2801],"class_list":{"0":"post-105056","1":"product","2":"type-product","3":"status-publish","4":"has-post-thumbnail","6":"product_cat-luftsport","7":"product_tag-hubschrauber-auf-teneriffa","8":"product_tag-hubschrauber-teneriffa","10":"first","11":"instock","12":"virtual","13":"sold-individually","14":"taxable","15":"purchasable","16":"product-type-booking"},"booking_location":"","booking_location_type":"","booking_duration":1,"booking_duration_unit":"day","booking_buffer":0,"booking_cost":0,"booking_resources":[],"acf":[],"_links":{"self":[{"href":"https:\/\/tenerife-trips.com\/de\/wp-json\/wp\/v2\/product\/105056","targetHints":{"allow":["GET"]}}],"collection":[{"href":"https:\/\/tenerife-trips.com\/de\/wp-json\/wp\/v2\/product"}],"about":[{"href":"https:\/\/tenerife-trips.com\/de\/wp-json\/wp\/v2\/types\/product"}],"wp:featuredmedia":[{"embeddable":true,"href":"https:\/\/tenerife-trips.com\/de\/wp-json\/wp\/v2\/media\/85819"}],"wp:attachment":[{"href":"https:\/\/tenerife-trips.com\/de\/wp-json\/wp\/v2\/media?parent=105056"}],"wp:term":[{"taxonomy":"product_brand","embeddable":true,"href":"https:\/\/tenerife-trips.com\/de\/wp-json\/wp\/v2\/product_brand?post=105056"},{"taxonomy":"product_cat","embeddable":true,"href":"https:\/\/tenerife-trips.com\/de\/wp-json\/wp\/v2\/product_cat?post=105056"},{"taxonomy":"product_tag","embeddable":true,"href":"https:\/\/tenerife-trips.com\/de\/wp-json\/wp\/v2\/product_tag?post=105056"}],"curies":[{"name":"wp","href":"https:\/\/api.w.org\/{rel}","templated":true}]}}