{"id":105563,"date":"2018-01-18T16:25:42","date_gmt":"2018-01-18T16:25:42","guid":{"rendered":"https:\/\/tenerife-trips.com\/?post_type=product&#038;p=105563"},"modified":"2025-12-03T11:12:31","modified_gmt":"2025-12-03T11:12:31","slug":"walbeobachtung-teneriffa","status":"publish","type":"product","link":"https:\/\/tenerife-trips.com\/de\/product\/bootsfahrten\/walbeobachtung-teneriffa\/","title":{"rendered":"SEGELBOOT"},"content":{"rendered":"<div class=\"wpb-content-wrapper\"><p>[vc_row full_width=&#8221;stretch_row_content_no_spaces&#8221;][vc_column][vc_column_text css=&#8221;.vc_custom_1743521968931{background-color: #F6EB14 !important;background-position: center !important;background-repeat: no-repeat !important;background-size: cover !important;}&#8221; css_animation=&#8221;fadeIn&#8221;]<\/p>\n<h1 class=\"title-h2\" style=\"text-align: center;\"><span style=\"font-size: 18pt; color: #312c7a;\">SEGELBOOT<\/span><\/h1>\n<p>[\/vc_column_text][\/vc_column][\/vc_row][vc_row][vc_column][vc_column_text]<\/p>\n<p style=\"text-align: center;\"><span style=\"font-size: 14pt;\">Die Walbeobachtung auf Teneriffa ist eine Erfahrung, die Sie bei einem Besuch der Insel nicht verpassen sollten. Auf dieser Segelbootfahrt lernen Sie das reichhaltige Meeresleben der <a href=\"https:\/\/de.wikipedia.org\/wiki\/Kanarische_Inseln\" target=\"_blank\" rel=\"noopener\">Kanarischen Inseln<\/a> kennen.<\/span><\/p>\n<p style=\"text-decoration: underline; text-align: center;\"><span style=\"font-size: 14pt; color: #312c7a;\"><strong>\u21d3 Siehe weitere Beschreibung unten \u21d3<\/strong><\/span><\/p>\n<p>[\/vc_column_text][\/vc_column][\/vc_row][vc_row full_width=&#8221;stretch_row_content&#8221; full_height=&#8221;yes&#8221; css=&#8221;.vc_custom_1576192123211{background-color: #312c7a !important;background-position: center !important;background-repeat: no-repeat !important;background-size: cover !important;}&#8221;][vc_column]<div class=\"gem-vimeo gem-wrapbox gem-wrapbox-style-no-style rounded-corners gem-wrapbox-position-below\" style=\"width: 100%;\"><div class=\"gem-wrapbox-inner gem-ratio-style\" style=\"padding-top: 56.25%\"><iframe webkitallowfullscreen=\"true\" mozallowfullscreen=\"true\" allowfullscreen=\"true\" class=\"gem-wrapbox-element img-responsive\" frameborder=\"0\" scrolling=\"no\" marginheight=\"0\" marginwidth=\"0\" src=\"\/\/player.vimeo.com\/video\/332838748?title=0&amp;byline=0&amp;portrait=0 \"><\/iframe><\/div><\/div>[vc_empty_space]<div class=\"preloader\"><div class=\"preloader-spin\"><\/div><\/div> <div id=\"gem-gallery-69d341d551e71\" class=\"gem-gallery gem-gallery-hover-zooming-blur\"> <div class=\"gem-gallery-item\"> <div class=\"gem-gallery-item-image\"> <a href=\"https:\/\/tenerife-trips.com\/wp-content\/uploads\/2019\/12\/whale-watching-Tenerife-2-1-scaled-thegem-gallery-sidebar.jpg\" data-fancybox-group=\"gallery-69d341d551e71\" data-full-image-url=\"https:\/\/tenerife-trips.com\/wp-content\/uploads\/2019\/12\/whale-watching-Tenerife-2-1-scaled.jpg\"> <svg width=\"20\" height=\"10\"><path d=\"M 0,10 Q 9,9 10,0 Q 11,9 20,10\" \/><\/svg> <img src=\"https:\/\/tenerife-trips.com\/wp-content\/uploads\/2019\/12\/whale-watching-Tenerife-2-1-scaled-thegem-post-thumb-small.jpg\" alt=\"whale watching Tenerife\" class=\"img-responsive\"> <span class=\"gem-gallery-caption slide-info\"> <\/span> <\/a> <span class=\"gem-gallery-line\"><\/span> <\/div> <\/div> <div class=\"gem-gallery-item\"> <div class=\"gem-gallery-item-image\"> <a href=\"https:\/\/tenerife-trips.com\/wp-content\/uploads\/2018\/01\/whale-watching-Tenerife-1-thegem-gallery-sidebar.jpg\" data-fancybox-group=\"gallery-69d341d551e71\" data-full-image-url=\"https:\/\/tenerife-trips.com\/wp-content\/uploads\/2018\/01\/whale-watching-Tenerife-1.jpg\"> <svg width=\"20\" height=\"10\"><path d=\"M 0,10 Q 9,9 10,0 Q 11,9 20,10\" \/><\/svg> <img src=\"https:\/\/tenerife-trips.com\/wp-content\/uploads\/2018\/01\/whale-watching-Tenerife-1-thegem-post-thumb-small.jpg\" alt=\"\" class=\"img-responsive\"> <span class=\"gem-gallery-caption slide-info\"> <\/span> <\/a> <span class=\"gem-gallery-line\"><\/span> <\/div> <\/div> <div class=\"gem-gallery-item\"> <div class=\"gem-gallery-item-image\"> <a href=\"https:\/\/tenerife-trips.com\/wp-content\/uploads\/2018\/01\/whale-watching-Tenerife-thegem-gallery-sidebar.jpg\" data-fancybox-group=\"gallery-69d341d551e71\" data-full-image-url=\"https:\/\/tenerife-trips.com\/wp-content\/uploads\/2018\/01\/whale-watching-Tenerife.jpg\"> <svg width=\"20\" height=\"10\"><path d=\"M 0,10 Q 9,9 10,0 Q 11,9 20,10\" \/><\/svg> <img src=\"https:\/\/tenerife-trips.com\/wp-content\/uploads\/2018\/01\/whale-watching-Tenerife-thegem-post-thumb-small.jpg\" alt=\"whale watching Tenerife\" class=\"img-responsive\"> <span class=\"gem-gallery-caption slide-info\"> <\/span> <\/a> <span class=\"gem-gallery-line\"><\/span> <\/div> <\/div> <div class=\"gem-gallery-item\"> <div class=\"gem-gallery-item-image\"> <a href=\"https:\/\/tenerife-trips.com\/wp-content\/uploads\/2019\/12\/whale-watching-Tenerife-2-thegem-gallery-sidebar.jpg\" data-fancybox-group=\"gallery-69d341d551e71\" data-full-image-url=\"https:\/\/tenerife-trips.com\/wp-content\/uploads\/2019\/12\/whale-watching-Tenerife-2.jpg\"> <svg width=\"20\" height=\"10\"><path d=\"M 0,10 Q 9,9 10,0 Q 11,9 20,10\" \/><\/svg> <img src=\"https:\/\/tenerife-trips.com\/wp-content\/uploads\/2019\/12\/whale-watching-Tenerife-2-thegem-post-thumb-small.jpg\" alt=\"whale watching Tenerife\" class=\"img-responsive\"> <span class=\"gem-gallery-caption slide-info\"> <\/span> <\/a> <span class=\"gem-gallery-line\"><\/span> <\/div> <\/div> <div class=\"gem-gallery-item\"> <div class=\"gem-gallery-item-image\"> <a href=\"https:\/\/tenerife-trips.com\/wp-content\/uploads\/2019\/12\/avistamiento-de-ballenas-Tenerife-thegem-gallery-sidebar.jpg\" data-fancybox-group=\"gallery-69d341d551e71\" data-full-image-url=\"https:\/\/tenerife-trips.com\/wp-content\/uploads\/2019\/12\/avistamiento-de-ballenas-Tenerife.jpg\"> <svg width=\"20\" height=\"10\"><path d=\"M 0,10 Q 9,9 10,0 Q 11,9 20,10\" \/><\/svg> <img src=\"https:\/\/tenerife-trips.com\/wp-content\/uploads\/2019\/12\/avistamiento-de-ballenas-Tenerife-thegem-post-thumb-small.jpg\" alt=\"avistamiento de ballenas Tenerife\" class=\"img-responsive\"> <span class=\"gem-gallery-caption slide-info\"> <\/span> <\/a> <span class=\"gem-gallery-line\"><\/span> <\/div> <\/div> <div class=\"gem-gallery-item\"> <div class=\"gem-gallery-item-image\"> <a href=\"https:\/\/tenerife-trips.com\/wp-content\/uploads\/2019\/12\/barca-a-vela-Tenerife-thegem-gallery-sidebar.jpg\" data-fancybox-group=\"gallery-69d341d551e71\" data-full-image-url=\"https:\/\/tenerife-trips.com\/wp-content\/uploads\/2019\/12\/barca-a-vela-Tenerife.jpg\"> <svg width=\"20\" height=\"10\"><path d=\"M 0,10 Q 9,9 10,0 Q 11,9 20,10\" \/><\/svg> <img src=\"https:\/\/tenerife-trips.com\/wp-content\/uploads\/2019\/12\/barca-a-vela-Tenerife-thegem-post-thumb-small.jpg\" alt=\"barca a vela Tenerife\" class=\"img-responsive\"> <span class=\"gem-gallery-caption slide-info\"> <\/span> <\/a> <span class=\"gem-gallery-line\"><\/span> <\/div> <\/div> <\/div>[\/vc_column][\/vc_row][vc_row full_width=&#8221;stretch_row&#8221; css=&#8221;.vc_custom_1577669794647{background-color: #312c7a !important;background-position: center !important;background-repeat: no-repeat !important;background-size: cover !important;}&#8221;][vc_column][vc_column_text css=&#8221;.vc_custom_1610120507078{background-position: center !important;background-repeat: no-repeat !important;background-size: cover !important;}&#8221; css_animation=&#8221;fadeIn&#8221;]<\/p>\n<h3 class=\"title-h2\" style=\"text-align: center;\"><span style=\"font-size: 18pt; color: #ffffff;\">BESCHREIBUNG<\/span><\/h3>\n<p>[\/vc_column_text][\/vc_column][\/vc_row][vc_row][vc_column][vc_tta_accordion style=&#8221;simple_solid&#8221; color=&#8221;blue&#8221; c_icon=&#8221;chevron&#8221; active_section=&#8221;0&#8243; collapsible_all=&#8221;true&#8221;][vc_tta_section title=&#8221;AUSFLUGSBESCHREIBUNG&#8221; tab_id=&#8221;1577669752813-9df83b3e-350fd056-84c137ae-c752&#8243;][vc_column_text]<\/p>\n<div id=\"pl-2135\" class=\"panel-layout\">\n<div id=\"pg-2135-0\" class=\"panel-grid panel-no-style\">\n<div id=\"pgc-2135-0-0\" class=\"panel-grid-cell\" data-weight=\"1\">\n<div id=\"panel-2135-0-0-0\" class=\"so-panel widget widget_sow-editor panel-first-child panel-last-child\" data-style=\"{&quot;background_display&quot;:&quot;tile&quot;,&quot;featured_widgets&quot;:&quot;&quot;}\" data-index=\"0\">\n<div class=\"so-widget-sow-editor so-widget-sow-editor-base\">\n<div class=\"siteorigin-widget-tinymce textwidget\">\n<h3><span style=\"font-size: 12pt;\">Also treffen wir uns zuallererst am Hafen von PUERTO COLON, der Haupthafen in playa de Las Americas, wo unser Segelboot verankert ist. EINMAL, WENN JEDER AN BORD IST, VERLASSEN WIR DEN PONTON UND BEGINNEN UNSERE WALBEOBACHTUNG auf TENERiffa REISE.<\/span><\/h3>\n<p>In diesen Gew\u00e4ssern leben freundliche Wale und es ist sehr leicht, sie das ganze Jahr \u00fcber zu beobachten. Deshalb kommen wir ein paar Kilometer vor die K\u00fcste, hier treffen wir normalerweise <a href=\"https:\/\/de.wikipedia.org\/wiki\/Grindwal\" target=\"_blank\" rel=\"noopener\">Grindwale<\/a> und Delfine; wahrscheinlich haben Sie das Gl\u00fcck, diese Tiere gl\u00fccklich und frei in ihrem Lebensraum zu beobachten.<\/p>\n<h3><span style=\"font-size: 12pt;\">Mit der Walbeobachtung auf Teneriffa sind die Chancen auf eine solche Begegnung in der Tat sehr hoch. Die grindwale schwimmen langsam und sie kommen oft aus dem Wasser, um zu atmen. Die Erwachsenen k\u00f6nnen bis zu 7 Meter lang werden und oft sieht man Gruppen mit Babys. DIE DELPHINE SIND EXTREM SOZIABEL, Sie spielen gerne folgende Boote und springen neben ihnen her; Vor allem ist die h\u00e4ufigste Art, die wir in Teneriffa finden, der <a href=\"https:\/\/de.wikipedia.org\/wiki\/Gro%C3%9Fer_T%C3%BCmmler\" target=\"_blank\" rel=\"noopener\">GROSSE T\u00dcMMLER.<\/a><\/span><\/h3>\n<p>Nach dieser erstaunlichen Erfahrung mit der Walbeobachtung auf Teneriffa fahren wir an die K\u00fcste. Wir halten ungef\u00e4hr eine Stunde in K\u00fcstenn\u00e4he an. Normalerweise ist der Ort <a href=\"https:\/\/www.beach-inspector.com\/de\/b\/playa-de-diego-hernandez\" target=\"_blank\" rel=\"noopener\">Playa Diego Hernandez<\/a>, ein nat\u00fcrlicher Sandstrand an der Costa Adeje. W\u00e4hrend dieser Zeit versorgen wir Sie mit Speisen und Getr\u00e4nken (Sandwiches, alkoholfreie Getr\u00e4nke, Wasser, Sangria, Bier, Sekt); wenn Sie m\u00f6chten, k\u00f6nnen Sie mit unserer Schnorchelausr\u00fcstung schwimmen. Wenn wir sicher sind, dass alle die Pause in vollen Z\u00fcgen genossen haben, fahren wir ab und kehren zum Hafen zur\u00fcck.<\/p>\n<h3><span style=\"font-size: 12pt;\">DIE WALBEOBACHTUNG auf TENERIFfa dauert IN GESAMT 3 STUNDEN. ES GIBT VERF\u00dcGBARKEIT F\u00dcR MAXIMAL 11 MENSCHEN AN BORD.<\/span><\/h3>\n<\/div>\n<\/div>\n<\/div>\n<\/div>\n<\/div>\n<\/div>\n<p>[\/vc_column_text][\/vc_tta_section][vc_tta_section title=&#8221;ZEITPLAN UND ABHOLSERVICE&#8221; tab_id=&#8221;1577669752866-707b0c8d-67a8d056-84c137ae-c752&#8243;][vc_column_text css=&#8221;&#8221;]Das Boot f\u00e4hrt von <a href=\"https:\/\/www.google.com\/search?q=puerto%20colon&amp;oq=puerto+colon&amp;aqs=chrome.0.0l2j46j0j46i175i199l2j0j46.2527j0j15&amp;sourceid=chrome&amp;ie=UTF-8&amp;tbs=lf:1,lf_ui:2&amp;tbm=lcl&amp;rflfq=1&amp;num=10&amp;rldimm=15430252968124252743&amp;lqi=CgxwdWVydG8gY29sb25I_-6vu5mrgIAIWiQKDHB1ZXJ0byBjb2xvbhAAEAEYABgBIgxwdWVydG8gY29sb26SAQZtYXJpbmGqARQQASoQIgxwdWVydG8gY29sb24oDg&amp;ved=2ahUKEwjxu-jV1NruAhWMERQKHcg6Ca8QvS4wBXoECAIQLg&amp;rlst=f#rlfi=hd:;si:15430252968124252743,l,CgxwdWVydG8gY29sb25I_-6vu5mrgIAIWiQKDHB1ZXJ0byBjb2xvbhAAEAEYABgBIgxwdWVydG8gY29sb26SAQZtYXJpbmGqARQQASoQIgxwdWVydG8gY29sb24oDg;mv:[[28.080170499999998,-16.7344817],[28.077256199999997,-16.7380961]];tbs:lrf:!1m4!1u3!2m2!3m1!1e1!1m4!1u2!2m2!2m1!1e1!2m1!1e2!2m1!1e3!3sIAE,lf:1,lf_ui:2\" target=\"_blank\" rel=\"noopener\">Puerto Colon<\/a> ab. <span class=\"jCAhz ChMk0b\"><span class=\"ryNqvb\">Ein Transportservice ist f\u00fcr den gemeinsamen Ausflug zwischen Playa Paraiso und Los Cristianos sowie f\u00fcr den privaten Ausflug zwischen Los Gigantes und Golf del Sur verf\u00fcgbar.<\/span><\/span> <span class=\"jCAhz ChMk0b\"><span class=\"ryNqvb\">F\u00fcr diesen Service f\u00e4llt eine zus\u00e4tzliche Geb\u00fchr an. Einzelheiten erfahren Sie bei unserem Kundenservice.<\/span><\/span><\/p>\n<p><span style=\"text-decoration: underline; color: #ff0000;\">ZEITPLAN:<\/span><\/p>\n<p>Jeden Tag, fragen Sie unseren Support nach verf\u00fcgbaren Zeiten.<\/p>\n<p><strong>SEHEN SIE DAS VIDEO AN, ERHALTEN SIE EINE IDEE, WAS ES IST, UND BUCHEN SIE ES JETZT!<\/strong>[\/vc_column_text][\/vc_tta_section][\/vc_tta_accordion]<style type=\"text\/css\">.thegem-button-69d341d552df51610 .gem-button svg {fill: #ffffff;}.thegem-button-69d341d552df51610 .gem-button:hover svg {fill: #312c7a;}<\/style><div class=\"gem-button-container gem-button-position-center thegem-button-69d341d552df51610    \"  ><a class=\"gem-button gem-button-size-small gem-button-style-flat gem-button-text-weight-normal\" data-ll-effect=\"drop-right-without-wrap\" style=\"border-radius: 3px;background-color: #312c7a;color: #ffffff;\" onmouseleave=\"this.style.backgroundColor='#312c7a';this.style.color='#ffffff';\" onmouseenter=\"this.style.backgroundColor='#f6eb14';this.style.color='#312c7a';\" href=\"#preise-boot\" target=\"_self\">PREISE<\/a><\/div> [\/vc_column][\/vc_row][vc_row full_width=&#8221;stretch_row_content&#8221; css=&#8221;.vc_custom_1577474711662{background-color: #312c7a !important;background-position: center !important;background-repeat: no-repeat !important;background-size: cover !important;}&#8221;][vc_column][vc_column_text css=&#8221;.vc_custom_1610146191001{background-position: center !important;background-repeat: no-repeat !important;background-size: cover !important;}&#8221; css_animation=&#8221;fadeIn&#8221;]<\/p>\n<p class=\"title-h2\" style=\"text-align: center;\"><span style=\"color: #ffffff; font-size: 18pt;\">BUCHEN SIE JETZT<\/span><\/p>\n<p>[\/vc_column_text][vc_empty_space height=&#8221;10&#8243; el_id=&#8221;preise-boot&#8221;][\/vc_column][\/vc_row]<\/p>\n<\/div>","protected":false},"excerpt":{"rendered":"<p>[vc_row full_width=&#8221;stretch_row_content_no_spaces&#8221;][vc_column][vc_column_text css=&#8221;.vc_custom_1743521968931{background-color: #F6EB14 !important;background-position: center !important;background-repeat: no-repeat !important;background-size: cover !important;}&#8221; css_animation=&#8221;fadeIn&#8221;] SEGELBOOT [\/vc_column_text][\/vc_column][\/vc_row][vc_row][vc_column][vc_column_text] Die Walbeobachtung auf Teneriffa ist eine&#8230;<\/p>\n","protected":false},"featured_media":105691,"template":"","meta":{"_acf_changed":false,"_seopress_robots_primary_cat":"0","_seopress_titles_title":"Walbeobachtung Teneriffa, t\u00e4gliche Angebote f\u00fcr Bootsfahrten.","_seopress_titles_desc":"Walbeobachtung Teneriffa, machen Sie eine Bootsfahrt und begegnen Sie Walen und Delfinen in ihrem nat\u00fcrlichen Lebensraum.","_seopress_robots_index":""},"product_brand":[],"product_cat":[2769],"product_tag":[2805,2804,2803],"class_list":{"0":"post-105563","1":"product","2":"type-product","3":"status-publish","4":"has-post-thumbnail","6":"product_cat-bootsfahrten","7":"product_tag-segelboot-teneriffa","8":"product_tag-teneriffa-walbeobachtung","9":"product_tag-walbeobachtung-teneriffa","11":"first","12":"instock","13":"virtual","14":"sold-individually","15":"taxable","16":"purchasable","17":"product-type-booking"},"booking_location":"","booking_location_type":"","booking_duration":1,"booking_duration_unit":"day","booking_buffer":0,"booking_cost":0,"booking_resources":[],"acf":[],"_links":{"self":[{"href":"https:\/\/tenerife-trips.com\/de\/wp-json\/wp\/v2\/product\/105563","targetHints":{"allow":["GET"]}}],"collection":[{"href":"https:\/\/tenerife-trips.com\/de\/wp-json\/wp\/v2\/product"}],"about":[{"href":"https:\/\/tenerife-trips.com\/de\/wp-json\/wp\/v2\/types\/product"}],"wp:featuredmedia":[{"embeddable":true,"href":"https:\/\/tenerife-trips.com\/de\/wp-json\/wp\/v2\/media\/105691"}],"wp:attachment":[{"href":"https:\/\/tenerife-trips.com\/de\/wp-json\/wp\/v2\/media?parent=105563"}],"wp:term":[{"taxonomy":"product_brand","embeddable":true,"href":"https:\/\/tenerife-trips.com\/de\/wp-json\/wp\/v2\/product_brand?post=105563"},{"taxonomy":"product_cat","embeddable":true,"href":"https:\/\/tenerife-trips.com\/de\/wp-json\/wp\/v2\/product_cat?post=105563"},{"taxonomy":"product_tag","embeddable":true,"href":"https:\/\/tenerife-trips.com\/de\/wp-json\/wp\/v2\/product_tag?post=105563"}],"curies":[{"name":"wp","href":"https:\/\/api.w.org\/{rel}","templated":true}]}}