{"id":110546,"date":"2019-12-17T18:36:16","date_gmt":"2019-12-17T18:36:16","guid":{"rendered":"https:\/\/tenerife-trips.com\/?post_type=product&#038;p=110546"},"modified":"2026-03-27T16:08:57","modified_gmt":"2026-03-27T16:08:57","slug":"katamaran-teneriffa","status":"publish","type":"product","link":"https:\/\/tenerife-trips.com\/de\/product\/bootsfahrten\/katamaran-teneriffa\/","title":{"rendered":"Katamaran"},"content":{"rendered":"<div class=\"wpb-content-wrapper\"><p>[vc_row full_width=&#8221;stretch_row_content_no_spaces&#8221;][vc_column][vc_column_text css=&#8221;.vc_custom_1743519890488{background-color: #F6EB14 !important;background-position: center !important;background-repeat: no-repeat !important;background-size: cover !important;}&#8221; css_animation=&#8221;fadeIn&#8221;]<\/p>\n<h1 class=\"title-h2\" style=\"text-align: center;\"><span style=\"font-size: 18pt; color: #312c7a;\">Katamaran<\/span><\/h1>\n<p>[\/vc_column_text][\/vc_column][\/vc_row][vc_row][vc_column][vc_column_text]<\/p>\n<p style=\"text-align: center;\"><span style=\"font-size: 14pt;\">Die Walbeobachtung mit dem Katamaran Teneriffa ist eine Erfahrung, die Sie bei einem Besuch der Insel nicht verpassen sollten. Auf dieser Katamaranfahrt lernen Sie das reichhaltige Meeresleben der <a href=\"https:\/\/de.wikipedia.org\/wiki\/Kanarische_Inseln\" target=\"_blank\" rel=\"noopener\">Kanarischen Inseln<\/a> kennen.<\/span><\/p>\n<p style=\"text-decoration: underline; text-align: center;\"><span style=\"font-size: 14pt; color: #312c7a;\"><strong>\u21d3 Siehe weitere Beschreibung unten \u21d3<\/strong><\/span><\/p>\n<p>[\/vc_column_text][\/vc_column][\/vc_row][vc_row full_width=&#8221;stretch_row_content&#8221; full_height=&#8221;yes&#8221; css=&#8221;.vc_custom_1576192123211{background-color: #312c7a !important;background-position: center !important;background-repeat: no-repeat !important;background-size: cover !important;}&#8221;][vc_column]<div class=\"gem-vimeo gem-wrapbox gem-wrapbox-style-no-style rounded-corners gem-wrapbox-position-below\" style=\"width: 100%;\"><div class=\"gem-wrapbox-inner gem-ratio-style\" style=\"padding-top: 56.25%\"><iframe webkitallowfullscreen=\"true\" mozallowfullscreen=\"true\" allowfullscreen=\"true\" class=\"gem-wrapbox-element img-responsive\" frameborder=\"0\" scrolling=\"no\" marginheight=\"0\" marginwidth=\"0\" src=\"\/\/player.vimeo.com\/video\/326575374?title=0&amp;byline=0&amp;portrait=0 \"><\/iframe><\/div><\/div>[vc_empty_space]<div class=\"preloader\"><div class=\"preloader-spin\"><\/div><\/div> <div id=\"gem-gallery-69d25e106dae6\" class=\"gem-gallery gem-gallery-hover-zooming-blur\"> <div class=\"gem-gallery-item\"> <div class=\"gem-gallery-item-image\"> <a href=\"https:\/\/tenerife-trips.com\/wp-content\/uploads\/2019\/12\/catamaran-Tenerife-2-thegem-gallery-sidebar.jpg\" data-fancybox-group=\"gallery-69d25e106dae6\" data-full-image-url=\"https:\/\/tenerife-trips.com\/wp-content\/uploads\/2019\/12\/catamaran-Tenerife-2.jpg\"> <svg width=\"20\" height=\"10\"><path d=\"M 0,10 Q 9,9 10,0 Q 11,9 20,10\" \/><\/svg> <img src=\"https:\/\/tenerife-trips.com\/wp-content\/uploads\/2019\/12\/catamaran-Tenerife-2-thegem-post-thumb-small.jpg\" alt=\"catamaran Tenerife\" class=\"img-responsive\"> <span class=\"gem-gallery-caption slide-info\"> <\/span> <\/a> <span class=\"gem-gallery-line\"><\/span> <\/div> <\/div> <div class=\"gem-gallery-item\"> <div class=\"gem-gallery-item-image\"> <a href=\"https:\/\/tenerife-trips.com\/wp-content\/uploads\/2019\/12\/catamaran-Tenerife-8-thegem-gallery-sidebar.jpg\" data-fancybox-group=\"gallery-69d25e106dae6\" data-full-image-url=\"https:\/\/tenerife-trips.com\/wp-content\/uploads\/2019\/12\/catamaran-Tenerife-8.jpg\"> <svg width=\"20\" height=\"10\"><path d=\"M 0,10 Q 9,9 10,0 Q 11,9 20,10\" \/><\/svg> <img src=\"https:\/\/tenerife-trips.com\/wp-content\/uploads\/2019\/12\/catamaran-Tenerife-8-thegem-post-thumb-small.jpg\" alt=\"\" class=\"img-responsive\"> <span class=\"gem-gallery-caption slide-info\"> <\/span> <\/a> <span class=\"gem-gallery-line\"><\/span> <\/div> <\/div> <div class=\"gem-gallery-item\"> <div class=\"gem-gallery-item-image\"> <a href=\"https:\/\/tenerife-trips.com\/wp-content\/uploads\/2019\/12\/catamaran-Tenerife-1-2-thegem-gallery-sidebar.jpg\" data-fancybox-group=\"gallery-69d25e106dae6\" data-full-image-url=\"https:\/\/tenerife-trips.com\/wp-content\/uploads\/2019\/12\/catamaran-Tenerife-1-2.jpg\"> <svg width=\"20\" height=\"10\"><path d=\"M 0,10 Q 9,9 10,0 Q 11,9 20,10\" \/><\/svg> <img src=\"https:\/\/tenerife-trips.com\/wp-content\/uploads\/2019\/12\/catamaran-Tenerife-1-2-thegem-post-thumb-small.jpg\" alt=\"katamaran Teneriffa\" class=\"img-responsive\"> <span class=\"gem-gallery-caption slide-info\"> <\/span> <\/a> <span class=\"gem-gallery-line\"><\/span> <\/div> <\/div> <div class=\"gem-gallery-item\"> <div class=\"gem-gallery-item-image\"> <a href=\"https:\/\/tenerife-trips.com\/wp-content\/uploads\/2019\/12\/katamaran-Teneryfa-3-thegem-gallery-sidebar.jpg\" data-fancybox-group=\"gallery-69d25e106dae6\" data-full-image-url=\"https:\/\/tenerife-trips.com\/wp-content\/uploads\/2019\/12\/katamaran-Teneryfa-3.jpg\"> <svg width=\"20\" height=\"10\"><path d=\"M 0,10 Q 9,9 10,0 Q 11,9 20,10\" \/><\/svg> <img src=\"https:\/\/tenerife-trips.com\/wp-content\/uploads\/2019\/12\/katamaran-Teneryfa-3-thegem-post-thumb-small.jpg\" alt=\"katamaran Teneryfa\" class=\"img-responsive\"> <span class=\"gem-gallery-caption slide-info\"> <\/span> <\/a> <span class=\"gem-gallery-line\"><\/span> <\/div> <\/div> <div class=\"gem-gallery-item\"> <div class=\"gem-gallery-item-image\"> <a href=\"https:\/\/tenerife-trips.com\/wp-content\/uploads\/2019\/12\/catamaran-en-Tenerife-2-thegem-gallery-sidebar.jpg\" data-fancybox-group=\"gallery-69d25e106dae6\" data-full-image-url=\"https:\/\/tenerife-trips.com\/wp-content\/uploads\/2019\/12\/catamaran-en-Tenerife-2.jpg\"> <svg width=\"20\" height=\"10\"><path d=\"M 0,10 Q 9,9 10,0 Q 11,9 20,10\" \/><\/svg> <img src=\"https:\/\/tenerife-trips.com\/wp-content\/uploads\/2019\/12\/catamaran-en-Tenerife-2-thegem-post-thumb-small.jpg\" alt=\"catamaran en Tenerife\" class=\"img-responsive\"> <span class=\"gem-gallery-caption slide-info\"> <\/span> <\/a> <span class=\"gem-gallery-line\"><\/span> <\/div> <\/div> <div class=\"gem-gallery-item\"> <div class=\"gem-gallery-item-image\"> <a href=\"https:\/\/tenerife-trips.com\/wp-content\/uploads\/2019\/12\/catamaran-Tenerife-3-thegem-gallery-sidebar.jpg\" data-fancybox-group=\"gallery-69d25e106dae6\" data-full-image-url=\"https:\/\/tenerife-trips.com\/wp-content\/uploads\/2019\/12\/catamaran-Tenerife-3.jpg\"> <svg width=\"20\" height=\"10\"><path d=\"M 0,10 Q 9,9 10,0 Q 11,9 20,10\" \/><\/svg> <img src=\"https:\/\/tenerife-trips.com\/wp-content\/uploads\/2019\/12\/catamaran-Tenerife-3-thegem-post-thumb-small.jpg\" alt=\"\" class=\"img-responsive\"> <span class=\"gem-gallery-caption slide-info\"> <\/span> <\/a> <span class=\"gem-gallery-line\"><\/span> <\/div> <\/div> <div class=\"gem-gallery-item\"> <div class=\"gem-gallery-item-image\"> <a href=\"https:\/\/tenerife-trips.com\/wp-content\/uploads\/2019\/12\/catamaran-Tenerife-5-thegem-gallery-sidebar.jpg\" data-fancybox-group=\"gallery-69d25e106dae6\" data-full-image-url=\"https:\/\/tenerife-trips.com\/wp-content\/uploads\/2019\/12\/catamaran-Tenerife-5.jpg\"> <svg width=\"20\" height=\"10\"><path d=\"M 0,10 Q 9,9 10,0 Q 11,9 20,10\" \/><\/svg> <img src=\"https:\/\/tenerife-trips.com\/wp-content\/uploads\/2019\/12\/catamaran-Tenerife-5-thegem-post-thumb-small.jpg\" alt=\"\" class=\"img-responsive\"> <span class=\"gem-gallery-caption slide-info\"> <\/span> <\/a> <span class=\"gem-gallery-line\"><\/span> <\/div> <\/div> <div class=\"gem-gallery-item\"> <div class=\"gem-gallery-item-image\"> <a href=\"https:\/\/tenerife-trips.com\/wp-content\/uploads\/2019\/12\/catamarano-Tenerife-2-thegem-gallery-sidebar.jpg\" data-fancybox-group=\"gallery-69d25e106dae6\" data-full-image-url=\"https:\/\/tenerife-trips.com\/wp-content\/uploads\/2019\/12\/catamarano-Tenerife-2.jpg\"> <svg width=\"20\" height=\"10\"><path d=\"M 0,10 Q 9,9 10,0 Q 11,9 20,10\" \/><\/svg> <img src=\"https:\/\/tenerife-trips.com\/wp-content\/uploads\/2019\/12\/catamarano-Tenerife-2-thegem-post-thumb-small.jpg\" alt=\"catamarano Tenerife\" class=\"img-responsive\"> <span class=\"gem-gallery-caption slide-info\"> <\/span> <\/a> <span class=\"gem-gallery-line\"><\/span> <\/div> <\/div> <div class=\"gem-gallery-item\"> <div class=\"gem-gallery-item-image\"> <a href=\"https:\/\/tenerife-trips.com\/wp-content\/uploads\/2019\/12\/catamaran-Tenerife-2-1-thegem-gallery-sidebar.jpg\" data-fancybox-group=\"gallery-69d25e106dae6\" data-full-image-url=\"https:\/\/tenerife-trips.com\/wp-content\/uploads\/2019\/12\/catamaran-Tenerife-2-1.jpg\"> <svg width=\"20\" height=\"10\"><path d=\"M 0,10 Q 9,9 10,0 Q 11,9 20,10\" \/><\/svg> <img src=\"https:\/\/tenerife-trips.com\/wp-content\/uploads\/2019\/12\/catamaran-Tenerife-2-1-thegem-post-thumb-small.jpg\" alt=\"\" class=\"img-responsive\"> <span class=\"gem-gallery-caption slide-info\"> <\/span> <\/a> <span class=\"gem-gallery-line\"><\/span> <\/div> <\/div> <\/div>[vc_empty_space][\/vc_column][\/vc_row][vc_row full_width=&#8221;stretch_row&#8221; css=&#8221;.vc_custom_1577669794647{background-color: #312c7a !important;background-position: center !important;background-repeat: no-repeat !important;background-size: cover !important;}&#8221;][vc_column][vc_column_text css=&#8221;.vc_custom_1610120507078{background-position: center !important;background-repeat: no-repeat !important;background-size: cover !important;}&#8221; css_animation=&#8221;fadeIn&#8221;]<\/p>\n<h3 class=\"title-h2\" style=\"text-align: center;\"><span style=\"font-size: 18pt; color: #ffffff;\">BESCHREIBUNG<\/span><\/h3>\n<p>[\/vc_column_text][\/vc_column][\/vc_row][vc_row][vc_column][vc_tta_accordion style=&#8221;simple_solid&#8221; color=&#8221;blue&#8221; c_icon=&#8221;chevron&#8221; active_section=&#8221;0&#8243; collapsible_all=&#8221;true&#8221;][vc_tta_section title=&#8221;AUSFLUGSBESCHREIBUNG&#8221; tab_id=&#8221;1577669752813-9df83b3e-350fd056-84c137ae-c7520eb8-2fde&#8221;][vc_column_text css=&#8221;&#8221;]<\/p>\n<div id=\"pl-2135\" class=\"panel-layout\">\n<div id=\"pg-2135-0\" class=\"panel-grid panel-no-style\">\n<div id=\"pgc-2135-0-0\" class=\"panel-grid-cell\" data-weight=\"1\">\n<div id=\"panel-2135-0-0-0\" class=\"so-panel widget widget_sow-editor panel-first-child panel-last-child\" data-style=\"{&quot;background_display&quot;:&quot;tile&quot;,&quot;featured_widgets&quot;:&quot;&quot;}\" data-index=\"0\">\n<div class=\"so-widget-sow-editor so-widget-sow-editor-base\">\n<div class=\"siteorigin-widget-tinymce textwidget\">\n<h3><span style=\"font-size: 12pt;\">Als erstes m\u00fcssen wir sagen, dass der Katamaran Teneriffa eines der besten Boote auf der Insel ist. Das Boot f\u00e4hrt vom Haupthafen im S\u00fcden von <a href=\"https:\/\/www.google.es\/maps\/place\/Club+N%C3%A1utico+Puerto+Col%C3%B3n\/@28.0789597,-16.7405318,16z\/data=!4m5!3m4!1s0xc6a97434b7f61e7:0x95458b7c4f3e9053!8m2!3d28.0789597!4d-16.7361544\" target=\"_blank\" rel=\"noopener\">Puerto Colon<\/a> ab.<\/span><\/h3>\n<p>Zu Beginn der Reise verl\u00e4sst das Boot das Dock und f\u00e4hrt einige Kilometer vom Ufer entfernt. Hier ist es sehr einfach, <a href=\"https:\/\/de.wikipedia.org\/wiki\/Grindwal\" target=\"_blank\" rel=\"noopener\">Grindwale<\/a> und Delfine gl\u00fccklich und frei in ihrer nat\u00fcrlichen Umgebung zu beobachten. Die kanarische Regierung sch\u00fctzt und bewahrt ihren Lebensraum mit strengen Gesetzen.<\/p>\n<p>Nach dieser erstaunlichen Erfahrung mit dem Katamaran Teneriffa fahren wir an die K\u00fcste; dann halten wir in der N\u00e4he der Uferpromenade an. W\u00e4hrend dieser Zeit k\u00f6nnen Sie schwimmen, entspannen und essen. Im Falle der 3-st\u00fcndigen Reise ist der Ort, an dem wir die Pause machen, <a href=\"https:\/\/www.beach-inspector.com\/de\/b\/playa-de-diego-hernandez\" target=\"_blank\" rel=\"noopener\">Playa Diego Hernandez<\/a>; dies ist ein fantastischer Strand in der Gegend von La Caleta, Costa Adeje. F\u00fcr den 4,5-st\u00fcndigen Ausflug ist der Ort die Masca Bucht. Von hier aus k\u00f6nnen Sie die majest\u00e4tischen Klippen von Los Gigantes perfekt betrachten.<\/p>\n<h3><span style=\"font-size: 12pt;\">Sobald wir das Boot in der N\u00e4he der K\u00fcste verankert haben, versorgen wir Sie mit Essen und Getr\u00e4nken. F\u00fcr die kurze Reise erhalten Sie Sandwiches, w\u00e4hrend wir f\u00fcr die lange Reise Reis mit H\u00fchnerfleischb\u00e4llchen, Brot und kanarischen Bananen anbieten; als Getr\u00e4nke haben wir Wasser, Bier, Wein und alkoholfreie Getr\u00e4nke. An diesem Punkt des Ausflugs mit dem Katamaran Teneriffa k\u00f6nnen Sie in das unber\u00fchrte Wasser springen!<\/span><\/h3>\n<p>Wenn wir sicher sind, dass alle die Pause in vollen Z\u00fcgen genossen haben, verlassen wir den Hafen und kehren zum Hafen zur\u00fcck. Nach dem Ausflug bringen wir Sie zur\u00fcck zu Ihrer Unterkunft. Nat\u00fcrlich bringen wir Sie zu demselben Abholpunkt, an dem wir Sie abgeholt haben. Zusammenfassend ist der Katamaran Teneriffa definitiv eine der besten Reisen, die Sie bei einem Besuch der Insel unternehmen k\u00f6nnen!<\/p>\n<p><span style=\"color: #ff0000;\">Der Katamaran bietet eine VIP-Sonnenbankzone. Sonnenliegen sind nicht im Preis enthalten, es ist m\u00f6glich, sie w\u00e4hrend des Einsteigens zu buchen und zu bezahlen.<\/span><\/p>\n<\/div>\n<\/div>\n<\/div>\n<\/div>\n<\/div>\n<\/div>\n<p>[\/vc_column_text][\/vc_tta_section][vc_tta_section title=&#8221;ZEITPLAN UND ABHOLSERVICE&#8221; tab_id=&#8221;1577669752866-707b0c8d-67a8d056-84c137ae-c7520eb8-2fde&#8221;][vc_column_text]Der Abholservice ist im S\u00fcden und Westen Teneriffas verf\u00fcgbar <span style=\"color: #ff0000;\">(nur f\u00fcr den 4,5 st\u00fcndigen Ausflug auch von Puerto de La Cruz)<\/span>. Wir empfehlen Ihnen, sich vor der Buchung mit uns in Verbindung zu setzen und die Verf\u00fcgbarkeit von Transportmitteln aus Ihrer Region zu pr\u00fcfen.<\/p>\n<p><span style=\"text-decoration: underline; color: #ff0000;\">ZEITPLAN:<\/span><\/p>\n<p>Bitte erkundigen Sie sich bei unserem Kundenservice, an welchen Tagen der Ausflug m\u00f6glich ist. Der 3-st\u00fcndige Ausflug findet t\u00e4glich um 10:00 Uhr und die 4,5-st\u00fcndige Tour t\u00e4glich um 13:00 Uhr statt. Denken Sie daran, im Voraus zu buchen, um Platz zu finden!<\/p>\n<h6><strong>SEHEN SIE SICH DAS VIDEO AN, ERHALTEN SIE EINE IDEE, WAS ES IST, UND BUCHEN SIE ES JETZT!<\/strong><\/h6>\n<p>[\/vc_column_text][\/vc_tta_section][\/vc_tta_accordion]<style type=\"text\/css\">.thegem-button-69d25e106f5698104 .gem-button svg {fill: #ffffff;}.thegem-button-69d25e106f5698104 .gem-button:hover svg {fill: #312c7a;}<\/style><div class=\"gem-button-container gem-button-position-center thegem-button-69d25e106f5698104    \"  ><a class=\"gem-button gem-button-size-small gem-button-style-flat gem-button-text-weight-normal\" data-ll-effect=\"drop-right-without-wrap\" style=\"border-radius: 3px;background-color: #312c7a;color: #ffffff;\" onmouseleave=\"this.style.backgroundColor='#312c7a';this.style.color='#ffffff';\" onmouseenter=\"this.style.backgroundColor='#f6eb14';this.style.color='#312c7a';\" href=\"#preise-cata\" target=\"_self\">PREISE<\/a><\/div> [\/vc_column][\/vc_row][vc_row full_width=&#8221;stretch_row_content&#8221; css=&#8221;.vc_custom_1577474711662{background-color: #312c7a !important;background-position: center !important;background-repeat: no-repeat !important;background-size: cover !important;}&#8221;][vc_column][vc_column_text css=&#8221;.vc_custom_1610146191001{background-position: center !important;background-repeat: no-repeat !important;background-size: cover !important;}&#8221; css_animation=&#8221;fadeIn&#8221;]<\/p>\n<p class=\"title-h2\" style=\"text-align: center;\"><span style=\"color: #ffffff; font-size: 18pt;\">BUCHEN SIE JETZT<\/span><\/p>\n<p>[\/vc_column_text][vc_empty_space height=&#8221;10&#8243; el_id=&#8221;preise-cata&#8221;][\/vc_column][\/vc_row]<\/p>\n<\/div>","protected":false},"excerpt":{"rendered":"<p>[vc_row full_width=&#8221;stretch_row_content_no_spaces&#8221;][vc_column][vc_column_text css=&#8221;.vc_custom_1743519890488{background-color: #F6EB14 !important;background-position: center !important;background-repeat: no-repeat !important;background-size: cover !important;}&#8221; css_animation=&#8221;fadeIn&#8221;] Katamaran [\/vc_column_text][\/vc_column][\/vc_row][vc_row][vc_column][vc_column_text] Die Walbeobachtung mit dem Katamaran Teneriffa&#8230;<\/p>\n","protected":false},"featured_media":412468,"template":"","meta":{"_acf_changed":false,"_seopress_robots_primary_cat":"2769","_seopress_titles_title":"Katamaran Teneriffa, erstklassige Bootsfahrt zur Walbeobachtung","_seopress_titles_desc":"Genie\u00dfen Sie Ihren Urlaub auf dem Katamaran Teneriffa und entdecken Sie das Meeresleben auf den Kanarischen Inseln. Verpassen Sie es nicht!","_seopress_robots_index":""},"product_brand":[],"product_cat":[2769],"product_tag":[2810,2809],"class_list":{"0":"post-110546","1":"product","2":"type-product","3":"status-publish","4":"has-post-thumbnail","6":"product_cat-bootsfahrten","7":"product_tag-katamaran-auf-teneriffa","8":"product_tag-katamaran-teneriffa","10":"first","11":"instock","12":"virtual","13":"sold-individually","14":"taxable","15":"purchasable","16":"product-type-booking"},"booking_location":"","booking_location_type":"","booking_duration":1,"booking_duration_unit":"day","booking_buffer":0,"booking_cost":0,"booking_resources":[],"acf":[],"_links":{"self":[{"href":"https:\/\/tenerife-trips.com\/de\/wp-json\/wp\/v2\/product\/110546","targetHints":{"allow":["GET"]}}],"collection":[{"href":"https:\/\/tenerife-trips.com\/de\/wp-json\/wp\/v2\/product"}],"about":[{"href":"https:\/\/tenerife-trips.com\/de\/wp-json\/wp\/v2\/types\/product"}],"wp:featuredmedia":[{"embeddable":true,"href":"https:\/\/tenerife-trips.com\/de\/wp-json\/wp\/v2\/media\/412468"}],"wp:attachment":[{"href":"https:\/\/tenerife-trips.com\/de\/wp-json\/wp\/v2\/media?parent=110546"}],"wp:term":[{"taxonomy":"product_brand","embeddable":true,"href":"https:\/\/tenerife-trips.com\/de\/wp-json\/wp\/v2\/product_brand?post=110546"},{"taxonomy":"product_cat","embeddable":true,"href":"https:\/\/tenerife-trips.com\/de\/wp-json\/wp\/v2\/product_cat?post=110546"},{"taxonomy":"product_tag","embeddable":true,"href":"https:\/\/tenerife-trips.com\/de\/wp-json\/wp\/v2\/product_tag?post=110546"}],"curies":[{"name":"wp","href":"https:\/\/api.w.org\/{rel}","templated":true}]}}