{"id":113231,"date":"2018-01-26T15:10:45","date_gmt":"2018-01-26T15:10:45","guid":{"rendered":"https:\/\/tenerife-trips.com\/?post_type=product&#038;p=113231"},"modified":"2026-03-14T09:58:30","modified_gmt":"2026-03-14T09:58:30","slug":"boot-mieten-teneriffa","status":"publish","type":"product","link":"https:\/\/tenerife-trips.com\/de\/product\/bootsfahrten\/boot-mieten-teneriffa\/","title":{"rendered":"Privater Ausflug"},"content":{"rendered":"<div class=\"wpb-content-wrapper\"><p>[vc_row full_width=&#8221;stretch_row_content_no_spaces&#8221;][vc_column][vc_column_text css=&#8221;.vc_custom_1743521097688{background-color: #F6EB14 !important;background-position: center !important;background-repeat: no-repeat !important;background-size: cover !important;}&#8221; css_animation=&#8221;fadeIn&#8221;]<\/p>\n<h1 class=\"title-h2\" style=\"text-align: center;\"><span style=\"font-size: 18pt; color: #312c7a;\">Privater Ausflug<\/span><\/h1>\n<p>[\/vc_column_text][\/vc_column][\/vc_row][vc_row][vc_column][vc_column_text]<\/p>\n<p style=\"text-align: center;\"><span style=\"font-size: 14pt;\">Boot mieten Teneriffa, holen Sie sich ein Boot nur f\u00fcr sich selbst und lernen Sie das reichhaltige Meeresleben der <a href=\"https:\/\/de.wikipedia.org\/wiki\/Kanarische_Inseln\" target=\"_blank\" rel=\"noopener\">Kanarischen Inseln<\/a> kennen. Das Meer zwischen Teneriffa und La Gomera ist ein Naturschutzgebiet. Die kanarische Regierung sch\u00fctzt und bewahrt sie mit strengen Gesetzen.<\/span><\/p>\n<p style=\"text-align: center;\"><span style=\"font-size: 14pt;\"><strong>\u21d3 Siehe weitere Beschreibung unten \u21d3<\/strong><\/span><\/p>\n<p>[\/vc_column_text][\/vc_column][\/vc_row][vc_row full_width=&#8221;stretch_row_content&#8221; full_height=&#8221;yes&#8221; css=&#8221;.vc_custom_1576192123211{background-color: #312c7a !important;background-position: center !important;background-repeat: no-repeat !important;background-size: cover !important;}&#8221;][vc_column]<div class=\"gem-vimeo gem-wrapbox gem-wrapbox-style-no-style rounded-corners gem-wrapbox-position-below\" style=\"width: 100%;\"><div class=\"gem-wrapbox-inner gem-ratio-style\" style=\"padding-top: 56.25%\"><iframe webkitallowfullscreen=\"true\" mozallowfullscreen=\"true\" allowfullscreen=\"true\" class=\"gem-wrapbox-element img-responsive\" frameborder=\"0\" scrolling=\"no\" marginheight=\"0\" marginwidth=\"0\" src=\"\/\/player.vimeo.com\/video\/379473040?title=0&amp;byline=0&amp;portrait=0 \"><\/iframe><\/div><\/div>[vc_empty_space]<div class=\"preloader\"><div class=\"preloader-spin\"><\/div><\/div> <div id=\"gem-gallery-69dec33063924\" class=\"gem-gallery gem-gallery-hover-zooming-blur\"> <div class=\"gem-gallery-item\"> <div class=\"gem-gallery-item-image\"> <a href=\"https:\/\/tenerife-trips.com\/wp-content\/uploads\/2021\/02\/kleines-segelboot-1-thegem-gallery-sidebar.png\" data-fancybox-group=\"gallery-69dec33063924\" data-full-image-url=\"https:\/\/tenerife-trips.com\/wp-content\/uploads\/2021\/02\/kleines-segelboot-1.png\"> <svg width=\"20\" height=\"10\"><path d=\"M 0,10 Q 9,9 10,0 Q 11,9 20,10\" \/><\/svg> <img src=\"https:\/\/tenerife-trips.com\/wp-content\/uploads\/2021\/02\/kleines-segelboot-1-thegem-post-thumb-small.png\" alt=\"\" class=\"img-responsive\"> <span class=\"gem-gallery-caption slide-info\"> <\/span> <\/a> <span class=\"gem-gallery-line\"><\/span> <\/div> <\/div> <div class=\"gem-gallery-item\"> <div class=\"gem-gallery-item-image\"> <a href=\"https:\/\/tenerife-trips.com\/wp-content\/uploads\/2021\/02\/Segelboot-scaled-thegem-gallery-sidebar.png\" data-fancybox-group=\"gallery-69dec33063924\" data-full-image-url=\"https:\/\/tenerife-trips.com\/wp-content\/uploads\/2021\/02\/Segelboot-scaled.png\"> <svg width=\"20\" height=\"10\"><path d=\"M 0,10 Q 9,9 10,0 Q 11,9 20,10\" \/><\/svg> <img src=\"https:\/\/tenerife-trips.com\/wp-content\/uploads\/2021\/02\/Segelboot-scaled-thegem-post-thumb-small.png\" alt=\"\" class=\"img-responsive\"> <span class=\"gem-gallery-caption slide-info\"> <\/span> <\/a> <span class=\"gem-gallery-line\"><\/span> <\/div> <\/div> <div class=\"gem-gallery-item\"> <div class=\"gem-gallery-item-image\"> <a href=\"https:\/\/tenerife-trips.com\/wp-content\/uploads\/2019\/12\/RIB-thegem-gallery-sidebar.png\" data-fancybox-group=\"gallery-69dec33063924\" data-full-image-url=\"https:\/\/tenerife-trips.com\/wp-content\/uploads\/2019\/12\/RIB.png\"> <svg width=\"20\" height=\"10\"><path d=\"M 0,10 Q 9,9 10,0 Q 11,9 20,10\" \/><\/svg> <img src=\"https:\/\/tenerife-trips.com\/wp-content\/uploads\/2019\/12\/RIB-thegem-post-thumb-small.png\" alt=\"\" class=\"img-responsive\"> <span class=\"gem-gallery-caption slide-info\"> <\/span> <\/a> <span class=\"gem-gallery-line\"><\/span> <\/div> <\/div> <div class=\"gem-gallery-item\"> <div class=\"gem-gallery-item-image\"> <a href=\"https:\/\/tenerife-trips.com\/wp-content\/uploads\/2021\/02\/Power-Boot-thegem-gallery-sidebar.png\" data-fancybox-group=\"gallery-69dec33063924\" data-full-image-url=\"https:\/\/tenerife-trips.com\/wp-content\/uploads\/2021\/02\/Power-Boot.png\"> <svg width=\"20\" height=\"10\"><path d=\"M 0,10 Q 9,9 10,0 Q 11,9 20,10\" \/><\/svg> <img src=\"https:\/\/tenerife-trips.com\/wp-content\/uploads\/2021\/02\/Power-Boot-thegem-post-thumb-small.png\" alt=\"\" class=\"img-responsive\"> <span class=\"gem-gallery-caption slide-info\"> <\/span> <\/a> <span class=\"gem-gallery-line\"><\/span> <\/div> <\/div> <div class=\"gem-gallery-item\"> <div class=\"gem-gallery-item-image\"> <a href=\"https:\/\/tenerife-trips.com\/wp-content\/uploads\/2021\/02\/Boot-mieten-Teneriffa-1-thegem-gallery-sidebar.png\" data-fancybox-group=\"gallery-69dec33063924\" data-full-image-url=\"https:\/\/tenerife-trips.com\/wp-content\/uploads\/2021\/02\/Boot-mieten-Teneriffa-1.png\"> <svg width=\"20\" height=\"10\"><path d=\"M 0,10 Q 9,9 10,0 Q 11,9 20,10\" \/><\/svg> <img src=\"https:\/\/tenerife-trips.com\/wp-content\/uploads\/2021\/02\/Boot-mieten-Teneriffa-1-thegem-post-thumb-small.png\" alt=\"Boot mieten Teneriffa\" class=\"img-responsive\"> <span class=\"gem-gallery-caption slide-info\"> <\/span> <\/a> <span class=\"gem-gallery-line\"><\/span> <\/div> <\/div> <div class=\"gem-gallery-item\"> <div class=\"gem-gallery-item-image\"> <a href=\"https:\/\/tenerife-trips.com\/wp-content\/uploads\/2020\/08\/katamaran-1-thegem-gallery-sidebar.jpg\" data-fancybox-group=\"gallery-69dec33063924\" data-full-image-url=\"https:\/\/tenerife-trips.com\/wp-content\/uploads\/2020\/08\/katamaran-1.jpg\"> <svg width=\"20\" height=\"10\"><path d=\"M 0,10 Q 9,9 10,0 Q 11,9 20,10\" \/><\/svg> <img src=\"https:\/\/tenerife-trips.com\/wp-content\/uploads\/2020\/08\/katamaran-1-thegem-post-thumb-small.jpg\" alt=\"katamaran Tenerife\" class=\"img-responsive\"> <span class=\"gem-gallery-caption slide-info\"> <\/span> <\/a> <span class=\"gem-gallery-line\"><\/span> <\/div> <\/div> <\/div>[vc_empty_space][\/vc_column][\/vc_row][vc_row full_width=&#8221;stretch_row&#8221; css=&#8221;.vc_custom_1577671947115{background-color: #312c7a !important;background-position: center !important;background-repeat: no-repeat !important;background-size: cover !important;}&#8221;][vc_column][vc_column_text]<\/p>\n<h3 style=\"text-align: center;\"><span style=\"color: #ffffff; font-size: 18pt;\">BESCHREIBUNG<\/span><\/h3>\n<p>[\/vc_column_text][\/vc_column][\/vc_row][vc_row full_width=&#8221;stretch_row_content&#8221;][vc_column][vc_tta_accordion style=&#8221;simple_solid&#8221; shape=&#8221;square&#8221; color=&#8221;blue&#8221; c_icon=&#8221;chevron&#8221; active_section=&#8221;-0&#8243; css_animation=&#8221;fadeIn&#8221; no_fill=&#8221;true&#8221; collapsible_all=&#8221;true&#8221;][vc_tta_section title=&#8221;AUSFLUGSBESCHREIBUNG&#8221; tab_id=&#8221;1576979714538-e8f5c501-90438ab6-98ae&#8221;][vc_column_text css=&#8221;&#8221;]<\/p>\n<h3><span style=\"font-size: 12pt;\">Boot mieten Teneriffa, Wenn Sie etwas Exklusiveres suchen, ist dies definitiv die richtige Option f\u00fcr Sie und Ihre Freunde! Diese private Bootsfahrt kann 3 oder mehr Stunden dauern (je nach Ihren Bed\u00fcrfnissen) und entspricht genau den Angaben auf der jeweiligen Seite jedes Bootes.<\/span><\/h3>\n<p style=\"text-align: center;\"><span style=\"font-size: 14pt; color: #ff6600;\"><strong>Hier unten finden Sie die Boote, die Sie f\u00fcr Ihren privaten Ausflug ausw\u00e4hlen k\u00f6nnen:<\/strong><\/span><\/p>\n<p>&nbsp;<\/p>\n<p style=\"text-align: center;\"><span style=\"font-size: 14pt; color: #ff0000;\"><span style=\"text-decoration: underline;\"><strong>Kleines Segelboot:<\/strong><\/span>\u00a0 \u00a0maximal 6 Personen<\/span><\/p>\n<h3><span style=\"font-size: 12pt;\"><img alt=\"\" class=\"aligncenter wp-image-434589\" src=\"https:\/\/tenerife-trips.com\/wp-content\/uploads\/2018\/01\/sailing-boat-10m-1024x576.png\" alt=\"\" width=\"960\" height=\"540\" \/><\/span><\/h3>\n<hr \/>\n<p>&nbsp;<\/p>\n<p style=\"text-align: center;\"><span style=\"color: #ff0000; font-size: 14pt;\"><span style=\"text-decoration: underline;\"><strong>Segelboot:<\/strong>\u00a0<\/span> \u00a0maximal 11 Personen<\/span><\/p>\n<p><img class=\"aligncenter wp-image-139984\" src=\"https:\/\/tenerife-trips.com\/wp-content\/uploads\/2019\/12\/whale-watching-Tenerife-2-1-1024x575.jpg\" alt=\"whale watching Tenerife\" width=\"960\" height=\"539\" srcset=\"https:\/\/tenerife-trips.com\/wp-content\/uploads\/2019\/12\/whale-watching-Tenerife-2-1-1024x575.jpg 1024w, https:\/\/tenerife-trips.com\/wp-content\/uploads\/2019\/12\/whale-watching-Tenerife-2-1-scaled-600x337.jpg 600w, https:\/\/tenerife-trips.com\/wp-content\/uploads\/2019\/12\/whale-watching-Tenerife-2-1-scaled-300x169.jpg 300w, https:\/\/tenerife-trips.com\/wp-content\/uploads\/2019\/12\/whale-watching-Tenerife-2-1-768x432.jpg 768w, https:\/\/tenerife-trips.com\/wp-content\/uploads\/2019\/12\/whale-watching-Tenerife-2-1-1536x863.jpg 1536w, https:\/\/tenerife-trips.com\/wp-content\/uploads\/2019\/12\/whale-watching-Tenerife-2-1-2048x1151.jpg 2048w\" sizes=\"(max-width: 960px) 100vw, 960px\" \/><\/p>\n<hr \/>\n<p>&nbsp;<\/p>\n<p style=\"text-align: center;\"><span style=\"color: #ff0000; font-size: 14pt;\"><strong>RIB: <\/strong>\u00a0 Maximal 8 Personen, mit diesem Boot ist es auch m\u00f6glich, in einer 5-st\u00fcndigen Fahrt nach Los Gigantes zu fahren. Dieses Boot hat keine Genehmigung zur Walbeobachtung.<\/span><\/p>\n<h3><span style=\"font-size: 12pt;\"><img alt=\"\" class=\"aligncenter wp-image-69910 size-full\" src=\"https:\/\/tenerife-trips.com\/wp-content\/uploads\/2018\/01\/A.png\" alt=\"\" width=\"960\" height=\"539\" srcset=\"https:\/\/tenerife-trips.com\/wp-content\/uploads\/2018\/01\/A.png 960w, https:\/\/tenerife-trips.com\/wp-content\/uploads\/2018\/01\/A-600x337.png 600w, https:\/\/tenerife-trips.com\/wp-content\/uploads\/2018\/01\/A-300x168.png 300w, https:\/\/tenerife-trips.com\/wp-content\/uploads\/2018\/01\/A-768x431.png 768w\" sizes=\"(max-width: 960px) 100vw, 960px\" \/><\/span><\/h3>\n<hr \/>\n<p>&nbsp;<\/p>\n<p style=\"text-align: center;\"><span style=\"font-size: 14pt;\"><span style=\"color: #ff0000;\"><span style=\"text-decoration: underline;\"><strong>Power Boot:<\/strong><\/span>\u00a0 \u00a0maximal 12 Personen,<\/span> siehe Seite <a href=\"https:\/\/tenerife-trips.com\/product\/bootsfahrten\/power-boot\/?lang=de\" target=\"_blank\" rel=\"noopener\">hier<\/a><\/span><\/p>\n<p><img class=\"aligncenter wp-image-43747\" src=\"https:\/\/tenerife-trips.com\/wp-content\/uploads\/2019\/12\/2-1.jpg\" alt=\"whales in Tenerife\" width=\"960\" height=\"539\" \/><\/p>\n<hr \/>\n<p>&nbsp;<\/p>\n<p style=\"text-align: center;\"><span style=\"font-size: 14pt;\"><span style=\"color: #ff0000;\"><strong><span style=\"text-decoration: underline;\">Luxusboot:<\/span>\u00a0 \u00a0<\/strong>maximal 12 Personen,<\/span> siehe Seite <a href=\"https:\/\/tenerife-trips.com\/product\/bootsfahrten\/bootstour-teneriffa\/?lang=de\" target=\"_blank\" rel=\"noopener\">hier<\/a><\/span><\/p>\n<p><strong><img alt=\"\" class=\"aligncenter wp-image-77027\" src=\"https:\/\/tenerife-trips.com\/wp-content\/uploads\/2018\/01\/private-charter-3-1024x576.jpg\" alt=\"\" width=\"960\" height=\"540\" srcset=\"https:\/\/tenerife-trips.com\/wp-content\/uploads\/2018\/01\/private-charter-3-1024x576.jpg 1024w, https:\/\/tenerife-trips.com\/wp-content\/uploads\/2018\/01\/private-charter-3-600x338.jpg 600w, https:\/\/tenerife-trips.com\/wp-content\/uploads\/2018\/01\/private-charter-3-300x169.jpg 300w, https:\/\/tenerife-trips.com\/wp-content\/uploads\/2018\/01\/private-charter-3-768x432.jpg 768w, https:\/\/tenerife-trips.com\/wp-content\/uploads\/2018\/01\/private-charter-3.jpg 1280w\" sizes=\"(max-width: 960px) 100vw, 960px\" \/><\/strong><\/p>\n<hr \/>\n<p>&nbsp;<\/p>\n<p style=\"text-align: center;\"><span style=\"font-size: 14pt; color: #ff0000;\"><span style=\"text-decoration: underline;\"><strong>Katamaran:<\/strong><\/span>\u00a0 \u00a0maximal 50 Personen<\/span><\/p>\n<p><img alt=\"\" class=\"aligncenter wp-image-350447\" src=\"https:\/\/tenerife-trips.com\/wp-content\/uploads\/2018\/01\/9-1-1024x577.jpg\" alt=\"\" width=\"960\" height=\"541\" \/><\/p>\n<h3><\/h3>\n<hr \/>\n<h3><span style=\"font-size: 12pt;\">F\u00fcr alle Optionen f\u00fcr das Boot mieten Teneriffa m\u00fcssen Sie nach <a href=\"https:\/\/www.google.com\/search?q=puerto%20colon&amp;oq=puerto+colon&amp;aqs=chrome.0.0l2j46l2j0j46i175i199l2j0j46i175i199j0.2708j0j15&amp;sourceid=chrome&amp;ie=UTF-8&amp;tbs=lf:1,lf_ui:2&amp;tbm=lcl&amp;rflfq=1&amp;num=10&amp;rldimm=15430252968124252743&amp;lqi=CgxwdWVydG8gY29sb25I_-6vu5mrgIAIWiQKDHB1ZXJ0byBjb2xvbhAAEAEYABgBIgxwdWVydG8gY29sb26SAQZtYXJpbmGqARQQASoQIgxwdWVydG8gY29sb24oDg&amp;ved=2ahUKEwjLgZX3_ILvAhUwRxUIHaTLA50QvS4wBXoECAIQLg&amp;rlst=f#rlfi=hd:;si:15430252968124252743;mv:[[28.080022,-16.735095],[28.077264600000003,-16.738061400000003]]\" target=\"_blank\" rel=\"noopener\">PUERTO COLON<\/a>; Dies ist der Haupthafen in Playa de Las Americas, wo wir unsere Boote ankern. Sobald alle an Bord sind, verlassen wir den Ponton und beginnen unsere Reise auf der Suche nach Delfinen und Walen.<\/span><\/h3>\n<p><span style=\"font-size: 14pt;\"><strong>Wirst du wirklich Meereslebewesen sehen?<\/strong><\/span><\/p>\n<p><span style=\"font-size: 14pt;\">Ja, die Chancen auf eine solche Begegnung sind in der Tat sehr hoch. Die grindwale schwimmen langsam und sie kommen oft aus dem Wasser, um zu atmen. Die Erwachsenen k\u00f6nnen bis zu 7 Meter lang werden und oft sieht man Gruppen mit Babys. Die Delfine sind \u00e4u\u00dferst kontaktfreudig, Sie spielen gerne folgende Boote und springen neben ihnen her; vor allem ist die h\u00e4ufigste Art, die wir in Teneriffa finden, der <a href=\"https:\/\/de.wikipedia.org\/wiki\/Gro%C3%9Fer_T%C3%BCmmler\" target=\"_blank\" rel=\"noopener\">GROSSE T\u00dcMMLER.<\/a><\/span><\/p>\n<p><span style=\"font-size: 14pt;\">Nach dieser erstaunlichen Erfahrung fahren wir an die K\u00fcste. Wir halten ungef\u00e4hr eine Stunde in K\u00fcstenn\u00e4he an. Normalerweise ist der Ort <a href=\"https:\/\/www.beach-inspector.com\/de\/b\/playa-de-diego-hernandez\" target=\"_blank\" rel=\"noopener\">Playa Diego Hernandez<\/a>, ein nat\u00fcrlicher Sandstrand an der Costa Adeje. W\u00e4hrend dieser Zeit versorgen wir Sie mit Speisen und Getr\u00e4nken (alkoholfreie Getr\u00e4nke, Wasser, Bier un Wein); wenn Sie m\u00f6chten, k\u00f6nnen Sie mit unserer Schnorchelausr\u00fcstung schwimmen. Wenn wir sicher sind, dass alle die Pause in vollen Z\u00fcgen genossen haben, fahren wir ab und kehren zum Hafen zur\u00fcck.<\/span><\/p>\n<h3><span style=\"font-size: 12pt;\">Boot mieten Teneriffa, dies ist die beste Option f\u00fcr ein exklusives Erlebnis!<\/span><\/h3>\n<p>[\/vc_column_text][\/vc_tta_section][vc_tta_section title=&#8221;ZEITPLAN UND ABHOLSERVICE&#8221; tab_id=&#8221;1576979714565-7b0ce58d-0acc8ab6-98ae&#8221;][vc_column_text css=&#8221;&#8221;]<span style=\"font-size: 14pt;\"><span style=\"color: #ff0000;\">Der Transportservice ist nur f\u00fcr Segelboote im Gebiet zwischen Los Gigantes und Golf del Sur verf\u00fcgbar. Dieser Service ist kostenpflichtig.<\/span> Bitte erfragen Sie Details bei unserem Kundenservice. F\u00fcr die anderen Boote m\u00fcssen Sie nach <a href=\"https:\/\/maps.app.goo.gl\/5y9GJZR7j2fYeLmKA\" target=\"_blank\" rel=\"noopener\">Puerto Colon<\/a> fahren.<\/span><\/p>\n<p><span style=\"text-decoration: underline; font-size: 14pt;\"><span style=\"color: #ff0000; text-decoration: underline;\">ZEITPLAN:<\/span><\/span><\/p>\n<p><span style=\"font-size: 14pt;\"><strong>Kleines Segelboot:\u00a0 \u00a0<\/strong>maximal 6 Personen, Abfahrt t\u00e4glich um 09:30, 13:00 Uhr und im Sommer um 16:30 Uhr.<\/span><\/p>\n<p><span style=\"font-size: 14pt;\"><strong>Segelboot: <\/strong>\u00a0 maximal 11 Personen, Abfahrt t\u00e4glich um 10:00, 13:00 Uhr und im Sommer um 16:00 Uhr.<\/span><\/p>\n<p><span style=\"font-size: 14pt;\"><strong>RIB:\u00a0 \u00a0<\/strong>maximal 8 Personen, Abfahrt t\u00e4glich um 10:30 und 14:00 Uhr.<\/span><\/p>\n<p><span style=\"font-size: 14pt;\"><strong>Power Boot:<\/strong>\u00a0 \u00a0maximal 12 Personen, Abfahrt t\u00e4glich um 10:30, 14:00 und 17:30 Uhr.<\/span><\/p>\n<p><span style=\"font-size: 14pt;\"><strong>Luxusboot:\u00a0 \u00a0<\/strong>maximal 12 Personen, Abfahrt t\u00e4glich um 10:00 und 13:30 Uhr.<\/span><\/p>\n<p><span style=\"font-size: 14pt;\"><strong>Katamaran:<\/strong>\u00a0 \u00a0maximal 50 Personen, jederzeit vom Kunden ausgew\u00e4hlt.<\/span><\/p>\n<p><span style=\"font-size: 14pt;\"><strong>Schauen Sie sich also die Seite jedes Bootes an, machen Sie sich ein Bild von der Reise und buchen Sie sie jetzt!<\/strong><\/span>[\/vc_column_text][\/vc_tta_section][\/vc_tta_accordion]<style type=\"text\/css\">.thegem-button-69dec330650aa5331 .gem-button svg {fill: #ffffff;}.thegem-button-69dec330650aa5331 .gem-button:hover svg {fill: #312c7a;}<\/style><div class=\"gem-button-container gem-button-position-center thegem-button-69dec330650aa5331    \"  ><a class=\"gem-button gem-button-size-small gem-button-style-flat gem-button-text-weight-normal\" data-ll-effect=\"drop-right-without-wrap\" style=\"border-radius: 3px;background-color: #312c7a;color: #ffffff;\" onmouseleave=\"this.style.backgroundColor='#312c7a';this.style.color='#ffffff';\" onmouseenter=\"this.style.backgroundColor='#f6eb14';this.style.color='#312c7a';\" href=\"#preise-charter\" target=\"_self\">PREISE<\/a><\/div> [\/vc_column][\/vc_row][vc_row full_width=&#8221;stretch_row_content&#8221; css=&#8221;.vc_custom_1577477346891{background-color: #312c7a !important;background-position: center !important;background-repeat: no-repeat !important;background-size: cover !important;}&#8221;][vc_column][vc_column_text]<\/p>\n<h3 style=\"text-align: center;\"><span style=\"color: #ffffff;\"><strong><span style=\"font-size: 18pt;\">buchen sie jetzt<\/span><\/strong><\/span><\/h3>\n<p>[\/vc_column_text][vc_empty_space height=&#8221;10px&#8221; el_id=&#8221;preise-charter&#8221;][\/vc_column][\/vc_row]<\/p>\n<\/div>","protected":false},"excerpt":{"rendered":"<p>[vc_row full_width=&#8221;stretch_row_content_no_spaces&#8221;][vc_column][vc_column_text css=&#8221;.vc_custom_1743521097688{background-color: #F6EB14 !important;background-position: center !important;background-repeat: no-repeat !important;background-size: cover !important;}&#8221; css_animation=&#8221;fadeIn&#8221;] Privater Ausflug [\/vc_column_text][\/vc_column][\/vc_row][vc_row][vc_column][vc_column_text] Boot mieten Teneriffa, holen Sie&#8230;<\/p>\n","protected":false},"featured_media":113251,"template":"","meta":{"_acf_changed":false,"_seopress_robots_primary_cat":"none","_seopress_titles_title":"Boot mieten Teneriffa, machen Sie eine private Bootsfahrt.","_seopress_titles_desc":"Boot mieten Teneriffa, machen Sie eine private Bootsfahrt auf Teneriffa und beobachten Sie Wale und Delfine in ihrer nat\u00fcrlichen Umgebung","_seopress_robots_index":""},"product_brand":[],"product_cat":[2769],"product_tag":[2811,2813,2812],"class_list":{"0":"post-113231","1":"product","2":"type-product","3":"status-publish","4":"has-post-thumbnail","6":"product_cat-bootsfahrten","7":"product_tag-boot-mieten-teneriffa","8":"product_tag-bootsverleih-teneriffa","9":"product_tag-teneriffa-boot-mieten","11":"first","12":"instock","13":"virtual","14":"sold-individually","15":"taxable","16":"purchasable","17":"product-type-booking"},"booking_location":"","booking_location_type":"","booking_duration":1,"booking_duration_unit":"day","booking_buffer":0,"booking_cost":0,"booking_resources":[],"acf":[],"_links":{"self":[{"href":"https:\/\/tenerife-trips.com\/de\/wp-json\/wp\/v2\/product\/113231","targetHints":{"allow":["GET"]}}],"collection":[{"href":"https:\/\/tenerife-trips.com\/de\/wp-json\/wp\/v2\/product"}],"about":[{"href":"https:\/\/tenerife-trips.com\/de\/wp-json\/wp\/v2\/types\/product"}],"wp:featuredmedia":[{"embeddable":true,"href":"https:\/\/tenerife-trips.com\/de\/wp-json\/wp\/v2\/media\/113251"}],"wp:attachment":[{"href":"https:\/\/tenerife-trips.com\/de\/wp-json\/wp\/v2\/media?parent=113231"}],"wp:term":[{"taxonomy":"product_brand","embeddable":true,"href":"https:\/\/tenerife-trips.com\/de\/wp-json\/wp\/v2\/product_brand?post=113231"},{"taxonomy":"product_cat","embeddable":true,"href":"https:\/\/tenerife-trips.com\/de\/wp-json\/wp\/v2\/product_cat?post=113231"},{"taxonomy":"product_tag","embeddable":true,"href":"https:\/\/tenerife-trips.com\/de\/wp-json\/wp\/v2\/product_tag?post=113231"}],"curies":[{"name":"wp","href":"https:\/\/api.w.org\/{rel}","templated":true}]}}