{"id":120886,"date":"2018-01-16T19:41:31","date_gmt":"2018-01-16T19:41:31","guid":{"rendered":"https:\/\/tenerife-trips.com\/?post_type=product&#038;p=120886"},"modified":"2025-12-03T11:12:31","modified_gmt":"2025-12-03T11:12:31","slug":"teide-tour","status":"publish","type":"product","link":"https:\/\/tenerife-trips.com\/de\/product\/bustouren\/teide-tour\/","title":{"rendered":"Teide Tour"},"content":{"rendered":"<div class=\"wpb-content-wrapper\"><p>[vc_row full_width=&#8221;stretch_row_content_no_spaces&#8221;][vc_column][vc_column_text css=&#8221;.vc_custom_1743522025008{background-color: #F6EB14 !important;background-position: center !important;background-repeat: no-repeat !important;background-size: cover !important;}&#8221; css_animation=&#8221;fadeIn&#8221;]<\/p>\n<h1 class=\"title-h2\" style=\"text-align: center;\"><span style=\"font-size: 18pt; color: #312c7a;\">Teide Tour<\/span><\/h1>\n<p>[\/vc_column_text][\/vc_column][\/vc_row][vc_row][vc_column][vc_column_text]<\/p>\n<p style=\"text-align: center;\">Die Teide Tour ist definitiv einer der bekanntesten Ausfl\u00fcge der Insel. Der Teide-Nationalpark wurde 2007 zum UNESCO-Weltkulturerbe erkl\u00e4rt und beherbergt den Vulkan Teide. Mit 3718 Metern ist dies nach dem hawaiianischen <a href=\"https:\/\/www.gohawaii.com\/de\" target=\"_blank\" rel=\"noopener\">Mauna Kea und Mauna Loa<\/a> der dritth\u00f6chste der Welt.<\/p>\n<p style=\"text-decoration: underline; text-align: center;\"><span style=\"font-size: 14pt; color: #312c7a;\"><strong>\u21d3 Siehe weitere Beschreibung unten \u21d3<\/strong><\/span><\/p>\n<p>[\/vc_column_text][\/vc_column][\/vc_row][vc_row full_width=&#8221;stretch_row_content&#8221; full_height=&#8221;yes&#8221; css=&#8221;.vc_custom_1576192123211{background-color: #312c7a !important;background-position: center !important;background-repeat: no-repeat !important;background-size: cover !important;}&#8221;][vc_column]<div class=\"gem-vimeo gem-wrapbox gem-wrapbox-style-no-style rounded-corners gem-wrapbox-position-below\" style=\"width: 100%;\"><div class=\"gem-wrapbox-inner gem-ratio-style\" style=\"padding-top: 56.25%\"><iframe webkitallowfullscreen=\"true\" mozallowfullscreen=\"true\" allowfullscreen=\"true\" class=\"gem-wrapbox-element img-responsive\" frameborder=\"0\" scrolling=\"no\" marginheight=\"0\" marginwidth=\"0\" src=\"\/\/player.vimeo.com\/video\/379122731?title=0&amp;byline=0&amp;portrait=0 \"><\/iframe><\/div><\/div>[vc_empty_space]<div class=\"preloader\"><div class=\"preloader-spin\"><\/div><\/div> <div id=\"gem-gallery-69e7c9a7d9785\" class=\"gem-gallery gem-gallery-hover-zooming-blur\"> <div class=\"gem-gallery-item\"> <div class=\"gem-gallery-item-image\"> <a href=\"https:\/\/tenerife-trips.com\/wp-content\/uploads\/2018\/01\/web4-thegem-gallery-sidebar.jpg\" data-fancybox-group=\"gallery-69e7c9a7d9785\" data-full-image-url=\"https:\/\/tenerife-trips.com\/wp-content\/uploads\/2018\/01\/web4.jpg\"> <svg width=\"20\" height=\"10\"><path d=\"M 0,10 Q 9,9 10,0 Q 11,9 20,10\" \/><\/svg> <img src=\"https:\/\/tenerife-trips.com\/wp-content\/uploads\/2018\/01\/web4-thegem-post-thumb-small.jpg\" alt=\"Tenerife sightseeing\" class=\"img-responsive\"> <span class=\"gem-gallery-caption slide-info\"> <\/span> <\/a> <span class=\"gem-gallery-line\"><\/span> <\/div> <\/div> <div class=\"gem-gallery-item\"> <div class=\"gem-gallery-item-image\"> <a href=\"https:\/\/tenerife-trips.com\/wp-content\/uploads\/2018\/01\/web1-1-thegem-gallery-sidebar.jpg\" data-fancybox-group=\"gallery-69e7c9a7d9785\" data-full-image-url=\"https:\/\/tenerife-trips.com\/wp-content\/uploads\/2018\/01\/web1-1.jpg\"> <svg width=\"20\" height=\"10\"><path d=\"M 0,10 Q 9,9 10,0 Q 11,9 20,10\" \/><\/svg> <img src=\"https:\/\/tenerife-trips.com\/wp-content\/uploads\/2018\/01\/web1-1-thegem-post-thumb-small.jpg\" alt=\"\" class=\"img-responsive\"> <span class=\"gem-gallery-caption slide-info\"> <\/span> <\/a> <span class=\"gem-gallery-line\"><\/span> <\/div> <\/div> <div class=\"gem-gallery-item\"> <div class=\"gem-gallery-item-image\"> <a href=\"https:\/\/tenerife-trips.com\/wp-content\/uploads\/2018\/01\/web3-thegem-gallery-sidebar.jpg\" data-fancybox-group=\"gallery-69e7c9a7d9785\" data-full-image-url=\"https:\/\/tenerife-trips.com\/wp-content\/uploads\/2018\/01\/web3.jpg\"> <svg width=\"20\" height=\"10\"><path d=\"M 0,10 Q 9,9 10,0 Q 11,9 20,10\" \/><\/svg> <img src=\"https:\/\/tenerife-trips.com\/wp-content\/uploads\/2018\/01\/web3-thegem-post-thumb-small.jpg\" alt=\"Tenerife sightseeing\" class=\"img-responsive\"> <span class=\"gem-gallery-caption slide-info\"> <\/span> <\/a> <span class=\"gem-gallery-line\"><\/span> <\/div> <\/div> <div class=\"gem-gallery-item\"> <div class=\"gem-gallery-item-image\"> <a href=\"https:\/\/tenerife-trips.com\/wp-content\/uploads\/2018\/01\/2web-thegem-gallery-sidebar.jpg\" data-fancybox-group=\"gallery-69e7c9a7d9785\" data-full-image-url=\"https:\/\/tenerife-trips.com\/wp-content\/uploads\/2018\/01\/2web.jpg\"> <svg width=\"20\" height=\"10\"><path d=\"M 0,10 Q 9,9 10,0 Q 11,9 20,10\" \/><\/svg> <img src=\"https:\/\/tenerife-trips.com\/wp-content\/uploads\/2018\/01\/2web-thegem-post-thumb-small.jpg\" alt=\"escursione al Teide Tenerife\" class=\"img-responsive\"> <span class=\"gem-gallery-caption slide-info\"> <\/span> <\/a> <span class=\"gem-gallery-line\"><\/span> <\/div> <\/div> <\/div>[\/vc_column][\/vc_row][vc_row full_width=&#8221;stretch_row&#8221; css=&#8221;.vc_custom_1577669794647{background-color: #312c7a !important;background-position: center !important;background-repeat: no-repeat !important;background-size: cover !important;}&#8221;][vc_column][vc_column_text css=&#8221;.vc_custom_1610120507078{background-position: center !important;background-repeat: no-repeat !important;background-size: cover !important;}&#8221; css_animation=&#8221;fadeIn&#8221;]<\/p>\n<h3 class=\"title-h2\" style=\"text-align: center;\"><span style=\"font-size: 18pt; color: #ffffff;\">BESCHREIBUNG<\/span><\/h3>\n<p>[\/vc_column_text][\/vc_column][\/vc_row][vc_row][vc_column][vc_tta_accordion style=&#8221;simple_solid&#8221; color=&#8221;blue&#8221; c_icon=&#8221;chevron&#8221; active_section=&#8221;0&#8243; collapsible_all=&#8221;true&#8221;][vc_tta_section title=&#8221;AUSFLUGSBESCHREIBUNG&#8221; tab_id=&#8221;1577669752813-9df83b3e-350fd056-84c18e35-b514&#8243;][vc_column_text]<\/p>\n<div id=\"pl-2135\" class=\"panel-layout\">\n<div id=\"pg-2135-0\" class=\"panel-grid panel-no-style\">\n<div id=\"pgc-2135-0-0\" class=\"panel-grid-cell\" data-weight=\"1\">\n<div id=\"panel-2135-0-0-0\" class=\"so-panel widget widget_sow-editor panel-first-child panel-last-child\" data-style=\"{&quot;background_display&quot;:&quot;tile&quot;,&quot;featured_widgets&quot;:&quot;&quot;}\" data-index=\"0\">\n<div class=\"so-widget-sow-editor so-widget-sow-editor-base\">\n<div class=\"siteorigin-widget-tinymce textwidget\">\n<p>F\u00fcr <a href=\"https:\/\/de.wikipedia.org\/wiki\/Guanchen\" target=\"_blank\" rel=\"noopener\">die Guanchen<\/a> war der Teide ein heiliger Ort, weil sie ihn als das Tor der H\u00f6lle betrachteten. Diese Ureinwohner lebten auf Teneriffa, bevor die Spanier 1496 die Insel eroberten.<br \/>\nDie Mondlandschaft des Nationalparks hat viele Filmregisseure inspiriert, die sie f\u00fcr ihre Szenen ausgew\u00e4hlt haben. Einige besonders relevante Filme sind &#8220;Planet der Affen&#8221; von 1968 und &#8220;Kampf der Titanen&#8221; von 2010.<\/p>\n<h3><span style=\"font-size: 12pt;\">F\u00fcr die Teide Tour holen wir Sie also in der N\u00e4he Ihrer Unterkunft ab. ABHOLUNG IST IM WESTEN UND S\u00dcDEN AUS DEM GEBIET VON LOS GIGANTES NACH EL MEDANO UND IM NORDEN VON PUERTO DE LA CRUZ ERH\u00c4LTLICH. Wir empfehlen Ihnen, vor der Buchung mit uns die Verf\u00fcgbarkeit von Transporten aus Ihrem Gebiet zu pr\u00fcfen. Wir beginnen unsere Exkursion, um durch den kanarischen Kiefernwald zu ziehen, eine echte Sch\u00f6nheit der Natur. In ungef\u00e4hr einer Stunde erreichen wir das Plateau auf 2200 Metern H\u00f6he; hier steht der majest\u00e4tische Gipfel des Teide, der h\u00f6chste Berg in Spanien.<\/span><\/h3>\n<p>W\u00e4hrend unserer Teide Tour halten wir im Zentrum des Nationalparks. In diesem Bereich finden wir den beliebtesten Ort von \u201eRoques de Garcia\u201c, wo Sie Freizeit haben, um einen Spaziergang zu machen. Von hier aus k\u00f6nnen Sie den Gipfel des Teide von unten bewundern und die herrliche Landschaft genie\u00dfen.<\/p>\n<p>Au\u00dferdem k\u00f6nnen die Leute, die mit der Seilbahn den Gipfel des Teide (3555 m) erreichen wollen, das Ticket bei uns kaufen. Stellen Sie sicher, dass Sie das <span style=\"color: #ff0000;\">Seilbahnticket in der Buchung hinzuf\u00fcgen, da es nicht vor Ort gekauft werden kann<\/span>. Der Preis betr\u00e4gt 40 \u20ac pro Erwachsenem ab 14 Jahren und 20 \u20ac pro Kind von 3 bis 13 Jahren. <span style=\"color: #ff0000;\">Der Aufstieg mit der Seilbahn ist f\u00fcr Kinder unter 3 Jahren untersagt, da es aufgrund der H\u00f6he zu Gesundheitsproblemen kommen k\u00f6nnte<\/span>. Falls die Seilbahn am Tag des Ausflugs wegen schlechten Wetters geschlossen ist, setzen Sie sich mit uns in Verbindung und wir werden den gezahlten Preis vollst\u00e4ndig zur\u00fcckerstatten.<\/p>\n<p>Schlie\u00dflich, wenn alle die Teide Tour in vollen Z\u00fcgen genossen haben, verlassen wir den Park. Etwa eine Stunde nach unserer Abfahrt sind wir wieder am Ausgangspunkt. Wir bringen Sie zu demselben Ort, an dem wir Sie abgeholt haben.<\/p>\n<h3><span style=\"font-size: 12pt;\">W\u00e4hrend der Teide Tour werden Ihnen unsere erfahrenen Guides interessante Informationen geben. Bitte erkundigen Sie sich <a href=\"https:\/\/www.tenerife-trips.com\/kontakt\/?lang=de\" target=\"_blank\" rel=\"noopener\">BEI UNS<\/a> nach den verf\u00fcgbaren Sprachen, bevor Sie den Ausflug buchen.<\/span><\/h3>\n<p><span style=\"color: #ff0000;\">Alle Kunden, die an der Exkursion teilnehmen, werden daran erinnert, keine pers\u00f6nlichen Wertsachen im Bus zu lassen, wenn sie aussteigen, um die Orte zu besuchen. Das Unternehmen \u00fcbernimmt keine Verantwortung f\u00fcr den Verlust oder Diebstahl pers\u00f6nlicher Gegenst\u00e4nde jeglicher Art.<\/span><\/p>\n<\/div>\n<\/div>\n<\/div>\n<\/div>\n<\/div>\n<\/div>\n<p>[\/vc_column_text][\/vc_tta_section][vc_tta_section title=&#8221;ZEITPLAN UND ABHOLSERVICE&#8221; tab_id=&#8221;1577669752866-707b0c8d-67a8d056-84c18e35-b514&#8243;][vc_column_text]Der Abholservice in der N\u00e4he Ihrer Unterkunft ist im Preis inbegriffen. Es ist im Westen und S\u00fcden von Los Gigantes bis El Medano und im Norden von Puerto de la Cruz erh\u00e4ltlich. Wir empfehlen Ihnen, vor der Buchung bei uns die Verf\u00fcgbarkeit des Transports aus Ihrer Region zu pr\u00fcfen.<\/p>\n<p><span style=\"text-decoration: underline;\"><span style=\"color: #ff0000; text-decoration: underline;\">ZEITPLAN:<\/span><\/span><\/p>\n<p>Bitte fragen Sie unseren Kundenservice, an welchen Tagen der Ausflug m\u00f6glich ist.<\/p>\n<p><strong>Sehen Sie sich das Video an, machen Sie sich ein Bild davon und buchen Sie es jetzt!<\/strong>[\/vc_column_text][\/vc_tta_section][\/vc_tta_accordion]<style type=\"text\/css\">.thegem-button-69e7c9a7db63a6483 .gem-button svg {fill: #ffffff;}.thegem-button-69e7c9a7db63a6483 .gem-button:hover svg {fill: #312c7a;}<\/style><div class=\"gem-button-container gem-button-position-center thegem-button-69e7c9a7db63a6483    \"  ><a class=\"gem-button gem-button-size-small gem-button-style-flat gem-button-text-weight-normal\" data-ll-effect=\"drop-right-without-wrap\" style=\"border-radius: 3px;background-color: #312c7a;color: #ffffff;\" onmouseleave=\"this.style.backgroundColor='#312c7a';this.style.color='#ffffff';\" onmouseenter=\"this.style.backgroundColor='#f6eb14';this.style.color='#312c7a';\" href=\"#preise-teide\" target=\"_self\">PREISE<\/a><\/div> [\/vc_column][\/vc_row][vc_row full_width=&#8221;stretch_row_content&#8221; css=&#8221;.vc_custom_1577474711662{background-color: #312c7a !important;background-position: center !important;background-repeat: no-repeat !important;background-size: cover !important;}&#8221;][vc_column][vc_column_text css=&#8221;.vc_custom_1610146191001{background-position: center !important;background-repeat: no-repeat !important;background-size: cover !important;}&#8221; css_animation=&#8221;fadeIn&#8221;]<\/p>\n<p class=\"title-h2\" style=\"text-align: center;\"><span style=\"color: #ffffff; font-size: 18pt;\">BUCHEN SIE JETZT<\/span><\/p>\n<p>[\/vc_column_text][vc_empty_space height=&#8221;10&#8243; el_id=&#8221;preise-teide&#8221;][\/vc_column][\/vc_row]<\/p>\n<\/div>","protected":false},"excerpt":{"rendered":"<p>[vc_row full_width=&#8221;stretch_row_content_no_spaces&#8221;][vc_column][vc_column_text css=&#8221;.vc_custom_1743522025008{background-color: #F6EB14 !important;background-position: center !important;background-repeat: no-repeat !important;background-size: cover !important;}&#8221; css_animation=&#8221;fadeIn&#8221;] Teide Tour [\/vc_column_text][\/vc_column][\/vc_row][vc_row][vc_column][vc_column_text] Die Teide Tour ist definitiv&#8230;<\/p>\n","protected":false},"featured_media":121231,"template":"","meta":{"_acf_changed":false,"_seopress_robots_primary_cat":"0","_seopress_titles_title":"Teide Tour mit dem Bus, Buchen Sie jetzt online mit Tenerife Trips","_seopress_titles_desc":"Die Teide Tour ist einer der besten Ausfl\u00fcge auf Teneriffa. Entdecken Sie die Mondlandschaft des Nationalparks auf einem Tagesausflug.","_seopress_robots_index":""},"product_brand":[],"product_cat":[2770],"product_tag":[2815,2814],"class_list":{"0":"post-120886","1":"product","2":"type-product","3":"status-publish","4":"has-post-thumbnail","6":"product_cat-bustouren","7":"product_tag-teide-tour-de","8":"product_tag-teneriffa-touren","10":"first","11":"instock","12":"virtual","13":"sold-individually","14":"purchasable","15":"product-type-booking"},"booking_location":"","booking_location_type":"","booking_duration":1,"booking_duration_unit":"day","booking_buffer":0,"booking_cost":0,"booking_resources":[],"acf":[],"_links":{"self":[{"href":"https:\/\/tenerife-trips.com\/de\/wp-json\/wp\/v2\/product\/120886","targetHints":{"allow":["GET"]}}],"collection":[{"href":"https:\/\/tenerife-trips.com\/de\/wp-json\/wp\/v2\/product"}],"about":[{"href":"https:\/\/tenerife-trips.com\/de\/wp-json\/wp\/v2\/types\/product"}],"wp:featuredmedia":[{"embeddable":true,"href":"https:\/\/tenerife-trips.com\/de\/wp-json\/wp\/v2\/media\/121231"}],"wp:attachment":[{"href":"https:\/\/tenerife-trips.com\/de\/wp-json\/wp\/v2\/media?parent=120886"}],"wp:term":[{"taxonomy":"product_brand","embeddable":true,"href":"https:\/\/tenerife-trips.com\/de\/wp-json\/wp\/v2\/product_brand?post=120886"},{"taxonomy":"product_cat","embeddable":true,"href":"https:\/\/tenerife-trips.com\/de\/wp-json\/wp\/v2\/product_cat?post=120886"},{"taxonomy":"product_tag","embeddable":true,"href":"https:\/\/tenerife-trips.com\/de\/wp-json\/wp\/v2\/product_tag?post=120886"}],"curies":[{"name":"wp","href":"https:\/\/api.w.org\/{rel}","templated":true}]}}