{"id":131167,"date":"2018-01-18T19:34:09","date_gmt":"2018-01-18T19:34:09","guid":{"rendered":"https:\/\/tenerife-trips.com\/?post_type=product&#038;p=131167"},"modified":"2025-12-03T11:12:11","modified_gmt":"2025-12-03T11:12:11","slug":"teneriffa-sehenswuerdigkeiten","status":"publish","type":"product","link":"https:\/\/tenerife-trips.com\/de\/product\/bustouren\/teneriffa-sehenswuerdigkeiten\/","title":{"rendered":"GRAN TOUR"},"content":{"rendered":"<div class=\"wpb-content-wrapper\"><p>[vc_row full_width=&#8221;stretch_row_content_no_spaces&#8221;][vc_column][vc_column_text css=&#8221;.vc_custom_1743521755347{background-color: #F6EB14 !important;background-position: center !important;background-repeat: no-repeat !important;background-size: cover !important;}&#8221; css_animation=&#8221;fadeIn&#8221;]<\/p>\n<h1 class=\"title-h2\" style=\"text-align: center;\"><span style=\"font-size: 18pt; color: #312c7a;\">GRAN TOUR<\/span><\/h1>\n<p>[\/vc_column_text][\/vc_column][\/vc_row][vc_row][vc_column][vc_column_text]<\/p>\n<p style=\"text-align: center;\"><span style=\"font-size: 14pt;\">Auf dieser Reise besuchen Sie die wichtigsten <a href=\"https:\/\/de.wikipedia.org\/wiki\/Teneriffa\">Teneriffa<\/a> Sehensw\u00fcrdigkeiten. Es ist sehr empfehlenswert f\u00fcr Leute, die die ber\u00fchmtesten Orte an nur einem Tag entdecken m\u00f6chten.<\/span><\/p>\n<p style=\"text-decoration: underline; text-align: center;\"><span style=\"font-size: 14pt; color: #312c7a;\"><strong>\u21d3 Siehe weitere Beschreibung unten \u21d3<\/strong><\/span><\/p>\n<p>[\/vc_column_text][\/vc_column][\/vc_row][vc_row full_width=&#8221;stretch_row_content&#8221; full_height=&#8221;yes&#8221; css=&#8221;.vc_custom_1576192123211{background-color: #312c7a !important;background-position: center !important;background-repeat: no-repeat !important;background-size: cover !important;}&#8221;][vc_column]<div class=\"gem-vimeo gem-wrapbox gem-wrapbox-style-no-style rounded-corners gem-wrapbox-position-below\" style=\"width: 100%;\"><div class=\"gem-wrapbox-inner gem-ratio-style\" style=\"padding-top: 56.25%\"><iframe webkitallowfullscreen=\"true\" mozallowfullscreen=\"true\" allowfullscreen=\"true\" class=\"gem-wrapbox-element img-responsive\" frameborder=\"0\" scrolling=\"no\" marginheight=\"0\" marginwidth=\"0\" src=\"\/\/player.vimeo.com\/video\/328704748?title=0&amp;byline=0&amp;portrait=0 \"><\/iframe><\/div><\/div>[vc_empty_space]<div class=\"preloader\"><div class=\"preloader-spin\"><\/div><\/div> <div id=\"gem-gallery-69e2186d365f0\" class=\"gem-gallery gem-gallery-hover-zooming-blur\"> <div class=\"gem-gallery-item\"> <div class=\"gem-gallery-item-image\"> <a href=\"https:\/\/tenerife-trips.com\/wp-content\/uploads\/2018\/01\/web4-thegem-gallery-sidebar.jpg\" data-fancybox-group=\"gallery-69e2186d365f0\" data-full-image-url=\"https:\/\/tenerife-trips.com\/wp-content\/uploads\/2018\/01\/web4.jpg\"> <svg width=\"20\" height=\"10\"><path d=\"M 0,10 Q 9,9 10,0 Q 11,9 20,10\" \/><\/svg> <img src=\"https:\/\/tenerife-trips.com\/wp-content\/uploads\/2018\/01\/web4-thegem-post-thumb-small.jpg\" alt=\"Tenerife sightseeing\" class=\"img-responsive\"> <span class=\"gem-gallery-caption slide-info\"> <\/span> <\/a> <span class=\"gem-gallery-line\"><\/span> <\/div> <\/div> <div class=\"gem-gallery-item\"> <div class=\"gem-gallery-item-image\"> <a href=\"https:\/\/tenerife-trips.com\/wp-content\/uploads\/2019\/12\/Masca-1-thegem-gallery-sidebar.jpg\" data-fancybox-group=\"gallery-69e2186d365f0\" data-full-image-url=\"https:\/\/tenerife-trips.com\/wp-content\/uploads\/2019\/12\/Masca-1.jpg\"> <svg width=\"20\" height=\"10\"><path d=\"M 0,10 Q 9,9 10,0 Q 11,9 20,10\" \/><\/svg> <img src=\"https:\/\/tenerife-trips.com\/wp-content\/uploads\/2019\/12\/Masca-1-thegem-post-thumb-small.jpg\" alt=\"Tenerife points of interest\" class=\"img-responsive\"> <span class=\"gem-gallery-caption slide-info\"> <\/span> <\/a> <span class=\"gem-gallery-line\"><\/span> <\/div> <\/div> <div class=\"gem-gallery-item\"> <div class=\"gem-gallery-item-image\"> <a href=\"https:\/\/tenerife-trips.com\/wp-content\/uploads\/2019\/12\/Gran-Tour-thegem-gallery-sidebar.jpg\" data-fancybox-group=\"gallery-69e2186d365f0\" data-full-image-url=\"https:\/\/tenerife-trips.com\/wp-content\/uploads\/2019\/12\/Gran-Tour.jpg\"> <svg width=\"20\" height=\"10\"><path d=\"M 0,10 Q 9,9 10,0 Q 11,9 20,10\" \/><\/svg> <img src=\"https:\/\/tenerife-trips.com\/wp-content\/uploads\/2019\/12\/Gran-Tour-thegem-post-thumb-small.jpg\" alt=\"\" class=\"img-responsive\"> <span class=\"gem-gallery-caption slide-info\"> <\/span> <\/a> <span class=\"gem-gallery-line\"><\/span> <\/div> <\/div> <div class=\"gem-gallery-item\"> <div class=\"gem-gallery-item-image\"> <a href=\"https:\/\/tenerife-trips.com\/wp-content\/uploads\/2019\/12\/1-12-thegem-gallery-sidebar.jpg\" data-fancybox-group=\"gallery-69e2186d365f0\" data-full-image-url=\"https:\/\/tenerife-trips.com\/wp-content\/uploads\/2019\/12\/1-12.jpg\"> <svg width=\"20\" height=\"10\"><path d=\"M 0,10 Q 9,9 10,0 Q 11,9 20,10\" \/><\/svg> <img src=\"https:\/\/tenerife-trips.com\/wp-content\/uploads\/2019\/12\/1-12-thegem-post-thumb-small.jpg\" alt=\"Excursi\u00f3n en Tenerife\" class=\"img-responsive\"> <span class=\"gem-gallery-caption slide-info\"> <\/span> <\/a> <span class=\"gem-gallery-line\"><\/span> <\/div> <\/div> <div class=\"gem-gallery-item\"> <div class=\"gem-gallery-item-image\"> <a href=\"https:\/\/tenerife-trips.com\/wp-content\/uploads\/2019\/12\/garachico-thegem-gallery-sidebar.jpg\" data-fancybox-group=\"gallery-69e2186d365f0\" data-full-image-url=\"https:\/\/tenerife-trips.com\/wp-content\/uploads\/2019\/12\/garachico.jpg\"> <svg width=\"20\" height=\"10\"><path d=\"M 0,10 Q 9,9 10,0 Q 11,9 20,10\" \/><\/svg> <img src=\"https:\/\/tenerife-trips.com\/wp-content\/uploads\/2019\/12\/garachico-thegem-post-thumb-small.jpg\" alt=\"\" class=\"img-responsive\"> <span class=\"gem-gallery-caption slide-info\"> <\/span> <\/a> <span class=\"gem-gallery-line\"><\/span> <\/div> <\/div> <\/div>[\/vc_column][\/vc_row][vc_row full_width=&#8221;stretch_row&#8221; css=&#8221;.vc_custom_1577669794647{background-color: #312c7a !important;background-position: center !important;background-repeat: no-repeat !important;background-size: cover !important;}&#8221;][vc_column][vc_column_text css=&#8221;.vc_custom_1610120507078{background-position: center !important;background-repeat: no-repeat !important;background-size: cover !important;}&#8221; css_animation=&#8221;fadeIn&#8221;]<\/p>\n<h3 class=\"title-h2\" style=\"text-align: center;\"><span style=\"font-size: 18pt; color: #ffffff;\">BESCHREIBUNG<\/span><\/h3>\n<p>[\/vc_column_text][\/vc_column][\/vc_row][vc_row][vc_column][vc_tta_accordion style=&#8221;simple_solid&#8221; color=&#8221;blue&#8221; c_icon=&#8221;chevron&#8221; active_section=&#8221;0&#8243; collapsible_all=&#8221;true&#8221;][vc_tta_section title=&#8221;AUSFLUGSBESCHREIBUNG&#8221; tab_id=&#8221;1577669752813-9df83b3e-350fd056-84c1e209-3fe4&#8243;][\/vc_tta_section][vc_tta_section title=&#8221;ZEITPLAN UND ABHOLSERVICE&#8221; tab_id=&#8221;1577669752866-707b0c8d-67a8d056-84c1e209-3fe4&#8243;][vc_column_text]Der Abholservice in der N\u00e4he Ihrer Unterkunft ist im Preis inbegriffen. Es ist im Westen und S\u00fcden von Los Gigantes bis El Medano und im Norden von Puerto de la Cruz und und manchmal Santa Cruz erh\u00e4ltlich. Wir empfehlen Ihnen, vor der Buchung bei uns die Verf\u00fcgbarkeit des Transports aus Ihrer Region zu pr\u00fcfen.<\/p>\n<p><span style=\"text-decoration: underline;\"><span style=\"color: #ff0000; text-decoration: underline;\">ZEITPLAN:<\/span><\/span><\/p>\n<p>Bitte fragen Sie unseren Kundenservice, an welchen Tagen der Ausflug m\u00f6glich ist.<\/p>\n<p><strong>Sehen Sie sich das Video an, machen Sie sich ein Bild davon und buchen Sie es jetzt!<\/strong>[\/vc_column_text][\/vc_tta_section][\/vc_tta_accordion]<style type=\"text\/css\">.thegem-button-69e2186d38b936424 .gem-button svg {fill: #ffffff;}.thegem-button-69e2186d38b936424 .gem-button:hover svg {fill: #312c7a;}<\/style><div class=\"gem-button-container gem-button-position-center thegem-button-69e2186d38b936424    \"  ><a class=\"gem-button gem-button-size-small gem-button-style-flat gem-button-text-weight-normal\" data-ll-effect=\"drop-right-without-wrap\" style=\"border-radius: 3px;background-color: #312c7a;color: #ffffff;\" onmouseleave=\"this.style.backgroundColor='#312c7a';this.style.color='#ffffff';\" onmouseenter=\"this.style.backgroundColor='#f6eb14';this.style.color='#312c7a';\" href=\"#preise-grantour\" target=\"_self\">PREISE<\/a><\/div> [vc_column_text]<\/p>\n<div id=\"pl-2135\" class=\"panel-layout\">\n<div id=\"pg-2135-0\" class=\"panel-grid panel-no-style\">\n<div id=\"pgc-2135-0-0\" class=\"panel-grid-cell\" data-weight=\"1\">\n<div id=\"panel-2135-0-0-0\" class=\"so-panel widget widget_sow-editor panel-first-child panel-last-child\" data-style=\"{&quot;background_display&quot;:&quot;tile&quot;,&quot;featured_widgets&quot;:&quot;&quot;}\" data-index=\"0\">\n<div class=\"so-widget-sow-editor so-widget-sow-editor-base\">\n<div class=\"siteorigin-widget-tinymce textwidget\">\n<h3><span style=\"font-size: 12pt;\">ZUERST WERDEN WIR SIE IN DER N\u00c4HE IHRER UNTERKUNFT ABHOLEN. DANN FAHREN WIR DURCH DEN KIEFERNWALD RICHTUNG TEIDE NATIONAL PARK, EINE WIRKLICHE SCH\u00d6NHEIT DER NATUR. NACH UNGEF\u00c4HR EINER STUNDE ERREICHEN WIR 2200 METER H\u00d6HE, WO WIR EIN WUNDERBARES PLATEAU AUS VULKANFELSEN FINDEN. DIESE IST DIE ERSTE DER TENERIFFA SEHENSW\u00dcRDIGKEITEN, DIE WIR W\u00c4HREND DES AUSFLUGS BESUCHEN.<\/span><\/h3>\n<p>Wir halten im Zentrum des Teide-Nationalparks an der beliebtesten Stelle von \u201eRoques de Garcia\u201c. Hier steht der Gipfel des Vulkans Teide; dies erreicht 3718 Meter auf Meeresh\u00f6he und ist der dritth\u00f6chste Vulkan der Welt. Die Landschaft dieser Gegend ist einzigartig und \u00e4hnelt ein wenig den W\u00fcsten von Nevada oder Arizona in den USA; daher wurde es ausgew\u00e4hlt, um mehrere ber\u00fchmte Filme zu drehen, zum Beispiel &#8220;Planet der Affen&#8221; im Jahr 1968. W\u00e4hrend unseres ersten Stopps haben Sie Freizeit, um einen Spaziergang zu machen und die herrliche Mondlandschaft in vollen Z\u00fcgen zu genie\u00dfen.<\/p>\n<h3><span style=\"font-size: 12pt;\">DANN REISEN WIR ZUM ZWEITEN DER TENERIFFA SEHENSW\u00dcRDIGKEITEN, DAS TYPISCHE DORF ICOD DE LOS VINOS; AN DIESEM ORT K\u00d6NNEN SIE EINE TRADITIONELLE ATMOSPH\u00c4RE ERLEBEN UND MIT DER LOKALEN KULTUR BER\u00dcHREN. ZUS\u00c4TZLICH K\u00d6NNEN SIE DEN BER\u00dcHMTEN DRACHENBAUM SEHEN UND LOKALE SPEZIALIT\u00c4TEN WIE WEIN UND ALKOHOL PROBIEREN.<\/span><\/h3>\n<p>Danach fahren wir nach Garachico, wo wir die ber\u00fchmtesten Naturschwimmbecken der Insel sehen. W\u00e4hrend des Ausbruchs des Vulkans Trevejo im Jahr 1706 begruben die Lavastr\u00f6me die Stadt und bildeten die Teiche. Heutzutage sind sie einer der wichtigsten Teneriffa Sehensw\u00fcrdigkeiten.<\/p>\n<p>Unser letztes Ziel ist Masca, ein kleines Dorf inmitten des spektakul\u00e4ren Teno Gebirges. Dies ist neben dem Teide das wichtigste Touristenziel der Insel. Ein Besuch in der Region Masca ist ein Muss, wenn Sie die Teneriffa Sehensw\u00fcrdigkeiten besuchen. Von hier aus fahren wir nach S\u00fcden und gegen 18:00 Uhr sind wir zur\u00fcck; wir bringen Sie zu dem Punkt, an dem wir Sie abgeholt haben.<\/p>\n<p>W\u00e4hrend des Ausfluges halten wir in einem Restaurant, in dem Sie zu Mittag essen k\u00f6nnen (nicht im Preis inbegriffen). Auf jeden Fall k\u00f6nnen Sie Ihr eigenes Essen mitbringen, wenn Sie m\u00f6chten.<\/p>\n<h3><span style=\"font-size: 12pt;\">UNSERE ERFAHRENEN REISELEITER BIETEN IHNEN INTERESSANTE INFORMATIONEN. Bitte erkundigen Sie sich <a href=\"https:\/\/www.tenerife-trips.com\/kontakt\/?lang=de\" target=\"_blank\" rel=\"noopener\">BEI UNS<\/a> nach den verf\u00fcgbaren Sprachen, bevor Sie den Ausflug buchen. VERPASSEN SIE NICHT DIE BESTEN TENERIFFA SEHENSW\u00dcRDIGKEITEN, BUCHEN SIE JETZT!<\/span><\/h3>\n<p><span style=\"color: #ff0000;\">Alle Kunden, die an der Exkursion teilnehmen, werden daran erinnert, keine pers\u00f6nlichen Wertsachen im Bus zu lassen, wenn sie aussteigen, um die Orte zu besuchen. Das Unternehmen \u00fcbernimmt keine Verantwortung f\u00fcr den Verlust oder Diebstahl pers\u00f6nlicher Gegenst\u00e4nde jeglicher Art.<\/span><\/p>\n<\/div>\n<\/div>\n<\/div>\n<\/div>\n<\/div>\n<\/div>\n<p>[\/vc_column_text][\/vc_column][\/vc_row][vc_row full_width=&#8221;stretch_row_content&#8221; css=&#8221;.vc_custom_1577474711662{background-color: #312c7a !important;background-position: center !important;background-repeat: no-repeat !important;background-size: cover !important;}&#8221;][vc_column][vc_column_text css=&#8221;.vc_custom_1610146191001{background-position: center !important;background-repeat: no-repeat !important;background-size: cover !important;}&#8221; css_animation=&#8221;fadeIn&#8221;]<\/p>\n<p class=\"title-h2\" style=\"text-align: center;\"><span style=\"color: #ffffff; font-size: 18pt;\">BUCHEN SIE JETZT<\/span><\/p>\n<p>[\/vc_column_text][vc_empty_space height=&#8221;10&#8243; el_id=&#8221;preise-grantour&#8221;][\/vc_column][\/vc_row]<\/p>\n<\/div>","protected":false},"excerpt":{"rendered":"<p>[vc_row full_width=&#8221;stretch_row_content_no_spaces&#8221;][vc_column][vc_column_text css=&#8221;.vc_custom_1743521755347{background-color: #F6EB14 !important;background-position: center !important;background-repeat: no-repeat !important;background-size: cover !important;}&#8221; css_animation=&#8221;fadeIn&#8221;] GRAN TOUR [\/vc_column_text][\/vc_column][\/vc_row][vc_row][vc_column][vc_column_text] Auf dieser Reise besuchen Sie&#8230;<\/p>\n","protected":false},"featured_media":131466,"template":"","meta":{"_acf_changed":false,"_seopress_robots_primary_cat":"0","_seopress_titles_title":"Teneriffa Sehensw\u00fcrdigkeiten und Ausfl\u00fcge. T\u00e4gliche Angebote","_seopress_titles_desc":"Teneriffa Sehensw\u00fcrdigkeiten, entdecken Sie die besten Orte auf einem Tagesausflug mit dem Bus. Bei uns finden Sie Top-Qualit\u00e4t &amp; gute Preise","_seopress_robots_index":""},"product_brand":[],"product_cat":[2770],"product_tag":[2820,2821,2818,2822,2819],"class_list":{"0":"post-131167","1":"product","2":"type-product","3":"status-publish","4":"has-post-thumbnail","6":"product_cat-bustouren","7":"product_tag-inselrundfahrt-teneriffa","8":"product_tag-sehenswuerdigkeiten-auf-teneriffa","9":"product_tag-sehenswuerdigkeiten-teneriffa","10":"product_tag-teneriffa-ausflugsziele","11":"product_tag-tour-teneriffa","13":"first","14":"instock","15":"virtual","16":"sold-individually","17":"purchasable","18":"product-type-booking"},"booking_location":"","booking_location_type":"","booking_duration":1,"booking_duration_unit":"day","booking_buffer":0,"booking_cost":0,"booking_resources":[],"acf":[],"_links":{"self":[{"href":"https:\/\/tenerife-trips.com\/de\/wp-json\/wp\/v2\/product\/131167","targetHints":{"allow":["GET"]}}],"collection":[{"href":"https:\/\/tenerife-trips.com\/de\/wp-json\/wp\/v2\/product"}],"about":[{"href":"https:\/\/tenerife-trips.com\/de\/wp-json\/wp\/v2\/types\/product"}],"wp:featuredmedia":[{"embeddable":true,"href":"https:\/\/tenerife-trips.com\/de\/wp-json\/wp\/v2\/media\/131466"}],"wp:attachment":[{"href":"https:\/\/tenerife-trips.com\/de\/wp-json\/wp\/v2\/media?parent=131167"}],"wp:term":[{"taxonomy":"product_brand","embeddable":true,"href":"https:\/\/tenerife-trips.com\/de\/wp-json\/wp\/v2\/product_brand?post=131167"},{"taxonomy":"product_cat","embeddable":true,"href":"https:\/\/tenerife-trips.com\/de\/wp-json\/wp\/v2\/product_cat?post=131167"},{"taxonomy":"product_tag","embeddable":true,"href":"https:\/\/tenerife-trips.com\/de\/wp-json\/wp\/v2\/product_tag?post=131167"}],"curies":[{"name":"wp","href":"https:\/\/api.w.org\/{rel}","templated":true}]}}