{"id":133060,"date":"2018-01-15T22:47:15","date_gmt":"2018-01-15T22:47:15","guid":{"rendered":"https:\/\/tenerife-trips.com\/?post_type=product&#038;p=133060"},"modified":"2025-12-03T11:15:13","modified_gmt":"2025-12-03T11:15:13","slug":"la-gomera-tagesausflug","status":"publish","type":"product","link":"https:\/\/tenerife-trips.com\/de\/product\/bustouren\/la-gomera-tagesausflug\/","title":{"rendered":"LA GOMERA"},"content":{"rendered":"<div class=\"wpb-content-wrapper\"><p>[vc_row full_width=&#8221;stretch_row_content_no_spaces&#8221;][vc_column][vc_column_text css=&#8221;.vc_custom_1743522073344{background-color: #F6EB14 !important;background-position: center !important;background-repeat: no-repeat !important;background-size: cover !important;}&#8221; css_animation=&#8221;fadeIn&#8221;]<\/p>\n<h1 class=\"title-h2\" style=\"text-align: center;\"><span style=\"font-size: 18pt; color: #312c7a;\">LA GOMERA<\/span><\/h1>\n<p>[\/vc_column_text][\/vc_column][\/vc_row][vc_row][vc_column][vc_column_text]<\/p>\n<p style=\"text-align: center;\"><span style=\"font-size: 14pt;\">Der La Gomera Tagesausflug ist einer der beliebtesten Ausfl\u00fcge; La Gomera ist die zweitkleinste der <a href=\"https:\/\/de.wikipedia.org\/wiki\/Kanarische_Inseln\" target=\"_blank\" rel=\"noopener\">Kanarischen Inseln<\/a> und nur 30 km von Teneriffa entfernt. Dies erm\u00f6glicht einen Tagesausflug und die Erkundung der spektakul\u00e4ren Landschaften der Insel.<\/span><\/p>\n<p style=\"text-decoration: underline; text-align: center;\"><span style=\"font-size: 14pt; color: #312c7a;\"><strong>\u21d3 Siehe weitere Beschreibung unten \u21d3<\/strong><\/span><\/p>\n<p>[\/vc_column_text][\/vc_column][\/vc_row][vc_row full_width=&#8221;stretch_row_content&#8221; full_height=&#8221;yes&#8221; css=&#8221;.vc_custom_1576192123211{background-color: #312c7a !important;background-position: center !important;background-repeat: no-repeat !important;background-size: cover !important;}&#8221;][vc_column]<div class=\"gem-vimeo gem-wrapbox gem-wrapbox-style-no-style rounded-corners gem-wrapbox-position-below\" style=\"width: 100%;\"><div class=\"gem-wrapbox-inner gem-ratio-style\" style=\"padding-top: 56.25%\"><iframe webkitallowfullscreen=\"true\" mozallowfullscreen=\"true\" allowfullscreen=\"true\" class=\"gem-wrapbox-element img-responsive\" frameborder=\"0\" scrolling=\"no\" marginheight=\"0\" marginwidth=\"0\" src=\"\/\/player.vimeo.com\/video\/329605917?title=0&amp;byline=0&amp;portrait=0 \"><\/iframe><\/div><\/div>[vc_empty_space]<div class=\"preloader\"><div class=\"preloader-spin\"><\/div><\/div> <div id=\"gem-gallery-69d32510a557b\" class=\"gem-gallery gem-gallery-hover-zooming-blur\"> <div class=\"gem-gallery-item\"> <div class=\"gem-gallery-item-image\"> <a href=\"https:\/\/tenerife-trips.com\/wp-content\/uploads\/2021\/05\/La-Gomera-Tagesausflug-scaled-thegem-gallery-sidebar.jpg\" data-fancybox-group=\"gallery-69d32510a557b\" data-full-image-url=\"https:\/\/tenerife-trips.com\/wp-content\/uploads\/2021\/05\/La-Gomera-Tagesausflug-scaled.jpg\"> <svg width=\"20\" height=\"10\"><path d=\"M 0,10 Q 9,9 10,0 Q 11,9 20,10\" \/><\/svg> <img src=\"https:\/\/tenerife-trips.com\/wp-content\/uploads\/2021\/05\/La-Gomera-Tagesausflug-scaled-thegem-post-thumb-small.jpg\" alt=\"La Gomera Tagesausflug\" class=\"img-responsive\"> <span class=\"gem-gallery-caption slide-info\"> <\/span> <\/a> <span class=\"gem-gallery-line\"><\/span> <\/div> <\/div> <div class=\"gem-gallery-item\"> <div class=\"gem-gallery-item-image\"> <a href=\"https:\/\/tenerife-trips.com\/wp-content\/uploads\/2019\/12\/b-2-scaled-thegem-gallery-sidebar.jpg\" data-fancybox-group=\"gallery-69d32510a557b\" data-full-image-url=\"https:\/\/tenerife-trips.com\/wp-content\/uploads\/2019\/12\/b-2-scaled.jpg\"> <svg width=\"20\" height=\"10\"><path d=\"M 0,10 Q 9,9 10,0 Q 11,9 20,10\" \/><\/svg> <img src=\"https:\/\/tenerife-trips.com\/wp-content\/uploads\/2019\/12\/b-2-scaled-thegem-post-thumb-small.jpg\" alt=\"\" class=\"img-responsive\"> <span class=\"gem-gallery-caption slide-info\"> <\/span> <\/a> <span class=\"gem-gallery-line\"><\/span> <\/div> <\/div> <div class=\"gem-gallery-item\"> <div class=\"gem-gallery-item-image\"> <a href=\"https:\/\/tenerife-trips.com\/wp-content\/uploads\/2019\/12\/c-2-scaled-thegem-gallery-sidebar.jpg\" data-fancybox-group=\"gallery-69d32510a557b\" data-full-image-url=\"https:\/\/tenerife-trips.com\/wp-content\/uploads\/2019\/12\/c-2-scaled.jpg\"> <svg width=\"20\" height=\"10\"><path d=\"M 0,10 Q 9,9 10,0 Q 11,9 20,10\" \/><\/svg> <img src=\"https:\/\/tenerife-trips.com\/wp-content\/uploads\/2019\/12\/c-2-scaled-thegem-post-thumb-small.jpg\" alt=\"\" class=\"img-responsive\"> <span class=\"gem-gallery-caption slide-info\"> <\/span> <\/a> <span class=\"gem-gallery-line\"><\/span> <\/div> <\/div> <div class=\"gem-gallery-item\"> <div class=\"gem-gallery-item-image\"> <a href=\"https:\/\/tenerife-trips.com\/wp-content\/uploads\/2019\/12\/e-1-scaled-thegem-gallery-sidebar.jpg\" data-fancybox-group=\"gallery-69d32510a557b\" data-full-image-url=\"https:\/\/tenerife-trips.com\/wp-content\/uploads\/2019\/12\/e-1-scaled.jpg\"> <svg width=\"20\" height=\"10\"><path d=\"M 0,10 Q 9,9 10,0 Q 11,9 20,10\" \/><\/svg> <img src=\"https:\/\/tenerife-trips.com\/wp-content\/uploads\/2019\/12\/e-1-scaled-thegem-post-thumb-small.jpg\" alt=\"Tenerife to La Gomera\" class=\"img-responsive\"> <span class=\"gem-gallery-caption slide-info\"> <\/span> <\/a> <span class=\"gem-gallery-line\"><\/span> <\/div> <\/div> <div class=\"gem-gallery-item\"> <div class=\"gem-gallery-item-image\"> <a href=\"https:\/\/tenerife-trips.com\/wp-content\/uploads\/2019\/12\/f-1-scaled-thegem-gallery-sidebar.jpg\" data-fancybox-group=\"gallery-69d32510a557b\" data-full-image-url=\"https:\/\/tenerife-trips.com\/wp-content\/uploads\/2019\/12\/f-1-scaled.jpg\"> <svg width=\"20\" height=\"10\"><path d=\"M 0,10 Q 9,9 10,0 Q 11,9 20,10\" \/><\/svg> <img src=\"https:\/\/tenerife-trips.com\/wp-content\/uploads\/2019\/12\/f-1-scaled-thegem-post-thumb-small.jpg\" alt=\"Tenerife to La Gomera\" class=\"img-responsive\"> <span class=\"gem-gallery-caption slide-info\"> <\/span> <\/a> <span class=\"gem-gallery-line\"><\/span> <\/div> <\/div> <\/div>[\/vc_column][\/vc_row][vc_row full_width=&#8221;stretch_row&#8221; css=&#8221;.vc_custom_1577669794647{background-color: #312c7a !important;background-position: center !important;background-repeat: no-repeat !important;background-size: cover !important;}&#8221;][vc_column][vc_column_text css=&#8221;.vc_custom_1610120507078{background-position: center !important;background-repeat: no-repeat !important;background-size: cover !important;}&#8221; css_animation=&#8221;fadeIn&#8221;]<\/p>\n<h3 class=\"title-h2\" style=\"text-align: center;\"><span style=\"font-size: 18pt; color: #ffffff;\">BESCHREIBUNG<\/span><\/h3>\n<p>[\/vc_column_text][\/vc_column][\/vc_row][vc_row][vc_column][vc_tta_accordion style=&#8221;simple_solid&#8221; color=&#8221;blue&#8221; c_icon=&#8221;chevron&#8221; active_section=&#8221;0&#8243; collapsible_all=&#8221;true&#8221;][vc_tta_section title=&#8221;AUSFLUGSBESCHREIBUNG&#8221; tab_id=&#8221;1577669752813-9df83b3e-350fd056-84c15314-87c7&#8243;][vc_column_text]<\/p>\n<div id=\"pl-2135\" class=\"panel-layout\">\n<div id=\"pg-2135-0\" class=\"panel-grid panel-no-style\">\n<div id=\"pgc-2135-0-0\" class=\"panel-grid-cell\" data-weight=\"1\">\n<div id=\"panel-2135-0-0-0\" class=\"so-panel widget widget_sow-editor panel-first-child panel-last-child\" data-style=\"{&quot;background_display&quot;:&quot;tile&quot;,&quot;featured_widgets&quot;:&quot;&quot;}\" data-index=\"0\">\n<div class=\"so-widget-sow-editor so-widget-sow-editor-base\">\n<div class=\"siteorigin-widget-tinymce textwidget\">\n<h3><span style=\"font-size: 12pt;\">Der La Gomera Tagesausflug ist einer der beliebtesten Ausfl\u00fcge; La Gomera ist die zweitkleinste der <a href=\"https:\/\/de.wikipedia.org\/wiki\/Kanarische_Inseln\" target=\"_blank\" rel=\"noopener\">Kanarischen Inseln<\/a> und nur 30 km von Teneriffa entfernt. Dies erm\u00f6glicht einen Tagesausflug und die Erkundung der spektakul\u00e4ren Landschaften der Insel.<\/span><\/h3>\n<p>Mit der F\u00e4hre sind es nur 50 Minuten von Teneriffa nach La Gomera. Daher entscheiden sich jedes Jahr viele Menschen, diesen Ort zu besuchen. Es ist eine sehr gr\u00fcne Insel, auf der nur 22000 Menschen leben, daher hat sie einige einzigartige Eigenschaften. Zum Beispiel ist die Luft sehr sauber und das Tempo ist sehr langsam und entspannt. Es ist ein Paradies f\u00fcr Menschen, die Natur, Frieden und unglaubliche Panoramen lieben. Au\u00dferdem wird es &#8220;Christoph Kolumbus&#8217; Insel&#8221; genannt, weil der Entdecker hier etwa einen Monat lang auf seiner Reise nach Amerika im Jahr 1492 Halt machte.<\/p>\n<h3><span style=\"font-size: 12pt;\">F\u00fcr diese Reise holen wir Sie mit dem Bus in der N\u00e4he Ihrer Unterkunft ab. Dann bringen wir Sie zum Hafen von Los Cristianos, wo wir die F\u00e4hre nehmen. Wenn wir unseren La Gomera Tagesausflug beginnen, GENIESSEN WIR EINEN SPEKTAKUL\u00c4REN BLICK AUF DIE WESTK\u00dcSTE UND DEN MAJESTISCHEN VULKAN TEIDE. In weniger als einer Stunde erreichen wir SAN SEBASTIAN DE LA GOMERA, die Hauptstadt.<\/span><\/h3>\n<p>Von hier aus beginnt unser Ausflug, der Sie zu den bemerkenswertesten und sch\u00f6nsten Orten f\u00fchrt. Unter diesen finden wir die Schlucht von Hermigua, das Dorf Agulo und den Wald des Garajonay-Parks, der zum UNESCO-Weltkulturerbe geh\u00f6rt. Gegen Mittag haben wir ein typisches Mittagessen (<span style=\"text-decoration: underline;\">im Preis inbegriffen<\/span>) in einem lokalen Restaurant. Am Ende sehen Sie eine Demonstration der ziemlich einzigartigen Pfeifsprache \u201esilbo gomero\u201c. Auf dem Weg halten wir au\u00dferdem an vielen Aussichtspunkten wie dem Roque de Agando, um Fotos zu machen und die atemberaubenden Landschaften in vollen Z\u00fcgen zu genie\u00dfen. Die Tour endet, wenn wir wieder in San Sebastian sind, wo Sie Zeit f\u00fcr einen Kaffee oder zum Einkaufen haben. Abschlie\u00dfend verlassen wir La Gomera gegen 17:00 Uhr, um gegen 18:00 Uhr nach Teneriffa zur\u00fcckzukehren.<\/p>\n<h3><span style=\"font-size: 12pt;\">UNSERE ERFAHRENEN REISELEITER BIETEN IHNEN INTERESSANTE INFORMATIONEN. Bitte erkundigen Sie sich bei uns nach den verf\u00fcgbaren Sprachen, bevor Sie den Ausflug buchen.<\/span><span style=\"font-size: 12pt; color: #ff0000;\"> F\u00dcR DEN LA GOMERA TAGESAUSFLUG M\u00dcSSEN SIE EINE G\u00dcLTIGE IDENTIT\u00c4TSKARTE ODER EINEN REISEPASS ZEIGEN.<\/span><\/h3>\n<p><span style=\"color: #ff0000;\">Alle Kunden, die an der Exkursion teilnehmen, werden daran erinnert, keine pers\u00f6nlichen Wertsachen im Bus zu lassen, wenn sie aussteigen, um die Orte zu besuchen. Das Unternehmen \u00fcbernimmt keine Verantwortung f\u00fcr den Verlust oder Diebstahl pers\u00f6nlicher Gegenst\u00e4nde jeglicher Art.<\/span><\/p>\n<\/div>\n<\/div>\n<\/div>\n<\/div>\n<\/div>\n<\/div>\n<p>[\/vc_column_text][\/vc_tta_section][vc_tta_section title=&#8221;ZEITPLAN UND ABHOLSERVICE&#8221; tab_id=&#8221;1577669752866-707b0c8d-67a8d056-84c15314-87c7&#8243;][vc_column_text]Der Abholservice in der N\u00e4he Ihrer Unterkunft ist im Preis inbegriffen. Es ist im Westen und S\u00fcden im Gebiet zwischen Los Gigantes und El Medano und im Norden von Puerto de la Cruz vorhanden. Wir empfehlen Ihnen, vor der Buchung bei uns die Verf\u00fcgbarkeit des Transports aus Ihrer Region zu pr\u00fcfen.<\/p>\n<p><span style=\"text-decoration-line: underline; color: #ff0000;\">ZEITPLAN:<\/span><\/p>\n<p>Bitte fragen Sie unseren Kundense rvice, an welchen Tagen der Ausflug m\u00f6glich ist.[\/vc_column_text][\/vc_tta_section][\/vc_tta_accordion]<style type=\"text\/css\">.thegem-button-69d32510a6e814343 .gem-button svg {fill: #ffffff;}.thegem-button-69d32510a6e814343 .gem-button:hover svg {fill: #312c7a;}<\/style><div class=\"gem-button-container gem-button-position-center thegem-button-69d32510a6e814343    \"  ><a class=\"gem-button gem-button-size-small gem-button-style-flat gem-button-text-weight-normal\" data-ll-effect=\"drop-right-without-wrap\" style=\"border-radius: 3px;background-color: #312c7a;color: #ffffff;\" onmouseleave=\"this.style.backgroundColor='#312c7a';this.style.color='#ffffff';\" onmouseenter=\"this.style.backgroundColor='#f6eb14';this.style.color='#312c7a';\" href=\"#preise-gomera\" target=\"_self\">PREISE<\/a><\/div> [\/vc_column][\/vc_row][vc_row full_width=&#8221;stretch_row_content&#8221; css=&#8221;.vc_custom_1577474711662{background-color: #312c7a !important;background-position: center !important;background-repeat: no-repeat !important;background-size: cover !important;}&#8221;][vc_column][vc_column_text css=&#8221;.vc_custom_1610146191001{background-position: center !important;background-repeat: no-repeat !important;background-size: cover !important;}&#8221; css_animation=&#8221;fadeIn&#8221;]<\/p>\n<p class=\"title-h2\" style=\"text-align: center;\"><span style=\"color: #ffffff; font-size: 18pt;\">BUCHEN SIE JETZT<\/span><\/p>\n<p>[\/vc_column_text][vc_empty_space height=&#8221;10&#8243; el_id=&#8221;preise-gomera&#8221;][\/vc_column][\/vc_row]<\/p>\n<\/div>","protected":false},"excerpt":{"rendered":"<p>[vc_row full_width=&#8221;stretch_row_content_no_spaces&#8221;][vc_column][vc_column_text css=&#8221;.vc_custom_1743522073344{background-color: #F6EB14 !important;background-position: center !important;background-repeat: no-repeat !important;background-size: cover !important;}&#8221; css_animation=&#8221;fadeIn&#8221;] LA GOMERA [\/vc_column_text][\/vc_column][\/vc_row][vc_row][vc_column][vc_column_text] Der La Gomera Tagesausflug ist&#8230;<\/p>\n","protected":false},"featured_media":133061,"template":"","meta":{"_acf_changed":false,"_seopress_robots_primary_cat":"0","_seopress_titles_title":"La Gomera Tagesausflug mit dem Bus von Teneriffa","_seopress_titles_desc":"La Gomera Tagesausflug, eine organisierte Reise mit dem Bus, um die zweitkleinste und eine der sch\u00f6nsten der Kanarischen Inseln zu entdecken.","_seopress_robots_index":""},"product_brand":[],"product_cat":[2770],"product_tag":[2824,2823],"class_list":{"0":"post-133060","1":"product","2":"type-product","3":"status-publish","4":"has-post-thumbnail","6":"product_cat-bustouren","7":"product_tag-la-gomera-tagesausflug","8":"product_tag-teneriffa-la-gomera-tagesausflug","10":"first","11":"instock","12":"virtual","13":"sold-individually","14":"purchasable","15":"product-type-booking"},"booking_location":"","booking_location_type":"","booking_duration":1,"booking_duration_unit":"day","booking_buffer":0,"booking_cost":0,"booking_resources":[],"acf":[],"_links":{"self":[{"href":"https:\/\/tenerife-trips.com\/de\/wp-json\/wp\/v2\/product\/133060","targetHints":{"allow":["GET"]}}],"collection":[{"href":"https:\/\/tenerife-trips.com\/de\/wp-json\/wp\/v2\/product"}],"about":[{"href":"https:\/\/tenerife-trips.com\/de\/wp-json\/wp\/v2\/types\/product"}],"wp:featuredmedia":[{"embeddable":true,"href":"https:\/\/tenerife-trips.com\/de\/wp-json\/wp\/v2\/media\/133061"}],"wp:attachment":[{"href":"https:\/\/tenerife-trips.com\/de\/wp-json\/wp\/v2\/media?parent=133060"}],"wp:term":[{"taxonomy":"product_brand","embeddable":true,"href":"https:\/\/tenerife-trips.com\/de\/wp-json\/wp\/v2\/product_brand?post=133060"},{"taxonomy":"product_cat","embeddable":true,"href":"https:\/\/tenerife-trips.com\/de\/wp-json\/wp\/v2\/product_cat?post=133060"},{"taxonomy":"product_tag","embeddable":true,"href":"https:\/\/tenerife-trips.com\/de\/wp-json\/wp\/v2\/product_tag?post=133060"}],"curies":[{"name":"wp","href":"https:\/\/api.w.org\/{rel}","templated":true}]}}