{"id":134519,"date":"2018-01-18T18:27:34","date_gmt":"2018-01-18T18:27:34","guid":{"rendered":"https:\/\/tenerife-trips.com\/?post_type=product&#038;p=134519"},"modified":"2025-12-03T11:12:12","modified_gmt":"2025-12-03T11:12:12","slug":"quad-teide","status":"publish","type":"product","link":"https:\/\/tenerife-trips.com\/de\/product\/land-abenteuer\/quad-teide\/","title":{"rendered":"QUAD TEIDE TOUR"},"content":{"rendered":"<div class=\"wpb-content-wrapper\"><p>[vc_row full_width=&#8221;stretch_row_content_no_spaces&#8221;][vc_column][vc_column_text css=&#8221;.vc_custom_1743521820943{background-color: #F6EB14 !important;background-position: center !important;background-repeat: no-repeat !important;background-size: cover !important;}&#8221; css_animation=&#8221;fadeIn&#8221;]<\/p>\n<h1 class=\"title-h2\" style=\"text-align: center;\"><span style=\"font-size: 18pt; color: #312c7a;\">QUAD TEIDE<\/span><\/h1>\n<p>[\/vc_column_text][\/vc_column][\/vc_row][vc_row][vc_column][vc_column_text]<\/p>\n<p style=\"text-align: center;\">Die quad Teide tour f\u00fchrt Sie direkt auf den Grund des <a href=\"https:\/\/de.wikipedia.org\/wiki\/Teide\" target=\"_blank\" rel=\"noopener\">Teide<\/a>-Gipfels. Dies ist der dritth\u00f6chste Vulkan der Welt nach dem hawaiianischen Mauna Kea und Mauna Loa.<\/p>\n<p style=\"text-decoration: underline; text-align: center;\"><span style=\"font-size: 14pt; color: #312c7a;\"><strong>\u21d3 Siehe weitere Beschreibung unten \u21d3<\/strong><\/span><\/p>\n<p>[\/vc_column_text][\/vc_column][\/vc_row][vc_row full_width=&#8221;stretch_row_content&#8221; full_height=&#8221;yes&#8221; css=&#8221;.vc_custom_1576192123211{background-color: #312c7a !important;background-position: center !important;background-repeat: no-repeat !important;background-size: cover !important;}&#8221;][vc_column][vc_column_text css=&#8221;.vc_custom_1747753356947{background-color: #F6EB14 !important;}&#8221;]<\/p>\n<p style=\"text-align: center;\"><span style=\"font-size: 12pt; font-family: verdana, geneva, sans-serif;\"><strong><span style=\"text-decoration: underline;\">RABATTIERT:<\/span><\/strong><\/span><\/p>\n<p style=\"text-align: center;\"><span style=\"font-size: 12pt; font-family: verdana, geneva, sans-serif;\"><strong>Doppelt <del>150 \u20ac<\/del>\u00a0 130 \u20ac<\/strong><\/span><\/p>\n<p style=\"text-align: center;\"><span style=\"font-size: 12pt; font-family: verdana, geneva, sans-serif;\"><strong>Einzel <del>130 \u20ac<\/del>\u00a0 109 \u20ac<\/strong><\/span><\/p>\n<p>[\/vc_column_text][vc_empty_space]<div class=\"gem-vimeo gem-wrapbox gem-wrapbox-style-no-style rounded-corners gem-wrapbox-position-below\" style=\"width: 100%;\"><div class=\"gem-wrapbox-inner gem-ratio-style\" style=\"padding-top: 56.25%\"><iframe webkitallowfullscreen=\"true\" mozallowfullscreen=\"true\" allowfullscreen=\"true\" class=\"gem-wrapbox-element img-responsive\" frameborder=\"0\" scrolling=\"no\" marginheight=\"0\" marginwidth=\"0\" src=\"\/\/player.vimeo.com\/video\/467537945?title=0&amp;byline=0&amp;portrait=0 \"><\/iframe><\/div><\/div>[vc_empty_space]<div class=\"preloader\"><div class=\"preloader-spin\"><\/div><\/div> <div id=\"gem-gallery-69debb000b8cc\" class=\"gem-gallery gem-gallery-hover-zooming-blur\"> <div class=\"gem-gallery-item\"> <div class=\"gem-gallery-item-image\"> <a href=\"https:\/\/tenerife-trips.com\/wp-content\/uploads\/2019\/12\/Quad-Teide-7-thegem-gallery-sidebar.jpg\" data-fancybox-group=\"gallery-69debb000b8cc\" data-full-image-url=\"https:\/\/tenerife-trips.com\/wp-content\/uploads\/2019\/12\/Quad-Teide-7.jpg\"> <svg width=\"20\" height=\"10\"><path d=\"M 0,10 Q 9,9 10,0 Q 11,9 20,10\" \/><\/svg> <img src=\"https:\/\/tenerife-trips.com\/wp-content\/uploads\/2019\/12\/Quad-Teide-7-thegem-post-thumb-small.jpg\" alt=\"\" class=\"img-responsive\"> <span class=\"gem-gallery-caption slide-info\"> <\/span> <\/a> <span class=\"gem-gallery-line\"><\/span> <\/div> <\/div> <div class=\"gem-gallery-item\"> <div class=\"gem-gallery-item-image\"> <a href=\"https:\/\/tenerife-trips.com\/wp-content\/uploads\/2019\/12\/Quad-Teide-2-thegem-gallery-sidebar.jpg\" data-fancybox-group=\"gallery-69debb000b8cc\" data-full-image-url=\"https:\/\/tenerife-trips.com\/wp-content\/uploads\/2019\/12\/Quad-Teide-2.jpg\"> <svg width=\"20\" height=\"10\"><path d=\"M 0,10 Q 9,9 10,0 Q 11,9 20,10\" \/><\/svg> <img src=\"https:\/\/tenerife-trips.com\/wp-content\/uploads\/2019\/12\/Quad-Teide-2-thegem-post-thumb-small.jpg\" alt=\"noleggio quad Tenerife\" class=\"img-responsive\"> <span class=\"gem-gallery-caption slide-info\"> <\/span> <\/a> <span class=\"gem-gallery-line\"><\/span> <\/div> <\/div> <div class=\"gem-gallery-item\"> <div class=\"gem-gallery-item-image\"> <a href=\"https:\/\/tenerife-trips.com\/wp-content\/uploads\/2021\/05\/Quad-Teide-thegem-gallery-sidebar.jpg\" data-fancybox-group=\"gallery-69debb000b8cc\" data-full-image-url=\"https:\/\/tenerife-trips.com\/wp-content\/uploads\/2021\/05\/Quad-Teide.jpg\"> <svg width=\"20\" height=\"10\"><path d=\"M 0,10 Q 9,9 10,0 Q 11,9 20,10\" \/><\/svg> <img src=\"https:\/\/tenerife-trips.com\/wp-content\/uploads\/2021\/05\/Quad-Teide-thegem-post-thumb-small.jpg\" alt=\"quad Teide\" class=\"img-responsive\"> <span class=\"gem-gallery-caption slide-info\"> <\/span> <\/a> <span class=\"gem-gallery-line\"><\/span> <\/div> <\/div> <div class=\"gem-gallery-item\"> <div class=\"gem-gallery-item-image\"> <a href=\"https:\/\/tenerife-trips.com\/wp-content\/uploads\/2019\/12\/Quad-Teide-6-thegem-gallery-sidebar.jpg\" data-fancybox-group=\"gallery-69debb000b8cc\" data-full-image-url=\"https:\/\/tenerife-trips.com\/wp-content\/uploads\/2019\/12\/Quad-Teide-6.jpg\"> <svg width=\"20\" height=\"10\"><path d=\"M 0,10 Q 9,9 10,0 Q 11,9 20,10\" \/><\/svg> <img src=\"https:\/\/tenerife-trips.com\/wp-content\/uploads\/2019\/12\/Quad-Teide-6-thegem-post-thumb-small.jpg\" alt=\"\" class=\"img-responsive\"> <span class=\"gem-gallery-caption slide-info\"> <\/span> <\/a> <span class=\"gem-gallery-line\"><\/span> <\/div> <\/div> <div class=\"gem-gallery-item\"> <div class=\"gem-gallery-item-image\"> <a href=\"https:\/\/tenerife-trips.com\/wp-content\/uploads\/2019\/12\/Quad-Teide-3-thegem-gallery-sidebar.jpg\" data-fancybox-group=\"gallery-69debb000b8cc\" data-full-image-url=\"https:\/\/tenerife-trips.com\/wp-content\/uploads\/2019\/12\/Quad-Teide-3.jpg\"> <svg width=\"20\" height=\"10\"><path d=\"M 0,10 Q 9,9 10,0 Q 11,9 20,10\" \/><\/svg> <img src=\"https:\/\/tenerife-trips.com\/wp-content\/uploads\/2019\/12\/Quad-Teide-3-thegem-post-thumb-small.jpg\" alt=\"wycieczka quadem Teneryfa\" class=\"img-responsive\"> <span class=\"gem-gallery-caption slide-info\"> <\/span> <\/a> <span class=\"gem-gallery-line\"><\/span> <\/div> <\/div> <div class=\"gem-gallery-item\"> <div class=\"gem-gallery-item-image\"> <a href=\"https:\/\/tenerife-trips.com\/wp-content\/uploads\/2019\/12\/Quad-Teide-5-thegem-gallery-sidebar.jpg\" data-fancybox-group=\"gallery-69debb000b8cc\" data-full-image-url=\"https:\/\/tenerife-trips.com\/wp-content\/uploads\/2019\/12\/Quad-Teide-5.jpg\"> <svg width=\"20\" height=\"10\"><path d=\"M 0,10 Q 9,9 10,0 Q 11,9 20,10\" \/><\/svg> <img src=\"https:\/\/tenerife-trips.com\/wp-content\/uploads\/2019\/12\/Quad-Teide-5-thegem-post-thumb-small.jpg\" alt=\"quad tour Tenerife\" class=\"img-responsive\"> <span class=\"gem-gallery-caption slide-info\"> <\/span> <\/a> <span class=\"gem-gallery-line\"><\/span> <\/div> <\/div> <\/div>[\/vc_column][\/vc_row][vc_row full_width=&#8221;stretch_row&#8221; css=&#8221;.vc_custom_1577669794647{background-color: #312c7a !important;background-position: center !important;background-repeat: no-repeat !important;background-size: cover !important;}&#8221;][vc_column][vc_column_text css=&#8221;.vc_custom_1610120507078{background-position: center !important;background-repeat: no-repeat !important;background-size: cover !important;}&#8221; css_animation=&#8221;fadeIn&#8221;]<\/p>\n<h3 class=\"title-h2\" style=\"text-align: center;\"><span style=\"font-size: 18pt; color: #ffffff;\">BESCHREIBUNG<\/span><\/h3>\n<p>[\/vc_column_text][\/vc_column][\/vc_row][vc_row][vc_column][vc_tta_accordion style=&#8221;simple_solid&#8221; color=&#8221;blue&#8221; c_icon=&#8221;chevron&#8221; active_section=&#8221;0&#8243; collapsible_all=&#8221;true&#8221;][vc_tta_section title=&#8221;AUSFLUGSBESCHREIBUNG&#8221; tab_id=&#8221;1577669752813-9df83b3e-350fd056-84c115c0-fc43&#8243;][vc_column_text]<\/p>\n<div id=\"pl-2135\" class=\"panel-layout\">\n<div id=\"pg-2135-0\" class=\"panel-grid panel-no-style\">\n<div id=\"pgc-2135-0-0\" class=\"panel-grid-cell\" data-weight=\"1\">\n<div id=\"panel-2135-0-0-0\" class=\"so-panel widget widget_sow-editor panel-first-child panel-last-child\" data-style=\"{&quot;background_display&quot;:&quot;tile&quot;,&quot;featured_widgets&quot;:&quot;&quot;}\" data-index=\"0\">\n<div class=\"so-widget-sow-editor so-widget-sow-editor-base\">\n<div class=\"siteorigin-widget-tinymce textwidget\">\n<h3><span style=\"font-size: 12pt;\">Die quad Teide tour f\u00fchrt Sie direkt auf den Grund des <a href=\"https:\/\/de.wikipedia.org\/wiki\/Teide\" target=\"_blank\" rel=\"noopener\">Teide<\/a>-Gipfels. Dies ist der dritth\u00f6chste Vulkan der Welt nach dem hawaiianischen Mauna Kea und Mauna Loa.<\/span><\/h3>\n<p>Die quad Teide tour geh\u00f6rt definitiv zu den besten empfohlenen Ausfl\u00fcgen, wenn Sie Ihren Urlaub aktiv genie\u00dfen m\u00f6chten! Die Insel ist ein Ort, an dem es viele unglaubliche Landschaften zu sehen gibt. Deshalb empfehlen wir Ihnen, nicht die ganze Zeit am Strand zu liegen, sonst verpassen Sie das Beste!<\/p>\n<p>Als erstes holen wir Sie in der N\u00e4he Ihrer Unterkunft auf Teneriffa S\u00fcd oder West ab. Dann bringen wir Sie in die Garage, in der die Quads aufbewahrt werden; nach einer kurzen Erl\u00e4uterung der Sicherheitsregeln stellen wir Ihnen die gesamte Ausr\u00fcstung zur Verf\u00fcgung und setzen uns auf die Fahrzeuge. Wir fahren in Richtung Teide auf der Hauptstra\u00dfe, die die Berge hinauff\u00fchrt. Wir fahren durch einen wundersch\u00f6nen Kiefernwald und betrachten atemberaubende Panoramen.<\/p>\n<p>UNSERE REISELEITER, EINE VORNE UND EINE HINTER DER GRUPPE, KONTROLLIEREN DEN VERKEHR. SIE HELFEN IHNEN, WENN SIE W\u00c4HREND DER QUAD TEIDE TOUR ETWAS BEN\u00d6TIGEN. Sobald wir das Plateau bei 2200 Metern erreichen, halten wir in den besten Panoramapunkten an, damit Sie den spektakul\u00e4ren Nationalpark El Teide in vollen Z\u00fcgen genie\u00dfen k\u00f6nnen. Die Landschaft dieser Gegend ist einzigartig und \u00e4hnelt ein wenig den W\u00fcsten von Nevada oder Arizona in den USA; daher wurde es ausgew\u00e4hlt, um mehrere ber\u00fchmte Filme zu drehen, zum Beispiel \u201ePlanet der Affen\u201c im Jahr 1968. 2007 wurde das Gebiet des <a title=\"Nationalpark El Teide\" href=\"https:\/\/de.wikipedia.org\/wiki\/Nationalpark_El_Teide\">Nationalpark El Teide<\/a>\u00a0von der\u00a0<a title=\"UNESCO\" href=\"https:\/\/de.wikipedia.org\/wiki\/UNESCO\">UNESCO<\/a>\u00a0in die Liste des\u00a0<a title=\"UNESCO-Welterbe\" href=\"https:\/\/de.wikipedia.org\/wiki\/UNESCO-Welterbe#Kriterien_f%C3%BCr_Naturerbe\">Weltnaturerbes<\/a> aufgenommen.<\/p>\n<p>Die quad Teide tour dauert insgesamt 3 Stunden seit Beginn der Fahrt und ist haupts\u00e4chlich auf der Stra\u00dfe unterwegs. W\u00e4hrend des Ausfluges machen wir Fotos von Ihnen, die Sie am Ende bei Interesse kaufen k\u00f6nnen. Sie k\u00f6nnen alleine auf einem Quad sitzen (einzel) oder eines mit einer anderen Person teilen (doppelt).<\/p>\n<h3><span style=\"font-size: 12pt; color: #ff0000;\">F\u00dcR DIE QUAD TEIDE TOUR M\u00dcSSEN SIE einen g\u00fcltigen F\u00fchrerschein\u00a0HABEN, WENN SIE FAHREN WOLLEN; KINDER M\u00dcSSEN MINDESTENS 7 JAHRE ALT SEIN. BITTE BEACHTEN SIE, DASS JEDES QUAD MAXIMAL 150 KG TRAGEN KANN.<\/span><\/h3>\n<p>Z\u00f6gern Sie nicht und buchen Sie jetzt Ihre besten Ausfl\u00fcge!<\/p>\n<\/div>\n<\/div>\n<\/div>\n<\/div>\n<\/div>\n<\/div>\n<p>[\/vc_column_text][\/vc_tta_section][vc_tta_section title=&#8221;ZEITPLAN UND ABHOLSERVICE&#8221; tab_id=&#8221;1577669752866-707b0c8d-67a8d056-84c115c0-fc43&#8243;][vc_column_text]Bitte kontaktieren Sie unseren Kundenservice \u00fcber den Live-Chat und \u00fcberpr\u00fcfen Sie vor der Buchung die Verf\u00fcgbarkeit und die Transportbedingungen aus Ihrer Region.<\/p>\n<p><span style=\"text-decoration: underline;\"><span style=\"color: #ff0000; text-decoration: underline;\">ZEITPLAN:<\/span><\/span><\/p>\n<p>Jeden Tag.<\/p>\n<p><strong>Sehen Sie sich das Video an, machen Sie sich ein Bild davon und buchen Sie es jetzt!<\/strong>[\/vc_column_text][\/vc_tta_section][\/vc_tta_accordion][\/vc_column][\/vc_row][vc_row full_width=&#8221;stretch_row_content&#8221; css=&#8221;.vc_custom_1577474711662{background-color: #312c7a !important;background-position: center !important;background-repeat: no-repeat !important;background-size: cover !important;}&#8221;][vc_column][vc_column_text css=&#8221;.vc_custom_1610146191001{background-position: center !important;background-repeat: no-repeat !important;background-size: cover !important;}&#8221; css_animation=&#8221;fadeIn&#8221;]<\/p>\n<p class=\"title-h2\" style=\"text-align: center;\"><span style=\"color: #ffffff; font-size: 18pt;\">BUCHEN SIE JETZT<\/span><\/p>\n<p>[\/vc_column_text][vc_empty_space height=&#8221;10&#8243;][\/vc_column][\/vc_row]<\/p>\n<\/div>","protected":false},"excerpt":{"rendered":"<p>[vc_row full_width=&#8221;stretch_row_content_no_spaces&#8221;][vc_column][vc_column_text css=&#8221;.vc_custom_1743521820943{background-color: #F6EB14 !important;background-position: center !important;background-repeat: no-repeat !important;background-size: cover !important;}&#8221; css_animation=&#8221;fadeIn&#8221;] QUAD TEIDE [\/vc_column_text][\/vc_column][\/vc_row][vc_row][vc_column][vc_column_text] Die quad Teide tour f\u00fchrt&#8230;<\/p>\n","protected":false},"featured_media":134529,"template":"","meta":{"_acf_changed":false,"_seopress_robots_primary_cat":"0","_seopress_titles_title":"Quad Teide Tour, ein Ausflug durch den Teide Nationalpark.","_seopress_titles_desc":"Entdecken Sie bei einer quad Teide tour im Nationalpark die atemberaubenden Panoramen dieses einzigartigen UNESCO-Welterbes!","_seopress_robots_index":""},"product_brand":[],"product_cat":[2771],"product_tag":[2827,2825,2826],"class_list":{"0":"post-134519","1":"product","2":"type-product","3":"status-publish","4":"has-post-thumbnail","6":"product_cat-land-abenteuer","7":"product_tag-quad-teide-de","8":"product_tag-quad-teneriffa","9":"product_tag-quad-tour-teneriffa","11":"first","12":"instock","13":"virtual","14":"sold-individually","15":"taxable","16":"purchasable","17":"product-type-booking"},"booking_location":"","booking_location_type":"","booking_duration":1,"booking_duration_unit":"day","booking_buffer":0,"booking_cost":0,"booking_resources":[],"acf":[],"_links":{"self":[{"href":"https:\/\/tenerife-trips.com\/de\/wp-json\/wp\/v2\/product\/134519","targetHints":{"allow":["GET"]}}],"collection":[{"href":"https:\/\/tenerife-trips.com\/de\/wp-json\/wp\/v2\/product"}],"about":[{"href":"https:\/\/tenerife-trips.com\/de\/wp-json\/wp\/v2\/types\/product"}],"wp:featuredmedia":[{"embeddable":true,"href":"https:\/\/tenerife-trips.com\/de\/wp-json\/wp\/v2\/media\/134529"}],"wp:attachment":[{"href":"https:\/\/tenerife-trips.com\/de\/wp-json\/wp\/v2\/media?parent=134519"}],"wp:term":[{"taxonomy":"product_brand","embeddable":true,"href":"https:\/\/tenerife-trips.com\/de\/wp-json\/wp\/v2\/product_brand?post=134519"},{"taxonomy":"product_cat","embeddable":true,"href":"https:\/\/tenerife-trips.com\/de\/wp-json\/wp\/v2\/product_cat?post=134519"},{"taxonomy":"product_tag","embeddable":true,"href":"https:\/\/tenerife-trips.com\/de\/wp-json\/wp\/v2\/product_tag?post=134519"}],"curies":[{"name":"wp","href":"https:\/\/api.w.org\/{rel}","templated":true}]}}