{"id":137829,"date":"2018-01-15T22:10:44","date_gmt":"2018-01-15T22:10:44","guid":{"rendered":"https:\/\/tenerife-trips.com\/?post_type=product&#038;p=137829"},"modified":"2025-12-03T11:15:49","modified_gmt":"2025-12-03T11:15:49","slug":"buggy-tour-teneriffa","status":"publish","type":"product","link":"https:\/\/tenerife-trips.com\/de\/product\/land-abenteuer\/buggy-tour-teneriffa\/","title":{"rendered":"BUGGY TOUR"},"content":{"rendered":"<div class=\"wpb-content-wrapper\"><p>[vc_row full_width=&#8221;stretch_row_content_no_spaces&#8221;][vc_column][vc_column_text css=&#8221;.vc_custom_1743522297111{background-color: #F6EB14 !important;background-position: center !important;background-repeat: no-repeat !important;background-size: cover !important;}&#8221; css_animation=&#8221;fadeIn&#8221;]<\/p>\n<h1 class=\"title-h2\" style=\"text-align: center;\"><span style=\"font-size: 18pt; color: #312c7a;\">BUGGY TOUR<\/span><\/h1>\n<p>[\/vc_column_text][\/vc_column][\/vc_row][vc_row][vc_column][vc_column_text]<\/p>\n<p style=\"text-align: center;\"><span style=\"font-size: 14pt;\">Die Buggy Tour Teneriffa ist definitiv der beste Weg, um w\u00e4hrend Ihres Urlaubs Spa\u00df am Fahren zu haben. Auf dieser Reise k\u00f6nnen Sie die Westk\u00fcste besuchen, eine der authentischsten Gegenden der Insel!<\/span><\/p>\n<p style=\"text-decoration: underline; text-align: center;\"><span style=\"font-size: 14pt; color: #312c7a;\"><strong>\u21d3 Siehe weitere Beschreibung unten \u21d3<\/strong><\/span><\/p>\n<p>[\/vc_column_text][\/vc_column][\/vc_row][vc_row full_width=&#8221;stretch_row_content&#8221; full_height=&#8221;yes&#8221; css=&#8221;.vc_custom_1576192123211{background-color: #312c7a !important;background-position: center !important;background-repeat: no-repeat !important;background-size: cover !important;}&#8221;][vc_column]<div class=\"gem-vimeo gem-wrapbox gem-wrapbox-style-no-style rounded-corners gem-wrapbox-position-below\" style=\"width: 100%;\"><div class=\"gem-wrapbox-inner gem-ratio-style\" style=\"padding-top: 56.25%\"><iframe webkitallowfullscreen=\"true\" mozallowfullscreen=\"true\" allowfullscreen=\"true\" class=\"gem-wrapbox-element img-responsive\" frameborder=\"0\" scrolling=\"no\" marginheight=\"0\" marginwidth=\"0\" src=\"\/\/player.vimeo.com\/video\/325660092?title=0&amp;byline=0&amp;portrait=0 \"><\/iframe><\/div><\/div>[vc_empty_space]<div class=\"preloader\"><div class=\"preloader-spin\"><\/div><\/div> <div id=\"gem-gallery-69e01de53f2f2\" class=\"gem-gallery gem-gallery-hover-zooming-blur\"> <div class=\"gem-gallery-item\"> <div class=\"gem-gallery-item-image\"> <a href=\"https:\/\/tenerife-trips.com\/wp-content\/uploads\/2019\/12\/buggy-Tenerife-thegem-gallery-sidebar.jpg\" data-fancybox-group=\"gallery-69e01de53f2f2\" data-full-image-url=\"https:\/\/tenerife-trips.com\/wp-content\/uploads\/2019\/12\/buggy-Tenerife.jpg\"> <svg width=\"20\" height=\"10\"><path d=\"M 0,10 Q 9,9 10,0 Q 11,9 20,10\" \/><\/svg> <img src=\"https:\/\/tenerife-trips.com\/wp-content\/uploads\/2019\/12\/buggy-Tenerife-thegem-post-thumb-small.jpg\" alt=\"buggy Tenerife\" class=\"img-responsive\"> <span class=\"gem-gallery-caption slide-info\"> <\/span> <\/a> <span class=\"gem-gallery-line\"><\/span> <\/div> <\/div> <div class=\"gem-gallery-item\"> <div class=\"gem-gallery-item-image\"> <a href=\"https:\/\/tenerife-trips.com\/wp-content\/uploads\/2019\/12\/buggy-Tenerife-1-thegem-gallery-sidebar.jpg\" data-fancybox-group=\"gallery-69e01de53f2f2\" data-full-image-url=\"https:\/\/tenerife-trips.com\/wp-content\/uploads\/2019\/12\/buggy-Tenerife-1.jpg\"> <svg width=\"20\" height=\"10\"><path d=\"M 0,10 Q 9,9 10,0 Q 11,9 20,10\" \/><\/svg> <img src=\"https:\/\/tenerife-trips.com\/wp-content\/uploads\/2019\/12\/buggy-Tenerife-1-thegem-post-thumb-small.jpg\" alt=\"\" class=\"img-responsive\"> <span class=\"gem-gallery-caption slide-info\"> <\/span> <\/a> <span class=\"gem-gallery-line\"><\/span> <\/div> <\/div> <div class=\"gem-gallery-item\"> <div class=\"gem-gallery-item-image\"> <a href=\"https:\/\/tenerife-trips.com\/wp-content\/uploads\/2019\/12\/buggy-Tenerife-2-thegem-gallery-sidebar.jpg\" data-fancybox-group=\"gallery-69e01de53f2f2\" data-full-image-url=\"https:\/\/tenerife-trips.com\/wp-content\/uploads\/2019\/12\/buggy-Tenerife-2.jpg\"> <svg width=\"20\" height=\"10\"><path d=\"M 0,10 Q 9,9 10,0 Q 11,9 20,10\" \/><\/svg> <img src=\"https:\/\/tenerife-trips.com\/wp-content\/uploads\/2019\/12\/buggy-Tenerife-2-thegem-post-thumb-small.jpg\" alt=\"\" class=\"img-responsive\"> <span class=\"gem-gallery-caption slide-info\"> <\/span> <\/a> <span class=\"gem-gallery-line\"><\/span> <\/div> <\/div> <div class=\"gem-gallery-item\"> <div class=\"gem-gallery-item-image\"> <a href=\"https:\/\/tenerife-trips.com\/wp-content\/uploads\/2019\/12\/buggy-Tenerife-3-thegem-gallery-sidebar.jpg\" data-fancybox-group=\"gallery-69e01de53f2f2\" data-full-image-url=\"https:\/\/tenerife-trips.com\/wp-content\/uploads\/2019\/12\/buggy-Tenerife-3.jpg\"> <svg width=\"20\" height=\"10\"><path d=\"M 0,10 Q 9,9 10,0 Q 11,9 20,10\" \/><\/svg> <img src=\"https:\/\/tenerife-trips.com\/wp-content\/uploads\/2019\/12\/buggy-Tenerife-3-thegem-post-thumb-small.jpg\" alt=\"\" class=\"img-responsive\"> <span class=\"gem-gallery-caption slide-info\"> <\/span> <\/a> <span class=\"gem-gallery-line\"><\/span> <\/div> <\/div> <div class=\"gem-gallery-item\"> <div class=\"gem-gallery-item-image\"> <a href=\"https:\/\/tenerife-trips.com\/wp-content\/uploads\/2019\/12\/buggy-Tenerife-4-thegem-gallery-sidebar.jpg\" data-fancybox-group=\"gallery-69e01de53f2f2\" data-full-image-url=\"https:\/\/tenerife-trips.com\/wp-content\/uploads\/2019\/12\/buggy-Tenerife-4.jpg\"> <svg width=\"20\" height=\"10\"><path d=\"M 0,10 Q 9,9 10,0 Q 11,9 20,10\" \/><\/svg> <img src=\"https:\/\/tenerife-trips.com\/wp-content\/uploads\/2019\/12\/buggy-Tenerife-4-thegem-post-thumb-small.jpg\" alt=\"buggy Tenerife\" class=\"img-responsive\"> <span class=\"gem-gallery-caption slide-info\"> <\/span> <\/a> <span class=\"gem-gallery-line\"><\/span> <\/div> <\/div> <\/div>[\/vc_column][\/vc_row][vc_row full_width=&#8221;stretch_row&#8221; css=&#8221;.vc_custom_1577669794647{background-color: #312c7a !important;background-position: center !important;background-repeat: no-repeat !important;background-size: cover !important;}&#8221;][vc_column][vc_column_text css=&#8221;.vc_custom_1610120507078{background-position: center !important;background-repeat: no-repeat !important;background-size: cover !important;}&#8221; css_animation=&#8221;fadeIn&#8221;]<\/p>\n<h3 class=\"title-h2\" style=\"text-align: center;\"><span style=\"font-size: 18pt; color: #ffffff;\">BESCHREIBUNG<\/span><\/h3>\n<p>[\/vc_column_text][\/vc_column][\/vc_row][vc_row][vc_column][vc_tta_accordion style=&#8221;simple_solid&#8221; color=&#8221;blue&#8221; c_icon=&#8221;chevron&#8221; active_section=&#8221;0&#8243; collapsible_all=&#8221;true&#8221;][vc_tta_section title=&#8221;AUSFLUGSBESCHREIBUNG&#8221; tab_id=&#8221;1577669752813-9df83b3e-350fd056-84c1e7c4-a24f&#8221;][vc_column_text css=&#8221;&#8221;]<\/p>\n<div id=\"pl-2135\" class=\"panel-layout\">\n<div id=\"pg-2135-0\" class=\"panel-grid panel-no-style\">\n<div id=\"pgc-2135-0-0\" class=\"panel-grid-cell\" data-weight=\"1\">\n<div id=\"panel-2135-0-0-0\" class=\"so-panel widget widget_sow-editor panel-first-child panel-last-child\" data-style=\"{&quot;background_display&quot;:&quot;tile&quot;,&quot;featured_widgets&quot;:&quot;&quot;}\" data-index=\"0\">\n<div class=\"so-widget-sow-editor so-widget-sow-editor-base\">\n<div class=\"siteorigin-widget-tinymce textwidget\">\n<p><span style=\"font-size: 14pt;\">Der Buggy Tour Tenerife ist definitiv der beste Weg, um w\u00e4hrend Ihres Urlaubs Spa\u00df am Fahren zu haben. Auf dieser Reise k\u00f6nnen Sie die Westk\u00fcste besuchen, eine der authentischsten Gegenden der Insel!<\/span><\/p>\n<p><span style=\"font-size: 14pt;\">Zun\u00e4chst holen wir Sie ab, wenn Sie sich im S\u00fcden von Teneriffa aufhalten. Dann bringen wir Sie zu unserer Basis in <a href=\"https:\/\/goo.gl\/maps\/wrC6SyaYkeuUcEcU6\" target=\"_blank\" rel=\"noopener\">Adeje<\/a>, wo die Buggys aufbewahrt werden. Hier erhalten Sie eine kurze Erkl\u00e4rung der Sicherheitsregeln, die Sie befolgen m\u00fcssen, bevor Sie mit der Buggy Tour Teneriffa beginnen. Sie fahren einen CFMOTO-Buggy mit 500 Kubikzentimeter Motor und Automatikgetriebe.<\/span><\/p>\n<h3><span style=\"font-size: 12pt;\">EINMAL IST ALLES KLAR, WIR SITZEN AUF DEM BUGGY UND VERLASSEN UNSERE BASIS. wir machen entweder einen 2- oder 3-st\u00fcndigen Ausflug in die westliche K\u00fcstenregion, vorbei an den ber\u00fchmtesten Orten wie &#8220;EL PUERTITO&#8221;, &#8220;PLAYA PARAISO&#8221;, <\/span><span style=\"font-size: 12pt;\">&#8220;La Caleta&#8221;, &#8220;Callao Salvaje&#8221; und <\/span><span style=\"font-size: 12pt;\">&#8220;HOTEL ABAMA&#8221; (nur bei der 3-st\u00fcndigen Tour). Hier unten k\u00f6nnen Sie ein Video sehen, das Ihnen das Gebiet zeigt, in dem der 3-st\u00fcndige Ausflug stattfindet. <\/span><\/h3>\n<p><span style=\"font-size: 14pt;\">W\u00e4hrend der Fahrt werden wir einige Male anhalten, um eine Pause einzulegen und die Aussicht von verschiedenen Orten aus zu genie\u00dfen. <strong>Wir werden ca. 40 Minuten auch im Gel\u00e4nde fahren<\/strong>, wir m\u00f6chten auf jeden Fall, dass Sie das Fahrzeug, das Sie fahren, nutzen!<\/span><\/p>\n<h3><span style=\"font-size: 12pt;\">DIE BUGGY TOUR TENERIFFA endet, WENN WIR ZUM STARTPUNKT ZUR\u00dcCKKEHREN. Dann bringen wir Sie zur\u00fcck zu dem Punkt, an dem wir Sie abgeholt haben.<\/span><\/h3>\n<p><span style=\"font-size: 14pt;\">Es werden maximal 8 Buggys in der Gruppe sein, die unserem erfahrenen Reiseleiter folgen. Die Buggys haben 2 Sitzpl\u00e4tze, so dass Sie alleine fahren oder ein Doppel mit einer anderen Person teilen k\u00f6nnen.<\/span><\/p>\n<h3><span style=\"font-size: 12pt; color: #ff0000;\"><strong>F\u00dcR DIE BUGGY TOUR TENERIFE M\u00dcSSEN DIE FAHRER einen g\u00fcltigen F\u00fchrerschein HABEN. Kinder m\u00fcssen mindestens 12 Jahre alt oder 1,20 Meter gro\u00df sein. BUCHEN SIE ES JETZT UND F\u00dcHLEN SIE DIE ADRENALINE!<\/strong><\/span><\/h3>\n<\/div>\n<\/div>\n<\/div>\n<\/div>\n<\/div>\n<\/div>\n<p>[\/vc_column_text][\/vc_tta_section][vc_tta_section title=&#8221;ZEITPLAN UND ABHOLSERVICE&#8221; tab_id=&#8221;1577669752866-707b0c8d-67a8d056-84c1e7c4-a24f&#8221;][vc_column_text css=&#8221;&#8221;]Die Abholung in der N\u00e4he Ihrer Unterkunft auf Teneriffa im S\u00fcden ist im Preis inbegriffen. Wir empfehlen Ihnen, sich in jedem Fall <a href=\"https:\/\/tenerife-trips.com\/kontakt\/?lang=de\" target=\"_blank\" rel=\"noopener\">mit uns in Verbindung<\/a> zu setzen und die Verf\u00fcgbarkeit von Transportmitteln aus Ihrer Region zu pr\u00fcfen.<\/p>\n<p><span style=\"text-decoration: underline;\"><span style=\"color: #ff0000; text-decoration: underline;\">ZEITPLAN:<\/span><\/span><\/p>\n<p>Jeden Tag au\u00dfer Sonntag.<\/p>\n<p>Sehen Sie sich das Video an, machen Sie sich ein Bild davon und buchen Sie es jetzt![\/vc_column_text][\/vc_tta_section][\/vc_tta_accordion][vc_column_text]<\/p>\n<p style=\"text-align: center;\"><span style=\"text-decoration: underline;\"><span style=\"color: #312c7a;\"><strong><span style=\"font-size: 18pt;\">AUSFLUGSBEREICH<\/span><\/strong><\/span><\/span><\/p>\n<p>[\/vc_column_text]<div class=\"gem-vimeo gem-wrapbox gem-wrapbox-style-no-style rounded-corners gem-wrapbox-position-below\" style=\"width: 100%;\"><div class=\"gem-wrapbox-inner gem-ratio-style\" style=\"padding-top: 56.25%\"><iframe webkitallowfullscreen=\"true\" mozallowfullscreen=\"true\" allowfullscreen=\"true\" class=\"gem-wrapbox-element img-responsive\" frameborder=\"0\" scrolling=\"no\" marginheight=\"0\" marginwidth=\"0\" src=\"\/\/player.vimeo.com\/video\/445324197?title=0&amp;byline=0&amp;portrait=0 \"><\/iframe><\/div><\/div>[\/vc_column][\/vc_row][vc_row full_width=&#8221;stretch_row_content&#8221; css=&#8221;.vc_custom_1577474711662{background-color: #312c7a !important;background-position: center !important;background-repeat: no-repeat !important;background-size: cover !important;}&#8221;][vc_column][vc_column_text css=&#8221;.vc_custom_1610146191001{background-position: center !important;background-repeat: no-repeat !important;background-size: cover !important;}&#8221; css_animation=&#8221;fadeIn&#8221;]<\/p>\n<p class=\"title-h2\" style=\"text-align: center;\"><span style=\"color: #ffffff; font-size: 18pt;\">BUCHEN SIE JETZT<\/span><\/p>\n<p>[\/vc_column_text][vc_empty_space height=&#8221;10&#8243;][\/vc_column][\/vc_row]<\/p>\n<\/div>","protected":false},"excerpt":{"rendered":"<p>[vc_row full_width=&#8221;stretch_row_content_no_spaces&#8221;][vc_column][vc_column_text css=&#8221;.vc_custom_1743522297111{background-color: #F6EB14 !important;background-position: center !important;background-repeat: no-repeat !important;background-size: cover !important;}&#8221; css_animation=&#8221;fadeIn&#8221;] BUGGY TOUR [\/vc_column_text][\/vc_column][\/vc_row][vc_row][vc_column][vc_column_text] Die Buggy Tour Teneriffa ist&#8230;<\/p>\n","protected":false},"featured_media":137830,"template":"","meta":{"_acf_changed":false,"_seopress_robots_primary_cat":"0","_seopress_titles_title":"Buggy Tour Teneriffa, entdecken Sie die Westk\u00fcste der Insel","_seopress_titles_desc":"Buggy Tour Teneriffa, besuchen Sie die Insel und fahren Sie mit einem Buggy im Gel\u00e4nde durch unglaubliche Landschaften und Panoramen.","_seopress_robots_index":""},"product_brand":[],"product_cat":[2771],"product_tag":[2830,2829],"class_list":{"0":"post-137829","1":"product","2":"type-product","3":"status-publish","4":"has-post-thumbnail","6":"product_cat-land-abenteuer","7":"product_tag-buggy-teneriffa","8":"product_tag-buggy-tour-teneriffa","10":"first","11":"instock","12":"sold-individually","13":"taxable","14":"shipping-taxable","15":"purchasable","16":"product-type-booking"},"booking_location":"","booking_location_type":"","booking_duration":1,"booking_duration_unit":"day","booking_buffer":0,"booking_cost":0,"booking_resources":[],"acf":[],"_links":{"self":[{"href":"https:\/\/tenerife-trips.com\/de\/wp-json\/wp\/v2\/product\/137829","targetHints":{"allow":["GET"]}}],"collection":[{"href":"https:\/\/tenerife-trips.com\/de\/wp-json\/wp\/v2\/product"}],"about":[{"href":"https:\/\/tenerife-trips.com\/de\/wp-json\/wp\/v2\/types\/product"}],"wp:featuredmedia":[{"embeddable":true,"href":"https:\/\/tenerife-trips.com\/de\/wp-json\/wp\/v2\/media\/137830"}],"wp:attachment":[{"href":"https:\/\/tenerife-trips.com\/de\/wp-json\/wp\/v2\/media?parent=137829"}],"wp:term":[{"taxonomy":"product_brand","embeddable":true,"href":"https:\/\/tenerife-trips.com\/de\/wp-json\/wp\/v2\/product_brand?post=137829"},{"taxonomy":"product_cat","embeddable":true,"href":"https:\/\/tenerife-trips.com\/de\/wp-json\/wp\/v2\/product_cat?post=137829"},{"taxonomy":"product_tag","embeddable":true,"href":"https:\/\/tenerife-trips.com\/de\/wp-json\/wp\/v2\/product_tag?post=137829"}],"curies":[{"name":"wp","href":"https:\/\/api.w.org\/{rel}","templated":true}]}}