{"id":139016,"date":"2018-04-06T16:04:42","date_gmt":"2018-04-06T15:04:42","guid":{"rendered":"https:\/\/tenerife-trips.com\/?post_type=product&#038;p=139016"},"modified":"2025-12-03T11:43:41","modified_gmt":"2025-12-03T11:43:41","slug":"sternenbeobachtung-teneriffa","status":"publish","type":"product","link":"https:\/\/tenerife-trips.com\/de\/product\/im-freien\/sternenbeobachtung-teneriffa\/","title":{"rendered":"STERNENBEOBACHTUNG"},"content":{"rendered":"<div class=\"wpb-content-wrapper\"><p>[vc_row full_width=&#8221;stretch_row_content_no_spaces&#8221;][vc_column][vc_column_text css=&#8221;.vc_custom_1743520602854{background-color: #F6EB14 !important;background-position: center !important;background-repeat: no-repeat !important;background-size: cover !important;}&#8221; css_animation=&#8221;fadeIn&#8221;]<\/p>\n<h1 class=\"title-h2\" style=\"text-align: center;\"><span style=\"font-size: 18pt; color: #312c7a;\">STERNENBEOBACHTUNG<\/span><\/h1>\n<p>[\/vc_column_text][\/vc_column][\/vc_row][vc_row][vc_column][vc_column_text]<\/p>\n<p style=\"text-align: center;\"><span style=\"font-size: 14pt;\">Wussten Sie, dass Teneriffa einer der besten Orte der Welt ist, um Sterne zu beobachten? Wenn Sie es also nutzen m\u00f6chten, ist die Sternenbeobachtung Teneriffa genau das, wonach Sie suchen.<\/span><\/p>\n<p style=\"text-decoration: underline; text-align: center;\"><span style=\"font-size: 14pt; color: #312c7a;\"><strong>\u21d3 Siehe weitere Beschreibung unten \u21d3<\/strong><\/span><\/p>\n<p>[\/vc_column_text][\/vc_column][\/vc_row][vc_row full_width=&#8221;stretch_row_content&#8221; full_height=&#8221;yes&#8221; css=&#8221;.vc_custom_1576192123211{background-color: #312c7a !important;background-position: center !important;background-repeat: no-repeat !important;background-size: cover !important;}&#8221;][vc_column]<div class=\"gem-vimeo gem-wrapbox gem-wrapbox-style-no-style rounded-corners gem-wrapbox-position-below\" style=\"width: 100%;\"><div class=\"gem-wrapbox-inner gem-ratio-style\" style=\"padding-top: 56.25%\"><iframe webkitallowfullscreen=\"true\" mozallowfullscreen=\"true\" allowfullscreen=\"true\" class=\"gem-wrapbox-element img-responsive\" frameborder=\"0\" scrolling=\"no\" marginheight=\"0\" marginwidth=\"0\" src=\"\/\/player.vimeo.com\/video\/327029458?title=0&amp;byline=0&amp;portrait=0 \"><\/iframe><\/div><\/div>[vc_empty_space]<div class=\"preloader\"><div class=\"preloader-spin\"><\/div><\/div> <div id=\"gem-gallery-69debadf2f94c\" class=\"gem-gallery gem-gallery-hover-zooming-blur\"> <div class=\"gem-gallery-item\"> <div class=\"gem-gallery-item-image\"> <a href=\"https:\/\/tenerife-trips.com\/wp-content\/uploads\/2019\/12\/2-leg-1-thegem-gallery-sidebar.jpg\" data-fancybox-group=\"gallery-69debadf2f94c\" data-full-image-url=\"https:\/\/tenerife-trips.com\/wp-content\/uploads\/2019\/12\/2-leg-1.jpg\"> <svg width=\"20\" height=\"10\"><path d=\"M 0,10 Q 9,9 10,0 Q 11,9 20,10\" \/><\/svg> <img src=\"https:\/\/tenerife-trips.com\/wp-content\/uploads\/2019\/12\/2-leg-1-thegem-post-thumb-small.jpg\" alt=\"stargazing teide\" class=\"img-responsive\"> <span class=\"gem-gallery-caption slide-info\"> <\/span> <\/a> <span class=\"gem-gallery-line\"><\/span> <\/div> <\/div> <div class=\"gem-gallery-item\"> <div class=\"gem-gallery-item-image\"> <a href=\"https:\/\/tenerife-trips.com\/wp-content\/uploads\/2019\/12\/2-14-thegem-gallery-sidebar.jpg\" data-fancybox-group=\"gallery-69debadf2f94c\" data-full-image-url=\"https:\/\/tenerife-trips.com\/wp-content\/uploads\/2019\/12\/2-14.jpg\"> <svg width=\"20\" height=\"10\"><path d=\"M 0,10 Q 9,9 10,0 Q 11,9 20,10\" \/><\/svg> <img src=\"https:\/\/tenerife-trips.com\/wp-content\/uploads\/2019\/12\/2-14-thegem-post-thumb-small.jpg\" alt=\"\" class=\"img-responsive\"> <span class=\"gem-gallery-caption slide-info\"> <\/span> <\/a> <span class=\"gem-gallery-line\"><\/span> <\/div> <\/div> <div class=\"gem-gallery-item\"> <div class=\"gem-gallery-item-image\"> <a href=\"https:\/\/tenerife-trips.com\/wp-content\/uploads\/2019\/12\/leg-4-thegem-gallery-sidebar.jpg\" data-fancybox-group=\"gallery-69debadf2f94c\" data-full-image-url=\"https:\/\/tenerife-trips.com\/wp-content\/uploads\/2019\/12\/leg-4.jpg\"> <svg width=\"20\" height=\"10\"><path d=\"M 0,10 Q 9,9 10,0 Q 11,9 20,10\" \/><\/svg> <img src=\"https:\/\/tenerife-trips.com\/wp-content\/uploads\/2019\/12\/leg-4-thegem-post-thumb-small.jpg\" alt=\"stargazing teide\" class=\"img-responsive\"> <span class=\"gem-gallery-caption slide-info\"> <\/span> <\/a> <span class=\"gem-gallery-line\"><\/span> <\/div> <\/div> <div class=\"gem-gallery-item\"> <div class=\"gem-gallery-item-image\"> <a href=\"https:\/\/tenerife-trips.com\/wp-content\/uploads\/2018\/04\/5-thegem-gallery-sidebar.jpg\" data-fancybox-group=\"gallery-69debadf2f94c\" data-full-image-url=\"https:\/\/tenerife-trips.com\/wp-content\/uploads\/2018\/04\/5.jpg\"> <svg width=\"20\" height=\"10\"><path d=\"M 0,10 Q 9,9 10,0 Q 11,9 20,10\" \/><\/svg> <img src=\"https:\/\/tenerife-trips.com\/wp-content\/uploads\/2018\/04\/5-thegem-post-thumb-small.jpg\" alt=\"\" class=\"img-responsive\"> <span class=\"gem-gallery-caption slide-info\"> <\/span> <\/a> <span class=\"gem-gallery-line\"><\/span> <\/div> <\/div> <div class=\"gem-gallery-item\"> <div class=\"gem-gallery-item-image\"> <a href=\"https:\/\/tenerife-trips.com\/wp-content\/uploads\/2021\/05\/Sternenbeobachtung-Teneriffa-thegem-gallery-sidebar.jpg\" data-fancybox-group=\"gallery-69debadf2f94c\" data-full-image-url=\"https:\/\/tenerife-trips.com\/wp-content\/uploads\/2021\/05\/Sternenbeobachtung-Teneriffa.jpg\"> <svg width=\"20\" height=\"10\"><path d=\"M 0,10 Q 9,9 10,0 Q 11,9 20,10\" \/><\/svg> <img src=\"https:\/\/tenerife-trips.com\/wp-content\/uploads\/2021\/05\/Sternenbeobachtung-Teneriffa-thegem-post-thumb-small.jpg\" alt=\"Sternenbeobachtung Teneriffa\" class=\"img-responsive\"> <span class=\"gem-gallery-caption slide-info\"> <\/span> <\/a> <span class=\"gem-gallery-line\"><\/span> <\/div> <\/div> <div class=\"gem-gallery-item\"> <div class=\"gem-gallery-item-image\"> <a href=\"https:\/\/tenerife-trips.com\/wp-content\/uploads\/2019\/12\/3-leg-1-thegem-gallery-sidebar.jpg\" data-fancybox-group=\"gallery-69debadf2f94c\" data-full-image-url=\"https:\/\/tenerife-trips.com\/wp-content\/uploads\/2019\/12\/3-leg-1.jpg\"> <svg width=\"20\" height=\"10\"><path d=\"M 0,10 Q 9,9 10,0 Q 11,9 20,10\" \/><\/svg> <img src=\"https:\/\/tenerife-trips.com\/wp-content\/uploads\/2019\/12\/3-leg-1-thegem-post-thumb-small.jpg\" alt=\"tour astronomico sul Teide\" class=\"img-responsive\"> <span class=\"gem-gallery-caption slide-info\"> <\/span> <\/a> <span class=\"gem-gallery-line\"><\/span> <\/div> <\/div> <\/div>[\/vc_column][\/vc_row][vc_row full_width=&#8221;stretch_row&#8221; css=&#8221;.vc_custom_1577669794647{background-color: #312c7a !important;background-position: center !important;background-repeat: no-repeat !important;background-size: cover !important;}&#8221;][vc_column][vc_column_text css=&#8221;.vc_custom_1610120507078{background-position: center !important;background-repeat: no-repeat !important;background-size: cover !important;}&#8221; css_animation=&#8221;fadeIn&#8221;]<\/p>\n<h3 class=\"title-h2\" style=\"text-align: center;\"><span style=\"font-size: 18pt; color: #ffffff;\">BESCHREIBUNG<\/span><\/h3>\n<p>[\/vc_column_text][\/vc_column][\/vc_row][vc_row][vc_column][vc_tta_accordion style=&#8221;simple_solid&#8221; color=&#8221;blue&#8221; c_icon=&#8221;chevron&#8221; active_section=&#8221;0&#8243; collapsible_all=&#8221;true&#8221;][vc_tta_section title=&#8221;AUSFLUGSBESCHREIBUNG&#8221; tab_id=&#8221;1577669752813-9df83b3e-350fd056-84c10c16-020f&#8221;][vc_column_text css=&#8221;&#8221;]<\/p>\n<div id=\"pl-2135\" class=\"panel-layout\">\n<div id=\"pg-2135-0\" class=\"panel-grid panel-no-style\">\n<div id=\"pgc-2135-0-0\" class=\"panel-grid-cell\" data-weight=\"1\">\n<div id=\"panel-2135-0-0-0\" class=\"so-panel widget widget_sow-editor panel-first-child panel-last-child\" data-style=\"{&quot;background_display&quot;:&quot;tile&quot;,&quot;featured_widgets&quot;:&quot;&quot;}\" data-index=\"0\">\n<div class=\"so-widget-sow-editor so-widget-sow-editor-base\">\n<div class=\"siteorigin-widget-tinymce textwidget\">\n<h3><span style=\"font-size: 12pt;\">Wussten Sie, dass Teneriffa einer der besten Orte der Welt ist, um Sterne zu beobachten? Wenn Sie es also nutzen m\u00f6chten, ist die SternENbeobachtung Teneriffa genau das, wonach Sie suchen.<\/span><\/h3>\n<p><span style=\"font-size: 14pt;\">Daher holen wir Sie zun\u00e4chst von Ihrer Unterkunft ab, wenn Sie sich in Teneriffa S\u00fcd, West oder in Puerto de la Cruz (nur am Mittwoch und Freitag) aufhalten; Die Abholzeit h\u00e4ngt von der Saison ab. Wir bieten Ihnen auch die M\u00f6glichkeit, uns mit Ihrem Auto zu begleiten, wenn Sie dies bevorzugen. Der Sternenbeobachtungsausflug beinhaltet einen Halt an einem Aussichtspunkt in den Bergen, um einen fantastischen Sonnenuntergang zu bewundern. W\u00e4hrend Sie diese spektakul\u00e4re Aussicht genie\u00dfen, bieten wir Ihnen ein Glas Sekt an und machen ein paar Fotos von der Gruppe. W\u00e4hrend des Ausflugs essen wir auch in einem lokalen Restaurant zu Abend, wo Sie leckere Speisen und Getr\u00e4nke erhalten.<\/span><\/p>\n<p><span style=\"font-size: 14pt;\">Wenn es dunkel wird, fahren wir ins Zentrum des <a href=\"https:\/\/de.wikipedia.org\/wiki\/Nationalpark_El_Teide\" target=\"_blank\" rel=\"noopener\">Teide-Nationalparks<\/a>, um mit der Sternenbeobachtung Teneriffa zu beginnen. Der Himmel hier ist das ganze Jahr \u00fcber besonders dunkel und klar, was ihn zu einem der besten astronomischen Orte der Welt macht. Dies liegt daran, dass Teneriffa weit entfernt von der Lichtverschmutzung ist, die durch Gro\u00dfst\u00e4dte und st\u00e4dtische Gebiete verursacht wird.<\/span><\/p>\n<h3><span style=\"font-size: 12pt;\">An diesem Punkt stellen wir unsere professionellen Teleskope auf und machen uns bereit, den Himmel zu beobachten. Unser erfahrener Reiseleiter der SternENbeobachtung auf Teneriffa wird beginnen, interessante Informationen \u00fcber Sterne, Planeten, Sternbilder, Galaxien und astronomische Ph\u00e4nomene zu erkl\u00e4ren und bereitzustellen. Au\u00dferdem wird er einen starken Laserstrahl verwenden, um auf die Himmelsobjekte hinzuweisen, von denen er spricht.\u00a0<\/span><\/h3>\n<p><span style=\"font-size: 14pt;\">Wenn w\u00e4hrend der Sternenbeobachtung auf Teneriffa der Mond in dieser Nacht sichtbar ist, schauen Sie mit dem Teleskop und seien Sie bereit f\u00fcr Erstaunen; Sie k\u00f6nnen sich nicht vorstellen, wie gut Sie die Krater sehen k\u00f6nnen. Wir erm\u00f6glichen Ihnen auch, Bilder mit Ihrem Mobiltelefon oder Ihrer Kamera durch die Linsen unseres Beobachtungsger\u00e4ts aufzunehmen.<\/span><\/p>\n<p><span style=\"font-size: 14pt;\">Eines der interessantesten Dinge, die Sie w\u00e4hrend der Sternenbeobachtung auf Teneriffa sehen k\u00f6nnen, ist die <a href=\"https:\/\/de.wikipedia.org\/wiki\/Milchstra%C3%9Fe\" target=\"_blank\" rel=\"noopener\">Milchstra\u00dfe<\/a>; dies ist die Galaxie, die unser Sonnensystem enth\u00e4lt und f\u00fcr unser blo\u00dfes Auge wie ein Lichtband erscheint. Die Sichtbarkeit kann durch Lichtverschmutzung stark beeintr\u00e4chtigt werden, daher ist Teneriffa ein perfekter Ort, um die Milchstra\u00dfe zu bewundern.<\/span><\/p>\n<p><span style=\"font-size: 14pt;\">Wenn die Erkl\u00e4rung beendet ist und alle den Ausflug in vollen Z\u00fcgen genossen haben, verlassen wir den Park. Selbstverst\u00e4ndlich bringen wir Sie wieder dorthin zur\u00fcck, wo wir Sie abgeholt haben.<\/span><\/p>\n<p><span style=\"font-size: 14pt;\"><strong><span style=\"color: #ff0000;\">Der Preis f\u00fcr die Sternenbeobachtung auf Teneriffa h\u00e4ngt von mehreren Faktoren ab; dazu geh\u00f6ren das Alter der Teilnehmer, die gesprochene Sprache (wir bieten die Tour auf Deutsch, Englisch, Spanisch, Niederl\u00e4ndisch und Franz\u00f6sisch an) und ob die Tour mit Abendessen stattfindet oder nicht. Bitte kontaktieren Sie unseren Kundenservice per Live-Chat f\u00fcr detaillierte Informationen.<\/span><\/strong><\/span><\/p>\n<\/div>\n<\/div>\n<\/div>\n<\/div>\n<\/div>\n<\/div>\n<p>[\/vc_column_text][\/vc_tta_section][vc_tta_section title=&#8221;ZEITPLAN UND ABHOLSERVICE&#8221; tab_id=&#8221;1577669752866-707b0c8d-67a8d056-84c10c16-020f&#8221;][vc_column_text]<span style=\"font-size: 14pt;\">Abholservice aus dem S\u00fcden, Westen und Puerto de la Cruz (nur am Mittwoch und Freitag); wir empfehlen Ihnen, sich in jedem Fall vor der Buchung mit unserem Kundenservice per Live-Chat in Verbindung zu setzen und die Verf\u00fcgbarkeit von Transportmitteln aus Ihrer N\u00e4he zu \u00fcberpr\u00fcfen.<\/span><\/p>\n<p><span style=\"text-decoration: underline; font-size: 14pt;\"><span style=\"color: #ff0000; text-decoration: underline;\">ZEITPLAN:<\/span><\/span><\/p>\n<p><span style=\"font-size: 14pt;\">Bitte erkundigen Sie sich bei unserem Kundenservice nach verf\u00fcgbaren Terminen.<\/span><\/p>\n<p><strong><span style=\"font-size: 14pt;\">Sehen Sie sich das Video an, machen Sie sich ein Bild davon und buchen Sie es jetzt!<\/span><\/strong>[\/vc_column_text][\/vc_tta_section][\/vc_tta_accordion][\/vc_column][\/vc_row][vc_row full_width=&#8221;stretch_row_content&#8221; css=&#8221;.vc_custom_1577474711662{background-color: #312c7a !important;background-position: center !important;background-repeat: no-repeat !important;background-size: cover !important;}&#8221;][vc_column][vc_column_text css=&#8221;.vc_custom_1610146191001{background-position: center !important;background-repeat: no-repeat !important;background-size: cover !important;}&#8221; css_animation=&#8221;fadeIn&#8221;]<\/p>\n<p class=\"title-h2\" style=\"text-align: center;\"><span style=\"color: #ffffff; font-size: 18pt;\">BUCHEN SIE JETZT<\/span><\/p>\n<p>[\/vc_column_text][vc_empty_space height=&#8221;10&#8243;][\/vc_column][\/vc_row]<\/p>\n<\/div>","protected":false},"excerpt":{"rendered":"<p>[vc_row full_width=&#8221;stretch_row_content_no_spaces&#8221;][vc_column][vc_column_text css=&#8221;.vc_custom_1743520602854{background-color: #F6EB14 !important;background-position: center !important;background-repeat: no-repeat !important;background-size: cover !important;}&#8221; css_animation=&#8221;fadeIn&#8221;] STERNENBEOBACHTUNG [\/vc_column_text][\/vc_column][\/vc_row][vc_row][vc_column][vc_column_text] Wussten Sie, dass Teneriffa einer der&#8230;<\/p>\n","protected":false},"featured_media":139017,"template":"","meta":{"_acf_changed":false,"_seopress_robots_primary_cat":"2772","_seopress_titles_title":"Sternenbeobachtung Teneriffa, Rabatt f\u00fcr den besten Ausflug","_seopress_titles_desc":"Sternenbeobachtung Teneriffa, eine astronomische Tour zur Beobachtung von Sternen, Planeten, Sternbildern und Galaxien durch ein Teleskop.","_seopress_robots_index":""},"product_brand":[],"product_cat":[2772],"product_tag":[2835],"class_list":{"0":"post-139016","1":"product","2":"type-product","3":"status-publish","4":"has-post-thumbnail","6":"product_cat-im-freien","7":"product_tag-sternenbeobachtung-teneriffa","9":"first","10":"instock","11":"virtual","12":"sold-individually","13":"purchasable","14":"product-type-booking"},"booking_location":"","booking_location_type":"","booking_duration":1,"booking_duration_unit":"day","booking_buffer":0,"booking_cost":0,"booking_resources":[],"acf":[],"_links":{"self":[{"href":"https:\/\/tenerife-trips.com\/de\/wp-json\/wp\/v2\/product\/139016","targetHints":{"allow":["GET"]}}],"collection":[{"href":"https:\/\/tenerife-trips.com\/de\/wp-json\/wp\/v2\/product"}],"about":[{"href":"https:\/\/tenerife-trips.com\/de\/wp-json\/wp\/v2\/types\/product"}],"wp:featuredmedia":[{"embeddable":true,"href":"https:\/\/tenerife-trips.com\/de\/wp-json\/wp\/v2\/media\/139017"}],"wp:attachment":[{"href":"https:\/\/tenerife-trips.com\/de\/wp-json\/wp\/v2\/media?parent=139016"}],"wp:term":[{"taxonomy":"product_brand","embeddable":true,"href":"https:\/\/tenerife-trips.com\/de\/wp-json\/wp\/v2\/product_brand?post=139016"},{"taxonomy":"product_cat","embeddable":true,"href":"https:\/\/tenerife-trips.com\/de\/wp-json\/wp\/v2\/product_cat?post=139016"},{"taxonomy":"product_tag","embeddable":true,"href":"https:\/\/tenerife-trips.com\/de\/wp-json\/wp\/v2\/product_tag?post=139016"}],"curies":[{"name":"wp","href":"https:\/\/api.w.org\/{rel}","templated":true}]}}