{"id":143466,"date":"2018-03-28T18:39:07","date_gmt":"2018-03-28T17:39:07","guid":{"rendered":"https:\/\/tenerife-trips.com\/?post_type=product&#038;p=143466"},"modified":"2025-12-03T10:43:27","modified_gmt":"2025-12-03T10:43:27","slug":"loro-parque-teneriffa","status":"publish","type":"product","link":"https:\/\/tenerife-trips.com\/de\/product\/themenparks\/loro-parque-teneriffa\/","title":{"rendered":"LORO PARQUE"},"content":{"rendered":"<div class=\"wpb-content-wrapper\"><p>[vc_row full_width=&#8221;stretch_row_content_no_spaces&#8221;][vc_column][vc_column_text css=&#8221;.vc_custom_1743520956764{background-color: #F6EB14 !important;background-position: center !important;background-repeat: no-repeat !important;background-size: cover !important;}&#8221; css_animation=&#8221;fadeIn&#8221;]<\/p>\n<h1 class=\"title-h2\" style=\"text-align: center;\"><span style=\"font-size: 18pt; color: #312c7a;\">LORO PARQUE<\/span><\/h1>\n<p>[\/vc_column_text][\/vc_column][\/vc_row][vc_row][vc_column][vc_column_text]<\/p>\n<p style=\"text-align: center;\">Der Besuch des Loro Parque ist auf jeden Fall ein Muss, wenn Sie Teneriffa besuchen. Es befindet sich in <a href=\"https:\/\/de.wikipedia.org\/wiki\/Puerto_de_la_Cruz\" target=\"_blank\" rel=\"noopener\">Puerto de la Cruz<\/a> an der Nordk\u00fcste der Insel. TripAdvisor hat den Loro Parque durch seine j\u00e4hrliche Travellers&#8217; Choice als den besten zoologischen Park der Welt ausgezeichnet.<\/p>\n<p style=\"text-decoration: underline; text-align: center;\"><span style=\"font-size: 14pt; color: #312c7a;\"><strong>\u21d3 Siehe weitere Beschreibung unten \u21d3<\/strong><\/span><\/p>\n<p>[\/vc_column_text][\/vc_column][\/vc_row][vc_row full_width=&#8221;stretch_row_content&#8221; full_height=&#8221;yes&#8221; css=&#8221;.vc_custom_1576192123211{background-color: #312c7a !important;background-position: center !important;background-repeat: no-repeat !important;background-size: cover !important;}&#8221;][vc_column]<div class=\"gem-vimeo gem-wrapbox gem-wrapbox-style-no-style rounded-corners gem-wrapbox-position-below\" style=\"width: 100%;\"><div class=\"gem-wrapbox-inner gem-ratio-style\" style=\"padding-top: 56.25%\"><iframe webkitallowfullscreen=\"true\" mozallowfullscreen=\"true\" allowfullscreen=\"true\" class=\"gem-wrapbox-element img-responsive\" frameborder=\"0\" scrolling=\"no\" marginheight=\"0\" marginwidth=\"0\" src=\"\/\/player.vimeo.com\/video\/328641209?title=0&amp;byline=0&amp;portrait=0 \"><\/iframe><\/div><\/div>[vc_empty_space]<div class=\"preloader\"><div class=\"preloader-spin\"><\/div><\/div> <div id=\"gem-gallery-69e3450709efb\" class=\"gem-gallery gem-gallery-hover-zooming-blur\" data-autoscroll=\"3000\"> <div class=\"gem-gallery-item\"> <div class=\"gem-gallery-item-image\"> <a href=\"https:\/\/tenerife-trips.com\/wp-content\/uploads\/2019\/12\/2-7-thegem-gallery-sidebar.jpg\" data-fancybox-group=\"gallery-69e3450709efb\" data-full-image-url=\"https:\/\/tenerife-trips.com\/wp-content\/uploads\/2019\/12\/2-7.jpg\"> <svg width=\"20\" height=\"10\"><path d=\"M 0,10 Q 9,9 10,0 Q 11,9 20,10\" \/><\/svg> <img src=\"https:\/\/tenerife-trips.com\/wp-content\/uploads\/2019\/12\/2-7-thegem-post-thumb-small.jpg\" alt=\"Tenerife zoo\" class=\"img-responsive\"> <span class=\"gem-gallery-caption slide-info\"> <\/span> <\/a> <span class=\"gem-gallery-line\"><\/span> <\/div> <\/div> <div class=\"gem-gallery-item\"> <div class=\"gem-gallery-item-image\"> <a href=\"https:\/\/tenerife-trips.com\/wp-content\/uploads\/2019\/12\/3-6-thegem-gallery-sidebar.jpg\" data-fancybox-group=\"gallery-69e3450709efb\" data-full-image-url=\"https:\/\/tenerife-trips.com\/wp-content\/uploads\/2019\/12\/3-6.jpg\"> <svg width=\"20\" height=\"10\"><path d=\"M 0,10 Q 9,9 10,0 Q 11,9 20,10\" \/><\/svg> <img src=\"https:\/\/tenerife-trips.com\/wp-content\/uploads\/2019\/12\/3-6-thegem-post-thumb-small.jpg\" alt=\"Tenerife zoo\" class=\"img-responsive\"> <span class=\"gem-gallery-caption slide-info\"> <\/span> <\/a> <span class=\"gem-gallery-line\"><\/span> <\/div> <\/div> <div class=\"gem-gallery-item\"> <div class=\"gem-gallery-item-image\"> <a href=\"https:\/\/tenerife-trips.com\/wp-content\/uploads\/2019\/12\/4-6-thegem-gallery-sidebar.jpg\" data-fancybox-group=\"gallery-69e3450709efb\" data-full-image-url=\"https:\/\/tenerife-trips.com\/wp-content\/uploads\/2019\/12\/4-6.jpg\"> <svg width=\"20\" height=\"10\"><path d=\"M 0,10 Q 9,9 10,0 Q 11,9 20,10\" \/><\/svg> <img src=\"https:\/\/tenerife-trips.com\/wp-content\/uploads\/2019\/12\/4-6-thegem-post-thumb-small.jpg\" alt=\"Twin Ticket Tenerife\" class=\"img-responsive\"> <span class=\"gem-gallery-caption slide-info\"> <\/span> <\/a> <span class=\"gem-gallery-line\"><\/span> <\/div> <\/div> <div class=\"gem-gallery-item\"> <div class=\"gem-gallery-item-image\"> <a href=\"https:\/\/tenerife-trips.com\/wp-content\/uploads\/2019\/12\/6-3-thegem-gallery-sidebar.jpg\" data-fancybox-group=\"gallery-69e3450709efb\" data-full-image-url=\"https:\/\/tenerife-trips.com\/wp-content\/uploads\/2019\/12\/6-3.jpg\"> <svg width=\"20\" height=\"10\"><path d=\"M 0,10 Q 9,9 10,0 Q 11,9 20,10\" \/><\/svg> <img src=\"https:\/\/tenerife-trips.com\/wp-content\/uploads\/2019\/12\/6-3-thegem-post-thumb-small.jpg\" alt=\"loro parque\" class=\"img-responsive\"> <span class=\"gem-gallery-caption slide-info\"> <\/span> <\/a> <span class=\"gem-gallery-line\"><\/span> <\/div> <\/div> <div class=\"gem-gallery-item\"> <div class=\"gem-gallery-item-image\"> <a href=\"https:\/\/tenerife-trips.com\/wp-content\/uploads\/2019\/12\/7-thegem-gallery-sidebar.jpg\" data-fancybox-group=\"gallery-69e3450709efb\" data-full-image-url=\"https:\/\/tenerife-trips.com\/wp-content\/uploads\/2019\/12\/7.jpg\"> <svg width=\"20\" height=\"10\"><path d=\"M 0,10 Q 9,9 10,0 Q 11,9 20,10\" \/><\/svg> <img src=\"https:\/\/tenerife-trips.com\/wp-content\/uploads\/2019\/12\/7-thegem-post-thumb-small.jpg\" alt=\"loro parque\" class=\"img-responsive\"> <span class=\"gem-gallery-caption slide-info\"> <\/span> <\/a> <span class=\"gem-gallery-line\"><\/span> <\/div> <\/div> <div class=\"gem-gallery-item\"> <div class=\"gem-gallery-item-image\"> <a href=\"https:\/\/tenerife-trips.com\/wp-content\/uploads\/2018\/03\/1-thegem-gallery-sidebar.jpg\" data-fancybox-group=\"gallery-69e3450709efb\" data-full-image-url=\"https:\/\/tenerife-trips.com\/wp-content\/uploads\/2018\/03\/1.jpg\"> <svg width=\"20\" height=\"10\"><path d=\"M 0,10 Q 9,9 10,0 Q 11,9 20,10\" \/><\/svg> <img src=\"https:\/\/tenerife-trips.com\/wp-content\/uploads\/2018\/03\/1-thegem-post-thumb-small.jpg\" alt=\"Loro Park Teneryfa\" class=\"img-responsive\"> <span class=\"gem-gallery-caption slide-info\"> <\/span> <\/a> <span class=\"gem-gallery-line\"><\/span> <\/div> <\/div> <div class=\"gem-gallery-item\"> <div class=\"gem-gallery-item-image\"> <a href=\"https:\/\/tenerife-trips.com\/wp-content\/uploads\/2019\/12\/loro-thegem-gallery-sidebar.jpg\" data-fancybox-group=\"gallery-69e3450709efb\" data-full-image-url=\"https:\/\/tenerife-trips.com\/wp-content\/uploads\/2019\/12\/loro.jpg\"> <svg width=\"20\" height=\"10\"><path d=\"M 0,10 Q 9,9 10,0 Q 11,9 20,10\" \/><\/svg> <img src=\"https:\/\/tenerife-trips.com\/wp-content\/uploads\/2019\/12\/loro-thegem-post-thumb-small.jpg\" alt=\"\" class=\"img-responsive\"> <span class=\"gem-gallery-caption slide-info\"> <\/span> <\/a> <span class=\"gem-gallery-line\"><\/span> <\/div> <\/div> <div class=\"gem-gallery-item\"> <div class=\"gem-gallery-item-image\"> <a href=\"https:\/\/tenerife-trips.com\/wp-content\/uploads\/2018\/03\/Loro-Parque-1-scaled-thegem-gallery-sidebar.png\" data-fancybox-group=\"gallery-69e3450709efb\" data-full-image-url=\"https:\/\/tenerife-trips.com\/wp-content\/uploads\/2018\/03\/Loro-Parque-1-scaled.png\"> <svg width=\"20\" height=\"10\"><path d=\"M 0,10 Q 9,9 10,0 Q 11,9 20,10\" \/><\/svg> <img src=\"https:\/\/tenerife-trips.com\/wp-content\/uploads\/2018\/03\/Loro-Parque-1-scaled-thegem-post-thumb-small.png\" alt=\"\" class=\"img-responsive\"> <span class=\"gem-gallery-caption slide-info\"> <\/span> <\/a> <span class=\"gem-gallery-line\"><\/span> <\/div> <\/div> <\/div>[vc_empty_space][\/vc_column][\/vc_row][vc_row full_width=&#8221;stretch_row&#8221; css=&#8221;.vc_custom_1577669794647{background-color: #312c7a !important;background-position: center !important;background-repeat: no-repeat !important;background-size: cover !important;}&#8221;][vc_column][vc_column_text css=&#8221;.vc_custom_1610120507078{background-position: center !important;background-repeat: no-repeat !important;background-size: cover !important;}&#8221; css_animation=&#8221;fadeIn&#8221;]<\/p>\n<h3 class=\"title-h2\" style=\"text-align: center;\"><span style=\"font-size: 18pt; color: #ffffff;\">BESCHREIBUNG<\/span><\/h3>\n<p>[\/vc_column_text][\/vc_column][\/vc_row][vc_row][vc_column][vc_tta_accordion style=&#8221;simple_solid&#8221; color=&#8221;blue&#8221; c_icon=&#8221;chevron&#8221; active_section=&#8221;0&#8243; collapsible_all=&#8221;true&#8221;][vc_tta_section title=&#8221;INFORMATIONEN \u00dcBER DEN PARK&#8221; tab_id=&#8221;1577669752813-9df83b3e-350fd056-84c18184-f966&#8243;][vc_column_text]<\/p>\n<div id=\"pl-2135\" class=\"panel-layout\">\n<div id=\"pg-2135-0\" class=\"panel-grid panel-no-style\">\n<div id=\"pgc-2135-0-0\" class=\"panel-grid-cell\" data-weight=\"1\">\n<div id=\"panel-2135-0-0-0\" class=\"so-panel widget widget_sow-editor panel-first-child panel-last-child\" data-style=\"{&quot;background_display&quot;:&quot;tile&quot;,&quot;featured_widgets&quot;:&quot;&quot;}\" data-index=\"0\">\n<div class=\"so-widget-sow-editor so-widget-sow-editor-base\">\n<div class=\"siteorigin-widget-tinymce textwidget\">\n<h3><span style=\"font-size: 12pt;\">ZUERST M\u00dcSSEN WIR SAGEN, DASS DER BESUCH VON LORO PARQUE TENERIFFA WIRKLICH EINE DER BESTEN DINGE IST, DIE AUF DER INSEL ZU TUN SIND. Es befindet sich in <a href=\"https:\/\/de.wikipedia.org\/wiki\/Puerto_de_la_Cruz\" target=\"_blank\" rel=\"noopener\">PUERTO DE LA CRUZ<\/a> an der Nordk\u00fcste der Insel.<\/span><\/h3>\n<p>Zweitens erkannte TripAdvisor den Loro Parque Teneriffa durch seine j\u00e4hrliche Travellers&#8217; Choice als den besten zoologischen Park der Welt an. Der deutsche Unternehmer Wolfgang Kiessling und sein Vater er\u00f6ffneten den Park 1972; zu Beginn beherbergte es 150 Papageien und bot mit diesen V\u00f6geln die erste Show in Europa an. Heutzutage hat es die gr\u00f6\u00dfte Papageiensammlung der Welt. Das hei\u00dft, hier finden wir mehr als 300 verschiedene Arten, von denen einige vom Aussterben bedroht sind.<\/p>\n<p>Dar\u00fcber hinaus k\u00f6nnen Sie auch viele Arten von S\u00e4ugetieren, V\u00f6geln, Fischen und Reptilien finden; abgesehen davon k\u00f6nnen Sie mehrmals t\u00e4glich fantastische Shows von Orcas, Delfinen, Seel\u00f6wen und V\u00f6geln sehen. Diese Attraktion hat verschiedene Rekorde aufgestellt, zum Beispiel ist der Delphin-Show-Pool der gr\u00f6\u00dfte in Europa; ein anderer ist der Unterwassertunnel, der mit Haien und anderen Fischen durch das Aquarium f\u00fchrt. Dies ist die l\u00e4ngste auf dem alten Kontinent.<\/p>\n<h3><span style=\"font-size: 12pt;\">DIE LORO PARQUE TENERIFFA FOUNDATION ZIELT ZUM AUSL\u00d6SCHEN VON TIEREN ZU SCH\u00dcTZEN; Aus diesem Grund haben sie beispielsweise das gr\u00f6\u00dfte PINGUINARIUM der Welt mit \u00fcber 250 PINGUINE gebaut.<\/span><\/h3>\n<p><span style=\"color: #ff0000;\"><span style=\"text-decoration: underline;\">SEHR WICHTIG:<\/span> Kontaktieren Sie uns, bevor Sie die Buchung abschlie\u00dfen. Sagen Sie uns, wann Sie zum Loro Parque wollen. Wir brauchen nur eine kurze Zeit, um Ihnen das Ticket zu senden. Es ist nicht erforderlich, das Ticket auszudrucken. Sie k\u00f6nnen es auf Ihrem Mobiltelefon anzeigen. Achten Sie bei der Buchung darauf, dass Sie auch Kinder und Babys kostenlos einbeziehen.<\/span><\/p>\n<\/div>\n<\/div>\n<\/div>\n<\/div>\n<\/div>\n<\/div>\n<p>[\/vc_column_text][\/vc_tta_section][vc_tta_section title=&#8221;ZEITPLAN UND ABHOLSERVICE&#8221; tab_id=&#8221;1577669752866-707b0c8d-67a8d056-84c18184-f966&#8243;][vc_column_text]Im Allgemeinen ist der Transportservice aus dem S\u00fcden Teneriffas jeden Tag verf\u00fcgbar. Wie auch immer, es h\u00e4ngt davon ab, wo Sie sich befinden, daher empfehlen wir Ihnen, sich mit uns in Verbindung zu setzen und die Verf\u00fcgbarkeit von Transportmitteln aus Ihrer Region vor der Buchung zu \u00fcberpr\u00fcfen.<\/p>\n<p><span style=\"text-decoration: underline;\"><span style=\"color: #ff0000; text-decoration: underline;\">ZEITPLAN:<\/span><\/span><\/p>\n<p>Der Park ist t\u00e4glich von 9.30 bis 17.30 Uhr ge\u00f6ffnet.<\/p>\n<p><strong>Sehen Sie sich das Video an, machen Sie sich ein Bild davon und buchen Sie es jetzt!<\/strong>[\/vc_column_text][\/vc_tta_section][\/vc_tta_accordion][\/vc_column][\/vc_row][vc_row full_width=&#8221;stretch_row_content&#8221; css=&#8221;.vc_custom_1577474711662{background-color: #312c7a !important;background-position: center !important;background-repeat: no-repeat !important;background-size: cover !important;}&#8221;][vc_column][vc_column_text css=&#8221;.vc_custom_1610146191001{background-position: center !important;background-repeat: no-repeat !important;background-size: cover !important;}&#8221; css_animation=&#8221;fadeIn&#8221;]<\/p>\n<p class=\"title-h2\" style=\"text-align: center;\"><span style=\"color: #ffffff; font-size: 18pt;\">BUCHEN SIE JETZT<\/span><\/p>\n<p>[\/vc_column_text][vc_empty_space height=&#8221;10&#8243;][\/vc_column][\/vc_row]<\/p>\n<\/div>","protected":false},"excerpt":{"rendered":"<p>[vc_row full_width=&#8221;stretch_row_content_no_spaces&#8221;][vc_column][vc_column_text css=&#8221;.vc_custom_1743520956764{background-color: #F6EB14 !important;background-position: center !important;background-repeat: no-repeat !important;background-size: cover !important;}&#8221; css_animation=&#8221;fadeIn&#8221;] LORO PARQUE [\/vc_column_text][\/vc_column][\/vc_row][vc_row][vc_column][vc_column_text] Der Besuch des Loro Parque&#8230;<\/p>\n","protected":false},"featured_media":289824,"template":"","meta":{"_acf_changed":false,"_seopress_robots_primary_cat":"2774","_seopress_titles_title":"Loro Parque Teneriffa, Holen Sie sich jetzt Ihre Tickets online","_seopress_titles_desc":"Der Loro Parque Teneriffa ist laut TripAdvisor Annual Travellers&#039; Choice der beste Zoo der Welt. Buchen Sie Ihr Ticket online jetzt","_seopress_robots_index":""},"product_brand":[],"product_cat":[2774],"product_tag":[2838,2839],"class_list":{"0":"post-143466","1":"product","2":"type-product","3":"status-publish","4":"has-post-thumbnail","6":"product_cat-themenparks","7":"product_tag-loro-park-teneriffa","8":"product_tag-loro-parque-teneriffa","10":"first","11":"instock","12":"virtual","13":"sold-individually","14":"taxable","15":"purchasable","16":"product-type-booking"},"booking_location":"","booking_location_type":"","booking_duration":1,"booking_duration_unit":"day","booking_buffer":0,"booking_cost":0,"booking_resources":[],"acf":[],"_links":{"self":[{"href":"https:\/\/tenerife-trips.com\/de\/wp-json\/wp\/v2\/product\/143466","targetHints":{"allow":["GET"]}}],"collection":[{"href":"https:\/\/tenerife-trips.com\/de\/wp-json\/wp\/v2\/product"}],"about":[{"href":"https:\/\/tenerife-trips.com\/de\/wp-json\/wp\/v2\/types\/product"}],"wp:featuredmedia":[{"embeddable":true,"href":"https:\/\/tenerife-trips.com\/de\/wp-json\/wp\/v2\/media\/289824"}],"wp:attachment":[{"href":"https:\/\/tenerife-trips.com\/de\/wp-json\/wp\/v2\/media?parent=143466"}],"wp:term":[{"taxonomy":"product_brand","embeddable":true,"href":"https:\/\/tenerife-trips.com\/de\/wp-json\/wp\/v2\/product_brand?post=143466"},{"taxonomy":"product_cat","embeddable":true,"href":"https:\/\/tenerife-trips.com\/de\/wp-json\/wp\/v2\/product_cat?post=143466"},{"taxonomy":"product_tag","embeddable":true,"href":"https:\/\/tenerife-trips.com\/de\/wp-json\/wp\/v2\/product_tag?post=143466"}],"curies":[{"name":"wp","href":"https:\/\/api.w.org\/{rel}","templated":true}]}}