{"id":143767,"date":"2018-03-30T16:03:25","date_gmt":"2018-03-30T15:03:25","guid":{"rendered":"https:\/\/tenerife-trips.com\/?post_type=product&#038;p=143767"},"modified":"2025-12-03T10:43:14","modified_gmt":"2025-12-03T10:43:14","slug":"siam-park-teneriffa","status":"publish","type":"product","link":"https:\/\/tenerife-trips.com\/de\/product\/themenparks\/siam-park-teneriffa\/","title":{"rendered":"SIAM PARK"},"content":{"rendered":"<div class=\"wpb-content-wrapper\"><p>[vc_row full_width=&#8221;stretch_row_content_no_spaces&#8221;][vc_column][vc_column_text css=&#8221;.vc_custom_1743520905702{background-color: #F6EB14 !important;background-position: center !important;background-repeat: no-repeat !important;background-size: cover !important;}&#8221; css_animation=&#8221;fadeIn&#8221;]<\/p>\n<h1 class=\"title-h2\" style=\"text-align: center;\"><span style=\"font-size: 18pt; color: #312c7a;\">SIAM PARK<\/span><\/h1>\n<p>[\/vc_column_text][\/vc_column][\/vc_row][vc_row][vc_column][vc_column_text]<\/p>\n<p style=\"text-align: center;\">Zun\u00e4chst m\u00fcssen wir erw\u00e4hnen, dass der Siam Park Teneriffa laut TripAdvisor der beste Wasserpark der Welt ist. Die Architektur des Parks und seine Rutschen weisen ein siamesisches Thema auf. Hier finden wir die gr\u00f6\u00dfte Sammlung thail\u00e4ndischer Geb\u00e4ude au\u00dferhalb Thailands.<\/p>\n<p style=\"text-decoration: underline; text-align: center;\"><span style=\"font-size: 14pt; color: #312c7a;\"><strong>\u21d3 Siehe weitere Beschreibung unten \u21d3<\/strong><\/span><\/p>\n<p>[\/vc_column_text][\/vc_column][\/vc_row][vc_row full_width=&#8221;stretch_row_content&#8221; full_height=&#8221;yes&#8221; css=&#8221;.vc_custom_1576192123211{background-color: #312c7a !important;background-position: center !important;background-repeat: no-repeat !important;background-size: cover !important;}&#8221;][vc_column]<div class=\"gem-vimeo gem-wrapbox gem-wrapbox-style-no-style rounded-corners gem-wrapbox-position-below\" style=\"width: 100%;\"><div class=\"gem-wrapbox-inner gem-ratio-style\" style=\"padding-top: 56.25%\"><iframe webkitallowfullscreen=\"true\" mozallowfullscreen=\"true\" allowfullscreen=\"true\" class=\"gem-wrapbox-element img-responsive\" frameborder=\"0\" scrolling=\"no\" marginheight=\"0\" marginwidth=\"0\" src=\"\/\/player.vimeo.com\/video\/328473827?title=0&amp;byline=0&amp;portrait=0 \"><\/iframe><\/div><\/div>[vc_empty_space]<div class=\"preloader\"><div class=\"preloader-spin\"><\/div><\/div> <div id=\"gem-gallery-69d76fe212b77\" class=\"gem-gallery gem-gallery-hover-zooming-blur\"> <div class=\"gem-gallery-item\"> <div class=\"gem-gallery-item-image\"> <a href=\"https:\/\/tenerife-trips.com\/wp-content\/uploads\/2019\/12\/3-7-thegem-gallery-sidebar.jpg\" data-fancybox-group=\"gallery-69d76fe212b77\" data-full-image-url=\"https:\/\/tenerife-trips.com\/wp-content\/uploads\/2019\/12\/3-7.jpg\"> <svg width=\"20\" height=\"10\"><path d=\"M 0,10 Q 9,9 10,0 Q 11,9 20,10\" \/><\/svg> <img src=\"https:\/\/tenerife-trips.com\/wp-content\/uploads\/2019\/12\/3-7-thegem-post-thumb-small.jpg\" alt=\"siam park\" class=\"img-responsive\"> <span class=\"gem-gallery-caption slide-info\"> <\/span> <\/a> <span class=\"gem-gallery-line\"><\/span> <\/div> <\/div> <div class=\"gem-gallery-item\"> <div class=\"gem-gallery-item-image\"> <a href=\"https:\/\/tenerife-trips.com\/wp-content\/uploads\/2019\/12\/6-4-thegem-gallery-sidebar.jpg\" data-fancybox-group=\"gallery-69d76fe212b77\" data-full-image-url=\"https:\/\/tenerife-trips.com\/wp-content\/uploads\/2019\/12\/6-4.jpg\"> <svg width=\"20\" height=\"10\"><path d=\"M 0,10 Q 9,9 10,0 Q 11,9 20,10\" \/><\/svg> <img src=\"https:\/\/tenerife-trips.com\/wp-content\/uploads\/2019\/12\/6-4-thegem-post-thumb-small.jpg\" alt=\"Twin Ticket Tenerife\" class=\"img-responsive\"> <span class=\"gem-gallery-caption slide-info\"> <\/span> <\/a> <span class=\"gem-gallery-line\"><\/span> <\/div> <\/div> <div class=\"gem-gallery-item\"> <div class=\"gem-gallery-item-image\"> <a href=\"https:\/\/tenerife-trips.com\/wp-content\/uploads\/2019\/12\/4-7-thegem-gallery-sidebar.jpg\" data-fancybox-group=\"gallery-69d76fe212b77\" data-full-image-url=\"https:\/\/tenerife-trips.com\/wp-content\/uploads\/2019\/12\/4-7.jpg\"> <svg width=\"20\" height=\"10\"><path d=\"M 0,10 Q 9,9 10,0 Q 11,9 20,10\" \/><\/svg> <img src=\"https:\/\/tenerife-trips.com\/wp-content\/uploads\/2019\/12\/4-7-thegem-post-thumb-small.jpg\" alt=\"siam park\" class=\"img-responsive\"> <span class=\"gem-gallery-caption slide-info\"> <\/span> <\/a> <span class=\"gem-gallery-line\"><\/span> <\/div> <\/div> <div class=\"gem-gallery-item\"> <div class=\"gem-gallery-item-image\"> <a href=\"https:\/\/tenerife-trips.com\/wp-content\/uploads\/2019\/12\/1-7-thegem-gallery-sidebar.jpg\" data-fancybox-group=\"gallery-69d76fe212b77\" data-full-image-url=\"https:\/\/tenerife-trips.com\/wp-content\/uploads\/2019\/12\/1-7.jpg\"> <svg width=\"20\" height=\"10\"><path d=\"M 0,10 Q 9,9 10,0 Q 11,9 20,10\" \/><\/svg> <img src=\"https:\/\/tenerife-trips.com\/wp-content\/uploads\/2019\/12\/1-7-thegem-post-thumb-small.jpg\" alt=\"parco acquatico Tenerife\" class=\"img-responsive\"> <span class=\"gem-gallery-caption slide-info\"> <\/span> <\/a> <span class=\"gem-gallery-line\"><\/span> <\/div> <\/div> <div class=\"gem-gallery-item\"> <div class=\"gem-gallery-item-image\"> <a href=\"https:\/\/tenerife-trips.com\/wp-content\/uploads\/2019\/12\/2-8-thegem-gallery-sidebar.jpg\" data-fancybox-group=\"gallery-69d76fe212b77\" data-full-image-url=\"https:\/\/tenerife-trips.com\/wp-content\/uploads\/2019\/12\/2-8.jpg\"> <svg width=\"20\" height=\"10\"><path d=\"M 0,10 Q 9,9 10,0 Q 11,9 20,10\" \/><\/svg> <img src=\"https:\/\/tenerife-trips.com\/wp-content\/uploads\/2019\/12\/2-8-thegem-post-thumb-small.jpg\" alt=\"parco acquatico Tenerife\" class=\"img-responsive\"> <span class=\"gem-gallery-caption slide-info\"> <\/span> <\/a> <span class=\"gem-gallery-line\"><\/span> <\/div> <\/div> <div class=\"gem-gallery-item\"> <div class=\"gem-gallery-item-image\"> <a href=\"https:\/\/tenerife-trips.com\/wp-content\/uploads\/2019\/12\/5-5-thegem-gallery-sidebar.jpg\" data-fancybox-group=\"gallery-69d76fe212b77\" data-full-image-url=\"https:\/\/tenerife-trips.com\/wp-content\/uploads\/2019\/12\/5-5.jpg\"> <svg width=\"20\" height=\"10\"><path d=\"M 0,10 Q 9,9 10,0 Q 11,9 20,10\" \/><\/svg> <img src=\"https:\/\/tenerife-trips.com\/wp-content\/uploads\/2019\/12\/5-5-thegem-post-thumb-small.jpg\" alt=\"siam park\" class=\"img-responsive\"> <span class=\"gem-gallery-caption slide-info\"> <\/span> <\/a> <span class=\"gem-gallery-line\"><\/span> <\/div> <\/div> <\/div>[vc_empty_space][\/vc_column][\/vc_row][vc_row full_width=&#8221;stretch_row&#8221; css=&#8221;.vc_custom_1577669794647{background-color: #312c7a !important;background-position: center !important;background-repeat: no-repeat !important;background-size: cover !important;}&#8221;][vc_column][vc_column_text css=&#8221;.vc_custom_1610120507078{background-position: center !important;background-repeat: no-repeat !important;background-size: cover !important;}&#8221; css_animation=&#8221;fadeIn&#8221;]<\/p>\n<h3 class=\"title-h2\" style=\"text-align: center;\"><span style=\"font-size: 18pt; color: #ffffff;\">BESCHREIBUNG<\/span><\/h3>\n<p>[\/vc_column_text][\/vc_column][\/vc_row][vc_row][vc_column][vc_tta_accordion style=&#8221;simple_solid&#8221; color=&#8221;blue&#8221; c_icon=&#8221;chevron&#8221; active_section=&#8221;0&#8243; collapsible_all=&#8221;true&#8221;][vc_tta_section title=&#8221;INFORMATIONEN \u00dcBER DEN PARK&#8221; tab_id=&#8221;1577669752813-9df83b3e-350fd056-84c13f7b-6dd1&#8243;][vc_column_text]<\/p>\n<div id=\"pl-2135\" class=\"panel-layout\">\n<div id=\"pg-2135-0\" class=\"panel-grid panel-no-style\">\n<div id=\"pgc-2135-0-0\" class=\"panel-grid-cell\" data-weight=\"1\">\n<div id=\"panel-2135-0-0-0\" class=\"so-panel widget widget_sow-editor panel-first-child panel-last-child\" data-style=\"{&quot;background_display&quot;:&quot;tile&quot;,&quot;featured_widgets&quot;:&quot;&quot;}\" data-index=\"0\">\n<div class=\"so-widget-sow-editor so-widget-sow-editor-base\">\n<div class=\"siteorigin-widget-tinymce textwidget\">\n<h3><span style=\"font-size: 12pt;\">Zun\u00e4chst m\u00fcssen wir erw\u00e4hnen, dass der Siam Park Teneriffa laut TripAdvisor der beste Wasserpark der Welt ist!<\/span><\/h3>\n<p><span style=\"font-size: 14pt;\">Der deutsche Unternehmer Wolfgang Kiessling und sein Sohn Christoph haben den Park im September 2008 der \u00d6ffentlichkeit zug\u00e4nglich gemacht; bei der Er\u00f6ffnung luden sie die Prinzessin von <a href=\"https:\/\/de.wikipedia.org\/wiki\/Thailand\" target=\"_blank\" rel=\"noopener\">Thailand<\/a> Maha Chakri Sirindhorn als besonderen Gast ein; die Architektur des Parks und seine Rutschen weisen ein siamesisches Thema auf. Hier finden wir die gr\u00f6\u00dfte Sammlung thail\u00e4ndischer Geb\u00e4ude au\u00dferhalb Thailands.<\/span><\/p>\n<h3><span style=\"font-size: 14pt;\">SIAM PARK Teneriffa HAT VIELE ATTRAKTIONEN UND IST F\u00dcR JEDEN, KINDER UND ERWACHSENE GEEIGNET; zum Beispiel k\u00f6nnen die Jungen in &#8220;The Lost City&#8221; spielen; dies ist ein Kinderbereich mit T\u00fcrmen, Br\u00fccken, Netzen, Kaskaden und Wasserrutschen. Auf der anderen Seite k\u00f6nnen Menschen, die nach Adrenalin suchen, den &#8220;Tower of Power&#8221; betreten. Auf dieser Rutsche k\u00f6nnen Sie 80 km\/h erreichen und durch ein Aquarium mit Haien und Rochen fahren.<\/span><\/h3>\n<p><span style=\"font-size: 14pt;\">Dar\u00fcber hinaus verarbeitet eine vor Ort gebaute Entsalzungsanlage Meerwasser zur Nutzung im Park. Das Wasser wird auf 25 \u00b0C erhitzt und den Pflanzen gegeben, nachdem es auf den Wasserrutschen verwendet wurde. Daher finden Sie im Inneren eine \u00fcppige Vegetation, die den Siam Park Teneriffa angenehmer macht<\/span><\/p>\n<p><span style=\"font-size: 14pt;\">Eine weitere ber\u00fchmte Attraktion des Siam Park Teneriffa ist sicherlich &#8220;The Wave Palace&#8221;; dieser Pool erzeugt die gr\u00f6\u00dften k\u00fcnstlichen Wellen der Welt (3 Meter). Zus\u00e4tzlich finden wir rund um den Schwimmpool einen wei\u00dfen Sandstrand mit Liegesessel, die Sie kostenlos nutzen k\u00f6nnen.<\/span><\/p>\n<h3><span style=\"font-size: 12pt;\">F\u00fcr die Kunden im Park stehen viele Dienstleistungen zur Verf\u00fcgung, zum Beispiel:<\/span><\/h3>\n<ul>\n<li><span style=\"font-size: 14pt;\">mehrere Restaurants, in denen Sie eine Mahlzeit oder einen Snack erhalten k\u00f6nnen;<\/span><\/li>\n<li><span style=\"font-size: 14pt;\">kostenlose WLAN-Verbindung im gesamten Siam Park;<\/span><\/li>\n<li><span style=\"font-size: 14pt;\">Parkpl\u00e4tze;<\/span><\/li>\n<li><span style=\"font-size: 14pt;\">Umkleidekabinen und Duschen kostenlos;<\/span><\/li>\n<li><span style=\"font-size: 14pt;\">Schlie\u00dff\u00e4cher und Handt\u00fccher k\u00f6nnen gemietet werden;<\/span><\/li>\n<li><span style=\"font-size: 14pt;\">Gesch\u00e4fte, in denen Sie Souvenirs, Sonnencreme, Snacks oder S\u00fc\u00dfigkeiten kaufen k\u00f6nnen.<\/span><\/li>\n<\/ul>\n<p><span style=\"font-size: 14pt; color: #ff0000;\">Es ist m\u00f6glich, das ALL INCLUSIVE TICKET zu kaufen, das einen bevorzugten Zugang zu den Attraktionen (Tower of Power ist ausgeschlossen), freien Verzehr von Speisen und Getr\u00e4nken, ein Handtuch und ein Schlie\u00dffach beinhaltet.<\/span><\/p>\n<p><span style=\"font-size: 14pt;\">Daher ist ein Besuch im Siam Park Teneriffa auf jeden Fall ein Muss w\u00e4hrend Ihres Urlaubs auf der Insel.<\/span><\/p>\n<p><span style=\"font-size: 14pt; color: #ff0000;\"><span style=\"text-decoration: underline;\">SEHR WICHTIG<\/span>: Kontaktieren Sie uns, bevor Sie die Buchung abschlie\u00dfen. Sagen Sie uns, wann Sie in den Siam Park Teneriffa wollen. Wir brauchen nur eine kurze Zeit, um Ihnen das Ticket zu senden. Es ist nicht erforderlich, das Ticket auszudrucken. Sie k\u00f6nnen es auf Ihrem Mobiltelefon anzeigen.<\/span><\/p>\n<\/div>\n<\/div>\n<\/div>\n<\/div>\n<\/div>\n<\/div>\n<p>[\/vc_column_text][\/vc_tta_section][vc_tta_section title=&#8221;ZEITPLAN UND ABHOLSERVICE&#8221; tab_id=&#8221;1577669752866-707b0c8d-67a8d056-84c13f7b-6dd1&#8243;][vc_column_text]F\u00fcr den Siam Park steht ein kostenloser Bus an verschiedenen Orten in Los Cristianos und Playa de Las Americas zur Verf\u00fcgung. Kontaktieren Sie uns, um herauszufinden, welches f\u00fcr Sie am n\u00e4chsten ist.<\/p>\n<p><span style=\"text-decoration: underline;\"><span style=\"color: #ff0000; text-decoration: underline;\">ZEITPLAN:<\/span><\/span><\/p>\n<p>Der Park ist t\u00e4glich von 10:00 bis 17:00 Uhr ge\u00f6ffnet.<\/p>\n<p><strong>Sehen Sie sich das Video an, machen Sie sich ein Bild davon und buchen Sie es jetzt!<\/strong>[\/vc_column_text][\/vc_tta_section][\/vc_tta_accordion][\/vc_column][\/vc_row][vc_row full_width=&#8221;stretch_row_content&#8221; css=&#8221;.vc_custom_1577474711662{background-color: #312c7a !important;background-position: center !important;background-repeat: no-repeat !important;background-size: cover !important;}&#8221;][vc_column][vc_column_text css=&#8221;.vc_custom_1610146191001{background-position: center !important;background-repeat: no-repeat !important;background-size: cover !important;}&#8221; css_animation=&#8221;fadeIn&#8221;]<\/p>\n<p class=\"title-h2\" style=\"text-align: center;\"><span style=\"color: #ffffff; font-size: 18pt;\">BUCHEN SIE JETZT<\/span><\/p>\n<p>[\/vc_column_text][vc_empty_space height=&#8221;10&#8243;][\/vc_column][\/vc_row]<\/p>\n<\/div>","protected":false},"excerpt":{"rendered":"<p>[vc_row full_width=&#8221;stretch_row_content_no_spaces&#8221;][vc_column][vc_column_text css=&#8221;.vc_custom_1743520905702{background-color: #F6EB14 !important;background-position: center !important;background-repeat: no-repeat !important;background-size: cover !important;}&#8221; css_animation=&#8221;fadeIn&#8221;] SIAM PARK [\/vc_column_text][\/vc_column][\/vc_row][vc_row][vc_column][vc_column_text] Zun\u00e4chst m\u00fcssen wir erw\u00e4hnen, dass&#8230;<\/p>\n","protected":false},"featured_media":143774,"template":"","meta":{"_acf_changed":false,"_seopress_robots_primary_cat":"2774","_seopress_titles_title":"Siam Park Teneriffa, buchen Sie den besten Wasserpark der Welt","_seopress_titles_desc":"Der Siam Park Teneriffa ist laut TripAdvisor der beste Wasserpark der Welt. Buchen Sie Ihre Tickets jetzt schnell online mit Tenerife Trips","_seopress_robots_index":""},"product_brand":[],"product_cat":[2774],"product_tag":[2840,2841],"class_list":{"0":"post-143767","1":"product","2":"type-product","3":"status-publish","4":"has-post-thumbnail","6":"product_cat-themenparks","7":"product_tag-siam-park-teneriffa","8":"product_tag-wasserpark-teneriffa","10":"first","11":"instock","12":"virtual","13":"sold-individually","14":"taxable","15":"purchasable","16":"product-type-booking"},"booking_location":"","booking_location_type":"","booking_duration":1,"booking_duration_unit":"day","booking_buffer":0,"booking_cost":0,"booking_resources":[],"acf":[],"_links":{"self":[{"href":"https:\/\/tenerife-trips.com\/de\/wp-json\/wp\/v2\/product\/143767","targetHints":{"allow":["GET"]}}],"collection":[{"href":"https:\/\/tenerife-trips.com\/de\/wp-json\/wp\/v2\/product"}],"about":[{"href":"https:\/\/tenerife-trips.com\/de\/wp-json\/wp\/v2\/types\/product"}],"wp:featuredmedia":[{"embeddable":true,"href":"https:\/\/tenerife-trips.com\/de\/wp-json\/wp\/v2\/media\/143774"}],"wp:attachment":[{"href":"https:\/\/tenerife-trips.com\/de\/wp-json\/wp\/v2\/media?parent=143767"}],"wp:term":[{"taxonomy":"product_brand","embeddable":true,"href":"https:\/\/tenerife-trips.com\/de\/wp-json\/wp\/v2\/product_brand?post=143767"},{"taxonomy":"product_cat","embeddable":true,"href":"https:\/\/tenerife-trips.com\/de\/wp-json\/wp\/v2\/product_cat?post=143767"},{"taxonomy":"product_tag","embeddable":true,"href":"https:\/\/tenerife-trips.com\/de\/wp-json\/wp\/v2\/product_tag?post=143767"}],"curies":[{"name":"wp","href":"https:\/\/api.w.org\/{rel}","templated":true}]}}