{"id":148403,"date":"2021-06-02T13:07:40","date_gmt":"2021-06-02T12:07:40","guid":{"rendered":"https:\/\/tenerife-trips.com\/?post_type=product&#038;p=148403"},"modified":"2025-12-03T11:27:23","modified_gmt":"2025-12-03T11:27:23","slug":"jungle-park-teneriffa","status":"publish","type":"product","link":"https:\/\/tenerife-trips.com\/de\/product\/themenparks\/jungle-park-teneriffa\/","title":{"rendered":"JUNGLE PARK"},"content":{"rendered":"<div class=\"wpb-content-wrapper\"><p>[vc_row full_width=&#8221;stretch_row_content_no_spaces&#8221;][vc_column][vc_column_text css=&#8221;.vc_custom_1743519604130{background-color: #F6EB14 !important;background-position: center !important;background-repeat: no-repeat !important;background-size: cover !important;}&#8221; css_animation=&#8221;fadeIn&#8221;]<\/p>\n<h1 class=\"title-h2\" style=\"text-align: center;\"><span style=\"font-size: 18pt; color: #312c7a;\">JUNGLE PARK<\/span><\/h1>\n<p>[\/vc_column_text][\/vc_column][\/vc_row][vc_row][vc_column][vc_column_text]<\/p>\n<p style=\"text-align: center;\"><span style=\"font-size: 14pt;\">Jungle Park Teneriffa ist einer der besten Themenparks der Insel. Es liegt im S\u00fcden, nur zehn Autominuten von <a href=\"https:\/\/de.wikipedia.org\/wiki\/Los_Cristianos\" target=\"_blank\" rel=\"noopener\">Los Cristianos<\/a> entfernt.<\/span><\/p>\n<p style=\"text-decoration: underline; text-align: center;\"><span style=\"font-size: 14pt; color: #312c7a;\"><strong>\u21d3 Siehe weitere Beschreibung unten \u21d3<\/strong><\/span><\/p>\n<p>[\/vc_column_text][\/vc_column][\/vc_row][vc_row full_width=&#8221;stretch_row_content&#8221; full_height=&#8221;yes&#8221; css=&#8221;.vc_custom_1576192123211{background-color: #312c7a !important;background-position: center !important;background-repeat: no-repeat !important;background-size: cover !important;}&#8221;][vc_column]<div class=\"gem-vimeo gem-wrapbox gem-wrapbox-style-no-style rounded-corners gem-wrapbox-position-below\" style=\"width: 100%;\"><div class=\"gem-wrapbox-inner gem-ratio-style\" style=\"padding-top: 56.25%\"><iframe webkitallowfullscreen=\"true\" mozallowfullscreen=\"true\" allowfullscreen=\"true\" class=\"gem-wrapbox-element img-responsive\" frameborder=\"0\" scrolling=\"no\" marginheight=\"0\" marginwidth=\"0\" src=\"\/\/player.vimeo.com\/video\/540400017?title=0&amp;byline=0&amp;portrait=0 \"><\/iframe><\/div><\/div>[vc_empty_space]<div class=\"preloader\"><div class=\"preloader-spin\"><\/div><\/div> <div id=\"gem-gallery-69e9934ce460e\" class=\"gem-gallery gem-gallery-hover-zooming-blur\"> <div class=\"gem-gallery-item\"> <div class=\"gem-gallery-item-image\"> <a href=\"https:\/\/tenerife-trips.com\/wp-content\/uploads\/2021\/05\/Jungle-Park-Tenerife-1-thegem-gallery-sidebar.jpg\" data-fancybox-group=\"gallery-69e9934ce460e\" data-full-image-url=\"https:\/\/tenerife-trips.com\/wp-content\/uploads\/2021\/05\/Jungle-Park-Tenerife-1.jpg\"> <svg width=\"20\" height=\"10\"><path d=\"M 0,10 Q 9,9 10,0 Q 11,9 20,10\" \/><\/svg> <img src=\"https:\/\/tenerife-trips.com\/wp-content\/uploads\/2021\/05\/Jungle-Park-Tenerife-1-thegem-post-thumb-small.jpg\" alt=\"Jungle Park Tenerife\" class=\"img-responsive\"> <span class=\"gem-gallery-caption slide-info\"> <\/span> <\/a> <span class=\"gem-gallery-line\"><\/span> <\/div> <\/div> <div class=\"gem-gallery-item\"> <div class=\"gem-gallery-item-image\"> <a href=\"https:\/\/tenerife-trips.com\/wp-content\/uploads\/2021\/05\/Jungle-Park-Tenerife-2-scaled-thegem-gallery-sidebar.jpg\" data-fancybox-group=\"gallery-69e9934ce460e\" data-full-image-url=\"https:\/\/tenerife-trips.com\/wp-content\/uploads\/2021\/05\/Jungle-Park-Tenerife-2-scaled.jpg\"> <svg width=\"20\" height=\"10\"><path d=\"M 0,10 Q 9,9 10,0 Q 11,9 20,10\" \/><\/svg> <img src=\"https:\/\/tenerife-trips.com\/wp-content\/uploads\/2021\/05\/Jungle-Park-Tenerife-2-scaled-thegem-post-thumb-small.jpg\" alt=\"Jungle Park Tenerife\" class=\"img-responsive\"> <span class=\"gem-gallery-caption slide-info\"> <\/span> <\/a> <span class=\"gem-gallery-line\"><\/span> <\/div> <\/div> <div class=\"gem-gallery-item\"> <div class=\"gem-gallery-item-image\"> <a href=\"https:\/\/tenerife-trips.com\/wp-content\/uploads\/2021\/05\/Jungle-Park-Tenerife-3-scaled-thegem-gallery-sidebar.jpg\" data-fancybox-group=\"gallery-69e9934ce460e\" data-full-image-url=\"https:\/\/tenerife-trips.com\/wp-content\/uploads\/2021\/05\/Jungle-Park-Tenerife-3-scaled.jpg\"> <svg width=\"20\" height=\"10\"><path d=\"M 0,10 Q 9,9 10,0 Q 11,9 20,10\" \/><\/svg> <img src=\"https:\/\/tenerife-trips.com\/wp-content\/uploads\/2021\/05\/Jungle-Park-Tenerife-3-scaled-thegem-post-thumb-small.jpg\" alt=\"\" class=\"img-responsive\"> <span class=\"gem-gallery-caption slide-info\"> <\/span> <\/a> <span class=\"gem-gallery-line\"><\/span> <\/div> <\/div> <div class=\"gem-gallery-item\"> <div class=\"gem-gallery-item-image\"> <a href=\"https:\/\/tenerife-trips.com\/wp-content\/uploads\/2021\/05\/Jungle-Park-Tenerife-4-scaled-thegem-gallery-sidebar.jpg\" data-fancybox-group=\"gallery-69e9934ce460e\" data-full-image-url=\"https:\/\/tenerife-trips.com\/wp-content\/uploads\/2021\/05\/Jungle-Park-Tenerife-4-scaled.jpg\"> <svg width=\"20\" height=\"10\"><path d=\"M 0,10 Q 9,9 10,0 Q 11,9 20,10\" \/><\/svg> <img src=\"https:\/\/tenerife-trips.com\/wp-content\/uploads\/2021\/05\/Jungle-Park-Tenerife-4-scaled-thegem-post-thumb-small.jpg\" alt=\"\" class=\"img-responsive\"> <span class=\"gem-gallery-caption slide-info\"> <\/span> <\/a> <span class=\"gem-gallery-line\"><\/span> <\/div> <\/div> <div class=\"gem-gallery-item\"> <div class=\"gem-gallery-item-image\"> <a href=\"https:\/\/tenerife-trips.com\/wp-content\/uploads\/2021\/05\/Jungle-Park-Tenerife-5-scaled-thegem-gallery-sidebar.jpg\" data-fancybox-group=\"gallery-69e9934ce460e\" data-full-image-url=\"https:\/\/tenerife-trips.com\/wp-content\/uploads\/2021\/05\/Jungle-Park-Tenerife-5-scaled.jpg\"> <svg width=\"20\" height=\"10\"><path d=\"M 0,10 Q 9,9 10,0 Q 11,9 20,10\" \/><\/svg> <img src=\"https:\/\/tenerife-trips.com\/wp-content\/uploads\/2021\/05\/Jungle-Park-Tenerife-5-scaled-thegem-post-thumb-small.jpg\" alt=\"\" class=\"img-responsive\"> <span class=\"gem-gallery-caption slide-info\"> <\/span> <\/a> <span class=\"gem-gallery-line\"><\/span> <\/div> <\/div> <div class=\"gem-gallery-item\"> <div class=\"gem-gallery-item-image\"> <a href=\"https:\/\/tenerife-trips.com\/wp-content\/uploads\/2021\/05\/Jungle-Park-Tenerife-6-scaled-thegem-gallery-sidebar.jpg\" data-fancybox-group=\"gallery-69e9934ce460e\" data-full-image-url=\"https:\/\/tenerife-trips.com\/wp-content\/uploads\/2021\/05\/Jungle-Park-Tenerife-6-scaled.jpg\"> <svg width=\"20\" height=\"10\"><path d=\"M 0,10 Q 9,9 10,0 Q 11,9 20,10\" \/><\/svg> <img src=\"https:\/\/tenerife-trips.com\/wp-content\/uploads\/2021\/05\/Jungle-Park-Tenerife-6-scaled-thegem-post-thumb-small.jpg\" alt=\"Jungle Park Tenerife\" class=\"img-responsive\"> <span class=\"gem-gallery-caption slide-info\"> <\/span> <\/a> <span class=\"gem-gallery-line\"><\/span> <\/div> <\/div> <div class=\"gem-gallery-item\"> <div class=\"gem-gallery-item-image\"> <a href=\"https:\/\/tenerife-trips.com\/wp-content\/uploads\/2021\/05\/Jungle-Park-Tenerife-7-scaled-thegem-gallery-sidebar.jpg\" data-fancybox-group=\"gallery-69e9934ce460e\" data-full-image-url=\"https:\/\/tenerife-trips.com\/wp-content\/uploads\/2021\/05\/Jungle-Park-Tenerife-7-scaled.jpg\"> <svg width=\"20\" height=\"10\"><path d=\"M 0,10 Q 9,9 10,0 Q 11,9 20,10\" \/><\/svg> <img src=\"https:\/\/tenerife-trips.com\/wp-content\/uploads\/2021\/05\/Jungle-Park-Tenerife-7-scaled-thegem-post-thumb-small.jpg\" alt=\"\" class=\"img-responsive\"> <span class=\"gem-gallery-caption slide-info\"> <\/span> <\/a> <span class=\"gem-gallery-line\"><\/span> <\/div> <\/div> <div class=\"gem-gallery-item\"> <div class=\"gem-gallery-item-image\"> <a href=\"https:\/\/tenerife-trips.com\/wp-content\/uploads\/2021\/05\/Jungle-Park-Tenerife-scaled-thegem-gallery-sidebar.jpg\" data-fancybox-group=\"gallery-69e9934ce460e\" data-full-image-url=\"https:\/\/tenerife-trips.com\/wp-content\/uploads\/2021\/05\/Jungle-Park-Tenerife-scaled.jpg\"> <svg width=\"20\" height=\"10\"><path d=\"M 0,10 Q 9,9 10,0 Q 11,9 20,10\" \/><\/svg> <img src=\"https:\/\/tenerife-trips.com\/wp-content\/uploads\/2021\/05\/Jungle-Park-Tenerife-scaled-thegem-post-thumb-small.jpg\" alt=\"Jungle Park Tenerife\" class=\"img-responsive\"> <span class=\"gem-gallery-caption slide-info\"> <\/span> <\/a> <span class=\"gem-gallery-line\"><\/span> <\/div> <\/div> <\/div>[vc_empty_space][\/vc_column][\/vc_row][vc_row full_width=&#8221;stretch_row&#8221; css=&#8221;.vc_custom_1577669794647{background-color: #312c7a !important;background-position: center !important;background-repeat: no-repeat !important;background-size: cover !important;}&#8221;][vc_column][vc_column_text css=&#8221;.vc_custom_1610120507078{background-position: center !important;background-repeat: no-repeat !important;background-size: cover !important;}&#8221; css_animation=&#8221;fadeIn&#8221;]<\/p>\n<h3 class=\"title-h2\" style=\"text-align: center;\"><span style=\"font-size: 18pt; color: #ffffff;\">BESCHREIBUNG<\/span><\/h3>\n<p>[\/vc_column_text][\/vc_column][\/vc_row][vc_row][vc_column][vc_tta_accordion style=&#8221;simple_solid&#8221; color=&#8221;blue&#8221; c_icon=&#8221;chevron&#8221; active_section=&#8221;0&#8243; collapsible_all=&#8221;true&#8221;][vc_tta_section title=&#8221;INFORMATIONEN \u00dcBER DEN PARK&#8221; tab_id=&#8221;1577669752813-9df83b3e-350fd056-84c11691-f195&#8243;][vc_column_text]<\/p>\n<div id=\"pl-2135\" class=\"panel-layout\">\n<div id=\"pg-2135-0\" class=\"panel-grid panel-no-style\">\n<div id=\"pgc-2135-0-0\" class=\"panel-grid-cell\" data-weight=\"1\">\n<div id=\"panel-2135-0-0-0\" class=\"so-panel widget widget_sow-editor panel-first-child panel-last-child\" data-style=\"{&quot;background_display&quot;:&quot;tile&quot;,&quot;featured_widgets&quot;:&quot;&quot;}\" data-index=\"0\">\n<div class=\"so-widget-sow-editor so-widget-sow-editor-base\">\n<div class=\"siteorigin-widget-tinymce textwidget\">\n<h3><span style=\"font-size: 12pt;\">ERSTENS K\u00d6NNEN WIR SAGEN, DASS DER JUNGLE PARK TENERIFFA EINER DER BESTEN THEMENPARKS DER INSEL IST. ES LIEGT IM S\u00dcDEN IN DER GEBIET VON <a href=\"https:\/\/www.google.com\/maps\/place\/38652+Chayofa,+Santa+Cruz+de+Tenerife\/@28.0743628,-16.7007999,16z\/data=!3m1!4b1!4m5!3m4!1s0xc6a99bee723167f:0xa0340f674cf8280!8m2!3d28.0745848!4d-16.6954544\" target=\"_blank\" rel=\"noopener\">CHAYOFA<\/a>, NUR ZEHN MINUTEN MIT DEM AUTO VON LOS CRISTIANOS ENTFERNT.<\/span><\/h3>\n<p><span style=\"font-size: 14pt;\">Wie der Name schon sagt, gibt es im Jungle Park Teneriffa eine \u00fcppige Vegetation mit exotischen B\u00e4umen und Pflanzen. Mit anderen Worten, ein Spaziergang durch den Park wird wirklich wie ein Spaziergang in der Natur sein. Viele verschiedene Tierarten aus der ganzen Welt sind hier zu sehen. Wir finden zum Beispiel viele V\u00f6gel wie Marabust\u00f6rche, Adler, Falken, Ibisse, Kraniche, Flamingos, Papageien, Aras und viele weitere exotische V\u00f6gel.<\/span><\/p>\n<p><span style=\"font-size: 14pt;\">Die Akrobatik dieser spektakul\u00e4ren V\u00f6gel kann man im Jungle Park Teneriffa in der &#8220;Raubvogelshow&#8221; sehen. W\u00e4hrend dieser Attraktion werden die V\u00f6gel die Befehle von erfahrenen Trainern ausf\u00fchren, die sich mit Leidenschaft um sie k\u00fcmmern. Auch innerhalb des Parks k\u00f6nnen Sie durch einen riesigen K\u00e4fig gehen, in dem Sie verschiedene Papageienarten treffen; sie sind sehr freundlich und werden nicht z\u00f6gern, Ihnen auf den Finger zu springen, um Sie zu begr\u00fc\u00dfen.<\/span><\/p>\n<h3><span style=\"font-size: 12pt;\">DAS IST NICHT ALLES, ES GIBT WEITERE INTERESSANTE SEHENSW\u00dcRDIGKEITEN IM JUNGLE PARK TENERIFFA! TATS\u00c4CHLICH K\u00d6NNEN SIE AN ANDEREN INTERESSANTEN VERANSTALTUNGEN TEILNEHMEN, WIE ZUM BEISPIEL WASCHB\u00c4REN UND PINGUINE F\u00dcTTERN. ZULETZT M\u00dcSSEN SIE UNBEDINGT DIE &#8220;SEEL\u00d6WEN-SHOW&#8221; SEHEN; Sie werden Ihren Augen nicht trauen, wenn Sie die Stunts sehen, zu denen diese Tiere f\u00e4hig sind.<\/span><\/h3>\n<p><span style=\"font-size: 14pt;\">Jungle Park Teneriffa beherbergt viele Primaten, zum Beispiel Orang-Utans, Gibbons, Wei\u00dfb\u00fcschelaffen, <a href=\"https:\/\/de.wikipedia.org\/wiki\/Brazzameerkatze\" target=\"_blank\" rel=\"noopener\">Brazzameerkatzen<\/a>, Kapuziner- und Totenkopfaffen. Dar\u00fcber hinaus wird es auch m\u00f6glich sein, in einem geschlossenen Raum f\u00fcr Lemuren zu spazieren, wo Sie diese niedlichen Tiere von Angesicht zu Angesicht treffen k\u00f6nnen.<\/span><\/p>\n<p><span style=\"font-size: 14pt;\">Eine weitere coole Sache, die der Park bietet, ist das Bobfahren auf einer Hochgeschwindigkeitsstrecke, die den Dschungel durchquert. Sowohl Erwachsene als auch Kinder k\u00f6nnen diese fantastische Attraktion genie\u00dfen.<\/span><\/p>\n<h3><span style=\"font-size: 12pt;\">Wenn Sie den Jungle Park TENERIFFA zusammen mit dem Wasserpark Aqualand besuchen m\u00f6chten, k\u00f6nnen Sie das \u201etwo parks Ticket\u201c kaufen. Auf diese Weise erhalten Sie einen Rabatt auf den Preis.<\/span><\/h3>\n<p><span style=\"font-size: 14pt;\">Zusammenfassend sind wir der Meinung, dass der Jungle Park Teneriffa einen Besuch wert ist, da er unz\u00e4hlige Attraktionen bietet. Dar\u00fcber hinaus befindet es sich in einem Gebiet, das von jedem Ort der Insel aus leicht zu erreichen ist.<\/span><\/p>\n<\/div>\n<\/div>\n<\/div>\n<\/div>\n<\/div>\n<\/div>\n<p>[\/vc_column_text][\/vc_tta_section][vc_tta_section title=&#8221;ZEITPLAN UND ABHOLSERVICE&#8221; tab_id=&#8221;1577669752866-707b0c8d-67a8d056-84c11691-f195&#8243;][vc_column_text]<span style=\"font-size: 14pt;\">F\u00fcr Jungle Park Teneriffa ist kein Transportservice verf\u00fcgbar, Sie m\u00fcssen <a href=\"https:\/\/www.google.com\/maps\/place\/Jungle+Park\/@28.0796664,-16.6975185,17z\/data=!3m1!4b1!4m5!3m4!1s0x0:0xcc015b522d32b7c9!8m2!3d28.0796664!4d-16.6953298\" target=\"_blank\" rel=\"noopener\">den Park<\/a> selbst erreichen.<\/span><\/p>\n<p><span style=\"text-decoration: underline; font-size: 14pt;\"><span style=\"color: #ff0000; text-decoration: underline;\">\u00d6FFNUNGSTAGE UND \u00d6FFNUNGSZEITEN:<\/span><\/span><\/p>\n<p><span style=\"font-size: 14pt;\">Der Park ist t\u00e4glich von 10:30 bis 16:30 Uhr ge\u00f6ffnet.<\/span><\/p>\n<p><span style=\"font-size: 14pt;\"><strong>Schauen Sie sich also das Video an, machen Sie sich ein Bild von dem Park und buchen Sie Ihre Tickets jetzt!<\/strong><\/span>[\/vc_column_text][\/vc_tta_section][\/vc_tta_accordion][\/vc_column][\/vc_row][vc_row full_width=&#8221;stretch_row_content&#8221; css=&#8221;.vc_custom_1577474711662{background-color: #312c7a !important;background-position: center !important;background-repeat: no-repeat !important;background-size: cover !important;}&#8221;][vc_column][vc_column_text css=&#8221;.vc_custom_1610146191001{background-position: center !important;background-repeat: no-repeat !important;background-size: cover !important;}&#8221; css_animation=&#8221;fadeIn&#8221;]<\/p>\n<p class=\"title-h2\" style=\"text-align: center;\"><span style=\"color: #ffffff; font-size: 18pt;\">BUCHEN SIE JETZT<\/span><\/p>\n<p>[\/vc_column_text][vc_empty_space height=&#8221;10&#8243;][\/vc_column][\/vc_row]<\/p>\n<\/div>","protected":false},"excerpt":{"rendered":"<p>[vc_row full_width=&#8221;stretch_row_content_no_spaces&#8221;][vc_column][vc_column_text css=&#8221;.vc_custom_1743519604130{background-color: #F6EB14 !important;background-position: center !important;background-repeat: no-repeat !important;background-size: cover !important;}&#8221; css_animation=&#8221;fadeIn&#8221;] JUNGLE PARK [\/vc_column_text][\/vc_column][\/vc_row][vc_row][vc_column][vc_column_text] Jungle Park Teneriffa ist einer&#8230;<\/p>\n","protected":false},"featured_media":144078,"template":"","meta":{"_acf_changed":false,"_seopress_robots_primary_cat":"2774","_seopress_titles_title":"Jungle Park Teneriffa, besuchen Sie einen der besten Parks","_seopress_titles_desc":"Jungle Park Teneriffa ist einer der besten Themenparks der Insel. Es liegt im S\u00fcden, nur zehn Minuten von Los Cristianos entfernt.","_seopress_robots_index":""},"product_brand":[],"product_cat":[2774],"product_tag":[2847],"class_list":{"0":"post-148403","1":"product","2":"type-product","3":"status-publish","4":"has-post-thumbnail","6":"product_cat-themenparks","7":"product_tag-jungle-park-teneriffa","9":"first","10":"instock","11":"virtual","12":"sold-individually","13":"taxable","14":"purchasable","15":"product-type-booking"},"booking_location":"","booking_location_type":"","booking_duration":1,"booking_duration_unit":"day","booking_buffer":0,"booking_cost":0,"booking_resources":[],"acf":[],"_links":{"self":[{"href":"https:\/\/tenerife-trips.com\/de\/wp-json\/wp\/v2\/product\/148403","targetHints":{"allow":["GET"]}}],"collection":[{"href":"https:\/\/tenerife-trips.com\/de\/wp-json\/wp\/v2\/product"}],"about":[{"href":"https:\/\/tenerife-trips.com\/de\/wp-json\/wp\/v2\/types\/product"}],"wp:featuredmedia":[{"embeddable":true,"href":"https:\/\/tenerife-trips.com\/de\/wp-json\/wp\/v2\/media\/144078"}],"wp:attachment":[{"href":"https:\/\/tenerife-trips.com\/de\/wp-json\/wp\/v2\/media?parent=148403"}],"wp:term":[{"taxonomy":"product_brand","embeddable":true,"href":"https:\/\/tenerife-trips.com\/de\/wp-json\/wp\/v2\/product_brand?post=148403"},{"taxonomy":"product_cat","embeddable":true,"href":"https:\/\/tenerife-trips.com\/de\/wp-json\/wp\/v2\/product_cat?post=148403"},{"taxonomy":"product_tag","embeddable":true,"href":"https:\/\/tenerife-trips.com\/de\/wp-json\/wp\/v2\/product_tag?post=148403"}],"curies":[{"name":"wp","href":"https:\/\/api.w.org\/{rel}","templated":true}]}}