{"id":156416,"date":"2018-12-13T18:36:26","date_gmt":"2018-12-13T18:36:26","guid":{"rendered":"https:\/\/tenerife-trips.com\/?post_type=product&#038;p=156416"},"modified":"2025-12-03T11:41:27","modified_gmt":"2025-12-03T11:41:27","slug":"das-grosse-boot","status":"publish","type":"product","link":"https:\/\/tenerife-trips.com\/de\/product\/bootsfahrten\/das-grosse-boot\/","title":{"rendered":"GRO\u00dfES BOOT"},"content":{"rendered":"<div class=\"wpb-content-wrapper\"><p>[vc_row full_width=&#8221;stretch_row_content_no_spaces&#8221;][vc_column][vc_column_text css=&#8221;.vc_custom_1743520301411{background-color: #F6EB14 !important;background-position: center !important;background-repeat: no-repeat !important;background-size: cover !important;}&#8221; css_animation=&#8221;fadeIn&#8221;]<\/p>\n<h1 class=\"title-h2\" style=\"text-align: center;\"><span style=\"font-size: 18pt; color: #312c7a;\">GRO\u00dfES BOOT<\/span><\/h1>\n<p>[\/vc_column_text][\/vc_column][\/vc_row][vc_row][vc_column][vc_column_text]<\/p>\n<p style=\"text-align: center;\">Das Gro\u00dfe Boot ist ein moderner Katamaran, der in zwei Ebenen unterteilt ist, die erste ist geschlossen und die zweite offen; es bietet den Passagieren auch eine Unterwassersicht von seinem Glasboden aus.<\/p>\n<p style=\"text-decoration: underline; text-align: center;\"><span style=\"font-size: 14pt; color: #312c7a;\"><strong>\u21d3 Siehe weitere Beschreibung unten \u21d3<\/strong><\/span><\/p>\n<p>[\/vc_column_text][\/vc_column][\/vc_row][vc_row full_width=&#8221;stretch_row_content&#8221; full_height=&#8221;yes&#8221; css=&#8221;.vc_custom_1576192123211{background-color: #312c7a !important;background-position: center !important;background-repeat: no-repeat !important;background-size: cover !important;}&#8221;][vc_column]<div class=\"gem-vimeo gem-wrapbox gem-wrapbox-style-no-style rounded-corners gem-wrapbox-position-below\" style=\"width: 100%;\"><div class=\"gem-wrapbox-inner gem-ratio-style\" style=\"padding-top: 56.25%\"><iframe webkitallowfullscreen=\"true\" mozallowfullscreen=\"true\" allowfullscreen=\"true\" class=\"gem-wrapbox-element img-responsive\" frameborder=\"0\" scrolling=\"no\" marginheight=\"0\" marginwidth=\"0\" src=\"\/\/player.vimeo.com\/video\/323154995?title=0&amp;byline=0&amp;portrait=0 \"><\/iframe><\/div><\/div>[vc_empty_space]<div class=\"preloader\"><div class=\"preloader-spin\"><\/div><\/div> <div id=\"gem-gallery-69e9903488059\" class=\"gem-gallery gem-gallery-hover-zooming-blur\"> <div class=\"gem-gallery-item\"> <div class=\"gem-gallery-item-image\"> <a href=\"https:\/\/tenerife-trips.com\/wp-content\/uploads\/2019\/12\/large-boat-thegem-gallery-sidebar.jpg\" data-fancybox-group=\"gallery-69e9903488059\" data-full-image-url=\"https:\/\/tenerife-trips.com\/wp-content\/uploads\/2019\/12\/large-boat.jpg\"> <svg width=\"20\" height=\"10\"><path d=\"M 0,10 Q 9,9 10,0 Q 11,9 20,10\" \/><\/svg> <img src=\"https:\/\/tenerife-trips.com\/wp-content\/uploads\/2019\/12\/large-boat-thegem-post-thumb-small.jpg\" alt=\"large boat\" class=\"img-responsive\"> <span class=\"gem-gallery-caption slide-info\"> <\/span> <\/a> <span class=\"gem-gallery-line\"><\/span> <\/div> <\/div> <div class=\"gem-gallery-item\"> <div class=\"gem-gallery-item-image\"> <a href=\"https:\/\/tenerife-trips.com\/wp-content\/uploads\/2019\/12\/duza-lodz-thegem-gallery-sidebar.jpg\" data-fancybox-group=\"gallery-69e9903488059\" data-full-image-url=\"https:\/\/tenerife-trips.com\/wp-content\/uploads\/2019\/12\/duza-lodz.jpg\"> <svg width=\"20\" height=\"10\"><path d=\"M 0,10 Q 9,9 10,0 Q 11,9 20,10\" \/><\/svg> <img src=\"https:\/\/tenerife-trips.com\/wp-content\/uploads\/2019\/12\/duza-lodz-thegem-post-thumb-small.jpg\" alt=\"large boat\" class=\"img-responsive\"> <span class=\"gem-gallery-caption slide-info\"> <\/span> <\/a> <span class=\"gem-gallery-line\"><\/span> <\/div> <\/div> <div class=\"gem-gallery-item\"> <div class=\"gem-gallery-item-image\"> <a href=\"https:\/\/tenerife-trips.com\/wp-content\/uploads\/2019\/12\/das-grose-Boot-thegem-gallery-sidebar.jpg\" data-fancybox-group=\"gallery-69e9903488059\" data-full-image-url=\"https:\/\/tenerife-trips.com\/wp-content\/uploads\/2019\/12\/das-grose-Boot.jpg\"> <svg width=\"20\" height=\"10\"><path d=\"M 0,10 Q 9,9 10,0 Q 11,9 20,10\" \/><\/svg> <img src=\"https:\/\/tenerife-trips.com\/wp-content\/uploads\/2019\/12\/das-grose-Boot-thegem-post-thumb-small.jpg\" alt=\"das gro\u00dfe Boot\" class=\"img-responsive\"> <span class=\"gem-gallery-caption slide-info\"> <\/span> <\/a> <span class=\"gem-gallery-line\"><\/span> <\/div> <\/div> <div class=\"gem-gallery-item\"> <div class=\"gem-gallery-item-image\"> <a href=\"https:\/\/tenerife-trips.com\/wp-content\/uploads\/2019\/12\/barco-grande--thegem-gallery-sidebar.jpg\" data-fancybox-group=\"gallery-69e9903488059\" data-full-image-url=\"https:\/\/tenerife-trips.com\/wp-content\/uploads\/2019\/12\/barco-grande-.jpg\"> <svg width=\"20\" height=\"10\"><path d=\"M 0,10 Q 9,9 10,0 Q 11,9 20,10\" \/><\/svg> <img src=\"https:\/\/tenerife-trips.com\/wp-content\/uploads\/2019\/12\/barco-grande--thegem-post-thumb-small.jpg\" alt=\"\" class=\"img-responsive\"> <span class=\"gem-gallery-caption slide-info\"> <\/span> <\/a> <span class=\"gem-gallery-line\"><\/span> <\/div> <\/div> <div class=\"gem-gallery-item\"> <div class=\"gem-gallery-item-image\"> <a href=\"https:\/\/tenerife-trips.com\/wp-content\/uploads\/2019\/12\/barca-grande-thegem-gallery-sidebar.jpg\" data-fancybox-group=\"gallery-69e9903488059\" data-full-image-url=\"https:\/\/tenerife-trips.com\/wp-content\/uploads\/2019\/12\/barca-grande.jpg\"> <svg width=\"20\" height=\"10\"><path d=\"M 0,10 Q 9,9 10,0 Q 11,9 20,10\" \/><\/svg> <img src=\"https:\/\/tenerife-trips.com\/wp-content\/uploads\/2019\/12\/barca-grande-thegem-post-thumb-small.jpg\" alt=\"\" class=\"img-responsive\"> <span class=\"gem-gallery-caption slide-info\"> <\/span> <\/a> <span class=\"gem-gallery-line\"><\/span> <\/div> <\/div> <\/div>[vc_empty_space][\/vc_column][\/vc_row][vc_row full_width=&#8221;stretch_row&#8221; css=&#8221;.vc_custom_1577669794647{background-color: #312c7a !important;background-position: center !important;background-repeat: no-repeat !important;background-size: cover !important;}&#8221;][vc_column][vc_column_text css=&#8221;.vc_custom_1610120507078{background-position: center !important;background-repeat: no-repeat !important;background-size: cover !important;}&#8221; css_animation=&#8221;fadeIn&#8221;]<\/p>\n<h3 class=\"title-h2\" style=\"text-align: center;\"><span style=\"font-size: 18pt; color: #ffffff;\">BESCHREIBUNG<\/span><\/h3>\n<p>[\/vc_column_text][\/vc_column][\/vc_row][vc_row][vc_column][vc_tta_accordion style=&#8221;simple_solid&#8221; color=&#8221;blue&#8221; c_icon=&#8221;chevron&#8221; active_section=&#8221;0&#8243; collapsible_all=&#8221;true&#8221;][vc_tta_section title=&#8221;AUSFLUGSBESCHREIBUNG&#8221; tab_id=&#8221;1577669752813-9df83b3e-350fd056-84c198a1-6f47&#8243;][vc_column_text]<\/p>\n<div id=\"pl-2135\" class=\"panel-layout\">\n<div id=\"pg-2135-0\" class=\"panel-grid panel-no-style\">\n<div id=\"pgc-2135-0-0\" class=\"panel-grid-cell\" data-weight=\"1\">\n<div id=\"panel-2135-0-0-0\" class=\"so-panel widget widget_sow-editor panel-first-child panel-last-child\" data-style=\"{&quot;background_display&quot;:&quot;tile&quot;,&quot;featured_widgets&quot;:&quot;&quot;}\" data-index=\"0\">\n<div class=\"so-widget-sow-editor so-widget-sow-editor-base\">\n<div class=\"siteorigin-widget-tinymce textwidget\">\n<h3><span style=\"font-size: 12pt;\">Das Gro\u00dfe Boot ist ein moderner Katamaran, der in zwei Ebenen unterteilt ist, die erste ist geschlossen und die zweite offen; es bietet den Passagieren auch eine Unterwassersicht von seinem Glasboden aus. Es stehen 3 verschiedene Touren zur Verf\u00fcgung, 2 Stunden, 3 Stunden und 4,5 Stunden.<\/span><\/h3>\n<p>So verl\u00e4sst das Gro\u00dfe Boot zun\u00e4chst den Hafen \u201e<a href=\"https:\/\/www.google.es\/maps\/place\/Club+N%C3%A1utico+Puerto+Col%C3%B3n\/@28.0789597,-16.7405318,16z\/data=!4m5!3m4!1s0xc6a97434b7f61e7:0x95458b7c4f3e9053!8m2!3d28.0789597!4d-16.7361544\" target=\"_blank\" rel=\"noopener\">Puerto Colon<\/a>\u201c und f\u00e4hrt einige Kilometer vom Ufer entfernt; hier ist es sehr einfach, <a href=\"https:\/\/de.wikipedia.org\/wiki\/Grindwal\" target=\"_blank\" rel=\"noopener\">Grindwale<\/a> und Delfine gl\u00fccklich und frei in ihrer nat\u00fcrlichen Umgebung zu beobachten; die kanarische Regierung sch\u00fctzt und bewahrt ihren Lebensraum mit strengen Gesetzen.<\/p>\n<p>Zweitens kehren wir nach dieser erstaunlichen Erfahrung f\u00fcr die 2-st\u00fcndige Fahrt zum Hafen zur\u00fcck; auf der anderen Seite werden wir f\u00fcr die 3-st\u00fcndigen und 4,5-st\u00fcndigen Ausfl\u00fcge stattdessen an zwei verschiedene Orte reisen, um eine sch\u00f6ne Pause zu machen; das bedeutet, dass das Gro\u00dfe Boot f\u00fcr ungef\u00e4hr 1 Stunde in der N\u00e4he der Uferpromenade anh\u00e4lt. Bei der 3-st\u00fcndigen Fahrt ist der Ort <a href=\"https:\/\/www.beach-inspector.com\/de\/b\/playa-de-diego-hernandez\" target=\"_blank\" rel=\"noopener\">Playa Diego Hernandez<\/a>; dieser fantastische Strand befindet sich in der Gegend von La Caleta, Costa Adeje; f\u00fcr den 4,5-st\u00fcndigen Ausflug ist der Ort die Masca Bucht, eine der wichtigsten Naturattraktionen Teneriffas; von hier aus k\u00f6nnen Sie die Sch\u00f6nheit der majest\u00e4tischen Klippen von Los Gigantes perfekt betrachten.<\/p>\n<h3><span style=\"font-size: 12pt;\">Sobald wir das Gro\u00dfe Boot in Ufern\u00e4he verankert haben, versorgen wir Sie mit Speisen und Getr\u00e4nken; zum Essen bieten wir Krautsalat, wei\u00dfen Reis mit Erbsen und Mais, H\u00fchnerfleischb\u00e4llchen in Tomatensauce, Brot und Bananen; zum Trinken haben wir w\u00e4hrend der gesamten Reise Bier, alkoholfreie Getr\u00e4nke, Sangria und Wasser zur Verf\u00fcgung; an dieser Stelle k\u00f6nnen Sie in das unber\u00fchrte Wasser Teneriffas springen, schwimmen und entspannen.<\/span><\/h3>\n<p>Schlie\u00dflich, wenn wir sicher sind, dass alle die Pause auf dem Gro\u00dfen Boot in vollen Z\u00fcgen genossen haben, fahren wir los und kehren zum Hafen zur\u00fcck; danach bringen wir Sie zur\u00fcck zum Abholpunkt, an dem wir Sie abgeholt haben.<\/p>\n<p><span style=\"color: #ff0000;\">Bei der 2-st\u00fcndigen Fahrt sind Speisen und Getr\u00e4nke nicht inkludiert!<\/span><\/p>\n<\/div>\n<\/div>\n<\/div>\n<\/div>\n<\/div>\n<\/div>\n<p>[\/vc_column_text][\/vc_tta_section][vc_tta_section title=&#8221;ZEITPLAN UND ABHOLSERVICE&#8221; tab_id=&#8221;1577669752866-707b0c8d-67a8d056-84c198a1-6f47&#8243;][vc_column_text css=&#8221;&#8221;]Der Abholservice von Teneriffa S\u00fcd ist im Preis inbegriffen; wir empfehlen Ihnen, uns zu kontaktieren und die Verf\u00fcgbarkeit von Transportmitteln aus Ihrer N\u00e4he zu \u00fcberpr\u00fcfen. Wir bieten auch eine Abholung von Puerto de la Cruz an, jedoch nur f\u00fcr die 4,5-st\u00fcndige Fahrt.<\/p>\n<p><span style=\"text-decoration: underline;\"><span style=\"color: #ff0000; text-decoration: underline;\">ZEITPLAN:<\/span><\/span><\/p>\n<p>Bitte fragen Sie unseren Kundenservice nach den verf\u00fcgbaren Tagen und Zeiten.<\/p>\n<p><strong>Die Bootsfahrt mit dem gro\u00dfen Boot ist also die beste Wahl, um Ihren Urlaub zu genie\u00dfen, buchen Sie jetzt Ihre Tickets!<\/strong>[\/vc_column_text][\/vc_tta_section][\/vc_tta_accordion]<style type=\"text\/css\">.thegem-button-69e99034897907817 .gem-button svg {fill: #ffffff;}.thegem-button-69e99034897907817 .gem-button:hover svg {fill: #312c7a;}<\/style><div class=\"gem-button-container gem-button-position-center thegem-button-69e99034897907817    \"  ><a class=\"gem-button gem-button-size-small gem-button-style-flat gem-button-text-weight-normal\" data-ll-effect=\"drop-right-without-wrap\" style=\"border-radius: 3px;background-color: #312c7a;color: #ffffff;\" onmouseleave=\"this.style.backgroundColor='#312c7a';this.style.color='#ffffff';\" onmouseenter=\"this.style.backgroundColor='#f6eb14';this.style.color='#312c7a';\" href=\"#preise-large\" target=\"_self\">PREISE<\/a><\/div> [\/vc_column][\/vc_row][vc_row full_width=&#8221;stretch_row_content&#8221; css=&#8221;.vc_custom_1577474711662{background-color: #312c7a !important;background-position: center !important;background-repeat: no-repeat !important;background-size: cover !important;}&#8221;][vc_column][vc_column_text css=&#8221;.vc_custom_1610146191001{background-position: center !important;background-repeat: no-repeat !important;background-size: cover !important;}&#8221; css_animation=&#8221;fadeIn&#8221;]<\/p>\n<p class=\"title-h2\" style=\"text-align: center;\"><span style=\"color: #ffffff; font-size: 18pt;\">BUCHEN SIE JETZT<\/span><\/p>\n<p>[\/vc_column_text][vc_empty_space height=&#8221;10&#8243; el_id=&#8221;preise-large&#8221;][\/vc_column][\/vc_row]<\/p>\n<\/div>","protected":false},"excerpt":{"rendered":"<p>[vc_row full_width=&#8221;stretch_row_content_no_spaces&#8221;][vc_column][vc_column_text css=&#8221;.vc_custom_1743520301411{background-color: #F6EB14 !important;background-position: center !important;background-repeat: no-repeat !important;background-size: cover !important;}&#8221; css_animation=&#8221;fadeIn&#8221;] GRO\u00dfES BOOT [\/vc_column_text][\/vc_column][\/vc_row][vc_row][vc_column][vc_column_text] Das Gro\u00dfe Boot ist ein&#8230;<\/p>\n","protected":false},"featured_media":156660,"template":"","meta":{"_acf_changed":false,"_seopress_robots_primary_cat":"2769","_seopress_titles_title":"Das gro\u00dfe Boot, buchen Sie online Ihr Walbeobachtungserlebnis","_seopress_titles_desc":"Das gro\u00dfe Boot, buchen Sie online Ihre Pl\u00e4tze f\u00fcr die beste Walbeobachtungstour auf Teneriffa; Abholservice, Speisen und Getr\u00e4nke inklusive.","_seopress_robots_index":""},"product_brand":[],"product_cat":[2769],"product_tag":[2806,2803,2851,2850],"class_list":{"0":"post-156416","1":"product","2":"type-product","3":"status-publish","4":"has-post-thumbnail","6":"product_cat-bootsfahrten","7":"product_tag-bootstour-teneriffa","8":"product_tag-walbeobachtung-teneriffa","9":"product_tag-wale-beobachten-teneriffa","10":"product_tag-whale-watching-teneriffa","12":"first","13":"instock","14":"virtual","15":"sold-individually","16":"taxable","17":"purchasable","18":"product-type-booking"},"booking_location":"","booking_location_type":"","booking_duration":1,"booking_duration_unit":"day","booking_buffer":0,"booking_cost":0,"booking_resources":[],"acf":[],"_links":{"self":[{"href":"https:\/\/tenerife-trips.com\/de\/wp-json\/wp\/v2\/product\/156416","targetHints":{"allow":["GET"]}}],"collection":[{"href":"https:\/\/tenerife-trips.com\/de\/wp-json\/wp\/v2\/product"}],"about":[{"href":"https:\/\/tenerife-trips.com\/de\/wp-json\/wp\/v2\/types\/product"}],"wp:featuredmedia":[{"embeddable":true,"href":"https:\/\/tenerife-trips.com\/de\/wp-json\/wp\/v2\/media\/156660"}],"wp:attachment":[{"href":"https:\/\/tenerife-trips.com\/de\/wp-json\/wp\/v2\/media?parent=156416"}],"wp:term":[{"taxonomy":"product_brand","embeddable":true,"href":"https:\/\/tenerife-trips.com\/de\/wp-json\/wp\/v2\/product_brand?post=156416"},{"taxonomy":"product_cat","embeddable":true,"href":"https:\/\/tenerife-trips.com\/de\/wp-json\/wp\/v2\/product_cat?post=156416"},{"taxonomy":"product_tag","embeddable":true,"href":"https:\/\/tenerife-trips.com\/de\/wp-json\/wp\/v2\/product_tag?post=156416"}],"curies":[{"name":"wp","href":"https:\/\/api.w.org\/{rel}","templated":true}]}}