{"id":277192,"date":"2018-01-26T13:17:02","date_gmt":"2018-01-26T13:17:02","guid":{"rendered":"https:\/\/tenerife-trips.com\/?post_type=product&#038;p=277192"},"modified":"2026-03-14T09:53:11","modified_gmt":"2026-03-14T09:53:11","slug":"wale-teneriffa","status":"publish","type":"product","link":"https:\/\/tenerife-trips.com\/de\/product\/bootsfahrten\/wale-teneriffa\/","title":{"rendered":"Power Boot"},"content":{"rendered":"<div class=\"wpb-content-wrapper\"><p>[vc_row full_width=&#8221;stretch_row_content_no_spaces&#8221;][vc_column][vc_column_text css=&#8221;.vc_custom_1743521581207{background-color: #F6EB14 !important;background-position: center !important;background-repeat: no-repeat !important;background-size: cover !important;}&#8221; css_animation=&#8221;fadeIn&#8221;]<\/p>\n<h1 class=\"title-h2\" style=\"text-align: center;\"><span style=\"font-size: 18pt; color: #312c7a;\">Power Boot<\/span><\/h1>\n<p>[\/vc_column_text][\/vc_column][\/vc_row][vc_row][vc_column][vc_column_text]<\/p>\n<p style=\"text-align: center;\">Wale auf Teneriffa zu sehen ist definitiv ein Erlebnis, das Sie bei einem Besuch der Insel nicht verpassen sollten. Auf dieser Bootsfahrt lernen Sie die reiche Unterwasserwelt der Kanarischen Inseln kennen. Das Meer zwischen Teneriffa und <a href=\"https:\/\/www.tenerife-trips.com\/product\/bustouren\/la-gomera-tagesausflug\/?lang=de\" target=\"_blank\" rel=\"noopener\">La Gomera<\/a> ist ein Naturschutzgebiet. Die kanarische Regierung sch\u00fctzt und bewahrt es mit strengen Gesetzen.<\/p>\n<p style=\"text-decoration: underline; text-align: center;\"><span style=\"font-size: 14pt; color: #312c7a;\"><strong>\u21d3 Siehe weitere Beschreibung unten \u21d3<\/strong><\/span><\/p>\n<p>[\/vc_column_text][\/vc_column][\/vc_row][vc_row full_width=&#8221;stretch_row_content&#8221; full_height=&#8221;yes&#8221; css=&#8221;.vc_custom_1576192123211{background-color: #312c7a !important;background-position: center !important;background-repeat: no-repeat !important;background-size: cover !important;}&#8221;][vc_column]<div class=\"gem-vimeo gem-wrapbox gem-wrapbox-style-no-style rounded-corners gem-wrapbox-position-below\" style=\"width: 100%;\"><div class=\"gem-wrapbox-inner gem-ratio-style\" style=\"padding-top: 56.25%\"><iframe webkitallowfullscreen=\"true\" mozallowfullscreen=\"true\" allowfullscreen=\"true\" class=\"gem-wrapbox-element img-responsive\" frameborder=\"0\" scrolling=\"no\" marginheight=\"0\" marginwidth=\"0\" src=\"\/\/player.vimeo.com\/video\/357066522?title=0&amp;byline=0&amp;portrait=0 \"><\/iframe><\/div><\/div>[vc_empty_space]<div class=\"preloader\"><div class=\"preloader-spin\"><\/div><\/div> <div id=\"gem-gallery-69e1efcc0f312\" class=\"gem-gallery gem-gallery-hover-zooming-blur\"> <div class=\"gem-gallery-item\"> <div class=\"gem-gallery-item-image\"> <a href=\"https:\/\/tenerife-trips.com\/wp-content\/uploads\/2019\/12\/power-boat-1-1-thegem-gallery-sidebar.png\" data-fancybox-group=\"gallery-69e1efcc0f312\" data-full-image-url=\"https:\/\/tenerife-trips.com\/wp-content\/uploads\/2019\/12\/power-boat-1-1.png\"> <svg width=\"20\" height=\"10\"><path d=\"M 0,10 Q 9,9 10,0 Q 11,9 20,10\" \/><\/svg> <img src=\"https:\/\/tenerife-trips.com\/wp-content\/uploads\/2019\/12\/power-boat-1-1-thegem-post-thumb-small.png\" alt=\"\" class=\"img-responsive\"> <span class=\"gem-gallery-caption slide-info\"> <\/span> <\/a> <span class=\"gem-gallery-line\"><\/span> <\/div> <\/div> <div class=\"gem-gallery-item\"> <div class=\"gem-gallery-item-image\"> <a href=\"https:\/\/tenerife-trips.com\/wp-content\/uploads\/2019\/12\/power-boat-2-thegem-gallery-sidebar.png\" data-fancybox-group=\"gallery-69e1efcc0f312\" data-full-image-url=\"https:\/\/tenerife-trips.com\/wp-content\/uploads\/2019\/12\/power-boat-2.png\"> <svg width=\"20\" height=\"10\"><path d=\"M 0,10 Q 9,9 10,0 Q 11,9 20,10\" \/><\/svg> <img src=\"https:\/\/tenerife-trips.com\/wp-content\/uploads\/2019\/12\/power-boat-2-thegem-post-thumb-small.png\" alt=\"\" class=\"img-responsive\"> <span class=\"gem-gallery-caption slide-info\"> <\/span> <\/a> <span class=\"gem-gallery-line\"><\/span> <\/div> <\/div> <div class=\"gem-gallery-item\"> <div class=\"gem-gallery-item-image\"> <a href=\"https:\/\/tenerife-trips.com\/wp-content\/uploads\/2019\/12\/b-1-thegem-gallery-sidebar.jpg\" data-fancybox-group=\"gallery-69e1efcc0f312\" data-full-image-url=\"https:\/\/tenerife-trips.com\/wp-content\/uploads\/2019\/12\/b-1.jpg\"> <svg width=\"20\" height=\"10\"><path d=\"M 0,10 Q 9,9 10,0 Q 11,9 20,10\" \/><\/svg> <img src=\"https:\/\/tenerife-trips.com\/wp-content\/uploads\/2019\/12\/b-1-thegem-post-thumb-small.jpg\" alt=\"whales in Tenerife\" class=\"img-responsive\"> <span class=\"gem-gallery-caption slide-info\"> <\/span> <\/a> <span class=\"gem-gallery-line\"><\/span> <\/div> <\/div> <div class=\"gem-gallery-item\"> <div class=\"gem-gallery-item-image\"> <a href=\"https:\/\/tenerife-trips.com\/wp-content\/uploads\/2019\/12\/d-1-thegem-gallery-sidebar.jpg\" data-fancybox-group=\"gallery-69e1efcc0f312\" data-full-image-url=\"https:\/\/tenerife-trips.com\/wp-content\/uploads\/2019\/12\/d-1.jpg\"> <svg width=\"20\" height=\"10\"><path d=\"M 0,10 Q 9,9 10,0 Q 11,9 20,10\" \/><\/svg> <img src=\"https:\/\/tenerife-trips.com\/wp-content\/uploads\/2019\/12\/d-1-thegem-post-thumb-small.jpg\" alt=\"whales in Tenerife\" class=\"img-responsive\"> <span class=\"gem-gallery-caption slide-info\"> <\/span> <\/a> <span class=\"gem-gallery-line\"><\/span> <\/div> <\/div> <div class=\"gem-gallery-item\"> <div class=\"gem-gallery-item-image\"> <a href=\"https:\/\/tenerife-trips.com\/wp-content\/uploads\/2019\/12\/a-1-thegem-gallery-sidebar.jpg\" data-fancybox-group=\"gallery-69e1efcc0f312\" data-full-image-url=\"https:\/\/tenerife-trips.com\/wp-content\/uploads\/2019\/12\/a-1.jpg\"> <svg width=\"20\" height=\"10\"><path d=\"M 0,10 Q 9,9 10,0 Q 11,9 20,10\" \/><\/svg> <img src=\"https:\/\/tenerife-trips.com\/wp-content\/uploads\/2019\/12\/a-1-thegem-post-thumb-small.jpg\" alt=\"whales in Tenerife\" class=\"img-responsive\"> <span class=\"gem-gallery-caption slide-info\"> <\/span> <\/a> <span class=\"gem-gallery-line\"><\/span> <\/div> <\/div> <div class=\"gem-gallery-item\"> <div class=\"gem-gallery-item-image\"> <a href=\"https:\/\/tenerife-trips.com\/wp-content\/uploads\/2019\/12\/c-1-thegem-gallery-sidebar.jpg\" data-fancybox-group=\"gallery-69e1efcc0f312\" data-full-image-url=\"https:\/\/tenerife-trips.com\/wp-content\/uploads\/2019\/12\/c-1.jpg\"> <svg width=\"20\" height=\"10\"><path d=\"M 0,10 Q 9,9 10,0 Q 11,9 20,10\" \/><\/svg> <img src=\"https:\/\/tenerife-trips.com\/wp-content\/uploads\/2019\/12\/c-1-thegem-post-thumb-small.jpg\" alt=\"whales in Tenerife\" class=\"img-responsive\"> <span class=\"gem-gallery-caption slide-info\"> <\/span> <\/a> <span class=\"gem-gallery-line\"><\/span> <\/div> <\/div> <div class=\"gem-gallery-item\"> <div class=\"gem-gallery-item-image\"> <a href=\"https:\/\/tenerife-trips.com\/wp-content\/uploads\/2019\/12\/7-3-thegem-gallery-sidebar.jpg\" data-fancybox-group=\"gallery-69e1efcc0f312\" data-full-image-url=\"https:\/\/tenerife-trips.com\/wp-content\/uploads\/2019\/12\/7-3.jpg\"> <svg width=\"20\" height=\"10\"><path d=\"M 0,10 Q 9,9 10,0 Q 11,9 20,10\" \/><\/svg> <img src=\"https:\/\/tenerife-trips.com\/wp-content\/uploads\/2019\/12\/7-3-thegem-post-thumb-small.jpg\" alt=\"Avistamiento cet\u00e1ceos Tenerife\" class=\"img-responsive\"> <span class=\"gem-gallery-caption slide-info\"> <\/span> <\/a> <span class=\"gem-gallery-line\"><\/span> <\/div> <\/div> <div class=\"gem-gallery-item\"> <div class=\"gem-gallery-item-image\"> <a href=\"https:\/\/tenerife-trips.com\/wp-content\/uploads\/2019\/12\/5-9-thegem-gallery-sidebar.jpg\" data-fancybox-group=\"gallery-69e1efcc0f312\" data-full-image-url=\"https:\/\/tenerife-trips.com\/wp-content\/uploads\/2019\/12\/5-9.jpg\"> <svg width=\"20\" height=\"10\"><path d=\"M 0,10 Q 9,9 10,0 Q 11,9 20,10\" \/><\/svg> <img src=\"https:\/\/tenerife-trips.com\/wp-content\/uploads\/2019\/12\/5-9-thegem-post-thumb-small.jpg\" alt=\"Avistamiento cet\u00e1ceos Tenerife\" class=\"img-responsive\"> <span class=\"gem-gallery-caption slide-info\"> <\/span> <\/a> <span class=\"gem-gallery-line\"><\/span> <\/div> <\/div> <div class=\"gem-gallery-item\"> <div class=\"gem-gallery-item-image\"> <a href=\"https:\/\/tenerife-trips.com\/wp-content\/uploads\/2019\/12\/6-6-thegem-gallery-sidebar.jpg\" data-fancybox-group=\"gallery-69e1efcc0f312\" data-full-image-url=\"https:\/\/tenerife-trips.com\/wp-content\/uploads\/2019\/12\/6-6.jpg\"> <svg width=\"20\" height=\"10\"><path d=\"M 0,10 Q 9,9 10,0 Q 11,9 20,10\" \/><\/svg> <img src=\"https:\/\/tenerife-trips.com\/wp-content\/uploads\/2019\/12\/6-6-thegem-post-thumb-small.jpg\" alt=\"Avistamiento cet\u00e1ceos Tenerife\" class=\"img-responsive\"> <span class=\"gem-gallery-caption slide-info\"> <\/span> <\/a> <span class=\"gem-gallery-line\"><\/span> <\/div> <\/div> <\/div>[vc_empty_space][\/vc_column][\/vc_row][vc_row full_width=&#8221;stretch_row&#8221; css=&#8221;.vc_custom_1577671816057{background-color: #312c7a !important;background-position: center !important;background-repeat: no-repeat !important;background-size: cover !important;}&#8221;][vc_column][vc_column_text]<\/p>\n<h3 style=\"text-align: center;\"><span style=\"color: #ffffff; font-size: 18pt;\">BESCHREIBUNG<\/span><\/h3>\n<p>[\/vc_column_text][\/vc_column][\/vc_row][vc_row][vc_column][vc_tta_accordion style=&#8221;simple_solid&#8221; color=&#8221;blue&#8221; c_icon=&#8221;chevron&#8221; active_section=&#8221;-0&#8243; collapsible_all=&#8221;true&#8221;][vc_tta_section title=&#8221;AUSFLUGSBESCHREIBUNG&#8221; tab_id=&#8221;1577671796821-b8e965b1-09ceaec9-a86f&#8221;][vc_column_text]M\u00f6chten Sie Wale auf Teneriffa sehen?<\/p>\n<h3><span style=\"font-size: 12pt;\">WENN DIE ANTWORT JA IST, IST DIES DIE RICHTIGE REISE F\u00dcR SIE! Wir starten vom Haupthafen in Playa de Las Americas, Puerto Col\u00f3n. AUF UNSEREM POWER BOOT IST PLATZ F\u00dcR MAXIMAL 12 PERSONEN. SOBALD ALLE AN BORD SIND, VERLASSEN WIR Den hafen UND BEGINNEN UNSERE REISE, UM DELPHINE UND <a href=\"https:\/\/de.wikipedia.org\/wiki\/Grindwal\" target=\"_blank\" rel=\"noopener\">WALE<\/a> AUF TENERIFFA ZU SEHEN.<\/span><\/h3>\n<p>In diesen Gew\u00e4ssern leben viele freundliche Wale, daher ist es das ganze Jahr \u00fcber leicht, sie zu entdecken. Also fahren wir ein paar Kilometer von der K\u00fcste weg, wo wir sie normalerweise treffen. Das hei\u00dft, Sie k\u00f6nnen diese Tiere wahrscheinlich gl\u00fccklich und frei in ihrem Lebensraum beobachten.<\/p>\n<h3><span style=\"font-size: 12pt;\">DIE CHANCE, EINE SOLCHE BEGEGNUNG MIT DELPHINEN UND WALEN AUF TENERIFFA ZU HABEN, IST SEHR HOCH. Wale schwimmen langsam und kommen oft aus dem Wasser, um zu atmen. ERWACHSENE K\u00d6NNEN ETWA 7 METER L\u00c4NGE ERREICHEN UND man kann OFT GRUPPEN MIT BABYS SEHEN. Delfine sind extrem gesellig, sie spielen zum Beispiel gerne neben den Booten springen. VOR ALLEM IST DER BOTTLENOSE-DELPHIN DIE H\u00c4UFIGSTE ARTEN AUF TENERIFFA.<\/span><\/h3>\n<p>Nach der erstaunlichen Erfahrung, Delfine und Wale auf Teneriffa zu sehen, fahren wir an die K\u00fcste. Dann halten wir etwa eine Stunde in Ufern\u00e4he. Normalerweise ist der Ort &#8220;<a href=\"https:\/\/goo.gl\/maps\/5ZjYKniwCUUB86rQ9\" target=\"_blank\" rel=\"noopener\">El Puertito de Arme\u00f1ime<\/a>&#8220;, eine nat\u00fcrliche Bucht in Costa Adeje. W\u00e4hrend dieser Zeit versorgen wir Sie mit Essen (Kartoffelomelett, Thunfischpastete, Wurst, Kirschtomaten, Salat und Obst) und Getr\u00e4nken (Softdrinks, Wasser, Bier und Wein). Au\u00dferdem k\u00f6nnen Sie mit unserer Schnorchelausr\u00fcstung schwimmen, wenn Sie m\u00f6chten. Abschlie\u00dfend, wenn wir sicher sind, dass alle die Pause in vollen Z\u00fcgen genossen haben, verlassen wir und kehren zum Hafen zur\u00fcck.<\/p>\n<p><strong>Zusammenfassend l\u00e4sst sich sagen, dass das Power boot eines der komfortabelsten auf dem Markt ist. Der Preis ist jedoch erschwinglich und die Qualit\u00e4t garantiert.<\/strong><\/p>\n<h6>Z\u00f6gern Sie also nicht, buchen Sie Ihre Tickets gleich jetzt!<\/h6>\n<p>[\/vc_column_text][\/vc_tta_section][vc_tta_section title=&#8221;ZEITPLAN UND ABHOLSERVICE&#8221; tab_id=&#8221;1577671796869-72a06e6b-61ccaec9-a86f&#8221;][vc_column_text]Der Abholservice f\u00fcr diesen Ausflug um Wale auf Teneriffa zu beobachten ist im Moment nicht verf\u00fcgbar. Sie m\u00fcssen nach <a href=\"https:\/\/goo.gl\/maps\/PU4jCHJfbBEX7k6x5\" target=\"_blank\" rel=\"noopener\">Puerto Col\u00f3n<\/a> kommen.<\/p>\n<p><span style=\"text-decoration: underline; color: #ff0000;\">ZEITPLAN:<\/span><\/p>\n<p>Jeden Tag. Der Ausflugsplan \u00e4ndert sich leicht je nach Saison. Es gibt 3 Ausfl\u00fcge pro Tag, ungef\u00e4hr um 10:00, 13:00 und 16:00 Uhr.<\/p>\n<p><strong>Sehen Sie sich das Video an, machen Sie sich ein Bild davon und buchen Sie es gleich jetzt!<\/strong>[\/vc_column_text][\/vc_tta_section][\/vc_tta_accordion]<style type=\"text\/css\">.thegem-button-69e1efcc2f32b3904 .gem-button svg {fill: #ffffff;}.thegem-button-69e1efcc2f32b3904 .gem-button:hover svg {fill: #312c7a;}<\/style><div class=\"gem-button-container gem-button-position-center thegem-button-69e1efcc2f32b3904    \"  ><a class=\"gem-button gem-button-size-small gem-button-style-flat gem-button-text-weight-normal\" data-ll-effect=\"drop-right-without-wrap\" style=\"border-radius: 3px;background-color: #312c7a;color: #ffffff;\" onmouseleave=\"this.style.backgroundColor='#312c7a';this.style.color='#ffffff';\" onmouseenter=\"this.style.backgroundColor='#f6eb14';this.style.color='#312c7a';\" href=\"#preise-power\" target=\"_self\">PREISE<\/a><\/div> [\/vc_column][\/vc_row][vc_row full_width=&#8221;stretch_row_content&#8221; css=&#8221;.vc_custom_1577476702260{background-color: #312c7a !important;background-position: center !important;background-repeat: no-repeat !important;background-size: cover !important;}&#8221;][vc_column][vc_column_text]<\/p>\n<h3 style=\"text-align: center;\"><strong><span style=\"font-size: 18pt; color: #ffffff;\">BUCHEN SIE JETZT<\/span><\/strong><\/h3>\n<p>[\/vc_column_text][vc_empty_space height=&#8221;10px&#8221; el_id=&#8221;preise-power&#8221;][\/vc_column][\/vc_row]<\/p>\n<\/div>","protected":false},"excerpt":{"rendered":"<p>[vc_row full_width=&#8221;stretch_row_content_no_spaces&#8221;][vc_column][vc_column_text css=&#8221;.vc_custom_1743521581207{background-color: #F6EB14 !important;background-position: center !important;background-repeat: no-repeat !important;background-size: cover !important;}&#8221; css_animation=&#8221;fadeIn&#8221;] Power Boot [\/vc_column_text][\/vc_column][\/vc_row][vc_row][vc_column][vc_column_text] Wale auf Teneriffa zu sehen&#8230;<\/p>\n","protected":false},"featured_media":277193,"template":"","meta":{"_acf_changed":false,"_seopress_robots_primary_cat":"none","_seopress_titles_title":"Wale Teneriffa, Tagesangebote f\u00fcr Bootsausfl\u00fcge","_seopress_titles_desc":"Bootsausfl\u00fcge, um Wale auf Teneriffa in ihrem nat\u00fcrlichen Lebensraum zu sehen; die besten Ausfl\u00fcge, um Ihren Urlaub unvergesslich zu machen.","_seopress_robots_index":""},"product_brand":[],"product_cat":[2769],"product_tag":[2806,2856],"class_list":{"0":"post-277192","1":"product","2":"type-product","3":"status-publish","4":"has-post-thumbnail","6":"product_cat-bootsfahrten","7":"product_tag-bootstour-teneriffa","8":"product_tag-wale-teneriffa","10":"first","11":"instock","12":"virtual","13":"sold-individually","14":"taxable","15":"purchasable","16":"product-type-booking"},"booking_location":"","booking_location_type":"","booking_duration":1,"booking_duration_unit":"day","booking_buffer":0,"booking_cost":0,"booking_resources":[],"acf":[],"_links":{"self":[{"href":"https:\/\/tenerife-trips.com\/de\/wp-json\/wp\/v2\/product\/277192","targetHints":{"allow":["GET"]}}],"collection":[{"href":"https:\/\/tenerife-trips.com\/de\/wp-json\/wp\/v2\/product"}],"about":[{"href":"https:\/\/tenerife-trips.com\/de\/wp-json\/wp\/v2\/types\/product"}],"wp:featuredmedia":[{"embeddable":true,"href":"https:\/\/tenerife-trips.com\/de\/wp-json\/wp\/v2\/media\/277193"}],"wp:attachment":[{"href":"https:\/\/tenerife-trips.com\/de\/wp-json\/wp\/v2\/media?parent=277192"}],"wp:term":[{"taxonomy":"product_brand","embeddable":true,"href":"https:\/\/tenerife-trips.com\/de\/wp-json\/wp\/v2\/product_brand?post=277192"},{"taxonomy":"product_cat","embeddable":true,"href":"https:\/\/tenerife-trips.com\/de\/wp-json\/wp\/v2\/product_cat?post=277192"},{"taxonomy":"product_tag","embeddable":true,"href":"https:\/\/tenerife-trips.com\/de\/wp-json\/wp\/v2\/product_tag?post=277192"}],"curies":[{"name":"wp","href":"https:\/\/api.w.org\/{rel}","templated":true}]}}