{"id":289231,"date":"2021-08-05T03:49:24","date_gmt":"2021-08-05T02:49:24","guid":{"rendered":"https:\/\/tenerife-trips.com\/?post_type=product&#038;p=289231"},"modified":"2025-12-03T11:19:19","modified_gmt":"2025-12-03T11:19:19","slug":"sehenswuerdigkeiten-teneriffa","status":"publish","type":"product","link":"https:\/\/tenerife-trips.com\/de\/product\/bustouren\/sehenswuerdigkeiten-teneriffa\/","title":{"rendered":"NORDOSTEN"},"content":{"rendered":"<div class=\"wpb-content-wrapper\"><p>[vc_row full_width=&#8221;stretch_row_content_no_spaces&#8221;][vc_column][vc_column_text css=&#8221;.vc_custom_1743519378227{background-color: #F6EB14 !important;background-position: center !important;background-repeat: no-repeat !important;background-size: cover !important;}&#8221; css_animation=&#8221;fadeIn&#8221;]<\/p>\n<h1 class=\"title-h2\" style=\"text-align: center;\"><span style=\"font-size: 18pt; color: #312c7a;\">NORDOSTEN<\/span><\/h1>\n<p>[\/vc_column_text][\/vc_column][\/vc_row][vc_row][vc_column][vc_column_text css=&#8221;&#8221;]<\/p>\n<p style=\"text-align: center;\"><strong>Denken Sie daran, die besten Sehensw\u00fcrdigkeiten auf Teneriffa zu entdecken?<\/strong><\/p>\n<p style=\"text-align: center;\">Der Ort, den Sie besuchen, ist eines der beliebtesten Reiseziele der Welt. Der Grund ist die Sch\u00f6nheit der Insel mit ihren nat\u00fcrlichen Reizen und ihrem perfekten Klima.<\/p>\n<p style=\"text-decoration: underline; text-align: center;\"><span style=\"font-size: 14pt; color: #312c7a;\"><strong>\u21d3 Siehe weitere Beschreibung unten \u21d3<\/strong><\/span><\/p>\n<p>[\/vc_column_text][\/vc_column][\/vc_row][vc_row full_width=&#8221;stretch_row_content&#8221; full_height=&#8221;yes&#8221; css=&#8221;.vc_custom_1576192123211{background-color: #312c7a !important;background-position: center !important;background-repeat: no-repeat !important;background-size: cover !important;}&#8221;][vc_column]<div class=\"gem-vimeo gem-wrapbox gem-wrapbox-style-no-style rounded-corners gem-wrapbox-position-below\" style=\"width: 100%;\"><div class=\"gem-wrapbox-inner gem-ratio-style\" style=\"padding-top: 56.25%\"><iframe webkitallowfullscreen=\"true\" mozallowfullscreen=\"true\" allowfullscreen=\"true\" class=\"gem-wrapbox-element img-responsive\" frameborder=\"0\" scrolling=\"no\" marginheight=\"0\" marginwidth=\"0\" src=\"\/\/player.vimeo.com\/video\/676568455?title=0&amp;byline=0&amp;portrait=0 \"><\/iframe><\/div><\/div>[vc_empty_space]<div class=\"preloader\"><div class=\"preloader-spin\"><\/div><\/div> <div id=\"gem-gallery-69d00ee3d06c9\" class=\"gem-gallery gem-gallery-hover-zooming-blur\"> <div class=\"gem-gallery-item\"> <div class=\"gem-gallery-item-image\"> <a href=\"https:\/\/tenerife-trips.com\/wp-content\/uploads\/2021\/12\/cosa-vedere-a-Tenerife-nord-1-thegem-gallery-sidebar.png\" data-fancybox-group=\"gallery-69d00ee3d06c9\" data-full-image-url=\"https:\/\/tenerife-trips.com\/wp-content\/uploads\/2021\/12\/cosa-vedere-a-Tenerife-nord-1.png\"> <svg width=\"20\" height=\"10\"><path d=\"M 0,10 Q 9,9 10,0 Q 11,9 20,10\" \/><\/svg> <img src=\"https:\/\/tenerife-trips.com\/wp-content\/uploads\/2021\/12\/cosa-vedere-a-Tenerife-nord-1-thegem-post-thumb-small.png\" alt=\"cosa vedere a Tenerife nord\" class=\"img-responsive\"> <span class=\"gem-gallery-caption slide-info\"> <\/span> <\/a> <span class=\"gem-gallery-line\"><\/span> <\/div> <\/div> <div class=\"gem-gallery-item\"> <div class=\"gem-gallery-item-image\"> <a href=\"https:\/\/tenerife-trips.com\/wp-content\/uploads\/2021\/08\/what-to-see-in-Tenerife-1-thegem-gallery-sidebar.png\" data-fancybox-group=\"gallery-69d00ee3d06c9\" data-full-image-url=\"https:\/\/tenerife-trips.com\/wp-content\/uploads\/2021\/08\/what-to-see-in-Tenerife-1.png\"> <svg width=\"20\" height=\"10\"><path d=\"M 0,10 Q 9,9 10,0 Q 11,9 20,10\" \/><\/svg> <img src=\"https:\/\/tenerife-trips.com\/wp-content\/uploads\/2021\/08\/what-to-see-in-Tenerife-1-thegem-post-thumb-small.png\" alt=\"what to see in Tenerife\" class=\"img-responsive\"> <span class=\"gem-gallery-caption slide-info\"> <\/span> <\/a> <span class=\"gem-gallery-line\"><\/span> <\/div> <\/div> <div class=\"gem-gallery-item\"> <div class=\"gem-gallery-item-image\"> <a href=\"https:\/\/tenerife-trips.com\/wp-content\/uploads\/2019\/12\/Teneryfa-zwiedzanie-thegem-gallery-sidebar.png\" data-fancybox-group=\"gallery-69d00ee3d06c9\" data-full-image-url=\"https:\/\/tenerife-trips.com\/wp-content\/uploads\/2019\/12\/Teneryfa-zwiedzanie.png\"> <svg width=\"20\" height=\"10\"><path d=\"M 0,10 Q 9,9 10,0 Q 11,9 20,10\" \/><\/svg> <img src=\"https:\/\/tenerife-trips.com\/wp-content\/uploads\/2019\/12\/Teneryfa-zwiedzanie-thegem-post-thumb-small.png\" alt=\"Teneryfa zwiedzanie\" class=\"img-responsive\"> <span class=\"gem-gallery-caption slide-info\"> <\/span> <\/a> <span class=\"gem-gallery-line\"><\/span> <\/div> <\/div> <div class=\"gem-gallery-item\"> <div class=\"gem-gallery-item-image\"> <a href=\"https:\/\/tenerife-trips.com\/wp-content\/uploads\/2019\/12\/Teneryfa-zwiedzanie-1-thegem-gallery-sidebar.png\" data-fancybox-group=\"gallery-69d00ee3d06c9\" data-full-image-url=\"https:\/\/tenerife-trips.com\/wp-content\/uploads\/2019\/12\/Teneryfa-zwiedzanie-1.png\"> <svg width=\"20\" height=\"10\"><path d=\"M 0,10 Q 9,9 10,0 Q 11,9 20,10\" \/><\/svg> <img src=\"https:\/\/tenerife-trips.com\/wp-content\/uploads\/2019\/12\/Teneryfa-zwiedzanie-1-thegem-post-thumb-small.png\" alt=\"Teneryfa zwiedzanie\" class=\"img-responsive\"> <span class=\"gem-gallery-caption slide-info\"> <\/span> <\/a> <span class=\"gem-gallery-line\"><\/span> <\/div> <\/div> <div class=\"gem-gallery-item\"> <div class=\"gem-gallery-item-image\"> <a href=\"https:\/\/tenerife-trips.com\/wp-content\/uploads\/2019\/12\/que-ver-en-Tenerife-1-thegem-gallery-sidebar.png\" data-fancybox-group=\"gallery-69d00ee3d06c9\" data-full-image-url=\"https:\/\/tenerife-trips.com\/wp-content\/uploads\/2019\/12\/que-ver-en-Tenerife-1.png\"> <svg width=\"20\" height=\"10\"><path d=\"M 0,10 Q 9,9 10,0 Q 11,9 20,10\" \/><\/svg> <img src=\"https:\/\/tenerife-trips.com\/wp-content\/uploads\/2019\/12\/que-ver-en-Tenerife-1-thegem-post-thumb-small.png\" alt=\"que ver en Tenerife\" class=\"img-responsive\"> <span class=\"gem-gallery-caption slide-info\"> <\/span> <\/a> <span class=\"gem-gallery-line\"><\/span> <\/div> <\/div> <div class=\"gem-gallery-item\"> <div class=\"gem-gallery-item-image\"> <a href=\"https:\/\/tenerife-trips.com\/wp-content\/uploads\/2019\/12\/sehenswurdigkeiten-auf-Teneriffa-thegem-gallery-sidebar.png\" data-fancybox-group=\"gallery-69d00ee3d06c9\" data-full-image-url=\"https:\/\/tenerife-trips.com\/wp-content\/uploads\/2019\/12\/sehenswurdigkeiten-auf-Teneriffa.png\"> <svg width=\"20\" height=\"10\"><path d=\"M 0,10 Q 9,9 10,0 Q 11,9 20,10\" \/><\/svg> <img src=\"https:\/\/tenerife-trips.com\/wp-content\/uploads\/2019\/12\/sehenswurdigkeiten-auf-Teneriffa-thegem-post-thumb-small.png\" alt=\"sehensw\u00fcrdigkeiten Teneriffa\" class=\"img-responsive\"> <span class=\"gem-gallery-caption slide-info\"> <\/span> <\/a> <span class=\"gem-gallery-line\"><\/span> <\/div> <\/div> <div class=\"gem-gallery-item\"> <div class=\"gem-gallery-item-image\"> <a href=\"https:\/\/tenerife-trips.com\/wp-content\/uploads\/2019\/12\/sehenswurdigkeiten-auf-Teneriffa-1-thegem-gallery-sidebar.png\" data-fancybox-group=\"gallery-69d00ee3d06c9\" data-full-image-url=\"https:\/\/tenerife-trips.com\/wp-content\/uploads\/2019\/12\/sehenswurdigkeiten-auf-Teneriffa-1.png\"> <svg width=\"20\" height=\"10\"><path d=\"M 0,10 Q 9,9 10,0 Q 11,9 20,10\" \/><\/svg> <img src=\"https:\/\/tenerife-trips.com\/wp-content\/uploads\/2019\/12\/sehenswurdigkeiten-auf-Teneriffa-1-thegem-post-thumb-small.png\" alt=\"sehensw\u00fcrdigkeiten Teneriffa\" class=\"img-responsive\"> <span class=\"gem-gallery-caption slide-info\"> <\/span> <\/a> <span class=\"gem-gallery-line\"><\/span> <\/div> <\/div> <div class=\"gem-gallery-item\"> <div class=\"gem-gallery-item-image\"> <a href=\"https:\/\/tenerife-trips.com\/wp-content\/uploads\/2019\/12\/que-ver-en-Tenerife-thegem-gallery-sidebar.png\" data-fancybox-group=\"gallery-69d00ee3d06c9\" data-full-image-url=\"https:\/\/tenerife-trips.com\/wp-content\/uploads\/2019\/12\/que-ver-en-Tenerife.png\"> <svg width=\"20\" height=\"10\"><path d=\"M 0,10 Q 9,9 10,0 Q 11,9 20,10\" \/><\/svg> <img src=\"https:\/\/tenerife-trips.com\/wp-content\/uploads\/2019\/12\/que-ver-en-Tenerife-thegem-post-thumb-small.png\" alt=\"que ver en Tenerife\" class=\"img-responsive\"> <span class=\"gem-gallery-caption slide-info\"> <\/span> <\/a> <span class=\"gem-gallery-line\"><\/span> <\/div> <\/div> <div class=\"gem-gallery-item\"> <div class=\"gem-gallery-item-image\"> <a href=\"https:\/\/tenerife-trips.com\/wp-content\/uploads\/2019\/12\/cosa-vedere-a-Tenerife-1-thegem-gallery-sidebar.png\" data-fancybox-group=\"gallery-69d00ee3d06c9\" data-full-image-url=\"https:\/\/tenerife-trips.com\/wp-content\/uploads\/2019\/12\/cosa-vedere-a-Tenerife-1.png\"> <svg width=\"20\" height=\"10\"><path d=\"M 0,10 Q 9,9 10,0 Q 11,9 20,10\" \/><\/svg> <img src=\"https:\/\/tenerife-trips.com\/wp-content\/uploads\/2019\/12\/cosa-vedere-a-Tenerife-1-thegem-post-thumb-small.png\" alt=\"cosa vedere a Tenerife\" class=\"img-responsive\"> <span class=\"gem-gallery-caption slide-info\"> <\/span> <\/a> <span class=\"gem-gallery-line\"><\/span> <\/div> <\/div> <div class=\"gem-gallery-item\"> <div class=\"gem-gallery-item-image\"> <a href=\"https:\/\/tenerife-trips.com\/wp-content\/uploads\/2019\/12\/cosa-vedere-a-Tenerife-thegem-gallery-sidebar.png\" data-fancybox-group=\"gallery-69d00ee3d06c9\" data-full-image-url=\"https:\/\/tenerife-trips.com\/wp-content\/uploads\/2019\/12\/cosa-vedere-a-Tenerife.png\"> <svg width=\"20\" height=\"10\"><path d=\"M 0,10 Q 9,9 10,0 Q 11,9 20,10\" \/><\/svg> <img src=\"https:\/\/tenerife-trips.com\/wp-content\/uploads\/2019\/12\/cosa-vedere-a-Tenerife-thegem-post-thumb-small.png\" alt=\"cosa vedere a Tenerife\" class=\"img-responsive\"> <span class=\"gem-gallery-caption slide-info\"> <\/span> <\/a> <span class=\"gem-gallery-line\"><\/span> <\/div> <\/div> <\/div>[vc_empty_space][\/vc_column][\/vc_row][vc_row full_width=&#8221;stretch_row&#8221; css=&#8221;.vc_custom_1577669794647{background-color: #312c7a !important;background-position: center !important;background-repeat: no-repeat !important;background-size: cover !important;}&#8221;][vc_column][vc_column_text css=&#8221;.vc_custom_1610120507078{background-position: center !important;background-repeat: no-repeat !important;background-size: cover !important;}&#8221; css_animation=&#8221;fadeIn&#8221;]<\/p>\n<h3 class=\"title-h2\" style=\"text-align: center;\"><span style=\"font-size: 18pt; color: #ffffff;\">BESCHREIBUNG<\/span><\/h3>\n<p>[\/vc_column_text][\/vc_column][\/vc_row][vc_row][vc_column][vc_tta_accordion style=&#8221;simple_solid&#8221; color=&#8221;blue&#8221; c_icon=&#8221;chevron&#8221; active_section=&#8221;0&#8243; collapsible_all=&#8221;true&#8221;][vc_tta_section title=&#8221;AUSFLUGSBESCHREIBUNG&#8221; tab_id=&#8221;1577669752813-9df83b3e-350fd056-84c1d59a-3831&#8243;][vc_column_text css=&#8221;&#8221;]<\/p>\n<div id=\"pl-2135\" class=\"panel-layout\">\n<div id=\"pg-2135-0\" class=\"panel-grid panel-no-style\">\n<div id=\"pgc-2135-0-0\" class=\"panel-grid-cell\" data-weight=\"1\">\n<div id=\"panel-2135-0-0-0\" class=\"so-panel widget widget_sow-editor panel-first-child panel-last-child\" data-style=\"{&quot;background_display&quot;:&quot;tile&quot;,&quot;featured_widgets&quot;:&quot;&quot;}\" data-index=\"0\">\n<div class=\"so-widget-sow-editor so-widget-sow-editor-base\">\n<div class=\"siteorigin-widget-tinymce textwidget\">\n<h3 style=\"text-align: center;\"><span style=\"font-size: 12pt;\"><strong>Denken Sie daran, die besten Sehensw\u00fcrdigkeiten auf Teneriffa zu entdecken?<\/strong><\/span><\/h3>\n<p style=\"text-align: center;\">Zuallererst m\u00fcssen wir sagen, dass der Ort, den Sie besuchen, eines der beliebtesten Reiseziele der Welt ist. Dies liegt an der Sch\u00f6nheit der Insel mit ihren nat\u00fcrlichen Attraktionen und ihrem perfekten Klima.<\/p>\n<p style=\"text-align: center;\">Hier koexistieren W\u00fcsten und W\u00e4lder, Str\u00e4nde und Berge, kaltes und hei\u00dfes Wetter. Dieser Ausflug f\u00fchrt Sie auf die Nordseite der Insel, eine sehr gr\u00fcne Gegend. Hier finden wir ein feuchtes Mikroklima, das vor allem durch die <a href=\"https:\/\/de.wikipedia.org\/wiki\/Passat_(Windsystem)\" target=\"_blank\" rel=\"noopener\">Passatwinde<\/a> verursacht wird, die oft Wolken in diese Region bringen. W\u00e4hrend dieser Reise werden Sie definitiv einige der besten Sehensw\u00fcrdigkeiten auf Teneriffa entdecken.<\/p>\n<h3 style=\"text-align: center;\"><span style=\"font-size: 12pt;\">DAHER HOLEN WIR SIE IN DER N\u00c4HE VON IHRER UNTERKUNFT AUS TENERIFE S\u00dcD ODER IM NORDEN VON PUERTO DE LA CRUZ AB. WIR EMPFEHLEN IHNEN, UNS ZU KONTAKTIEREN, UM DIE VERF\u00dcGBARKEIT DES TRANSPORTS AUS IHRER UMGEBUNG UND DIE ABHOLZEIT ZU BEST\u00c4TIGEN. DANN ERHALTEN WIR DIE AUTOBAHN RICHTUNG SANTA CRUZ, ERREICHEN DIE STADT UND HALTEN HIER F\u00dcR UNSEREN ERSTEN BESUCH DES TAGES AN. Bei &#8220;Tenerife Trips&#8221; sind wir bestrebt, Ihnen die besten Sehensw\u00fcrdigkeiten auf Teneriffa vorzuschlagen, Sie sind in guten H\u00e4nden!<\/span><\/h3>\n<p style=\"text-align: center;\">Danach besuchen wir eine der sch\u00f6nsten Gegenden Teneriffas, <a href=\"https:\/\/de.wikipedia.org\/wiki\/Anaga-Gebirge\" target=\"_blank\" rel=\"noopener\">das Anaga-Gebirge<\/a>. Dieses Gebiet ist ber\u00fchmt f\u00fcr seine gr\u00fcnen Berge und die beeindruckenden Landschaften. Der Anaga-Park wurde im Jahr 2015 zum Biosph\u00e4renreservat erkl\u00e4rt. Er beherbergt die \u201eLaurisilva\u201c, eine Art immergr\u00fcner Wald, der typisch f\u00fcr Madeira und die Kanarischen Inseln ist und so genannt wird, weil hier \u00fcberwiegend Arten der Familie der Lauraceae vorkommen.<\/p>\n<p style=\"text-align: center;\">Wir setzen unsere Reise fort, indem wir Anaga verlassen und durch den Wald von \u201eMonte de las Mercedes\u201c fahren. Bald erreichen wir die Stadt La Laguna, Heimat der ber\u00fchmtesten Universit\u00e4t der Kanarischen Inseln. Dort machen wir einen Spaziergang durch das historische Zentrum und bewundern die typische Architektur der spanischen Kolonialsiedlungen.<\/p>\n<p style=\"text-align: center;\">Schlie\u00dflich fahren wir zur\u00fcck in die Gegend, in der wir Sie abgeholt haben. Nat\u00fcrlich lassen wir Sie an der gleichen Stelle zur\u00fcck, an der wir uns am Morgen getroffen haben.<\/p>\n<h3 style=\"text-align: center;\"><span style=\"font-size: 12pt;\">Jetzt kennen Sie also eine der besten Sehensw\u00fcrdigkeiten von Teneriffa!<\/span><\/h3>\n<p style=\"text-align: center;\"><span style=\"color: #ff0000;\">Alle an der Exkursion teilnehmenden Kunden werden daran erinnert, beim Aussteigen keine pers\u00f6nlichen Wertsachen im Bus zu lassen, um die Orte zu besuchen. Das Unternehmen \u00fcbernimmt keine Verantwortung f\u00fcr Verlust oder Diebstahl von pers\u00f6nlichen Gegenst\u00e4nden jeglicher Art.<\/span><\/p>\n<\/div>\n<\/div>\n<\/div>\n<\/div>\n<\/div>\n<\/div>\n<p>[\/vc_column_text][\/vc_tta_section][vc_tta_section title=&#8221;ZEITPLAN UND ABHOLSERVICE&#8221; tab_id=&#8221;1577669752866-707b0c8d-67a8d056-84c1d59a-3831&#8243;][vc_column_text]Die Abholung ist in der N\u00e4he Ihrer Unterkunft in Teneriffa im S\u00fcden, Westen und Norden (Puerto de la Cruz) m\u00f6glich. Wir empfehlen Ihnen, sich vor der Buchung mit uns in Verbindung zu setzen und die Verf\u00fcgbarkeit von Transportmitteln aus Ihrer N\u00e4he und die Abholzeit zu \u00fcberpr\u00fcfen.<\/p>\n<p><span style=\"text-decoration: underline;\"><span style=\"color: #ff0000; text-decoration: underline;\">ZEITPLAN:<\/span><\/span><\/p>\n<p>Bitte fragen Sie unseren Kundenservice, an welchen Tagen der Ausflug m\u00f6glich ist.<\/p>\n<p><strong>Verpassen Sie nicht, eine der besten Sehensw\u00fcrdigkeiten von Teneriffa zu besuchen, buchen Sie jetzt Ihr Ticket!<\/strong>[\/vc_column_text][\/vc_tta_section][\/vc_tta_accordion]<style type=\"text\/css\">.thegem-button-69d00ee3d2f7c9582 .gem-button svg {fill: #ffffff;}.thegem-button-69d00ee3d2f7c9582 .gem-button:hover svg {fill: #312c7a;}<\/style><div class=\"gem-button-container gem-button-position-center thegem-button-69d00ee3d2f7c9582    \"  ><a class=\"gem-button gem-button-size-small gem-button-style-flat gem-button-text-weight-normal\" data-ll-effect=\"drop-right-without-wrap\" style=\"border-radius: 3px;background-color: #312c7a;color: #ffffff;\" onmouseleave=\"this.style.backgroundColor='#312c7a';this.style.color='#ffffff';\" onmouseenter=\"this.style.backgroundColor='#f6eb14';this.style.color='#312c7a';\" href=\"#preise-nordosten\" target=\"_self\">PREISE<\/a><\/div> [\/vc_column][\/vc_row][vc_row full_width=&#8221;stretch_row_content&#8221; css=&#8221;.vc_custom_1577474711662{background-color: #312c7a !important;background-position: center !important;background-repeat: no-repeat !important;background-size: cover !important;}&#8221;][vc_column][vc_column_text css=&#8221;.vc_custom_1610146191001{background-position: center !important;background-repeat: no-repeat !important;background-size: cover !important;}&#8221; css_animation=&#8221;fadeIn&#8221;]<\/p>\n<p class=\"title-h2\" style=\"text-align: center;\"><span style=\"color: #ffffff; font-size: 18pt;\">BUCHEN SIE JETZT<\/span><\/p>\n<p>[\/vc_column_text][vc_empty_space height=&#8221;10&#8243; el_id=&#8221;preise-nordosten&#8221;][\/vc_column][\/vc_row]<\/p>\n<\/div>","protected":false},"excerpt":{"rendered":"<p>[vc_row full_width=&#8221;stretch_row_content_no_spaces&#8221;][vc_column][vc_column_text css=&#8221;.vc_custom_1743519378227{background-color: #F6EB14 !important;background-position: center !important;background-repeat: no-repeat !important;background-size: cover !important;}&#8221; css_animation=&#8221;fadeIn&#8221;] NORDOSTEN [\/vc_column_text][\/vc_column][\/vc_row][vc_row][vc_column][vc_column_text css=&#8221;&#8221;] Denken Sie daran, die besten&#8230;<\/p>\n","protected":false},"featured_media":287413,"template":"","meta":{"_acf_changed":false,"_seopress_robots_primary_cat":"2770","_seopress_titles_title":"Sehensw\u00fcrdigkeiten Teneriffa, entdecke den gr\u00fcnen Norden","_seopress_titles_desc":"Sehensw\u00fcrdigkeiten Teneriffa, besuchen Sie den Norden der Insel bei einer Bustour und entdecken Sie die gr\u00fcnste Gegend Teneriffas","_seopress_robots_index":""},"product_brand":[],"product_cat":[2770],"product_tag":[2857,2818],"class_list":{"0":"post-289231","1":"product","2":"type-product","3":"status-publish","4":"has-post-thumbnail","6":"product_cat-bustouren","7":"product_tag-bustouren-teneriffa","8":"product_tag-sehenswuerdigkeiten-teneriffa","10":"first","11":"instock","12":"virtual","13":"sold-individually","14":"purchasable","15":"product-type-booking"},"booking_location":"","booking_location_type":"","booking_duration":1,"booking_duration_unit":"day","booking_buffer":0,"booking_cost":0,"booking_resources":[],"acf":[],"_links":{"self":[{"href":"https:\/\/tenerife-trips.com\/de\/wp-json\/wp\/v2\/product\/289231","targetHints":{"allow":["GET"]}}],"collection":[{"href":"https:\/\/tenerife-trips.com\/de\/wp-json\/wp\/v2\/product"}],"about":[{"href":"https:\/\/tenerife-trips.com\/de\/wp-json\/wp\/v2\/types\/product"}],"wp:featuredmedia":[{"embeddable":true,"href":"https:\/\/tenerife-trips.com\/de\/wp-json\/wp\/v2\/media\/287413"}],"wp:attachment":[{"href":"https:\/\/tenerife-trips.com\/de\/wp-json\/wp\/v2\/media?parent=289231"}],"wp:term":[{"taxonomy":"product_brand","embeddable":true,"href":"https:\/\/tenerife-trips.com\/de\/wp-json\/wp\/v2\/product_brand?post=289231"},{"taxonomy":"product_cat","embeddable":true,"href":"https:\/\/tenerife-trips.com\/de\/wp-json\/wp\/v2\/product_cat?post=289231"},{"taxonomy":"product_tag","embeddable":true,"href":"https:\/\/tenerife-trips.com\/de\/wp-json\/wp\/v2\/product_tag?post=289231"}],"curies":[{"name":"wp","href":"https:\/\/api.w.org\/{rel}","templated":true}]}}