{"id":333489,"date":"2018-04-18T16:24:24","date_gmt":"2018-04-18T15:24:24","guid":{"rendered":"https:\/\/tenerife-trips.com\/?post_type=product&#038;p=333489"},"modified":"2026-01-03T13:12:00","modified_gmt":"2026-01-03T13:12:00","slug":"das-mittelalterliche-abenteuer-teneriffa","status":"publish","type":"product","link":"https:\/\/tenerife-trips.com\/de\/product\/shows\/das-mittelalterliche-abenteuer-teneriffa\/","title":{"rendered":"MITTELALTERLICHES ABENTEUER"},"content":{"rendered":"<div class=\"wpb-content-wrapper\"><p>[vc_row full_width=&#8221;stretch_row_content_no_spaces&#8221;][vc_column][vc_column_text css=&#8221;.vc_custom_1743520532854{background-color: #F6EB14 !important;background-position: center !important;background-repeat: no-repeat !important;background-size: cover !important;}&#8221; css_animation=&#8221;fadeIn&#8221;]<\/p>\n<h1 class=\"title-h2\" style=\"text-align: center;\"><span style=\"font-size: 18pt; color: #312c7a;\">MITTELALTERLICHES ABENTEUER<\/span><\/h1>\n<p>[\/vc_column_text][\/vc_column][\/vc_row][vc_row][vc_column][vc_column_text]<\/p>\n<p style=\"text-align: center;\"><span style=\"font-size: 14pt;\">Das mittelalterliche Abenteuer Teneriffa ist eine der besten Unterhaltungsshows der Insel; es findet in Castillo San Miguel in der Gegend von <a href=\"https:\/\/goo.gl\/maps\/tzJY2r4wzMgsKQT56\" target=\"_blank\" rel=\"noopener\">Aldea Blanca<\/a> statt; das Geb\u00e4ude ist eine k\u00fcrzlich erbaute mittelalterliche Burg von etwa sechstausend Quadratmetern; es kann etwas mehr als tausend Zuschauer aufnehmen.<\/span><\/p>\n<p style=\"text-decoration: underline; text-align: center;\"><span style=\"font-size: 14pt; color: #312c7a;\"><strong>\u21d3 Siehe weitere Beschreibung unten \u21d3<\/strong><\/span><\/p>\n<p>[\/vc_column_text][\/vc_column][\/vc_row][vc_row full_width=&#8221;stretch_row_content&#8221; full_height=&#8221;yes&#8221; css=&#8221;.vc_custom_1576192123211{background-color: #312c7a !important;background-position: center !important;background-repeat: no-repeat !important;background-size: cover !important;}&#8221;][vc_column]<div class=\"gem-vimeo gem-wrapbox gem-wrapbox-style-no-style rounded-corners gem-wrapbox-position-below\" style=\"width: 100%;\"><div class=\"gem-wrapbox-inner gem-ratio-style\" style=\"padding-top: 56.25%\"><iframe webkitallowfullscreen=\"true\" mozallowfullscreen=\"true\" allowfullscreen=\"true\" class=\"gem-wrapbox-element img-responsive\" frameborder=\"0\" scrolling=\"no\" marginheight=\"0\" marginwidth=\"0\" src=\"\/\/player.vimeo.com\/video\/326334928?title=0&amp;byline=0&amp;portrait=0 \"><\/iframe><\/div><\/div>[vc_empty_space]<div class=\"preloader\"><div class=\"preloader-spin\"><\/div><\/div> <div id=\"gem-gallery-69d13fb5005fc\" class=\"gem-gallery gem-gallery-hover-zooming-blur\"> <div class=\"gem-gallery-item\"> <div class=\"gem-gallery-item-image\"> <a href=\"https:\/\/tenerife-trips.com\/wp-content\/uploads\/2019\/12\/2-6-thegem-gallery-sidebar.jpg\" data-fancybox-group=\"gallery-69d13fb5005fc\" data-full-image-url=\"https:\/\/tenerife-trips.com\/wp-content\/uploads\/2019\/12\/2-6.jpg\"> <svg width=\"20\" height=\"10\"><path d=\"M 0,10 Q 9,9 10,0 Q 11,9 20,10\" \/><\/svg> <img src=\"https:\/\/tenerife-trips.com\/wp-content\/uploads\/2019\/12\/2-6-thegem-post-thumb-small.jpg\" alt=\"Castillo San Miguel Tenerife\" class=\"img-responsive\"> <span class=\"gem-gallery-caption slide-info\"> <\/span> <\/a> <span class=\"gem-gallery-line\"><\/span> <\/div> <\/div> <div class=\"gem-gallery-item\"> <div class=\"gem-gallery-item-image\"> <a href=\"https:\/\/tenerife-trips.com\/wp-content\/uploads\/2019\/12\/3-5-thegem-gallery-sidebar.jpg\" data-fancybox-group=\"gallery-69d13fb5005fc\" data-full-image-url=\"https:\/\/tenerife-trips.com\/wp-content\/uploads\/2019\/12\/3-5.jpg\"> <svg width=\"20\" height=\"10\"><path d=\"M 0,10 Q 9,9 10,0 Q 11,9 20,10\" \/><\/svg> <img src=\"https:\/\/tenerife-trips.com\/wp-content\/uploads\/2019\/12\/3-5-thegem-post-thumb-small.jpg\" alt=\"Castillo San Miguel Tenerife\" class=\"img-responsive\"> <span class=\"gem-gallery-caption slide-info\"> <\/span> <\/a> <span class=\"gem-gallery-line\"><\/span> <\/div> <\/div> <div class=\"gem-gallery-item\"> <div class=\"gem-gallery-item-image\"> <a href=\"https:\/\/tenerife-trips.com\/wp-content\/uploads\/2019\/12\/5-4-thegem-gallery-sidebar.jpg\" data-fancybox-group=\"gallery-69d13fb5005fc\" data-full-image-url=\"https:\/\/tenerife-trips.com\/wp-content\/uploads\/2019\/12\/5-4.jpg\"> <svg width=\"20\" height=\"10\"><path d=\"M 0,10 Q 9,9 10,0 Q 11,9 20,10\" \/><\/svg> <img src=\"https:\/\/tenerife-trips.com\/wp-content\/uploads\/2019\/12\/5-4-thegem-post-thumb-small.jpg\" alt=\"medieval adventure Tenerife\" class=\"img-responsive\"> <span class=\"gem-gallery-caption slide-info\"> <\/span> <\/a> <span class=\"gem-gallery-line\"><\/span> <\/div> <\/div> <div class=\"gem-gallery-item\"> <div class=\"gem-gallery-item-image\"> <a href=\"https:\/\/tenerife-trips.com\/wp-content\/uploads\/2019\/12\/6-2-thegem-gallery-sidebar.jpg\" data-fancybox-group=\"gallery-69d13fb5005fc\" data-full-image-url=\"https:\/\/tenerife-trips.com\/wp-content\/uploads\/2019\/12\/6-2.jpg\"> <svg width=\"20\" height=\"10\"><path d=\"M 0,10 Q 9,9 10,0 Q 11,9 20,10\" \/><\/svg> <img src=\"https:\/\/tenerife-trips.com\/wp-content\/uploads\/2019\/12\/6-2-thegem-post-thumb-small.jpg\" alt=\"Castello San Miguel Tenerife\" class=\"img-responsive\"> <span class=\"gem-gallery-caption slide-info\"> <\/span> <\/a> <span class=\"gem-gallery-line\"><\/span> <\/div> <\/div> <div class=\"gem-gallery-item\"> <div class=\"gem-gallery-item-image\"> <a href=\"https:\/\/tenerife-trips.com\/wp-content\/uploads\/2018\/04\/4-thegem-gallery-sidebar.jpg\" data-fancybox-group=\"gallery-69d13fb5005fc\" data-full-image-url=\"https:\/\/tenerife-trips.com\/wp-content\/uploads\/2018\/04\/4.jpg\"> <svg width=\"20\" height=\"10\"><path d=\"M 0,10 Q 9,9 10,0 Q 11,9 20,10\" \/><\/svg> <img src=\"https:\/\/tenerife-trips.com\/wp-content\/uploads\/2018\/04\/4-thegem-post-thumb-small.jpg\" alt=\"\" class=\"img-responsive\"> <span class=\"gem-gallery-caption slide-info\"> <\/span> <\/a> <span class=\"gem-gallery-line\"><\/span> <\/div> <\/div> <div class=\"gem-gallery-item\"> <div class=\"gem-gallery-item-image\"> <a href=\"https:\/\/tenerife-trips.com\/wp-content\/uploads\/2019\/12\/1-6-thegem-gallery-sidebar.jpg\" data-fancybox-group=\"gallery-69d13fb5005fc\" data-full-image-url=\"https:\/\/tenerife-trips.com\/wp-content\/uploads\/2019\/12\/1-6.jpg\"> <svg width=\"20\" height=\"10\"><path d=\"M 0,10 Q 9,9 10,0 Q 11,9 20,10\" \/><\/svg> <img src=\"https:\/\/tenerife-trips.com\/wp-content\/uploads\/2019\/12\/1-6-thegem-post-thumb-small.jpg\" alt=\"castello San Miguel Tenerife\" class=\"img-responsive\"> <span class=\"gem-gallery-caption slide-info\"> <\/span> <\/a> <span class=\"gem-gallery-line\"><\/span> <\/div> <\/div> <\/div>[vc_empty_space][\/vc_column][\/vc_row][vc_row full_width=&#8221;stretch_row&#8221; css=&#8221;.vc_custom_1577669794647{background-color: #312c7a !important;background-position: center !important;background-repeat: no-repeat !important;background-size: cover !important;}&#8221;][vc_column][vc_column_text css=&#8221;.vc_custom_1610120507078{background-position: center !important;background-repeat: no-repeat !important;background-size: cover !important;}&#8221; css_animation=&#8221;fadeIn&#8221;]<\/p>\n<h3 class=\"title-h2\" style=\"text-align: center;\"><span style=\"font-size: 18pt; color: #ffffff;\">BESCHREIBUNG<\/span><\/h3>\n<p>[\/vc_column_text][\/vc_column][\/vc_row][vc_row][vc_column][vc_tta_accordion style=&#8221;simple_solid&#8221; color=&#8221;blue&#8221; c_icon=&#8221;chevron&#8221; active_section=&#8221;0&#8243; collapsible_all=&#8221;true&#8221;][vc_tta_section title=&#8221;BESCHREIBUNG DER SHOW&#8221; tab_id=&#8221;1577669752813-9df83b3e-350fd056-84c1e7e8-d97a&#8221;][vc_column_text css=&#8221;&#8221;]<\/p>\n<div id=\"pl-2135\" class=\"panel-layout\">\n<div id=\"pg-2135-0\" class=\"panel-grid panel-no-style\">\n<div id=\"pgc-2135-0-0\" class=\"panel-grid-cell\" data-weight=\"1\">\n<div id=\"panel-2135-0-0-0\" class=\"so-panel widget widget_sow-editor panel-first-child panel-last-child\" data-style=\"{&quot;background_display&quot;:&quot;tile&quot;,&quot;featured_widgets&quot;:&quot;&quot;}\" data-index=\"0\">\n<div class=\"so-widget-sow-editor so-widget-sow-editor-base\">\n<div class=\"siteorigin-widget-tinymce textwidget\">\n<h3><span style=\"font-size: 12pt;\">KURZ GESAGT DAS MITTELALTERLICHE ABENTEUER TENERIFFA IST EINE DER BESTEN UNTERHALTUNGSSHOWS AUF DER INSEL; ES FINDET IN CASTILLO SAN MIGUEL, IM GEBIET VON <a href=\"https:\/\/goo.gl\/maps\/tzJY2r4wzMgsKQT56\" target=\"_blank\" rel=\"noopener\">ALDEA BLANCA<\/a>, STATT.<\/span><\/h3>\n<p><span style=\"font-size: 14pt;\">Das Geb\u00e4ude ist eine k\u00fcrzlich erbaute mittelalterliche Burg von etwa sechstausend Quadratmetern; das hei\u00dft, es kann etwas mehr als tausend Zuschauer aufnehmen; innerhalb der Struktur finden wir eine Haupthalle, in der das Turnier stattfindet.<\/span><\/p>\n<p><span style=\"font-size: 14pt;\">Zuerst teilen wir die Leute in zwei rivalisierende Gruppen auf, die auf Trib\u00fcnen sitzen, die neben der Arena positioniert sind und sich gegen\u00fcberstehen; danach ermutigen wir die Menge, zu jubeln und L\u00e4rm zu machen und ihr Ritterteam zu unterst\u00fctzen.<\/span><\/p>\n<h6><span style=\"font-size: 12pt;\">BALD BEGINNT DAS MITTELALTERLICHE ABENTEUER TENERIFFA UND RITTER BETRETEN DIE ARENA; ALSO FANGEN SIE JETZT AN, IHRE F\u00c4HIGKEIT ZU ZEIGEN, PFERDE ZU REITEN; IN DER ZWISCHENZEIT SERVIEREN WIR EIN MITTELALTERLICHES BANKETT.<\/span><\/h6>\n<p><span style=\"font-size: 14pt;\">Das Men\u00fc umfasst eine saisonale Gem\u00fcsecremesuppe mit K\u00e4sest\u00fccken, H\u00e4hnchenbrust mit Babykarotten, Ofenkartoffeln und Pilzsauce; als Dessert gibt es Eistorte mit Schokoladensirup. Sie k\u00f6nnen auch ein vegetarisches Gericht (Gem\u00fcsesuppe mit K\u00e4sest\u00fccken, Gem\u00fcselasagne oder Burger, Eis und Obst) oder ein veganes Gericht (Bio-Salat, Obst- und Gem\u00fcsesuppe) w\u00e4hlen. Au\u00dferdem bieten wir Getr\u00e4nke wie Rot- oder Wei\u00dfwein, Wasser und Orangensaft an, so viel Sie m\u00f6chten!<\/span><\/p>\n<p><span style=\"font-size: 14pt;\">W\u00e4hrend des mittelalterlichen Abenteuers Teneriffa nehmen die Spieler an Schwertk\u00e4mpfen und Turnieren teil; Reiter zielen mit ihren Lanzen auf Ringe und ein Zwerg unterh\u00e4lt das Publikum mit Feuerspucken; au\u00dferdem fliegt ein Adler von einer Seite zur anderen \u00fcber die Arena. Das Publikum nimmt aktiv an der Show teil; mit anderen Worten, es wird durch die Interaktion mit seinen Rittern involviert, die um Unterst\u00fctzung bitten. Abschlie\u00dfend wird es einen Gewinner und einen Verlierer geben, vielleicht bist du ja auf der richtigen Seite!?<\/span><\/p>\n<p><span style=\"color: #ff0000; font-size: 14pt;\"><strong>Es ist m\u00f6glich, eine VIP-Option zu kaufen, die Ihnen Anspruch auf Pl\u00e4tze in der ersten oder zweiten Reihe und ein Glas Sekt gew\u00e4hrt. <\/strong><\/span><\/p>\n<p><span style=\"font-size: 14pt;\">F\u00fcr das mittelalterliche Abenteuer Teneriffa ist ein <span style=\"color: #ff0000;\">Abholservice<\/span> aus dem S\u00fcden, Westen und Norden (Puerto de la Cruz, Santa Cruz und La Laguna) gegen eine zus\u00e4tzliche <span style=\"color: #ff0000;\">Geb\u00fchr von 15 \u20ac pro Erwachsenem ab 14 Jahren und 10 \u20ac pro Kind von 1 bis 13 Jahren<\/span> verf\u00fcgbar. Babys unter 1 Jahr k\u00f6nnen kostenlos auf dem Scho\u00df ihrer Eltern sitzen. Der Transportpreis wird <span style=\"color: #ff0000;\">direkt am Veranstaltungsort bezahlt<\/span>, sobald Sie dort angekommen sind. Wir empfehlen Ihnen, sich mit uns in Verbindung zu setzen und vor der Buchung die Verf\u00fcgbarkeit von Transport- und Abholzeiten in Ihrer N\u00e4he zu pr\u00fcfen.<\/span><\/p>\n<\/div>\n<\/div>\n<\/div>\n<\/div>\n<\/div>\n<\/div>\n<p>[\/vc_column_text][\/vc_tta_section][vc_tta_section title=&#8221;ZEITPLAN UND ABHOLSERVICE&#8221; tab_id=&#8221;1577669752866-707b0c8d-67a8d056-84c1e7e8-d97a&#8221;][vc_column_text css=&#8221;&#8221;]<span style=\"font-size: 14pt;\">F\u00fcr das mittelalterliche Abenteuer Teneriffa ist ein <span style=\"color: #ff0000;\">Abholservice<\/span> aus dem S\u00fcden, Westen und Norden (Puerto de la Cruz, Santa Cruz und La Laguna) gegen eine zus\u00e4tzliche <span style=\"color: #ff0000;\">Geb\u00fchr von 15 \u20ac pro Erwachsenem ab 14 Jahren und 10 \u20ac pro Kind von 1 bis 13 Jahren<\/span> verf\u00fcgbar. Babys unter 1 Jahr k\u00f6nnen kostenlos auf dem Scho\u00df ihrer Eltern sitzen. Der Transportpreis wird <span style=\"color: #ff0000;\">direkt am Veranstaltungsort bezahlt<\/span>, sobald Sie dort angekommen sind. Wir empfehlen Ihnen, sich mit uns in Verbindung zu setzen und vor der Buchung die Verf\u00fcgbarkeit von Transport- und Abholzeiten in Ihrer N\u00e4he zu pr\u00fcfen.<\/span><\/p>\n<p><span style=\"font-size: 14pt;\">Die Abholung von Puerto de la Cruz und Los Gigantes ist nur samstags m\u00f6glich.<\/span><\/p>\n<p><span style=\"text-decoration: underline; font-size: 14pt;\"><span style=\"color: #ff0000; text-decoration: underline;\">ZEITPLAN:<\/span><\/span><\/p>\n<p><span style=\"font-size: 14pt;\">Jeden Dienstag, Donnerstag und Samstag.<\/span><\/p>\n<p><span style=\"font-size: 14pt;\">Die Show beginnt um 19:30 Uhr und endet gegen 21:15 Uhr.<\/span><\/p>\n<p><span style=\"font-size: 14pt;\"><strong>Sehen Sie sich das Video an, machen Sie sich ein Bild davon und buchen Sie es gleich!<\/strong><\/span>[\/vc_column_text][\/vc_tta_section][\/vc_tta_accordion][\/vc_column][\/vc_row][vc_row full_width=&#8221;stretch_row_content&#8221; css=&#8221;.vc_custom_1577474711662{background-color: #312c7a !important;background-position: center !important;background-repeat: no-repeat !important;background-size: cover !important;}&#8221;][vc_column][vc_column_text css=&#8221;.vc_custom_1610146191001{background-position: center !important;background-repeat: no-repeat !important;background-size: cover !important;}&#8221; css_animation=&#8221;fadeIn&#8221;]<\/p>\n<p class=\"title-h2\" style=\"text-align: center;\"><span style=\"color: #ffffff; font-size: 18pt;\">BUCHEN SIE JETZT<\/span><\/p>\n<p>[\/vc_column_text][vc_empty_space height=&#8221;10&#8243;][\/vc_column][\/vc_row]<\/p>\n<\/div>","protected":false},"excerpt":{"rendered":"<p>[vc_row full_width=&#8221;stretch_row_content_no_spaces&#8221;][vc_column][vc_column_text css=&#8221;.vc_custom_1743520532854{background-color: #F6EB14 !important;background-position: center !important;background-repeat: no-repeat !important;background-size: cover !important;}&#8221; css_animation=&#8221;fadeIn&#8221;] MITTELALTERLICHES ABENTEUER [\/vc_column_text][\/vc_column][\/vc_row][vc_row][vc_column][vc_column_text] Das mittelalterliche Abenteuer Teneriffa ist&#8230;<\/p>\n","protected":false},"featured_media":333490,"template":"","meta":{"_acf_changed":false,"_seopress_robots_primary_cat":"2773","_seopress_titles_title":"Das mittelalterliche Abenteuer Teneriffa, die beste Nachtshow","_seopress_titles_desc":"Genie\u00dfen Sie das mittelalterliche Abenteuer Teneriffa, eine der besten Nachtshows der Insel. Abholservice verf\u00fcgbar, einfache Online-Buchung","_seopress_robots_index":""},"product_brand":[],"product_cat":[2773],"product_tag":[2863,2861,2860,2862],"class_list":{"0":"post-333489","1":"product","2":"type-product","3":"status-publish","4":"has-post-thumbnail","6":"product_cat-shows","7":"product_tag-das-mittelalterliche-abenteuer-teneriffa","8":"product_tag-medieval-adventure-tenerife","9":"product_tag-mittelalterliches-abenteuer-tenerife","10":"product_tag-shows-tenerife-de","12":"first","13":"instock","14":"virtual","15":"sold-individually","16":"taxable","17":"purchasable","18":"product-type-booking"},"booking_location":"","booking_location_type":"","booking_duration":1,"booking_duration_unit":"day","booking_buffer":0,"booking_cost":0,"booking_resources":[],"acf":[],"_links":{"self":[{"href":"https:\/\/tenerife-trips.com\/de\/wp-json\/wp\/v2\/product\/333489","targetHints":{"allow":["GET"]}}],"collection":[{"href":"https:\/\/tenerife-trips.com\/de\/wp-json\/wp\/v2\/product"}],"about":[{"href":"https:\/\/tenerife-trips.com\/de\/wp-json\/wp\/v2\/types\/product"}],"wp:featuredmedia":[{"embeddable":true,"href":"https:\/\/tenerife-trips.com\/de\/wp-json\/wp\/v2\/media\/333490"}],"wp:attachment":[{"href":"https:\/\/tenerife-trips.com\/de\/wp-json\/wp\/v2\/media?parent=333489"}],"wp:term":[{"taxonomy":"product_brand","embeddable":true,"href":"https:\/\/tenerife-trips.com\/de\/wp-json\/wp\/v2\/product_brand?post=333489"},{"taxonomy":"product_cat","embeddable":true,"href":"https:\/\/tenerife-trips.com\/de\/wp-json\/wp\/v2\/product_cat?post=333489"},{"taxonomy":"product_tag","embeddable":true,"href":"https:\/\/tenerife-trips.com\/de\/wp-json\/wp\/v2\/product_tag?post=333489"}],"curies":[{"name":"wp","href":"https:\/\/api.w.org\/{rel}","templated":true}]}}