{"id":333744,"date":"2018-01-21T11:50:47","date_gmt":"2018-01-21T11:50:47","guid":{"rendered":"https:\/\/tenerife-trips.com\/?post_type=product&#038;p=333744"},"modified":"2026-04-04T11:21:08","modified_gmt":"2026-04-04T10:21:08","slug":"mht-teneriffa","status":"publish","type":"product","link":"https:\/\/tenerife-trips.com\/de\/product\/shows\/mht-teneriffa\/","title":{"rendered":"MHT"},"content":{"rendered":"<div class=\"wpb-content-wrapper\"><p>[vc_row full_width=&#8221;stretch_row_content_no_spaces&#8221;][vc_column][vc_column_text css=&#8221;.vc_custom_1743521680787{background-color: #F6EB14 !important;background-position: center !important;background-repeat: no-repeat !important;background-size: cover !important;}&#8221; css_animation=&#8221;fadeIn&#8221;]<\/p>\n<h1 class=\"title-h2\" style=\"text-align: center;\"><span style=\"font-size: 18pt; color: #312c7a;\">MHT<\/span><\/h1>\n<p>[\/vc_column_text][\/vc_column][\/vc_row][vc_row][vc_column][vc_column_text]<\/p>\n<p style=\"text-align: center;\"><span style=\"font-size: 14pt;\">MHT Teneriffa ist eine ber\u00fchmte Comedy Drag Dinner Show; eine wundervolle Nacht mit glitzernden Kost\u00fcmen und lustigem Gel\u00e4chter; eine erstklassige Besetzung von Charakteren, die die ganze Nacht tanzen und singen! Eine sensationelle Vielfalt an Farben und Lichtern, geeignet f\u00fcr jede Art von Menschen und Familien.<\/span><\/p>\n<p style=\"text-decoration: underline; text-align: center;\"><span style=\"font-size: 14pt; color: #312c7a;\"><strong>\u21d3 Siehe weitere Beschreibung unten \u21d3<\/strong><\/span><\/p>\n<p>[\/vc_column_text][\/vc_column][\/vc_row][vc_row full_width=&#8221;stretch_row_content&#8221; full_height=&#8221;yes&#8221; css=&#8221;.vc_custom_1576192123211{background-color: #312c7a !important;background-position: center !important;background-repeat: no-repeat !important;background-size: cover !important;}&#8221;][vc_column]<div class=\"gem-vimeo gem-wrapbox gem-wrapbox-style-no-style rounded-corners gem-wrapbox-position-below\" style=\"width: 100%;\"><div class=\"gem-wrapbox-inner gem-ratio-style\" style=\"padding-top: 56.25%\"><iframe webkitallowfullscreen=\"true\" mozallowfullscreen=\"true\" allowfullscreen=\"true\" class=\"gem-wrapbox-element img-responsive\" frameborder=\"0\" scrolling=\"no\" marginheight=\"0\" marginwidth=\"0\" src=\"\/\/player.vimeo.com\/video\/326036320?title=0&amp;byline=0&amp;portrait=0 \"><\/iframe><\/div><\/div>[vc_empty_space]<div class=\"preloader\"><div class=\"preloader-spin\"><\/div><\/div> <div id=\"gem-gallery-69e34431167ee\" class=\"gem-gallery gem-gallery-hover-zooming-blur\"> <div class=\"gem-gallery-item\"> <div class=\"gem-gallery-item-image\"> <a href=\"https:\/\/tenerife-trips.com\/wp-content\/uploads\/2019\/12\/MHT-thegem-gallery-sidebar.jpg\" data-fancybox-group=\"gallery-69e34431167ee\" data-full-image-url=\"https:\/\/tenerife-trips.com\/wp-content\/uploads\/2019\/12\/MHT.jpg\"> <svg width=\"20\" height=\"10\"><path d=\"M 0,10 Q 9,9 10,0 Q 11,9 20,10\" \/><\/svg> <img src=\"https:\/\/tenerife-trips.com\/wp-content\/uploads\/2019\/12\/MHT-thegem-post-thumb-small.jpg\" alt=\"\" class=\"img-responsive\"> <span class=\"gem-gallery-caption slide-info\"> <\/span> <\/a> <span class=\"gem-gallery-line\"><\/span> <\/div> <\/div> <div class=\"gem-gallery-item\"> <div class=\"gem-gallery-item-image\"> <a href=\"https:\/\/tenerife-trips.com\/wp-content\/uploads\/2018\/01\/shows-Tenerife-thegem-gallery-sidebar.jpg\" data-fancybox-group=\"gallery-69e34431167ee\" data-full-image-url=\"https:\/\/tenerife-trips.com\/wp-content\/uploads\/2018\/01\/shows-Tenerife.jpg\"> <svg width=\"20\" height=\"10\"><path d=\"M 0,10 Q 9,9 10,0 Q 11,9 20,10\" \/><\/svg> <img src=\"https:\/\/tenerife-trips.com\/wp-content\/uploads\/2018\/01\/shows-Tenerife-thegem-post-thumb-small.jpg\" alt=\"\" class=\"img-responsive\"> <span class=\"gem-gallery-caption slide-info\"> <\/span> <\/a> <span class=\"gem-gallery-line\"><\/span> <\/div> <\/div> <div class=\"gem-gallery-item\"> <div class=\"gem-gallery-item-image\"> <a href=\"https:\/\/tenerife-trips.com\/wp-content\/uploads\/2019\/12\/show-Tenerife-thegem-gallery-sidebar.jpg\" data-fancybox-group=\"gallery-69e34431167ee\" data-full-image-url=\"https:\/\/tenerife-trips.com\/wp-content\/uploads\/2019\/12\/show-Tenerife.jpg\"> <svg width=\"20\" height=\"10\"><path d=\"M 0,10 Q 9,9 10,0 Q 11,9 20,10\" \/><\/svg> <img src=\"https:\/\/tenerife-trips.com\/wp-content\/uploads\/2019\/12\/show-Tenerife-thegem-post-thumb-small.jpg\" alt=\"show Tenerife\" class=\"img-responsive\"> <span class=\"gem-gallery-caption slide-info\"> <\/span> <\/a> <span class=\"gem-gallery-line\"><\/span> <\/div> <\/div> <div class=\"gem-gallery-item\"> <div class=\"gem-gallery-item-image\"> <a href=\"https:\/\/tenerife-trips.com\/wp-content\/uploads\/2019\/12\/MHT-Teneryfa-thegem-gallery-sidebar.jpg\" data-fancybox-group=\"gallery-69e34431167ee\" data-full-image-url=\"https:\/\/tenerife-trips.com\/wp-content\/uploads\/2019\/12\/MHT-Teneryfa.jpg\"> <svg width=\"20\" height=\"10\"><path d=\"M 0,10 Q 9,9 10,0 Q 11,9 20,10\" \/><\/svg> <img src=\"https:\/\/tenerife-trips.com\/wp-content\/uploads\/2019\/12\/MHT-Teneryfa-thegem-post-thumb-small.jpg\" alt=\"MHT Teneryfa\" class=\"img-responsive\"> <span class=\"gem-gallery-caption slide-info\"> <\/span> <\/a> <span class=\"gem-gallery-line\"><\/span> <\/div> <\/div> <div class=\"gem-gallery-item\"> <div class=\"gem-gallery-item-image\"> <a href=\"https:\/\/tenerife-trips.com\/wp-content\/uploads\/2019\/12\/MHT-2-thegem-gallery-sidebar.png\" data-fancybox-group=\"gallery-69e34431167ee\" data-full-image-url=\"https:\/\/tenerife-trips.com\/wp-content\/uploads\/2019\/12\/MHT-2.png\"> <svg width=\"20\" height=\"10\"><path d=\"M 0,10 Q 9,9 10,0 Q 11,9 20,10\" \/><\/svg> <img src=\"https:\/\/tenerife-trips.com\/wp-content\/uploads\/2019\/12\/MHT-2-thegem-post-thumb-small.png\" alt=\"\" class=\"img-responsive\"> <span class=\"gem-gallery-caption slide-info\"> <\/span> <\/a> <span class=\"gem-gallery-line\"><\/span> <\/div> <\/div> <div class=\"gem-gallery-item\"> <div class=\"gem-gallery-item-image\"> <a href=\"https:\/\/tenerife-trips.com\/wp-content\/uploads\/2019\/12\/MHT-thegem-gallery-sidebar.png\" data-fancybox-group=\"gallery-69e34431167ee\" data-full-image-url=\"https:\/\/tenerife-trips.com\/wp-content\/uploads\/2019\/12\/MHT.png\"> <svg width=\"20\" height=\"10\"><path d=\"M 0,10 Q 9,9 10,0 Q 11,9 20,10\" \/><\/svg> <img src=\"https:\/\/tenerife-trips.com\/wp-content\/uploads\/2019\/12\/MHT-thegem-post-thumb-small.png\" alt=\"\" class=\"img-responsive\"> <span class=\"gem-gallery-caption slide-info\"> <\/span> <\/a> <span class=\"gem-gallery-line\"><\/span> <\/div> <\/div> <\/div>[vc_empty_space][\/vc_column][\/vc_row][vc_row full_width=&#8221;stretch_row&#8221; css=&#8221;.vc_custom_1577669794647{background-color: #312c7a !important;background-position: center !important;background-repeat: no-repeat !important;background-size: cover !important;}&#8221;][vc_column][vc_column_text css=&#8221;.vc_custom_1610120507078{background-position: center !important;background-repeat: no-repeat !important;background-size: cover !important;}&#8221; css_animation=&#8221;fadeIn&#8221;]<\/p>\n<h3 class=\"title-h2\" style=\"text-align: center;\"><span style=\"font-size: 18pt; color: #ffffff;\">BESCHREIBUNG<\/span><\/h3>\n<p>[\/vc_column_text][\/vc_column][\/vc_row][vc_row][vc_column][vc_tta_accordion style=&#8221;simple_solid&#8221; color=&#8221;blue&#8221; c_icon=&#8221;chevron&#8221; active_section=&#8221;0&#8243; collapsible_all=&#8221;true&#8221;][vc_tta_section title=&#8221;ERKL\u00c4RUNG DER SHOW&#8221; tab_id=&#8221;1577669752813-9df83b3e-350fd056-84c10863-b678&#8243;][vc_column_text css=&#8221;&#8221;]<\/p>\n<div id=\"pl-2135\" class=\"panel-layout\">\n<div id=\"pg-2135-0\" class=\"panel-grid panel-no-style\">\n<div id=\"pgc-2135-0-0\" class=\"panel-grid-cell\" data-weight=\"1\">\n<div id=\"panel-2135-0-0-0\" class=\"so-panel widget widget_sow-editor panel-first-child panel-last-child\" data-style=\"{&quot;background_display&quot;:&quot;tile&quot;,&quot;featured_widgets&quot;:&quot;&quot;}\" data-index=\"0\">\n<div class=\"so-widget-sow-editor so-widget-sow-editor-base\">\n<div class=\"siteorigin-widget-tinymce textwidget\">\n<h3><span style=\"font-size: 12pt;\">KURZ MHT TENERIFFA IST EINE BER\u00dcHMTE COMEDY DRAG DINNER SHOW; EINE WUNDERBARE NACHT MIT GLITZERNDEN KOST\u00dcMEN UND LUSTIGEM GEL\u00c4CHTER, GEEIGNET F\u00dcR JEDE ART VON MENSCHEN UND FAMILIEN.<\/span><\/h3>\n<p>Die Show bietet eine hochkar\u00e4tige Besetzung von Charakteren, die die ganze Nacht tanzen und singen! Dabei bietet sie eine sensationelle Farb- und Lichtvielfalt.<\/p>\n<h6><span style=\"font-size: 12pt;\">TENERIFFA IST SICHER NICHT NUR EIN ORT, UM AM STRAND ZU LIEGEN UND SICH ZU SONNEN. DAS ANGEBOT AN UNTERHALTUNG IST ZIEMLICH GUT UND ES GIBT <a href=\"https:\/\/www.tenerife-trips.com\/shows-auf-teneriffa\/?lang=de\" target=\"_blank\" rel=\"noopener\">MEHRERE SHOWS<\/a>, DIE SIE W\u00c4HREND IHRES BESUCHS HIER SEHEN K\u00d6NNEN; VOR ALLEM MHT TENERIFFA, EINE PERFEKTE VERANSTALTUNG ZUM TEILEN MIT IHREM PARTNER, DER FAMILIE ODER FREUNDEN ZUM ENTSPANNEN UND LACHEN.<\/span><\/h6>\n<p>Also f\u00fcr Leute, die es nicht wissen, eine <a href=\"https:\/\/de.wikipedia.org\/wiki\/Dragqueen\" target=\"_blank\" rel=\"noopener\">Drag Queen<\/a> ist einfach eine Person, die sich sehr feminin kleidet, um zu unterhalten; zum Beispiel ist das Make-up \u00fcbertrieben sowie die Art, mit extremer Weiblichkeit zu agieren. Um es zusammenzufassen, die Charaktere von MHT Teneriffa tanzen, singen und spielen; au\u00dferdem interagieren sie mit den Zuschauern, was die Nacht sehr lustig und angenehm macht; die gesprochene Sprache ist Englisch, damit die Auff\u00fchrung ein gro\u00dfes Publikum erreichen kann.<\/p>\n<h6><span style=\"font-size: 12pt;\">W\u00e4hrend der Show k\u00f6nnen die Leute ein sch\u00f6nes Abendessen genie\u00dfen, das im Preis inbegriffen ist.<\/span><\/h6>\n<p><strong>Abendessen MHT Teneriffa:<\/strong><\/p>\n<\/div>\n<div class=\"siteorigin-widget-tinymce textwidget\">\n<p>&#8211; Vorspeise: hausgemachte Gem\u00fcsesuppe der Saison.<br \/>\n&#8211; Hauptgericht: Truthahnbraten serviert mit Kartoffelp\u00fcree, Gem\u00fcse der Saison, Bratkartoffeln, Yorkshire Pudding und So\u00dfe.<br \/>\n&#8211; Nachtisch: Viennetta-Eis.<br \/>\n&#8211; Vegetarisches Hauptgericht: Vegetarischer panierter Bohnen-Burger<br \/>\n&#8211; Hauptgericht f\u00fcr Kinder: Chicken Nuggets und Pommes oder Truthahnbraten.<\/p>\n<p><b><strong>Weitere wichtige Informationen<\/strong><\/b><\/p>\n<p>Wir sind eine familienfreundliche Comedy-Drag-Show. Die Sprache der Show ist Englisch.<\/p>\n<p>Sie m\u00fcssen die Eintrittskarte mitbringen.<\/p>\n<p>Bitte teilen Sie uns mit, ob Sie ein vegetarisches Essen w\u00fcnschen oder ob Sie andere Di\u00e4tvorschriften \/ Allergien haben.<\/p>\n<\/div>\n<\/div>\n<\/div>\n<\/div>\n<\/div>\n<\/div>\n<p>[\/vc_column_text][\/vc_tta_section][vc_tta_section title=&#8221;ZEITPLAN UND ABHOLSERVICE&#8221; tab_id=&#8221;1577669752866-707b0c8d-67a8d056-84c10863-b678&#8243;][vc_column_text css=&#8221;&#8221;]<strong>F\u00fcr diese Veranstaltung gibt es keinen Abholservice; Sie mussen zur <a href=\"https:\/\/maps.app.goo.gl\/TzPsqyitSzhvAo2d9\" target=\"_blank\" rel=\"noopener\">Vivo Bar<\/a> in Playa de Las Americas kommen.<br \/>\n<\/strong><\/p>\n<p><span style=\"text-decoration: underline;\"><span style=\"color: #ff0000; text-decoration: underline;\">ZEITPLAN:<\/span><\/span><\/p>\n<p>Bitte erkundigen Sie sich bei unserem Kundenservice, an welchen Tagen Sie die Show sehen k\u00f6nnen. Sie findet in der <a href=\"https:\/\/maps.app.goo.gl\/TzPsqyitSzhvAo2d9\" target=\"_blank\" rel=\"noopener\">Vivo Bar<\/a> in Playa de Las Americas statt.<\/p>\n<p><b><strong>Ungef\u00e4hre Uhrzeiten<\/strong><\/b><\/p>\n<p>T\u00fcren \u00f6ffnen 19.00<\/p>\n<p>MHT-Vorstellung 19.30<\/p>\n<p>Mahlzeit wird serviert 19.50<\/p>\n<p>MHT Hauptvorstellung 20.50<\/p>\n<p>Ende der Show 23.00 Uhr (einschlie\u00dflich 20 Minuten Pause)[\/vc_column_text][\/vc_tta_section][\/vc_tta_accordion][\/vc_column][\/vc_row][vc_row full_width=&#8221;stretch_row_content&#8221; css=&#8221;.vc_custom_1577474711662{background-color: #312c7a !important;background-position: center !important;background-repeat: no-repeat !important;background-size: cover !important;}&#8221;][vc_column][vc_column_text css=&#8221;.vc_custom_1610146191001{background-position: center !important;background-repeat: no-repeat !important;background-size: cover !important;}&#8221; css_animation=&#8221;fadeIn&#8221;]<\/p>\n<p class=\"title-h2\" style=\"text-align: center;\"><span style=\"color: #ffffff; font-size: 18pt;\">BUCHEN SIE JETZT<\/span><\/p>\n<p>[\/vc_column_text][vc_empty_space height=&#8221;10&#8243;][\/vc_column][\/vc_row]<\/p>\n<\/div>","protected":false},"excerpt":{"rendered":"<p>[vc_row full_width=&#8221;stretch_row_content_no_spaces&#8221;][vc_column][vc_column_text css=&#8221;.vc_custom_1743521680787{background-color: #F6EB14 !important;background-position: center !important;background-repeat: no-repeat !important;background-size: cover !important;}&#8221; css_animation=&#8221;fadeIn&#8221;] MHT [\/vc_column_text][\/vc_column][\/vc_row][vc_row][vc_column][vc_column_text] MHT Teneriffa ist eine ber\u00fchmte Comedy&#8230;<\/p>\n","protected":false},"featured_media":333935,"template":"","meta":{"_acf_changed":false,"_seopress_robots_primary_cat":"none","_seopress_titles_title":"MHT Teneriffa, genie\u00dfen Sie die ber\u00fchmte Comedy Drag Show","_seopress_titles_desc":"MHT Teneriffa, die ber\u00fchmte Comedy Drag Dinner Show. Eine wunderbare Nacht mit glitzernden Kost\u00fcmen, Gel\u00e4chter und erstklassigen Charakteren","_seopress_robots_index":""},"product_brand":[],"product_cat":[2773],"product_tag":[2864,2865],"class_list":{"0":"post-333744","1":"product","2":"type-product","3":"status-publish","4":"has-post-thumbnail","6":"product_cat-shows","7":"product_tag-mht-teneriffa","8":"product_tag-show-teneriffa","10":"first","11":"instock","12":"virtual","13":"sold-individually","14":"taxable","15":"purchasable","16":"product-type-booking"},"booking_location":"","booking_location_type":"","booking_duration":1,"booking_duration_unit":"day","booking_buffer":0,"booking_cost":0,"booking_resources":[],"acf":[],"_links":{"self":[{"href":"https:\/\/tenerife-trips.com\/de\/wp-json\/wp\/v2\/product\/333744","targetHints":{"allow":["GET"]}}],"collection":[{"href":"https:\/\/tenerife-trips.com\/de\/wp-json\/wp\/v2\/product"}],"about":[{"href":"https:\/\/tenerife-trips.com\/de\/wp-json\/wp\/v2\/types\/product"}],"wp:featuredmedia":[{"embeddable":true,"href":"https:\/\/tenerife-trips.com\/de\/wp-json\/wp\/v2\/media\/333935"}],"wp:attachment":[{"href":"https:\/\/tenerife-trips.com\/de\/wp-json\/wp\/v2\/media?parent=333744"}],"wp:term":[{"taxonomy":"product_brand","embeddable":true,"href":"https:\/\/tenerife-trips.com\/de\/wp-json\/wp\/v2\/product_brand?post=333744"},{"taxonomy":"product_cat","embeddable":true,"href":"https:\/\/tenerife-trips.com\/de\/wp-json\/wp\/v2\/product_cat?post=333744"},{"taxonomy":"product_tag","embeddable":true,"href":"https:\/\/tenerife-trips.com\/de\/wp-json\/wp\/v2\/product_tag?post=333744"}],"curies":[{"name":"wp","href":"https:\/\/api.w.org\/{rel}","templated":true}]}}