{"id":339638,"date":"2018-04-03T17:08:41","date_gmt":"2018-04-03T16:08:41","guid":{"rendered":"https:\/\/tenerife-trips.com\/?post_type=product&#038;p=339638"},"modified":"2025-12-03T11:44:02","modified_gmt":"2025-12-03T11:44:02","slug":"siam-und-loro-parks-teneriffa","status":"publish","type":"product","link":"https:\/\/tenerife-trips.com\/de\/product\/themenparks\/siam-und-loro-parks-teneriffa\/","title":{"rendered":"TWIN TICKET LORO+SIAM"},"content":{"rendered":"<div class=\"wpb-content-wrapper\"><p>[vc_row full_width=&#8221;stretch_row_content_no_spaces&#8221;][vc_column][vc_column_text css=&#8221;.vc_custom_1743290070228{background-color: #F6EB14 !important;background-position: center !important;background-repeat: no-repeat !important;background-size: cover !important;}&#8221; css_animation=&#8221;fadeIn&#8221;]<\/p>\n<h1 class=\"title-h2\" style=\"text-align: center;\"><span style=\"font-size: 18pt; color: #312c7a;\">TWIN TICKET<\/span><\/h1>\n<p>[\/vc_column_text][\/vc_column][\/vc_row][vc_row][vc_column][vc_column_text]<\/p>\n<p style=\"text-align: center;\"><span style=\"font-size: 14pt; color: #000080;\">Wenn Sie das Twin Ticket f\u00fcr die Siam und Loro Parks Teneriffa kaufen, erhalten Sie einen Rabatt auf den Gesamtpreis. Falls Sie einen Transport zum Loro Parque ben\u00f6tigen, kontaktieren Sie uns; sagen Sie uns, an welchem Tag Sie in den Park gehen m\u00f6chten und von wo Sie abgeholt werden m\u00fcssen.<\/span><\/p>\n<p style=\"text-decoration: underline; text-align: center;\"><span style=\"font-size: 14pt; color: #312c7a; text-decoration: underline;\"><strong>\u21d3 Siehe weitere Beschreibung unten \u21d3<\/strong><\/span><\/p>\n<p>[\/vc_column_text][\/vc_column][\/vc_row][vc_row full_width=&#8221;stretch_row_content&#8221; full_height=&#8221;yes&#8221; css=&#8221;.vc_custom_1576192123211{background-color: #312c7a !important;background-position: center !important;background-repeat: no-repeat !important;background-size: cover !important;}&#8221;][vc_column]<div class=\"gem-vimeo gem-wrapbox gem-wrapbox-style-no-style rounded-corners gem-wrapbox-position-below\" style=\"width: 100%;\"><div class=\"gem-wrapbox-inner gem-ratio-style\" style=\"padding-top: 56.25%\"><iframe webkitallowfullscreen=\"true\" mozallowfullscreen=\"true\" allowfullscreen=\"true\" class=\"gem-wrapbox-element img-responsive\" frameborder=\"0\" scrolling=\"no\" marginheight=\"0\" marginwidth=\"0\" src=\"\/\/player.vimeo.com\/video\/328641209?title=0&amp;byline=0&amp;portrait=0 \"><\/iframe><\/div><\/div>[vc_empty_space]<div class=\"preloader\"><div class=\"preloader-spin\"><\/div><\/div> <div id=\"gem-gallery-69dea41aa0f61\" class=\"gem-gallery gem-gallery-hover-zooming-blur\"> <div class=\"gem-gallery-item\"> <div class=\"gem-gallery-item-image\"> <a href=\"https:\/\/tenerife-trips.com\/wp-content\/uploads\/2019\/12\/4-7-thegem-gallery-sidebar.jpg\" data-fancybox-group=\"gallery-69dea41aa0f61\" data-full-image-url=\"https:\/\/tenerife-trips.com\/wp-content\/uploads\/2019\/12\/4-7.jpg\"> <svg width=\"20\" height=\"10\"><path d=\"M 0,10 Q 9,9 10,0 Q 11,9 20,10\" \/><\/svg> <img src=\"https:\/\/tenerife-trips.com\/wp-content\/uploads\/2019\/12\/4-7-thegem-post-thumb-small.jpg\" alt=\"siam park\" class=\"img-responsive\"> <span class=\"gem-gallery-caption slide-info\"> <\/span> <\/a> <span class=\"gem-gallery-line\"><\/span> <\/div> <\/div> <div class=\"gem-gallery-item\"> <div class=\"gem-gallery-item-image\"> <a href=\"https:\/\/tenerife-trips.com\/wp-content\/uploads\/2019\/12\/3-7-thegem-gallery-sidebar.jpg\" data-fancybox-group=\"gallery-69dea41aa0f61\" data-full-image-url=\"https:\/\/tenerife-trips.com\/wp-content\/uploads\/2019\/12\/3-7.jpg\"> <svg width=\"20\" height=\"10\"><path d=\"M 0,10 Q 9,9 10,0 Q 11,9 20,10\" \/><\/svg> <img src=\"https:\/\/tenerife-trips.com\/wp-content\/uploads\/2019\/12\/3-7-thegem-post-thumb-small.jpg\" alt=\"siam park\" class=\"img-responsive\"> <span class=\"gem-gallery-caption slide-info\"> <\/span> <\/a> <span class=\"gem-gallery-line\"><\/span> <\/div> <\/div> <div class=\"gem-gallery-item\"> <div class=\"gem-gallery-item-image\"> <a href=\"https:\/\/tenerife-trips.com\/wp-content\/uploads\/2019\/12\/1-11-thegem-gallery-sidebar.jpg\" data-fancybox-group=\"gallery-69dea41aa0f61\" data-full-image-url=\"https:\/\/tenerife-trips.com\/wp-content\/uploads\/2019\/12\/1-11.jpg\"> <svg width=\"20\" height=\"10\"><path d=\"M 0,10 Q 9,9 10,0 Q 11,9 20,10\" \/><\/svg> <img src=\"https:\/\/tenerife-trips.com\/wp-content\/uploads\/2019\/12\/1-11-thegem-post-thumb-small.jpg\" alt=\"entradas Loro Parque y Siam Park\" class=\"img-responsive\"> <span class=\"gem-gallery-caption slide-info\"> <\/span> <\/a> <span class=\"gem-gallery-line\"><\/span> <\/div> <\/div> <div class=\"gem-gallery-item\"> <div class=\"gem-gallery-item-image\"> <a href=\"https:\/\/tenerife-trips.com\/wp-content\/uploads\/2019\/12\/6-4-thegem-gallery-sidebar.jpg\" data-fancybox-group=\"gallery-69dea41aa0f61\" data-full-image-url=\"https:\/\/tenerife-trips.com\/wp-content\/uploads\/2019\/12\/6-4.jpg\"> <svg width=\"20\" height=\"10\"><path d=\"M 0,10 Q 9,9 10,0 Q 11,9 20,10\" \/><\/svg> <img src=\"https:\/\/tenerife-trips.com\/wp-content\/uploads\/2019\/12\/6-4-thegem-post-thumb-small.jpg\" alt=\"Twin Ticket Tenerife\" class=\"img-responsive\"> <span class=\"gem-gallery-caption slide-info\"> <\/span> <\/a> <span class=\"gem-gallery-line\"><\/span> <\/div> <\/div> <div class=\"gem-gallery-item\"> <div class=\"gem-gallery-item-image\"> <a href=\"https:\/\/tenerife-trips.com\/wp-content\/uploads\/2019\/12\/7-thegem-gallery-sidebar.jpg\" data-fancybox-group=\"gallery-69dea41aa0f61\" data-full-image-url=\"https:\/\/tenerife-trips.com\/wp-content\/uploads\/2019\/12\/7.jpg\"> <svg width=\"20\" height=\"10\"><path d=\"M 0,10 Q 9,9 10,0 Q 11,9 20,10\" \/><\/svg> <img src=\"https:\/\/tenerife-trips.com\/wp-content\/uploads\/2019\/12\/7-thegem-post-thumb-small.jpg\" alt=\"loro parque\" class=\"img-responsive\"> <span class=\"gem-gallery-caption slide-info\"> <\/span> <\/a> <span class=\"gem-gallery-line\"><\/span> <\/div> <\/div> <div class=\"gem-gallery-item\"> <div class=\"gem-gallery-item-image\"> <a href=\"https:\/\/tenerife-trips.com\/wp-content\/uploads\/2019\/12\/2-7-thegem-gallery-sidebar.jpg\" data-fancybox-group=\"gallery-69dea41aa0f61\" data-full-image-url=\"https:\/\/tenerife-trips.com\/wp-content\/uploads\/2019\/12\/2-7.jpg\"> <svg width=\"20\" height=\"10\"><path d=\"M 0,10 Q 9,9 10,0 Q 11,9 20,10\" \/><\/svg> <img src=\"https:\/\/tenerife-trips.com\/wp-content\/uploads\/2019\/12\/2-7-thegem-post-thumb-small.jpg\" alt=\"Tenerife zoo\" class=\"img-responsive\"> <span class=\"gem-gallery-caption slide-info\"> <\/span> <\/a> <span class=\"gem-gallery-line\"><\/span> <\/div> <\/div> <div class=\"gem-gallery-item\"> <div class=\"gem-gallery-item-image\"> <a href=\"https:\/\/tenerife-trips.com\/wp-content\/uploads\/2019\/12\/4-6-thegem-gallery-sidebar.jpg\" data-fancybox-group=\"gallery-69dea41aa0f61\" data-full-image-url=\"https:\/\/tenerife-trips.com\/wp-content\/uploads\/2019\/12\/4-6.jpg\"> <svg width=\"20\" height=\"10\"><path d=\"M 0,10 Q 9,9 10,0 Q 11,9 20,10\" \/><\/svg> <img src=\"https:\/\/tenerife-trips.com\/wp-content\/uploads\/2019\/12\/4-6-thegem-post-thumb-small.jpg\" alt=\"Twin Ticket Tenerife\" class=\"img-responsive\"> <span class=\"gem-gallery-caption slide-info\"> <\/span> <\/a> <span class=\"gem-gallery-line\"><\/span> <\/div> <\/div> <div class=\"gem-gallery-item\"> <div class=\"gem-gallery-item-image\"> <a href=\"https:\/\/tenerife-trips.com\/wp-content\/uploads\/2019\/12\/6-7-thegem-gallery-sidebar.jpg\" data-fancybox-group=\"gallery-69dea41aa0f61\" data-full-image-url=\"https:\/\/tenerife-trips.com\/wp-content\/uploads\/2019\/12\/6-7.jpg\"> <svg width=\"20\" height=\"10\"><path d=\"M 0,10 Q 9,9 10,0 Q 11,9 20,10\" \/><\/svg> <img src=\"https:\/\/tenerife-trips.com\/wp-content\/uploads\/2019\/12\/6-7-thegem-post-thumb-small.jpg\" alt=\"entradas Loro Parque y Siam Park\" class=\"img-responsive\"> <span class=\"gem-gallery-caption slide-info\"> <\/span> <\/a> <span class=\"gem-gallery-line\"><\/span> <\/div> <\/div> <\/div>[vc_empty_space][\/vc_column][\/vc_row][vc_row full_width=&#8221;stretch_row&#8221; content_placement=&#8221;middle&#8221; css=&#8221;.vc_custom_1577675790654{background-color: #312c7a !important;background-position: center !important;background-repeat: no-repeat !important;background-size: cover !important;}&#8221;][vc_column][vc_column_text]<\/p>\n<h3 style=\"text-align: center;\"><span style=\"color: #ffffff; font-size: 18pt;\">BESCHREIBUNG<\/span><\/h3>\n<p>[\/vc_column_text][\/vc_column][\/vc_row][vc_row full_width=&#8221;stretch_row&#8221; content_placement=&#8221;middle&#8221; css=&#8221;.vc_custom_1577675869351{background-position: center !important;background-repeat: no-repeat !important;background-size: cover !important;}&#8221;][vc_column][vc_tta_accordion style=&#8221;simple_solid&#8221; color=&#8221;blue&#8221; c_icon=&#8221;chevron&#8221; active_section=&#8221;-0&#8243; css_animation=&#8221;fadeIn&#8221; no_fill=&#8221;true&#8221; collapsible_all=&#8221;true&#8221; css=&#8221;.vc_custom_1577021524719{background-position: center !important;background-repeat: no-repeat !important;background-size: cover !important;}&#8221;][vc_tta_section title=&#8221;INFORMATIONEN ZU DEN PARKS&#8221; tab_id=&#8221;1577675838964-090c299a-c0fdcd80-3fa2&#8243;][vc_column_text]<\/p>\n<h3><span style=\"font-size: 12pt;\">BEIM KAUF DES TWIN-TICKETS F\u00dcR SIAM UND LORO PARKS TENERIFFA ERHALTEN SIE EINEN RABATT AUF DEN GESAMTPREIS!<\/span><\/h3>\n<p><span style=\"font-size: 14pt; color: #ff0000;\">Falls Sie einen Transport zum Loro Parque ben\u00f6tigen, kontaktieren Sie uns; sagen Sie uns, an welchem \u200b\u200bTag Sie in den Park gehen m\u00f6chten und von wo Sie abgeholt werden m\u00fcssen.<\/span><\/p>\n<p><span style=\"font-size: 14pt;\">Das Twin Ticket f\u00fcr Siam und Loro Parks Teneriffa ist die beste Wahl, um Ihren Urlaub in vollen Z\u00fcgen zu genie\u00dfen; Siam Park hat viele Attraktionen und ist f\u00fcr alle geeignet, Kinder und Erwachsene; zum Beispiel k\u00f6nnen die jungen in \u201eThe Lost City\u201c spielen; dies ist ein Kinderbereich mit T\u00fcrmen, Br\u00fccken, Netzen, Kaskaden und Wasserrutschen. Auf der anderen Seite k\u00f6nnen Adrenalinsuchende auf den \u201eTower of Power\u201c gehen; auf dieser Rutsche k\u00f6nnen Sie 80 km\/h erreichen und durch ein Aquarium mit Haien und Rochen gleiten.<\/span><\/p>\n<p><span style=\"font-size: 14pt;\">Im Loro Parque finden Sie viele Arten von S\u00e4ugetieren, V\u00f6geln, Fischen und Reptilien; au\u00dferdem k\u00f6nnen Sie mehrmals t\u00e4glich fantastische Shows mit <a href=\"https:\/\/de.wikipedia.org\/wiki\/Schwertwal\" target=\"_blank\" rel=\"noopener\">Orcas<\/a>, Delfinen, Seel\u00f6wen und V\u00f6geln sehen. Dar\u00fcber hinaus hat der Park verschiedene Rekorde aufgestellt, zum Beispiel ist das Delphin-Showbecken das gr\u00f6\u00dfte in Europa; ein anderer ist der Unterwassertunnel, der mit Haien und anderen Fischen durch das Aquarium f\u00fchrt; dies ist die l\u00e4ngste auf dem alten Kontinent.<\/span><\/p>\n<h6><span style=\"font-size: 14pt; color: #ff0000;\"><span style=\"text-decoration: underline;\">SEHR WICHTIG:<\/span> KONTAKTIEREN SIE UNS, BEVOR SIE DIE BUCHUNG ABSCHLIESSEN; SAGEN SIE UNS, WANN SIE IN DIE PARKS GEHEN M\u00d6CHTEN; WIR BRAUCHEN NUR KURZE ZEIT, UM IHNEN DAS TWIN-TICKET ZUSENDEN; ES IST NICHT ERFORDERLICH, DAS TICKET AUSZUDRUCKEN, Sie k\u00f6nnen es auf Ihrem Handy zeigen; Der Siam Park ist t\u00e4glich von 10:00 bis 17:00 Uhr ge\u00f6ffnet; Der Loro Parque ist t\u00e4glich von 09:30 bis 17:30 Uhr ge\u00f6ffnet.<\/span><\/h6>\n<p><span style=\"font-size: 14pt;\">Sie haben also ein Ticket f\u00fcr zwei Parks; daher erhalten Sie am Eingang des ersten Parks, in den Sie gehen, das Ticket f\u00fcr den anderen. Wenn Sie das Ticket mit Transport zum Loro Parque gekauft haben und zuerst zum Siam Park fahren, denken Sie daran, die Abholzeit und den Ort des Busses zum Loro Parque zu notieren; dies steht auf dem Twin-Ticket, aber Sie m\u00fcssen es am Eingang des Siam Parks abgeben.<\/span><\/p>\n<p><span style=\"font-size: 14pt;\">Abschlie\u00dfend m\u00fcssen Sie bei der Buchung auch die Anzahl der kostenfreien Babys ausw\u00e4hlen, falls vorhanden. Im Moment ist die Kapazit\u00e4t in den Parks begrenzt, sodass Sie f\u00fcr jeden Park einen bestimmten Tag ausw\u00e4hlen und reservieren m\u00fcssen. Vor der Buchung m\u00fcssen Sie uns kontaktieren und uns mitteilen, wann Sie die Parks besuchen m\u00f6chten.<\/span>[\/vc_column_text][\/vc_tta_section][vc_tta_section title=&#8221;ZEITPLAN &amp; ABHOLSERVICE&#8221; tab_id=&#8221;1577675839018-334de149-dceecd80-3fa2&#8243;][vc_column_text]<span style=\"text-decoration: underline; font-size: 14pt;\"><span style=\"color: #ff0000; text-decoration: underline;\">ZEITPLAN SIAM PARK:<\/span><\/span><\/p>\n<p><span style=\"font-size: 14pt; color: #000080;\">Der Siam Park ist t\u00e4glich von 10:00 bis 17:00 Uhr ge\u00f6ffnet.<\/span><\/p>\n<p><span style=\"text-decoration: underline; color: #ff0000; font-size: 14pt;\">ZEITPLAN LORO PARQUE:<\/span><\/p>\n<p><span style=\"font-size: 14pt;\">Der Loro Parque ist t\u00e4glich von 9:30 bis 17:30 Uhr ge\u00f6ffnet.<\/span><\/p>\n<p><span style=\"color: #312c7a; font-size: 14pt;\">F\u00fcr den Transport zum Loro Parque empfehlen wir Ihnen, sich mit uns in Verbindung zu setzen und die Verf\u00fcgbarkeit in Ihrer N\u00e4he zu pr\u00fcfen.<\/span><\/p>\n<p><span style=\"color: #312c7a; font-size: 14pt;\"><strong>Sehen Sie sich das Video an, machen Sie sich ein Bild davon und buchen Sie es jetzt!<\/strong><\/span>[\/vc_column_text][\/vc_tta_section][\/vc_tta_accordion][\/vc_column][\/vc_row][vc_row full_width=&#8221;stretch_row_content&#8221; content_placement=&#8221;middle&#8221; css=&#8221;.vc_custom_1576709624172{background-color: #312c7a !important;background-position: center !important;background-repeat: no-repeat !important;background-size: cover !important;}&#8221;][vc_column][vc_column_text]<\/p>\n<h3 style=\"text-align: center;\"><strong><span style=\"color: #ffffff; font-size: 18pt;\">BUCHEN SIE JETZT<\/span><\/strong><\/h3>\n<p>[\/vc_column_text][\/vc_column][\/vc_row]<\/p>\n<\/div>","protected":false},"excerpt":{"rendered":"<p>[vc_row full_width=&#8221;stretch_row_content_no_spaces&#8221;][vc_column][vc_column_text css=&#8221;.vc_custom_1743290070228{background-color: #F6EB14 !important;background-position: center !important;background-repeat: no-repeat !important;background-size: cover !important;}&#8221; css_animation=&#8221;fadeIn&#8221;] TWIN TICKET [\/vc_column_text][\/vc_column][\/vc_row][vc_row][vc_column][vc_column_text] Wenn Sie das Twin Ticket&#8230;<\/p>\n","protected":false},"featured_media":339680,"template":"","meta":{"_acf_changed":false,"_seopress_robots_primary_cat":"2774","_seopress_titles_title":"Siam und Loro Parks Teneriffa, einfache Online-Buchung","_seopress_titles_desc":"Twin Ticket f\u00fcr die Siam und Loro Parks Teneriffa, besuchen Sie den besten Wasserpark und zoologischen Park der Welt. Buchen Sie jetzt online","_seopress_robots_index":""},"product_brand":[],"product_cat":[2774],"product_tag":[2866],"class_list":{"0":"post-339638","1":"product","2":"type-product","3":"status-publish","4":"has-post-thumbnail","6":"product_cat-themenparks","7":"product_tag-siam-und-loro-park-teneriffa","9":"first","10":"instock","11":"virtual","12":"sold-individually","13":"taxable","14":"purchasable","15":"product-type-booking"},"booking_location":"","booking_location_type":"","booking_duration":1,"booking_duration_unit":"day","booking_buffer":0,"booking_cost":0,"booking_resources":[],"acf":[],"_links":{"self":[{"href":"https:\/\/tenerife-trips.com\/de\/wp-json\/wp\/v2\/product\/339638","targetHints":{"allow":["GET"]}}],"collection":[{"href":"https:\/\/tenerife-trips.com\/de\/wp-json\/wp\/v2\/product"}],"about":[{"href":"https:\/\/tenerife-trips.com\/de\/wp-json\/wp\/v2\/types\/product"}],"wp:featuredmedia":[{"embeddable":true,"href":"https:\/\/tenerife-trips.com\/de\/wp-json\/wp\/v2\/media\/339680"}],"wp:attachment":[{"href":"https:\/\/tenerife-trips.com\/de\/wp-json\/wp\/v2\/media?parent=339638"}],"wp:term":[{"taxonomy":"product_brand","embeddable":true,"href":"https:\/\/tenerife-trips.com\/de\/wp-json\/wp\/v2\/product_brand?post=339638"},{"taxonomy":"product_cat","embeddable":true,"href":"https:\/\/tenerife-trips.com\/de\/wp-json\/wp\/v2\/product_cat?post=339638"},{"taxonomy":"product_tag","embeddable":true,"href":"https:\/\/tenerife-trips.com\/de\/wp-json\/wp\/v2\/product_tag?post=339638"}],"curies":[{"name":"wp","href":"https:\/\/api.w.org\/{rel}","templated":true}]}}