{"id":347908,"date":"2019-03-11T17:23:35","date_gmt":"2019-03-11T17:23:35","guid":{"rendered":"https:\/\/tenerife-trips.com\/?post_type=product&#038;p=347908"},"modified":"2025-12-03T11:41:20","modified_gmt":"2025-12-03T11:41:20","slug":"flamenco-show-auf-teneriffa","status":"publish","type":"product","link":"https:\/\/tenerife-trips.com\/de\/product\/shows\/flamenco-show-auf-teneriffa\/","title":{"rendered":"FLAMENCO"},"content":{"rendered":"<div class=\"wpb-content-wrapper\"><p>[vc_row full_width=&#8221;stretch_row_content_no_spaces&#8221;][vc_column][vc_column_text css=&#8221;.vc_custom_1743520254221{background-color: #F6EB14 !important;background-position: center !important;background-repeat: no-repeat !important;background-size: cover !important;}&#8221; css_animation=&#8221;fadeIn&#8221;]<\/p>\n<h1 class=\"title-h2\" style=\"text-align: center;\"><span style=\"font-size: 18pt; color: #312c7a;\">FLAMENCO<\/span><\/h1>\n<p>[\/vc_column_text][\/vc_column][\/vc_row][vc_row][vc_column][vc_column_text]<\/p>\n<p style=\"text-align: center;\">Die Flamenco-Show auf Teneriffa ist eine der besten Unterhaltungen der Insel; es findet in Castillo San Miguel in der Gegend von Aldea Blanca statt.<\/p>\n<p style=\"text-decoration: underline; text-align: center;\"><span style=\"font-size: 14pt; color: #312c7a;\"><strong>\u21d3 Siehe weitere Beschreibung unten \u21d3<\/strong><\/span><\/p>\n<p>[\/vc_column_text][\/vc_column][\/vc_row][vc_row full_width=&#8221;stretch_row_content&#8221; full_height=&#8221;yes&#8221; css=&#8221;.vc_custom_1576192123211{background-color: #312c7a !important;background-position: center !important;background-repeat: no-repeat !important;background-size: cover !important;}&#8221;][vc_column][vc_empty_space]<div class=\"preloader\"><div class=\"preloader-spin\"><\/div><\/div> <div id=\"gem-gallery-69e9901c5c3ce\" class=\"gem-gallery gem-gallery-hover-zooming-blur\"> <div class=\"gem-gallery-item\"> <div class=\"gem-gallery-item-image\"> <a href=\"https:\/\/tenerife-trips.com\/wp-content\/uploads\/2019\/03\/flamenco-Teneryfa.png\" data-fancybox-group=\"gallery-69e9901c5c3ce\" data-full-image-url=\"https:\/\/tenerife-trips.com\/wp-content\/uploads\/2019\/03\/flamenco-Teneryfa.png\"> <svg width=\"20\" height=\"10\"><path d=\"M 0,10 Q 9,9 10,0 Q 11,9 20,10\" \/><\/svg> <img src=\"https:\/\/tenerife-trips.com\/wp-content\/uploads\/2019\/03\/flamenco-Teneryfa-thegem-post-thumb-small.png\" alt=\"flamenco Teneryfa\" class=\"img-responsive\"> <span class=\"gem-gallery-caption slide-info\"> <\/span> <\/a> <span class=\"gem-gallery-line\"><\/span> <\/div> <\/div> <div class=\"gem-gallery-item\"> <div class=\"gem-gallery-item-image\"> <a href=\"https:\/\/tenerife-trips.com\/wp-content\/uploads\/2022\/03\/Flamenco-Tenerife-1.png\" data-fancybox-group=\"gallery-69e9901c5c3ce\" data-full-image-url=\"https:\/\/tenerife-trips.com\/wp-content\/uploads\/2022\/03\/Flamenco-Tenerife-1.png\"> <svg width=\"20\" height=\"10\"><path d=\"M 0,10 Q 9,9 10,0 Q 11,9 20,10\" \/><\/svg> <img src=\"https:\/\/tenerife-trips.com\/wp-content\/uploads\/2022\/03\/Flamenco-Tenerife-1-thegem-post-thumb-small.png\" alt=\"\" class=\"img-responsive\"> <span class=\"gem-gallery-caption slide-info\"> <\/span> <\/a> <span class=\"gem-gallery-line\"><\/span> <\/div> <\/div> <div class=\"gem-gallery-item\"> <div class=\"gem-gallery-item-image\"> <a href=\"https:\/\/tenerife-trips.com\/wp-content\/uploads\/2022\/03\/Flamenco-Tenerife-2.jpg\" data-fancybox-group=\"gallery-69e9901c5c3ce\" data-full-image-url=\"https:\/\/tenerife-trips.com\/wp-content\/uploads\/2022\/03\/Flamenco-Tenerife-2.jpg\"> <svg width=\"20\" height=\"10\"><path d=\"M 0,10 Q 9,9 10,0 Q 11,9 20,10\" \/><\/svg> <img src=\"https:\/\/tenerife-trips.com\/wp-content\/uploads\/2022\/03\/Flamenco-Tenerife-2-thegem-post-thumb-small.jpg\" alt=\"\" class=\"img-responsive\"> <span class=\"gem-gallery-caption slide-info\"> <\/span> <\/a> <span class=\"gem-gallery-line\"><\/span> <\/div> <\/div> <div class=\"gem-gallery-item\"> <div class=\"gem-gallery-item-image\"> <a href=\"https:\/\/tenerife-trips.com\/wp-content\/uploads\/2022\/03\/Flamenco-Tenerife-4.png\" data-fancybox-group=\"gallery-69e9901c5c3ce\" data-full-image-url=\"https:\/\/tenerife-trips.com\/wp-content\/uploads\/2022\/03\/Flamenco-Tenerife-4.png\"> <svg width=\"20\" height=\"10\"><path d=\"M 0,10 Q 9,9 10,0 Q 11,9 20,10\" \/><\/svg> <img src=\"https:\/\/tenerife-trips.com\/wp-content\/uploads\/2022\/03\/Flamenco-Tenerife-4-thegem-post-thumb-small.png\" alt=\"flamenco Tenerife\" class=\"img-responsive\"> <span class=\"gem-gallery-caption slide-info\"> <\/span> <\/a> <span class=\"gem-gallery-line\"><\/span> <\/div> <\/div> <div class=\"gem-gallery-item\"> <div class=\"gem-gallery-item-image\"> <a href=\"https:\/\/tenerife-trips.com\/wp-content\/uploads\/2022\/03\/Flamenco-Tenerife-3.png\" data-fancybox-group=\"gallery-69e9901c5c3ce\" data-full-image-url=\"https:\/\/tenerife-trips.com\/wp-content\/uploads\/2022\/03\/Flamenco-Tenerife-3.png\"> <svg width=\"20\" height=\"10\"><path d=\"M 0,10 Q 9,9 10,0 Q 11,9 20,10\" \/><\/svg> <img src=\"https:\/\/tenerife-trips.com\/wp-content\/uploads\/2022\/03\/Flamenco-Tenerife-3-thegem-post-thumb-small.png\" alt=\"\" class=\"img-responsive\"> <span class=\"gem-gallery-caption slide-info\"> <\/span> <\/a> <span class=\"gem-gallery-line\"><\/span> <\/div> <\/div> <\/div>[vc_empty_space][\/vc_column][\/vc_row][vc_row full_width=&#8221;stretch_row&#8221; css=&#8221;.vc_custom_1577669794647{background-color: #312c7a !important;background-position: center !important;background-repeat: no-repeat !important;background-size: cover !important;}&#8221;][vc_column][vc_column_text css=&#8221;.vc_custom_1610120507078{background-position: center !important;background-repeat: no-repeat !important;background-size: cover !important;}&#8221; css_animation=&#8221;fadeIn&#8221;]<\/p>\n<h3 class=\"title-h2\" style=\"text-align: center;\"><span style=\"font-size: 18pt; color: #ffffff;\">BESCHREIBUNG<\/span><\/h3>\n<p>[\/vc_column_text][\/vc_column][\/vc_row][vc_row][vc_column][vc_tta_accordion style=&#8221;simple_solid&#8221; color=&#8221;blue&#8221; c_icon=&#8221;chevron&#8221; active_section=&#8221;0&#8243; collapsible_all=&#8221;true&#8221;][vc_tta_section title=&#8221;INFORMATIONEN ZUR SHOW&#8221; tab_id=&#8221;1577669752813-9df83b3e-350fd056-84c1d59a-38318f56-ab85&#8243;][vc_column_text css=&#8221;&#8221;]<\/p>\n<h3><span style=\"font-size: 12pt;\">DIE FLAMENCO-SHOW AUF TENERIFFA IST MIT SICHERHEIT EINE DER <a href=\"https:\/\/www.tenerife-trips.com\/shows-auf-teneriffa\/?lang=de\" target=\"_blank\" rel=\"noopener\">AUTHENTISCHSTEN SHOWS<\/a>, DIE SIE AUF DER INSEL GENIESSEN K\u00d6NNEN.<\/span><\/h3>\n<p>Aktuell bieten wir \u201ePasi\u00f3n\u201c mit einer Choreographie von Eva Rodr\u00edguez an. In dieser Show sehen Sie klassische spanische T\u00e4nze wie \u201eLa Boda de Luis Alonso\u201c, \u201eLa Vida Breve\u201c und \u201ePasodoble\u201c; Sie werden auch Live-Gesang h\u00f6ren, begleitet von der Gitarre, wie es typisch f\u00fcr Flamenco ist.<\/p>\n<p>Die Flamenco-Show auf Teneriffa beginnt also um 21:00 Uhr und endet um 22:30 Uhr; die Veranstaltung findet in Aldea Blanca im &#8220;<a href=\"https:\/\/goo.gl\/maps\/ggsv2ewfh9PioHFg7\" target=\"_blank\" rel=\"noopener\">Castillo San Miguel<\/a>&#8221; statt. Die Qualit\u00e4t und Professionalit\u00e4t der T\u00e4nzer wird Sie sicherlich in Erstaunen versetzen; wir sind sicher, dass Sie eine wundervolle Nacht genie\u00dfen werden.<\/p>\n<h3><span style=\"font-size: 12pt;\">DAS TICKET F\u00dcR DIE FLAMENCO-SHOW AUF TENERIFFA ENTH\u00c4LT DIE SHOW UND EIN GLAS SANGRIA; WENN SIE DIE VIP-OPTION KAUFEN, ERHALTEN SIE VORRANGIGEN EINTRITT, SITZREIHEN IN DER ERSTEN REIHE UND EIN GLAS SEKT.<\/span><\/h3>\n<p>Der <span style=\"color: #ff0000;\">Transportservice<\/span> f\u00fcr die Flamenco-Show auf Teneriffa ist vom S\u00fcden und Westen der Insel in der Gegend zwischen Los Gigantes und Golf del Sur verf\u00fcgbar. F\u00fcr diesen Service m\u00fcssen Kunden eine <span style=\"color: #ff0000;\">zus\u00e4tzliche Geb\u00fchr von 15 \u20ac pro Erwachsenem ab 14 Jahren und 10 \u20ac pro Kind von 1 bis 13 Jahren<\/span> zahlen. Babys unter 1 Jahr k\u00f6nnen kostenlos auf dem Scho\u00df ihrer Eltern sitzen. Der Transportpreis wird <span style=\"color: #ff0000;\">direkt am Veranstaltungsort bezahlt<\/span>, sobald Sie dort angekommen sind. Wir empfehlen Ihnen, sich vor der Buchung mit uns in Verbindung zu setzen und die Verf\u00fcgbarkeit des Transports und die Abholzeit in Ihrer N\u00e4he zu pr\u00fcfen.[\/vc_column_text][\/vc_tta_section][vc_tta_section title=&#8221;ZEITPLAN UND ABHOLSERVICE&#8221; tab_id=&#8221;1577669752866-707b0c8d-67a8d056-84c1d59a-38318f56-ab85&#8243;][vc_column_text css=&#8221;&#8221;]Der <span style=\"color: #ff0000;\">Transportservice<\/span> f\u00fcr die Flamenco-Show auf Teneriffa ist vom S\u00fcden und Westen der Insel in der Gegend zwischen Los Gigantes und Golf del Sur verf\u00fcgbar. F\u00fcr diesen Service m\u00fcssen Kunden eine <span style=\"color: #ff0000;\">zus\u00e4tzliche Geb\u00fchr von 15 \u20ac pro Erwachsenem ab 14 Jahren und 10 \u20ac pro Kind von 1 bis 13 Jahren<\/span> zahlen. Babys unter 1 Jahr k\u00f6nnen kostenlos auf dem Scho\u00df ihrer Eltern sitzen. Der Transportpreis wird <span style=\"color: #ff0000;\">direkt am Veranstaltungsort bezahlt<\/span>, sobald Sie dort angekommen sind. Wir empfehlen Ihnen, sich vor der Buchung mit uns in Verbindung zu setzen und die Verf\u00fcgbarkeit des Transports und die Abholzeit in Ihrer N\u00e4he zu pr\u00fcfen.<\/p>\n<p><span style=\"text-decoration: underline;\"><span style=\"color: #ff0000; text-decoration: underline;\">ZEITPLAN:<\/span><\/span><\/p>\n<p>Jeden Freitag.<\/p>\n<p>Die Show beginnt um 21:00 Uhr und endet gegen 22:30 Uhr.<\/p>\n<p><strong>Sehen Sie sich das Video an, machen Sie sich ein Bild davon und buchen Sie es gleich jetzt!<\/strong>[\/vc_column_text][\/vc_tta_section][\/vc_tta_accordion][\/vc_column][\/vc_row][vc_row full_width=&#8221;stretch_row_content&#8221; css=&#8221;.vc_custom_1577474711662{background-color: #312c7a !important;background-position: center !important;background-repeat: no-repeat !important;background-size: cover !important;}&#8221;][vc_column][vc_column_text css=&#8221;.vc_custom_1610146191001{background-position: center !important;background-repeat: no-repeat !important;background-size: cover !important;}&#8221; css_animation=&#8221;fadeIn&#8221;]<\/p>\n<p class=\"title-h2\" style=\"text-align: center;\"><span style=\"color: #ffffff; font-size: 18pt;\">BUCHEN SIE JETZT<\/span><\/p>\n<p>[\/vc_column_text][vc_empty_space height=&#8221;10&#8243;][\/vc_column][\/vc_row]<\/p>\n<\/div>","protected":false},"excerpt":{"rendered":"<p>[vc_row full_width=&#8221;stretch_row_content_no_spaces&#8221;][vc_column][vc_column_text css=&#8221;.vc_custom_1743520254221{background-color: #F6EB14 !important;background-position: center !important;background-repeat: no-repeat !important;background-size: cover !important;}&#8221; css_animation=&#8221;fadeIn&#8221;] FLAMENCO [\/vc_column_text][\/vc_column][\/vc_row][vc_row][vc_column][vc_column_text] Die Flamenco-Show auf Teneriffa ist eine&#8230;<\/p>\n","protected":false},"featured_media":347552,"template":"","meta":{"_acf_changed":false,"_seopress_robots_primary_cat":"2773","_seopress_titles_title":"Flamenco-Show auf Teneriffa, buchen Sie jetzt online","_seopress_titles_desc":"Genie\u00dfen Sie die beste Unterhaltung der Insel mit der Flamenco-Show auf Teneriffa. Buchen Sie Tickets online mit Tenerife Trips.","_seopress_robots_index":""},"product_brand":[],"product_cat":[2773],"product_tag":[2872,2871],"class_list":{"0":"post-347908","1":"product","2":"type-product","3":"status-publish","4":"has-post-thumbnail","6":"product_cat-shows","7":"product_tag-flamenco-teneriffa","8":"product_tag-flamenco-show-auf-teneriffa","10":"first","11":"instock","12":"virtual","13":"sold-individually","14":"taxable","15":"purchasable","16":"product-type-booking"},"booking_location":"","booking_location_type":"","booking_duration":1,"booking_duration_unit":"day","booking_buffer":0,"booking_cost":0,"booking_resources":[],"acf":[],"_links":{"self":[{"href":"https:\/\/tenerife-trips.com\/de\/wp-json\/wp\/v2\/product\/347908","targetHints":{"allow":["GET"]}}],"collection":[{"href":"https:\/\/tenerife-trips.com\/de\/wp-json\/wp\/v2\/product"}],"about":[{"href":"https:\/\/tenerife-trips.com\/de\/wp-json\/wp\/v2\/types\/product"}],"wp:featuredmedia":[{"embeddable":true,"href":"https:\/\/tenerife-trips.com\/de\/wp-json\/wp\/v2\/media\/347552"}],"wp:attachment":[{"href":"https:\/\/tenerife-trips.com\/de\/wp-json\/wp\/v2\/media?parent=347908"}],"wp:term":[{"taxonomy":"product_brand","embeddable":true,"href":"https:\/\/tenerife-trips.com\/de\/wp-json\/wp\/v2\/product_brand?post=347908"},{"taxonomy":"product_cat","embeddable":true,"href":"https:\/\/tenerife-trips.com\/de\/wp-json\/wp\/v2\/product_cat?post=347908"},{"taxonomy":"product_tag","embeddable":true,"href":"https:\/\/tenerife-trips.com\/de\/wp-json\/wp\/v2\/product_tag?post=347908"}],"curies":[{"name":"wp","href":"https:\/\/api.w.org\/{rel}","templated":true}]}}