{"id":373288,"date":"2019-09-10T14:18:07","date_gmt":"2019-09-10T13:18:07","guid":{"rendered":"https:\/\/tenerife-trips.com\/?post_type=product&#038;p=373288"},"modified":"2025-12-03T11:40:53","modified_gmt":"2025-12-03T11:40:53","slug":"u-boot-teneriffa","status":"publish","type":"product","link":"https:\/\/tenerife-trips.com\/de\/product\/bootsfahrten\/u-boot-teneriffa\/","title":{"rendered":"U-Boot"},"content":{"rendered":"<div class=\"wpb-content-wrapper\"><p>[vc_row full_width=&#8221;stretch_row_content_no_spaces&#8221;][vc_column][vc_column_text css=&#8221;.vc_custom_1743520026986{background-color: #F6EB14 !important;background-position: center !important;background-repeat: no-repeat !important;background-size: cover !important;}&#8221; css_animation=&#8221;fadeIn&#8221;]<\/p>\n<h1 class=\"title-h2\" style=\"text-align: center;\"><span style=\"font-size: 18pt; color: #312c7a;\">U-Boot<\/span><\/h1>\n<p>[\/vc_column_text][\/vc_column][\/vc_row][vc_row][vc_column][vc_column_text]<\/p>\n<p style=\"text-align: center;\"><span style=\"font-size: 14pt;\">Eine der einzigartigsten Erfahrungen, die Sie bei einem Besuch der Insel machen k\u00f6nnen, ist die U-Boot Teneriffa-Fahrt. Das ist also eine Chance, im Urlaub etwas wirklich anderes zu unternehmen. Jetzt k\u00f6nnen Sie an Bord eines von nur 15 kommerziellen U-Booten der Welt gehen! Bei diesem Ausflug entdecken Sie das Unterwasserparadies der Kanarischen Inseln.<\/span><\/p>\n<p style=\"text-decoration: underline; text-align: center;\"><span style=\"font-size: 14pt; color: #312c7a;\"><strong>\u21d3 Siehe weitere Beschreibung unten \u21d3<\/strong><\/span><\/p>\n<p>[\/vc_column_text][\/vc_column][\/vc_row][vc_row full_width=&#8221;stretch_row_content&#8221; full_height=&#8221;yes&#8221; css=&#8221;.vc_custom_1576192123211{background-color: #312c7a !important;background-position: center !important;background-repeat: no-repeat !important;background-size: cover !important;}&#8221;][vc_column]<div class=\"gem-vimeo gem-wrapbox gem-wrapbox-style-no-style rounded-corners gem-wrapbox-position-below\" style=\"width: 100%;\"><div class=\"gem-wrapbox-inner gem-ratio-style\" style=\"padding-top: 56.25%\"><iframe webkitallowfullscreen=\"true\" mozallowfullscreen=\"true\" allowfullscreen=\"true\" class=\"gem-wrapbox-element img-responsive\" frameborder=\"0\" scrolling=\"no\" marginheight=\"0\" marginwidth=\"0\" src=\"\/\/player.vimeo.com\/video\/359043172?title=0&amp;byline=0&amp;portrait=0 \"><\/iframe><\/div><\/div>[vc_empty_space]<div class=\"preloader\"><div class=\"preloader-spin\"><\/div><\/div> <div id=\"gem-gallery-69debf41d02ff\" class=\"gem-gallery gem-gallery-hover-zooming-blur\"> <div class=\"gem-gallery-item\"> <div class=\"gem-gallery-item-image\"> <a href=\"https:\/\/tenerife-trips.com\/wp-content\/uploads\/2019\/09\/lodz-podwodna-Teneryfa-thegem-gallery-sidebar.jpg\" data-fancybox-group=\"gallery-69debf41d02ff\" data-full-image-url=\"https:\/\/tenerife-trips.com\/wp-content\/uploads\/2019\/09\/lodz-podwodna-Teneryfa.jpg\"> <svg width=\"20\" height=\"10\"><path d=\"M 0,10 Q 9,9 10,0 Q 11,9 20,10\" \/><\/svg> <img src=\"https:\/\/tenerife-trips.com\/wp-content\/uploads\/2019\/09\/lodz-podwodna-Teneryfa-thegem-post-thumb-small.jpg\" alt=\"\u0142\u00f3d\u017a podwodna Teneryfa\" class=\"img-responsive\"> <span class=\"gem-gallery-caption slide-info\"> <\/span> <\/a> <span class=\"gem-gallery-line\"><\/span> <\/div> <\/div> <div class=\"gem-gallery-item\"> <div class=\"gem-gallery-item-image\"> <a href=\"https:\/\/tenerife-trips.com\/wp-content\/uploads\/2019\/12\/2-3-thegem-gallery-sidebar.jpg\" data-fancybox-group=\"gallery-69debf41d02ff\" data-full-image-url=\"https:\/\/tenerife-trips.com\/wp-content\/uploads\/2019\/12\/2-3.jpg\"> <svg width=\"20\" height=\"10\"><path d=\"M 0,10 Q 9,9 10,0 Q 11,9 20,10\" \/><\/svg> <img src=\"https:\/\/tenerife-trips.com\/wp-content\/uploads\/2019\/12\/2-3-thegem-post-thumb-small.jpg\" alt=\"\" class=\"img-responsive\"> <span class=\"gem-gallery-caption slide-info\"> <\/span> <\/a> <span class=\"gem-gallery-line\"><\/span> <\/div> <\/div> <div class=\"gem-gallery-item\"> <div class=\"gem-gallery-item-image\"> <a href=\"https:\/\/tenerife-trips.com\/wp-content\/uploads\/2019\/12\/3-3-thegem-gallery-sidebar.jpg\" data-fancybox-group=\"gallery-69debf41d02ff\" data-full-image-url=\"https:\/\/tenerife-trips.com\/wp-content\/uploads\/2019\/12\/3-3.jpg\"> <svg width=\"20\" height=\"10\"><path d=\"M 0,10 Q 9,9 10,0 Q 11,9 20,10\" \/><\/svg> <img src=\"https:\/\/tenerife-trips.com\/wp-content\/uploads\/2019\/12\/3-3-thegem-post-thumb-small.jpg\" alt=\"submarine Tenerife\" class=\"img-responsive\"> <span class=\"gem-gallery-caption slide-info\"> <\/span> <\/a> <span class=\"gem-gallery-line\"><\/span> <\/div> <\/div> <div class=\"gem-gallery-item\"> <div class=\"gem-gallery-item-image\"> <a href=\"https:\/\/tenerife-trips.com\/wp-content\/uploads\/2019\/12\/submarine-thegem-gallery-sidebar.png\" data-fancybox-group=\"gallery-69debf41d02ff\" data-full-image-url=\"https:\/\/tenerife-trips.com\/wp-content\/uploads\/2019\/12\/submarine.png\"> <svg width=\"20\" height=\"10\"><path d=\"M 0,10 Q 9,9 10,0 Q 11,9 20,10\" \/><\/svg> <img src=\"https:\/\/tenerife-trips.com\/wp-content\/uploads\/2019\/12\/submarine-thegem-post-thumb-small.png\" alt=\"\" class=\"img-responsive\"> <span class=\"gem-gallery-caption slide-info\"> <\/span> <\/a> <span class=\"gem-gallery-line\"><\/span> <\/div> <\/div> <div class=\"gem-gallery-item\"> <div class=\"gem-gallery-item-image\"> <a href=\"https:\/\/tenerife-trips.com\/wp-content\/uploads\/2019\/12\/6-1-thegem-gallery-sidebar.jpg\" data-fancybox-group=\"gallery-69debf41d02ff\" data-full-image-url=\"https:\/\/tenerife-trips.com\/wp-content\/uploads\/2019\/12\/6-1.jpg\"> <svg width=\"20\" height=\"10\"><path d=\"M 0,10 Q 9,9 10,0 Q 11,9 20,10\" \/><\/svg> <img src=\"https:\/\/tenerife-trips.com\/wp-content\/uploads\/2019\/12\/6-1-thegem-post-thumb-small.jpg\" alt=\"\" class=\"img-responsive\"> <span class=\"gem-gallery-caption slide-info\"> <\/span> <\/a> <span class=\"gem-gallery-line\"><\/span> <\/div> <\/div> <\/div>[vc_empty_space][\/vc_column][\/vc_row][vc_row full_width=&#8221;stretch_row&#8221; css=&#8221;.vc_custom_1577672286168{background-color: #312c7a !important;background-position: center !important;background-repeat: no-repeat !important;background-size: cover !important;}&#8221;][vc_column][vc_column_text]<\/p>\n<h3 style=\"text-align: center;\"><span style=\"color: #ffffff; font-size: 18pt;\">BESCHREIBUNG<\/span><\/h3>\n<p>[\/vc_column_text][\/vc_column][\/vc_row][vc_row][vc_column][vc_tta_accordion style=&#8221;simple_solid&#8221; active_section=&#8221;-0&#8243; collapsible_all=&#8221;true&#8221;][vc_tta_section title=&#8221;AUSFLUGSBESCHREIBUNG&#8221; tab_id=&#8221;1577672252895-1751d300-7b46625d-2198&#8243;][vc_column_text]<span style=\"font-size: 14pt;\">Der U-Boot-Teneriffa-Ausflug beginnt am Hafen \u201e<a href=\"https:\/\/goo.gl\/maps\/fWFyNDAcU2djLQAA6\" target=\"_blank\" rel=\"noopener\">Amarilla Marina<\/a>\u201c. Diese befindet sich im Amarilla Golf im S\u00fcden. Zur Verdeutlichung ist es eine 15\/20-min\u00fctige Fahrt von Playa de Las Americas und Los Cristianos entfernt.<\/span><\/p>\n<h3><span style=\"font-size: 12pt;\">ZUERST SIND AN BORD 44 SITZPL\u00c4TZE. JEDER IST VOR EINEM DER 22 PORT-L\u00d6CHER POSITIONIERT. DAS HEISST, SIE K\u00d6NNEN DIE GANZE ZEIT AUSSCHAUEN.<\/span><\/h3>\n<p><span style=\"font-size: 14pt;\">W\u00e4hrend des U-Boot-Teneriffa-Erlebnisses gibt ein Guide Informationen. Hauptsprachen sind Englisch, Deutsch, Spanisch, Italienisch, Franz\u00f6sisch, Niederl\u00e4ndisch und Polnisch. Im Winter auch finnisch, d\u00e4nisch und schwedisch. Bitte teilen Sie uns bei der Buchung mit, welche Sprache Sie bevorzugen.<\/span><\/p>\n<h3><span style=\"font-size: 12pt;\">DIE U-BOOT-TENERIFFA-fahrt DAUERT UNGEF\u00c4HR EINE STUNDE. WIR ERREICHEN EINE TIEFE VON ETWA 30 METERN UNTER DEM MEERSPIEGEL. HIER SEHEN WIR ZAHLREICHE SEELEBEN UND ENTDECKEN DIE SCHIFFSWracks DER REGION. AUSSERDEM SCHWIMMEN EINIGE TAUCHER UM DAS U-BOOT. DESHALB ZIEHEN SIE MEHR MEERESLEBEN AN DIE FENSTER AN, ZUM BEISPIEL GROSSE STACHELROCHEN. WIR EMPFEHLEN IHNEN, IHRE KAMERA MITZUBRINGEN. Sie sollten auf jeden Fall ein paar Fotos machen und diese als Erinnerung an Ihren Ausflug behalten.<\/span><\/h3>\n<p><span style=\"font-size: 14pt;\">Zum ersten Mal in einem U-Boot zu sein, ist sicherlich ein Nervenkitzel. Es ist ein bisschen wie das erste Mal in einem Flugzeug zu fliegen. Wir k\u00f6nnten es als Beweis f\u00fcr den menschlichen Instinkt betrachten, verschiedene Umgebungen zu beherrschen. Andererseits ist dieses Fahrzeug sehr komfortabel und man w\u00fcrde es kaum glauben, so entspannt tief im Meer zu sein.<\/span><\/p>\n<h3><span style=\"font-size: 12pt; color: #ff0000;\">F\u00dcR DEN U-BOOT-TENERIFFA-AUSFLUG M\u00dcSSEN KINDER MINDESTENS 2 JAHRE ALT SEIN.<\/span><\/h3>\n<p>[\/vc_column_text][\/vc_tta_section][vc_tta_section title=&#8221;ZEITPLAN UND ABHOLSERVICE&#8221; tab_id=&#8221;1577672252933-43ba051c-7d54625d-2198&#8243;][vc_column_text]<span style=\"font-size: 14pt;\">Der Abholservice wird von S\u00fcden und Westen angeboten, von Los Gigantes bis Los Cristianos; es gibt auch einen separaten Service von Puerto de la Cruz. Wir empfehlen Ihnen, sich vor der Buchung mit uns in Verbindung zu setzen und die Verf\u00fcgbarkeit von Transportmitteln aus Ihrer Region zu pr\u00fcfen.<\/span><\/p>\n<p><span style=\"text-decoration: underline;\"><span style=\"font-size: 14pt; color: #ff0000; text-decoration: underline;\">ZEITPLAN:<\/span><\/span><\/p>\n<p><span style=\"font-size: 14pt;\">Am Montag, Dienstag, Mittwoch, Donnerstag und Sonntag. \u00dcberpr\u00fcfen Sie die verf\u00fcgbaren Zeiten mit unserem Kundendienst.<\/span><\/p>\n<p><span style=\"font-size: 14pt;\"><strong>Sehen Sie sich das Video an, machen Sie sich ein Bild davon und buchen Sie es jetzt!<\/strong><\/span>[\/vc_column_text][\/vc_tta_section][\/vc_tta_accordion]<style type=\"text\/css\">.thegem-button-69debf41d1ec48209 .gem-button svg {fill: #ffffff;}.thegem-button-69debf41d1ec48209 .gem-button:hover svg {fill: #312c7a;}<\/style><div class=\"gem-button-container gem-button-position-center thegem-button-69debf41d1ec48209    \"  ><a class=\"gem-button gem-button-size-small gem-button-style-flat gem-button-text-weight-normal\" data-ll-effect=\"drop-right-without-wrap\" style=\"border-radius: 3px;background-color: #312c7a;color: #ffffff;\" onmouseleave=\"this.style.backgroundColor='#312c7a';this.style.color='#ffffff';\" onmouseenter=\"this.style.backgroundColor='#f6eb14';this.style.color='#312c7a';\" href=\"#submarine-preise\" target=\"_self\">PREISE<\/a><\/div> [\/vc_column][\/vc_row][vc_row full_width=&#8221;stretch_row_content&#8221; css=&#8221;.vc_custom_1577477895777{background-color: #312c7a !important;background-position: center !important;background-repeat: no-repeat !important;background-size: cover !important;}&#8221;][vc_column][vc_column_text]<\/p>\n<h3 style=\"text-align: center;\"><strong><span style=\"font-size: 18pt; color: #ffffff;\">BUCHEN SIE JETZT<\/span><\/strong><\/h3>\n<p>[\/vc_column_text][vc_empty_space height=&#8221;10px&#8221; el_id=&#8221;submarine-preise&#8221;][\/vc_column][\/vc_row]<\/p>\n<\/div>","protected":false},"excerpt":{"rendered":"<p>[vc_row full_width=&#8221;stretch_row_content_no_spaces&#8221;][vc_column][vc_column_text css=&#8221;.vc_custom_1743520026986{background-color: #F6EB14 !important;background-position: center !important;background-repeat: no-repeat !important;background-size: cover !important;}&#8221; css_animation=&#8221;fadeIn&#8221;] U-Boot [\/vc_column_text][\/vc_column][\/vc_row][vc_row][vc_column][vc_column_text] Eine der einzigartigsten Erfahrungen, die Sie&#8230;<\/p>\n","protected":false},"featured_media":373294,"template":"","meta":{"_acf_changed":false,"_seopress_robots_primary_cat":"2769","_seopress_titles_title":"U-Boot Teneriffa, ein einzigartiges Erlebnis auf der Insel","_seopress_titles_desc":"Ein wunderbarer Tauchgang an Bord des U-Bootes Teneriffa. Entdecken Sie die Unterwasserwelt. Einfache Online-Buchung bei Tenerife Trips","_seopress_robots_index":""},"product_brand":[],"product_cat":[2769],"product_tag":[2877,2876,2875],"class_list":{"0":"post-373288","1":"product","2":"type-product","3":"status-publish","4":"has-post-thumbnail","6":"product_cat-bootsfahrten","7":"product_tag-teneriffa-u-boot","8":"product_tag-u-boot-fahren-teneriffa","9":"product_tag-u-boot-teneriffa","11":"first","12":"instock","13":"virtual","14":"sold-individually","15":"taxable","16":"purchasable","17":"product-type-booking"},"booking_location":"","booking_location_type":"","booking_duration":1,"booking_duration_unit":"day","booking_buffer":0,"booking_cost":0,"booking_resources":[],"acf":[],"_links":{"self":[{"href":"https:\/\/tenerife-trips.com\/de\/wp-json\/wp\/v2\/product\/373288","targetHints":{"allow":["GET"]}}],"collection":[{"href":"https:\/\/tenerife-trips.com\/de\/wp-json\/wp\/v2\/product"}],"about":[{"href":"https:\/\/tenerife-trips.com\/de\/wp-json\/wp\/v2\/types\/product"}],"wp:featuredmedia":[{"embeddable":true,"href":"https:\/\/tenerife-trips.com\/de\/wp-json\/wp\/v2\/media\/373294"}],"wp:attachment":[{"href":"https:\/\/tenerife-trips.com\/de\/wp-json\/wp\/v2\/media?parent=373288"}],"wp:term":[{"taxonomy":"product_brand","embeddable":true,"href":"https:\/\/tenerife-trips.com\/de\/wp-json\/wp\/v2\/product_brand?post=373288"},{"taxonomy":"product_cat","embeddable":true,"href":"https:\/\/tenerife-trips.com\/de\/wp-json\/wp\/v2\/product_cat?post=373288"},{"taxonomy":"product_tag","embeddable":true,"href":"https:\/\/tenerife-trips.com\/de\/wp-json\/wp\/v2\/product_tag?post=373288"}],"curies":[{"name":"wp","href":"https:\/\/api.w.org\/{rel}","templated":true}]}}