{"id":382925,"date":"2022-07-07T14:28:22","date_gmt":"2022-07-07T13:28:22","guid":{"rendered":"https:\/\/tenerife-trips.com\/?post_type=product&#038;p=382925"},"modified":"2025-12-03T11:19:02","modified_gmt":"2025-12-03T11:19:02","slug":"wandern-auf-teneriffa","status":"publish","type":"product","link":"https:\/\/tenerife-trips.com\/de\/product\/im-freien\/wandern-auf-teneriffa\/","title":{"rendered":"WANDERN TENO"},"content":{"rendered":"<div class=\"wpb-content-wrapper\"><p>[vc_row full_width=&#8221;stretch_row_content_no_spaces&#8221;][vc_column][vc_column_text css=&#8221;.vc_custom_1743514970037{background-color: #F6EB14 !important;background-position: center !important;background-repeat: no-repeat !important;background-size: cover !important;}&#8221; css_animation=&#8221;fadeIn&#8221;]<\/p>\n<h1 class=\"title-h2\" style=\"text-align: center;\"><span style=\"font-size: 18pt; color: #312c7a;\">WANDERN TENO<\/span><\/h1>\n<p>[\/vc_column_text][\/vc_column][\/vc_row][vc_row][vc_column][vc_column_text css=&#8221;&#8221;]<\/p>\n<p style=\"text-align: center;\"><span style=\"font-size: 14pt;\">Wandern auf Teneriffa ist eine der besten Erfahrungen. Entdecken Sie das Teno-Gebirge, eine der authentischsten Gegenden der Insel!<\/span><\/p>\n<p style=\"text-decoration: underline; text-align: center;\"><span style=\"font-size: 14pt; color: #312c7a;\"><strong>\u21d3 Siehe weitere Beschreibung unten \u21d3<\/strong><\/span><\/p>\n<p>[\/vc_column_text][\/vc_column][\/vc_row][vc_row full_width=&#8221;stretch_row_content&#8221; full_height=&#8221;yes&#8221; css=&#8221;.vc_custom_1576192123211{background-color: #312c7a !important;background-position: center !important;background-repeat: no-repeat !important;background-size: cover !important;}&#8221;][vc_column]<div class=\"gem-vimeo gem-wrapbox gem-wrapbox-style-no-style rounded-corners gem-wrapbox-position-below\" style=\"width: 100%;\"><div class=\"gem-wrapbox-inner gem-ratio-style\" style=\"padding-top: 56.25%\"><iframe webkitallowfullscreen=\"true\" mozallowfullscreen=\"true\" allowfullscreen=\"true\" class=\"gem-wrapbox-element img-responsive\" frameborder=\"0\" scrolling=\"no\" marginheight=\"0\" marginwidth=\"0\" src=\"\/\/player.vimeo.com\/video\/307157460?title=0&amp;byline=0&amp;portrait=0 \"><\/iframe><\/div><\/div>[vc_empty_space]<div class=\"preloader\"><div class=\"preloader-spin\"><\/div><\/div> <div id=\"gem-gallery-69dec19d64a0c\" class=\"gem-gallery gem-gallery-hover-zooming-blur\"> <div class=\"gem-gallery-item\"> <div class=\"gem-gallery-item-image\"> <a href=\"https:\/\/tenerife-trips.com\/wp-content\/uploads\/2022\/07\/senderismo-Tenerife-scaled-thegem-gallery-sidebar.png\" data-fancybox-group=\"gallery-69dec19d64a0c\" data-full-image-url=\"https:\/\/tenerife-trips.com\/wp-content\/uploads\/2022\/07\/senderismo-Tenerife-scaled.png\"> <svg width=\"20\" height=\"10\"><path d=\"M 0,10 Q 9,9 10,0 Q 11,9 20,10\" \/><\/svg> <img src=\"https:\/\/tenerife-trips.com\/wp-content\/uploads\/2022\/07\/senderismo-Tenerife-scaled-thegem-post-thumb-small.png\" alt=\"senderismo Tenerife\" class=\"img-responsive\"> <span class=\"gem-gallery-caption slide-info\"> <\/span> <\/a> <span class=\"gem-gallery-line\"><\/span> <\/div> <\/div> <div class=\"gem-gallery-item\"> <div class=\"gem-gallery-item-image\"> <a href=\"https:\/\/tenerife-trips.com\/wp-content\/uploads\/2022\/07\/wandern-Teneriffa-1-scaled-thegem-gallery-sidebar.png\" data-fancybox-group=\"gallery-69dec19d64a0c\" data-full-image-url=\"https:\/\/tenerife-trips.com\/wp-content\/uploads\/2022\/07\/wandern-Teneriffa-1-scaled.png\"> <svg width=\"20\" height=\"10\"><path d=\"M 0,10 Q 9,9 10,0 Q 11,9 20,10\" \/><\/svg> <img src=\"https:\/\/tenerife-trips.com\/wp-content\/uploads\/2022\/07\/wandern-Teneriffa-1-scaled-thegem-post-thumb-small.png\" alt=\"wandern Teneriffa\" class=\"img-responsive\"> <span class=\"gem-gallery-caption slide-info\"> <\/span> <\/a> <span class=\"gem-gallery-line\"><\/span> <\/div> <\/div> <div class=\"gem-gallery-item\"> <div class=\"gem-gallery-item-image\"> <a href=\"https:\/\/tenerife-trips.com\/wp-content\/uploads\/2022\/07\/wandern-Teneriffa-scaled-thegem-gallery-sidebar.png\" data-fancybox-group=\"gallery-69dec19d64a0c\" data-full-image-url=\"https:\/\/tenerife-trips.com\/wp-content\/uploads\/2022\/07\/wandern-Teneriffa-scaled.png\"> <svg width=\"20\" height=\"10\"><path d=\"M 0,10 Q 9,9 10,0 Q 11,9 20,10\" \/><\/svg> <img src=\"https:\/\/tenerife-trips.com\/wp-content\/uploads\/2022\/07\/wandern-Teneriffa-scaled-thegem-post-thumb-small.png\" alt=\"wandern Teneriffa\" class=\"img-responsive\"> <span class=\"gem-gallery-caption slide-info\"> <\/span> <\/a> <span class=\"gem-gallery-line\"><\/span> <\/div> <\/div> <div class=\"gem-gallery-item\"> <div class=\"gem-gallery-item-image\"> <a href=\"https:\/\/tenerife-trips.com\/wp-content\/uploads\/2022\/07\/trekking-Tenerife-scaled-thegem-gallery-sidebar.png\" data-fancybox-group=\"gallery-69dec19d64a0c\" data-full-image-url=\"https:\/\/tenerife-trips.com\/wp-content\/uploads\/2022\/07\/trekking-Tenerife-scaled.png\"> <svg width=\"20\" height=\"10\"><path d=\"M 0,10 Q 9,9 10,0 Q 11,9 20,10\" \/><\/svg> <img src=\"https:\/\/tenerife-trips.com\/wp-content\/uploads\/2022\/07\/trekking-Tenerife-scaled-thegem-post-thumb-small.png\" alt=\"trekking Tenerife\" class=\"img-responsive\"> <span class=\"gem-gallery-caption slide-info\"> <\/span> <\/a> <span class=\"gem-gallery-line\"><\/span> <\/div> <\/div> <div class=\"gem-gallery-item\"> <div class=\"gem-gallery-item-image\"> <a href=\"https:\/\/tenerife-trips.com\/wp-content\/uploads\/2022\/07\/hiking-Tenerife-scaled-thegem-gallery-sidebar.png\" data-fancybox-group=\"gallery-69dec19d64a0c\" data-full-image-url=\"https:\/\/tenerife-trips.com\/wp-content\/uploads\/2022\/07\/hiking-Tenerife-scaled.png\"> <svg width=\"20\" height=\"10\"><path d=\"M 0,10 Q 9,9 10,0 Q 11,9 20,10\" \/><\/svg> <img src=\"https:\/\/tenerife-trips.com\/wp-content\/uploads\/2022\/07\/hiking-Tenerife-scaled-thegem-post-thumb-small.png\" alt=\"hiking Tenerife\" class=\"img-responsive\"> <span class=\"gem-gallery-caption slide-info\"> <\/span> <\/a> <span class=\"gem-gallery-line\"><\/span> <\/div> <\/div> <div class=\"gem-gallery-item\"> <div class=\"gem-gallery-item-image\"> <a href=\"https:\/\/tenerife-trips.com\/wp-content\/uploads\/2022\/07\/hiking-Tenerife-1-scaled-thegem-gallery-sidebar.png\" data-fancybox-group=\"gallery-69dec19d64a0c\" data-full-image-url=\"https:\/\/tenerife-trips.com\/wp-content\/uploads\/2022\/07\/hiking-Tenerife-1-scaled.png\"> <svg width=\"20\" height=\"10\"><path d=\"M 0,10 Q 9,9 10,0 Q 11,9 20,10\" \/><\/svg> <img src=\"https:\/\/tenerife-trips.com\/wp-content\/uploads\/2022\/07\/hiking-Tenerife-1-scaled-thegem-post-thumb-small.png\" alt=\"hiking Tenerife\" class=\"img-responsive\"> <span class=\"gem-gallery-caption slide-info\"> <\/span> <\/a> <span class=\"gem-gallery-line\"><\/span> <\/div> <\/div> <div class=\"gem-gallery-item\"> <div class=\"gem-gallery-item-image\"> <a href=\"https:\/\/tenerife-trips.com\/wp-content\/uploads\/2022\/07\/senderismo-Tenerife-1-scaled-thegem-gallery-sidebar.png\" data-fancybox-group=\"gallery-69dec19d64a0c\" data-full-image-url=\"https:\/\/tenerife-trips.com\/wp-content\/uploads\/2022\/07\/senderismo-Tenerife-1-scaled.png\"> <svg width=\"20\" height=\"10\"><path d=\"M 0,10 Q 9,9 10,0 Q 11,9 20,10\" \/><\/svg> <img src=\"https:\/\/tenerife-trips.com\/wp-content\/uploads\/2022\/07\/senderismo-Tenerife-1-scaled-thegem-post-thumb-small.png\" alt=\"senderismo Tenerife\" class=\"img-responsive\"> <span class=\"gem-gallery-caption slide-info\"> <\/span> <\/a> <span class=\"gem-gallery-line\"><\/span> <\/div> <\/div> <div class=\"gem-gallery-item\"> <div class=\"gem-gallery-item-image\"> <a href=\"https:\/\/tenerife-trips.com\/wp-content\/uploads\/2022\/07\/trekking-Tenerife-1-scaled-thegem-gallery-sidebar.png\" data-fancybox-group=\"gallery-69dec19d64a0c\" data-full-image-url=\"https:\/\/tenerife-trips.com\/wp-content\/uploads\/2022\/07\/trekking-Tenerife-1-scaled.png\"> <svg width=\"20\" height=\"10\"><path d=\"M 0,10 Q 9,9 10,0 Q 11,9 20,10\" \/><\/svg> <img src=\"https:\/\/tenerife-trips.com\/wp-content\/uploads\/2022\/07\/trekking-Tenerife-1-scaled-thegem-post-thumb-small.png\" alt=\"trekking Tenerife\" class=\"img-responsive\"> <span class=\"gem-gallery-caption slide-info\"> <\/span> <\/a> <span class=\"gem-gallery-line\"><\/span> <\/div> <\/div> <\/div>[vc_empty_space][\/vc_column][\/vc_row][vc_row full_width=&#8221;stretch_row&#8221; css=&#8221;.vc_custom_1577669794647{background-color: #312c7a !important;background-position: center !important;background-repeat: no-repeat !important;background-size: cover !important;}&#8221;][vc_column][vc_column_text css=&#8221;.vc_custom_1610120507078{background-position: center !important;background-repeat: no-repeat !important;background-size: cover !important;}&#8221; css_animation=&#8221;fadeIn&#8221;]<\/p>\n<h3 class=\"title-h2\" style=\"text-align: center;\"><span style=\"font-size: 18pt; color: #ffffff;\">BESCHREIBUNG<\/span><\/h3>\n<p>[\/vc_column_text][\/vc_column][\/vc_row][vc_row][vc_column][vc_tta_accordion style=&#8221;simple_solid&#8221; color=&#8221;blue&#8221; c_icon=&#8221;chevron&#8221; active_section=&#8221;0&#8243; collapsible_all=&#8221;true&#8221;][vc_tta_section title=&#8221;AUSFLUGSBESCHREIBUNG&#8221; tab_id=&#8221;1577669752813-9df83b3e-350fd056-84c137ae-c7520eb8-2fde0f34-163a&#8221;][vc_column_text]<\/p>\n<div id=\"pl-2135\" class=\"panel-layout\">\n<div id=\"pg-2135-0\" class=\"panel-grid panel-no-style\">\n<div id=\"pgc-2135-0-0\" class=\"panel-grid-cell\" data-weight=\"1\">\n<div id=\"panel-2135-0-0-0\" class=\"so-panel widget widget_sow-editor panel-first-child panel-last-child\" data-style=\"{&quot;background_display&quot;:&quot;tile&quot;,&quot;featured_widgets&quot;:&quot;&quot;}\" data-index=\"0\">\n<div class=\"so-widget-sow-editor so-widget-sow-editor-base\">\n<div class=\"siteorigin-widget-tinymce textwidget\">\n<h3><span style=\"font-size: 12pt;\">WANDERN AUF TENERIFFA IST DEFINITIV EINE DER <a href=\"https:\/\/www.tenerife-trips.com\/teneriffa-ausfluege\/?lang=de\" target=\"_blank\" rel=\"noopener\">BESTEN AKTIVIT\u00c4TEN<\/a>, DIE SIE W\u00c4HREND IHRES URLAUBS MACHEN K\u00d6NNEN. Auf dieser Wanderung entdecken Sie das ber\u00fchmte Gebiet des <a href=\"https:\/\/de.wikipedia.org\/wiki\/Teno-Gebirge\" target=\"_blank\" rel=\"noopener\">TENO-GEBIRGES<\/a> im Nordwesten der Insel.<\/span><\/h3>\n<p>Die Reise beginnt in der Gegend von <a href=\"https:\/\/maps.app.goo.gl\/mfkDxQSKvVMjeei57\" target=\"_blank\" rel=\"noopener\">Santiago del Teide<\/a> auf einer H\u00f6he von 870 Metern \u00fcber dem Meeresspiegel. Die Route ist kreisf\u00f6rmig und f\u00fchrt zur\u00fcck zum Ausgangspunkt.<\/p>\n<p>Wir sind sicher, dass Sie das Wandern auf Teneriffa wirklich genie\u00dfen werden! Auf dieser Reise im Teno-Gebirge werden wir auf einem Pfad wandern, der reich an atemberaubenden Ausblicken auf die Berge und das Meer ist. Unser fachkundiger lokaler Guide gibt Ihnen interessante Informationen \u00fcber Pflanzen, Geschichte, geologische Formationen usw.<\/p>\n<h3><span style=\"font-size: 12pt;\">DIE ROUTE F\u00dcHRT SOWOHL BERGAUF ALS AUCH BERGAB UND IST ETWA 6 KM LANG. DIE DAUER DER WANDERUNG BETR\u00c4GT ETWA 3,5 STUNDEN; NAT\u00dcRLICH WERDEN WIR IN DER MITTE DER WANDERUNG EINE PAUSE EINLEGEN, UM ZU ESSEN UND UNS EIN WENIG AUSZURUHEN.<\/span><\/h3>\n<p>Die Wanderung hat einen H\u00f6henunterschied von +352m\/-352m. Beim Wandern auf Teneriffa begegnen wir unterschiedlichen Schwierigkeitsgraden; dieser ist mittelschwer, erfordert aber eine gute k\u00f6rperliche Verfassung. Unser F\u00fchrer hat das Recht, den Spaziergang von Kunden zu beenden, von denen er glaubt, dass sie verletzt werden k\u00f6nnten.<\/p>\n<p>Sie m\u00fcssen mindestens 1 Liter Wasser und etwas zu essen mitbringen. Idealerweise tragen Sie bequeme Schuhe und einen Hut und haben Sonnencreme dabei.<\/p>\n<\/div>\n<\/div>\n<\/div>\n<\/div>\n<\/div>\n<\/div>\n<p>[\/vc_column_text][\/vc_tta_section][vc_tta_section title=&#8221;ZEITPLAN UND ABHOLSERVICE&#8221; tab_id=&#8221;1577669752866-707b0c8d-67a8d056-84c137ae-c7520eb8-2fde0f34-163a&#8221;][vc_column_text]F\u00fcr das Wandern auf Teneriffa steht ein Abholservice aus dem S\u00fcden und Westen in der Gegend zwischen El Medano und Los Gigantes zur Verf\u00fcgung; wir empfehlen Ihnen, sich vor der Buchung in jedem Fall mit unserem Live-Chat-Support-Service \u00fcber die Verf\u00fcgbarkeit von Transportmitteln in Ihrer N\u00e4he zu informieren.<\/p>\n<p><span style=\"color: #ff0000;\">ZEITPLAN:<\/span><\/p>\n<p>An jedem Mittwoch.<\/p>\n<h6><strong>SEHEN SIE SICH DAS VIDEO AN, ERHALTEN SIE EINE IDEE, WAS ES IST, UND BUCHEN SIE ES JETZT!<\/strong><\/h6>\n<p>[\/vc_column_text][\/vc_tta_section][\/vc_tta_accordion]<style type=\"text\/css\">.thegem-button-69dec19d6596f2812 .gem-button svg {fill: #ffffff;}.thegem-button-69dec19d6596f2812 .gem-button:hover svg {fill: #312c7a;}<\/style><div class=\"gem-button-container gem-button-position-center thegem-button-69dec19d6596f2812    \"  ><a class=\"gem-button gem-button-size-small gem-button-style-flat gem-button-text-weight-normal\" data-ll-effect=\"drop-right-without-wrap\" style=\"border-radius: 3px;background-color: #312c7a;color: #ffffff;\" onmouseleave=\"this.style.backgroundColor='#312c7a';this.style.color='#ffffff';\" onmouseenter=\"this.style.backgroundColor='#f6eb14';this.style.color='#312c7a';\" href=\"#preise-hiking\" target=\"_self\">PREISE<\/a><\/div> [\/vc_column][\/vc_row][vc_row full_width=&#8221;stretch_row_content&#8221; css=&#8221;.vc_custom_1577474711662{background-color: #312c7a !important;background-position: center !important;background-repeat: no-repeat !important;background-size: cover !important;}&#8221;][vc_column][vc_column_text css=&#8221;.vc_custom_1610146191001{background-position: center !important;background-repeat: no-repeat !important;background-size: cover !important;}&#8221; css_animation=&#8221;fadeIn&#8221;]<\/p>\n<p class=\"title-h2\" style=\"text-align: center;\"><span style=\"color: #ffffff; font-size: 18pt;\">BUCHEN SIE JETZT<\/span><\/p>\n<p>[\/vc_column_text][vc_empty_space height=&#8221;10&#8243; el_id=&#8221;preise-hiking&#8221;][\/vc_column][\/vc_row]<\/p>\n<\/div>","protected":false},"excerpt":{"rendered":"<p>[vc_row full_width=&#8221;stretch_row_content_no_spaces&#8221;][vc_column][vc_column_text css=&#8221;.vc_custom_1743514970037{background-color: #F6EB14 !important;background-position: center !important;background-repeat: no-repeat !important;background-size: cover !important;}&#8221; css_animation=&#8221;fadeIn&#8221;] WANDERN TENO [\/vc_column_text][\/vc_column][\/vc_row][vc_row][vc_column][vc_column_text css=&#8221;&#8221;] Wandern auf Teneriffa ist&#8230;<\/p>\n","protected":false},"featured_media":382926,"template":"","meta":{"_acf_changed":false,"_seopress_robots_primary_cat":"2772","_seopress_titles_title":"Wandern auf Teneriffa, entdecken Sie das Teno-Gebirge","_seopress_titles_desc":"Wandern auf Teneriffa ist eine der besten Aktivit\u00e4ten w\u00e4hrend Ihres Urlaubs auf der Insel. Entdecken Sie das Gebiet des Teno-Gebirges.","_seopress_robots_index":""},"product_brand":[],"product_cat":[2772],"product_tag":[2882,2880,2881],"class_list":{"0":"post-382925","1":"product","2":"type-product","3":"status-publish","4":"has-post-thumbnail","6":"product_cat-im-freien","7":"product_tag-wandern-auf-teneriffa","8":"product_tag-wandern-teneriffa","9":"product_tag-wanderungen-teneriffa","11":"first","12":"instock","13":"virtual","14":"sold-individually","15":"taxable","16":"purchasable","17":"product-type-booking"},"booking_location":"","booking_location_type":"","booking_duration":1,"booking_duration_unit":"day","booking_buffer":0,"booking_cost":0,"booking_resources":[],"acf":[],"_links":{"self":[{"href":"https:\/\/tenerife-trips.com\/de\/wp-json\/wp\/v2\/product\/382925","targetHints":{"allow":["GET"]}}],"collection":[{"href":"https:\/\/tenerife-trips.com\/de\/wp-json\/wp\/v2\/product"}],"about":[{"href":"https:\/\/tenerife-trips.com\/de\/wp-json\/wp\/v2\/types\/product"}],"wp:featuredmedia":[{"embeddable":true,"href":"https:\/\/tenerife-trips.com\/de\/wp-json\/wp\/v2\/media\/382926"}],"wp:attachment":[{"href":"https:\/\/tenerife-trips.com\/de\/wp-json\/wp\/v2\/media?parent=382925"}],"wp:term":[{"taxonomy":"product_brand","embeddable":true,"href":"https:\/\/tenerife-trips.com\/de\/wp-json\/wp\/v2\/product_brand?post=382925"},{"taxonomy":"product_cat","embeddable":true,"href":"https:\/\/tenerife-trips.com\/de\/wp-json\/wp\/v2\/product_cat?post=382925"},{"taxonomy":"product_tag","embeddable":true,"href":"https:\/\/tenerife-trips.com\/de\/wp-json\/wp\/v2\/product_tag?post=382925"}],"curies":[{"name":"wp","href":"https:\/\/api.w.org\/{rel}","templated":true}]}}