{"id":393140,"date":"2018-11-07T19:32:13","date_gmt":"2018-11-07T19:32:13","guid":{"rendered":"https:\/\/tenerife-trips.com\/?post_type=product&#038;p=393140"},"modified":"2025-12-03T11:41:33","modified_gmt":"2025-12-03T11:41:33","slug":"inselrundfahrt-teneriffa","status":"publish","type":"product","link":"https:\/\/tenerife-trips.com\/de\/product\/bustouren\/inselrundfahrt-teneriffa\/","title":{"rendered":"Inselrundfahrt"},"content":{"rendered":"<div class=\"wpb-content-wrapper\"><p>[vc_row full_width=&#8221;stretch_row_content_no_spaces&#8221;][vc_column][vc_column_text css=&#8221;.vc_custom_1743520369652{background-color: #F6EB14 !important;background-position: center !important;background-repeat: no-repeat !important;background-size: cover !important;}&#8221; css_animation=&#8221;fadeIn&#8221;]<\/p>\n<h1 class=\"title-h2\" style=\"text-align: center;\"><span style=\"font-size: 18pt; color: #312c7a;\">Inselrundfahrt<\/span><\/h1>\n<p>[\/vc_column_text][\/vc_column][\/vc_row][vc_row][vc_column][vc_column_text]<\/p>\n<p style=\"text-align: center;\">Die Inselrundfahrt Teneriffa ist ein K\u00fcstenausflug, der Sie zu den ber\u00fchmtesten Orten der Insel f\u00fchrt. Es ist f\u00fcr diejenigen zu empfehlen, die nicht in die Berge reisen m\u00f6chten oder bereits im Teide-Nationalpark waren.<\/p>\n<p style=\"text-decoration: underline; text-align: center;\"><span style=\"font-size: 14pt; color: #312c7a;\"><strong>\u21d3 Siehe weitere Beschreibung unten \u21d3<\/strong><\/span><\/p>\n<p>[\/vc_column_text][\/vc_column][\/vc_row][vc_row full_width=&#8221;stretch_row_content&#8221; full_height=&#8221;yes&#8221; css=&#8221;.vc_custom_1576192123211{background-color: #312c7a !important;background-position: center !important;background-repeat: no-repeat !important;background-size: cover !important;}&#8221;][vc_column][vc_empty_space]<div class=\"preloader\"><div class=\"preloader-spin\"><\/div><\/div> <div id=\"gem-gallery-69debaef07136\" class=\"gem-gallery gem-gallery-hover-zooming-blur\"> <div class=\"gem-gallery-item\"> <div class=\"gem-gallery-item-image\"> <a href=\"https:\/\/tenerife-trips.com\/wp-content\/uploads\/2019\/12\/Gran-Tour-thegem-gallery-sidebar.jpg\" data-fancybox-group=\"gallery-69debaef07136\" data-full-image-url=\"https:\/\/tenerife-trips.com\/wp-content\/uploads\/2019\/12\/Gran-Tour.jpg\"> <svg width=\"20\" height=\"10\"><path d=\"M 0,10 Q 9,9 10,0 Q 11,9 20,10\" \/><\/svg> <img src=\"https:\/\/tenerife-trips.com\/wp-content\/uploads\/2019\/12\/Gran-Tour-thegem-post-thumb-small.jpg\" alt=\"\" class=\"img-responsive\"> <span class=\"gem-gallery-caption slide-info\"> <\/span> <\/a> <span class=\"gem-gallery-line\"><\/span> <\/div> <\/div> <div class=\"gem-gallery-item\"> <div class=\"gem-gallery-item-image\"> <a href=\"https:\/\/tenerife-trips.com\/wp-content\/uploads\/2019\/12\/escursioni-a-Tenerife-scaled-thegem-gallery-sidebar.png\" data-fancybox-group=\"gallery-69debaef07136\" data-full-image-url=\"https:\/\/tenerife-trips.com\/wp-content\/uploads\/2019\/12\/escursioni-a-Tenerife-scaled.png\"> <svg width=\"20\" height=\"10\"><path d=\"M 0,10 Q 9,9 10,0 Q 11,9 20,10\" \/><\/svg> <img src=\"https:\/\/tenerife-trips.com\/wp-content\/uploads\/2019\/12\/escursioni-a-Tenerife-scaled-thegem-post-thumb-small.png\" alt=\"escursioni a Tenerife\" class=\"img-responsive\"> <span class=\"gem-gallery-caption slide-info\"> <\/span> <\/a> <span class=\"gem-gallery-line\"><\/span> <\/div> <\/div> <div class=\"gem-gallery-item\"> <div class=\"gem-gallery-item-image\"> <a href=\"https:\/\/tenerife-trips.com\/wp-content\/uploads\/2019\/12\/Inselrundfahrt-Teneriffa-thegem-gallery-sidebar.png\" data-fancybox-group=\"gallery-69debaef07136\" data-full-image-url=\"https:\/\/tenerife-trips.com\/wp-content\/uploads\/2019\/12\/Inselrundfahrt-Teneriffa.png\"> <svg width=\"20\" height=\"10\"><path d=\"M 0,10 Q 9,9 10,0 Q 11,9 20,10\" \/><\/svg> <img src=\"https:\/\/tenerife-trips.com\/wp-content\/uploads\/2019\/12\/Inselrundfahrt-Teneriffa-thegem-post-thumb-small.png\" alt=\"Inselrundfahrt Teneriffa\" class=\"img-responsive\"> <span class=\"gem-gallery-caption slide-info\"> <\/span> <\/a> <span class=\"gem-gallery-line\"><\/span> <\/div> <\/div> <div class=\"gem-gallery-item\"> <div class=\"gem-gallery-item-image\"> <a href=\"https:\/\/tenerife-trips.com\/wp-content\/uploads\/2019\/12\/Island-Tour-Tenerife-thegem-gallery-sidebar.png\" data-fancybox-group=\"gallery-69debaef07136\" data-full-image-url=\"https:\/\/tenerife-trips.com\/wp-content\/uploads\/2019\/12\/Island-Tour-Tenerife.png\"> <svg width=\"20\" height=\"10\"><path d=\"M 0,10 Q 9,9 10,0 Q 11,9 20,10\" \/><\/svg> <img src=\"https:\/\/tenerife-trips.com\/wp-content\/uploads\/2019\/12\/Island-Tour-Tenerife-thegem-post-thumb-small.png\" alt=\"Island Tour Tenerife\" class=\"img-responsive\"> <span class=\"gem-gallery-caption slide-info\"> <\/span> <\/a> <span class=\"gem-gallery-line\"><\/span> <\/div> <\/div> <div class=\"gem-gallery-item\"> <div class=\"gem-gallery-item-image\"> <a href=\"https:\/\/tenerife-trips.com\/wp-content\/uploads\/2019\/12\/que-visitar-en-Tenerife-scaled-thegem-gallery-sidebar.png\" data-fancybox-group=\"gallery-69debaef07136\" data-full-image-url=\"https:\/\/tenerife-trips.com\/wp-content\/uploads\/2019\/12\/que-visitar-en-Tenerife-scaled.png\"> <svg width=\"20\" height=\"10\"><path d=\"M 0,10 Q 9,9 10,0 Q 11,9 20,10\" \/><\/svg> <img src=\"https:\/\/tenerife-trips.com\/wp-content\/uploads\/2019\/12\/que-visitar-en-Tenerife-scaled-thegem-post-thumb-small.png\" alt=\"que visitar en Tenerife\" class=\"img-responsive\"> <span class=\"gem-gallery-caption slide-info\"> <\/span> <\/a> <span class=\"gem-gallery-line\"><\/span> <\/div> <\/div> <div class=\"gem-gallery-item\"> <div class=\"gem-gallery-item-image\"> <a href=\"https:\/\/tenerife-trips.com\/wp-content\/uploads\/2019\/12\/Teneryfa-wycieczka-objazdowa-thegem-gallery-sidebar.png\" data-fancybox-group=\"gallery-69debaef07136\" data-full-image-url=\"https:\/\/tenerife-trips.com\/wp-content\/uploads\/2019\/12\/Teneryfa-wycieczka-objazdowa.png\"> <svg width=\"20\" height=\"10\"><path d=\"M 0,10 Q 9,9 10,0 Q 11,9 20,10\" \/><\/svg> <img src=\"https:\/\/tenerife-trips.com\/wp-content\/uploads\/2019\/12\/Teneryfa-wycieczka-objazdowa-thegem-post-thumb-small.png\" alt=\"Teneryfa wycieczka objazdowa\" class=\"img-responsive\"> <span class=\"gem-gallery-caption slide-info\"> <\/span> <\/a> <span class=\"gem-gallery-line\"><\/span> <\/div> <\/div> <div class=\"gem-gallery-item\"> <div class=\"gem-gallery-item-image\"> <a href=\"https:\/\/tenerife-trips.com\/wp-content\/uploads\/2019\/12\/garachico-thegem-gallery-sidebar.jpg\" data-fancybox-group=\"gallery-69debaef07136\" data-full-image-url=\"https:\/\/tenerife-trips.com\/wp-content\/uploads\/2019\/12\/garachico.jpg\"> <svg width=\"20\" height=\"10\"><path d=\"M 0,10 Q 9,9 10,0 Q 11,9 20,10\" \/><\/svg> <img src=\"https:\/\/tenerife-trips.com\/wp-content\/uploads\/2019\/12\/garachico-thegem-post-thumb-small.jpg\" alt=\"\" class=\"img-responsive\"> <span class=\"gem-gallery-caption slide-info\"> <\/span> <\/a> <span class=\"gem-gallery-line\"><\/span> <\/div> <\/div> <\/div>[vc_empty_space][\/vc_column][\/vc_row][vc_row full_width=&#8221;stretch_row&#8221; css=&#8221;.vc_custom_1577669794647{background-color: #312c7a !important;background-position: center !important;background-repeat: no-repeat !important;background-size: cover !important;}&#8221;][vc_column][vc_column_text css=&#8221;.vc_custom_1610120507078{background-position: center !important;background-repeat: no-repeat !important;background-size: cover !important;}&#8221; css_animation=&#8221;fadeIn&#8221;]<\/p>\n<h3 class=\"title-h2\" style=\"text-align: center;\"><span style=\"font-size: 18pt; color: #ffffff;\">BESCHREIBUNG<\/span><\/h3>\n<p>[\/vc_column_text][\/vc_column][\/vc_row][vc_row][vc_column][vc_tta_accordion style=&#8221;simple_solid&#8221; color=&#8221;blue&#8221; c_icon=&#8221;chevron&#8221; active_section=&#8221;0&#8243; collapsible_all=&#8221;true&#8221;][vc_tta_section title=&#8221;AUSFLUGSBESCHREIBUNG&#8221; tab_id=&#8221;1577669752813-9df83b3e-350fd056-84c137ae-c7520eb8-2fde0f34-163aac31-e0be&#8221;][vc_column_text]<\/p>\n<div id=\"pl-2135\" class=\"panel-layout\">\n<div id=\"pg-2135-0\" class=\"panel-grid panel-no-style\">\n<div id=\"pgc-2135-0-0\" class=\"panel-grid-cell\" data-weight=\"1\">\n<div id=\"panel-2135-0-0-0\" class=\"so-panel widget widget_sow-editor panel-first-child panel-last-child\" data-style=\"{&quot;background_display&quot;:&quot;tile&quot;,&quot;featured_widgets&quot;:&quot;&quot;}\" data-index=\"0\">\n<div class=\"so-widget-sow-editor so-widget-sow-editor-base\">\n<div class=\"siteorigin-widget-tinymce textwidget\">\n<p>Die Inselrundfahrt Teneriffa ist ein K\u00fcstenausflug, der Sie zu den <a href=\"https:\/\/tenerife-trips.com\/de\/tenerife-attractions\/\" target=\"_blank\" rel=\"noopener\">ber\u00fchmtesten Orten<\/a> der Insel f\u00fchrt. Es ist f\u00fcr Leute zu empfehlen, die nicht in die Berge reisen m\u00f6chten oder die bereits im Teide-Nationalpark waren.<\/p>\n<h3><span style=\"font-size: 12pt;\">ZUERST W\u00c4HLEN WIR SIE IN DER N\u00c4HE IHRER UNTERKUNFT AUS. DANN GEHEN WIR AUF DIE AUTOBAHN IN RICHTUNG SANTA CRUZ UND ERREICHEN DIE STADT <a href=\"https:\/\/goo.gl\/maps\/mvFyL8PUaAEmeeKy9\" target=\"_blank\" rel=\"noopener\">CANDELARIA<\/a>. W\u00c4HREND UNSERES ERSTEN HALTES DER INSELRUNDFAHRT TENERIFFA BEWUNDERN WIR DIE BER\u00dcHMTE KATHEDRALE DER SCHWARZEN MADONNA, SCHUTZPATRONIN DER KANARISCHEN INSELN. VOR DER KIRCHE, AUF DEM HAUPTPLATZ, K\u00d6NNEN WIR NEUN GROSSE STATUEN SEHEN. DIESE STELLEN DIE \u201eMENCEYS\u201c DAR, DIE K\u00d6NIGE DER UREINWOHNER, DIE DIE INSEL REGIERTEN, BEVOR DIE SPANIER SIE EROBERTEN.<\/span><\/h3>\n<p>Danach erreichen wir die Stadt <a href=\"https:\/\/goo.gl\/maps\/4Wg5cPe6FBbErvkx6\" target=\"_blank\" rel=\"noopener\">La Orotava<\/a>, wo wir f\u00fcr einen Besuch des historischen Zentrums anhalten. Hier sehen wir gut erhaltene antike Geb\u00e4ude, finden typische Produkte und kommen in Kontakt mit der wahren Kultur der Menschen auf Teneriffa.<\/p>\n<h3><span style=\"font-size: 12pt;\">DER dritTE ORT, DEN WIR MIT DER INSELRUNDFAHRT TENERIFFA BESUCHEN, IST <a href=\"https:\/\/goo.gl\/maps\/T2NVf5sxGPADXtiR6\" target=\"_blank\" rel=\"noopener\">GARACHICO<\/a>. DER AUSBRUCH DES VULKANS TREVEJO IM JAHR 1706 ZERST\u00d6RT DIE STADT TEILWEISE. LAVASTR\u00d6ME ERREICHTEN DAS MEER UND BILDETEN NAT\u00dcRLICHE BECKEN, DIE HEUTE DIE BEKANNTESTEN TENERIFFAS SIND. DER GROSSE FELSEN VOR DEM DORF \u201eROQUE DE GARACHICO\u201c UND DIE POOLS SIND DIE WAHRZEICHEN DER GEGEND.<\/span><\/h3>\n<p>Die letzte Station unserer Inselrundfahrt Teneriffa ist <a href=\"https:\/\/goo.gl\/maps\/wsfJZ1VQXLSWWxo98\" target=\"_blank\" rel=\"noopener\">Masca<\/a>, ein kleines Dorf inmitten des spektakul\u00e4ren Teno-Gebirges. Zusammen mit dem Teide ist dies das wichtigste Touristenziel der Insel. Ein Besuch dieser Gegend ist ein Muss bei einem Besuch auf Teneriffa.<\/p>\n<p>W\u00e4hrend des Ausflugs halten wir in einem Restaurant, wo Sie zu Mittag essen k\u00f6nnen (nicht im Preis inbegriffen). Wie auch immer, Sie k\u00f6nnen w\u00e4hlen, ob Sie Ihr eigenes Essen mitbringen oder woanders essen m\u00f6chten, wenn Sie es vorziehen.<\/p>\n<p><span style=\"color: #ff0000;\">Alle Kunden, die an der Exkursion teilnehmen, werden daran erinnert, keine pers\u00f6nlichen Wertsachen im Bus zu lassen, wenn sie aussteigen, um die Orte zu besuchen. Das Unternehmen \u00fcbernimmt keine Verantwortung f\u00fcr den Verlust oder Diebstahl pers\u00f6nlicher Gegenst\u00e4nde jeglicher Art.<\/span><\/p>\n<\/div>\n<\/div>\n<\/div>\n<\/div>\n<\/div>\n<\/div>\n<p>[\/vc_column_text][\/vc_tta_section][vc_tta_section title=&#8221;ZEITPLAN UND ABHOLSERVICE&#8221; tab_id=&#8221;1577669752866-707b0c8d-67a8d056-84c137ae-c7520eb8-2fde0f34-163aac31-e0be&#8221;][vc_column_text]Der Abholservice f\u00fcr die Inselrundfahrt Teneriffa in der N\u00e4he Ihrer Unterkunft ist im Preis inbegriffen. Es ist im Westen und S\u00fcden im Gebiet zwischen Los Gigantes und El Medano verf\u00fcgbar. Wir empfehlen Ihnen, sich vor der Buchung bei uns \u00fcber die Verf\u00fcgbarkeit von Transportmitteln aus Ihrer Region zu erkundigen.<\/p>\n<p><span style=\"text-decoration: underline;\"><span style=\"color: #ff0000; text-decoration: underline;\">ZEITPLAN:<\/span><\/span><\/p>\n<p>Bitte erkundigen Sie sich bei unserem Kundenservice, an welchen Tagen der Ausflug m\u00f6glich ist.<\/p>\n<h6><strong>SEHEN SIE SICH DAS VIDEO AN, ERHALTEN SIE EINE IDEE, WAS ES IST, UND BUCHEN SIE ES JETZT!<\/strong><\/h6>\n<p>[\/vc_column_text][\/vc_tta_section][\/vc_tta_accordion]<style type=\"text\/css\">.thegem-button-69debaef08c4c163 .gem-button svg {fill: #ffffff;}.thegem-button-69debaef08c4c163 .gem-button:hover svg {fill: #312c7a;}<\/style><div class=\"gem-button-container gem-button-position-center thegem-button-69debaef08c4c163    \"  ><a class=\"gem-button gem-button-size-small gem-button-style-flat gem-button-text-weight-normal\" data-ll-effect=\"drop-right-without-wrap\" style=\"border-radius: 3px;background-color: #312c7a;color: #ffffff;\" onmouseleave=\"this.style.backgroundColor='#312c7a';this.style.color='#ffffff';\" onmouseenter=\"this.style.backgroundColor='#f6eb14';this.style.color='#312c7a';\" href=\"#preise-rund\" target=\"_self\">PREISE<\/a><\/div> [\/vc_column][\/vc_row][vc_row full_width=&#8221;stretch_row_content&#8221; css=&#8221;.vc_custom_1577474711662{background-color: #312c7a !important;background-position: center !important;background-repeat: no-repeat !important;background-size: cover !important;}&#8221;][vc_column][vc_column_text css=&#8221;.vc_custom_1610146191001{background-position: center !important;background-repeat: no-repeat !important;background-size: cover !important;}&#8221; css_animation=&#8221;fadeIn&#8221;]<\/p>\n<p class=\"title-h2\" style=\"text-align: center;\"><span style=\"color: #ffffff; font-size: 18pt;\">BUCHEN SIE JETZT<\/span><\/p>\n<p>[\/vc_column_text][vc_empty_space height=&#8221;10&#8243; el_id=&#8221;preise-rund&#8221;][\/vc_column][\/vc_row]<\/p>\n<\/div>","protected":false},"excerpt":{"rendered":"<p>[vc_row full_width=&#8221;stretch_row_content_no_spaces&#8221;][vc_column][vc_column_text css=&#8221;.vc_custom_1743520369652{background-color: #F6EB14 !important;background-position: center !important;background-repeat: no-repeat !important;background-size: cover !important;}&#8221; css_animation=&#8221;fadeIn&#8221;] Inselrundfahrt [\/vc_column_text][\/vc_column][\/vc_row][vc_row][vc_column][vc_column_text] Die Inselrundfahrt Teneriffa ist ein K\u00fcstenausflug,&#8230;<\/p>\n","protected":false},"featured_media":393141,"template":"","meta":{"_acf_changed":false,"_seopress_robots_primary_cat":"2770","_seopress_titles_title":"Inselrundfahrt Teneriffa, besuchen Sie die besten Orte der Insel","_seopress_titles_desc":"Die Inselrundfahrt Teneriffa ist ein fantastischer K\u00fcstenausflug, der Sie zu den ber\u00fchmten Orten Candelaria, La Orotava, Garachico und Masca f\u00fchrt","_seopress_robots_index":""},"product_brand":[],"product_cat":[2770],"product_tag":[2820],"class_list":{"0":"post-393140","1":"product","2":"type-product","3":"status-publish","4":"has-post-thumbnail","6":"product_cat-bustouren","7":"product_tag-inselrundfahrt-teneriffa","9":"first","10":"instock","11":"virtual","12":"sold-individually","13":"purchasable","14":"product-type-booking"},"booking_location":"","booking_location_type":"","booking_duration":1,"booking_duration_unit":"day","booking_buffer":0,"booking_cost":0,"booking_resources":[],"acf":[],"_links":{"self":[{"href":"https:\/\/tenerife-trips.com\/de\/wp-json\/wp\/v2\/product\/393140","targetHints":{"allow":["GET"]}}],"collection":[{"href":"https:\/\/tenerife-trips.com\/de\/wp-json\/wp\/v2\/product"}],"about":[{"href":"https:\/\/tenerife-trips.com\/de\/wp-json\/wp\/v2\/types\/product"}],"wp:featuredmedia":[{"embeddable":true,"href":"https:\/\/tenerife-trips.com\/de\/wp-json\/wp\/v2\/media\/393141"}],"wp:attachment":[{"href":"https:\/\/tenerife-trips.com\/de\/wp-json\/wp\/v2\/media?parent=393140"}],"wp:term":[{"taxonomy":"product_brand","embeddable":true,"href":"https:\/\/tenerife-trips.com\/de\/wp-json\/wp\/v2\/product_brand?post=393140"},{"taxonomy":"product_cat","embeddable":true,"href":"https:\/\/tenerife-trips.com\/de\/wp-json\/wp\/v2\/product_cat?post=393140"},{"taxonomy":"product_tag","embeddable":true,"href":"https:\/\/tenerife-trips.com\/de\/wp-json\/wp\/v2\/product_tag?post=393140"}],"curies":[{"name":"wp","href":"https:\/\/api.w.org\/{rel}","templated":true}]}}