{"id":433789,"date":"2022-12-17T00:59:45","date_gmt":"2022-12-17T00:59:45","guid":{"rendered":"https:\/\/tenerife-trips.com\/?post_type=product&#038;p=433789"},"modified":"2025-12-03T11:18:43","modified_gmt":"2025-12-03T11:18:43","slug":"jeep-tour-teneriffa","status":"publish","type":"product","link":"https:\/\/tenerife-trips.com\/de\/product\/land-abenteuer\/jeep-tour-teneriffa\/","title":{"rendered":"JEEP ALS BEIFAHRER"},"content":{"rendered":"<div class=\"wpb-content-wrapper\"><p>[vc_row full_width=&#8221;stretch_row_content_no_spaces&#8221;][vc_column][vc_column_text css=&#8221;.vc_custom_1743514839053{background-color: #F6EB14 !important;background-position: center !important;background-repeat: no-repeat !important;background-size: cover !important;}&#8221; css_animation=&#8221;fadeIn&#8221;]<\/p>\n<h1 class=\"title-h2\" style=\"text-align: center;\"><span style=\"font-size: 18pt; color: #312c7a;\">Jeep als Beifahrer<\/span><\/h1>\n<p>[\/vc_column_text][\/vc_column][\/vc_row][vc_row][vc_column][vc_column_text]<\/p>\n<p style=\"text-align: center;\"><span style=\"font-size: 14pt;\">Eine Jeep tour auf Teneriffa ist zweifellos eine der besten M\u00f6glichkeiten, die Insel zu entdecken!<\/span><\/p>\n<p style=\"text-decoration: underline; text-align: center;\"><span style=\"font-size: 14pt; color: #312c7a;\"><strong>\u21d3 Siehe weitere Beschreibung unten \u21d3<\/strong><\/span><\/p>\n<p>[\/vc_column_text][\/vc_column][\/vc_row][vc_row full_width=&#8221;stretch_row_content&#8221; full_height=&#8221;yes&#8221; css=&#8221;.vc_custom_1576192123211{background-color: #312c7a !important;background-position: center !important;background-repeat: no-repeat !important;background-size: cover !important;}&#8221;][vc_column]<div class=\"gem-vimeo gem-wrapbox gem-wrapbox-style-no-style rounded-corners gem-wrapbox-position-below\" style=\"width: 100%;\"><div class=\"gem-wrapbox-inner gem-ratio-style\" style=\"padding-top: 56.25%\"><iframe webkitallowfullscreen=\"true\" mozallowfullscreen=\"true\" allowfullscreen=\"true\" class=\"gem-wrapbox-element img-responsive\" frameborder=\"0\" scrolling=\"no\" marginheight=\"0\" marginwidth=\"0\" src=\"\/\/player.vimeo.com\/video\/780823901?title=0&amp;byline=0&amp;portrait=0 \"><\/iframe><\/div><\/div>[vc_empty_space]<div class=\"preloader\"><div class=\"preloader-spin\"><\/div><\/div> <div id=\"gem-gallery-69dd38f286a0c\" class=\"gem-gallery gem-gallery-hover-zooming-blur\"> <div class=\"gem-gallery-item\"> <div class=\"gem-gallery-item-image\"> <a href=\"https:\/\/tenerife-trips.com\/wp-content\/uploads\/2022\/12\/tour-in-jeep-Tenerife-thegem-gallery-sidebar.png\" data-fancybox-group=\"gallery-69dd38f286a0c\" data-full-image-url=\"https:\/\/tenerife-trips.com\/wp-content\/uploads\/2022\/12\/tour-in-jeep-Tenerife.png\"> <svg width=\"20\" height=\"10\"><path d=\"M 0,10 Q 9,9 10,0 Q 11,9 20,10\" \/><\/svg> <img src=\"https:\/\/tenerife-trips.com\/wp-content\/uploads\/2022\/12\/tour-in-jeep-Tenerife-thegem-post-thumb-small.png\" alt=\"tour in jeep Tenerife\" class=\"img-responsive\"> <span class=\"gem-gallery-caption slide-info\"> <\/span> <\/a> <span class=\"gem-gallery-line\"><\/span> <\/div> <\/div> <div class=\"gem-gallery-item\"> <div class=\"gem-gallery-item-image\"> <a href=\"https:\/\/tenerife-trips.com\/wp-content\/uploads\/2022\/12\/jeep-Tenerife-2-thegem-gallery-sidebar.png\" data-fancybox-group=\"gallery-69dd38f286a0c\" data-full-image-url=\"https:\/\/tenerife-trips.com\/wp-content\/uploads\/2022\/12\/jeep-Tenerife-2.png\"> <svg width=\"20\" height=\"10\"><path d=\"M 0,10 Q 9,9 10,0 Q 11,9 20,10\" \/><\/svg> <img src=\"https:\/\/tenerife-trips.com\/wp-content\/uploads\/2022\/12\/jeep-Tenerife-2-thegem-post-thumb-small.png\" alt=\"jeep tour Tenerife\" class=\"img-responsive\"> <span class=\"gem-gallery-caption slide-info\"> <\/span> <\/a> <span class=\"gem-gallery-line\"><\/span> <\/div> <\/div> <div class=\"gem-gallery-item\"> <div class=\"gem-gallery-item-image\"> <a href=\"https:\/\/tenerife-trips.com\/wp-content\/uploads\/2022\/12\/jeep-tenerife-1-thegem-gallery-sidebar.png\" data-fancybox-group=\"gallery-69dd38f286a0c\" data-full-image-url=\"https:\/\/tenerife-trips.com\/wp-content\/uploads\/2022\/12\/jeep-tenerife-1.png\"> <svg width=\"20\" height=\"10\"><path d=\"M 0,10 Q 9,9 10,0 Q 11,9 20,10\" \/><\/svg> <img src=\"https:\/\/tenerife-trips.com\/wp-content\/uploads\/2022\/12\/jeep-tenerife-1-thegem-post-thumb-small.png\" alt=\"\" class=\"img-responsive\"> <span class=\"gem-gallery-caption slide-info\"> <\/span> <\/a> <span class=\"gem-gallery-line\"><\/span> <\/div> <\/div> <div class=\"gem-gallery-item\"> <div class=\"gem-gallery-item-image\"> <a href=\"https:\/\/tenerife-trips.com\/wp-content\/uploads\/2022\/12\/jeep-Tenerife-3-thegem-gallery-sidebar.png\" data-fancybox-group=\"gallery-69dd38f286a0c\" data-full-image-url=\"https:\/\/tenerife-trips.com\/wp-content\/uploads\/2022\/12\/jeep-Tenerife-3.png\"> <svg width=\"20\" height=\"10\"><path d=\"M 0,10 Q 9,9 10,0 Q 11,9 20,10\" \/><\/svg> <img src=\"https:\/\/tenerife-trips.com\/wp-content\/uploads\/2022\/12\/jeep-Tenerife-3-thegem-post-thumb-small.png\" alt=\"\" class=\"img-responsive\"> <span class=\"gem-gallery-caption slide-info\"> <\/span> <\/a> <span class=\"gem-gallery-line\"><\/span> <\/div> <\/div> <div class=\"gem-gallery-item\"> <div class=\"gem-gallery-item-image\"> <a href=\"https:\/\/tenerife-trips.com\/wp-content\/uploads\/2022\/12\/jeep-Tenerife-4-thegem-gallery-sidebar.png\" data-fancybox-group=\"gallery-69dd38f286a0c\" data-full-image-url=\"https:\/\/tenerife-trips.com\/wp-content\/uploads\/2022\/12\/jeep-Tenerife-4.png\"> <svg width=\"20\" height=\"10\"><path d=\"M 0,10 Q 9,9 10,0 Q 11,9 20,10\" \/><\/svg> <img src=\"https:\/\/tenerife-trips.com\/wp-content\/uploads\/2022\/12\/jeep-Tenerife-4-thegem-post-thumb-small.png\" alt=\"\" class=\"img-responsive\"> <span class=\"gem-gallery-caption slide-info\"> <\/span> <\/a> <span class=\"gem-gallery-line\"><\/span> <\/div> <\/div> <\/div>[vc_empty_space][\/vc_column][\/vc_row][vc_row full_width=&#8221;stretch_row&#8221; css=&#8221;.vc_custom_1577669794647{background-color: #312c7a !important;background-position: center !important;background-repeat: no-repeat !important;background-size: cover !important;}&#8221;][vc_column][vc_column_text css=&#8221;.vc_custom_1610120507078{background-position: center !important;background-repeat: no-repeat !important;background-size: cover !important;}&#8221; css_animation=&#8221;fadeIn&#8221;]<\/p>\n<h3 class=\"title-h2\" style=\"text-align: center;\"><span style=\"font-size: 18pt; color: #ffffff;\">BESCHREIBUNG<\/span><\/h3>\n<p>[\/vc_column_text][\/vc_column][\/vc_row][vc_row][vc_column][vc_tta_accordion style=&#8221;simple_solid&#8221; color=&#8221;blue&#8221; c_icon=&#8221;chevron&#8221; active_section=&#8221;0&#8243; collapsible_all=&#8221;true&#8221;][vc_tta_section title=&#8221;AUSFLUGSBESCHREIBUNG&#8221; tab_id=&#8221;1577669752813-9df83b3e-350fd056-84c137ae-c7520eb8-2fde0f34-163a7388-0f84&#8243;][vc_column_text]<span style=\"font-size: 14pt;\">Zun\u00e4chst einmal m\u00fcssen wir sagen, dass die Jeep tour Teneriffa sicherlich einer der <a href=\"https:\/\/www.tenerife-trips.com\/teneriffa-ausfluege\/?lang=de\" target=\"_blank\" rel=\"noopener\">besten Ausfl\u00fcge<\/a> ist, um die Insel zu besuchen!<\/span><\/p>\n<p><span style=\"font-size: 14pt;\">So k\u00f6nnen die Fahrzeuge maximal 9 Personen an Bord bringen (8 Passagiere und der Fahrer). Auf einer Jeep tour auf Teneriffa und auf den anderen Inseln k\u00f6nnen Sie die Landschaften der fantastischen Orte, die Sie besuchen werden, besser genie\u00dfen. Auch wenn Sie Teil einer Gruppe sind, haben Sie einen Fahrer, der nur f\u00fcr Sie da ist. Er wird Ihnen w\u00e4hrend des gesamten Ausflugs interessante Informationen geben und erkl\u00e4ren. Mit anderen Worten: Sie werden das Gef\u00fchl haben, auf einer privaten Tour zu sein.<\/span><\/p>\n<h3><span style=\"font-size: 12pt;\">F\u00dcR DIE JEEP TOUR AUF TENERIFFA STEHEN VERSCHIEDENE ROUTEN ZUR VERF\u00dcGUNG:<\/span><\/h3>\n<ul>\n<li><span style=\"font-size: 14pt;\"><span style=\"text-decoration: underline;\"><strong>Teide Halbtagestour:<\/strong><\/span> Auf dieser Tour besuchen wir das Zentrum des Teide-Nationalparks und halten am &#8220;<a href=\"https:\/\/goo.gl\/maps\/5t7cNVoaVk1xRZKk6\" target=\"_blank\" rel=\"noopener\">Parador de Ca\u00f1adas del Teide<\/a>&#8221; an. Die Dauer betr\u00e4gt etwa 5 Stunden, ungef\u00e4hr von 9:00 bis 13:30 Uhr. Zur Klarstellung: Der Ausflug beinhaltet nicht die Fahrt mit der Seilbahn. Die Abholung vom S\u00fcden Teneriffas ist am Dienstag, Mittwoch, Donnerstag und Samstag m\u00f6glich. Die verf\u00fcgbaren Sprachen sind Spanisch, Englisch, Deutsch, Franz\u00f6sisch, Italienisch und Niederl\u00e4ndisch.<\/span><\/li>\n<li><span style=\"font-size: 14pt;\"><span style=\"text-decoration: underline;\"><strong>Teide &amp; Masca:<\/strong><\/span> Auf dieser Jeep tour auf Teneriffa besuchen wir das Zentrum des Teide-Nationalparks mit Halt am &#8220;Parador de Ca\u00f1adas del Teide&#8221; und dem Dorf <a href=\"https:\/\/goo.gl\/maps\/NBGsjTNeTUGP7MTs9\" target=\"_blank\" rel=\"noopener\">Masca<\/a>. Die Dauer betr\u00e4gt etwa 7 Stunden, ungef\u00e4hr von 9:00 bis 16:00 Uhr. Die Abholung vom S\u00fcden Teneriffas ist am Montag, Dienstag, Mittwoch, Donnerstag, Freitag und Samstag m\u00f6glich. Die verf\u00fcgbaren Sprachen sind Spanisch, Englisch, Deutsch, Franz\u00f6sisch, Italienisch, Niederl\u00e4ndisch und Polnisch. Wir halten auch an, um in einem Restaurant zu Mittag zu essen (nicht im Preis inbegriffen).<\/span><\/li>\n<li><span style=\"font-size: 14pt;\"><span style=\"text-decoration: underline;\"><strong>Masca:<\/strong><\/span>\u00a0Auf dieser Jeep Tour auf Teneriffa besuchen wir Garachico, Icod de los Vinos und das ber\u00fchmte Dorf Masca im Teno-Gebirge. Die Dauer betr\u00e4gt etwa 7 Stunden, ungef\u00e4hr von 9:00 bis 16:00 Uhr. Abholung in Puerto de la Cruz am Mittwoch m\u00f6glich. Die verf\u00fcgbaren Sprachen sind Spanisch, Englisch, Deutsch, Franz\u00f6sisch und Italienisch. Wir halten auch an, um in einem Restaurant zu Mittag zu essen (nicht im Preis inbegriffen).<\/span><br \/>\n<h3><span style=\"font-size: 12pt;\">NEBEN DER JEEP TOUR AUF TENERIFFA IST ES AUCH M\u00d6GLICH, VON TENERIFFA AUS EINE ANDERE INSEL ZU BESUCHEN:<\/span><\/h3>\n<\/li>\n<li><span style=\"font-size: 14pt;\"><span style=\"text-decoration: underline;\"><strong>La Gomera:<\/strong><\/span>\u00a0Bei dieser Tour nehmen wir die F\u00e4hre von Los Cristianos und besuchen die Insel La Gomera. Die Fahrt mit dem Boot dauert etwa 50 Minuten pro Strecke. Auf dem Ausflug werden die Orte San Sebasti\u00e1n de La Gomera, Hermigua, Agulo, Laguna Grande und der Nationalpark Garajonay besucht. W\u00e4hrend der Fahrt halten wir in einem typisch kanarischen Restaurant, um zu Mittag zu essen (im Preis inbegriffen). Au\u00dferdem werden Sie eine Vorf\u00fchrung der gepfiffenen Sprache &#8220;<a href=\"https:\/\/de.wikipedia.org\/wiki\/El_Silbo\" target=\"_blank\" rel=\"noopener\">Silbo Gomero<\/a>&#8221; erleben. Die Dauer betr\u00e4gt etwa 9\/10 Stunden, ungef\u00e4hr von 9:00 bis 18:00\/19:00 Uhr. Die Abholung ist vom S\u00fcden Teneriffas oder von Puerto de la Cruz am Montag, Dienstag, Mittwoch, Donnerstag, Freitag und Samstag m\u00f6glich. Die verf\u00fcgbaren Sprachen sind Spanisch, Englisch, Deutsch, Franz\u00f6sisch, Italienisch, Niederl\u00e4ndisch und Polnisch. <span style=\"text-decoration: underline;\"><span style=\"color: #ff0000; text-decoration: underline;\">F\u00fcr diesen Ausflug zahlen Babys von 0 bis 2 Jahren eine Geb\u00fchr von 6,25 \u20ac f\u00fcr die F\u00e4hre. Alle Personen, die an dem Ausflug nach La Gomera teilnehmen, m\u00fcssen einen g\u00fcltigen Personalausweis mitbringen, den sie beim Betreten der F\u00e4hre vorzeigen.<\/span><\/span><\/span><\/li>\n<\/ul>\n<p><span style=\"color: #ff0000;\"><strong><span style=\"font-size: 14pt;\">Bitte setzen Sie sich mit unserem Kundenservice in Verbindung, bevor Sie die Jeep tour auf Teneriffa buchen. Senden Sie eine Nachricht \u00fcber den Live-Chat oder die Whatsapp-Nummer. Wir m\u00fcssen die Verf\u00fcgbarkeit der Touren, die Sprache (siehe Tabelle der Sprachen im Abschnitt &#8220;Abholservice und Sprachen&#8221;) und den Abholservice von Ihrem Gebiet best\u00e4tigen.<\/span><\/strong><\/span>[\/vc_column_text][\/vc_tta_section][vc_tta_section title=&#8221;ABHOLSERVICE UND SPRACHEN&#8221; tab_id=&#8221;1577669752866-707b0c8d-67a8d056-84c137ae-c7520eb8-2fde0f34-163a7388-0f84&#8243;][vc_column_text]<span style=\"font-size: 14pt;\">Der Abholservice im S\u00fcden von Teneriffa ist in der Gegend zwischen Los Gigantes und El Medano verf\u00fcgbar. Die Touren aus dem S\u00fcden sind:<\/span><\/p>\n<ul>\n<li><span style=\"font-size: 14pt;\">Teide halbtags,<\/span><\/li>\n<li><span style=\"font-size: 14pt;\">Teide &amp; Masca,<\/span><\/li>\n<li><span style=\"font-size: 14pt;\">La Gomera.<\/span><\/li>\n<\/ul>\n<p><span style=\"font-size: 14pt;\">Im Norden Teneriffas ist die Abholung in Puerto de la Cruz m\u00f6glich. Die Touren aus dem Norden sind:<\/span><\/p>\n<ul>\n<li><span style=\"font-size: 14pt;\">La Gomera,<\/span><\/li>\n<li><span style=\"font-size: 14pt;\">Masca.<\/span><\/li>\n<\/ul>\n<p><span style=\"font-size: 14pt; color: #ff0000;\">Im Allgemeinen h\u00e4ngt der Abholpunkt f\u00fcr die Jeep tour auf Teneriffa vom Ort ab. Es kann direkt von Ihrer Unterkunft oder von einem nahe gelegenen Punkt in Ihrer Umgebung sein. Abschlie\u00dfend bitten wir Sie, unseren Kundenservice zu kontaktieren, um die Verf\u00fcgbarkeit und die Details des Transports zu best\u00e4tigen.<\/span><\/p>\n<p>&nbsp;<\/p>\n<h3><span style=\"text-decoration: underline; font-size: 12pt; color: #000000;\"><strong>SPRACHEN JEEP TOUR TENERIFFA:<\/strong><\/span><\/h3>\n<table style=\"height: 143px; width: 100%; border-collapse: collapse; border-style: solid; border-color: #000000;\">\n<tbody>\n<tr style=\"border-style: solid; border-color: #000000;\">\n<td style=\"width: 14.2857%; height: 24px; text-align: center; border-style: solid; border-color: #000000;\"><span style=\"color: #0c610c;\"><strong>TOUR<\/strong><\/span><\/td>\n<td style=\"width: 14.2857%; height: 24px; text-align: center; border-style: solid; border-color: #000000;\"><span style=\"color: #ff6600;\"><strong>MONTAG<\/strong><\/span><\/td>\n<td style=\"width: 14.2857%; height: 24px; text-align: center; border-style: solid; border-color: #000000;\"><span style=\"color: #ff6600;\"><strong>DIENSTAG<\/strong><\/span><\/td>\n<td style=\"width: 14.2857%; height: 24px; text-align: center; border-style: solid; border-color: #000000;\"><span style=\"color: #ff6600;\"><strong>MITTWOCH<\/strong><\/span><\/td>\n<td style=\"width: 14.2857%; height: 24px; text-align: center; border-style: solid; border-color: #000000;\"><span style=\"color: #ff6600;\"><strong>DONNERSTAG<\/strong><\/span><\/td>\n<td style=\"width: 14.2857%; height: 24px; text-align: center; border-style: solid; border-color: #000000;\"><span style=\"color: #ff6600;\"><strong>FREITAG<\/strong><\/span><\/td>\n<td style=\"width: 14.2857%; height: 24px; text-align: center; border-style: solid; border-color: #000000;\"><span style=\"color: #ff6600;\"><strong>SAMSTAG<\/strong><\/span><\/td>\n<\/tr>\n<tr style=\"border-style: solid; border-color: #000000;\">\n<td style=\"width: 14.2857%; height: 24px; text-align: center; border-style: solid; border-color: #000000;\"><span style=\"color: #0c610c; font-size: 12pt;\"><strong>Teide halbtags<\/strong><\/span><\/td>\n<td style=\"width: 14.2857%; height: 24px; text-align: center; border-style: solid; border-color: #000000;\"><\/td>\n<td style=\"width: 14.2857%; height: 24px; text-align: center; border-style: solid; border-color: #000000;\">Englisch, Spanisch, Franz\u00f6sisch, Deutsch, Niederl\u00e4ndisch, Italienisch.<\/td>\n<td style=\"width: 14.2857%; height: 24px; text-align: center; border-style: solid; border-color: #000000;\">Spanisch, Franz\u00f6sisch, Deutsch, Niederl\u00e4ndisch, Italienisch.<\/td>\n<td style=\"width: 14.2857%; height: 24px; text-align: center; border-style: solid; border-color: #000000;\">Englisch, Spanisch, Franz\u00f6sisch, Deutsch, Niederl\u00e4ndisch, Italienisch.<\/td>\n<td style=\"width: 14.2857%; height: 24px; text-align: center; border-style: solid; border-color: #000000;\"><\/td>\n<td style=\"width: 14.2857%; height: 24px; text-align: center; border-style: solid; border-color: #000000;\">Englisch, Spanisch, Franz\u00f6sisch, Deutsch, Niederl\u00e4ndisch, Italienisch.<\/td>\n<\/tr>\n<tr style=\"border-style: solid; border-color: #000000;\">\n<td style=\"width: 14.2857%; height: 24px; text-align: center; border-style: solid; border-color: #000000;\"><span style=\"color: #0c610c;\"><strong>Teide &amp; Masca<\/strong><\/span><\/td>\n<td style=\"width: 14.2857%; height: 24px; text-align: center; border-style: solid; border-color: #000000;\">Spanisch, Franz\u00f6sisch, Deutsch, Niederl\u00e4ndisch, Italienisch..<\/td>\n<td style=\"width: 14.2857%; height: 24px; text-align: center; border-style: solid; border-color: #000000;\">Englisch, Spanisch, Franz\u00f6sisch, Deutsch, Niederl\u00e4ndisch, Italienisch.<\/td>\n<td style=\"width: 14.2857%; height: 24px; text-align: center; border-style: solid; border-color: #000000;\">Spanisch, Franz\u00f6sisch, Deutsch, Niederl\u00e4ndisch, Italienisch.<\/td>\n<td style=\"width: 14.2857%; height: 24px; text-align: center; border-style: solid; border-color: #000000;\">Englisch, Spanisch, Franz\u00f6sisch, Deutsch, Niederl\u00e4ndisch, Italienisch.<\/td>\n<td style=\"width: 14.2857%; height: 24px; text-align: center; border-style: solid; border-color: #000000;\">Spanisch, Franz\u00f6sisch, Deutsch, Niederl\u00e4ndisch, Italienisch.<\/td>\n<td style=\"width: 14.2857%; height: 24px; text-align: center; border-style: solid; border-color: #000000;\">Englisch, Spanisch, Franz\u00f6sisch, Deutsch, Niederl\u00e4ndisch, Italienisch.<\/td>\n<\/tr>\n<tr style=\"border-style: solid; border-color: #000000;\">\n<td style=\"width: 14.2857%; height: 24px; text-align: center; border-style: solid; border-color: #000000;\"><span style=\"color: #0c610c;\"><strong>La Gomera von Puerto de la Cruz aus<\/strong><\/span><\/td>\n<td style=\"width: 14.2857%; height: 24px; text-align: center; border-style: solid; border-color: #000000;\">Englisch, Spanisch, Franz\u00f6sisch, Deutsch, Niederl\u00e4ndisch, Italienisch, Polnisch.<\/td>\n<td style=\"width: 14.2857%; height: 24px; text-align: center; border-style: solid; border-color: #000000;\"><\/td>\n<td style=\"width: 14.2857%; height: 24px; text-align: center; border-style: solid; border-color: #000000;\"><\/td>\n<td style=\"width: 14.2857%; height: 24px; text-align: center; border-style: solid; border-color: #000000;\"><\/td>\n<td style=\"width: 14.2857%; height: 24px; text-align: center; border-style: solid; border-color: #000000;\">Englisch, Spanisch, Franz\u00f6sisch, Deutsch, Niederl\u00e4ndisch, Italienisch.<\/td>\n<td style=\"width: 14.2857%; height: 24px; text-align: center; border-style: solid; border-color: #000000;\"><\/td>\n<\/tr>\n<tr style=\"border-style: solid; border-color: #000000;\">\n<td style=\"width: 14.2857%; height: 24px; text-align: center; border-style: solid; border-color: #000000;\"><span style=\"color: #0c610c;\"><strong>La Gomera von S\u00fcden<\/strong><\/span><\/td>\n<td style=\"width: 14.2857%; height: 24px; text-align: center; border-style: solid; border-color: #000000;\">Englisch, Spanisch, Franz\u00f6sisch, Deutsch, Niederl\u00e4ndisch, Italienisch, Polnisch.<\/td>\n<td style=\"width: 14.2857%; height: 24px; text-align: center; border-style: solid; border-color: #000000;\">Spanisch, Franz\u00f6sisch, Deutsch, Niederl\u00e4ndisch, Italienisch.<\/td>\n<td style=\"width: 14.2857%; height: 24px; text-align: center; border-style: solid; border-color: #000000;\">Spanisch, Franz\u00f6sisch, Deutsch, Niederl\u00e4ndisch, Italienisch, Polnisch.<\/td>\n<td style=\"width: 14.2857%; height: 24px; text-align: center; border-style: solid; border-color: #000000;\">Spanisch, Franz\u00f6sisch, Deutsch, Niederl\u00e4ndisch, Italienisch.<\/td>\n<td style=\"width: 14.2857%; height: 24px; text-align: center; border-style: solid; border-color: #000000;\">Englisch, Spanisch, Franz\u00f6sisch, Deutsch, Niederl\u00e4ndisch, Italienisch.<\/td>\n<td style=\"width: 14.2857%; height: 24px; text-align: center; border-style: solid; border-color: #000000;\">Spanisch, Franz\u00f6sisch, Deutsch, Niederl\u00e4ndisch, Italienisch, Polnisch.<\/td>\n<\/tr>\n<tr style=\"border-style: solid; border-color: #000000;\">\n<td style=\"width: 14.2857%; height: 23px; text-align: center; border-style: solid; border-color: #000000;\"><span style=\"color: #0c610c;\"><strong>Masca<\/strong><\/span><\/td>\n<td style=\"width: 14.2857%; height: 23px; text-align: center; border-style: solid; border-color: #000000;\"><\/td>\n<td style=\"width: 14.2857%; height: 23px; text-align: center; border-style: solid; border-color: #000000;\"><\/td>\n<td style=\"width: 14.2857%; height: 23px; text-align: center; border-style: solid; border-color: #000000;\">Englisch, Spanisch, Franz\u00f6sisch, Deutsch, Italienisch.<\/td>\n<td style=\"width: 14.2857%; height: 23px; text-align: center; border-style: solid; border-color: #000000;\"><\/td>\n<td style=\"width: 14.2857%; height: 23px; text-align: center; border-style: solid; border-color: #000000;\"><\/td>\n<td style=\"width: 14.2857%; height: 23px; text-align: center; border-style: solid; border-color: #000000;\"><\/td>\n<\/tr>\n<\/tbody>\n<\/table>\n<h6><\/h6>\n<p>&nbsp;<\/p>\n<h6><strong>Schauen Sie sich das Video an, machen Sie sich ein Bild von der Jeep tour auf Teneriffa und buchen Sie sie gleich jetzt!<\/strong><\/h6>\n<p>[\/vc_column_text][\/vc_tta_section][\/vc_tta_accordion]<style type=\"text\/css\">.thegem-button-69dd38f2882dd4491 .gem-button svg {fill: #ffffff;}.thegem-button-69dd38f2882dd4491 .gem-button:hover svg {fill: #312c7a;}<\/style><div class=\"gem-button-container gem-button-position-center thegem-button-69dd38f2882dd4491    \"  ><a class=\"gem-button gem-button-size-small gem-button-style-flat gem-button-text-weight-normal\" data-ll-effect=\"drop-right-without-wrap\" style=\"border-radius: 3px;background-color: #312c7a;color: #ffffff;\" onmouseleave=\"this.style.backgroundColor='#312c7a';this.style.color='#ffffff';\" onmouseenter=\"this.style.backgroundColor='#f6eb14';this.style.color='#312c7a';\" href=\"#preise-jeepalsbeifahrer\" target=\"_self\">PREISE<\/a><\/div> [\/vc_column][\/vc_row][vc_row full_width=&#8221;stretch_row_content&#8221; css=&#8221;.vc_custom_1577474711662{background-color: #312c7a !important;background-position: center !important;background-repeat: no-repeat !important;background-size: cover !important;}&#8221;][vc_column][vc_column_text css=&#8221;.vc_custom_1610146191001{background-position: center !important;background-repeat: no-repeat !important;background-size: cover !important;}&#8221; css_animation=&#8221;fadeIn&#8221;]<\/p>\n<p class=\"title-h2\" style=\"text-align: center;\"><span style=\"color: #ffffff; font-size: 18pt;\">BUCHEN SIE JETZT<\/span><\/p>\n<p>[\/vc_column_text][vc_empty_space height=&#8221;10&#8243; el_id=&#8221;preise-jeepalsbeifahrer&#8221;][\/vc_column][\/vc_row]<\/p>\n<\/div>","protected":false},"excerpt":{"rendered":"<p>[vc_row full_width=&#8221;stretch_row_content_no_spaces&#8221;][vc_column][vc_column_text css=&#8221;.vc_custom_1743514839053{background-color: #F6EB14 !important;background-position: center !important;background-repeat: no-repeat !important;background-size: cover !important;}&#8221; css_animation=&#8221;fadeIn&#8221;] Jeep als Beifahrer [\/vc_column_text][\/vc_column][\/vc_row][vc_row][vc_column][vc_column_text] Eine Jeep tour auf&#8230;<\/p>\n","protected":false},"featured_media":432086,"template":"","meta":{"_acf_changed":false,"_seopress_robots_primary_cat":"2771","_seopress_titles_title":"Jeep Tour Teneriffa. Buchen Sie jetzt und entdecken Sie die Insel","_seopress_titles_desc":"Jeep tour Teneriffa, eine der besten M\u00f6glichkeiten, die Insel zu erkunden. Viele Sprachen verf\u00fcgbar, Abholservice und verschiedene Touren","_seopress_robots_index":""},"product_brand":[],"product_cat":[2771],"product_tag":[2911,2831,2832,2910,2909],"class_list":{"0":"post-433789","1":"product","2":"type-product","3":"status-publish","4":"has-post-thumbnail","6":"product_cat-land-abenteuer","7":"product_tag-jeep-safari-la-gomera-de","8":"product_tag-jeep-safari-teneriffa","9":"product_tag-jeep-teneriffa","10":"product_tag-jeep-tour-la-gomera","11":"product_tag-jeep-tour-teneriffa","13":"first","14":"instock","15":"virtual","16":"sold-individually","17":"taxable","18":"purchasable","19":"product-type-booking"},"booking_location":"","booking_location_type":"","booking_duration":1,"booking_duration_unit":"day","booking_buffer":0,"booking_cost":0,"booking_resources":[],"acf":[],"_links":{"self":[{"href":"https:\/\/tenerife-trips.com\/de\/wp-json\/wp\/v2\/product\/433789","targetHints":{"allow":["GET"]}}],"collection":[{"href":"https:\/\/tenerife-trips.com\/de\/wp-json\/wp\/v2\/product"}],"about":[{"href":"https:\/\/tenerife-trips.com\/de\/wp-json\/wp\/v2\/types\/product"}],"wp:featuredmedia":[{"embeddable":true,"href":"https:\/\/tenerife-trips.com\/de\/wp-json\/wp\/v2\/media\/432086"}],"wp:attachment":[{"href":"https:\/\/tenerife-trips.com\/de\/wp-json\/wp\/v2\/media?parent=433789"}],"wp:term":[{"taxonomy":"product_brand","embeddable":true,"href":"https:\/\/tenerife-trips.com\/de\/wp-json\/wp\/v2\/product_brand?post=433789"},{"taxonomy":"product_cat","embeddable":true,"href":"https:\/\/tenerife-trips.com\/de\/wp-json\/wp\/v2\/product_cat?post=433789"},{"taxonomy":"product_tag","embeddable":true,"href":"https:\/\/tenerife-trips.com\/de\/wp-json\/wp\/v2\/product_tag?post=433789"}],"curies":[{"name":"wp","href":"https:\/\/api.w.org\/{rel}","templated":true}]}}