{"id":537891,"date":"2022-12-03T18:02:09","date_gmt":"2022-12-03T18:02:09","guid":{"rendered":"https:\/\/tenerife-trips.com\/?post_type=product&#038;p=537891"},"modified":"2025-12-03T11:18:57","modified_gmt":"2025-12-03T11:18:57","slug":"aqualand-teneriffa","status":"publish","type":"product","link":"https:\/\/tenerife-trips.com\/de\/product\/themenparks\/aqualand-teneriffa\/","title":{"rendered":"AQUALAND"},"content":{"rendered":"<div class=\"wpb-content-wrapper\"><p>[vc_row full_width=&#8221;stretch_row_content_no_spaces&#8221;][vc_column][vc_column_text css=&#8221;.vc_custom_1743514901420{background-color: #F6EB14 !important;background-position: center !important;background-repeat: no-repeat !important;background-size: cover !important;}&#8221; css_animation=&#8221;fadeIn&#8221;]<\/p>\n<h1 class=\"title-h2\" style=\"text-align: center;\"><span style=\"font-size: 18pt; color: #312c7a;\">AQUALAND<\/span><\/h1>\n<p>[\/vc_column_text][\/vc_column][\/vc_row][vc_row][vc_column][vc_column_text]<\/p>\n<p style=\"text-align: center;\"><span style=\"font-size: 14pt;\">Das Aqualand Teneriffa ist definitiv einer der besten Wasserparks der Insel und beherbergt auch ein Delphinarium.<\/span><\/p>\n<p style=\"text-decoration: underline; text-align: center;\"><span style=\"font-size: 14pt; color: #312c7a;\"><strong>\u21d3 Siehe weitere Beschreibung unten \u21d3<\/strong><\/span><\/p>\n<p>[\/vc_column_text][\/vc_column][\/vc_row][vc_row full_width=&#8221;stretch_row_content&#8221; full_height=&#8221;yes&#8221; css=&#8221;.vc_custom_1576192123211{background-color: #312c7a !important;background-position: center !important;background-repeat: no-repeat !important;background-size: cover !important;}&#8221;][vc_column]<div class=\"gem-vimeo gem-wrapbox gem-wrapbox-style-no-style rounded-corners gem-wrapbox-position-below\" style=\"width: 100%;\"><div class=\"gem-wrapbox-inner gem-ratio-style\" style=\"padding-top: 56.25%\"><iframe webkitallowfullscreen=\"true\" mozallowfullscreen=\"true\" allowfullscreen=\"true\" class=\"gem-wrapbox-element img-responsive\" frameborder=\"0\" scrolling=\"no\" marginheight=\"0\" marginwidth=\"0\" src=\"\/\/player.vimeo.com\/video\/776280567?title=0&amp;byline=0&amp;portrait=0 \"><\/iframe><\/div><\/div>[vc_empty_space]<div class=\"preloader\"><div class=\"preloader-spin\"><\/div><\/div> <div id=\"gem-gallery-69dec1c19dbfc\" class=\"gem-gallery gem-gallery-hover-zooming-blur\"> <div class=\"gem-gallery-item\"> <div class=\"gem-gallery-item-image\"> <a href=\"https:\/\/tenerife-trips.com\/wp-content\/uploads\/2022\/12\/Aqualand-Tenerife-1-thegem-gallery-sidebar.jpg\" data-fancybox-group=\"gallery-69dec1c19dbfc\" data-full-image-url=\"https:\/\/tenerife-trips.com\/wp-content\/uploads\/2022\/12\/Aqualand-Tenerife-1.jpg\"> <svg width=\"20\" height=\"10\"><path d=\"M 0,10 Q 9,9 10,0 Q 11,9 20,10\" \/><\/svg> <img src=\"https:\/\/tenerife-trips.com\/wp-content\/uploads\/2022\/12\/Aqualand-Tenerife-1-thegem-post-thumb-small.jpg\" alt=\"Aqualand Tenerife\" class=\"img-responsive\"> <span class=\"gem-gallery-caption slide-info\"> <\/span> <\/a> <span class=\"gem-gallery-line\"><\/span> <\/div> <\/div> <div class=\"gem-gallery-item\"> <div class=\"gem-gallery-item-image\"> <a href=\"https:\/\/tenerife-trips.com\/wp-content\/uploads\/2022\/12\/Aqualand-Tenerife-thegem-gallery-sidebar.jpg\" data-fancybox-group=\"gallery-69dec1c19dbfc\" data-full-image-url=\"https:\/\/tenerife-trips.com\/wp-content\/uploads\/2022\/12\/Aqualand-Tenerife.jpg\"> <svg width=\"20\" height=\"10\"><path d=\"M 0,10 Q 9,9 10,0 Q 11,9 20,10\" \/><\/svg> <img src=\"https:\/\/tenerife-trips.com\/wp-content\/uploads\/2022\/12\/Aqualand-Tenerife-thegem-post-thumb-small.jpg\" alt=\"Aqualand Tenerife\" class=\"img-responsive\"> <span class=\"gem-gallery-caption slide-info\"> <\/span> <\/a> <span class=\"gem-gallery-line\"><\/span> <\/div> <\/div> <div class=\"gem-gallery-item\"> <div class=\"gem-gallery-item-image\"> <a href=\"https:\/\/tenerife-trips.com\/wp-content\/uploads\/2022\/12\/Aqualand-Tenerife-2-thegem-gallery-sidebar.jpg\" data-fancybox-group=\"gallery-69dec1c19dbfc\" data-full-image-url=\"https:\/\/tenerife-trips.com\/wp-content\/uploads\/2022\/12\/Aqualand-Tenerife-2.jpg\"> <svg width=\"20\" height=\"10\"><path d=\"M 0,10 Q 9,9 10,0 Q 11,9 20,10\" \/><\/svg> <img src=\"https:\/\/tenerife-trips.com\/wp-content\/uploads\/2022\/12\/Aqualand-Tenerife-2-thegem-post-thumb-small.jpg\" alt=\"Aqualand Tenerife\" class=\"img-responsive\"> <span class=\"gem-gallery-caption slide-info\"> <\/span> <\/a> <span class=\"gem-gallery-line\"><\/span> <\/div> <\/div> <div class=\"gem-gallery-item\"> <div class=\"gem-gallery-item-image\"> <a href=\"https:\/\/tenerife-trips.com\/wp-content\/uploads\/2022\/12\/Aqualand-Tenerife-3-thegem-gallery-sidebar.jpg\" data-fancybox-group=\"gallery-69dec1c19dbfc\" data-full-image-url=\"https:\/\/tenerife-trips.com\/wp-content\/uploads\/2022\/12\/Aqualand-Tenerife-3.jpg\"> <svg width=\"20\" height=\"10\"><path d=\"M 0,10 Q 9,9 10,0 Q 11,9 20,10\" \/><\/svg> <img src=\"https:\/\/tenerife-trips.com\/wp-content\/uploads\/2022\/12\/Aqualand-Tenerife-3-thegem-post-thumb-small.jpg\" alt=\"Aqualand Tenerife\" class=\"img-responsive\"> <span class=\"gem-gallery-caption slide-info\"> <\/span> <\/a> <span class=\"gem-gallery-line\"><\/span> <\/div> <\/div> <div class=\"gem-gallery-item\"> <div class=\"gem-gallery-item-image\"> <a href=\"https:\/\/tenerife-trips.com\/wp-content\/uploads\/2022\/12\/Aqualand-Tenerife-4-thegem-gallery-sidebar.jpg\" data-fancybox-group=\"gallery-69dec1c19dbfc\" data-full-image-url=\"https:\/\/tenerife-trips.com\/wp-content\/uploads\/2022\/12\/Aqualand-Tenerife-4.jpg\"> <svg width=\"20\" height=\"10\"><path d=\"M 0,10 Q 9,9 10,0 Q 11,9 20,10\" \/><\/svg> <img src=\"https:\/\/tenerife-trips.com\/wp-content\/uploads\/2022\/12\/Aqualand-Tenerife-4-thegem-post-thumb-small.jpg\" alt=\"Aqualand Tenerife\" class=\"img-responsive\"> <span class=\"gem-gallery-caption slide-info\"> <\/span> <\/a> <span class=\"gem-gallery-line\"><\/span> <\/div> <\/div> <div class=\"gem-gallery-item\"> <div class=\"gem-gallery-item-image\"> <a href=\"https:\/\/tenerife-trips.com\/wp-content\/uploads\/2022\/12\/Aqualand-Tenerife-5-thegem-gallery-sidebar.jpg\" data-fancybox-group=\"gallery-69dec1c19dbfc\" data-full-image-url=\"https:\/\/tenerife-trips.com\/wp-content\/uploads\/2022\/12\/Aqualand-Tenerife-5.jpg\"> <svg width=\"20\" height=\"10\"><path d=\"M 0,10 Q 9,9 10,0 Q 11,9 20,10\" \/><\/svg> <img src=\"https:\/\/tenerife-trips.com\/wp-content\/uploads\/2022\/12\/Aqualand-Tenerife-5-thegem-post-thumb-small.jpg\" alt=\"Aqualand Tenerife\" class=\"img-responsive\"> <span class=\"gem-gallery-caption slide-info\"> <\/span> <\/a> <span class=\"gem-gallery-line\"><\/span> <\/div> <\/div> <\/div>[vc_empty_space][\/vc_column][\/vc_row][vc_row full_width=&#8221;stretch_row&#8221; css=&#8221;.vc_custom_1577672701198{background-color: #312c7a !important;background-position: center !important;background-repeat: no-repeat !important;background-size: cover !important;}&#8221;][vc_column][vc_column_text]<\/p>\n<h3 style=\"text-align: center;\"><span style=\"color: #ffffff; font-size: 18pt;\">BESCHREIBUNG<\/span><\/h3>\n<p>[\/vc_column_text][\/vc_column][\/vc_row][vc_row][vc_column][vc_tta_accordion style=&#8221;simple_solid&#8221; color=&#8221;blue&#8221; c_icon=&#8221;chevron&#8221; active_section=&#8221;-00&#8243; collapsible_all=&#8221;true&#8221;][vc_tta_section title=&#8221;INFORMATIONEN \u00dcBER DEN PARK&#8221; tab_id=&#8221;1577672666530-17510263-e5b3731c-73a3d581-0129b138-5871&#8243;][vc_column_text]<\/p>\n<h3><span style=\"font-size: 12pt;\">Das Aqualand Teneriffa ist sicherlich einer der besten <a href=\"https:\/\/www.tenerife-trips.com\/themenparks-teneriffa\/?lang=de\" target=\"_blank\" rel=\"noopener\">WASSERPARKS<\/a> der Insel. ER befindet sich in der Nachbarschaft von <a href=\"https:\/\/goo.gl\/maps\/UcvMBsiiQBpWiKxF9\" target=\"_blank\" rel=\"noopener\">SAN EUGENIO<\/a> in Playa de Las Americas.<\/span><\/h3>\n<p><span style=\"font-size: 14pt;\">Wenn Sie sich im S\u00fcden Teneriffas aufhalten, k\u00f6nnen Sie den Park leicht mit dem Taxi erreichen. Wenn nicht, k\u00f6nnen Sie einen Bus nehmen und am <a href=\"https:\/\/goo.gl\/maps\/9YxVMuzqkWunFAMC6\" target=\"_blank\" rel=\"noopener\">Hauptbahnhof in Costa Adeje<\/a> aussteigen. Von dort aus erreichen Sie das Aqualand Teneriffa zu Fu\u00df in 5 Minuten.<\/span><\/p>\n<p><span style=\"font-size: 14pt;\">Der Park ist f\u00fcr jeden geeignet, da es verschiedene Vergn\u00fcgungsattraktionen f\u00fcr Erwachsene und Kinder gibt. Im Aqualand Teneriffa gibt es unz\u00e4hlige Rutschen, Schwimmb\u00e4der, Hydromassage, Lazy River, Wellenbad und einen Kinderbereich. Au\u00dferdem finden Sie hier alle Dienstleistungen wie Bar, Restaurant, Toiletten und Sonnenliegen.<\/span><\/p>\n<p><span style=\"font-size: 14pt;\">Das Aqualand Teneriffa beherbergt auch ein Delphinarium, in dem Sie eine der besten Delphinshows der Insel erleben k\u00f6nnen. Sie finden in der Regel um 15:30 Uhr statt (die Uhrzeit kann sich \u00e4ndern, also informieren Sie sich am Eingang). Diese Attraktion bietet verschiedene Interaktionsprogramme f\u00fcr Besucher an, bei denen Sie die Delfine kennen lernen und mit ihnen interagieren k\u00f6nnen. Weitere Informationen dazu erhalten Sie am Eingang.<\/span><\/p>\n<p><span style=\"font-size: 14pt;\">Der Park unterh\u00e4lt ein Zuchtprogramm, um die Erhaltung der im Delfinarium lebenden Delfinart, des Gro\u00dfen T\u00fcmmlers (Tursiops truncatus), sicherzustellen. Dar\u00fcber hinaus f\u00fchren die Biologen des Parks Studien \u00fcber die Kommunikation der Delfine durch.<\/span><\/p>\n<p><span style=\"font-size: 14pt;\">Wenn Sie den Jungle Park zusammen mit dem Aqualand Teneriffa besuchen m\u00f6chten, k\u00f6nnen Sie das &#8220;Two-Parks-Ticket&#8221; kaufen und erhalten einen Rabatt auf den Preis.<\/span><\/p>\n<p><img alt=\"\" class=\" wp-image-430153 aligncenter\" src=\"https:\/\/www.tenerife-trips.com\/wp-content\/uploads\/2022\/12\/Aqualand-Tenerife-map-300x262.png\" alt=\"\" width=\"914\" height=\"798\" srcset=\"https:\/\/tenerife-trips.com\/wp-content\/uploads\/2022\/12\/Aqualand-Tenerife-map-300x262.png 300w, https:\/\/tenerife-trips.com\/wp-content\/uploads\/2022\/12\/Aqualand-Tenerife-map-600x523.png 600w, https:\/\/tenerife-trips.com\/wp-content\/uploads\/2022\/12\/Aqualand-Tenerife-map-768x670.png 768w, https:\/\/tenerife-trips.com\/wp-content\/uploads\/2022\/12\/Aqualand-Tenerife-map.png 987w\" sizes=\"(max-width: 914px) 100vw, 914px\" \/>[\/vc_column_text][\/vc_tta_section][vc_tta_section title=&#8221;\u00d6FFNUNGSZEITEN&#8221; tab_id=&#8221;1670090625298-42d6241a-cc81b138-5871&#8243;][vc_column_text]<span style=\"font-size: 14pt;\">Die \u00d6ffnungszeiten des Aqualand Teneriffa sind im Winter von 10:00 bis 17:00 Uhr und im Sommer von 10:00 bis 18:00 Uhr. Die Attraktionen schlie\u00dfen 30 Minuten vor der Schlie\u00dfzeit. Der Park ist jeden Tag ge\u00f6ffnet.<\/span>[\/vc_column_text][\/vc_tta_section][\/vc_tta_accordion][vc_empty_space height=&#8221;30&#8243;]<style type=\"text\/css\">.thegem-button-69dec1c19f3892990 .gem-button svg {fill: #ffffff;}.thegem-button-69dec1c19f3892990 .gem-button:hover svg {fill: #312c7a;}<\/style><div class=\"gem-button-container gem-button-position-center thegem-button-69dec1c19f3892990    \"  ><a class=\"gem-button gem-button-size-small gem-button-style-flat gem-button-text-weight-normal\" data-ll-effect=\"drop-right-without-wrap\" style=\"border-radius: 3px;background-color: #312c7a;color: #ffffff;\" onmouseleave=\"this.style.backgroundColor='#312c7a';this.style.color='#ffffff';\" onmouseenter=\"this.style.backgroundColor='#f6eb14';this.style.color='#312c7a';\" href=\"#prices-aqua\" target=\"_self\">PREISE<\/a><\/div> [\/vc_column][\/vc_row][vc_row full_width=&#8221;stretch_row_content&#8221; content_placement=&#8221;middle&#8221; css=&#8221;.vc_custom_1577490015218{background-color: #312c7a !important;background-position: center !important;background-repeat: no-repeat !important;background-size: cover !important;}&#8221;][vc_column][vc_column_text]<\/p>\n<h3 style=\"text-align: center;\"><span style=\"font-size: 18pt;\"><strong><span style=\"color: #ffffff;\">BUCHEN SIE JETZT<\/span><\/strong><\/span><\/h3>\n<p>[\/vc_column_text][vc_empty_space height=&#8221;10px&#8221;][\/vc_column][\/vc_row][vc_section][vc_row][vc_column][vc_empty_space height=&#8221;1px&#8221;][\/vc_column][\/vc_row][vc_row][vc_column width=&#8221;1\/3&#8243;][vc_empty_space][vc_empty_space][vc_column_text]<span style=\"font-family: helvetica, arial, sans-serif;\"><strong>M\u00d6CHTEN SIE EIN GESCHENK MACHEN?<\/strong><\/span>[\/vc_column_text][\/vc_column][vc_column width=&#8221;1\/3&#8243;][vc_single_image image=&#8221;451884&#8243; img_size=&#8221;medium&#8221; alignment=&#8221;center&#8221; style=&#8221;vc_box_rounded&#8221; onclick=&#8221;custom_link&#8221; img_link_target=&#8221;_blank&#8221; link=&#8221;https:\/\/tenerife-trips.com\/product\/wps_wgm_giftcard-3\/geschenkkarte\/?lang=de&#8221;][\/vc_column][vc_column width=&#8221;1\/3&#8243;]<style type=\"text\/css\">.thegem-button-69dec1c19fdcb9161 .gem-button svg {fill: #ffffff;}.thegem-button-69dec1c19fdcb9161 .gem-button:hover svg {fill: #ffffff;}<\/style><div class=\"gem-button-container gem-button-position-center thegem-button-69dec1c19fdcb9161    \"  ><a class=\"gem-button gem-button-size-medium gem-button-style-flat gem-button-text-weight-normal gem-button-icon-position-left  gem-button-tablet-size-medium gem-button-mobile-size-medium\" data-ll-effect=\"drop-right-without-wrap\" style=\"border-radius: 3px;background-color: #1a9144;color: #ffffff;\" onmouseleave=\"this.style.backgroundColor='#1a9144';this.style.color='#ffffff';\" onmouseenter=\"this.style.backgroundColor='#312c7a';this.style.color='#ffffff';\" href=\"https:\/\/tenerife-trips.com\/product\/wps_wgm_giftcard-3\/geschenkkarte\/?lang=de\" target=\"_blank\" id=\"giftjetski\"><i class=\"gem-print-icon gem-icon-pack-elegant \">&#xe073;<\/i>EINE GESCHENKKARTE KAUFEN<\/a><\/div> [\/vc_column][\/vc_row][\/vc_section][vc_row][vc_column][vc_empty_space el_id=&#8221;prices-aqua&#8221;][\/vc_column][\/vc_row]<\/p>\n<\/div>","protected":false},"excerpt":{"rendered":"<p>[vc_row full_width=&#8221;stretch_row_content_no_spaces&#8221;][vc_column][vc_column_text css=&#8221;.vc_custom_1743514901420{background-color: #F6EB14 !important;background-position: center !important;background-repeat: no-repeat !important;background-size: cover !important;}&#8221; css_animation=&#8221;fadeIn&#8221;] AQUALAND [\/vc_column_text][\/vc_column][\/vc_row][vc_row][vc_column][vc_column_text] Das Aqualand Teneriffa ist definitiv einer&#8230;<\/p>\n","protected":false},"featured_media":537892,"template":"","meta":{"_acf_changed":false,"_seopress_robots_primary_cat":"2774","_seopress_titles_title":"Aqualand Teneriffa, kaufen Sie Ihre Tickets jetzt online","_seopress_titles_desc":"Das Aqualand Teneriffa ist definitiv einer der besten Wasserparks der Insel und beherbergt auch ein Delphinarium. Kaufen Sie Ihre Tickets jetzt online","_seopress_robots_index":""},"product_brand":[],"product_cat":[2774],"product_tag":[],"class_list":{"0":"post-537891","1":"product","2":"type-product","3":"status-publish","4":"has-post-thumbnail","6":"product_cat-themenparks","8":"first","9":"instock","10":"virtual","11":"sold-individually","12":"taxable","13":"purchasable","14":"product-type-booking"},"booking_location":"","booking_location_type":"","booking_duration":1,"booking_duration_unit":"day","booking_buffer":0,"booking_cost":0,"booking_resources":[],"acf":[],"_links":{"self":[{"href":"https:\/\/tenerife-trips.com\/de\/wp-json\/wp\/v2\/product\/537891","targetHints":{"allow":["GET"]}}],"collection":[{"href":"https:\/\/tenerife-trips.com\/de\/wp-json\/wp\/v2\/product"}],"about":[{"href":"https:\/\/tenerife-trips.com\/de\/wp-json\/wp\/v2\/types\/product"}],"wp:featuredmedia":[{"embeddable":true,"href":"https:\/\/tenerife-trips.com\/de\/wp-json\/wp\/v2\/media\/537892"}],"wp:attachment":[{"href":"https:\/\/tenerife-trips.com\/de\/wp-json\/wp\/v2\/media?parent=537891"}],"wp:term":[{"taxonomy":"product_brand","embeddable":true,"href":"https:\/\/tenerife-trips.com\/de\/wp-json\/wp\/v2\/product_brand?post=537891"},{"taxonomy":"product_cat","embeddable":true,"href":"https:\/\/tenerife-trips.com\/de\/wp-json\/wp\/v2\/product_cat?post=537891"},{"taxonomy":"product_tag","embeddable":true,"href":"https:\/\/tenerife-trips.com\/de\/wp-json\/wp\/v2\/product_tag?post=537891"}],"curies":[{"name":"wp","href":"https:\/\/api.w.org\/{rel}","templated":true}]}}