{"id":93164,"date":"2018-01-15T21:51:26","date_gmt":"2018-01-15T21:51:26","guid":{"rendered":"https:\/\/tenerife-trips.com\/?post_type=product&#038;p=93164"},"modified":"2025-12-03T11:15:59","modified_gmt":"2025-12-03T11:15:59","slug":"jet-ski-teneriffa","status":"publish","type":"product","link":"https:\/\/tenerife-trips.com\/de\/product\/wassersport\/jet-ski-teneriffa\/","title":{"rendered":"Jet Ski"},"content":{"rendered":"<div class=\"wpb-content-wrapper\"><p>[vc_row full_width=&#8221;stretch_row_content_no_spaces&#8221;][vc_column][vc_column_text css=&#8221;.vc_custom_1743522345313{background-color: #F6EB14 !important;background-position: center !important;background-repeat: no-repeat !important;background-size: cover !important;}&#8221; css_animation=&#8221;fadeIn&#8221;]<\/p>\n<h1 class=\"title-h2\" style=\"text-align: center;\"><span style=\"font-size: 18pt; color: #312c7a;\">Jet Ski<\/span><\/h1>\n<p>[\/vc_column_text][\/vc_column][\/vc_row][vc_row][vc_column][vc_column_text]<\/p>\n<p style=\"text-align: center;\"><span style=\"font-size: 14pt;\">Unser Jet Ski Teneriffa wird die beste Erinnerung an Ihren Urlaub auf den <a href=\"https:\/\/de.wikipedia.org\/wiki\/Kanarische_Inseln\" target=\"_blank\" rel=\"noopener\">Kanarischen Inseln<\/a> sein. Es ist definitiv eine der <a href=\"https:\/\/www.tenerife-trips.com\/wassersport-teneriffa\/?lang=de\" target=\"_blank\" rel=\"noopener\">besten Wassersportarten<\/a>!<\/span><\/p>\n<p style=\"text-decoration: underline; text-align: center;\"><span style=\"font-size: 14pt; color: #312c7a;\"><strong>\u21d3 Siehe weitere Beschreibung unten \u21d3<\/strong><\/span><\/p>\n<p>[\/vc_column_text][\/vc_column][\/vc_row][vc_row full_width=&#8221;stretch_row_content&#8221; full_height=&#8221;yes&#8221; css=&#8221;.vc_custom_1576192123211{background-color: #312c7a !important;background-position: center !important;background-repeat: no-repeat !important;background-size: cover !important;}&#8221;][vc_column]<div class=\"gem-vimeo gem-wrapbox gem-wrapbox-style-no-style rounded-corners gem-wrapbox-position-below\" style=\"width: 100%;\"><div class=\"gem-wrapbox-inner gem-ratio-style\" style=\"padding-top: 56.25%\"><iframe webkitallowfullscreen=\"true\" mozallowfullscreen=\"true\" allowfullscreen=\"true\" class=\"gem-wrapbox-element img-responsive\" frameborder=\"0\" scrolling=\"no\" marginheight=\"0\" marginwidth=\"0\" src=\"\/\/player.vimeo.com\/video\/306713519?title=0&amp;byline=0&amp;portrait=0 \"><\/iframe><\/div><\/div>[vc_empty_space]<div class=\"preloader\"><div class=\"preloader-spin\"><\/div><\/div> <div id=\"gem-gallery-69debafec9567\" class=\"gem-gallery gem-gallery-hover-zooming-blur\"> <div class=\"gem-gallery-item\"> <div class=\"gem-gallery-item-image\"> <a href=\"https:\/\/tenerife-trips.com\/wp-content\/uploads\/2019\/12\/3-leg-thegem-gallery-sidebar.jpg\" data-fancybox-group=\"gallery-69debafec9567\" data-full-image-url=\"https:\/\/tenerife-trips.com\/wp-content\/uploads\/2019\/12\/3-leg.jpg\"> <svg width=\"20\" height=\"10\"><path d=\"M 0,10 Q 9,9 10,0 Q 11,9 20,10\" \/><\/svg> <img src=\"https:\/\/tenerife-trips.com\/wp-content\/uploads\/2019\/12\/3-leg-thegem-post-thumb-small.jpg\" alt=\"moto d'acqua Tenerife\" class=\"img-responsive\"> <span class=\"gem-gallery-caption slide-info\"> <\/span> <\/a> <span class=\"gem-gallery-line\"><\/span> <\/div> <\/div> <div class=\"gem-gallery-item\"> <div class=\"gem-gallery-item-image\"> <a href=\"https:\/\/tenerife-trips.com\/wp-content\/uploads\/2019\/12\/2-leg-thegem-gallery-sidebar.jpg\" data-fancybox-group=\"gallery-69debafec9567\" data-full-image-url=\"https:\/\/tenerife-trips.com\/wp-content\/uploads\/2019\/12\/2-leg.jpg\"> <svg width=\"20\" height=\"10\"><path d=\"M 0,10 Q 9,9 10,0 Q 11,9 20,10\" \/><\/svg> <img src=\"https:\/\/tenerife-trips.com\/wp-content\/uploads\/2019\/12\/2-leg-thegem-post-thumb-small.jpg\" alt=\"moto de agua Tenerife\" class=\"img-responsive\"> <span class=\"gem-gallery-caption slide-info\"> <\/span> <\/a> <span class=\"gem-gallery-line\"><\/span> <\/div> <\/div> <div class=\"gem-gallery-item\"> <div class=\"gem-gallery-item-image\"> <a href=\"https:\/\/tenerife-trips.com\/wp-content\/uploads\/2018\/01\/Jet-Ski-Tenerife-1-thegem-gallery-sidebar.jpg\" data-fancybox-group=\"gallery-69debafec9567\" data-full-image-url=\"https:\/\/tenerife-trips.com\/wp-content\/uploads\/2018\/01\/Jet-Ski-Tenerife-1.jpg\"> <svg width=\"20\" height=\"10\"><path d=\"M 0,10 Q 9,9 10,0 Q 11,9 20,10\" \/><\/svg> <img src=\"https:\/\/tenerife-trips.com\/wp-content\/uploads\/2018\/01\/Jet-Ski-Tenerife-1-thegem-post-thumb-small.jpg\" alt=\"Jet Ski Tenerife\" class=\"img-responsive\"> <span class=\"gem-gallery-caption slide-info\"> <\/span> <\/a> <span class=\"gem-gallery-line\"><\/span> <\/div> <\/div> <div class=\"gem-gallery-item\"> <div class=\"gem-gallery-item-image\"> <a href=\"https:\/\/tenerife-trips.com\/wp-content\/uploads\/2019\/12\/1-leg-thegem-gallery-sidebar.jpg\" data-fancybox-group=\"gallery-69debafec9567\" data-full-image-url=\"https:\/\/tenerife-trips.com\/wp-content\/uploads\/2019\/12\/1-leg.jpg\"> <svg width=\"20\" height=\"10\"><path d=\"M 0,10 Q 9,9 10,0 Q 11,9 20,10\" \/><\/svg> <img src=\"https:\/\/tenerife-trips.com\/wp-content\/uploads\/2019\/12\/1-leg-thegem-post-thumb-small.jpg\" alt=\"Skutery wodne na Teneryfie\" class=\"img-responsive\"> <span class=\"gem-gallery-caption slide-info\"> <\/span> <\/a> <span class=\"gem-gallery-line\"><\/span> <\/div> <\/div> <\/div>[\/vc_column][\/vc_row][vc_row full_width=&#8221;stretch_row&#8221; css=&#8221;.vc_custom_1577669794647{background-color: #312c7a !important;background-position: center !important;background-repeat: no-repeat !important;background-size: cover !important;}&#8221;][vc_column][vc_column_text css=&#8221;.vc_custom_1610120507078{background-position: center !important;background-repeat: no-repeat !important;background-size: cover !important;}&#8221; css_animation=&#8221;fadeIn&#8221;]<\/p>\n<h3 class=\"title-h2\" style=\"text-align: center;\"><span style=\"font-size: 18pt; color: #ffffff;\">BESCHREIBUNG<\/span><\/h3>\n<p>[\/vc_column_text][\/vc_column][\/vc_row][vc_row][vc_column][vc_tta_accordion style=&#8221;simple_solid&#8221; color=&#8221;blue&#8221; c_icon=&#8221;chevron&#8221; active_section=&#8221;0&#8243; collapsible_all=&#8221;true&#8221;][vc_tta_section title=&#8221;AUSFLUGSBESCHREIBUNG&#8221; tab_id=&#8221;1577669752813-9df83b3e-350fd056-84c1&#8243;][vc_column_text css=&#8221;&#8221;]<\/p>\n<div id=\"pl-2135\" class=\"panel-layout\">\n<div id=\"pg-2135-0\" class=\"panel-grid panel-no-style\">\n<div id=\"pgc-2135-0-0\" class=\"panel-grid-cell\" data-weight=\"1\">\n<div id=\"panel-2135-0-0-0\" class=\"so-panel widget widget_sow-editor panel-first-child panel-last-child\" data-style=\"{&quot;background_display&quot;:&quot;tile&quot;,&quot;featured_widgets&quot;:&quot;&quot;}\" data-index=\"0\">\n<div class=\"so-widget-sow-editor so-widget-sow-editor-base\">\n<div class=\"siteorigin-widget-tinymce textwidget\">\n<p><span style=\"font-size: 14pt;\">Unser Jet ski Teneriffa wird die beste Erinnerung an Ihren Urlaub auf den <a href=\"https:\/\/de.wikipedia.org\/wiki\/Kanarische_Inseln\" target=\"_blank\" rel=\"noopener\">Kanarischen Inseln<\/a> sein!<\/span><\/p>\n<h3><span style=\"font-size: 12pt;\">Zuerst m\u00fcssen sie wissen, dass wir die <\/span><span style=\"font-size: 12pt;\">jet ski teneriffa <\/span><span style=\"font-size: 12pt;\">starten, von zwei verschiedenen H\u00e4fen aus beginnen k\u00f6nnen, entweder <a href=\"https:\/\/www.google.com\/maps\/place\/Puerto+Col%C3%B3n\/@28.0789928,-16.7359737,15z\/data=!4m5!3m4!1s0x0:0xd62345524f768247!8m2!3d28.0789928!4d-16.7359737\" target=\"_blank\" rel=\"noopener\">PUERTO COL\u00d3N<\/a> oder <a href=\"https:\/\/goo.gl\/maps\/dD8xjBa3yVAgw7SD9\" target=\"_blank\" rel=\"noopener\">LAS GALLETAS<\/a>.<\/span><\/h3>\n<p><span style=\"font-size: 14pt;\">Zu Beginn geben wir Ihnen eine kurze theoretische Lektion am Hafen; wir erkl\u00e4ren Ihnen die Grundregeln, die Sie zu Ihrer Sicherheit w\u00e4hrend des Jet Ski Teneriffa Ausflugs beachten m\u00fcssen. Sobald alles klar ist, stellen wir Ihnen die notwendige Ausr\u00fcstung wie Schwimmweste und Neoprenanzug (normalerweise nur im Winter) zur Verf\u00fcgung. dann setzen wir uns auf den Jet ski und verlassen den Hafen in einer kleinen Gruppe von Fahrzeugen; Sie m\u00fcssen unserem F\u00fchrer folgen, der vor der Gruppe bleibt, er k\u00fcmmert sich w\u00e4hrend der gesamten Reise um Sie. Mit anderen Worten, Sicherheit wird allen unseren Kunden garantiert.<\/span><\/p>\n<h3><span style=\"font-size: 12pt;\">Das Gebiet, das wir mit unserem Jet Ski Teneriffa Ausflug besuchen, <\/span><span style=\"font-size: 12pt;\">h\u00e4ngt von der Dauer <\/span><span style=\"font-size: 12pt;\">des Ausflugs AB.<\/span><\/h3>\n<p><span style=\"font-size: 14pt;\">Von Puerto Col\u00f3n fahren wir im Falle der 1-st\u00fcndigen und der 40-min\u00fctigen Fahrt nach La Caleta und zum ber\u00fchmten Strand <a href=\"https:\/\/www.beach-inspector.com\/de\/b\/playa-de-diego-hernandez\" target=\"_blank\" rel=\"noopener\">Playa Diego Hernandez<\/a>. In der 2-st\u00fcndigen Exkursion fahren wir etwas weiter nach Norden in die Gegend von <a href=\"https:\/\/goo.gl\/maps\/duaP6DC21vjhHZgB6\" target=\"_blank\" rel=\"noopener\">Alcal\u00e1<\/a>.\u00a0<\/span><\/p>\n<p>Vom Hafen von Las Galletas aus fahren wir normalerweise nach Westen. In der einst\u00fcndigen Tour erreichen wir die Gegend von Palm-Mar. Auf der zweist\u00fcndigen Fahrt fahren wir etwas weiter in die Gegend von Los Cristianos. Die angegebene Dauer des Ausflugs beinhaltet eine Erl\u00e4uterung der Sicherheitsregeln am Hafen, daher kann die tats\u00e4chliche Zeit, die Sie auf dem Wasser verbringen, etwas k\u00fcrzer sein.<\/p>\n<p>Die 20-min\u00fctige Fahrt ist keine Safari und findet auf einem Rundkurs in der Gegend von Puerto Col\u00f3n statt. Innerhalb des abgegrenzten Gebietes k\u00f6nnen Sie fahren, wie Sie wollen.<\/p>\n<p><span style=\"font-size: 14pt;\"><strong>Auf diesem Jet Ski Teneriffa Ausflug m\u00f6chten wir, dass Sie Spa\u00df haben und auch sch\u00f6ne Landschaften genie\u00dfen. Sie werden eine wundersch\u00f6ne vulkanische K\u00fcste und die hohen Berge dahinter bewundern.<\/strong><\/span><\/p>\n<p><span style=\"font-size: 14pt;\">Am Ende dieses Abschnitts sehen Sie eine Karte mit den gerade erw\u00e4hnten Gebieten. <span style=\"text-decoration: underline;\">Auf jeden Fall m\u00f6chten wir Sie dar\u00fcber informieren, dass sich die Orte, an die wir reisen, je nach Wetter und Seebedingungen \u00e4ndern k\u00f6nnen<\/span>. W\u00e4hrend der zweist\u00fcndigen Fahrt wird es auch eine Pause von etwa 10 bis 15 Minuten geben, um schwimmen zu gehen. Wir sind sicher, je mehr Zeit Sie mit dem Jet Ski verbringen, desto mehr Spa\u00df werden Sie haben.<\/span><\/p>\n<p><span style=\"font-size: 14pt;\">Die Jet Ski Teneriffa Fahrzeuge erreichen eine gute Geschwindigkeit, die ausreicht, um Adrenalin zu sp\u00fcren und gleichzeitig sicher zu bleiben. Unser Guide macht Fotos von Ihnen, die Sie am Ende bei Interesse kaufen k\u00f6nnen. Es ist m\u00f6glich, alleine auf dem Jet Ski zu sein (Einzel) oder einen mit einer anderen Person teilen (doppelt, es ist m\u00f6glich, den Fahrer zu tauschen).<\/span><\/p>\n<h6>Jet ski Teneriffa ist der K\u00f6nig des Wassersports; Wenn Sie Gl\u00fcck haben, k\u00f6nnen Sie w\u00e4hrend des Ausflugs auch einige Delfine entdecken. Es gibt viele von ihnen in diesen Gew\u00e4ssern!<\/h6>\n<h6><span style=\"color: #ff0000;\"><u>Um den Jet ski fahren zu k\u00f6nnen, muss man mindestens 16 Jahre alt sein. 16- und 17-J\u00e4hrige m\u00fcssen eine unterschriebene Genehmigung der Eltern oder Erziehungsberechtigten zeigen, wenn sie fahren m\u00f6chten, und sie k\u00f6nnen keinen weiteren Minderj\u00e4hrigen auf den Jet ski bringen. Kinder bis 15 Jahre m\u00fcssen von Erwachsenen begleitet werdeN; Das Mindestalter betr\u00e4gt <\/u><\/span><span style=\"color: #ff0000;\"><u>6 Jahre f\u00fcr die 20-min\u00fctige fahrt, <\/u><\/span><span style=\"color: #ff0000;\"><u>10 Jahre f\u00fcr die 40-min\u00fctigen und 1-st\u00fcndigen Fahrten, 12 Jahre f\u00fcr die 2-st\u00fcndige Fahrt.<\/u><\/span><span style=\"color: #ff0000;\"><u> es ist kein F\u00fchrerschein erforderlich. Kunden m\u00fcssen ihren Personalausweis oder Reisepass mitbringen. Das Gewichtslimit betr\u00e4gt 120 kg f\u00fcr den Einzeljetski und 160 kg f\u00fcr den Doppeljetski.<\/u><\/span><\/h6>\n<p>&nbsp;<\/p>\n<\/div>\n<p><img alt=\"\" class=\"aligncenter wp-image-703041 size-full\" src=\"https:\/\/tenerife-trips.com\/wp-content\/uploads\/2018\/01\/map-estate-2025-3.png\" alt=\"\" width=\"1116\" height=\"817\" srcset=\"https:\/\/tenerife-trips.com\/wp-content\/uploads\/2018\/01\/map-estate-2025-3.png 1116w, https:\/\/tenerife-trips.com\/wp-content\/uploads\/2018\/01\/map-estate-2025-3-600x439.png 600w, https:\/\/tenerife-trips.com\/wp-content\/uploads\/2018\/01\/map-estate-2025-3-300x220.png 300w, https:\/\/tenerife-trips.com\/wp-content\/uploads\/2018\/01\/map-estate-2025-3-1024x750.png 1024w, https:\/\/tenerife-trips.com\/wp-content\/uploads\/2018\/01\/map-estate-2025-3-768x562.png 768w\" sizes=\"(max-width: 1116px) 100vw, 1116px\" \/><\/p>\n<\/div>\n<\/div>\n<\/div>\n<\/div>\n<\/div>\n<p>[\/vc_column_text][\/vc_tta_section][vc_tta_section title=&#8221;ZEITPLAN UND ABHOLSERVICE&#8221; tab_id=&#8221;1577669752866-707b0c8d-67a8d056-84c1&#8243;][vc_column_text]Wenn wir von <a href=\"https:\/\/www.google.com\/maps\/place\/Puerto+Col%C3%B3n\/@28.0789928,-16.7359737,15z\/data=!4m5!3m4!1s0x0:0xd62345524f768247!8m2!3d28.0789928!4d-16.7359737\" target=\"_blank\" rel=\"noopener\">Puerto Col\u00f3n<\/a> aus starten, m\u00fcssen Sie den Hafen selbst erreichen. Wenn wir von <a href=\"https:\/\/goo.gl\/maps\/5kognbHfWdY7SSfHA\" target=\"_blank\" rel=\"noopener\">Las Galletas<\/a> aus starten, bieten wir einen Abholservice im S\u00fcden Teneriffas an. Bitte erkundigen Sie sich hierzu bei unserem Kundendienst.<\/p>\n<p><span style=\"text-decoration: underline; font-size: 14pt;\"><span style=\"color: #ff0000; text-decoration: underline;\">ZEITPLAN:<\/span><\/span><\/p>\n<p><span style=\"font-size: 14pt;\">Im Allgemeinen ist diese Reise von 10:00 bis 17:00 Uhr verf\u00fcgbar. Die Zeit variiert je nach Saison. Wir bitten Sie, sich mit uns in Verbindung zu setzen, um dies zu \u00fcberpr\u00fcfen.<\/span>[\/vc_column_text][\/vc_tta_section][\/vc_tta_accordion]<style type=\"text\/css\">.thegem-button-69debafecb0717737 .gem-button svg {fill: #ffffff;}.thegem-button-69debafecb0717737 .gem-button:hover svg {fill: #312c7a;}<\/style><div class=\"gem-button-container gem-button-position-center thegem-button-69debafecb0717737    \"  ><a class=\"gem-button gem-button-size-small gem-button-style-flat gem-button-text-weight-normal\" data-ll-effect=\"drop-right-without-wrap\" style=\"border-radius: 3px;background-color: #312c7a;color: #ffffff;\" onmouseleave=\"this.style.backgroundColor='#312c7a';this.style.color='#ffffff';\" onmouseenter=\"this.style.backgroundColor='#f6eb14';this.style.color='#312c7a';\" href=\"#preise-jet-ski\" target=\"_self\">PREISE<\/a><\/div> [\/vc_column][\/vc_row][vc_row full_width=&#8221;stretch_row_content&#8221; css=&#8221;.vc_custom_1577474711662{background-color: #312c7a !important;background-position: center !important;background-repeat: no-repeat !important;background-size: cover !important;}&#8221;][vc_column][vc_column_text css=&#8221;.vc_custom_1610146191001{background-position: center !important;background-repeat: no-repeat !important;background-size: cover !important;}&#8221; css_animation=&#8221;fadeIn&#8221;]<\/p>\n<p class=\"title-h2\" style=\"text-align: center;\"><span style=\"color: #ffffff; font-size: 18pt;\">BUCHEN SIE JETZT<\/span><\/p>\n<p>[\/vc_column_text][vc_empty_space height=&#8221;10&#8243; el_id=&#8221;preise-jet-ski&#8221;][\/vc_column][\/vc_row]<\/p>\n<\/div>","protected":false},"excerpt":{"rendered":"<p>[vc_row full_width=&#8221;stretch_row_content_no_spaces&#8221;][vc_column][vc_column_text css=&#8221;.vc_custom_1743522345313{background-color: #F6EB14 !important;background-position: center !important;background-repeat: no-repeat !important;background-size: cover !important;}&#8221; css_animation=&#8221;fadeIn&#8221;] Jet Ski [\/vc_column_text][\/vc_column][\/vc_row][vc_row][vc_column][vc_column_text] Unser Jet Ski Teneriffa wird&#8230;<\/p>\n","protected":false},"featured_media":93509,"template":"","meta":{"_acf_changed":false,"_seopress_robots_primary_cat":"2767","_seopress_titles_title":"Jet Ski Teneriffa, Online-Rabatt f\u00fcr die besten Ausfl\u00fcge","_seopress_titles_desc":"Jet ski Teneriffa ist definitiv eine der besten Aktivit\u00e4ten, wenn Sie im Urlaub sind. Sie erkunden die S\u00fcdk\u00fcste auf einer Safari.","_seopress_robots_index":""},"product_brand":[],"product_cat":[2767],"product_tag":[2758,2759],"class_list":{"0":"post-93164","1":"product","2":"type-product","3":"status-publish","4":"has-post-thumbnail","6":"product_cat-wassersport","7":"product_tag-jet-ski-teneriffa","8":"product_tag-wassersport-teneriffa","10":"first","11":"instock","12":"virtual","13":"sold-individually","14":"taxable","15":"purchasable","16":"product-type-booking"},"booking_location":"","booking_location_type":"","booking_duration":1,"booking_duration_unit":"hour","booking_buffer":0,"booking_cost":0,"booking_resources":[],"acf":[],"_links":{"self":[{"href":"https:\/\/tenerife-trips.com\/de\/wp-json\/wp\/v2\/product\/93164","targetHints":{"allow":["GET"]}}],"collection":[{"href":"https:\/\/tenerife-trips.com\/de\/wp-json\/wp\/v2\/product"}],"about":[{"href":"https:\/\/tenerife-trips.com\/de\/wp-json\/wp\/v2\/types\/product"}],"wp:featuredmedia":[{"embeddable":true,"href":"https:\/\/tenerife-trips.com\/de\/wp-json\/wp\/v2\/media\/93509"}],"wp:attachment":[{"href":"https:\/\/tenerife-trips.com\/de\/wp-json\/wp\/v2\/media?parent=93164"}],"wp:term":[{"taxonomy":"product_brand","embeddable":true,"href":"https:\/\/tenerife-trips.com\/de\/wp-json\/wp\/v2\/product_brand?post=93164"},{"taxonomy":"product_cat","embeddable":true,"href":"https:\/\/tenerife-trips.com\/de\/wp-json\/wp\/v2\/product_cat?post=93164"},{"taxonomy":"product_tag","embeddable":true,"href":"https:\/\/tenerife-trips.com\/de\/wp-json\/wp\/v2\/product_tag?post=93164"}],"curies":[{"name":"wp","href":"https:\/\/api.w.org\/{rel}","templated":true}]}}