{"id":97023,"date":"2018-01-15T22:17:27","date_gmt":"2018-01-15T22:17:27","guid":{"rendered":"https:\/\/tenerife-trips.com\/?post_type=product&#038;p=97023"},"modified":"2025-12-03T11:15:36","modified_gmt":"2025-12-03T11:15:36","slug":"tauchen-teneriffa","status":"publish","type":"product","link":"https:\/\/tenerife-trips.com\/de\/product\/wassersport\/tauchen-teneriffa\/","title":{"rendered":"Ger\u00e4tetauchen"},"content":{"rendered":"<div class=\"wpb-content-wrapper\"><p>[vc_row full_width=&#8221;stretch_row_content_no_spaces&#8221;][vc_column][vc_column_text css=&#8221;.vc_custom_1743522246600{background-color: #F6EB14 !important;background-position: center !important;background-repeat: no-repeat !important;background-size: cover !important;}&#8221; css_animation=&#8221;fadeIn&#8221;]<\/p>\n<h1 class=\"title-h2\" style=\"text-align: center;\"><span style=\"font-size: 18pt; color: #312c7a;\">Ger\u00e4tetauchen<\/span><\/h1>\n<p>[\/vc_column_text][\/vc_column][\/vc_row][vc_row][vc_column][vc_column_text]<\/p>\n<p style=\"text-align: center;\"><span style=\"font-size: 14pt;\"><span class=\"JLqJ4b ChMk0b\" data-language-for-alternatives=\"de\" data-language-to-translate-into=\"en\" data-phrase-index=\"0\">Tauchen auf Teneriffa ist in der Tat eine der besten Aktivit\u00e4ten, die Sie w\u00e4hrend Ihres Urlaubs unternehmen k\u00f6nnen.<\/span> Das Leben im Meer <span class=\"JLqJ4b ChMk0b\" data-language-for-alternatives=\"de\" data-language-to-translate-into=\"en\" data-phrase-index=\"1\">auf den Kanarischen Inseln ist reichlich vorhanden und dies ist eine M\u00f6glichkeit, es sehr gut kennenzulernen.<\/span><\/span><\/p>\n<p style=\"text-align: center;\"><span class=\"JLqJ4b ChMk0b\" style=\"font-size: 14pt;\" data-language-for-alternatives=\"de\" data-language-to-translate-into=\"en\" data-phrase-index=\"3\">Holen Sie sich eine andere Perspektive und entdecken Sie die erstaunliche Unterwasserwelt, die Teneriffa zu bieten hat!<\/span><\/p>\n<p style=\"text-decoration: underline; text-align: center;\"><span style=\"font-size: 14pt; color: #312c7a;\"><strong>\u21d3 Siehe weitere Beschreibung unten \u21d3<\/strong><\/span><\/p>\n<p>[\/vc_column_text][\/vc_column][\/vc_row][vc_row full_width=&#8221;stretch_row_content&#8221; css=&#8221;.vc_custom_1666445972304{background-color: #312c7a !important;}&#8221;][vc_column]<div class=\"gem-vimeo gem-wrapbox gem-wrapbox-style-no-style rounded-corners gem-wrapbox-position-below\" style=\"width: 100%;\"><div class=\"gem-wrapbox-inner gem-ratio-style\" style=\"padding-top: 56.25%\"><iframe webkitallowfullscreen=\"true\" mozallowfullscreen=\"true\" allowfullscreen=\"true\" class=\"gem-wrapbox-element img-responsive\" frameborder=\"0\" scrolling=\"no\" marginheight=\"0\" marginwidth=\"0\" src=\"\/\/player.vimeo.com\/video\/326160390?title=0&amp;byline=0&amp;portrait=0 \"><\/iframe><\/div><\/div>[vc_empty_space]<div class=\"preloader\"><div class=\"preloader-spin\"><\/div><\/div> <div id=\"gem-gallery-69dec08d95a00\" class=\"gem-gallery gem-gallery-hover-zooming-blur\"> <div class=\"gem-gallery-item\"> <div class=\"gem-gallery-item-image\"> <a href=\"https:\/\/tenerife-trips.com\/wp-content\/uploads\/2019\/12\/buceo-Tenerife-1-scaled-thegem-gallery-sidebar.png\" data-fancybox-group=\"gallery-69dec08d95a00\" data-full-image-url=\"https:\/\/tenerife-trips.com\/wp-content\/uploads\/2019\/12\/buceo-Tenerife-1-scaled.png\"> <svg width=\"20\" height=\"10\"><path d=\"M 0,10 Q 9,9 10,0 Q 11,9 20,10\" \/><\/svg> <img src=\"https:\/\/tenerife-trips.com\/wp-content\/uploads\/2019\/12\/buceo-Tenerife-1-scaled-thegem-post-thumb-small.png\" alt=\"\" class=\"img-responsive\"> <span class=\"gem-gallery-caption slide-info\"> <\/span> <\/a> <span class=\"gem-gallery-line\"><\/span> <\/div> <\/div> <div class=\"gem-gallery-item\"> <div class=\"gem-gallery-item-image\"> <a href=\"https:\/\/tenerife-trips.com\/wp-content\/uploads\/2019\/12\/scuba-diving-Tenerife-1-scaled-thegem-gallery-sidebar.png\" data-fancybox-group=\"gallery-69dec08d95a00\" data-full-image-url=\"https:\/\/tenerife-trips.com\/wp-content\/uploads\/2019\/12\/scuba-diving-Tenerife-1-scaled.png\"> <svg width=\"20\" height=\"10\"><path d=\"M 0,10 Q 9,9 10,0 Q 11,9 20,10\" \/><\/svg> <img src=\"https:\/\/tenerife-trips.com\/wp-content\/uploads\/2019\/12\/scuba-diving-Tenerife-1-scaled-thegem-post-thumb-small.png\" alt=\"\" class=\"img-responsive\"> <span class=\"gem-gallery-caption slide-info\"> <\/span> <\/a> <span class=\"gem-gallery-line\"><\/span> <\/div> <\/div> <div class=\"gem-gallery-item\"> <div class=\"gem-gallery-item-image\"> <a href=\"https:\/\/tenerife-trips.com\/wp-content\/uploads\/2019\/12\/tauchen-Teneriffa-scaled-thegem-gallery-sidebar.png\" data-fancybox-group=\"gallery-69dec08d95a00\" data-full-image-url=\"https:\/\/tenerife-trips.com\/wp-content\/uploads\/2019\/12\/tauchen-Teneriffa-scaled.png\"> <svg width=\"20\" height=\"10\"><path d=\"M 0,10 Q 9,9 10,0 Q 11,9 20,10\" \/><\/svg> <img src=\"https:\/\/tenerife-trips.com\/wp-content\/uploads\/2019\/12\/tauchen-Teneriffa-scaled-thegem-post-thumb-small.png\" alt=\"\" class=\"img-responsive\"> <span class=\"gem-gallery-caption slide-info\"> <\/span> <\/a> <span class=\"gem-gallery-line\"><\/span> <\/div> <\/div> <div class=\"gem-gallery-item\"> <div class=\"gem-gallery-item-image\"> <a href=\"https:\/\/tenerife-trips.com\/wp-content\/uploads\/2019\/12\/scuba-diving-Tenerife-2-scaled-thegem-gallery-sidebar.png\" data-fancybox-group=\"gallery-69dec08d95a00\" data-full-image-url=\"https:\/\/tenerife-trips.com\/wp-content\/uploads\/2019\/12\/scuba-diving-Tenerife-2-scaled.png\"> <svg width=\"20\" height=\"10\"><path d=\"M 0,10 Q 9,9 10,0 Q 11,9 20,10\" \/><\/svg> <img src=\"https:\/\/tenerife-trips.com\/wp-content\/uploads\/2019\/12\/scuba-diving-Tenerife-2-scaled-thegem-post-thumb-small.png\" alt=\"\" class=\"img-responsive\"> <span class=\"gem-gallery-caption slide-info\"> <\/span> <\/a> <span class=\"gem-gallery-line\"><\/span> <\/div> <\/div> <div class=\"gem-gallery-item\"> <div class=\"gem-gallery-item-image\"> <a href=\"https:\/\/tenerife-trips.com\/wp-content\/uploads\/2019\/12\/nurkowanie-na-Teneryfie-1-scaled-thegem-gallery-sidebar.png\" data-fancybox-group=\"gallery-69dec08d95a00\" data-full-image-url=\"https:\/\/tenerife-trips.com\/wp-content\/uploads\/2019\/12\/nurkowanie-na-Teneryfie-1-scaled.png\"> <svg width=\"20\" height=\"10\"><path d=\"M 0,10 Q 9,9 10,0 Q 11,9 20,10\" \/><\/svg> <img src=\"https:\/\/tenerife-trips.com\/wp-content\/uploads\/2019\/12\/nurkowanie-na-Teneryfie-1-scaled-thegem-post-thumb-small.png\" alt=\"\" class=\"img-responsive\"> <span class=\"gem-gallery-caption slide-info\"> <\/span> <\/a> <span class=\"gem-gallery-line\"><\/span> <\/div> <\/div> <div class=\"gem-gallery-item\"> <div class=\"gem-gallery-item-image\"> <a href=\"https:\/\/tenerife-trips.com\/wp-content\/uploads\/2019\/12\/tauchen-Teneriffa-2-scaled-thegem-gallery-sidebar.png\" data-fancybox-group=\"gallery-69dec08d95a00\" data-full-image-url=\"https:\/\/tenerife-trips.com\/wp-content\/uploads\/2019\/12\/tauchen-Teneriffa-2-scaled.png\"> <svg width=\"20\" height=\"10\"><path d=\"M 0,10 Q 9,9 10,0 Q 11,9 20,10\" \/><\/svg> <img src=\"https:\/\/tenerife-trips.com\/wp-content\/uploads\/2019\/12\/tauchen-Teneriffa-2-scaled-thegem-post-thumb-small.png\" alt=\"\" class=\"img-responsive\"> <span class=\"gem-gallery-caption slide-info\"> <\/span> <\/a> <span class=\"gem-gallery-line\"><\/span> <\/div> <\/div> <div class=\"gem-gallery-item\"> <div class=\"gem-gallery-item-image\"> <a href=\"https:\/\/tenerife-trips.com\/wp-content\/uploads\/2018\/01\/diving-Tenerife-1-1-thegem-gallery-sidebar.png\" data-fancybox-group=\"gallery-69dec08d95a00\" data-full-image-url=\"https:\/\/tenerife-trips.com\/wp-content\/uploads\/2018\/01\/diving-Tenerife-1-1.png\"> <svg width=\"20\" height=\"10\"><path d=\"M 0,10 Q 9,9 10,0 Q 11,9 20,10\" \/><\/svg> <img src=\"https:\/\/tenerife-trips.com\/wp-content\/uploads\/2018\/01\/diving-Tenerife-1-1-thegem-post-thumb-small.png\" alt=\"diving Tenerife\" class=\"img-responsive\"> <span class=\"gem-gallery-caption slide-info\"> <\/span> <\/a> <span class=\"gem-gallery-line\"><\/span> <\/div> <\/div> <div class=\"gem-gallery-item\"> <div class=\"gem-gallery-item-image\"> <a href=\"https:\/\/tenerife-trips.com\/wp-content\/uploads\/2018\/01\/diving-Tenerife-thegem-gallery-sidebar.png\" data-fancybox-group=\"gallery-69dec08d95a00\" data-full-image-url=\"https:\/\/tenerife-trips.com\/wp-content\/uploads\/2018\/01\/diving-Tenerife.png\"> <svg width=\"20\" height=\"10\"><path d=\"M 0,10 Q 9,9 10,0 Q 11,9 20,10\" \/><\/svg> <img src=\"https:\/\/tenerife-trips.com\/wp-content\/uploads\/2018\/01\/diving-Tenerife-thegem-post-thumb-small.png\" alt=\"diving Tenerife\" class=\"img-responsive\"> <span class=\"gem-gallery-caption slide-info\"> <\/span> <\/a> <span class=\"gem-gallery-line\"><\/span> <\/div> <\/div> <\/div>[vc_empty_space][\/vc_column][\/vc_row][vc_row full_width=&#8221;stretch_row&#8221; css=&#8221;.vc_custom_1577669794647{background-color: #312c7a !important;background-position: center !important;background-repeat: no-repeat !important;background-size: cover !important;}&#8221;][vc_column][vc_column_text css=&#8221;.vc_custom_1666440213249{background-position: center !important;background-repeat: no-repeat !important;background-size: cover !important;}&#8221; css_animation=&#8221;none&#8221;]<\/p>\n<h3 class=\"title-h2\" style=\"text-align: center;\"><span style=\"font-size: 18pt; color: #ffffff;\">BESCHREIBUNG<\/span><\/h3>\n<p>[\/vc_column_text][\/vc_column][\/vc_row][vc_row][vc_column][vc_tta_accordion style=&#8221;simple_solid&#8221; color=&#8221;blue&#8221; c_icon=&#8221;chevron&#8221; active_section=&#8221;0&#8243; collapsible_all=&#8221;true&#8221;][vc_tta_section title=&#8221;AUSFLUGSBESCHREIBUNG&#8221; tab_id=&#8221;1577669752813-9df83b3e-350fd056-84c1df35-9eb4&#8243;][vc_column_text]<\/p>\n<h3><span style=\"font-size: 12pt;\"><span class=\"JLqJ4b ChMk0b\" data-language-for-alternatives=\"de\" data-language-to-translate-into=\"en\" data-phrase-index=\"0\">Tauchen auf Teneriffa ist in der Tat eine der <a href=\"https:\/\/www.tenerife-trips.com\/teneriffa-ausfluege\/?lang=de\" target=\"_blank\" rel=\"noopener\">BESTEN AKTIVIT\u00c4TEN<\/a>, die Sie w\u00e4hrend Ihres Urlaubs unternehmen k\u00f6nnen.<\/span> Das Leben im Meer <span class=\"JLqJ4b ChMk0b\" data-language-for-alternatives=\"de\" data-language-to-translate-into=\"en\" data-phrase-index=\"1\">auf den <a href=\"https:\/\/de.wikipedia.org\/wiki\/Kanarische_Inseln\" target=\"_blank\" rel=\"noopener\">KANARISCHEN INSELN<\/a> ist reichlich vorhanden und dies ist eine M\u00f6glichkeit, es sehr gut kennenzulernen!<\/span><\/span><\/h3>\n<p><span style=\"font-size: 14pt;\">Es ist schwer zu beschreiben, wie Sie sich dort unten gegen\u00fcber Menschen f\u00fchlen, die diese Erfahrung noch nie zuvor gemacht haben. Meiner Meinung nach ist das Tauchen auf Teneriffa wie die Entdeckung einer anderen Dimension au\u00dferhalb unseres nat\u00fcrlichen Lebensraums. Es ist irgendwie \u00e4hnlich wie in einem Flugzeug in 10 km H\u00f6he, das in ein anderes Land fliegt. Wir k\u00f6nnten es als Beweis f\u00fcr den menschlichen Instinkt betrachten, \u00fcber Grenzen hinauszugehen und zu erforschen.<\/span><\/p>\n<p><span style=\"font-size: 14pt;\">Abh\u00e4ngig von Standort und Tauchtiefe haben Sie gro\u00dfe Chancen, w\u00e4hrend des Tauchzeitraums auf das Leben der Marines zu sto\u00dfen. Es ist also ziemlich einfach, Stachelrochen und Gestreifter Adlerrochen, Meeresschildkr\u00f6ten oder Morgenaale zu sehen. Dar\u00fcber hinaus ist es \u00fcblich, andere Arten wie Tintenfisch, Seestern und Trompetenfisch zu entdecken.<\/span><\/p>\n<h3><span style=\"font-size: 12pt;\">F\u00fcr Anf\u00e4nger beginnen wir das Tauchen auf Teneriffa mit einer Theorie-Lektion im Tauchzentrum. <\/span><\/h3>\n<p><span style=\"font-size: 14pt;\">Wir erkl\u00e4ren Ihnen grundlegende Sicherheitsregeln und Verhaltensweisen, die Sie unter Wasser anwenden m\u00fcssen. Das erste Mal hei\u00dft &#8220;Testtauchen&#8221; und es wird ein Strandtauchgang sein. Das hei\u00dft, wir gehen mit der gesamten Ausr\u00fcstung vom Ufer aus ins Wasser. Ihr pers\u00f6nlicher Ausbilder wird Sie die ganze Zeit betreuen und \u00fcberwachen. Der Tauchgang dauert ungef\u00e4hr 25-30 Minuten und Sie erreichen eine Tiefe von maximal 5 Metern.<\/span><\/p>\n<p><span style=\"font-size: 14pt;\">F\u00fcr Menschen, die Erfahrung haben, stehen je nach Niveau unterschiedliche Orte und Tiefen zur Verf\u00fcgung. Einige der ber\u00fchmtesten Tauchpl\u00e4tze auf Teneriffa sind Cueva de las Morenas, El Caracol, El Condesito und El Meridian. Andere ber\u00fchmte Orte sind Monta\u00f1a Amarilla, Playa Las Vistas, El Puertito. Das Tauchzentrum wird Sie beraten und die beste Option f\u00fcr Sie finden.<\/span><\/p>\n<p><span style=\"font-size: 14pt;\">W\u00e4hrend des Tauchgangs macht Ihr Tauchlehrer Fotos und Videos von Ihnen. Am Ende k\u00f6nnen Sie sie kaufen, wenn Sie m\u00f6chten.<\/span>[\/vc_column_text][\/vc_tta_section][vc_tta_section title=&#8221;ZEITPLAN UND ABHOLSERVICE&#8221; tab_id=&#8221;1577669752866-707b0c8d-67a8d056-84c1df35-9eb4&#8243;][vc_column_text]<span style=\"font-size: 14pt;\"><span class=\"JLqJ4b ChMk0b\" data-language-for-alternatives=\"de\" data-language-to-translate-into=\"en\" data-phrase-index=\"0\">F\u00fcr das Tauchen auf Teneriffa ist die Abholung von Ihrer Unterkunft in Teneriffa S\u00fcd im Preis inbegriffen.<\/span> Bitte setzen Sie sich mit uns in Verbindung und \u00fcberpr\u00fcfen Sie vor der Buchung die Verf\u00fcgbarkeit von Transportmitteln aus Ihrer Region.<\/span><\/p>\n<p><span style=\"text-decoration: underline; font-size: 14pt;\"><span class=\"JLqJ4b ChMk0b\" style=\"color: #ff0000; text-decoration: underline;\" data-language-for-alternatives=\"de\" data-language-to-translate-into=\"en\" data-phrase-index=\"3\">ZEITPLAN: <\/span><\/span><\/p>\n<p><span style=\"font-size: 14pt;\">Jeden Tag im Jahr. Bitte erkundigen Sie sich bei unserem Kundenservice nach den verf\u00fcgbaren Zeiten.<\/span><\/p>\n<p><span style=\"font-size: 14pt;\"><strong><span class=\"JLqJ4b ChMk0b\" data-language-for-alternatives=\"de\" data-language-to-translate-into=\"en\" data-phrase-index=\"7\">Sehen Sie sich das Video an, machen Sie sich ein Bild vom Tauchen auf Teneriffa und buchen Sie es jetzt!<\/span><\/strong><\/span>[\/vc_column_text][\/vc_tta_section][vc_tta_section title=&#8221;PADI KURSE&#8221; tab_id=&#8221;1611146608536-95aaeea3-8a52&#8243;][vc_column_text]<span style=\"font-size: 14pt;\">F\u00fcr das Tauchen auf Teneriffa bieten wir auch folgende PADI Kurse an:<\/span><\/p>\n<h3><span style=\"font-size: 12pt;\"><span style=\"text-decoration: underline; color: #ff0000;\">SCUBA DIVER<\/span>, 3 Tauchg\u00e4nge in 2 Tagen, bis zu 12 Meter Tiefe.<\/span><\/h3>\n<p><span style=\"font-size: 14pt;\">Wenn Sie nicht viel Zeit haben oder Ihren Urlaub nicht haupts\u00e4chlich mit Tauchen verbringen m\u00f6chten, ist dies die beste Wahl. Der Kurs dauert weniger Zeit als der PADI Open Water Diver und in nur zwei Tagen werden Sie ihn abschlie\u00dfen. W\u00e4hrend des Kurses werden Sie die ersten drei Abschnitte der f\u00fcnf Wissensentwicklungselemente des Open Water Diver-Buches behandeln.<\/span><\/p>\n<p><span style=\"font-size: 14pt;\">Sie lernen alle Grundlagen des Tauchens durch Wissensentwicklung (online, zu Hause oder im Klassenzimmer), eine Reihe von sicheren und unterhaltsamen Tauch\u00fcbungen und eine Wahrnehmung der Unterwasserwelt, die Sie dazu bringt, sofort wieder in die Tiefe zu gehen wie m\u00f6glich! F\u00fcr die Dauer des Kurses werden Sie von unseren qualifizierten Instruktoren begleitet, die dieses Erlebnis sicher und unvergesslich machen. Am Ende des Kurses erhalten Sie ein Zertifikat, das eine umfangreiche Taucherfahrung bescheinigt und bereitet auf den Open Water Diver Kurs vor, wenn dies Ihr ultimatives Ziel ist.<\/span><\/p>\n<p><span style=\"font-size: 14pt;\">PADI Scuba Diver sind qualifiziert, unter der direkten Aufsicht eines PADI Divemasters, Assistant Instructors oder Instructors bis zu einer maximalen Tiefe von 12 Metern \/ 40 Fu\u00df zu tauchen.<\/span><\/p>\n<p><span style=\"font-size: 14pt;\">Um an diesem Kurs teilnehmen zu k\u00f6nnen, mussen Sie mindestens 15 Jahre alt sein (oder 10 Jahre alt f\u00fcr die Junior Scuba Diver Zertifizierung).<\/span><\/p>\n<hr \/>\n<h3><span style=\"font-size: 12pt;\"><span style=\"text-decoration: underline; color: #ff0000;\">OPEN WATER<\/span>, 5 Tauchg\u00e4nge in 3\/4 Tagen, bis zu 18 Meter Tiefe.<\/span><\/h3>\n<p><span style=\"font-size: 14pt;\">Der PADI Open Water Diver ist der beliebteste Kurs der Welt und hat Millionen von Menschen an den Lebensstil des Abenteuertauchens herangef\u00fchrt. Ihr Tauchlehrer hilft Ihnen bei \u00dcberlegungen zur Tauchausr\u00fcstung f\u00fcr Ihre lokale Tauchumgebung, bei der Planung und Durchf\u00fchrung von echten Tauchg\u00e4ngen und bei der Vorbeugung und Bew\u00e4ltigung von Problemen.<\/span><\/p>\n<p><span style=\"font-size: 14pt;\">Der PADI Open Water Diver Kurs besteht darin, theoretisches Wissen (online, zu Hause oder in unserem Klassenzimmer) zu entwickeln, um die Grundprinzipien zu verstehen, und auch praktisches Tauchen, um Techniken zu erlernen, Ihre F\u00e4higkeiten zu \u00fcberpr\u00fcfen und zu erkunden. Die Dauer dieses Kurses von tauchen auf Teneriffa betr\u00e4gt drei oder vier Tage, abh\u00e4ngig von den Bed\u00fcrfnissen jedes einzelnen Sch\u00fclers.<\/span><\/p>\n<p><span style=\"font-size: 14pt;\">Open Water Diver sind qualifiziert, auf der ganzen Welt zu tauchen, unabh\u00e4ngig und immer mit einem Partner.<\/span><br \/>\n<span style=\"font-size: 14pt;\">Um am PADI Open Water Diver oder Junior Open Diver Kurs teilnehmen zu k\u00f6nnen, mussen Sie mindestens 10 Jahre alt sein (PADI eLearning erfordert aufgrund internationaler Internetgesetze ein Mindestalter von 13 Jahren).<\/span>[\/vc_column_text][\/vc_tta_section][\/vc_tta_accordion]<style type=\"text\/css\">.thegem-button-69dec08d96ea34938 .gem-button svg {fill: #ffffff;}.thegem-button-69dec08d96ea34938 .gem-button:hover svg {fill: #312c7a;}<\/style><div class=\"gem-button-container gem-button-position-center thegem-button-69dec08d96ea34938    \"  ><a class=\"gem-button gem-button-size-small gem-button-style-flat gem-button-text-weight-normal\" data-ll-effect=\"drop-right-without-wrap\" style=\"border-radius: 3px;background-color: #312c7a;color: #ffffff;\" onmouseleave=\"this.style.backgroundColor='#312c7a';this.style.color='#ffffff';\" onmouseenter=\"this.style.backgroundColor='#f6eb14';this.style.color='#312c7a';\" href=\"#scuba-preise\" target=\"_self\">PREISE<\/a><\/div> [\/vc_column][\/vc_row][vc_row full_width=&#8221;stretch_row_content&#8221; css=&#8221;.vc_custom_1577474711662{background-color: #312c7a !important;background-position: center !important;background-repeat: no-repeat !important;background-size: cover !important;}&#8221;][vc_column][vc_column_text css=&#8221;.vc_custom_1610146191001{background-position: center !important;background-repeat: no-repeat !important;background-size: cover !important;}&#8221; css_animation=&#8221;fadeIn&#8221;]<\/p>\n<p class=\"title-h2\" style=\"text-align: center;\"><span style=\"color: #ffffff; font-size: 18pt;\">BUCHEN SIE JETZT<\/span><\/p>\n<p>[\/vc_column_text][vc_empty_space height=&#8221;10&#8243; el_id=&#8221;scuba-preise&#8221;][\/vc_column][\/vc_row]<\/p>\n<\/div>","protected":false},"excerpt":{"rendered":"<p>[vc_row full_width=&#8221;stretch_row_content_no_spaces&#8221;][vc_column][vc_column_text css=&#8221;.vc_custom_1743522246600{background-color: #F6EB14 !important;background-position: center !important;background-repeat: no-repeat !important;background-size: cover !important;}&#8221; css_animation=&#8221;fadeIn&#8221;] Ger\u00e4tetauchen [\/vc_column_text][\/vc_column][\/vc_row][vc_row][vc_column][vc_column_text] Tauchen auf Teneriffa ist in der&#8230;<\/p>\n","protected":false},"featured_media":425360,"template":"","meta":{"_acf_changed":false,"_seopress_robots_primary_cat":"0","_seopress_titles_title":"Tauchen Teneriffa, entdecken Sie die Unterwasserwelt","_seopress_titles_desc":"Tauchen Teneriffa, erkunden Sie eine andere Dimension unter der Meeresoberfl\u00e4che und lernen Sie das Meeresleben der Kanarischen Inseln kennen","_seopress_robots_index":""},"product_brand":[],"product_cat":[2767],"product_tag":[2777,2775,2776],"class_list":{"0":"post-97023","1":"product","2":"type-product","3":"status-publish","4":"has-post-thumbnail","6":"product_cat-wassersport","7":"product_tag-tauchen-auf-teneriffa","8":"product_tag-tauchen-teneriffa","9":"product_tag-teneriffa-tauchen","11":"first","12":"instock","13":"virtual","14":"sold-individually","15":"taxable","16":"purchasable","17":"product-type-booking"},"booking_location":"","booking_location_type":"","booking_duration":1,"booking_duration_unit":"hour","booking_buffer":0,"booking_cost":0,"booking_resources":[],"acf":[],"_links":{"self":[{"href":"https:\/\/tenerife-trips.com\/de\/wp-json\/wp\/v2\/product\/97023","targetHints":{"allow":["GET"]}}],"collection":[{"href":"https:\/\/tenerife-trips.com\/de\/wp-json\/wp\/v2\/product"}],"about":[{"href":"https:\/\/tenerife-trips.com\/de\/wp-json\/wp\/v2\/types\/product"}],"wp:featuredmedia":[{"embeddable":true,"href":"https:\/\/tenerife-trips.com\/de\/wp-json\/wp\/v2\/media\/425360"}],"wp:attachment":[{"href":"https:\/\/tenerife-trips.com\/de\/wp-json\/wp\/v2\/media?parent=97023"}],"wp:term":[{"taxonomy":"product_brand","embeddable":true,"href":"https:\/\/tenerife-trips.com\/de\/wp-json\/wp\/v2\/product_brand?post=97023"},{"taxonomy":"product_cat","embeddable":true,"href":"https:\/\/tenerife-trips.com\/de\/wp-json\/wp\/v2\/product_cat?post=97023"},{"taxonomy":"product_tag","embeddable":true,"href":"https:\/\/tenerife-trips.com\/de\/wp-json\/wp\/v2\/product_tag?post=97023"}],"curies":[{"name":"wp","href":"https:\/\/api.w.org\/{rel}","templated":true}]}}