{"id":97672,"date":"2018-01-26T18:48:26","date_gmt":"2018-01-26T18:48:26","guid":{"rendered":"https:\/\/tenerife-trips.com\/?post_type=product&#038;p=97672"},"modified":"2025-12-03T10:43:32","modified_gmt":"2025-12-03T10:43:32","slug":"schnorcheln-teneriffa","status":"publish","type":"product","link":"https:\/\/tenerife-trips.com\/de\/product\/wassersport\/schnorcheln-teneriffa\/","title":{"rendered":"Kajak fahren &#038; Schnorcheln"},"content":{"rendered":"<div class=\"wpb-content-wrapper\"><p>[vc_row full_width=&#8221;stretch_row_content_no_spaces&#8221;][vc_column][vc_column_text css=&#8221;.vc_custom_1743521034988{background-color: #F6EB14 !important;background-position: center !important;background-repeat: no-repeat !important;background-size: cover !important;}&#8221; css_animation=&#8221;fadeIn&#8221;]<\/p>\n<h1 class=\"title-h2\" style=\"text-align: center;\"><span style=\"font-size: 18pt; color: #312c7a;\">Kajak &amp; Schnorcheln<\/span><\/h1>\n<p>[\/vc_column_text][\/vc_column][\/vc_row][vc_row][vc_column][vc_column_text]<\/p>\n<p style=\"text-align: center;\">Kajakfahren &amp; Schnorcheln Teneriffa, dies ist einer der <a href=\"https:\/\/www.tenerife-trips.com\/teneriffa-ausfluege\/?lang=de\" target=\"_blank\" rel=\"noopener\">besten Ausfl\u00fcge<\/a> auf der Insel. Es ist definitiv etwas, das Sie nie vergessen werden! Wir bringen Sie mit dem Kajak zu einem geheimen Ort, der nur auf dem Seeweg erreichbar ist. Dort k\u00f6nnen Sie die Erfahrung machen, mit Schildkr\u00f6ten und vielleicht <a href=\"https:\/\/de.wikipedia.org\/wiki\/Gestreifter_Adlerrochen\" target=\"_blank\" rel=\"noopener\">Gestreifter Adlerrochen<\/a> in ihrer nat\u00fcrlichen Umgebung zu schwimmen; schildkr\u00f6ten sind sehr freundliche Tiere und sie m\u00f6chten herausfinden, was Ihr fremden Wesen in ihrem Lebensraum tut.<\/p>\n<p style=\"text-decoration: underline; text-align: center;\"><span style=\"font-size: 14pt; color: #312c7a;\"><strong>\u21d3 Siehe weitere Beschreibung unten \u21d3<\/strong><\/span><\/p>\n<p>[\/vc_column_text][\/vc_column][\/vc_row][vc_row full_width=&#8221;stretch_row_content&#8221; full_height=&#8221;yes&#8221; css=&#8221;.vc_custom_1576192123211{background-color: #312c7a !important;background-position: center !important;background-repeat: no-repeat !important;background-size: cover !important;}&#8221;][vc_column]<div class=\"gem-vimeo gem-wrapbox gem-wrapbox-style-no-style rounded-corners gem-wrapbox-position-below\" style=\"width: 100%;\"><div class=\"gem-wrapbox-inner gem-ratio-style\" style=\"padding-top: 56.25%\"><iframe webkitallowfullscreen=\"true\" mozallowfullscreen=\"true\" allowfullscreen=\"true\" class=\"gem-wrapbox-element img-responsive\" frameborder=\"0\" scrolling=\"no\" marginheight=\"0\" marginwidth=\"0\" src=\"\/\/player.vimeo.com\/video\/321716846?title=0&amp;byline=0&amp;portrait=0 \"><\/iframe><\/div><\/div>[vc_empty_space]<div class=\"preloader\"><div class=\"preloader-spin\"><\/div><\/div> <div id=\"gem-gallery-69e34389c25d1\" class=\"gem-gallery gem-gallery-hover-zooming-blur\"> <div class=\"gem-gallery-item\"> <div class=\"gem-gallery-item-image\"> <a href=\"https:\/\/tenerife-trips.com\/wp-content\/uploads\/2018\/01\/leg4-thegem-gallery-sidebar.jpg\" data-fancybox-group=\"gallery-69e34389c25d1\" data-full-image-url=\"https:\/\/tenerife-trips.com\/wp-content\/uploads\/2018\/01\/leg4.jpg\"> <svg width=\"20\" height=\"10\"><path d=\"M 0,10 Q 9,9 10,0 Q 11,9 20,10\" \/><\/svg> <img src=\"https:\/\/tenerife-trips.com\/wp-content\/uploads\/2018\/01\/leg4-thegem-post-thumb-small.jpg\" alt=\"\" class=\"img-responsive\"> <span class=\"gem-gallery-caption slide-info\"> <\/span> <\/a> <span class=\"gem-gallery-line\"><\/span> <\/div> <\/div> <div class=\"gem-gallery-item\"> <div class=\"gem-gallery-item-image\"> <a href=\"https:\/\/tenerife-trips.com\/wp-content\/uploads\/2018\/01\/leg3-thegem-gallery-sidebar.jpg\" data-fancybox-group=\"gallery-69e34389c25d1\" data-full-image-url=\"https:\/\/tenerife-trips.com\/wp-content\/uploads\/2018\/01\/leg3.jpg\"> <svg width=\"20\" height=\"10\"><path d=\"M 0,10 Q 9,9 10,0 Q 11,9 20,10\" \/><\/svg> <img src=\"https:\/\/tenerife-trips.com\/wp-content\/uploads\/2018\/01\/leg3-thegem-post-thumb-small.jpg\" alt=\"nurkowanie Teneryfa\" class=\"img-responsive\"> <span class=\"gem-gallery-caption slide-info\"> <\/span> <\/a> <span class=\"gem-gallery-line\"><\/span> <\/div> <\/div> <div class=\"gem-gallery-item\"> <div class=\"gem-gallery-item-image\"> <a href=\"https:\/\/tenerife-trips.com\/wp-content\/uploads\/2018\/01\/nurkowanie-Teneryfa-thegem-gallery-sidebar.jpg\" data-fancybox-group=\"gallery-69e34389c25d1\" data-full-image-url=\"https:\/\/tenerife-trips.com\/wp-content\/uploads\/2018\/01\/nurkowanie-Teneryfa.jpg\"> <svg width=\"20\" height=\"10\"><path d=\"M 0,10 Q 9,9 10,0 Q 11,9 20,10\" \/><\/svg> <img src=\"https:\/\/tenerife-trips.com\/wp-content\/uploads\/2018\/01\/nurkowanie-Teneryfa-thegem-post-thumb-small.jpg\" alt=\"nurkowanie Teneryfa\" class=\"img-responsive\"> <span class=\"gem-gallery-caption slide-info\"> <\/span> <\/a> <span class=\"gem-gallery-line\"><\/span> <\/div> <\/div> <div class=\"gem-gallery-item\"> <div class=\"gem-gallery-item-image\"> <a href=\"https:\/\/tenerife-trips.com\/wp-content\/uploads\/2018\/01\/1leg-thegem-gallery-sidebar.jpg\" data-fancybox-group=\"gallery-69e34389c25d1\" data-full-image-url=\"https:\/\/tenerife-trips.com\/wp-content\/uploads\/2018\/01\/1leg.jpg\"> <svg width=\"20\" height=\"10\"><path d=\"M 0,10 Q 9,9 10,0 Q 11,9 20,10\" \/><\/svg> <img src=\"https:\/\/tenerife-trips.com\/wp-content\/uploads\/2018\/01\/1leg-thegem-post-thumb-small.jpg\" alt=\"\" class=\"img-responsive\"> <span class=\"gem-gallery-caption slide-info\"> <\/span> <\/a> <span class=\"gem-gallery-line\"><\/span> <\/div> <\/div> <div class=\"gem-gallery-item\"> <div class=\"gem-gallery-item-image\"> <a href=\"https:\/\/tenerife-trips.com\/wp-content\/uploads\/2018\/01\/leg5-thegem-gallery-sidebar.jpg\" data-fancybox-group=\"gallery-69e34389c25d1\" data-full-image-url=\"https:\/\/tenerife-trips.com\/wp-content\/uploads\/2018\/01\/leg5.jpg\"> <svg width=\"20\" height=\"10\"><path d=\"M 0,10 Q 9,9 10,0 Q 11,9 20,10\" \/><\/svg> <img src=\"https:\/\/tenerife-trips.com\/wp-content\/uploads\/2018\/01\/leg5-thegem-post-thumb-small.jpg\" alt=\"\" class=\"img-responsive\"> <span class=\"gem-gallery-caption slide-info\"> <\/span> <\/a> <span class=\"gem-gallery-line\"><\/span> <\/div> <\/div> <\/div>[\/vc_column][\/vc_row][vc_row full_width=&#8221;stretch_row&#8221; css=&#8221;.vc_custom_1577669794647{background-color: #312c7a !important;background-position: center !important;background-repeat: no-repeat !important;background-size: cover !important;}&#8221;][vc_column][vc_column_text css=&#8221;.vc_custom_1610120507078{background-position: center !important;background-repeat: no-repeat !important;background-size: cover !important;}&#8221; css_animation=&#8221;fadeIn&#8221;]<\/p>\n<h3 class=\"title-h2\" style=\"text-align: center;\"><span style=\"font-size: 18pt; color: #ffffff;\">BESCHREIBUNG<\/span><\/h3>\n<p>[\/vc_column_text][\/vc_column][\/vc_row][vc_row][vc_column][vc_tta_accordion style=&#8221;simple_solid&#8221; color=&#8221;blue&#8221; c_icon=&#8221;chevron&#8221; active_section=&#8221;0&#8243; collapsible_all=&#8221;true&#8221;][vc_tta_section title=&#8221;AUSFLUGSBESCHREIBUNG&#8221; tab_id=&#8221;1577669752813-9df83b3e-350fd056-84c13d0a-baf3&#8243;][vc_column_text]<\/p>\n<div id=\"pl-2135\" class=\"panel-layout\">\n<div id=\"pg-2135-0\" class=\"panel-grid panel-no-style\">\n<div id=\"pgc-2135-0-0\" class=\"panel-grid-cell\" data-weight=\"1\">\n<div id=\"panel-2135-0-0-0\" class=\"so-panel widget widget_sow-editor panel-first-child panel-last-child\" data-style=\"{&quot;background_display&quot;:&quot;tile&quot;,&quot;featured_widgets&quot;:&quot;&quot;}\" data-index=\"0\">\n<div class=\"so-widget-sow-editor so-widget-sow-editor-base\">\n<div class=\"siteorigin-widget-tinymce textwidget\">\n<p>Also fahren wir zuerst zum Schnorcheln auf Teneriffa mit Kajaks von Los Cristianos in einer kleinen Gruppe von Menschen ab; unser erfahrener Reiseleiter f\u00fchrt Sie entlang der K\u00fcste in Richtung El Palm-Mar. Dieses Gebiet ist vor allem f\u00fcr seine Klippen und nat\u00fcrlichen H\u00f6hlen bekannt.<\/p>\n<p>In ungef\u00e4hr 30 Minuten erreichen wir den Ort, an dem die Schildkr\u00f6ten leben; hier tauchen wir endlich ins Wasser ein. Normalerweise kommen einige von ihnen in wenigen Minuten an und schwimmen unter uns; wir k\u00f6nnen die Anwesenheit von Wildtieren nicht 100% garantieren, da die Tiere frei sind, aber die Chancen, sie zu sehen, sind sehr hoch. Es kann selten vorkommen, dass die Meeresbedingungen das Schnorcheln nicht zulassen; in diesem Fall bieten wir unseren Kunden an, den Ausflug kostenlos zu wiederholen.<\/p>\n<p>W\u00e4hrend des Ausfluges Schnorcheln Teneriffa haben Sie genug Zeit, um die Begegnung mit dem Leben im Meer zu genie\u00dfen. Auf der anderen Seite k\u00f6nnen Leute, die sich ausruhen wollen, einfach auf dem Kajak sitzen und warten. Die Wassertemperatur auf Teneriffa ist sch\u00f6n (19\u00b0\/20\u00b0 im Winter und 23\u00b0\/24\u00b0 im Sommer). Daher ist es m\u00f6glich, diese Aktivit\u00e4t das ganze Jahr \u00fcber durchzuf\u00fchren.<\/p>\n<h3><span style=\"font-size: 12pt;\">DER EXCURSION Schnorcheln Teneriffa dauert CA. 2 STUNDEN. Es sind keine vorherigen Schnorchel- oder Kajak-Erfahrungen erforderlich; ausserdem ist es nicht zwingend erforderlich, schwimmen zu k\u00f6nnen, wenn Sie eine Lebensjacke tragen. AUCH WENN ES KEINE ALTERSBESCHR\u00c4NKUNG GIBT, W\u00c4RE ES GUT, WENN KINDER MINDESTENS 6 JAHRE ALT SIND, UM DIE Schnorcheln Teneriffa-ERFAHRUNG ZU GENIESSEN. Wenn sie jedoch j\u00fcnger als 6 Jahre sind, bitten wir Sie, sich mit uns in Verbindung zu setzen, um zu best\u00e4tigen, dass sie sich der Reise anschlie\u00dfen k\u00f6nnen.<\/span><\/h3>\n<p>Wir haben professionelle und sehr sichere Kajaks in verschiedenen Gr\u00f6\u00dfen; das hei\u00dft, Sie k\u00f6nnen das Einzel- oder das Doppel erhalten. W\u00e4hrend der Reise ist es ziemlich leicht, auch Delfine zu sehen; dies liegt an den Fischfarmen in der Gegend, die sie anziehen. Sie sind sehr freundliche Tiere, deshalb kommen sie manchmal und schwimmen in unserer N\u00e4he und sagen fast &#8220;Hallo&#8221;!<\/p>\n<p><span style=\"color: #ff0000;\">W\u00e4hrend des Ausfluges macht Ihr Reisef\u00fchrer Fotos und kurze Videos. Am Ende k\u00f6nnen Sie sie bei Interesse f\u00fcr 15 \u20ac pro Kajak kaufen.<\/span><\/p>\n<h3><span style=\"font-size: 12pt;\">Zusammenfassend ist der Ausflug Kajakfahren &amp; Schnorcheln Teneriffa einer der bekanntesten Ausfl\u00fcge<\/span><\/h3>\n<p><strong>Verpassen Sie es nicht, buchen Sie jetzt Ihre Tickets!<\/strong><\/p>\n<\/div>\n<\/div>\n<\/div>\n<\/div>\n<\/div>\n<\/div>\n<p>[\/vc_column_text][\/vc_tta_section][vc_tta_section title=&#8221;ZEITPLAN UND ABHOLSERVICE&#8221; tab_id=&#8221;1577669752866-707b0c8d-67a8d056-84c13d0a-baf3&#8243;][vc_column_text]Der Abholservice f\u00fcr den Ausflug Schnorcheln Teneriffa ist von Teneriffa S\u00fcd verf\u00fcgbar. Wir empfehlen Ihnen, sich mit uns in Verbindung zu setzen und die Verf\u00fcgbarkeit von Transportmitteln aus Ihrer Region zu pr\u00fcfen.<\/p>\n<p><span style=\"text-decoration: underline;\"><span style=\"color: #ff0000; text-decoration: underline;\">ZEITPLAN:<\/span><\/span><\/p>\n<p>Jeden Tag in der Regel um 10:30, 11:30, 12:30, 14:30 und an manchen Tagen um 16:30 Uhr. Die Ausflugszeit kann sich je nach Tag und Jahreszeit \u00e4ndern, erkundigen Sie sich daher bitte vor der Buchung bei uns.<\/p>\n<p><strong>SEHEN SIE DAS VIDEO AN, ERHALTEN SIE EINE IDEE, WAS ES IST, UND BUCHEN SIE ES JETZT!<\/strong>[\/vc_column_text][\/vc_tta_section][\/vc_tta_accordion]<style type=\"text\/css\">.thegem-button-69e34389c3e082161 .gem-button svg {fill: #ffffff;}.thegem-button-69e34389c3e082161 .gem-button:hover svg {fill: #312c7a;}<\/style><div class=\"gem-button-container gem-button-position-center thegem-button-69e34389c3e082161    \"  ><a class=\"gem-button gem-button-size-small gem-button-style-flat gem-button-text-weight-normal\" data-ll-effect=\"drop-right-without-wrap\" style=\"border-radius: 3px;background-color: #312c7a;color: #ffffff;\" onmouseleave=\"this.style.backgroundColor='#312c7a';this.style.color='#ffffff';\" onmouseenter=\"this.style.backgroundColor='#f6eb14';this.style.color='#312c7a';\" href=\"#preise-kayak\" target=\"_self\">PREISE<\/a><\/div> [\/vc_column][\/vc_row][vc_row full_width=&#8221;stretch_row_content&#8221; css=&#8221;.vc_custom_1577474711662{background-color: #312c7a !important;background-position: center !important;background-repeat: no-repeat !important;background-size: cover !important;}&#8221;][vc_column][vc_column_text css=&#8221;.vc_custom_1610146191001{background-position: center !important;background-repeat: no-repeat !important;background-size: cover !important;}&#8221; css_animation=&#8221;fadeIn&#8221;]<\/p>\n<p class=\"title-h2\" style=\"text-align: center;\"><span style=\"color: #ffffff; font-size: 18pt;\">BUCHEN SIE JETZT<\/span><\/p>\n<p>[\/vc_column_text][vc_empty_space height=&#8221;10&#8243; el_id=&#8221;preise-kayak&#8221;][\/vc_column][\/vc_row]<\/p>\n<\/div>","protected":false},"excerpt":{"rendered":"<p>[vc_row full_width=&#8221;stretch_row_content_no_spaces&#8221;][vc_column][vc_column_text css=&#8221;.vc_custom_1743521034988{background-color: #F6EB14 !important;background-position: center !important;background-repeat: no-repeat !important;background-size: cover !important;}&#8221; css_animation=&#8221;fadeIn&#8221;] Kajak &amp; Schnorcheln [\/vc_column_text][\/vc_column][\/vc_row][vc_row][vc_column][vc_column_text] Kajakfahren &amp; Schnorcheln Teneriffa,&#8230;<\/p>\n","protected":false},"featured_media":99386,"template":"","meta":{"_acf_changed":false,"_seopress_robots_primary_cat":"0","_seopress_titles_title":"Schnorcheln Teneriffa &amp; Kajakfahren, buchen Sie es jetzt online","_seopress_titles_desc":"Schnorcheln Teneriffa &amp; Kajak fahren, erreichen Sie einen geheimen Ort, an dem Sie die Erfahrung machen k\u00f6nnen, mit Schildkr\u00f6ten zu schwimmen","_seopress_robots_index":""},"product_brand":[],"product_cat":[2767],"product_tag":[2782,2783,2784],"class_list":{"0":"post-97672","1":"product","2":"type-product","3":"status-publish","4":"has-post-thumbnail","6":"product_cat-wassersport","7":"product_tag-kajak-teneriffa","8":"product_tag-schnorcheln-teneriffa","9":"product_tag-teneriffa-schnorcheln","11":"first","12":"instock","13":"virtual","14":"sold-individually","15":"taxable","16":"purchasable","17":"product-type-booking"},"booking_location":"","booking_location_type":"","booking_duration":1,"booking_duration_unit":"day","booking_buffer":0,"booking_cost":0,"booking_resources":[],"acf":[],"_links":{"self":[{"href":"https:\/\/tenerife-trips.com\/de\/wp-json\/wp\/v2\/product\/97672","targetHints":{"allow":["GET"]}}],"collection":[{"href":"https:\/\/tenerife-trips.com\/de\/wp-json\/wp\/v2\/product"}],"about":[{"href":"https:\/\/tenerife-trips.com\/de\/wp-json\/wp\/v2\/types\/product"}],"wp:featuredmedia":[{"embeddable":true,"href":"https:\/\/tenerife-trips.com\/de\/wp-json\/wp\/v2\/media\/99386"}],"wp:attachment":[{"href":"https:\/\/tenerife-trips.com\/de\/wp-json\/wp\/v2\/media?parent=97672"}],"wp:term":[{"taxonomy":"product_brand","embeddable":true,"href":"https:\/\/tenerife-trips.com\/de\/wp-json\/wp\/v2\/product_brand?post=97672"},{"taxonomy":"product_cat","embeddable":true,"href":"https:\/\/tenerife-trips.com\/de\/wp-json\/wp\/v2\/product_cat?post=97672"},{"taxonomy":"product_tag","embeddable":true,"href":"https:\/\/tenerife-trips.com\/de\/wp-json\/wp\/v2\/product_tag?post=97672"}],"curies":[{"name":"wp","href":"https:\/\/api.w.org\/{rel}","templated":true}]}}