{"id":44985,"date":"2019-11-27T03:19:06","date_gmt":"2019-11-27T03:19:06","guid":{"rendered":"https:\/\/tenerife-trips.com\/inicio\/"},"modified":"2026-01-28T13:38:55","modified_gmt":"2026-01-28T13:38:55","slug":"excursiones-tenerife-2","status":"publish","type":"page","link":"https:\/\/tenerife-trips.com\/es\/","title":{"rendered":"Inicio"},"content":{"rendered":"<div class=\"wpb-content-wrapper\"><p>[vc_row full_width=&#8221;stretch_row_content_no_spaces&#8221; content_placement=&#8221;top&#8221; css_animation=&#8221;fadeIn&#8221; css=&#8221;.vc_custom_1574822360670{background-color: #312c7a !important;}&#8221;][vc_column][vc_column_text css=&#8221;.vc_custom_1769607530501{background-color: #F6EB14 !important;background-position: center !important;background-repeat: no-repeat !important;background-size: cover !important;}&#8221; css_animation=&#8221;fadeIn&#8221;]<\/p>\n<h1 class=\"title-h2\" style=\"text-align: center;\"><span style=\"font-size: 14pt; color: #312c7a;\">EXCURSIONES TENERIFE<\/span><\/h1>\n<p>[\/vc_column_text]<div id=\"fullwidth-block-69debef1caf9a\" class=\"fullwidth-block fullwidth-block-parallax-vertical clearfix\" data-mobile-parallax-enable=\"1\" style=\"color: #ffffff;background-color: #312c7a;\"><script type=\"text\/javascript\">if (typeof(gem_fix_fullwidth_position) == \"function\") { gem_fix_fullwidth_position(document.getElementById(\"fullwidth-block-69debef1caf9a\")); }<\/script><div class=\"fullwidth-block-inner\">[vc_row_inner][vc_column_inner width=&#8221;1\/3&#8243; thegem_content_alignment=&#8221;center&#8221;][vc_single_image image=&#8221;45461&#8243; img_size=&#8221;full&#8221; alignment=&#8221;center&#8221; onclick=&#8221;custom_link&#8221; css=&#8221;&#8221; link=&#8221;https:\/\/tenerife-trips.com\/es\/deportes-acuaticos-tenerife\/&#8221;][\/vc_column_inner][vc_column_inner width=&#8221;1\/3&#8243;][vc_single_image image=&#8221;380388&#8243; img_size=&#8221;full&#8221; alignment=&#8221;center&#8221; onclick=&#8221;custom_link&#8221; css=&#8221;&#8221; link=&#8221;https:\/\/tenerife-trips.com\/es\/deportes-aereos-tenerife\/&#8221;][\/vc_column_inner][vc_column_inner width=&#8221;1\/3&#8243;][vc_single_image image=&#8221;45476&#8243; img_size=&#8221;full&#8221; alignment=&#8221;center&#8221; onclick=&#8221;custom_link&#8221; css=&#8221;&#8221; link=&#8221;https:\/\/tenerife-trips.com\/es\/barcos-tenerife\/&#8221;][\/vc_column_inner][\/vc_row_inner][vc_row_inner][vc_column_inner width=&#8221;1\/3&#8243;][vc_single_image image=&#8221;45481&#8243; img_size=&#8221;full&#8221; alignment=&#8221;center&#8221; onclick=&#8221;custom_link&#8221; css=&#8221;&#8221; link=&#8221;https:\/\/tenerife-trips.com\/es\/tours-en-autobus-tenerife\/&#8221;][\/vc_column_inner][vc_column_inner width=&#8221;1\/3&#8243;][vc_single_image image=&#8221;690356&#8243; img_size=&#8221;270&#215;270&#8243; alignment=&#8221;center&#8221; css=&#8221;.vc_custom_1749499161596{border-top-width: 20px !important;border-bottom-width: 20px !important;border-radius: 2px !important;border-color: #EEEE22 !important;}&#8221;][\/vc_column_inner][vc_column_inner width=&#8221;1\/3&#8243;][vc_single_image image=&#8221;75415&#8243; img_size=&#8221;full&#8221; alignment=&#8221;center&#8221; onclick=&#8221;custom_link&#8221; css=&#8221;&#8221; link=&#8221;https:\/\/tenerife-trips.com\/es\/aventuras-en-terreno\/&#8221;][\/vc_column_inner][\/vc_row_inner][vc_row_inner][vc_column_inner width=&#8221;1\/3&#8243;][vc_single_image image=&#8221;53006&#8243; img_size=&#8221;full&#8221; alignment=&#8221;center&#8221; onclick=&#8221;custom_link&#8221; css=&#8221;&#8221; link=&#8221;https:\/\/tenerife-trips.com\/es\/experiencias-al-aire-libre\/&#8221;][\/vc_column_inner][vc_column_inner width=&#8221;1\/3&#8243;][vc_single_image image=&#8221;418435&#8243; img_size=&#8221;full&#8221; alignment=&#8221;center&#8221; onclick=&#8221;custom_link&#8221; css=&#8221;&#8221; link=&#8221;https:\/\/www.tenerife-trips.com\/es\/espectaculos-tenerife\/&#8221;][\/vc_column_inner][vc_column_inner width=&#8221;1\/3&#8243;][vc_single_image image=&#8221;115468&#8243; img_size=&#8221;full&#8221; alignment=&#8221;center&#8221; onclick=&#8221;custom_link&#8221; css=&#8221;&#8221; link=&#8221;https:\/\/tenerife-trips.com\/es\/parques-tematicos-tenerife\/&#8221;][\/vc_column_inner][\/vc_row_inner][vc_empty_space]<\/div><\/div>[\/vc_column][\/vc_row][vc_row][vc_column][vc_column_text css=&#8221;&#8221;]<\/p>\n<h3><span style=\"font-size: 12pt;\">EXCURSIONES TENERIFE, \u00a1ESTE ES ciertamente NUESTRO NEGOCIO!<\/span><\/h3>\n<p>Para empezar, queremos presentarle a nuestra agencia como su gu\u00eda local cuando visite Tenerife. \u00a1Nuestro conocimiento de la isla y de las mejores cosas que hacer y lugares para visitar le ayudar\u00e1 a que sus vacaciones sean inolvidables!<\/p>\n<p>En general, la oferta de excursiones Tenerife es realmente enorme. En la isla puede encontrar, por ejemplo, lugares incre\u00edbles para actividades al aire libre. Alternativamente puede divertirse practicando cualquier tipo de deportes acu\u00e1ticos o a\u00e9reos como por ejemplo buceo, moto de agua o parasailing.<\/p>\n<p>Adem\u00e1s, puede explorar la isla en visitas guiadas en jeep o autob\u00fas. Despu\u00e9s de eso, es posible visitar los mejores parques tem\u00e1ticos como Loro Parque y Siam Park. Adem\u00e1s, puede conducir un quad o un buggy en un safari por el fant\u00e1stico Parque Nacional del Teide y su paisaje lunar. Por \u00faltimo, pero no menos importante, puede entretenerse con espect\u00e1culos superlativos. \u00a1Aqu\u00ed hay de hecho todo para su diversi\u00f3n!<\/p>\n<h3><span style=\"font-size: 12pt;\">NOS ESPECIALIZAMOS EXCLUSIVAMENTE EN EXCURSIONES EN LA ISLA DE TENERIFE. ESTa ES B\u00c1SICAMENTE la M\u00c1S GRANDE, M\u00c1S POBLADa Y M\u00c1S VISITADa DE LAS ISLAS CANARIAS. SU VARIEDAD DE PAISAJES, MICROCLIMAS, ACTIVIDADES RECREATIVAS Y SERVICIOS TUR\u00cdSTICOS La HACE CON SEGURIDAD, UNO DE LOS DESTINOS M\u00c1S POPULARES DEL MUNDO. M\u00c1S DE CINCO MILLONES DE VISITANTES VIENEN A LA ISLA CADA A\u00d1O Y HACEN MUCHAS EXCURSIONES TENERIFE.<\/span><\/h3>\n<p>Hay algunas cosas a se\u00f1alar que debe saber antes de venir a Tenerife. En primer lugar, los vientos alisios soplan casi constantemente de noreste a suroeste en esta latitud. En vista de esto, no reserve su alojamiento en el este de la isla a menos que le guste el viento. Por el contrario, la costa oeste est\u00e1 protegida de estos vientos por altas monta\u00f1as. Por ello le recomendamos que se aloje en la zona comprendida entre Los Cristianos y Santiago del Teide.<\/p>\n<p>En segundo lugar, en el norte de Tenerife el clima es en general m\u00e1s nublado y h\u00famedo. Es importante darse cuenta de que si se queda all\u00ed, es posible que no encuentre exactamente las jornadas soleadas que busca, especialmente en invierno. Otra cosa a tener en cuenta es que si se queda en el norte, el servicio de recogida para la mayor\u00eda de las excursiones Tenerife no est\u00e1 disponible. Es decir, es necesario alquilar un coche para llegar al sur, el transporte p\u00fablico no es una buena opci\u00f3n porque a menudo hay retrasos.<\/p>\n<h3><span style=\"font-size: 12pt;\">TERCERO, SI EST\u00c1 PENSANDO EN HACER EXCURSIONES TENERIFE MEJOR RESERVARLAS CON ANTELACI\u00d3N. DE HECHO, LA DISPONIBILIDAD ES LIMITADA Y LAS EXCURSIONES DE \u00daLTIMA HORA SON DIF\u00cdCILES DE ORGANIZAR. CON ESTO EN MENTE, INTENTE PONERSE EN CONTACTO CON NOSOTROS ANTES DE LLEGAR PARA QUE PODEMOS PLANIFICAR SUS VIAJES. QUEREMOS QUE SE RELAJE EN SUS VACACIONES EN LUGAR DE ESTRESARse PORQUE NO HAY ESPACIO DISPONIBLE. SIN EMBARGO, en general UNA SEMANA ES SUFICIENTE tiempo PARA ORGANIZARSE. IGUALMENTE IMPORTANTE ES QUE NOS PROPORCIONE TODOS LOS DETALLES REQUERIDOS PARA LAS EXCURSIONES.<\/span><\/h3>\n<p>El clima aqu\u00ed a menudo se llama \u201cprimavera eterna\u201d porque presenta temperaturas suaves durante todo el a\u00f1o. Esto es especialmente cierto en la zona suroeste de la isla. Como resultado, este buen tiempo estimula muchas diferentes excursiones Tenerife. En primer lugar, se puede sobrevolar la zona de Costa Adeje en parapente o en helic\u00f3ptero. En segundo lugar, es posible hacer kayak con delfines por El Palm-Mar. En tercer lugar, se pueden avistar ballenas en un paseo en barco contemplando los majestuosos <a href=\"https:\/\/es.wikipedia.org\/wiki\/Acantilados_de_Los_Gigantes\" target=\"_blank\" rel=\"noopener noreferrer\">acantilados de Los Gigantes<\/a>. Sin duda, estas son experiencias que recordar\u00e1 para siempre.<\/p>\n<h3><span style=\"font-size: 12pt;\">AS\u00cd QUE MIRe LAS EXCURSIONES TENERIFE Y VEA LA DESCRIPCI\u00d3N DETALLADA. ADEM\u00c1S MIRe EL VIDEO. DE ESTA MANERA YA PUEDE EXPERIMENTAR LO QUE SER\u00cdA la <\/span><span lang=\"es\" style=\"font-size: 12pt;\">excursi\u00f3n <\/span><span style=\"font-size: 12pt;\">ANTES DE RESERVARLa. MIENTRAS tanto, Tenr\u00e1 UNA IDEA DE TODOS LOS DETALLES IMPORTANTES COMO PRECIO, HORARIO, ETC.<\/span><\/h3>\n<p>Otro punto clave es el dise\u00f1o moderno y claro de nuestra tienda online. Cuando navega por el sitio web, sin lugar a dudas, puede notar la atenci\u00f3n por los detalles. Por supuesto, queremos afirmar que somos diferentes de muchas otras tiendas online famosas de la industria. En resumen, \u00a1esto se debe a que tenemos un amplio conocimiento de Tenerife! De hecho, filmamos las excursiones nosotros mismos. Como se puede ver, producimos casi todas las im\u00e1genes y videos. En esencia, en nuestro sitio web puede encontrar contenido original y exclusivo. Sin duda, \u00a1nos apasiona lo que hacemos!<\/p>\n<h3><span style=\"font-size: 12pt;\">AUNQUE PAREZCA EXTRA\u00d1O, ALGUNAS DE LAS MEJORES AGENCIAS ONLINE NO CONOCEN BIEN TENERIFE PORQUE ORGANIZAN EXCURSIONES POR TODO EL MUNDO. IGUALMENTE IMPORTANTE, NO PUBLICAN FOTOS Y VIDEOS ORIGINALES COMO HACEMOS nosotros. UNO DE NUESTROS PUNTOS FUERTES ES QUE TRATAMOS EXCLUSIVAMENTE DE EXCURSIONES EN TENERIFE. ESTO aparece muy CLARO TAN PRONTO COMO ABRe NUESTRO SITIO WEB Y lo COMPARA CON OTROS. DADO ESTOS PUNTOS ES IMPORTANTE DAR CUENTA DE LA DIFERENCIA DE NUESTROS SERVICIOS. SIN DUDAS PODEMOS ASESORARLE MEJOR SOBRE QU\u00c9 EXCURSIONES TENERIFE HACER.<\/span><\/h3>\n<p>El objetivo de este sitio web no es s\u00f3lo organizar excursiones Tenerife a los mejores precios. Tambi\u00e9n queremos dar una mejor idea de lo que la isla puede ofrecer a las personas que est\u00e1n planificando sus vacaciones. En otras palabras, queremos brindar informaci\u00f3n tur\u00edstica general y compartir nuestro conocimiento y experiencia sobre este maravilloso lugar.<\/p>\n<p>Para hacer felices a nuestros clientes, trabajamos con los mejores socios. Parte de nuestro trabajo es, de hecho, comprobar que todos trabajan correctamente. En particular controlamos documentos importantes como seguros y registros por parte del gobierno canario. Ciertamente esta actividad asegura a nuestros clientes la calidad de las excursiones. Hay muchas empresas en Tenerife que trabajan mal, por no hablar de las ilegales.<\/p>\n<h3><span style=\"font-size: 12pt;\">OTRA COSA A TENER EN CONSIDERACI\u00d3N ES NUESTRA <a href=\"https:\/\/tenerife-trips.com\/es\/terminos-y-condiciones\/?lang=es\" target=\"_blank\" rel=\"noopener noreferrer\">POL\u00cdTICA DE CANCELACI\u00d3N<\/a>. QUEREMOS QUE CONTACTE CON NOSOTROS ANTES DE RESERVAR EN CUALQUIER CASO. A PESAR DE LA BUENA CALIDAD DE NUESTRO SITIO WEB, ES IMPOSIBLE TENER DISPONIBILIDAD ACTUALIZADA EN ELLo.<\/span><\/h3>\n<p>Preferimos que se pongan en contacto con nosotros a trav\u00e9s de nuestro servicio de asistencia por chat en directo o por WhatsApp porque es la forma m\u00e1s r\u00e1pida y sencilla. No recibimos llamadas telef\u00f3nicas porque queremos que nuestra comunicaci\u00f3n sea por escrito y clara tanto para Usted como para nosotros. Si intenta ponerse en contacto con nosotros por la noche, le responderemos al d\u00eda siguiente. Aunque nuestra oficina est\u00e1 bastante ocupada, haremos todo lo posible para comunicarnos con usted en poco tiempo. En general, respondemos a m\u00e1s tardar en unas pocas horas, as\u00ed que no se estrese. Sin duda, haremos todo lo posible para ser lo m\u00e1s r\u00e1pido posible. Estaremos encantados de responderle durante todo el a\u00f1o, as\u00ed que p\u00f3ngase en contacto con nosotros de inmediato.<\/p>\n<p>Finalmente queremos que sepa que lo que nos diferencia de otras empresas es nuestro servicio al cliente. De hecho, tenemos las mejores <a href=\"https:\/\/maps.app.goo.gl\/snEcQo58LKGmqktU6\" target=\"_blank\" rel=\"noopener noreferrer\">rese\u00f1as de nuestros clientes<\/a>. Esto se debe al hecho de que siempre que hay un problema, hacemos todo lo posible para solucionarlo. Creemos que, a la larga, tener clientes satisfechos har\u00e1 que tengamos \u00e9xito. Adem\u00e1s de la organizaci\u00f3n de la excursi\u00f3n ofrecemos un excelente servicio postventa. En general una vez realizada la actividad comprobamos su opini\u00f3n al respecto.<\/p>\n<h3><span style=\"font-size: 12pt;\">\u00a1EN CONCLUSI\u00d3N, RESERVe sUS EXCURSIONES TENERIFE CON NOSOTROS Y APROVECHe LOS MEJORES DESCUENTOS ONLINE!<\/span><\/h3>\n<p>[\/vc_column_text][vc_empty_space height=&#8221;20&#8243;][\/vc_column][\/vc_row]<\/p>\n<\/div>","protected":false},"excerpt":{"rendered":"<p>[vc_row full_width=&#8221;stretch_row_content_no_spaces&#8221; content_placement=&#8221;top&#8221; css_animation=&#8221;fadeIn&#8221; css=&#8221;.vc_custom_1574822360670{background-color: #312c7a !important;}&#8221;][vc_column][vc_column_text css=&#8221;.vc_custom_1769607530501{background-color: #F6EB14 !important;background-position: center !important;background-repeat: no-repeat !important;background-size: cover !important;}&#8221; css_animation=&#8221;fadeIn&#8221;] EXCURSIONES TENERIFE [\/vc_column_text][\/vc_column][\/vc_row][vc_row][vc_column][vc_column_text&#8230;<\/p>\n","protected":false},"author":2,"featured_media":61210,"parent":0,"menu_order":0,"comment_status":"closed","ping_status":"closed","template":"","meta":{"_acf_changed":false,"_seopress_robots_primary_cat":"","_seopress_titles_title":"Excursiones Tenerife, planifica tus vacaciones con Tenerife Trips","_seopress_titles_desc":"Excursiones Tenerife, una selecci\u00f3n de las mejores actividades disponibles para disfrutar plenamente de sus vacaciones en la isla","_seopress_robots_index":"","footnotes":""},"class_list":["post-44985","page","type-page","status-publish","has-post-thumbnail"],"acf":[],"_links":{"self":[{"href":"https:\/\/tenerife-trips.com\/es\/wp-json\/wp\/v2\/pages\/44985","targetHints":{"allow":["GET"]}}],"collection":[{"href":"https:\/\/tenerife-trips.com\/es\/wp-json\/wp\/v2\/pages"}],"about":[{"href":"https:\/\/tenerife-trips.com\/es\/wp-json\/wp\/v2\/types\/page"}],"author":[{"embeddable":true,"href":"https:\/\/tenerife-trips.com\/es\/wp-json\/wp\/v2\/users\/2"}],"replies":[{"embeddable":true,"href":"https:\/\/tenerife-trips.com\/es\/wp-json\/wp\/v2\/comments?post=44985"}],"version-history":[{"count":0,"href":"https:\/\/tenerife-trips.com\/es\/wp-json\/wp\/v2\/pages\/44985\/revisions"}],"wp:featuredmedia":[{"embeddable":true,"href":"https:\/\/tenerife-trips.com\/es\/wp-json\/wp\/v2\/media\/61210"}],"wp:attachment":[{"href":"https:\/\/tenerife-trips.com\/es\/wp-json\/wp\/v2\/media?parent=44985"}],"curies":[{"name":"wp","href":"https:\/\/api.w.org\/{rel}","templated":true}]}}