{"id":45562,"date":"2019-11-27T18:51:48","date_gmt":"2019-11-27T18:51:48","guid":{"rendered":"https:\/\/tenerife-trips.com\/nosotros\/"},"modified":"2025-06-10T20:58:59","modified_gmt":"2025-06-10T19:58:59","slug":"nosotros","status":"publish","type":"page","link":"https:\/\/tenerife-trips.com\/es\/nosotros\/","title":{"rendered":"NOSOTROS"},"content":{"rendered":"<div class=\"wpb-content-wrapper\"><p>[vc_section][vc_row full_width=&#8221;stretch_row_content_no_spaces&#8221;][vc_column][vc_column_text css=&#8221;.vc_custom_1743586530758{background-color: #F6EB14 !important;background-position: center !important;background-repeat: no-repeat !important;background-size: cover !important;}&#8221; css_animation=&#8221;fadeIn&#8221;]<\/p>\n<h1 class=\"title-h2\" style=\"text-align: center;\"><span style=\"font-size: 18pt; color: #312c7a;\">ADMINISTRACI\u00d3N<\/span><\/h1>\n<h2><\/h2>\n<p>[\/vc_column_text][\/vc_column][\/vc_row][vc_row][vc_column][vc_column_text]<\/p>\n<p style=\"text-align: center;\"><span style=\"font-size: 14pt;\"><strong>TENERIFE TRIPS<\/strong> es una agencia online que organiza excursiones en Tenerife. Ofrecemos todo tipo de actividades, como recorridos por tierra, deportes acu\u00e1ticos y a\u00e9reos, paseos en barco, espect\u00e1culos, parques tem\u00e1ticos y mucho m\u00e1s. <\/span><span style=\"font-size: 14pt;\">\u00a1Consulte nuestras ofertas diarias y aproveche los mejores descuentos online!<\/span><\/p>\n<p>[\/vc_column_text][vc_empty_space height=&#8221;47px&#8221;][\/vc_column][\/vc_row][vc_row full_width=&#8221;stretch_row_content&#8221; css=&#8221;.vc_custom_1577587267150{background-color: #312c7a !important;background-position: center !important;background-repeat: no-repeat !important;background-size: cover !important;}&#8221;][vc_column width=&#8221;1\/2&#8243;][vc_single_image image=&#8221;42972&#8243; img_size=&#8221;full&#8221; alignment=&#8221;center&#8221; css=&#8221;&#8221;][\/vc_column][vc_column width=&#8221;1\/2&#8243;][vc_column_text]<strong><span style=\"color: #ffffff;\">Emanuele<\/span><\/strong><\/p>\n<p><strong><span style=\"color: #ffffff;\">Director General de Tenerife Trips<\/span><\/strong><\/p>\n<p><span style=\"color: #ffffff;\">Nac\u00ed en Italia en 1983 y me gradu\u00e9 en sociolog\u00eda en 2009 en la Universidad de Bolonia. He viv\u00eddo en varios pa\u00edses diferentes como: Inglaterra, Alemania, Australia, EE. UU. y desde 2015 en Tenerife, Espa\u00f1a. Mientras estaba en esos pa\u00edses, estudiaba sus lenguas y con ello actualmente puedo hablar con fluidez en ingl\u00e9s, alem\u00e1n, espa\u00f1ol y, por supuesto, mi lengua materna, el italiano. En este momento estoy tomando un curso de franc\u00e9s. Durante mi carrera adquir\u00ed experiencia laboral principalmente en ventas y servicio al cliente y desde 2015 me dedico a organizar excursiones en Tenerife. En agosto de 2017 tuve la oportunidad de abrir mi propio negocio y naci\u00f3 &#8220;Tenerife Trips&#8221;. El prop\u00f3sito de mi trabajo es organizar sus vacaciones y hacerlas memorables, compartiendo mi experiencia y conocimiento de la isla con usted.<\/span><\/p>\n<p style=\"text-align: center;\"><span style=\"text-decoration: underline;\"><span style=\"color: #ffffff; text-decoration: underline;\">IDIOMAS HABLADOS:<\/span><\/span><\/p>\n<p style=\"text-align: center;\"><span style=\"color: #ffffff;\"><strong>ESPA\u00d1OL &#8211; INGL\u00c9S &#8211; ALEM\u00c1N &#8211; ITALIANO\u00a0<\/strong><\/span><\/p>\n<p><img alt=\"\" class=\"size-full wp-image-316156 aligncenter\" src=\"https:\/\/www.tenerife-trips.com\/wp-content\/uploads\/2021\/12\/flags.png\" alt=\"\" width=\"222\" height=\"75\" \/><\/p>\n<h6><\/h6>\n<p>[\/vc_column_text][\/vc_column][\/vc_row][vc_row][vc_column][vc_empty_space][vc_column_text css=&#8221;&#8221;]<\/p>\n<h4 style=\"text-align: center;\"><span style=\"text-decoration: underline; color: #312c7a; font-size: 14pt;\">SITIOS WEB RECOMENDADOS:<\/span><\/h4>\n<p>[\/vc_column_text]<div class=\"gem-list\" ><ul>\n<li style=\"text-align: center;\"><a href=\"https:\/\/www.go-etna.com\/\" target=\"_blank\" rel=\"noopener noreferrer\">www.go-etna.com<\/a> (excursiones en Sicilia)<\/li>\n<li style=\"text-align: center;\"><a href=\"https:\/\/housesaleitaly.com\" target=\"_blank\" rel=\"noopener\">www.housesaleitaly.com<\/a> (agencia inmobiliaria en Italia)<\/li>\n<li><\/li>\n<\/ul>\n<\/div>[vc_empty_space][\/vc_column][\/vc_row][\/vc_section]<\/p>\n<\/div>","protected":false},"excerpt":{"rendered":"<p>[vc_section][vc_row full_width=&#8221;stretch_row_content_no_spaces&#8221;][vc_column][vc_column_text css=&#8221;.vc_custom_1743586530758{background-color: #F6EB14 !important;background-position: center !important;background-repeat: no-repeat !important;background-size: cover !important;}&#8221; css_animation=&#8221;fadeIn&#8221;] ADMINISTRACI\u00d3N [\/vc_column_text][\/vc_column][\/vc_row][vc_row][vc_column][vc_column_text] TENERIFE TRIPS es una agencia online&#8230;<\/p>\n","protected":false},"author":2,"featured_media":0,"parent":0,"menu_order":0,"comment_status":"closed","ping_status":"closed","template":"","meta":{"_acf_changed":false,"_seopress_robots_primary_cat":"0","_seopress_titles_title":"Qui\u00e9nes somos, presentaci\u00f3n de la direcci\u00f3n de Tenerife Trips","_seopress_titles_desc":"Qui\u00e9nes somos, en esta p\u00e1gina podr\u00e1 leer y conocer a las personas que dirigen la empresa. Nuestras experiencias e intenciones de trabajo","_seopress_robots_index":"","footnotes":""},"class_list":["post-45562","page","type-page","status-publish"],"acf":[],"_links":{"self":[{"href":"https:\/\/tenerife-trips.com\/es\/wp-json\/wp\/v2\/pages\/45562","targetHints":{"allow":["GET"]}}],"collection":[{"href":"https:\/\/tenerife-trips.com\/es\/wp-json\/wp\/v2\/pages"}],"about":[{"href":"https:\/\/tenerife-trips.com\/es\/wp-json\/wp\/v2\/types\/page"}],"author":[{"embeddable":true,"href":"https:\/\/tenerife-trips.com\/es\/wp-json\/wp\/v2\/users\/2"}],"replies":[{"embeddable":true,"href":"https:\/\/tenerife-trips.com\/es\/wp-json\/wp\/v2\/comments?post=45562"}],"version-history":[{"count":0,"href":"https:\/\/tenerife-trips.com\/es\/wp-json\/wp\/v2\/pages\/45562\/revisions"}],"wp:attachment":[{"href":"https:\/\/tenerife-trips.com\/es\/wp-json\/wp\/v2\/media?parent=45562"}],"curies":[{"name":"wp","href":"https:\/\/api.w.org\/{rel}","templated":true}]}}