{"id":45604,"date":"2019-12-02T04:09:52","date_gmt":"2019-12-02T04:09:52","guid":{"rendered":"https:\/\/tenerife-trips.com\/contacto\/"},"modified":"2026-01-01T18:56:36","modified_gmt":"2026-01-01T18:56:36","slug":"contacto","status":"publish","type":"page","link":"https:\/\/tenerife-trips.com\/es\/contacto\/","title":{"rendered":"Contacto"},"content":{"rendered":"<div class=\"wpb-content-wrapper\"><p>[vc_row full_width=&#8221;stretch_row_content_no_spaces&#8221;][vc_column][vc_empty_space height=&#8221;6&#8243;][vc_row_inner][vc_column_inner][vc_empty_space][vc_column_text css=&#8221;.vc_custom_1767293792018{margin-right: 30px !important;margin-left: 30px !important;}&#8221;]<\/p>\n<p style=\"text-align: center;\"><span style=\"font-size: 18pt;\"><strong><span style=\"color: #312c7a;\">\u00a0Por favor comun\u00edquese con nosotros a trav\u00e9s de nuestro servicio de soporte de chat en vivo, para iniciar la conversaci\u00f3n presione el bot\u00f3n con el icono <img alt=\"\" class=\"alignnone wp-image-712236\" src=\"https:\/\/tenerife-trips.com\/wp-content\/uploads\/2026\/01\/icona-tawk-to-perfetta.jpg\" alt=\"\" width=\"40\" height=\"40\" \/> en la parte inferior derecha y complete sus datos.<\/span><\/strong><\/span><\/p>\n<p>[\/vc_column_text][vc_empty_space][\/vc_column_inner][\/vc_row_inner][\/vc_column][\/vc_row][vc_row][vc_column][vc_column_text css=&#8221;&#8221;]<\/p>\n<p style=\"text-align: center;\"><strong><span style=\"font-size: 18pt;\">Tambi\u00e9n puede chatear con nosotros por Whatsapp haciendo clic en el icono de aqu\u00ed:<\/span><\/strong><\/p>\n<p>[\/vc_column_text][vc_single_image image=&#8221;691923&#8243; img_size=&#8221;64&#215;64&#8243; alignment=&#8221;center&#8221; onclick=&#8221;custom_link&#8221; css=&#8221;&#8221; link=&#8221;https:\/\/wa.me\/34689210678&#8243;][\/vc_column][\/vc_row][vc_section][vc_row][vc_column][vc_empty_space height=&#8221;70px&#8221;][vc_column_text css=&#8221;&#8221;]<\/p>\n<h4 style=\"text-align: center;\"><span style=\"color: #312c7a;\">\u00b7 HABLAMOS \u00b7<\/span><\/h4>\n<p>[\/vc_column_text][vc_column_text]<img alt=\"\" class=\"size-full wp-image-316152 aligncenter\" src=\"https:\/\/www.tenerife-trips.com\/wp-content\/uploads\/2021\/12\/flags.png\" alt=\"\" width=\"222\" height=\"75\" \/>[\/vc_column_text][vc_empty_space height=&#8221;70px&#8221;][vc_column_text css=&#8221;&#8221;]<a href=\"https:\/\/maps.app.goo.gl\/LitkFdns7knHxBXu7\" target=\"_blank\" rel=\"noopener\"><img alt=\"\" class=\"wp-image-690429 size-full aligncenter\" src=\"https:\/\/www.tenerife-trips.com\/wp-content\/uploads\/2025\/03\/reviews-spagnolo.webp\" alt=\"\" width=\"600\" height=\"353\" srcset=\"https:\/\/tenerife-trips.com\/wp-content\/uploads\/2025\/03\/reviews-spagnolo.webp 600w, https:\/\/tenerife-trips.com\/wp-content\/uploads\/2025\/03\/reviews-spagnolo-416x245.webp 416w, https:\/\/tenerife-trips.com\/wp-content\/uploads\/2025\/03\/reviews-spagnolo-300x177.webp 300w\" sizes=\"(max-width: 600px) 100vw, 600px\" \/><\/a>[\/vc_column_text][vc_empty_space height=&#8221;70px&#8221;][\/vc_column][\/vc_row][\/vc_section]<\/p>\n<\/div>","protected":false},"excerpt":{"rendered":"<p>[vc_row full_width=&#8221;stretch_row_content_no_spaces&#8221;][vc_column][vc_empty_space height=&#8221;6&#8243;][vc_row_inner][vc_column_inner][vc_empty_space][vc_column_text css=&#8221;.vc_custom_1767293792018{margin-right: 30px !important;margin-left: 30px !important;}&#8221;] \u00a0Por favor comun\u00edquese con nosotros a trav\u00e9s de nuestro servicio de soporte&#8230;<\/p>\n","protected":false},"author":2,"featured_media":0,"parent":0,"menu_order":0,"comment_status":"closed","ping_status":"closed","template":"","meta":{"_acf_changed":false,"_seopress_robots_primary_cat":"","_seopress_titles_title":"","_seopress_titles_desc":"","_seopress_robots_index":"","footnotes":""},"class_list":["post-45604","page","type-page","status-publish"],"acf":[],"_links":{"self":[{"href":"https:\/\/tenerife-trips.com\/es\/wp-json\/wp\/v2\/pages\/45604","targetHints":{"allow":["GET"]}}],"collection":[{"href":"https:\/\/tenerife-trips.com\/es\/wp-json\/wp\/v2\/pages"}],"about":[{"href":"https:\/\/tenerife-trips.com\/es\/wp-json\/wp\/v2\/types\/page"}],"author":[{"embeddable":true,"href":"https:\/\/tenerife-trips.com\/es\/wp-json\/wp\/v2\/users\/2"}],"replies":[{"embeddable":true,"href":"https:\/\/tenerife-trips.com\/es\/wp-json\/wp\/v2\/comments?post=45604"}],"version-history":[{"count":0,"href":"https:\/\/tenerife-trips.com\/es\/wp-json\/wp\/v2\/pages\/45604\/revisions"}],"wp:attachment":[{"href":"https:\/\/tenerife-trips.com\/es\/wp-json\/wp\/v2\/media?parent=45604"}],"curies":[{"name":"wp","href":"https:\/\/api.w.org\/{rel}","templated":true}]}}