{"id":74089,"date":"2018-05-10T00:05:25","date_gmt":"2018-05-09T23:05:25","guid":{"rendered":"https:\/\/tenerife-trips.com\/?page_id=74089"},"modified":"2025-11-20T12:29:28","modified_gmt":"2025-11-20T12:29:28","slug":"politica-de-privacidad","status":"publish","type":"page","link":"https:\/\/tenerife-trips.com\/es\/politica-de-privacidad\/","title":{"rendered":"Politica de Privacidad"},"content":{"rendered":"<div class=\"wpb-content-wrapper\"><p>[vc_row full_width=&#8221;stretch_row_content_no_spaces&#8221; css=&#8221;.vc_custom_1588961501765{background-color: #f6eb14 !important;}&#8221;][vc_column][vc_column_text]<\/p>\n<h2 style=\"text-align: center;\"><span style=\"font-size: 18pt;\"><strong>Politica de privacidad<\/strong><\/span><\/h2>\n<p>[\/vc_column_text][\/vc_column][\/vc_row][vc_row][vc_column][vc_column_text css=&#8221;&#8221; css_animation=&#8221;fadeIn&#8221;]De acuerdo con la Ley Org\u00e1nica 3\/2018 y con el art\u00edculo 13 del reglamento UE 2016\/679 ponemos a su disposici\u00f3n la siguiente informaci\u00f3n:<\/p>\n<p><strong><u>INFORMACI\u00d3N B\u00c1SICA DE PROTECCI\u00d3N DE DATOS<\/u><\/strong><\/p>\n<table width=\"54%\">\n<tbody>\n<tr>\n<td width=\"20%\"><strong>Responsable<\/strong><\/td>\n<td width=\"78%\"><strong>\u00a0POEMA SOLUTIONS S.L.<\/strong><\/td>\n<\/tr>\n<tr>\n<td width=\"20%\"><strong>Finalidad<\/strong><\/td>\n<td width=\"78%\">\u00a0\u00b7 Atender las solicitudes de informaci\u00f3n realizadas a trav\u00e9s de\u00a0 \u00a0la\u00a0 \u00a0web o de cualquier otro medio de contacto.<\/p>\n<p>\u00b7 Gestionar los servicios contratado a trav\u00e9s de nuestra tienda\u00a0 \u00a0 \u00a0 \u00a0online.<\/td>\n<\/tr>\n<tr>\n<td width=\"20%\"><strong>Legitimaci\u00f3n<\/strong><\/td>\n<td width=\"78%\">\u00a0\u00b7 Consentimiento del interesado.<\/p>\n<p>\u00b7 Establecimiento de la relaci\u00f3n precontractual\/contractual.<\/td>\n<\/tr>\n<tr>\n<td width=\"20%\"><strong>Destinatarios<\/strong><\/td>\n<td width=\"78%\">\u00a0No se ceder\u00e1n datos a terceros salvo obligaci\u00f3n legal o en el\u00a0 \u00a0supuesto que sea necesario para atender su solicitud.<\/td>\n<\/tr>\n<tr>\n<td width=\"20%\"><strong>Derechos<\/strong><\/td>\n<td width=\"78%\">\u00a0Podr\u00e1 ejercer los derechos de acceso, rectificaci\u00f3n, supresi\u00f3n y\u00a0 \u00a0oposici\u00f3n, limitaci\u00f3n del tratamiento, portabilidad de datos.<\/td>\n<\/tr>\n<\/tbody>\n<\/table>\n<p><strong>\u00a0<\/strong><\/p>\n<p><strong><u>\u00bfQUI\u00c9N VA A TRATAR MIS DATOS?<\/u><\/strong><\/p>\n<p>El responsable del tratamiento de sus datos es<\/p>\n<p><span style=\"text-decoration: underline;\">Denominaci\u00f3n Social<\/span>: POEMA SOLUTIONS S.L.<\/p>\n<p><u>N\u00famero de iva y c\u00f3digo fiscal<\/u>: B24751083<\/p>\n<p><span style=\"text-decoration: underline;\">Denominaci\u00f3n comercial<\/span>: TENERIFE TRIPS<\/p>\n<p><span style=\"text-decoration: underline;\">Direcci\u00f3n<\/span>: Calle Lagunas de Ruidera 749, Orihuela Costa, 03189, Espa\u00f1a<\/p>\n<p>Otros datos de contacto:<\/p>\n<p><span style=\"text-decoration: underline;\">Correo electr\u00f3nico<\/span>: <a href=\"mailto:emanuele@tenerife-trips.com\" target=\"_blank\" rel=\"noopener\"><span style=\"text-decoration: underline;\">copie este hiperv\u00ednculo y p\u00e9guelo para ver nuestra direcci\u00f3n de correo electr\u00f3nico<\/span><\/a><\/p>\n<p><span style=\"text-decoration: underline;\">N\u00famero de tel\u00e9fono<\/span>: +34 689 210 678<\/p>\n<p><strong>\u00a0<\/strong><\/p>\n<p><strong><u>\u00bfCU\u00c1L ES LA FINALIDAD DEL TRATAMIENTO Y LA BASE LEGAL DEL MISMO?<\/u><\/strong><\/p>\n<p>En Tenerife-Trips\u00a0 tratamos la informaci\u00f3n que nos facilitan las personas interesadas con el fin de gestionar sus solicitudes de informaci\u00f3n y\u00a0 cuando proceda gestionar el proceso de venta de los\u00a0 servicios que pueda adquirir en nuestra tienda on-line.<\/p>\n<p>La base legal para el tratamiento de sus datos es el consentimiento que presta a trav\u00e9s de la aceptaci\u00f3n de los consentimientos que se le facilitan en nuestra web, de acuerdo con la pol\u00edtica de privacidad de Tenerife-Trips<strong>.<\/strong><\/p>\n<p>Recuerde que, cuando le pidamos que rellene sus datos personales para darle acceso a alguna funcionalidad o servicio en nuestros formularios, marcaremos algunos campos como obligatorios, puesto que son datos que necesitamos para poder prestarle el servicio o darle acceso a la funcionalidad en cuesti\u00f3n. Por favor, tenga en cuenta que si decide no facilitarnos esos datos, es posible que no pueda completar su registro como usuario o que no pueda disfrutar de los servicios.<\/p>\n<p>En el caso de solicitudes \u00a0que nos lleguen por otras v\u00edas que no sean nuestros formularios de contactos web, la base legal para el tratamiento de sus datos en este caso es el establecimiento de la relaci\u00f3n precontractual \u2013contractual. Es decir,\u00a0 gestionaremos sus datos para atender sus peticiones de informaci\u00f3n y\/o servicios.<\/p>\n<p>Los datos facilitados por los usuarios ser\u00e1n utilizados para estudios estad\u00edsticos y an\u00e1lisis de\u00a0 perfiles con la finalidad de prestar un mejor servicio a trav\u00e9s de nuestra web, para lo que se utilizar\u00e1 la aplicaci\u00f3n Google Analytics.<\/p>\n<p>Para m\u00e1s informaci\u00f3n consultar nuestra <a href=\"https:\/\/tenerife-trips.com\/es\/cookie-policy-eu\/?lang=es\" target=\"_blank\" rel=\"noopener\">Pol\u00edtica de Cookies<\/a>.<\/p>\n<p><strong>\u00a0<\/strong><\/p>\n<p><strong><u>\u00bfD\u00d3NDE SE ALMACENA SU INFORMACI\u00d3N?<\/u><\/strong><\/p>\n<p>Hostinger International Ltd., Cyprus private limited company, 61 Lordou Vironos str., 6023 Larnaca, Cyprus, https:\/\/www.hostinger.com<\/p>\n<p>&nbsp;<\/p>\n<p><strong><u>\u00bfA QUI\u00c9N SE CEDER\u00c1N SUS DATOS?<\/u><\/strong><\/p>\n<p>Para cumplir las finalidades indicadas en la presente Pol\u00edtica de Privacidad, es necesario que demos acceso a tus datos personales a las siguientes entidades que nos prestan apoyo en los servicios que te ofrecemos:<\/p>\n<ul>\n<li>Entidades financieras. Para la gesti\u00f3n de pago de los servicios contratados.<\/li>\n<li>Proveedores de servicios tecnol\u00f3gicos. Hosting\u00a0 y mantenimiento de la web.<\/li>\n<\/ul>\n<p>Al margen de las se\u00f1aladas no se ceder\u00e1n datos a terceros salvo obligaci\u00f3n legal, o en el supuesto que fuera necesario para el cumplimiento directamente relacionado con las funciones derivadas del servicio.<\/p>\n<p>&nbsp;<\/p>\n<p><strong><u>\u00bfPOR CU\u00c1NTO TIEMPO CONSERVAREMOS SUS DATOS?<\/u><\/strong><\/p>\n<p>Los datos personales proporcionados se conservar\u00e1n mientras se mantenga la relaci\u00f3n con esta empresa, y no se solicite su supresi\u00f3n por el interesado.<\/p>\n<p>&nbsp;<\/p>\n<p><strong><u>\u00bfCU\u00c1LES SON SUS DERECHOS CUANDO NOS FACILITA SUS DATOS?<\/u><\/strong><u> <strong>\u00bfY D\u00d3NDE DIRIGIRME PARA EJERCITAR MIS DERECHOS?<\/strong><\/u><\/p>\n<p>Cualquier persona tiene derecho a obtener confirmaci\u00f3n sobre si estamos tratando datos personales que les conciernan, o no en Tenerife-Trips. Las personas interesadas tienen derecho a acceder a sus datos personales, as\u00ed como a solicitar la rectificaci\u00f3n de los datos inexactos o, en su caso, solicitar su supresi\u00f3n cuando, entre otros motivos, los datos ya no sean necesarios para los fines que fueron recogidos. En determinadas circunstancias, los interesados podr\u00e1n solicitar la limitaci\u00f3n del tratamiento de sus datos, en cuyo caso \u00fanicamente los conservaremos para el ejercicio o la defensa de reclamaciones.<\/p>\n<p>En determinadas circunstancias y por motivos relacionados con su situaci\u00f3n particular, los interesados podr\u00e1n oponerse al tratamiento de sus datos y<strong>\u00a0 <\/strong>Tenerife-Trips\u00a0 dejar\u00e1 de tratar los datos, salvo por motivos leg\u00edtimos imperiosos, o el ejercicio o la defensa de posibles reclamaciones. Para ejercer sus derechos deben enviar una comunicaci\u00f3n junto con su documento de identidad a:<\/p>\n<p><a href=\"mailto:emanuele@tenerife-trips.com\" target=\"_blank\" rel=\"noopener\"><span style=\"text-decoration: underline;\">copie este hiperv\u00ednculo y p\u00e9guelo para ver nuestra direcci\u00f3n de correo electr\u00f3nico<\/span><\/a><\/p>\n<p>El usuario podr\u00e1 revocar en cualquier momento el consentimiento prestado en la siguiente direcci\u00f3n de correo: <a href=\"mailto:emanuele@tenerife-trips.com\" target=\"_blank\" rel=\"noopener\"><span style=\"text-decoration: underline;\">copie este hiperv\u00ednculo y p\u00e9guelo para ver nuestra direcci\u00f3n de correo electr\u00f3nico<\/span><\/a><\/p>\n<p>Asimismo se le informa de que los interesados tienen derecho a reclamar ante la autoridad de control <a href=\"https:\/\/www.aepd.es\" target=\"_blank\" rel=\"noopener\">Agencia Espa\u00f1ola de Protecci\u00f3n de Datos (AEPD)<\/a>.[\/vc_column_text][\/vc_column][\/vc_row]<\/p>\n<\/div>","protected":false},"excerpt":{"rendered":"<p>[vc_row full_width=&#8221;stretch_row_content_no_spaces&#8221; css=&#8221;.vc_custom_1588961501765{background-color: #f6eb14 !important;}&#8221;][vc_column][vc_column_text] Politica de privacidad [\/vc_column_text][\/vc_column][\/vc_row][vc_row][vc_column][vc_column_text css=&#8221;&#8221; css_animation=&#8221;fadeIn&#8221;]De acuerdo con la Ley Org\u00e1nica 3\/2018 y con el&#8230;<\/p>\n","protected":false},"author":2,"featured_media":0,"parent":0,"menu_order":0,"comment_status":"closed","ping_status":"closed","template":"","meta":{"_acf_changed":false,"_seopress_robots_primary_cat":"0","_seopress_titles_title":"","_seopress_titles_desc":"","_seopress_robots_index":"","footnotes":""},"class_list":["post-74089","page","type-page","status-publish"],"acf":[],"_links":{"self":[{"href":"https:\/\/tenerife-trips.com\/es\/wp-json\/wp\/v2\/pages\/74089","targetHints":{"allow":["GET"]}}],"collection":[{"href":"https:\/\/tenerife-trips.com\/es\/wp-json\/wp\/v2\/pages"}],"about":[{"href":"https:\/\/tenerife-trips.com\/es\/wp-json\/wp\/v2\/types\/page"}],"author":[{"embeddable":true,"href":"https:\/\/tenerife-trips.com\/es\/wp-json\/wp\/v2\/users\/2"}],"replies":[{"embeddable":true,"href":"https:\/\/tenerife-trips.com\/es\/wp-json\/wp\/v2\/comments?post=74089"}],"version-history":[{"count":0,"href":"https:\/\/tenerife-trips.com\/es\/wp-json\/wp\/v2\/pages\/74089\/revisions"}],"wp:attachment":[{"href":"https:\/\/tenerife-trips.com\/es\/wp-json\/wp\/v2\/media?parent=74089"}],"curies":[{"name":"wp","href":"https:\/\/api.w.org\/{rel}","templated":true}]}}