{"id":74092,"date":"2020-08-27T16:21:28","date_gmt":"2020-08-27T15:21:28","guid":{"rendered":"https:\/\/tenerife-trips.com\/?page_id=74092"},"modified":"2025-11-20T12:34:24","modified_gmt":"2025-11-20T12:34:24","slug":"aviso-legal","status":"publish","type":"page","link":"https:\/\/tenerife-trips.com\/es\/aviso-legal\/","title":{"rendered":"Aviso Legal"},"content":{"rendered":"<div class=\"wpb-content-wrapper\"><p>[vc_row full_width=&#8221;stretch_row_content_no_spaces&#8221; css=&#8221;.vc_custom_1588961501765{background-color: #f6eb14 !important;}&#8221;][vc_column][vc_column_text]<\/p>\n<h2 style=\"text-align: center;\"><span style=\"font-size: 18pt;\"><strong>AVISO LEGAL<\/strong><\/span><\/h2>\n<p>[\/vc_column_text][\/vc_column][\/vc_row][vc_row][vc_column][vc_column_text css=&#8221;&#8221; css_animation=&#8221;fadeIn&#8221;]<span style=\"font-size: 18pt;\"><strong><u>OBJETO<\/u><\/strong><\/span><\/p>\n<p>Las presentes condiciones legales son establecidas por Tenerife-Trips con el fin de determinar los criterios y condiciones de uso de la p\u00e1gina web www.tenerife-trips.com.<\/p>\n<p><strong>Datos del titular:<\/strong><\/p>\n<p>De acuerdo con la Ley Org\u00e1nica 3\/2018 y con el art\u00edculo 13 del reglamento UE 2016\/679 Tenerife-Trips pone a disposici\u00f3n los datos del titular de la presente p\u00e1gina web.<\/p>\n<p><strong>Identificaci\u00f3n y contacto:<\/strong><\/p>\n<p><span style=\"text-decoration: underline;\">Denominaci\u00f3n Social<\/span>: POEMA SOLUTIONS S.L.<\/p>\n<p><u>N\u00famero de iva y c\u00f3digo fiscal<\/u>: B24751083<\/p>\n<p><span style=\"text-decoration: underline;\">Denominaci\u00f3n comercial<\/span>: TENERIFE TRIPS<\/p>\n<p><span style=\"text-decoration: underline;\">Direcci\u00f3n<\/span>: Calle Lagunas de Ruidera 749, Orihuela Costa, 03189, Espa\u00f1a<\/p>\n<p><strong>Otros datos de contacto:<\/strong><\/p>\n<p><span style=\"text-decoration: underline;\">Correo electr\u00f3nico<\/span>: <a href=\"mailto:emanuele@tenerife-trips.com\" target=\"_blank\" rel=\"noopener\"><span style=\"text-decoration: underline;\">copie este hiperv\u00ednculo y p\u00e9guelo para ver nuestra direcci\u00f3n de correo electr\u00f3nico<\/span><\/a><\/p>\n<p><span style=\"text-decoration: underline;\">N\u00famero de tel\u00e9fono<\/span>: +34 689 210 678<\/p>\n<p>Al navegar por este sitio web el navegante adquiere la condici\u00f3n de usuario; el usuario acepta las condiciones de uso planteadas, Tenerife-Trips se reserva el derecho a modificar en cualquier momento sus condiciones legales, as\u00ed como a realizar cualquier mejora t\u00e9cnica o visual que considere oportuno; si las modificaciones afectan a la privacidad de los usuarios, se avisar\u00e1 con antelaci\u00f3n a la entrada en vigor de los cambios.<\/p>\n<p>De conformidad con la \u00a0Ley Org\u00e1nica 3\/2018 y con el Reglamento UE 2016\/679 para poder dar respuesta a las consultas del usuario se deber\u00e1n cumplimentar los campos obligatorios. No se ceder\u00e1n datos a terceros salvo por obligaci\u00f3n legal o en el supuesto que sea necesario para atender la solicitud del usuario, que est\u00e1 obligado a comunicar cualquier cambio y modificaci\u00f3n de sus datos. El usuario puede ejercer sus derechos de acceso, rectificaci\u00f3n, cancelaci\u00f3n, limitaci\u00f3n, oposici\u00f3n y portabilidad de datos escribiendo a la siguiente direcci\u00f3n:<\/p>\n<p><a href=\"mailto:emanuele@tenerife-trips.com\" target=\"_blank\" rel=\"noopener\"><span style=\"text-decoration: underline;\">copie este hiperv\u00ednculo y p\u00e9guelo para ver nuestra direcci\u00f3n de correo electr\u00f3nico<\/span><\/a><\/p>\n<p>&nbsp;<\/p>\n<p><span style=\"font-size: 18pt;\"><strong><u>POL\u00cdTICA DE ENLACES<\/u><\/strong><\/span><\/p>\n<p>En esta web se han establecido enlaces a p\u00e1ginas de terceros con el fin de facilitar a los usuarios el acceso a distintas redes sociales y plataformas de internet; Tenerife-Trips no se hace responsable de los contenidos, ofertas, productos o servicios que pudieran encontrarse a trav\u00e9s de dichos enlaces.<\/p>\n<p>&nbsp;<\/p>\n<p><span style=\"font-size: 18pt;\"><strong><u>LEGISLACI\u00d3N APLICABLE<\/u><\/strong><\/span><\/p>\n<p>Lo referente a <strong>Tenerife-Trips<\/strong>, y el usuario se llevar\u00e1 a cabo dentro de la normativa nacional vigente y cualquier controversia se sustanciar\u00e1 a trav\u00e9s del Tribunal de Alicante.<\/p>\n<p><strong>\u00a0<\/strong>[\/vc_column_text][\/vc_column][\/vc_row]<\/p>\n<\/div>","protected":false},"excerpt":{"rendered":"<p>[vc_row full_width=&#8221;stretch_row_content_no_spaces&#8221; css=&#8221;.vc_custom_1588961501765{background-color: #f6eb14 !important;}&#8221;][vc_column][vc_column_text] AVISO LEGAL [\/vc_column_text][\/vc_column][\/vc_row][vc_row][vc_column][vc_column_text css=&#8221;&#8221; css_animation=&#8221;fadeIn&#8221;]OBJETO Las presentes condiciones legales son establecidas por Tenerife-Trips con el&#8230;<\/p>\n","protected":false},"author":2,"featured_media":0,"parent":0,"menu_order":0,"comment_status":"closed","ping_status":"closed","template":"","meta":{"_acf_changed":false,"_seopress_robots_primary_cat":"0","_seopress_titles_title":"","_seopress_titles_desc":"","_seopress_robots_index":"","footnotes":""},"class_list":["post-74092","page","type-page","status-publish"],"acf":[],"_links":{"self":[{"href":"https:\/\/tenerife-trips.com\/es\/wp-json\/wp\/v2\/pages\/74092","targetHints":{"allow":["GET"]}}],"collection":[{"href":"https:\/\/tenerife-trips.com\/es\/wp-json\/wp\/v2\/pages"}],"about":[{"href":"https:\/\/tenerife-trips.com\/es\/wp-json\/wp\/v2\/types\/page"}],"author":[{"embeddable":true,"href":"https:\/\/tenerife-trips.com\/es\/wp-json\/wp\/v2\/users\/2"}],"replies":[{"embeddable":true,"href":"https:\/\/tenerife-trips.com\/es\/wp-json\/wp\/v2\/comments?post=74092"}],"version-history":[{"count":0,"href":"https:\/\/tenerife-trips.com\/es\/wp-json\/wp\/v2\/pages\/74092\/revisions"}],"wp:attachment":[{"href":"https:\/\/tenerife-trips.com\/es\/wp-json\/wp\/v2\/media?parent=74092"}],"curies":[{"name":"wp","href":"https:\/\/api.w.org\/{rel}","templated":true}]}}