{"id":74827,"date":"2018-07-23T22:14:55","date_gmt":"2018-07-23T21:14:55","guid":{"rendered":"https:\/\/tenerife-trips.com\/?page_id=74827"},"modified":"2025-04-02T10:29:35","modified_gmt":"2025-04-02T09:29:35","slug":"informacion-turistica","status":"publish","type":"page","link":"https:\/\/tenerife-trips.com\/es\/informacion-turistica\/","title":{"rendered":"Informaci\u00f3n Tur\u00edstica"},"content":{"rendered":"<div class=\"wpb-content-wrapper\"><p>[vc_row full_width=&#8221;stretch_row_content_no_spaces&#8221;][vc_column][vc_column_text css=&#8221;.vc_custom_1743586149953{background-color: #F6EB14 !important;background-position: center !important;background-repeat: no-repeat !important;background-size: cover !important;}&#8221; css_animation=&#8221;fadeIn&#8221;]<\/p>\n<h1 class=\"title-h2\" style=\"text-align: center;\"><span style=\"font-size: 18pt; color: #312c7a;\">Informaci\u00f3n Tur\u00edstica<\/span><\/h1>\n<p>[\/vc_column_text][\/vc_column][\/vc_row][vc_row][vc_column][vc_column_text css=&#8221;.vc_custom_1588522602456{background-position: center !important;background-repeat: no-repeat !important;background-size: contain !important;}&#8221; css_animation=&#8221;fadeIn&#8221;]<\/p>\n<p style=\"text-align: center;\"><span style=\"font-size: 14pt;\">Excursiones en Tenerife, la oferta en deportes y actividades es enorme; puede por ejemplo encontrar lugares incre\u00edbles para practicar senderismo o ciclismo; adem\u00e1s puede divertirse haciendo cualquier tipo de deportes acu\u00e1ticos como buceo, moto de agua o surf. <\/span><\/p>\n<p style=\"text-align: center;\">Explore la isla en visitas guiadas en jeep o autob\u00fas; visite los mejores parques tem\u00e1ticos como Loro Parque y Siam Park; conduzca un quad o un buggy en un safari a trav\u00e9s del fant\u00e1stico Parque Nacional del Teide y su paisaje lunar o divi\u00e9rtase con espect\u00e1culos fantasticos. \u00a1Aqu\u00ed hay realmente todo para su diversi\u00f3n!<\/p>\n<p style=\"text-align: center;\">Tenerife es la mayor, m\u00e1s poblada y visitada de las Islas Canarias; su variedad de paisajes, microclimas, actividades recreativas y servicios tur\u00edsticos lo convierten en uno de los destinos m\u00e1s populares del mundo; m\u00e1s de cinco millones de turistas visitan la isla cada a\u00f1o.<\/p>\n<h3 style=\"text-align: center;\"><span style=\"font-size: 12pt;\">El clima de Tenerife a menudo se llama la &#8220;primavera eterna&#8221;, porque es templado; esto especialmente en la zona suroeste de la isla; aqu\u00ed encontramos una temperatura promedio entre 18 y 25 grados cent\u00edgrados durante todo el a\u00f1o; un clima tan bueno estimula muchas excursiones en Tenerife y actividades diferentes; desde volar sobre el \u00e1rea de Costa Adeje en un <a href=\"https:\/\/tenerife-trips.com\/es\/product\/deportes-aereos\/parapente-tenerife\/?lang=es\">parapente en t\u00e1ndem<\/a> o en helic\u00f3ptero hasta navegar en kayak con los delfines en El Palm-Mar; desde caminar en la zona de Masca hasta ver <a href=\"https:\/\/es.wikipedia.org\/wiki\/Globicephala\">ballenas<\/a> en un viaje en barco visitando los majestuosos acantilados de Los Gigantes.<\/span><\/h3>\n<p style=\"text-align: center;\">Adem\u00e1s de organizar y vender excursiones en Tenerife a los mejores precios, Tenerife Trips tiene otro prop\u00f3sito; queremos dar una mejor idea de lo que Tenerife puede ofrecer a las personas que planean sus vacaciones y proporcionar informaci\u00f3n tur\u00edstica general; deseamos compartir nuestro conocimiento y experiencia sobre este maravilloso lugar; esperamos que nuestra informaci\u00f3n sea \u00fatil para usted!<\/p>\n<p style=\"text-align: center;\"><strong>\u00a1Reserve sus excursiones en Tenerife y actividades con Tenerife Trips y aproveche los mejores descuentos online!<\/strong><\/p>\n<p>[\/vc_column_text][vc_empty_space height=&#8221;50&#8243;][\/vc_column][\/vc_row][vc_row full_width=&#8221;stretch_row_content_no_spaces&#8221; css=&#8221;.vc_custom_1588522014318{background-color: #312c7a !important;background-position: center !important;background-repeat: no-repeat !important;background-size: cover !important;}&#8221;][vc_column][vc_column_text css=&#8221;.vc_custom_1588522790232{background-color: #f6eb14 !important;}&#8221;]<\/p>\n<h2 style=\"text-align: center;\"><span style=\"font-size: 18pt; color: #312c7a;\">NUESTROS ARTICULOS<\/span><\/h2>\n<p>[\/vc_column_text][vc_empty_space][vc_masonry_grid post_type=&#8221;post&#8221; max_items=&#8221;10&#8243; element_width=&#8221;3&#8243; gap=&#8221;25&#8243; item=&#8221;masonryGrid_ScaleWithRotation&#8221; initial_loading_animation=&#8221;fadeIn&#8221; grid_id=&#8221;vc_gid:1743585988122-31dbdf62-7531-2&#8243; taxonomies=&#8221;59&#8243; exclude=&#8221;5032, 5029, 4842, 4834&#8243;][\/vc_column][\/vc_row]<\/p>\n<\/div>","protected":false},"excerpt":{"rendered":"<p>[vc_row full_width=&#8221;stretch_row_content_no_spaces&#8221;][vc_column][vc_column_text css=&#8221;.vc_custom_1743586149953{background-color: #F6EB14 !important;background-position: center !important;background-repeat: no-repeat !important;background-size: cover !important;}&#8221; css_animation=&#8221;fadeIn&#8221;] Informaci\u00f3n Tur\u00edstica [\/vc_column_text][\/vc_column][\/vc_row][vc_row][vc_column][vc_column_text css=&#8221;.vc_custom_1588522602456{background-position: center !important;background-repeat: no-repeat !important;background-size:&#8230;<\/p>\n","protected":false},"author":2,"featured_media":0,"parent":0,"menu_order":0,"comment_status":"closed","ping_status":"closed","template":"","meta":{"_acf_changed":false,"_seopress_robots_primary_cat":"0","_seopress_titles_title":"","_seopress_titles_desc":"","_seopress_robots_index":"","footnotes":""},"class_list":["post-74827","page","type-page","status-publish"],"acf":[],"_links":{"self":[{"href":"https:\/\/tenerife-trips.com\/es\/wp-json\/wp\/v2\/pages\/74827","targetHints":{"allow":["GET"]}}],"collection":[{"href":"https:\/\/tenerife-trips.com\/es\/wp-json\/wp\/v2\/pages"}],"about":[{"href":"https:\/\/tenerife-trips.com\/es\/wp-json\/wp\/v2\/types\/page"}],"author":[{"embeddable":true,"href":"https:\/\/tenerife-trips.com\/es\/wp-json\/wp\/v2\/users\/2"}],"replies":[{"embeddable":true,"href":"https:\/\/tenerife-trips.com\/es\/wp-json\/wp\/v2\/comments?post=74827"}],"version-history":[{"count":0,"href":"https:\/\/tenerife-trips.com\/es\/wp-json\/wp\/v2\/pages\/74827\/revisions"}],"wp:attachment":[{"href":"https:\/\/tenerife-trips.com\/es\/wp-json\/wp\/v2\/media?parent=74827"}],"curies":[{"name":"wp","href":"https:\/\/api.w.org\/{rel}","templated":true}]}}