{"id":145168,"date":"2021-06-02T13:07:40","date_gmt":"2021-06-02T12:07:40","guid":{"rendered":"https:\/\/tenerife-trips.com\/?post_type=product&#038;p=145168"},"modified":"2025-12-02T20:39:39","modified_gmt":"2025-12-02T20:39:39","slug":"jungle-park-de-tenerife","status":"publish","type":"product","link":"https:\/\/tenerife-trips.com\/es\/product\/parques-tematicos\/jungle-park-de-tenerife\/","title":{"rendered":"JUNGLE PARK"},"content":{"rendered":"<div class=\"wpb-content-wrapper\"><p>[vc_row full_width=&#8221;stretch_row_content_no_spaces&#8221;][vc_column][vc_column_text css=&#8221;.vc_custom_1743589272289{background-color: #F6EB14 !important;background-position: center !important;background-repeat: no-repeat !important;background-size: cover !important;}&#8221; css_animation=&#8221;fadeIn&#8221;]<\/p>\n<h1 class=\"title-h2\" style=\"text-align: center;\"><span style=\"font-size: 18pt; color: #312c7a;\">JUNGLE PARK<\/span><\/h1>\n<p>[\/vc_column_text][\/vc_column][\/vc_row][vc_row][vc_column][vc_column_text]<\/p>\n<p style=\"text-align: center;\"><span style=\"font-size: 14pt;\">El Jungle Park de Tenerife es uno de los mejores parques tem\u00e1ticos de la isla. Se encuentra en el sur, a solo diez minutos en coche de <a href=\"https:\/\/es.wikipedia.org\/wiki\/Los_Cristianos\" target=\"_blank\" rel=\"noopener\">Los Cristianos<\/a>.<\/span><\/p>\n<p style=\"text-align: center;\"><span style=\"font-size: 14pt;\"><strong>\u21d3 Ver m\u00e1s descripci\u00f3n a continuaci\u00f3n \u21d3<\/strong><\/span><\/p>\n<p>[\/vc_column_text][vc_empty_space][\/vc_column][\/vc_row][vc_row full_width=&#8221;stretch_row_content&#8221; full_height=&#8221;yes&#8221; css=&#8221;.vc_custom_1576192123211{background-color: #312c7a !important;background-position: center !important;background-repeat: no-repeat !important;background-size: cover !important;}&#8221;][vc_column]<div class=\"gem-vimeo gem-wrapbox gem-wrapbox-style-no-style rounded-corners gem-wrapbox-position-below\" style=\"width: 100%;\"><div class=\"gem-wrapbox-inner gem-ratio-style\" style=\"padding-top: 56.25%\"><iframe webkitallowfullscreen=\"true\" mozallowfullscreen=\"true\" allowfullscreen=\"true\" class=\"gem-wrapbox-element img-responsive\" frameborder=\"0\" scrolling=\"no\" marginheight=\"0\" marginwidth=\"0\" src=\"\/\/player.vimeo.com\/video\/540400017?title=0&amp;byline=0&amp;portrait=0 \"><\/iframe><\/div><\/div>[vc_empty_space]<div class=\"preloader\"><div class=\"preloader-spin\"><\/div><\/div> <div id=\"gem-gallery-69debd7bd480b\" class=\"gem-gallery gem-gallery-hover-zooming-blur\"> <div class=\"gem-gallery-item\"> <div class=\"gem-gallery-item-image\"> <a href=\"https:\/\/tenerife-trips.com\/wp-content\/uploads\/2021\/05\/Jungle-Park-Tenerife-1-thegem-gallery-sidebar.jpg\" data-fancybox-group=\"gallery-69debd7bd480b\" data-full-image-url=\"https:\/\/tenerife-trips.com\/wp-content\/uploads\/2021\/05\/Jungle-Park-Tenerife-1.jpg\"> <svg width=\"20\" height=\"10\"><path d=\"M 0,10 Q 9,9 10,0 Q 11,9 20,10\" \/><\/svg> <img src=\"https:\/\/tenerife-trips.com\/wp-content\/uploads\/2021\/05\/Jungle-Park-Tenerife-1-thegem-post-thumb-small.jpg\" alt=\"Jungle Park Tenerife\" class=\"img-responsive\"> <span class=\"gem-gallery-caption slide-info\"> <\/span> <\/a> <span class=\"gem-gallery-line\"><\/span> <\/div> <\/div> <div class=\"gem-gallery-item\"> <div class=\"gem-gallery-item-image\"> <a href=\"https:\/\/tenerife-trips.com\/wp-content\/uploads\/2021\/05\/Jungle-Park-Tenerife-2-scaled-thegem-gallery-sidebar.jpg\" data-fancybox-group=\"gallery-69debd7bd480b\" data-full-image-url=\"https:\/\/tenerife-trips.com\/wp-content\/uploads\/2021\/05\/Jungle-Park-Tenerife-2-scaled.jpg\"> <svg width=\"20\" height=\"10\"><path d=\"M 0,10 Q 9,9 10,0 Q 11,9 20,10\" \/><\/svg> <img src=\"https:\/\/tenerife-trips.com\/wp-content\/uploads\/2021\/05\/Jungle-Park-Tenerife-2-scaled-thegem-post-thumb-small.jpg\" alt=\"Jungle Park Tenerife\" class=\"img-responsive\"> <span class=\"gem-gallery-caption slide-info\"> <\/span> <\/a> <span class=\"gem-gallery-line\"><\/span> <\/div> <\/div> <div class=\"gem-gallery-item\"> <div class=\"gem-gallery-item-image\"> <a href=\"https:\/\/tenerife-trips.com\/wp-content\/uploads\/2021\/05\/Jungle-Park-Tenerife-3-scaled-thegem-gallery-sidebar.jpg\" data-fancybox-group=\"gallery-69debd7bd480b\" data-full-image-url=\"https:\/\/tenerife-trips.com\/wp-content\/uploads\/2021\/05\/Jungle-Park-Tenerife-3-scaled.jpg\"> <svg width=\"20\" height=\"10\"><path d=\"M 0,10 Q 9,9 10,0 Q 11,9 20,10\" \/><\/svg> <img src=\"https:\/\/tenerife-trips.com\/wp-content\/uploads\/2021\/05\/Jungle-Park-Tenerife-3-scaled-thegem-post-thumb-small.jpg\" alt=\"\" class=\"img-responsive\"> <span class=\"gem-gallery-caption slide-info\"> <\/span> <\/a> <span class=\"gem-gallery-line\"><\/span> <\/div> <\/div> <div class=\"gem-gallery-item\"> <div class=\"gem-gallery-item-image\"> <a href=\"https:\/\/tenerife-trips.com\/wp-content\/uploads\/2021\/05\/Jungle-Park-Tenerife-4-scaled-thegem-gallery-sidebar.jpg\" data-fancybox-group=\"gallery-69debd7bd480b\" data-full-image-url=\"https:\/\/tenerife-trips.com\/wp-content\/uploads\/2021\/05\/Jungle-Park-Tenerife-4-scaled.jpg\"> <svg width=\"20\" height=\"10\"><path d=\"M 0,10 Q 9,9 10,0 Q 11,9 20,10\" \/><\/svg> <img src=\"https:\/\/tenerife-trips.com\/wp-content\/uploads\/2021\/05\/Jungle-Park-Tenerife-4-scaled-thegem-post-thumb-small.jpg\" alt=\"\" class=\"img-responsive\"> <span class=\"gem-gallery-caption slide-info\"> <\/span> <\/a> <span class=\"gem-gallery-line\"><\/span> <\/div> <\/div> <div class=\"gem-gallery-item\"> <div class=\"gem-gallery-item-image\"> <a href=\"https:\/\/tenerife-trips.com\/wp-content\/uploads\/2021\/05\/Jungle-Park-Tenerife-5-scaled-thegem-gallery-sidebar.jpg\" data-fancybox-group=\"gallery-69debd7bd480b\" data-full-image-url=\"https:\/\/tenerife-trips.com\/wp-content\/uploads\/2021\/05\/Jungle-Park-Tenerife-5-scaled.jpg\"> <svg width=\"20\" height=\"10\"><path d=\"M 0,10 Q 9,9 10,0 Q 11,9 20,10\" \/><\/svg> <img src=\"https:\/\/tenerife-trips.com\/wp-content\/uploads\/2021\/05\/Jungle-Park-Tenerife-5-scaled-thegem-post-thumb-small.jpg\" alt=\"\" class=\"img-responsive\"> <span class=\"gem-gallery-caption slide-info\"> <\/span> <\/a> <span class=\"gem-gallery-line\"><\/span> <\/div> <\/div> <div class=\"gem-gallery-item\"> <div class=\"gem-gallery-item-image\"> <a href=\"https:\/\/tenerife-trips.com\/wp-content\/uploads\/2021\/05\/Jungle-Park-Tenerife-6-scaled-thegem-gallery-sidebar.jpg\" data-fancybox-group=\"gallery-69debd7bd480b\" data-full-image-url=\"https:\/\/tenerife-trips.com\/wp-content\/uploads\/2021\/05\/Jungle-Park-Tenerife-6-scaled.jpg\"> <svg width=\"20\" height=\"10\"><path d=\"M 0,10 Q 9,9 10,0 Q 11,9 20,10\" \/><\/svg> <img src=\"https:\/\/tenerife-trips.com\/wp-content\/uploads\/2021\/05\/Jungle-Park-Tenerife-6-scaled-thegem-post-thumb-small.jpg\" alt=\"Jungle Park Tenerife\" class=\"img-responsive\"> <span class=\"gem-gallery-caption slide-info\"> <\/span> <\/a> <span class=\"gem-gallery-line\"><\/span> <\/div> <\/div> <div class=\"gem-gallery-item\"> <div class=\"gem-gallery-item-image\"> <a href=\"https:\/\/tenerife-trips.com\/wp-content\/uploads\/2021\/05\/Jungle-Park-Tenerife-7-scaled-thegem-gallery-sidebar.jpg\" data-fancybox-group=\"gallery-69debd7bd480b\" data-full-image-url=\"https:\/\/tenerife-trips.com\/wp-content\/uploads\/2021\/05\/Jungle-Park-Tenerife-7-scaled.jpg\"> <svg width=\"20\" height=\"10\"><path d=\"M 0,10 Q 9,9 10,0 Q 11,9 20,10\" \/><\/svg> <img src=\"https:\/\/tenerife-trips.com\/wp-content\/uploads\/2021\/05\/Jungle-Park-Tenerife-7-scaled-thegem-post-thumb-small.jpg\" alt=\"\" class=\"img-responsive\"> <span class=\"gem-gallery-caption slide-info\"> <\/span> <\/a> <span class=\"gem-gallery-line\"><\/span> <\/div> <\/div> <div class=\"gem-gallery-item\"> <div class=\"gem-gallery-item-image\"> <a href=\"https:\/\/tenerife-trips.com\/wp-content\/uploads\/2021\/05\/Jungle-Park-Tenerife-scaled-thegem-gallery-sidebar.jpg\" data-fancybox-group=\"gallery-69debd7bd480b\" data-full-image-url=\"https:\/\/tenerife-trips.com\/wp-content\/uploads\/2021\/05\/Jungle-Park-Tenerife-scaled.jpg\"> <svg width=\"20\" height=\"10\"><path d=\"M 0,10 Q 9,9 10,0 Q 11,9 20,10\" \/><\/svg> <img src=\"https:\/\/tenerife-trips.com\/wp-content\/uploads\/2021\/05\/Jungle-Park-Tenerife-scaled-thegem-post-thumb-small.jpg\" alt=\"Jungle Park Tenerife\" class=\"img-responsive\"> <span class=\"gem-gallery-caption slide-info\"> <\/span> <\/a> <span class=\"gem-gallery-line\"><\/span> <\/div> <\/div> <\/div>[vc_empty_space][\/vc_column][\/vc_row][vc_row full_width=&#8221;stretch_row&#8221; css=&#8221;.vc_custom_1577670800120{background-color: #312c7a !important;background-position: center !important;background-repeat: no-repeat !important;background-size: cover !important;}&#8221;][vc_column][vc_column_text]<\/p>\n<h3 style=\"text-align: center;\"><span style=\"color: #ffffff; font-size: 18pt;\">DESCRIPCI\u00d3N<\/span><\/h3>\n<p>[\/vc_column_text][\/vc_column][\/vc_row][vc_row][vc_column][vc_tta_accordion style=&#8221;simple_solid&#8221; color=&#8221;blue&#8221; c_icon=&#8221;chevron&#8221; active_section=&#8221;-0&#8243; collapsible_all=&#8221;true&#8221;][vc_tta_section title=&#8221;INFORMACI\u00d3N SOBRE EL PARQUE&#8221; tab_id=&#8221;1577670774782-176a6d5c-3339d176-6d95fcee-9aa1e59b-fcdb&#8221;][vc_column_text]<\/p>\n<h3><span style=\"font-size: 12pt;\">PRIMERO PODEMOS DECIR QUE el JUNGLE PARK de TENERIFE ES UNO DE LOS MEJORES PARQUES TEM\u00c1TICOS DE LA ISLA. SE ENCUENTRA EN EL SUR en LA ZONA DE <a href=\"https:\/\/www.google.com\/maps\/place\/38652+Chayofa,+Santa+Cruz+de+Tenerife\/@28.0743628,-16.7007999,16z\/data=!3m1!4b1!4m12!1m6!3m5!1s0x0:0xcc015b522d32b7c9!2sJungle+Park!8m2!3d28.0796664!4d-16.6953298!3m4!1s0xc6a99bee723167f:0xa0340f674cf8280!8m2!3d28.0745836!4d-16.6954529\" target=\"_blank\" rel=\"noopener\">CHAYOFA<\/a>, A TAN SOLO DIEZ MINUTOS DE LOS CRISTIANOS EN COCHE.<\/span><\/h3>\n<p><span style=\"font-size: 14pt;\">Como su nombre indica, dentro del Jungle Park de Tenerife hay una abundante vegetaci\u00f3n de \u00e1rboles y plantas ex\u00f3ticas. En otras palabras, caminar dentro del parque ser\u00e1 realmente como dar un paseo por la naturaleza. Aqu\u00ed se pueden ver muchas especies de animales diferentes de todo el mundo. Encontramos por ejemplo muchas aves como marab\u00fas, \u00e1guilas, halcones, ibis, grullas, flamencos, loros, guacamayos y muchas m\u00e1s aves ex\u00f3ticas.<\/span><\/p>\n<p><span style=\"font-size: 14pt;\">Las acrobacias de estas espectaculares aves se pueden ver en el Jungle Park de Tenerife en el &#8220;espect\u00e1culo de aves rapaces&#8221;. Durante esta atracci\u00f3n las aves cumplir\u00e1n las \u00f3rdenes de entrenadores expertos que las cuidan con pasi\u00f3n. Tambi\u00e9n dentro del parque se puede caminar a trav\u00e9s de una jaula gigantesca donde se encontrar\u00e1 con varias especies de loros; son muy amables y no dudar\u00e1n en saltar sobre su dedo para saludarle.<\/span><\/p>\n<h3><span style=\"font-size: 12pt;\">ESO NO ES TODO, \u00a1HAY OTRAS ATRACCIONES INTERESANTES EN el JUNGLE PARK de TENERIFE! DE HECHO, PUEDE ASISTIR A OTROS EVENTOS DE INTER\u00c9S COMO ALIMENTACI\u00d3N DE MAPACHES Y PING\u00dcINOS. Por \u00faltimo, pero no menos importante, debe ver absolutamente el &#8220;ESPECT\u00c1CULO DE Leones MARINOs&#8221;; No creer\u00e1 lo que ve cuando vea las acrobacias que estos animales son capaces de hacer.<\/span><\/h3>\n<p><span style=\"font-size: 14pt;\">El Jungle Park de Tenerife alberga muchos primates, por ejemplo, orangutanes, gibones, tit\u00edes, monos capuchinos y ardilla y los monos <a href=\"https:\/\/es.wikipedia.org\/wiki\/Cercopithecus_neglectus\" target=\"_blank\" rel=\"noopener\">De Brazza<\/a>. Adem\u00e1s, tambi\u00e9n ser\u00e1 posible caminar en un espacio cerrado reservado para l\u00e9mures donde podr\u00e1 conocer a estos simp\u00e1ticos animales cara a cara.<\/span><\/p>\n<p><span style=\"font-size: 14pt;\">Otra cosa interesante que ofrece el parque es conducir un bob en una pista de alta velocidad que atraviesa la jungla. Tanto adultos como ni\u00f1os pueden disfrutar de esta fant\u00e1stica atracci\u00f3n.<\/span><\/p>\n<p><strong><span style=\"font-size: 14pt;\">Si tiene la intenci\u00f3n de visitar el Jungle Park junto con el parque acu\u00e1tico Aqualand, puede comprar el &#8220;two parks ticket&#8221;. De esta forma tendr\u00e1 un descuento en el precio.<\/span><\/strong><\/p>\n<p><span style=\"font-size: 14pt;\">En conclusi\u00f3n, pensamos que el Jungle Park de Tenerife merece ser visitado porque ofrece innumerables atractivos. Adem\u00e1s, se encuentra en una zona a la que se puede llegar f\u00e1cilmente desde cualquier parte de la isla.<\/span>[\/vc_column_text][\/vc_tta_section][vc_tta_section title=&#8221;HORARIO Y SERVICIO DE RECOGIDA&#8221; tab_id=&#8221;1577670774833-8f45ebdc-ed58d176-6d95fcee-9aa1e59b-fcdb&#8221;][vc_column_text]<span style=\"font-size: 14pt;\">Para el Jungle Park de Tenerife el servicio de transporte no est\u00e1 disponible, debe venir al <a href=\"https:\/\/www.google.com\/maps\/place\/Jungle+Park\/@28.0796664,-16.6975185,17z\/data=!3m1!4b1!4m5!3m4!1s0x0:0xcc015b522d32b7c9!8m2!3d28.0796664!4d-16.6953298\" target=\"_blank\" rel=\"noopener\">parque<\/a> por su cuenta.<\/span><\/p>\n<p><span style=\"text-decoration: underline; font-size: 14pt;\"><span style=\"color: #ff0000; text-decoration: underline;\">D\u00cdAS Y HORARIOS DE APERTURA:<\/span><\/span><\/p>\n<p><span style=\"font-size: 14pt;\">El parque est\u00e1 abierto todos los d\u00edas de 10:30 a 16:30.<\/span><\/p>\n<p><span style=\"font-size: 14pt;\"><strong>\u00a1MIRE EL VIDEO, HAGASE UNA IDEA DE C\u00d3MO ES EL PARQUE\u00a0Y RESERVE AHORA MISMO!<\/strong><\/span>[\/vc_column_text][\/vc_tta_section][\/vc_tta_accordion][\/vc_column][\/vc_row][vc_row full_width=&#8221;stretch_row_content&#8221; css=&#8221;.vc_custom_1577475746461{background-color: #312c7a !important;background-position: center !important;background-repeat: no-repeat !important;background-size: cover !important;}&#8221;][vc_column][vc_column_text]<\/p>\n<h3 style=\"text-align: center;\"><strong><span style=\"font-size: 18pt; color: #ffffff;\">COMPRAR YA<\/span><\/strong><\/h3>\n<p>[\/vc_column_text][\/vc_column][\/vc_row]<\/p>\n<\/div>","protected":false},"excerpt":{"rendered":"<p>[vc_row full_width=&#8221;stretch_row_content_no_spaces&#8221;][vc_column][vc_column_text css=&#8221;.vc_custom_1743589272289{background-color: #F6EB14 !important;background-position: center !important;background-repeat: no-repeat !important;background-size: cover !important;}&#8221; css_animation=&#8221;fadeIn&#8221;] JUNGLE PARK [\/vc_column_text][\/vc_column][\/vc_row][vc_row][vc_column][vc_column_text] El Jungle Park de Tenerife&#8230;<\/p>\n","protected":false},"featured_media":144081,"template":"","meta":{"_acf_changed":false,"_seopress_robots_primary_cat":"2189","_seopress_titles_title":"Jungle Park de Tenerife, visita uno de los mejores parques","_seopress_titles_desc":"El Jungle Park de Tenerife es uno de los mejores parques tem\u00e1ticos de la isla. Se encuentra en el sur, a solo diez minutos de Los Cristianos","_seopress_robots_index":""},"product_brand":[],"product_cat":[2189],"product_tag":[2843,2844],"class_list":{"0":"post-145168","1":"product","2":"type-product","3":"status-publish","4":"has-post-thumbnail","6":"product_cat-parques-tematicos","7":"product_tag-jungle-park-de-tenerife","8":"product_tag-jungle-park-tenerife-es","10":"first","11":"instock","12":"virtual","13":"sold-individually","14":"taxable","15":"purchasable","16":"product-type-booking"},"booking_location":"","booking_location_type":"","booking_duration":1,"booking_duration_unit":"day","booking_buffer":0,"booking_cost":0,"booking_resources":[],"acf":[],"_links":{"self":[{"href":"https:\/\/tenerife-trips.com\/es\/wp-json\/wp\/v2\/product\/145168","targetHints":{"allow":["GET"]}}],"collection":[{"href":"https:\/\/tenerife-trips.com\/es\/wp-json\/wp\/v2\/product"}],"about":[{"href":"https:\/\/tenerife-trips.com\/es\/wp-json\/wp\/v2\/types\/product"}],"wp:featuredmedia":[{"embeddable":true,"href":"https:\/\/tenerife-trips.com\/es\/wp-json\/wp\/v2\/media\/144081"}],"wp:attachment":[{"href":"https:\/\/tenerife-trips.com\/es\/wp-json\/wp\/v2\/media?parent=145168"}],"wp:term":[{"taxonomy":"product_brand","embeddable":true,"href":"https:\/\/tenerife-trips.com\/es\/wp-json\/wp\/v2\/product_brand?post=145168"},{"taxonomy":"product_cat","embeddable":true,"href":"https:\/\/tenerife-trips.com\/es\/wp-json\/wp\/v2\/product_cat?post=145168"},{"taxonomy":"product_tag","embeddable":true,"href":"https:\/\/tenerife-trips.com\/es\/wp-json\/wp\/v2\/product_tag?post=145168"}],"curies":[{"name":"wp","href":"https:\/\/api.w.org\/{rel}","templated":true}]}}