{"id":347620,"date":"2019-03-11T17:23:35","date_gmt":"2019-03-11T17:23:35","guid":{"rendered":"https:\/\/tenerife-trips.com\/?post_type=product&#038;p=347620"},"modified":"2025-12-02T20:44:08","modified_gmt":"2025-12-02T20:44:08","slug":"flamenco-en-tenerife","status":"publish","type":"product","link":"https:\/\/tenerife-trips.com\/es\/product\/espectaculos\/flamenco-en-tenerife\/","title":{"rendered":"FLAMENCO"},"content":{"rendered":"<div class=\"wpb-content-wrapper\"><p>[vc_row full_width=&#8221;stretch_row_content_no_spaces&#8221;][vc_column][vc_column_text css=&#8221;.vc_custom_1743591003284{background-color: #F6EB14 !important;background-position: center !important;background-repeat: no-repeat !important;background-size: cover !important;}&#8221; css_animation=&#8221;fadeIn&#8221;]<\/p>\n<h1 class=\"title-h2\" style=\"text-align: center;\"><span style=\"font-size: 18pt; color: #312c7a;\">FLAMENCO<\/span><\/h1>\n<p>[\/vc_column_text][\/vc_column][\/vc_row][vc_row][vc_column][vc_column_text]<\/p>\n<p style=\"text-align: center;\"><span style=\"font-size: 14pt;\">El espect\u00e1culo de flamenco en Tenerife es uno de los mejores entretenimientos de la isla; se lleva a cabo en Castillo San Miguel, en la zona de Aldea Blanca.<\/span><\/p>\n<p style=\"text-align: center;\"><strong><span style=\"font-size: 14pt;\">\u21d3 Ver m\u00e1s descripci\u00f3n a continuaci\u00f3n \u21d3<\/span><\/strong><\/p>\n<p>[\/vc_column_text][\/vc_column][\/vc_row][vc_row full_width=&#8221;stretch_row_content&#8221; full_height=&#8221;yes&#8221; css=&#8221;.vc_custom_1576192123211{background-color: #312c7a !important;background-position: center !important;background-repeat: no-repeat !important;background-size: cover !important;}&#8221;][vc_column][vc_empty_space]<div class=\"preloader\"><div class=\"preloader-spin\"><\/div><\/div> <div id=\"gem-gallery-69e34505875f9\" class=\"gem-gallery gem-gallery-hover-zooming-blur\"> <div class=\"gem-gallery-item\"> <div class=\"gem-gallery-item-image\"> <a href=\"https:\/\/tenerife-trips.com\/wp-content\/uploads\/2019\/03\/flamenco-Teneryfa.png\" data-fancybox-group=\"gallery-69e34505875f9\" data-full-image-url=\"https:\/\/tenerife-trips.com\/wp-content\/uploads\/2019\/03\/flamenco-Teneryfa.png\"> <svg width=\"20\" height=\"10\"><path d=\"M 0,10 Q 9,9 10,0 Q 11,9 20,10\" \/><\/svg> <img src=\"https:\/\/tenerife-trips.com\/wp-content\/uploads\/2019\/03\/flamenco-Teneryfa-thegem-post-thumb-small.png\" alt=\"flamenco Teneryfa\" class=\"img-responsive\"> <span class=\"gem-gallery-caption slide-info\"> <\/span> <\/a> <span class=\"gem-gallery-line\"><\/span> <\/div> <\/div> <div class=\"gem-gallery-item\"> <div class=\"gem-gallery-item-image\"> <a href=\"https:\/\/tenerife-trips.com\/wp-content\/uploads\/2022\/03\/Flamenco-Tenerife-1.png\" data-fancybox-group=\"gallery-69e34505875f9\" data-full-image-url=\"https:\/\/tenerife-trips.com\/wp-content\/uploads\/2022\/03\/Flamenco-Tenerife-1.png\"> <svg width=\"20\" height=\"10\"><path d=\"M 0,10 Q 9,9 10,0 Q 11,9 20,10\" \/><\/svg> <img src=\"https:\/\/tenerife-trips.com\/wp-content\/uploads\/2022\/03\/Flamenco-Tenerife-1-thegem-post-thumb-small.png\" alt=\"\" class=\"img-responsive\"> <span class=\"gem-gallery-caption slide-info\"> <\/span> <\/a> <span class=\"gem-gallery-line\"><\/span> <\/div> <\/div> <div class=\"gem-gallery-item\"> <div class=\"gem-gallery-item-image\"> <a href=\"https:\/\/tenerife-trips.com\/wp-content\/uploads\/2022\/03\/Flamenco-Tenerife-2.jpg\" data-fancybox-group=\"gallery-69e34505875f9\" data-full-image-url=\"https:\/\/tenerife-trips.com\/wp-content\/uploads\/2022\/03\/Flamenco-Tenerife-2.jpg\"> <svg width=\"20\" height=\"10\"><path d=\"M 0,10 Q 9,9 10,0 Q 11,9 20,10\" \/><\/svg> <img src=\"https:\/\/tenerife-trips.com\/wp-content\/uploads\/2022\/03\/Flamenco-Tenerife-2-thegem-post-thumb-small.jpg\" alt=\"\" class=\"img-responsive\"> <span class=\"gem-gallery-caption slide-info\"> <\/span> <\/a> <span class=\"gem-gallery-line\"><\/span> <\/div> <\/div> <div class=\"gem-gallery-item\"> <div class=\"gem-gallery-item-image\"> <a href=\"https:\/\/tenerife-trips.com\/wp-content\/uploads\/2022\/03\/Flamenco-Tenerife-4.png\" data-fancybox-group=\"gallery-69e34505875f9\" data-full-image-url=\"https:\/\/tenerife-trips.com\/wp-content\/uploads\/2022\/03\/Flamenco-Tenerife-4.png\"> <svg width=\"20\" height=\"10\"><path d=\"M 0,10 Q 9,9 10,0 Q 11,9 20,10\" \/><\/svg> <img src=\"https:\/\/tenerife-trips.com\/wp-content\/uploads\/2022\/03\/Flamenco-Tenerife-4-thegem-post-thumb-small.png\" alt=\"flamenco Tenerife\" class=\"img-responsive\"> <span class=\"gem-gallery-caption slide-info\"> <\/span> <\/a> <span class=\"gem-gallery-line\"><\/span> <\/div> <\/div> <div class=\"gem-gallery-item\"> <div class=\"gem-gallery-item-image\"> <a href=\"https:\/\/tenerife-trips.com\/wp-content\/uploads\/2022\/03\/Flamenco-Tenerife-3.png\" data-fancybox-group=\"gallery-69e34505875f9\" data-full-image-url=\"https:\/\/tenerife-trips.com\/wp-content\/uploads\/2022\/03\/Flamenco-Tenerife-3.png\"> <svg width=\"20\" height=\"10\"><path d=\"M 0,10 Q 9,9 10,0 Q 11,9 20,10\" \/><\/svg> <img src=\"https:\/\/tenerife-trips.com\/wp-content\/uploads\/2022\/03\/Flamenco-Tenerife-3-thegem-post-thumb-small.png\" alt=\"\" class=\"img-responsive\"> <span class=\"gem-gallery-caption slide-info\"> <\/span> <\/a> <span class=\"gem-gallery-line\"><\/span> <\/div> <\/div> <\/div>[vc_empty_space][\/vc_column][\/vc_row][vc_row full_width=&#8221;stretch_row&#8221; css=&#8221;.vc_custom_1577672866498{background-color: #312c7a !important;background-position: center !important;background-repeat: no-repeat !important;background-size: cover !important;}&#8221;][vc_column][vc_column_text]<\/p>\n<h3 style=\"text-align: center;\"><span style=\"color: #ffffff; font-size: 18pt;\">DESCRIPCI\u00d3N<\/span><\/h3>\n<p>[\/vc_column_text][\/vc_column][\/vc_row][vc_row][vc_column][vc_tta_accordion style=&#8221;simple_solid&#8221; active_section=&#8221;0&#8243; collapsible_all=&#8221;true&#8221;][vc_tta_section title=&#8221;INFORMACI\u00d3N SOBRE EL ESPECT\u00c1CULO&#8221; tab_id=&#8221;1577479559164-5603874a-e1f7daf0-1521&#8243;][vc_column_text css=&#8221;&#8221;]<\/p>\n<h3><span style=\"font-size: 12pt;\">EL ESPECT\u00c1CULO DE FLAMENCO EN TENERIFE ES SIN DUDA UNO DE <a href=\"https:\/\/www.tenerife-trips.com\/espectaculos-tenerife\/?lang=es\" target=\"_blank\" rel=\"noopener\">LOS M\u00c1S AUT\u00c9NTICOS<\/a> QUE PUEDE DISFRUTAR EN LA ISLA.<\/span><\/h3>\n<p>De momento estamos presentando &#8220;Pasi\u00f3n&#8221; que cuenta con una coreograf\u00eda de Eva Rodr\u00edguez. En este espect\u00e1culo podr\u00e1 ver danzas cl\u00e1sicas espa\u00f1olas como &#8220;La Boda de Luis Alonso&#8221;, &#8220;La Vida Breve&#8221; y &#8220;Pasodoble&#8221;; tambi\u00e9n escuchar\u00e1 cante en directo acompa\u00f1ado de la guitarra tan t\u00edpico del flamenco.<\/p>\n<p>As\u00ed el espect\u00e1culo de flamenco en Tenerife empieza a las 21:00 y termina a las 22:30; el evento tiene lugar en Aldea Blanca en <a href=\"https:\/\/goo.gl\/maps\/bXxeHkBaHhVS9MYb6\" target=\"_blank\" rel=\"noopener\">Castillo San Miguel<\/a>. La calidad y profesionalidad de los bailarines sin duda la sorprender\u00e1; estamos seguros de que disfrutar\u00e1 de una noche maravillosa.<\/p>\n<h3><span style=\"font-size: 12pt;\">EL TICKET PARA EL FLAMENCO EN TENERIFE INCLUYE EL ESPECT\u00c1CULO Y UNA COPA DE SANGR\u00cdA; SI COMPRA LA OPCI\u00d3N VIP TENDR\u00c1 ENTRADA PRIORITARIA, LOS ASIENTOS DE PRIMERA FILA Y UNA COPA DE CAVA.<\/span><\/h3>\n<p>El <span style=\"color: #ff0000;\">servicio de transporte<\/span> para el espect\u00e1culo de flamenco en Tenerife est\u00e1 disponible desde el sur y oeste de la isla en la zona comprendida entre Los Gigantes y Golf del Sur\u00a0por <span style=\"color: #ff0000;\">un suplemento de 15\u20ac por adulto a partir de 14 a\u00f1os y 10\u20ac por ni\u00f1o de 1 a 13 a\u00f1os<\/span>. Los beb\u00e9s menores de 1 a\u00f1o pueden sentarse en el regazo de sus padres y son gratuitos. El precio del transporte\u00a0<span style=\"color: #ff0000;\">se abonar\u00e1 directamente al castillo<\/span>\u00a0una vez all\u00ed. Le recomendamos que se ponga en contacto con nosotros y compruebe la disponibilidad del transporte y la hora de recogida en su zona antes de reservar.[\/vc_column_text][\/vc_tta_section][vc_tta_section title=&#8221;HORARIO Y SERVICIO DE RECOGIDA&#8221; tab_id=&#8221;1577479559195-014022d2-c94fdaf0-1521&#8243;][vc_column_text css=&#8221;&#8221;]El <span style=\"color: #ff0000;\">servicio de transporte<\/span> para el espect\u00e1culo de flamenco en Tenerife est\u00e1 disponible desde el sur y oeste de la isla en la zona comprendida entre Los Gigantes y Golf del Sur\u00a0por <span style=\"color: #ff0000;\">un suplemento de 15\u20ac por adulto a partir de 14 a\u00f1os y 10\u20ac por ni\u00f1o de 1 a 13 a\u00f1os<\/span>. Los beb\u00e9s menores de 1 a\u00f1o pueden sentarse en el regazo de sus padres y son gratuitos. El precio del transporte\u00a0<span style=\"color: #ff0000;\">se abonar\u00e1 directamente al castillo<\/span>\u00a0una vez all\u00ed. Le recomendamos que se ponga en contacto con nosotros y compruebe la disponibilidad del transporte y la hora de recogida en su zona antes de reservar.<\/p>\n<p><span style=\"color: #ff0000;\"><strong><span style=\"text-decoration: underline;\">HORARIO:<\/span><\/strong><\/span><\/p>\n<p>Cada viernes.<\/p>\n<p>El espect\u00e1culo comienza a las 21:00 y termina alrededor de las 22:30.<\/p>\n<p><strong>\u00a1MIRE EL V\u00cdDEO, HAGASE UNA IDEA DE QUE SE TRATA Y RESERVE AHORA MISMO!<\/strong>[\/vc_column_text][\/vc_tta_section][\/vc_tta_accordion][\/vc_column][\/vc_row][vc_row full_width=&#8221;stretch_row_content&#8221; content_placement=&#8221;middle&#8221; css=&#8221;.vc_custom_1576709624172{background-color: #312c7a !important;background-position: center !important;background-repeat: no-repeat !important;background-size: cover !important;}&#8221;][vc_column][vc_column_text]<\/p>\n<h3 style=\"text-align: center;\"><strong><span style=\"color: #ffffff; font-size: 18pt;\">comprar ya<\/span><\/strong><\/h3>\n<p>[\/vc_column_text][\/vc_column][\/vc_row]<\/p>\n<\/div>","protected":false},"excerpt":{"rendered":"<p>[vc_row full_width=&#8221;stretch_row_content_no_spaces&#8221;][vc_column][vc_column_text css=&#8221;.vc_custom_1743591003284{background-color: #F6EB14 !important;background-position: center !important;background-repeat: no-repeat !important;background-size: cover !important;}&#8221; css_animation=&#8221;fadeIn&#8221;] FLAMENCO [\/vc_column_text][\/vc_column][\/vc_row][vc_row][vc_column][vc_column_text] El espect\u00e1culo de flamenco en Tenerife&#8230;<\/p>\n","protected":false},"featured_media":347555,"template":"","meta":{"_acf_changed":false,"_seopress_robots_primary_cat":"2210","_seopress_titles_title":"Flamenco en Tenerife, reserve online el espect\u00e1culo m\u00e1s aut\u00e9ntico","_seopress_titles_desc":"Disfrute del mejor entretenimiento de la isla con el espect\u00e1culo de flamenco en Tenerife. Reserve online su ticket con Tenerife Trips","_seopress_robots_index":""},"product_brand":[],"product_cat":[2210],"product_tag":[2868,2867],"class_list":{"0":"post-347620","1":"product","2":"type-product","3":"status-publish","4":"has-post-thumbnail","6":"product_cat-espectaculos","7":"product_tag-espectaculo-flamenco-tenerife","8":"product_tag-flamenco-en-tenerife","10":"first","11":"instock","12":"virtual","13":"sold-individually","14":"taxable","15":"purchasable","16":"product-type-booking"},"booking_location":"","booking_location_type":"","booking_duration":1,"booking_duration_unit":"day","booking_buffer":0,"booking_cost":0,"booking_resources":[],"acf":[],"_links":{"self":[{"href":"https:\/\/tenerife-trips.com\/es\/wp-json\/wp\/v2\/product\/347620","targetHints":{"allow":["GET"]}}],"collection":[{"href":"https:\/\/tenerife-trips.com\/es\/wp-json\/wp\/v2\/product"}],"about":[{"href":"https:\/\/tenerife-trips.com\/es\/wp-json\/wp\/v2\/types\/product"}],"wp:featuredmedia":[{"embeddable":true,"href":"https:\/\/tenerife-trips.com\/es\/wp-json\/wp\/v2\/media\/347555"}],"wp:attachment":[{"href":"https:\/\/tenerife-trips.com\/es\/wp-json\/wp\/v2\/media?parent=347620"}],"wp:term":[{"taxonomy":"product_brand","embeddable":true,"href":"https:\/\/tenerife-trips.com\/es\/wp-json\/wp\/v2\/product_brand?post=347620"},{"taxonomy":"product_cat","embeddable":true,"href":"https:\/\/tenerife-trips.com\/es\/wp-json\/wp\/v2\/product_cat?post=347620"},{"taxonomy":"product_tag","embeddable":true,"href":"https:\/\/tenerife-trips.com\/es\/wp-json\/wp\/v2\/product_tag?post=347620"}],"curies":[{"name":"wp","href":"https:\/\/api.w.org\/{rel}","templated":true}]}}