{"id":383498,"date":"2022-07-07T14:28:22","date_gmt":"2022-07-07T13:28:22","guid":{"rendered":"https:\/\/tenerife-trips.com\/?post_type=product&#038;p=383498"},"modified":"2025-12-02T20:37:05","modified_gmt":"2025-12-02T20:37:05","slug":"senderismo-tenerife","status":"publish","type":"product","link":"https:\/\/tenerife-trips.com\/es\/product\/experiencias-al-aire-libre\/senderismo-tenerife\/","title":{"rendered":"SENDERISMO TENO"},"content":{"rendered":"<div class=\"wpb-content-wrapper\"><p>[vc_row full_width=&#8221;stretch_row_content_no_spaces&#8221;][vc_column][vc_column_text css=&#8221;.vc_custom_1743588869104{background-color: #F6EB14 !important;background-position: center !important;background-repeat: no-repeat !important;background-size: cover !important;}&#8221; css_animation=&#8221;fadeIn&#8221;]<\/p>\n<h1 class=\"title-h2\" style=\"text-align: center;\"><span style=\"font-size: 18pt; color: #312c7a;\">SENDERISMO TENO<\/span><\/h1>\n<p>[\/vc_column_text][\/vc_column][\/vc_row][vc_row][vc_column][vc_column_text]<\/p>\n<p style=\"text-align: center;\">Senderismo Tenerife, una de las mejores experiencias para hacer en sus vacaciones. \u00a1Descubra el Macizo de Teno, una de las zonas m\u00e1s aut\u00e9nticas de la isla!<\/p>\n<p style=\"text-align: center;\"><span style=\"font-size: 14pt;\"><strong>\u21d3 Ver m\u00e1s descripci\u00f3n a continuaci\u00f3n \u21d3<\/strong><\/span><\/p>\n<p>[\/vc_column_text][\/vc_column][\/vc_row][vc_row full_width=&#8221;stretch_row_content&#8221; full_height=&#8221;yes&#8221; css=&#8221;.vc_custom_1576192123211{background-color: #312c7a !important;background-position: center !important;background-repeat: no-repeat !important;background-size: cover !important;}&#8221;][vc_column]<div class=\"gem-vimeo gem-wrapbox gem-wrapbox-style-no-style rounded-corners gem-wrapbox-position-below\" style=\"width: 100%;\"><div class=\"gem-wrapbox-inner gem-ratio-style\" style=\"padding-top: 56.25%\"><iframe webkitallowfullscreen=\"true\" mozallowfullscreen=\"true\" allowfullscreen=\"true\" class=\"gem-wrapbox-element img-responsive\" frameborder=\"0\" scrolling=\"no\" marginheight=\"0\" marginwidth=\"0\" src=\"\/\/player.vimeo.com\/video\/307157460?title=0&amp;byline=0&amp;portrait=0 \"><\/iframe><\/div><\/div>[vc_empty_space]<div class=\"preloader\"><div class=\"preloader-spin\"><\/div><\/div> <div id=\"gem-gallery-69d37437a812d\" class=\"gem-gallery gem-gallery-hover-zooming-blur\"> <div class=\"gem-gallery-item\"> <div class=\"gem-gallery-item-image\"> <a href=\"https:\/\/tenerife-trips.com\/wp-content\/uploads\/2022\/07\/senderismo-Tenerife-scaled-thegem-gallery-sidebar.png\" data-fancybox-group=\"gallery-69d37437a812d\" data-full-image-url=\"https:\/\/tenerife-trips.com\/wp-content\/uploads\/2022\/07\/senderismo-Tenerife-scaled.png\"> <svg width=\"20\" height=\"10\"><path d=\"M 0,10 Q 9,9 10,0 Q 11,9 20,10\" \/><\/svg> <img src=\"https:\/\/tenerife-trips.com\/wp-content\/uploads\/2022\/07\/senderismo-Tenerife-scaled-thegem-post-thumb-small.png\" alt=\"senderismo Tenerife\" class=\"img-responsive\"> <span class=\"gem-gallery-caption slide-info\"> <\/span> <\/a> <span class=\"gem-gallery-line\"><\/span> <\/div> <\/div> <div class=\"gem-gallery-item\"> <div class=\"gem-gallery-item-image\"> <a href=\"https:\/\/tenerife-trips.com\/wp-content\/uploads\/2022\/07\/wandern-Teneriffa-1-scaled-thegem-gallery-sidebar.png\" data-fancybox-group=\"gallery-69d37437a812d\" data-full-image-url=\"https:\/\/tenerife-trips.com\/wp-content\/uploads\/2022\/07\/wandern-Teneriffa-1-scaled.png\"> <svg width=\"20\" height=\"10\"><path d=\"M 0,10 Q 9,9 10,0 Q 11,9 20,10\" \/><\/svg> <img src=\"https:\/\/tenerife-trips.com\/wp-content\/uploads\/2022\/07\/wandern-Teneriffa-1-scaled-thegem-post-thumb-small.png\" alt=\"wandern Teneriffa\" class=\"img-responsive\"> <span class=\"gem-gallery-caption slide-info\"> <\/span> <\/a> <span class=\"gem-gallery-line\"><\/span> <\/div> <\/div> <div class=\"gem-gallery-item\"> <div class=\"gem-gallery-item-image\"> <a href=\"https:\/\/tenerife-trips.com\/wp-content\/uploads\/2022\/07\/wandern-Teneriffa-scaled-thegem-gallery-sidebar.png\" data-fancybox-group=\"gallery-69d37437a812d\" data-full-image-url=\"https:\/\/tenerife-trips.com\/wp-content\/uploads\/2022\/07\/wandern-Teneriffa-scaled.png\"> <svg width=\"20\" height=\"10\"><path d=\"M 0,10 Q 9,9 10,0 Q 11,9 20,10\" \/><\/svg> <img src=\"https:\/\/tenerife-trips.com\/wp-content\/uploads\/2022\/07\/wandern-Teneriffa-scaled-thegem-post-thumb-small.png\" alt=\"wandern Teneriffa\" class=\"img-responsive\"> <span class=\"gem-gallery-caption slide-info\"> <\/span> <\/a> <span class=\"gem-gallery-line\"><\/span> <\/div> <\/div> <div class=\"gem-gallery-item\"> <div class=\"gem-gallery-item-image\"> <a href=\"https:\/\/tenerife-trips.com\/wp-content\/uploads\/2022\/07\/trekking-Tenerife-scaled-thegem-gallery-sidebar.png\" data-fancybox-group=\"gallery-69d37437a812d\" data-full-image-url=\"https:\/\/tenerife-trips.com\/wp-content\/uploads\/2022\/07\/trekking-Tenerife-scaled.png\"> <svg width=\"20\" height=\"10\"><path d=\"M 0,10 Q 9,9 10,0 Q 11,9 20,10\" \/><\/svg> <img src=\"https:\/\/tenerife-trips.com\/wp-content\/uploads\/2022\/07\/trekking-Tenerife-scaled-thegem-post-thumb-small.png\" alt=\"trekking Tenerife\" class=\"img-responsive\"> <span class=\"gem-gallery-caption slide-info\"> <\/span> <\/a> <span class=\"gem-gallery-line\"><\/span> <\/div> <\/div> <div class=\"gem-gallery-item\"> <div class=\"gem-gallery-item-image\"> <a href=\"https:\/\/tenerife-trips.com\/wp-content\/uploads\/2022\/07\/hiking-Tenerife-scaled-thegem-gallery-sidebar.png\" data-fancybox-group=\"gallery-69d37437a812d\" data-full-image-url=\"https:\/\/tenerife-trips.com\/wp-content\/uploads\/2022\/07\/hiking-Tenerife-scaled.png\"> <svg width=\"20\" height=\"10\"><path d=\"M 0,10 Q 9,9 10,0 Q 11,9 20,10\" \/><\/svg> <img src=\"https:\/\/tenerife-trips.com\/wp-content\/uploads\/2022\/07\/hiking-Tenerife-scaled-thegem-post-thumb-small.png\" alt=\"hiking Tenerife\" class=\"img-responsive\"> <span class=\"gem-gallery-caption slide-info\"> <\/span> <\/a> <span class=\"gem-gallery-line\"><\/span> <\/div> <\/div> <div class=\"gem-gallery-item\"> <div class=\"gem-gallery-item-image\"> <a href=\"https:\/\/tenerife-trips.com\/wp-content\/uploads\/2022\/07\/hiking-Tenerife-1-scaled-thegem-gallery-sidebar.png\" data-fancybox-group=\"gallery-69d37437a812d\" data-full-image-url=\"https:\/\/tenerife-trips.com\/wp-content\/uploads\/2022\/07\/hiking-Tenerife-1-scaled.png\"> <svg width=\"20\" height=\"10\"><path d=\"M 0,10 Q 9,9 10,0 Q 11,9 20,10\" \/><\/svg> <img src=\"https:\/\/tenerife-trips.com\/wp-content\/uploads\/2022\/07\/hiking-Tenerife-1-scaled-thegem-post-thumb-small.png\" alt=\"hiking Tenerife\" class=\"img-responsive\"> <span class=\"gem-gallery-caption slide-info\"> <\/span> <\/a> <span class=\"gem-gallery-line\"><\/span> <\/div> <\/div> <div class=\"gem-gallery-item\"> <div class=\"gem-gallery-item-image\"> <a href=\"https:\/\/tenerife-trips.com\/wp-content\/uploads\/2022\/07\/senderismo-Tenerife-1-scaled-thegem-gallery-sidebar.png\" data-fancybox-group=\"gallery-69d37437a812d\" data-full-image-url=\"https:\/\/tenerife-trips.com\/wp-content\/uploads\/2022\/07\/senderismo-Tenerife-1-scaled.png\"> <svg width=\"20\" height=\"10\"><path d=\"M 0,10 Q 9,9 10,0 Q 11,9 20,10\" \/><\/svg> <img src=\"https:\/\/tenerife-trips.com\/wp-content\/uploads\/2022\/07\/senderismo-Tenerife-1-scaled-thegem-post-thumb-small.png\" alt=\"senderismo Tenerife\" class=\"img-responsive\"> <span class=\"gem-gallery-caption slide-info\"> <\/span> <\/a> <span class=\"gem-gallery-line\"><\/span> <\/div> <\/div> <div class=\"gem-gallery-item\"> <div class=\"gem-gallery-item-image\"> <a href=\"https:\/\/tenerife-trips.com\/wp-content\/uploads\/2022\/07\/trekking-Tenerife-1-scaled-thegem-gallery-sidebar.png\" data-fancybox-group=\"gallery-69d37437a812d\" data-full-image-url=\"https:\/\/tenerife-trips.com\/wp-content\/uploads\/2022\/07\/trekking-Tenerife-1-scaled.png\"> <svg width=\"20\" height=\"10\"><path d=\"M 0,10 Q 9,9 10,0 Q 11,9 20,10\" \/><\/svg> <img src=\"https:\/\/tenerife-trips.com\/wp-content\/uploads\/2022\/07\/trekking-Tenerife-1-scaled-thegem-post-thumb-small.png\" alt=\"trekking Tenerife\" class=\"img-responsive\"> <span class=\"gem-gallery-caption slide-info\"> <\/span> <\/a> <span class=\"gem-gallery-line\"><\/span> <\/div> <\/div> <\/div>[vc_empty_space][\/vc_column][\/vc_row][vc_row full_width=&#8221;stretch_row&#8221; css=&#8221;.vc_custom_1577672701198{background-color: #312c7a !important;background-position: center !important;background-repeat: no-repeat !important;background-size: cover !important;}&#8221;][vc_column][vc_column_text]<\/p>\n<h3 style=\"text-align: center;\"><span style=\"color: #ffffff; font-size: 18pt;\">DESCRIPCI\u00d3N<\/span><\/h3>\n<p>[\/vc_column_text][\/vc_column][\/vc_row][vc_row][vc_column][vc_tta_accordion style=&#8221;simple_solid&#8221; color=&#8221;blue&#8221; c_icon=&#8221;chevron&#8221; active_section=&#8221;-00&#8243; collapsible_all=&#8221;true&#8221;][vc_tta_section title=&#8221;EXPLICACI\u00d3N DEL VIAJE&#8221; tab_id=&#8221;1577672666530-17510263-e5b3b678-ccc0&#8243;][vc_column_text]<\/p>\n<h3><span style=\"font-size: 12pt;\">SENDERISMO TENERIFE, DEFINITIVAMENTE UNA DE LAS <a href=\"https:\/\/www.tenerife-trips.com\/que-hacer-en-tenerife\/?lang=es\" target=\"_blank\" rel=\"noopener\">MEJORES ACTIVIDADES<\/a> PARA HACER DURANTE SUS VACACIONES. EN ESTA CAMINATA DESCUBRIR\u00c1 LA FAMOSA ZONA DEL <a href=\"https:\/\/es.wikipedia.org\/wiki\/Macizo_de_Teno\" target=\"_blank\" rel=\"noopener\">MACIZO DE TENO<\/a>, EN EL NOROESTE DE LA ISLA.<\/span><\/h3>\n<p>El viaje parte desde la zona de <a href=\"https:\/\/maps.app.goo.gl\/mfkDxQSKvVMjeei57\" target=\"_blank\" rel=\"noopener\">Santiago del Teide<\/a> a una altura de 870 metros sobre el nivel del mar. Luego caminamos hacia el pueblo de <a href=\"https:\/\/goo.gl\/maps\/xJRJK2LkkSQn9MhSA\" target=\"_blank\" rel=\"noopener\">Tamaimo<\/a>, pasando cerca de \u00e9l. La ruta es circular y regresa al punto de partida.<\/p>\n<p>Durante este senderismo en Tenerife, caminaremos por un sendero rico en impresionantes vistas de las monta\u00f1as y del oc\u00e9ano. Nuestro gu\u00eda local experto le brindar\u00e1 informaci\u00f3n interesante sobre las plantas, historia, formaciones geol\u00f3gicas, etc.<\/p>\n<h3><span style=\"font-size: 12pt;\">EL RECORRIDO DE ESTE VIAJE DE SENDERISMO POR TENERIFE ES TANTO DE SUBIDA COMO DE BAJADA Y TIENE UNOS 6 KM DE LONGITUD. LA DURACI\u00d3N DE LA CAMINATA ES DE UNAS 3,5 HORAS. POR SUPUESTO TENDREMOS UNA PAUSA PARA COMER Y DESCANSAR UN POCO EN MEDIO DE LA EXCURSI\u00d3N.<\/span><\/h3>\n<p>La caminata tiene un desnivel de +352m\/-352m. La dificultad de esta excursi\u00f3n de senderismo Tenerife es media, pero requiere estar en buena forma f\u00edsica. Nuestro gu\u00eda tiene derecho a poner fin a la caminata de los clientes que crea que corren el riesgo de hacerse da\u00f1o.<\/p>\n<p>Hay que llevar al menos 1 litro de agua y algo para comer. Lo ideal es que lleve calzado c\u00f3modo, gorra y protector solar.[\/vc_column_text][\/vc_tta_section][vc_tta_section title=&#8221;HORARIO Y SERVICIO DE RECOGIDA&#8221; tab_id=&#8221;1577672666572-9f2a1dc7-b12ab678-ccc0&#8243;][vc_column_text]Para este senderismo en Tenerife se dispone de servicio de recogida desde el sur y el oeste, en la zona comprendida entre El M\u00e9dano y Los Gigantes; le recomendamos que consulte con nuestro servicio de soporte de chat en vivo la disponibilidad de transporte desde su zona antes de reservar.<\/p>\n<p><strong><span style=\"text-decoration: underline; color: #ff0000;\">PROGRAMA:<\/span><\/strong><\/p>\n<p>Cada mi\u00e9rcoles.<\/p>\n<p><span style=\"font-size: 14pt;\"><strong>\u00a1MIRE EL V\u00cdDEO, HAGASE UNA IDEA DE QUE SE TRATA Y RESERVE AHORA MISMO!<\/strong><\/span>[\/vc_column_text][\/vc_tta_section][\/vc_tta_accordion][vc_empty_space height=&#8221;30&#8243;]<style type=\"text\/css\">.thegem-button-69d37437a9630335 .gem-button svg {fill: #ffffff;}.thegem-button-69d37437a9630335 .gem-button:hover svg {fill: #312c7a;}<\/style><div class=\"gem-button-container gem-button-position-center thegem-button-69d37437a9630335    \"  ><a class=\"gem-button gem-button-size-small gem-button-style-flat gem-button-text-weight-normal\" data-ll-effect=\"drop-right-without-wrap\" style=\"border-radius: 3px;background-color: #312c7a;color: #ffffff;\" onmouseleave=\"this.style.backgroundColor='#312c7a';this.style.color='#ffffff';\" onmouseenter=\"this.style.backgroundColor='#f6eb14';this.style.color='#312c7a';\" href=\"#precios-teno\" target=\"_self\">PRECIOS<\/a><\/div> [\/vc_column][\/vc_row][vc_row full_width=&#8221;stretch_row&#8221; css=&#8221;.vc_custom_1577672746230{background-color: #312c7a !important;background-position: center !important;background-repeat: no-repeat !important;background-size: cover !important;}&#8221;][vc_column][vc_column_text css=&#8221;.vc_custom_1577672713631{background-color: #312c7a !important;background-position: center !important;background-repeat: no-repeat !important;background-size: cover !important;}&#8221;]<\/p>\n<h3 style=\"text-align: center;\"><strong><span style=\"font-size: 18pt; color: #ffffff;\">comprar ya<\/span><\/strong><\/h3>\n<p>[\/vc_column_text][vc_empty_space height=&#8221;10px&#8221; el_id=&#8221;precios-teno&#8221;][\/vc_column][\/vc_row]<\/p>\n<\/div>","protected":false},"excerpt":{"rendered":"<p>[vc_row full_width=&#8221;stretch_row_content_no_spaces&#8221;][vc_column][vc_column_text css=&#8221;.vc_custom_1743588869104{background-color: #F6EB14 !important;background-position: center !important;background-repeat: no-repeat !important;background-size: cover !important;}&#8221; css_animation=&#8221;fadeIn&#8221;] SENDERISMO TENO [\/vc_column_text][\/vc_column][\/vc_row][vc_row][vc_column][vc_column_text] Senderismo Tenerife, una de las&#8230;<\/p>\n","protected":false},"featured_media":383499,"template":"","meta":{"_acf_changed":false,"_seopress_robots_primary_cat":"2216","_seopress_titles_title":"Senderismo Tenerife, descubra el Macizo de Teno","_seopress_titles_desc":"Senderismo Tenerife, una de las mejores actividades para hacer durante sus vacaciones en la isla. Descubra el Macizo de Teno","_seopress_robots_index":""},"product_brand":[],"product_cat":[2216],"product_tag":[2886,2885],"class_list":{"0":"post-383498","1":"product","2":"type-product","3":"status-publish","4":"has-post-thumbnail","6":"product_cat-experiencias-al-aire-libre","7":"product_tag-caminatas-tenerife","8":"product_tag-senderismo-tenerife","10":"first","11":"instock","12":"virtual","13":"sold-individually","14":"taxable","15":"purchasable","16":"product-type-booking"},"booking_location":"","booking_location_type":"","booking_duration":1,"booking_duration_unit":"day","booking_buffer":0,"booking_cost":0,"booking_resources":[],"acf":[],"_links":{"self":[{"href":"https:\/\/tenerife-trips.com\/es\/wp-json\/wp\/v2\/product\/383498","targetHints":{"allow":["GET"]}}],"collection":[{"href":"https:\/\/tenerife-trips.com\/es\/wp-json\/wp\/v2\/product"}],"about":[{"href":"https:\/\/tenerife-trips.com\/es\/wp-json\/wp\/v2\/types\/product"}],"wp:featuredmedia":[{"embeddable":true,"href":"https:\/\/tenerife-trips.com\/es\/wp-json\/wp\/v2\/media\/383499"}],"wp:attachment":[{"href":"https:\/\/tenerife-trips.com\/es\/wp-json\/wp\/v2\/media?parent=383498"}],"wp:term":[{"taxonomy":"product_brand","embeddable":true,"href":"https:\/\/tenerife-trips.com\/es\/wp-json\/wp\/v2\/product_brand?post=383498"},{"taxonomy":"product_cat","embeddable":true,"href":"https:\/\/tenerife-trips.com\/es\/wp-json\/wp\/v2\/product_cat?post=383498"},{"taxonomy":"product_tag","embeddable":true,"href":"https:\/\/tenerife-trips.com\/es\/wp-json\/wp\/v2\/product_tag?post=383498"}],"curies":[{"name":"wp","href":"https:\/\/api.w.org\/{rel}","templated":true}]}}