{"id":43395,"date":"2018-01-26T18:48:26","date_gmt":"2018-01-26T18:48:26","guid":{"rendered":"https:\/\/tenerife-trips.com\/product\/sin%20categor\u00eda\/kayak-y-snorkel\/"},"modified":"2025-12-02T20:50:46","modified_gmt":"2025-12-02T20:50:46","slug":"kayak-tenerife","status":"publish","type":"product","link":"https:\/\/tenerife-trips.com\/es\/product\/deportes-acuaticos\/kayak-tenerife\/","title":{"rendered":"KAYAK Y SNORKEL"},"content":{"rendered":"<div class=\"wpb-content-wrapper\"><p>[vc_row full_width=&#8221;stretch_row_content_no_spaces&#8221;][vc_column][vc_column_text css=&#8221;.vc_custom_1743591709752{background-color: #F6EB14 !important;background-position: center !important;background-repeat: no-repeat !important;background-size: cover !important;}&#8221; css_animation=&#8221;fadeIn&#8221;]<\/p>\n<h1 class=\"title-h2\" style=\"text-align: center;\"><span style=\"font-size: 18pt; color: #312c7a;\">KAYAK Y SNORKEL<\/span><\/h1>\n<p>[\/vc_column_text][\/vc_column][\/vc_row][vc_row full_width=&#8221;stretch_row&#8221; css=&#8221;.vc_custom_1600429592442{background-position: center !important;background-repeat: no-repeat !important;background-size: cover !important;}&#8221;][vc_column][vc_column_text]<span style=\"color: #312c7a;\">Kayak en Tenerife y snorkel, esta es una de las <a href=\"https:\/\/www.tenerife-trips.com\/que-hacer-en-tenerife\/?lang=es\" target=\"_blank\" rel=\"noopener\">mejores excursiones<\/a> disponibles en la isla. \u00a1Definitivamente es algo que nunca olvidar\u00e1! Le llevaremos en kayak a un lugar secreto al que solo se puede acceder por mar. All\u00ed puede tener la experiencia de nadar con tortugas y tal vez matarrayas en su entorno natural. Las tortugas son animales muy amigables y les gusta ver lo que ustedes, seres extra\u00f1os, est\u00e1n haciendo en su h\u00e1bitat.<\/span><\/p>\n<p class=\"tw-data-text tw-text-large tw-ta\" dir=\"ltr\" style=\"text-align: center;\" data-placeholder=\"Traducci\u00f3n\"><span style=\"font-size: 14pt; color: #312c7a;\"><strong><span lang=\"es\" tabindex=\"0\">\u21d3 Ver m\u00e1s descripci\u00f3n a continuaci\u00f3n \u21d3<\/span><\/strong><\/span><\/p>\n<p>[\/vc_column_text][\/vc_column][\/vc_row][vc_row full_width=&#8221;stretch_row_content&#8221; full_height=&#8221;yes&#8221; css=&#8221;.vc_custom_1576192123211{background-color: #312c7a !important;background-position: center !important;background-repeat: no-repeat !important;background-size: cover !important;}&#8221;][vc_column]<div class=\"gem-vimeo gem-wrapbox gem-wrapbox-style-no-style rounded-corners gem-wrapbox-position-below\" style=\"width: 100%;\"><div class=\"gem-wrapbox-inner gem-ratio-style\" style=\"padding-top: 56.25%\"><iframe webkitallowfullscreen=\"true\" mozallowfullscreen=\"true\" allowfullscreen=\"true\" class=\"gem-wrapbox-element img-responsive\" frameborder=\"0\" scrolling=\"no\" marginheight=\"0\" marginwidth=\"0\" src=\"\/\/player.vimeo.com\/video\/321716846?title=0&amp;byline=0&amp;portrait=0 \"><\/iframe><\/div><\/div>[vc_empty_space]<div class=\"preloader\"><div class=\"preloader-spin\"><\/div><\/div> <div id=\"gem-gallery-69e344322dba9\" class=\"gem-gallery gem-gallery-hover-zooming-blur\"> <div class=\"gem-gallery-item\"> <div class=\"gem-gallery-item-image\"> <a href=\"https:\/\/tenerife-trips.com\/wp-content\/uploads\/2018\/01\/leg4-thegem-gallery-sidebar.jpg\" data-fancybox-group=\"gallery-69e344322dba9\" data-full-image-url=\"https:\/\/tenerife-trips.com\/wp-content\/uploads\/2018\/01\/leg4.jpg\"> <svg width=\"20\" height=\"10\"><path d=\"M 0,10 Q 9,9 10,0 Q 11,9 20,10\" \/><\/svg> <img src=\"https:\/\/tenerife-trips.com\/wp-content\/uploads\/2018\/01\/leg4-thegem-post-thumb-small.jpg\" alt=\"\" class=\"img-responsive\"> <span class=\"gem-gallery-caption slide-info\"> <\/span> <\/a> <span class=\"gem-gallery-line\"><\/span> <\/div> <\/div> <div class=\"gem-gallery-item\"> <div class=\"gem-gallery-item-image\"> <a href=\"https:\/\/tenerife-trips.com\/wp-content\/uploads\/2018\/01\/leg3-thegem-gallery-sidebar.jpg\" data-fancybox-group=\"gallery-69e344322dba9\" data-full-image-url=\"https:\/\/tenerife-trips.com\/wp-content\/uploads\/2018\/01\/leg3.jpg\"> <svg width=\"20\" height=\"10\"><path d=\"M 0,10 Q 9,9 10,0 Q 11,9 20,10\" \/><\/svg> <img src=\"https:\/\/tenerife-trips.com\/wp-content\/uploads\/2018\/01\/leg3-thegem-post-thumb-small.jpg\" alt=\"nurkowanie Teneryfa\" class=\"img-responsive\"> <span class=\"gem-gallery-caption slide-info\"> <\/span> <\/a> <span class=\"gem-gallery-line\"><\/span> <\/div> <\/div> <div class=\"gem-gallery-item\"> <div class=\"gem-gallery-item-image\"> <a href=\"https:\/\/tenerife-trips.com\/wp-content\/uploads\/2018\/01\/nurkowanie-Teneryfa-thegem-gallery-sidebar.jpg\" data-fancybox-group=\"gallery-69e344322dba9\" data-full-image-url=\"https:\/\/tenerife-trips.com\/wp-content\/uploads\/2018\/01\/nurkowanie-Teneryfa.jpg\"> <svg width=\"20\" height=\"10\"><path d=\"M 0,10 Q 9,9 10,0 Q 11,9 20,10\" \/><\/svg> <img src=\"https:\/\/tenerife-trips.com\/wp-content\/uploads\/2018\/01\/nurkowanie-Teneryfa-thegem-post-thumb-small.jpg\" alt=\"nurkowanie Teneryfa\" class=\"img-responsive\"> <span class=\"gem-gallery-caption slide-info\"> <\/span> <\/a> <span class=\"gem-gallery-line\"><\/span> <\/div> <\/div> <div class=\"gem-gallery-item\"> <div class=\"gem-gallery-item-image\"> <a href=\"https:\/\/tenerife-trips.com\/wp-content\/uploads\/2018\/01\/1leg-thegem-gallery-sidebar.jpg\" data-fancybox-group=\"gallery-69e344322dba9\" data-full-image-url=\"https:\/\/tenerife-trips.com\/wp-content\/uploads\/2018\/01\/1leg.jpg\"> <svg width=\"20\" height=\"10\"><path d=\"M 0,10 Q 9,9 10,0 Q 11,9 20,10\" \/><\/svg> <img src=\"https:\/\/tenerife-trips.com\/wp-content\/uploads\/2018\/01\/1leg-thegem-post-thumb-small.jpg\" alt=\"\" class=\"img-responsive\"> <span class=\"gem-gallery-caption slide-info\"> <\/span> <\/a> <span class=\"gem-gallery-line\"><\/span> <\/div> <\/div> <div class=\"gem-gallery-item\"> <div class=\"gem-gallery-item-image\"> <a href=\"https:\/\/tenerife-trips.com\/wp-content\/uploads\/2018\/01\/leg5-thegem-gallery-sidebar.jpg\" data-fancybox-group=\"gallery-69e344322dba9\" data-full-image-url=\"https:\/\/tenerife-trips.com\/wp-content\/uploads\/2018\/01\/leg5.jpg\"> <svg width=\"20\" height=\"10\"><path d=\"M 0,10 Q 9,9 10,0 Q 11,9 20,10\" \/><\/svg> <img src=\"https:\/\/tenerife-trips.com\/wp-content\/uploads\/2018\/01\/leg5-thegem-post-thumb-small.jpg\" alt=\"\" class=\"img-responsive\"> <span class=\"gem-gallery-caption slide-info\"> <\/span> <\/a> <span class=\"gem-gallery-line\"><\/span> <\/div> <\/div> <\/div>[\/vc_column][\/vc_row][vc_row full_width=&#8221;stretch_row_content&#8221; css=&#8221;.vc_custom_1600429460089{background-color: #312c7a !important;background-position: center !important;background-repeat: no-repeat !important;background-size: cover !important;}&#8221;][vc_column][vc_column_text]<\/p>\n<h4 style=\"text-align: center;\"><span style=\"color: #ffffff;\">DESCRIPCI\u00d3N<\/span><\/h4>\n<p>[\/vc_column_text][\/vc_column][\/vc_row][vc_row][vc_column][vc_tta_accordion style=&#8221;simple_solid&#8221; color=&#8221;blue&#8221; c_icon=&#8221;chevron&#8221; active_section=&#8221;0&#8243; collapsible_all=&#8221;true&#8221;][vc_tta_section title=&#8221;EXPLICACI\u00d3N DEL VIAJE&#8221; tab_id=&#8221;1578620135062-618fae57-480f&#8221;][vc_column_text]<strong>Entonces, en primer lugar para el kayak en Tenerife y snorkel partimos con kayaks desde Los Cristianos en un peque\u00f1o grupo de personas. Nuestro experto gu\u00eda tur\u00edstico le conducir\u00e1 a lo largo de la costa en direcci\u00f3n a El Palm-Mar. Esta zona es famosa por sus acantilados y cuevas naturales. <\/strong><\/p>\n<p>En unos 30 minutos llegamos al lugar donde viven las <a href=\"https:\/\/www.isladetenerifevivela.com\/2015\/11\/las-tortugas-marinas-en-canarias.html\" target=\"_blank\" rel=\"noopener\">tortugas<\/a>. Aqu\u00ed finalmente nos zambullimos en el agua, generalmente en unos minutos algunas de ellas llegan y nadan entre nosotros. No podemos garantizar al 100% su presencia porque los animales son libres, pero la probabilidad de verlos es muy alta. Raramente puede suceder que las condiciones del mar no permitan hacer snorkel; en este caso ofrecemos a los clientes repetir la excursi\u00f3n de forma gratuita.<\/p>\n<p>Durante el Kayak en Tenerife y Snorkel, tiene tiempo suficiente para disfrutar del encuentro con la vida marina. Las personas que desean descansar pueden simplemente sentarse en el kayak y esperar. La temperatura del agua en Tenerife es agradable (19\u00b0\/20\u00b0 en invierno y 23\u00b0\/24\u00b0 en verano). Por lo tanto, es posible realizar esta actividad durante todo el a\u00f1o.<\/p>\n<h3><span style=\"font-size: 12pt;\">LA EXCURSI\u00d3N kayak en Tenerife y snorkel DURA APROXIMADAMENTE 2 HORAS. NO SE REQUIERE EXPERIENCIA PREVIA Y NO ES OBLIGATORIO SABER NADAR PORQUE TIENE UN CHALECO SALVAVIDAS.<\/span><\/h3>\n<p>A\u00fan si no hay restricci\u00f3n de edad ser\u00eda bueno si los ni\u00f1os tienen al menos 6 a\u00f1os para disfrutar de la experiencia de kayak en Tenerife y snorkel. Si son menores de 6 a\u00f1os le pedimos que se ponga en contacto con nosotros para confirmar que pueden unirse al viaje. El servicio de recogida est\u00e1 disponible por 5 \u20ac adicionales por persona.<\/p>\n<p>Contamos con kayaks profesionales y muy seguros; puede utilizar el individual o el doble. Durante el viaje es bastante f\u00e1cil ver tambi\u00e9n delfines. Esto se debe a las granjas de peces en el \u00e1rea que los atraen. Son animales muy amigables y a veces vienen y nadan cerca de nosotros casi diciendo &#8220;hola&#8221;.<\/p>\n<p><span style=\"color: #ff0000;\">Durante la excursi\u00f3n, su gu\u00eda tomar\u00e1 fotograf\u00edas y videos cortos. Al final puede comprarlos por 15 \u20ac por kayak si est\u00e1 interesado.<\/span><\/p>\n<h6><strong>EN CONCLUSI\u00d3N, LA excursi\u00f3n KAYAK EN TENERIFE Y SNORKEL ES UNA DE LAS M\u00c1S FAMOSAS; \u00a1NO sE LO PIERDA, RESERVe sUS ENTRADAS AHORA MISMO!<\/strong><\/h6>\n<p>[\/vc_column_text][\/vc_tta_section][vc_tta_section title=&#8221;HORARIO Y SERVICIO DE RECOGIDA&#8221; tab_id=&#8221;1578620135109-fdd55d19-8598&#8243;][vc_column_text]El servicio de recogida est\u00e1 disponible desde el sur de Tenerife. Le recomendamos que se ponga en contacto con nosotros y verifique la disponibilidad de transporte desde su \u00e1rea.<\/p>\n<p><span style=\"color: #ff0000;\"><u>HORARIO:<\/u><\/span><\/p>\n<p>Todos los d\u00edas generalmente a las 10:30, 11:30, 12:30, 14:30 y algunos d\u00edas a las 16:30. El horario de la excursi\u00f3n puede cambiar seg\u00fan el d\u00eda y la temporada, as\u00ed que consulte con nosotros antes de reservar por favor.<\/p>\n<p><strong>\u00a1MIRE EL VIDEO, HAGASE UNA IDEA DE QUE SE TRATA Y RESERVE AHORA MISMO!<\/strong>[\/vc_column_text][\/vc_tta_section][\/vc_tta_accordion]<style type=\"text\/css\">.thegem-button-69e344322eca99844 .gem-button svg {fill: #ffffff;}.thegem-button-69e344322eca99844 .gem-button:hover svg {fill: #312c7a;}<\/style><div class=\"gem-button-container gem-button-position-center thegem-button-69e344322eca99844    \"  ><a class=\"gem-button gem-button-size-small gem-button-style-flat gem-button-text-weight-normal\" data-ll-effect=\"drop-right-without-wrap\" style=\"border-radius: 3px;background-color: #312c7a;color: #ffffff;\" onmouseleave=\"this.style.backgroundColor='#312c7a';this.style.color='#ffffff';\" onmouseenter=\"this.style.backgroundColor='#f6eb14';this.style.color='#312c7a';\" href=\"#precios-kayak\" target=\"_self\">PRECIOS<\/a><\/div> [\/vc_column][\/vc_row][vc_row full_width=&#8221;stretch_row_content&#8221; css=&#8221;.vc_custom_1600429490856{background-color: #312c7a !important;background-position: center !important;background-repeat: no-repeat !important;background-size: cover !important;}&#8221;][vc_column][vc_column_text]<\/p>\n<h4 style=\"text-align: center;\"><span style=\"color: #ffffff;\"><span style=\"font-size: 18pt;\">COMPRAR YA<\/span><\/span><\/h4>\n<p>[\/vc_column_text][vc_empty_space height=&#8221;10px&#8221; el_id=&#8221;precios-kayak&#8221;][\/vc_column][\/vc_row]<\/p>\n<\/div>","protected":false},"excerpt":{"rendered":"<p>[vc_row full_width=&#8221;stretch_row_content_no_spaces&#8221;][vc_column][vc_column_text css=&#8221;.vc_custom_1743591709752{background-color: #F6EB14 !important;background-position: center !important;background-repeat: no-repeat !important;background-size: cover !important;}&#8221; css_animation=&#8221;fadeIn&#8221;] KAYAK Y SNORKEL [\/vc_column_text][\/vc_column][\/vc_row][vc_row full_width=&#8221;stretch_row&#8221; css=&#8221;.vc_custom_1600429592442{background-position: center !important;background-repeat:&#8230;<\/p>\n","protected":false},"featured_media":42492,"template":"","meta":{"_acf_changed":false,"_seopress_robots_primary_cat":"0","_seopress_titles_title":"Kayak en Tenerife y Snorkel, res\u00e9rvalo online con Tenerife Trips","_seopress_titles_desc":"Kayak en Tenerife y Snorkel, llegue a un lugar secreto en kayak donde podr\u00eda tener la experiencia de nadar con tortugas en su entorno natural","_seopress_robots_index":""},"product_brand":[],"product_cat":[2172],"product_tag":[2176,2174,2177,2173,2178,2175],"class_list":{"0":"post-43395","1":"product","2":"type-product","3":"status-publish","4":"has-post-thumbnail","6":"product_cat-deportes-acuaticos","7":"product_tag-deportes-acuaticos-tenerife","8":"product_tag-kayak-tenerife","9":"product_tag-nadar-tortugas-tenerife","10":"product_tag-snorkel-tenerife","11":"product_tag-snorkel-tortugas-tenerife","12":"product_tag-tortugas-tenerife","14":"first","15":"instock","16":"virtual","17":"sold-individually","18":"taxable","19":"purchasable","20":"product-type-booking"},"booking_location":"","booking_location_type":"","booking_duration":1,"booking_duration_unit":"day","booking_buffer":0,"booking_cost":0,"booking_resources":[],"acf":[],"_links":{"self":[{"href":"https:\/\/tenerife-trips.com\/es\/wp-json\/wp\/v2\/product\/43395","targetHints":{"allow":["GET"]}}],"collection":[{"href":"https:\/\/tenerife-trips.com\/es\/wp-json\/wp\/v2\/product"}],"about":[{"href":"https:\/\/tenerife-trips.com\/es\/wp-json\/wp\/v2\/types\/product"}],"wp:featuredmedia":[{"embeddable":true,"href":"https:\/\/tenerife-trips.com\/es\/wp-json\/wp\/v2\/media\/42492"}],"wp:attachment":[{"href":"https:\/\/tenerife-trips.com\/es\/wp-json\/wp\/v2\/media?parent=43395"}],"wp:term":[{"taxonomy":"product_brand","embeddable":true,"href":"https:\/\/tenerife-trips.com\/es\/wp-json\/wp\/v2\/product_brand?post=43395"},{"taxonomy":"product_cat","embeddable":true,"href":"https:\/\/tenerife-trips.com\/es\/wp-json\/wp\/v2\/product_cat?post=43395"},{"taxonomy":"product_tag","embeddable":true,"href":"https:\/\/tenerife-trips.com\/es\/wp-json\/wp\/v2\/product_tag?post=43395"}],"curies":[{"name":"wp","href":"https:\/\/api.w.org\/{rel}","templated":true}]}}