{"id":434297,"date":"2022-12-17T00:59:45","date_gmt":"2022-12-17T00:59:45","guid":{"rendered":"https:\/\/tenerife-trips.com\/?post_type=product&#038;p=434297"},"modified":"2025-12-02T20:36:49","modified_gmt":"2025-12-02T20:36:49","slug":"excursion-en-jeep-por-tenerife","status":"publish","type":"product","link":"https:\/\/tenerife-trips.com\/es\/product\/aventuras-en-terreno\/excursion-en-jeep-por-tenerife\/","title":{"rendered":"JEEP COMO PASAJERO"},"content":{"rendered":"<div class=\"wpb-content-wrapper\"><p>[vc_row full_width=&#8221;stretch_row_content_no_spaces&#8221;][vc_column][vc_column_text css=&#8221;.vc_custom_1743588707331{background-color: #F6EB14 !important;background-position: center !important;background-repeat: no-repeat !important;background-size: cover !important;}&#8221; css_animation=&#8221;fadeIn&#8221;]<\/p>\n<h1 class=\"title-h2\" style=\"text-align: center;\"><span style=\"font-size: 18pt; color: #312c7a;\">Jeep como pasajero<\/span><\/h1>\n<p>[\/vc_column_text][\/vc_column][\/vc_row][vc_row][vc_column][vc_column_text]<\/p>\n<p style=\"text-align: center;\"><span style=\"font-size: 14pt;\">Una excursi\u00f3n en jeep por Tenerife es sin duda una de las mejores formas de descubrir la isla!<\/span><\/p>\n<p style=\"text-align: center;\"><span style=\"font-size: 14pt;\"><strong>\u21d3 Ver m\u00e1s descripci\u00f3n a continuaci\u00f3n \u21d3<\/strong><\/span><\/p>\n<p>[\/vc_column_text][\/vc_column][\/vc_row][vc_row full_width=&#8221;stretch_row_content&#8221; full_height=&#8221;yes&#8221; css=&#8221;.vc_custom_1576192123211{background-color: #312c7a !important;background-position: center !important;background-repeat: no-repeat !important;background-size: cover !important;}&#8221;][vc_column]<div class=\"gem-vimeo gem-wrapbox gem-wrapbox-style-no-style rounded-corners gem-wrapbox-position-below\" style=\"width: 100%;\"><div class=\"gem-wrapbox-inner gem-ratio-style\" style=\"padding-top: 56.25%\"><iframe webkitallowfullscreen=\"true\" mozallowfullscreen=\"true\" allowfullscreen=\"true\" class=\"gem-wrapbox-element img-responsive\" frameborder=\"0\" scrolling=\"no\" marginheight=\"0\" marginwidth=\"0\" src=\"\/\/player.vimeo.com\/video\/780823901?title=0&amp;byline=0&amp;portrait=0 \"><\/iframe><\/div><\/div>[vc_empty_space]<div class=\"preloader\"><div class=\"preloader-spin\"><\/div><\/div> <div id=\"gem-gallery-69f789d24dbc8\" class=\"gem-gallery gem-gallery-hover-zooming-blur\"> <div class=\"gem-gallery-item\"> <div class=\"gem-gallery-item-image\"> <a href=\"https:\/\/tenerife-trips.com\/wp-content\/uploads\/2022\/12\/tour-in-jeep-Tenerife-thegem-gallery-sidebar.png\" data-fancybox-group=\"gallery-69f789d24dbc8\" data-full-image-url=\"https:\/\/tenerife-trips.com\/wp-content\/uploads\/2022\/12\/tour-in-jeep-Tenerife.png\"> <svg width=\"20\" height=\"10\"><path d=\"M 0,10 Q 9,9 10,0 Q 11,9 20,10\" \/><\/svg> <img src=\"https:\/\/tenerife-trips.com\/wp-content\/uploads\/2022\/12\/tour-in-jeep-Tenerife-thegem-post-thumb-small.png\" alt=\"tour in jeep Tenerife\" class=\"img-responsive\"> <span class=\"gem-gallery-caption slide-info\"> <\/span> <\/a> <span class=\"gem-gallery-line\"><\/span> <\/div> <\/div> <div class=\"gem-gallery-item\"> <div class=\"gem-gallery-item-image\"> <a href=\"https:\/\/tenerife-trips.com\/wp-content\/uploads\/2022\/12\/jeep-Tenerife-2-thegem-gallery-sidebar.png\" data-fancybox-group=\"gallery-69f789d24dbc8\" data-full-image-url=\"https:\/\/tenerife-trips.com\/wp-content\/uploads\/2022\/12\/jeep-Tenerife-2.png\"> <svg width=\"20\" height=\"10\"><path d=\"M 0,10 Q 9,9 10,0 Q 11,9 20,10\" \/><\/svg> <img src=\"https:\/\/tenerife-trips.com\/wp-content\/uploads\/2022\/12\/jeep-Tenerife-2-thegem-post-thumb-small.png\" alt=\"jeep tour Tenerife\" class=\"img-responsive\"> <span class=\"gem-gallery-caption slide-info\"> <\/span> <\/a> <span class=\"gem-gallery-line\"><\/span> <\/div> <\/div> <div class=\"gem-gallery-item\"> <div class=\"gem-gallery-item-image\"> <a href=\"https:\/\/tenerife-trips.com\/wp-content\/uploads\/2022\/12\/jeep-tenerife-1-thegem-gallery-sidebar.png\" data-fancybox-group=\"gallery-69f789d24dbc8\" data-full-image-url=\"https:\/\/tenerife-trips.com\/wp-content\/uploads\/2022\/12\/jeep-tenerife-1.png\"> <svg width=\"20\" height=\"10\"><path d=\"M 0,10 Q 9,9 10,0 Q 11,9 20,10\" \/><\/svg> <img src=\"https:\/\/tenerife-trips.com\/wp-content\/uploads\/2022\/12\/jeep-tenerife-1-thegem-post-thumb-small.png\" alt=\"\" class=\"img-responsive\"> <span class=\"gem-gallery-caption slide-info\"> <\/span> <\/a> <span class=\"gem-gallery-line\"><\/span> <\/div> <\/div> <div class=\"gem-gallery-item\"> <div class=\"gem-gallery-item-image\"> <a href=\"https:\/\/tenerife-trips.com\/wp-content\/uploads\/2022\/12\/jeep-Tenerife-3-thegem-gallery-sidebar.png\" data-fancybox-group=\"gallery-69f789d24dbc8\" data-full-image-url=\"https:\/\/tenerife-trips.com\/wp-content\/uploads\/2022\/12\/jeep-Tenerife-3.png\"> <svg width=\"20\" height=\"10\"><path d=\"M 0,10 Q 9,9 10,0 Q 11,9 20,10\" \/><\/svg> <img src=\"https:\/\/tenerife-trips.com\/wp-content\/uploads\/2022\/12\/jeep-Tenerife-3-thegem-post-thumb-small.png\" alt=\"\" class=\"img-responsive\"> <span class=\"gem-gallery-caption slide-info\"> <\/span> <\/a> <span class=\"gem-gallery-line\"><\/span> <\/div> <\/div> <div class=\"gem-gallery-item\"> <div class=\"gem-gallery-item-image\"> <a href=\"https:\/\/tenerife-trips.com\/wp-content\/uploads\/2022\/12\/jeep-Tenerife-4-thegem-gallery-sidebar.png\" data-fancybox-group=\"gallery-69f789d24dbc8\" data-full-image-url=\"https:\/\/tenerife-trips.com\/wp-content\/uploads\/2022\/12\/jeep-Tenerife-4.png\"> <svg width=\"20\" height=\"10\"><path d=\"M 0,10 Q 9,9 10,0 Q 11,9 20,10\" \/><\/svg> <img src=\"https:\/\/tenerife-trips.com\/wp-content\/uploads\/2022\/12\/jeep-Tenerife-4-thegem-post-thumb-small.png\" alt=\"\" class=\"img-responsive\"> <span class=\"gem-gallery-caption slide-info\"> <\/span> <\/a> <span class=\"gem-gallery-line\"><\/span> <\/div> <\/div> <\/div>[vc_empty_space][\/vc_column][\/vc_row][vc_row full_width=&#8221;stretch_row&#8221; css=&#8221;.vc_custom_1577672701198{background-color: #312c7a !important;background-position: center !important;background-repeat: no-repeat !important;background-size: cover !important;}&#8221;][vc_column][vc_column_text]<\/p>\n<h3 style=\"text-align: center;\"><span style=\"color: #ffffff; font-size: 18pt;\">DESCRIPCI\u00d3N<\/span><\/h3>\n<p>[\/vc_column_text][\/vc_column][\/vc_row][vc_row][vc_column][vc_tta_accordion style=&#8221;simple_solid&#8221; color=&#8221;blue&#8221; c_icon=&#8221;chevron&#8221; active_section=&#8221;-00&#8243; collapsible_all=&#8221;true&#8221;][vc_tta_section title=&#8221;EXPLICACI\u00d3N DEL VIAJE&#8221; tab_id=&#8221;1577672666530-17510263-e5b3b678-ccc0bce9-aa3a&#8221;][vc_column_text]<span style=\"font-size: 14pt;\">En primer lugar, tenemos que decir que la excursi\u00f3n en jeep por Tenerife es sin duda una de las <a href=\"https:\/\/www.tenerife-trips.com\/que-hacer-en-tenerife\/?lang=es\" target=\"_blank\" rel=\"noopener\">mejores excursiones<\/a> para visitar la isla.<\/span><\/p>\n<p><span style=\"font-size: 14pt;\">Los veh\u00edculos pueden transportar un m\u00e1ximo de 9 personas (8 pasajeros y el conductor). Durante la excursi\u00f3n en jeep en Tenerife o en las otras islas podr\u00e1 disfrutar mejor de los paisajes de los fant\u00e1sticos lugares que va a visitar. Aunque forme parte de un grupo, tendr\u00e1 un conductor s\u00f3lo para usted que le explicar\u00e1 y proporcionar\u00e1 informaci\u00f3n interesante durante toda la excursi\u00f3n. En otras palabras, tendr\u00e1 la sensaci\u00f3n de estar en un tour privado.<\/span><\/p>\n<h3><span style=\"font-size: 12pt;\">HAY DIFERENTES ITINERARIOS DISPONIBLES PARA LA EXCURSI\u00d3N EN JEEP POR TENERIFE:<\/span><\/h3>\n<ul>\n<li><span style=\"font-size: 14pt;\"><span style=\"text-decoration: underline;\"><strong>Teide Medio d\u00eda:<\/strong><\/span> en esta excursi\u00f3n visitar\u00e1 el centro del Parque Nacional del Teide con parada en el &#8220;<a href=\"https:\/\/goo.gl\/maps\/5t7cNVoaVk1xRZKk6\" target=\"_blank\" rel=\"noopener\">Parador de Ca\u00f1adas del Teide<\/a>&#8220;. La duraci\u00f3n es de unas 5 horas, aproximadamente de 9:00 a 13:30. Para aclarar, la excursi\u00f3n no incluye el viaje en telef\u00e9rico. El servicio de transporte est\u00e1 disponible desde el sur de Tenerife los martes, mi\u00e9rcoles, jueves y s\u00e1bados. Los idiomas disponibles son espa\u00f1ol, ingl\u00e9s, alem\u00e1n, franc\u00e9s, italiano y neerland\u00e9s.<\/span><\/li>\n<li><span style=\"font-size: 14pt;\"><strong><span style=\"text-decoration: underline;\">Teide y Masca:<\/span><\/strong> en esta excursi\u00f3n en jeep por Tenerife visitaremos el centro del Parque Nacional del Teide con parada en el Parador de Ca\u00f1adas del Teide y el pueblo de <a href=\"https:\/\/goo.gl\/maps\/NBGsjTNeTUGP7MTs9\" target=\"_blank\" rel=\"noopener\">Masca<\/a>. La duraci\u00f3n es de unas 7 horas, aproximadamente de 9:00 a 16:00. El servicio de transporte est\u00e1 disponible desde el sur de Tenerife los lunes, martes, mi\u00e9rcoles, jueves, viernes y s\u00e1bados. Los idiomas disponibles son espa\u00f1ol, ingl\u00e9s, alem\u00e1n, franc\u00e9s, italiano, neerland\u00e9s y polaco. Tambi\u00e9n hay una parada para almorzar en un restaurante (no incluida en el precio).<\/span><\/li>\n<li><span style=\"font-size: 14pt;\"><span style=\"text-decoration: underline;\"><strong>Masca:<\/strong><\/span> esta excursi\u00f3n en jeep por Tenerife visita Garachico, Icod de los Vinos y el famoso pueblo de Masca, en la zona del Macizo de Teno. La duraci\u00f3n es de unas 7 horas, aproximadamente de 9:00 a 16:00. El servicio de transporte est\u00e1 disponible desde el Puerto de la Cruz los mi\u00e9rcoles. Los idiomas disponibles son espa\u00f1ol, ingl\u00e9s, alem\u00e1n, franc\u00e9s e italiano. Tambi\u00e9n pararemos a comer en un restaurante (no incluido en el precio).<\/span><\/li>\n<\/ul>\n<h3><span style=\"font-size: 12pt;\">ADEM\u00c1S DE LA EXCURSI\u00d3N EN JEEP POR TENERIFE, TAMBI\u00c9N ES POSIBLE VISITAR OTRA ISLA DESDE TENERIFE:<\/span><\/h3>\n<ul>\n<li><span style=\"font-size: 14pt;\"><span style=\"text-decoration: underline;\"><strong>La Gomera:<\/strong><\/span> en esta excursi\u00f3n se coge el ferry desde Los Cristianos y se visita la isla de La Gomera. El viaje en barco dura unos 50 minutos en cada sentido. La excursi\u00f3n visita las zonas de San Sebasti\u00e1n de La Gomera, Hermigua, Agulo, Laguna Grande y el Parque Nacional de Garajonay. Durante el viaje pararemos en un restaurante t\u00edpico canario para almorzar (incluido en el precio). Adem\u00e1s, asistiremos a una demostraci\u00f3n del lenguaje silbado &#8220;<a href=\"https:\/\/es.wikipedia.org\/wiki\/Silbo_gomero\" target=\"_blank\" rel=\"noopener\">Silbo Gomero<\/a>&#8220;. La duraci\u00f3n es de unas 9\/10 horas, aproximadamente de 9:00 a 18:00\/19:00. Hay transporte disponible desde el sur de Tenerife o desde Puerto de la Cruz los lunes, martes, mi\u00e9rcoles, jueves, viernes y s\u00e1bados. Los idiomas disponibles son espa\u00f1ol, ingl\u00e9s, alem\u00e1n, franc\u00e9s, italiano, neerland\u00e9s y polaco. <span style=\"color: #ff0000;\">Para esta excursi\u00f3n, los ni\u00f1os de 0 a 2 a\u00f1os pagan una tasa de 6,25 \u20ac. Todas las personas que participen en la excursi\u00f3n a La Gomera deber\u00e1n llevar un documento de identidad personal v\u00e1lido para mostrarlo al embarcar en el ferry.<\/span><\/span><\/li>\n<\/ul>\n<p><span style=\"color: #ff0000;\"><strong><span style=\"font-size: 14pt;\">P\u00f3ngase en contacto con nuestro servicio de atenci\u00f3n al cliente antes de reservar su excursi\u00f3n en jeep por Tenerife. Env\u00edenos un mensaje a trav\u00e9s del chat en directo o del n\u00famero de whatsapp. Necesitamos confirmar la disponibilidad de las excursiones, el idioma (consulte la tabla de idiomas en la secci\u00f3n &#8220;servicio de recogida e idiomas&#8221;) y el servicio de transporte desde su zona.<\/span><\/strong><\/span>[\/vc_column_text][\/vc_tta_section][vc_tta_section title=&#8221;SERVICIO DE RECOGIDA E IDIOMAS&#8221; tab_id=&#8221;1577672666572-9f2a1dc7-b12ab678-ccc0bce9-aa3a&#8221;][vc_column_text]<span style=\"font-size: 14pt;\">El servicio de transporte en el sur de Tenerife est\u00e1 disponible en la zona comprendida entre Los Gigantes y El M\u00e9dano. Los recorridos desde el sur son:<\/span><\/p>\n<ul>\n<li><span style=\"font-size: 14pt;\">Teide medio d\u00eda,<\/span><\/li>\n<li><span style=\"font-size: 14pt;\">Teide y Masca,<\/span><\/li>\n<li><span style=\"font-size: 14pt;\">La Gomera.<\/span><\/li>\n<\/ul>\n<p><span style=\"font-size: 14pt;\">En el norte de Tenerife hay servicio de transporte desde el Puerto de la Cruz. Los recorridos desde el norte son:<\/span><\/p>\n<ul>\n<li><span style=\"font-size: 14pt;\">La Gomera,<\/span><\/li>\n<li><span style=\"font-size: 14pt;\">Masca.<\/span><\/li>\n<\/ul>\n<h3><span style=\"font-size: 12pt;\">Generalmente, el punto de recogida para la excursi\u00f3n en jeep en Tenerife depende de la ubicaci\u00f3n.<\/span><\/h3>\n<p><span style=\"font-size: 14pt;\">De hecho, puede ser directamente desde su alojamiento o desde un punto cercano a su zona. Por \u00faltimo, p\u00f3ngase en contacto con nuestro servicio de atenci\u00f3n al cliente para confirmar la disponibilidad y los detalles del servicio de transporte.<\/span><\/p>\n<p>&nbsp;<\/p>\n<h3><span style=\"text-decoration: underline; font-size: 12pt; color: #000000;\"><strong>IDIOMAS DE LA EXCURSI\u00d3N EN JEEP POR TENERIFE:<\/strong><\/span><\/h3>\n<table style=\"height: 143px; width: 100%; border-collapse: collapse; border-style: solid; border-color: #000000;\">\n<tbody>\n<tr style=\"border-style: solid; border-color: #000000;\">\n<td style=\"width: 14.2857%; height: 24px; border-style: solid; border-color: #000000; text-align: center;\"><span style=\"color: #0c610c;\"><strong>TOUR<\/strong><\/span><\/td>\n<td style=\"width: 14.2857%; height: 24px; border-style: solid; border-color: #000000; text-align: center;\"><span style=\"color: #ff6600;\"><strong>LUNES<\/strong><\/span><\/td>\n<td style=\"width: 14.2857%; height: 24px; border-style: solid; border-color: #000000; text-align: center;\"><span style=\"color: #ff6600;\"><strong>MARTES<\/strong><\/span><\/td>\n<td style=\"width: 14.2857%; height: 24px; border-style: solid; border-color: #000000; text-align: center;\"><span style=\"color: #ff6600;\"><strong>MIERCOLES<\/strong><\/span><\/td>\n<td style=\"width: 14.2857%; height: 24px; border-style: solid; border-color: #000000; text-align: center;\"><span style=\"color: #ff6600;\"><strong>JUEVES<\/strong><\/span><\/td>\n<td style=\"width: 14.2857%; height: 24px; border-style: solid; border-color: #000000; text-align: center;\"><span style=\"color: #ff6600;\"><strong>VIERNES<\/strong><\/span><\/td>\n<td style=\"width: 14.2857%; height: 24px; border-style: solid; border-color: #000000; text-align: center;\"><span style=\"color: #ff6600;\"><strong>SABADO<\/strong><\/span><\/td>\n<\/tr>\n<tr style=\"border-style: solid; border-color: #000000;\">\n<td style=\"width: 14.2857%; height: 24px; border-style: solid; border-color: #000000; text-align: center;\"><span style=\"color: #0c610c;\"><strong>Teide <span style=\"font-size: 12pt;\">medio d\u00eda<\/span><\/strong><\/span><\/td>\n<td style=\"width: 14.2857%; height: 24px; border-style: solid; border-color: #000000; text-align: center;\"><\/td>\n<td style=\"width: 14.2857%; height: 24px; border-style: solid; border-color: #000000; text-align: center;\">Ingl\u00e9s, espa\u00f1ol, franc\u00e9s, alem\u00e1n, neerland\u00e9s e italiano.<\/td>\n<td style=\"width: 14.2857%; height: 24px; border-style: solid; border-color: #000000; text-align: center;\">Espa\u00f1ol, franc\u00e9s, alem\u00e1n, neerland\u00e9s e italiano.<\/td>\n<td style=\"width: 14.2857%; height: 24px; border-style: solid; border-color: #000000; text-align: center;\">Ingl\u00e9s, espa\u00f1ol, franc\u00e9s, alem\u00e1n, neerland\u00e9s e italiano.<\/td>\n<td style=\"width: 14.2857%; height: 24px; border-style: solid; border-color: #000000; text-align: center;\"><\/td>\n<td style=\"width: 14.2857%; height: 24px; border-style: solid; border-color: #000000; text-align: center;\">Ingl\u00e9s, espa\u00f1ol, franc\u00e9s, alem\u00e1n, neerland\u00e9s e italiano.<\/td>\n<\/tr>\n<tr style=\"border-style: solid; border-color: #000000;\">\n<td style=\"width: 14.2857%; height: 24px; border-style: solid; border-color: #000000; text-align: center;\"><span style=\"color: #0c610c;\"><strong>Teide y Masca<\/strong><\/span><\/td>\n<td style=\"width: 14.2857%; height: 24px; border-style: solid; border-color: #000000; text-align: center;\">Espa\u00f1ol, franc\u00e9s, alem\u00e1n, neerland\u00e9s e italiano.<\/td>\n<td style=\"width: 14.2857%; height: 24px; border-style: solid; border-color: #000000; text-align: center;\">Ingl\u00e9s, espa\u00f1ol, franc\u00e9s, alem\u00e1n, neerland\u00e9s e italiano.<\/td>\n<td style=\"width: 14.2857%; height: 24px; border-style: solid; border-color: #000000; text-align: center;\">Espa\u00f1ol, franc\u00e9s, alem\u00e1n, neerland\u00e9s e italiano.<\/td>\n<td style=\"width: 14.2857%; height: 24px; border-style: solid; border-color: #000000; text-align: center;\">Ingl\u00e9s, espa\u00f1ol, franc\u00e9s, alem\u00e1n, neerland\u00e9s e italiano.<\/td>\n<td style=\"width: 14.2857%; height: 24px; border-style: solid; border-color: #000000; text-align: center;\">Espa\u00f1ol, franc\u00e9s, alem\u00e1n, neerland\u00e9s e italiano.<\/td>\n<td style=\"width: 14.2857%; height: 24px; border-style: solid; border-color: #000000; text-align: center;\">Ingl\u00e9s, espa\u00f1ol, franc\u00e9s, alem\u00e1n, neerland\u00e9s e italiano.<\/td>\n<\/tr>\n<tr style=\"border-style: solid; border-color: #000000;\">\n<td style=\"width: 14.2857%; height: 24px; border-style: solid; border-color: #000000; text-align: center;\"><span style=\"color: #0c610c;\"><strong>La Gomera desde Puerto de la Cruz<\/strong><\/span><\/td>\n<td style=\"width: 14.2857%; height: 24px; border-style: solid; border-color: #000000; text-align: center;\">Ingl\u00e9s, espa\u00f1ol, franc\u00e9s, alem\u00e1n, neerland\u00e9s, italiano y polaco.<\/td>\n<td style=\"width: 14.2857%; height: 24px; border-style: solid; border-color: #000000; text-align: center;\"><\/td>\n<td style=\"width: 14.2857%; height: 24px; border-style: solid; border-color: #000000; text-align: center;\"><\/td>\n<td style=\"width: 14.2857%; height: 24px; border-style: solid; border-color: #000000; text-align: center;\"><\/td>\n<td style=\"width: 14.2857%; height: 24px; border-style: solid; border-color: #000000; text-align: center;\">Ingl\u00e9s, espa\u00f1ol, franc\u00e9s, alem\u00e1n, neerland\u00e9s e italiano.<\/td>\n<td style=\"width: 14.2857%; height: 24px; border-style: solid; border-color: #000000; text-align: center;\"><\/td>\n<\/tr>\n<tr style=\"border-style: solid; border-color: #000000;\">\n<td style=\"width: 14.2857%; height: 24px; border-style: solid; border-color: #000000; text-align: center;\"><span style=\"color: #0c610c;\"><strong>La Gomera desde el sur<\/strong><\/span><\/td>\n<td style=\"width: 14.2857%; height: 24px; border-style: solid; border-color: #000000; text-align: center;\">Ingl\u00e9s, espa\u00f1ol, franc\u00e9s, alem\u00e1n, neerland\u00e9s, italiano y polaco.<\/td>\n<td style=\"width: 14.2857%; height: 24px; border-style: solid; border-color: #000000; text-align: center;\">Espa\u00f1ol, franc\u00e9s, alem\u00e1n, neerland\u00e9s e italiano.<\/td>\n<td style=\"width: 14.2857%; height: 24px; border-style: solid; border-color: #000000; text-align: center;\">Espa\u00f1ol, franc\u00e9s, alem\u00e1n, neerland\u00e9s, italiano y polaco.<\/td>\n<td style=\"width: 14.2857%; height: 24px; border-style: solid; border-color: #000000; text-align: center;\">Espa\u00f1ol, franc\u00e9s, alem\u00e1n, neerland\u00e9s e italiano.<\/td>\n<td style=\"width: 14.2857%; height: 24px; border-style: solid; border-color: #000000; text-align: center;\">Ingl\u00e9s, espa\u00f1ol, franc\u00e9s, alem\u00e1n, neerland\u00e9s e italiano.<\/td>\n<td style=\"width: 14.2857%; height: 24px; border-style: solid; border-color: #000000; text-align: center;\">Espa\u00f1ol, franc\u00e9s, alem\u00e1n, neerland\u00e9s, italiano y polaco.<\/td>\n<\/tr>\n<tr style=\"border-style: solid; border-color: #000000;\">\n<td style=\"width: 14.2857%; height: 23px; border-style: solid; border-color: #000000; text-align: center;\"><span style=\"color: #0c610c;\"><strong>Masca<\/strong><\/span><\/td>\n<td style=\"width: 14.2857%; height: 23px; border-style: solid; border-color: #000000; text-align: center;\"><\/td>\n<td style=\"width: 14.2857%; height: 23px; border-style: solid; border-color: #000000; text-align: center;\"><\/td>\n<td style=\"width: 14.2857%; height: 23px; border-style: solid; border-color: #000000; text-align: center;\">Ingl\u00e9s, espa\u00f1ol, franc\u00e9s, alem\u00e1n e italiano.<\/td>\n<td style=\"width: 14.2857%; height: 23px; border-style: solid; border-color: #000000; text-align: center;\"><\/td>\n<td style=\"width: 14.2857%; height: 23px; border-style: solid; border-color: #000000; text-align: center;\"><\/td>\n<td style=\"width: 14.2857%; height: 23px; border-style: solid; border-color: #000000; text-align: center;\"><\/td>\n<\/tr>\n<\/tbody>\n<\/table>\n<h6><\/h6>\n<p>&nbsp;<\/p>\n<h6><span style=\"color: #312c7a;\"><strong>Vea el v\u00eddeo, h\u00e1gase una idea de c\u00f3mo es una excursi\u00f3n en jeep por Tenerife y \u00a1reserve ya!<\/strong><\/span><\/h6>\n<p>[\/vc_column_text][\/vc_tta_section][\/vc_tta_accordion][vc_empty_space height=&#8221;30&#8243;]<style type=\"text\/css\">.thegem-button-69f789d24f9b84268 .gem-button svg {fill: #ffffff;}.thegem-button-69f789d24f9b84268 .gem-button:hover svg {fill: #312c7a;}<\/style><div class=\"gem-button-container gem-button-position-center thegem-button-69f789d24f9b84268    \"  ><a class=\"gem-button gem-button-size-small gem-button-style-flat gem-button-text-weight-normal\" data-ll-effect=\"drop-right-without-wrap\" style=\"border-radius: 3px;background-color: #312c7a;color: #ffffff;\" onmouseleave=\"this.style.backgroundColor='#312c7a';this.style.color='#ffffff';\" onmouseenter=\"this.style.backgroundColor='#f6eb14';this.style.color='#312c7a';\" href=\"#precios-jeepcomopasajero\" target=\"_self\">PRECIOS<\/a><\/div> [\/vc_column][\/vc_row][vc_row full_width=&#8221;stretch_row&#8221; css=&#8221;.vc_custom_1577672746230{background-color: #312c7a !important;background-position: center !important;background-repeat: no-repeat !important;background-size: cover !important;}&#8221;][vc_column][vc_column_text css=&#8221;.vc_custom_1577672713631{background-color: #312c7a !important;background-position: center !important;background-repeat: no-repeat !important;background-size: cover !important;}&#8221;]<\/p>\n<h3 style=\"text-align: center;\"><strong><span style=\"font-size: 18pt; color: #ffffff;\">comprar ya<\/span><\/strong><\/h3>\n<p>[\/vc_column_text][vc_empty_space height=&#8221;10px&#8221; el_id=&#8221;precios-jeepcomopasajero&#8221;][\/vc_column][\/vc_row]<\/p>\n<\/div>","protected":false},"excerpt":{"rendered":"<p>[vc_row full_width=&#8221;stretch_row_content_no_spaces&#8221;][vc_column][vc_column_text css=&#8221;.vc_custom_1743588707331{background-color: #F6EB14 !important;background-position: center !important;background-repeat: no-repeat !important;background-size: cover !important;}&#8221; css_animation=&#8221;fadeIn&#8221;] Jeep como pasajero [\/vc_column_text][\/vc_column][\/vc_row][vc_row][vc_column][vc_column_text] Una excursi\u00f3n en jeep&#8230;<\/p>\n","protected":false},"featured_media":434298,"template":"","meta":{"_acf_changed":false,"_seopress_robots_primary_cat":"2240","_seopress_titles_title":"Excursi\u00f3n en jeep por Tenerife. reserve su ticket y descubra la isla","_seopress_titles_desc":"Excursi\u00f3n en jeep por Tenerife, una de las mejores formas de explorar la isla. Varios idiomas y rutas disponibles, servicio de transporte incluido","_seopress_robots_index":""},"product_brand":[],"product_cat":[2240],"product_tag":[2918,2917,2919,2920,2242,2712,2243,2443],"class_list":{"0":"post-434297","1":"product","2":"type-product","3":"status-publish","4":"has-post-thumbnail","6":"product_cat-aventuras-en-terreno","7":"product_tag-4x4-la-gomera","8":"product_tag-4x4-tenerife","9":"product_tag-jeep-la-gomera-es","10":"product_tag-jeep-safari-la-gomera-es","11":"product_tag-jeep-safari-teide-es","12":"product_tag-jeep-safari-tenerife-es","13":"product_tag-jeep-teide-es","14":"product_tag-jeep-tenerife-es","16":"first","17":"instock","18":"virtual","19":"sold-individually","20":"taxable","21":"purchasable","22":"product-type-booking"},"booking_location":"","booking_location_type":"","booking_duration":1,"booking_duration_unit":"day","booking_buffer":0,"booking_cost":0,"booking_resources":[],"acf":[],"_links":{"self":[{"href":"https:\/\/tenerife-trips.com\/es\/wp-json\/wp\/v2\/product\/434297","targetHints":{"allow":["GET"]}}],"collection":[{"href":"https:\/\/tenerife-trips.com\/es\/wp-json\/wp\/v2\/product"}],"about":[{"href":"https:\/\/tenerife-trips.com\/es\/wp-json\/wp\/v2\/types\/product"}],"wp:featuredmedia":[{"embeddable":true,"href":"https:\/\/tenerife-trips.com\/es\/wp-json\/wp\/v2\/media\/434298"}],"wp:attachment":[{"href":"https:\/\/tenerife-trips.com\/es\/wp-json\/wp\/v2\/media?parent=434297"}],"wp:term":[{"taxonomy":"product_brand","embeddable":true,"href":"https:\/\/tenerife-trips.com\/es\/wp-json\/wp\/v2\/product_brand?post=434297"},{"taxonomy":"product_cat","embeddable":true,"href":"https:\/\/tenerife-trips.com\/es\/wp-json\/wp\/v2\/product_cat?post=434297"},{"taxonomy":"product_tag","embeddable":true,"href":"https:\/\/tenerife-trips.com\/es\/wp-json\/wp\/v2\/product_tag?post=434297"}],"curies":[{"name":"wp","href":"https:\/\/api.w.org\/{rel}","templated":true}]}}