{"id":443701,"date":"2023-02-05T11:39:53","date_gmt":"2023-02-05T11:39:53","guid":{"rendered":"https:\/\/tenerife-trips.com\/?post_type=product&#038;p=443701"},"modified":"2025-12-02T20:36:12","modified_gmt":"2025-12-02T20:36:12","slug":"tarjeta-regalo","status":"publish","type":"product","link":"https:\/\/tenerife-trips.com\/es\/product\/wps_wgm_giftcard-2\/tarjeta-regalo\/","title":{"rendered":"Tarjeta Regalo"},"content":{"rendered":"<div class=\"wpb-content-wrapper\"><p>[vc_row full_width=&#8221;stretch_row&#8221; content_placement=&#8221;middle&#8221; css=&#8221;.vc_custom_1676735458206{background-color: #f6eb14 !important;}&#8221;][vc_column][vc_column_text]<\/p>\n<h4 style=\"text-align: center;\"><strong><span style=\"font-size: 12pt;\">LA TARJETA REGALO ES V\u00c1LIDA POR UN A\u00d1O A PARTIR DEL D\u00cdA QUE EL BENEFICIARIO LA RECIBE.<\/span><\/strong><\/h4>\n<h4 style=\"text-align: center;\"><strong><span style=\"font-size: 12pt;\">SE PUEDE UTILIZAR PARA COMPRAR CUALQUIER EXCURSI\u00d3N EN NUESTRO SITIO WEB INSERTANDO EL C\u00d3DIGO EN EL PAGO.<\/span><\/strong><\/h4>\n<h4 style=\"text-align: center;\"><\/h4>\n<h4 style=\"text-align: center;\"><\/h4>\n<p>[\/vc_column_text][vc_empty_space][\/vc_column][\/vc_row][vc_row full_width=&#8221;stretch_row_content_no_spaces&#8221; content_placement=&#8221;top&#8221; css_animation=&#8221;fadeIn&#8221; css=&#8221;.vc_custom_1574822360670{background-color: #312c7a !important;}&#8221;][vc_column][vc_column_text]<\/p>\n<p style=\"text-align: center;\"><span style=\"font-size: 18pt; font-family: 'arial black', sans-serif;\"><strong><span style=\"color: #ffffff;\">LAS EXCURSIONES QUE OFRECEMOS:<\/span><\/strong><\/span><\/p>\n<p>[\/vc_column_text]<div id=\"fullwidth-block-69dc3363969fb\" class=\"fullwidth-block fullwidth-block-parallax-vertical clearfix\" data-mobile-parallax-enable=\"1\" style=\"color: #ffffff;background-color: #312c7a;\"><script type=\"text\/javascript\">if (typeof(gem_fix_fullwidth_position) == \"function\") { gem_fix_fullwidth_position(document.getElementById(\"fullwidth-block-69dc3363969fb\")); }<\/script><div class=\"fullwidth-block-inner\">[vc_row_inner][vc_column_inner width=&#8221;1\/3&#8243; thegem_content_alignment=&#8221;center&#8221;][vc_single_image image=&#8221;45461&#8243; img_size=&#8221;full&#8221; alignment=&#8221;center&#8221; onclick=&#8221;custom_link&#8221; css=&#8221;&#8221; link=&#8221;https:\/\/tenerife-trips.com\/es\/deportes-acuaticos-tenerife\/&#8221;][\/vc_column_inner][vc_column_inner width=&#8221;1\/3&#8243;][vc_single_image image=&#8221;380388&#8243; img_size=&#8221;full&#8221; alignment=&#8221;center&#8221; onclick=&#8221;custom_link&#8221; css=&#8221;&#8221; link=&#8221;https:\/\/tenerife-trips.com\/es\/deportes-aereos-tenerife\/&#8221;][\/vc_column_inner][vc_column_inner width=&#8221;1\/3&#8243;][vc_single_image image=&#8221;45476&#8243; img_size=&#8221;full&#8221; alignment=&#8221;center&#8221; onclick=&#8221;custom_link&#8221; css=&#8221;&#8221; link=&#8221;https:\/\/tenerife-trips.com\/es\/barcos-tenerife\/&#8221;][\/vc_column_inner][\/vc_row_inner][vc_row_inner][vc_column_inner width=&#8221;1\/3&#8243;][vc_single_image image=&#8221;45481&#8243; img_size=&#8221;full&#8221; alignment=&#8221;center&#8221; onclick=&#8221;custom_link&#8221; css=&#8221;&#8221; link=&#8221;https:\/\/tenerife-trips.com\/es\/tours-en-autobus-tenerife\/&#8221;][\/vc_column_inner][vc_column_inner width=&#8221;1\/3&#8243;][vc_single_image image=&#8221;690356&#8243; img_size=&#8221;270&#215;270&#8243; alignment=&#8221;center&#8221; css=&#8221;.vc_custom_1749499161596{border-top-width: 20px !important;border-bottom-width: 20px !important;border-radius: 2px !important;border-color: #EEEE22 !important;}&#8221;][\/vc_column_inner][vc_column_inner width=&#8221;1\/3&#8243;][vc_single_image image=&#8221;75415&#8243; img_size=&#8221;full&#8221; alignment=&#8221;center&#8221; onclick=&#8221;custom_link&#8221; css=&#8221;&#8221; link=&#8221;https:\/\/tenerife-trips.com\/es\/aventuras-en-terreno\/&#8221;][\/vc_column_inner][\/vc_row_inner][vc_row_inner][vc_column_inner width=&#8221;1\/3&#8243;][vc_single_image image=&#8221;53006&#8243; img_size=&#8221;full&#8221; alignment=&#8221;center&#8221; onclick=&#8221;custom_link&#8221; css=&#8221;&#8221; link=&#8221;https:\/\/tenerife-trips.com\/es\/experiencias-al-aire-libre\/&#8221;][\/vc_column_inner][vc_column_inner width=&#8221;1\/3&#8243;][vc_single_image image=&#8221;418435&#8243; img_size=&#8221;full&#8221; alignment=&#8221;center&#8221; onclick=&#8221;custom_link&#8221; css=&#8221;&#8221; link=&#8221;https:\/\/www.tenerife-trips.com\/es\/espectaculos-tenerife\/&#8221;][\/vc_column_inner][vc_column_inner width=&#8221;1\/3&#8243;][vc_single_image image=&#8221;115468&#8243; img_size=&#8221;full&#8221; alignment=&#8221;center&#8221; onclick=&#8221;custom_link&#8221; css=&#8221;&#8221; link=&#8221;https:\/\/tenerife-trips.com\/es\/parques-tematicos-tenerife\/&#8221;][\/vc_column_inner][\/vc_row_inner][vc_empty_space]<\/div><\/div>[\/vc_column][\/vc_row]<\/p>\n<\/div>","protected":false},"excerpt":{"rendered":"<p>[vc_row full_width=&#8221;stretch_row&#8221; content_placement=&#8221;middle&#8221; css=&#8221;.vc_custom_1676735458206{background-color: #f6eb14 !important;}&#8221;][vc_column][vc_column_text] LA TARJETA REGALO ES V\u00c1LIDA POR UN A\u00d1O A PARTIR DEL D\u00cdA QUE EL&#8230;<\/p>\n","protected":false},"featured_media":448588,"template":"","meta":{"_acf_changed":false,"_seopress_robots_primary_cat":"0","_seopress_titles_title":"La Tarjeta Regalo de Tenerife Trips es la sorpresa perfecta","_seopress_titles_desc":"No hay nada mejor que recordar para siempre una emocionante experiencia en Tenerife. Elige la Tarjeta Regalo de Tenerife Trips","_seopress_robots_index":""},"product_brand":[],"product_cat":[2927],"product_tag":[2925],"class_list":{"0":"post-443701","1":"product","2":"type-product","3":"status-publish","4":"has-post-thumbnail","6":"product_cat-wps_wgm_giftcard-2","7":"product_tag-tarjeta-regalo-tenerife","9":"first","10":"instock","11":"sold-individually","12":"taxable","13":"shipping-taxable","14":"purchasable","15":"product-type-wgm_gift_card"},"booking_location":null,"booking_location_type":null,"booking_duration":null,"booking_duration_unit":null,"booking_buffer":null,"booking_cost":null,"booking_resources":null,"acf":[],"_links":{"self":[{"href":"https:\/\/tenerife-trips.com\/es\/wp-json\/wp\/v2\/product\/443701","targetHints":{"allow":["GET"]}}],"collection":[{"href":"https:\/\/tenerife-trips.com\/es\/wp-json\/wp\/v2\/product"}],"about":[{"href":"https:\/\/tenerife-trips.com\/es\/wp-json\/wp\/v2\/types\/product"}],"wp:featuredmedia":[{"embeddable":true,"href":"https:\/\/tenerife-trips.com\/es\/wp-json\/wp\/v2\/media\/448588"}],"wp:attachment":[{"href":"https:\/\/tenerife-trips.com\/es\/wp-json\/wp\/v2\/media?parent=443701"}],"wp:term":[{"taxonomy":"product_brand","embeddable":true,"href":"https:\/\/tenerife-trips.com\/es\/wp-json\/wp\/v2\/product_brand?post=443701"},{"taxonomy":"product_cat","embeddable":true,"href":"https:\/\/tenerife-trips.com\/es\/wp-json\/wp\/v2\/product_cat?post=443701"},{"taxonomy":"product_tag","embeddable":true,"href":"https:\/\/tenerife-trips.com\/es\/wp-json\/wp\/v2\/product_tag?post=443701"}],"curies":[{"name":"wp","href":"https:\/\/api.w.org\/{rel}","templated":true}]}}