{"id":45079,"date":"2018-04-03T17:08:41","date_gmt":"2018-04-03T16:08:41","guid":{"rendered":"https:\/\/tenerife-trips.com\/product\/sin%20categor\u00eda\/ticket-doble-lorosiam\/"},"modified":"2025-12-02T20:47:53","modified_gmt":"2025-12-02T20:47:53","slug":"entradas-loro-parque-y-siam-park","status":"publish","type":"product","link":"https:\/\/tenerife-trips.com\/es\/product\/parques-tematicos\/entradas-loro-parque-y-siam-park\/","title":{"rendered":"TWIN TICKET LORO+SIAM"},"content":{"rendered":"<div class=\"wpb-content-wrapper\"><p>[vc_row full_width=&#8221;stretch_row_content_no_spaces&#8221;][vc_column][vc_column_text css=&#8221;.vc_custom_1743290070228{background-color: #F6EB14 !important;background-position: center !important;background-repeat: no-repeat !important;background-size: cover !important;}&#8221; css_animation=&#8221;fadeIn&#8221;]<\/p>\n<h1 class=\"title-h2\" style=\"text-align: center;\"><span style=\"font-size: 18pt; color: #312c7a;\">TWIN TICKET<\/span><\/h1>\n<p>[\/vc_column_text][\/vc_column][\/vc_row][vc_row][vc_column][vc_column_text]<\/p>\n<p style=\"text-align: center;\"><span style=\"font-size: 14pt;\">Si compra las entradas Loro Parque y Siam Park con el Twin Ticket obtendr\u00e1 un descuento sobre el precio total; en caso de que necesite transporte para ir al Loro Parque cont\u00e1ctenos; d\u00edganos qu\u00e9 d\u00eda desea ir y desde d\u00f3nde debe ser recogido.<\/span><\/p>\n<p style=\"text-align: center;\"><span style=\"font-size: 14pt;\"><strong>\u21d3 Ver m\u00e1s descripci\u00f3n a continuaci\u00f3n \u21d3<\/strong><\/span><\/p>\n<p>[\/vc_column_text][\/vc_column][\/vc_row][vc_row full_width=&#8221;stretch_row_content&#8221; full_height=&#8221;yes&#8221; css=&#8221;.vc_custom_1576192123211{background-color: #312c7a !important;background-position: center !important;background-repeat: no-repeat !important;background-size: cover !important;}&#8221;][vc_column]<div class=\"gem-vimeo gem-wrapbox gem-wrapbox-style-no-style rounded-corners gem-wrapbox-position-below\" style=\"width: 100%;\"><div class=\"gem-wrapbox-inner gem-ratio-style\" style=\"padding-top: 56.25%\"><iframe webkitallowfullscreen=\"true\" mozallowfullscreen=\"true\" allowfullscreen=\"true\" class=\"gem-wrapbox-element img-responsive\" frameborder=\"0\" scrolling=\"no\" marginheight=\"0\" marginwidth=\"0\" src=\"\/\/player.vimeo.com\/video\/328641209?title=0&amp;byline=0&amp;portrait=0 \"><\/iframe><\/div><\/div>[vc_empty_space]<div class=\"preloader\"><div class=\"preloader-spin\"><\/div><\/div> <div id=\"gem-gallery-69d2a3da01c1e\" class=\"gem-gallery gem-gallery-hover-zooming-blur\"> <div class=\"gem-gallery-item\"> <div class=\"gem-gallery-item-image\"> <a href=\"https:\/\/tenerife-trips.com\/wp-content\/uploads\/2019\/12\/4-7-thegem-gallery-sidebar.jpg\" data-fancybox-group=\"gallery-69d2a3da01c1e\" data-full-image-url=\"https:\/\/tenerife-trips.com\/wp-content\/uploads\/2019\/12\/4-7.jpg\"> <svg width=\"20\" height=\"10\"><path d=\"M 0,10 Q 9,9 10,0 Q 11,9 20,10\" \/><\/svg> <img src=\"https:\/\/tenerife-trips.com\/wp-content\/uploads\/2019\/12\/4-7-thegem-post-thumb-small.jpg\" alt=\"siam park\" class=\"img-responsive\"> <span class=\"gem-gallery-caption slide-info\"> <\/span> <\/a> <span class=\"gem-gallery-line\"><\/span> <\/div> <\/div> <div class=\"gem-gallery-item\"> <div class=\"gem-gallery-item-image\"> <a href=\"https:\/\/tenerife-trips.com\/wp-content\/uploads\/2019\/12\/3-7-thegem-gallery-sidebar.jpg\" data-fancybox-group=\"gallery-69d2a3da01c1e\" data-full-image-url=\"https:\/\/tenerife-trips.com\/wp-content\/uploads\/2019\/12\/3-7.jpg\"> <svg width=\"20\" height=\"10\"><path d=\"M 0,10 Q 9,9 10,0 Q 11,9 20,10\" \/><\/svg> <img src=\"https:\/\/tenerife-trips.com\/wp-content\/uploads\/2019\/12\/3-7-thegem-post-thumb-small.jpg\" alt=\"siam park\" class=\"img-responsive\"> <span class=\"gem-gallery-caption slide-info\"> <\/span> <\/a> <span class=\"gem-gallery-line\"><\/span> <\/div> <\/div> <div class=\"gem-gallery-item\"> <div class=\"gem-gallery-item-image\"> <a href=\"https:\/\/tenerife-trips.com\/wp-content\/uploads\/2019\/12\/1-11-thegem-gallery-sidebar.jpg\" data-fancybox-group=\"gallery-69d2a3da01c1e\" data-full-image-url=\"https:\/\/tenerife-trips.com\/wp-content\/uploads\/2019\/12\/1-11.jpg\"> <svg width=\"20\" height=\"10\"><path d=\"M 0,10 Q 9,9 10,0 Q 11,9 20,10\" \/><\/svg> <img src=\"https:\/\/tenerife-trips.com\/wp-content\/uploads\/2019\/12\/1-11-thegem-post-thumb-small.jpg\" alt=\"entradas Loro Parque y Siam Park\" class=\"img-responsive\"> <span class=\"gem-gallery-caption slide-info\"> <\/span> <\/a> <span class=\"gem-gallery-line\"><\/span> <\/div> <\/div> <div class=\"gem-gallery-item\"> <div class=\"gem-gallery-item-image\"> <a href=\"https:\/\/tenerife-trips.com\/wp-content\/uploads\/2019\/12\/6-4-thegem-gallery-sidebar.jpg\" data-fancybox-group=\"gallery-69d2a3da01c1e\" data-full-image-url=\"https:\/\/tenerife-trips.com\/wp-content\/uploads\/2019\/12\/6-4.jpg\"> <svg width=\"20\" height=\"10\"><path d=\"M 0,10 Q 9,9 10,0 Q 11,9 20,10\" \/><\/svg> <img src=\"https:\/\/tenerife-trips.com\/wp-content\/uploads\/2019\/12\/6-4-thegem-post-thumb-small.jpg\" alt=\"Twin Ticket Tenerife\" class=\"img-responsive\"> <span class=\"gem-gallery-caption slide-info\"> <\/span> <\/a> <span class=\"gem-gallery-line\"><\/span> <\/div> <\/div> <div class=\"gem-gallery-item\"> <div class=\"gem-gallery-item-image\"> <a href=\"https:\/\/tenerife-trips.com\/wp-content\/uploads\/2019\/12\/7-thegem-gallery-sidebar.jpg\" data-fancybox-group=\"gallery-69d2a3da01c1e\" data-full-image-url=\"https:\/\/tenerife-trips.com\/wp-content\/uploads\/2019\/12\/7.jpg\"> <svg width=\"20\" height=\"10\"><path d=\"M 0,10 Q 9,9 10,0 Q 11,9 20,10\" \/><\/svg> <img src=\"https:\/\/tenerife-trips.com\/wp-content\/uploads\/2019\/12\/7-thegem-post-thumb-small.jpg\" alt=\"loro parque\" class=\"img-responsive\"> <span class=\"gem-gallery-caption slide-info\"> <\/span> <\/a> <span class=\"gem-gallery-line\"><\/span> <\/div> <\/div> <div class=\"gem-gallery-item\"> <div class=\"gem-gallery-item-image\"> <a href=\"https:\/\/tenerife-trips.com\/wp-content\/uploads\/2019\/12\/2-7-thegem-gallery-sidebar.jpg\" data-fancybox-group=\"gallery-69d2a3da01c1e\" data-full-image-url=\"https:\/\/tenerife-trips.com\/wp-content\/uploads\/2019\/12\/2-7.jpg\"> <svg width=\"20\" height=\"10\"><path d=\"M 0,10 Q 9,9 10,0 Q 11,9 20,10\" \/><\/svg> <img src=\"https:\/\/tenerife-trips.com\/wp-content\/uploads\/2019\/12\/2-7-thegem-post-thumb-small.jpg\" alt=\"Tenerife zoo\" class=\"img-responsive\"> <span class=\"gem-gallery-caption slide-info\"> <\/span> <\/a> <span class=\"gem-gallery-line\"><\/span> <\/div> <\/div> <div class=\"gem-gallery-item\"> <div class=\"gem-gallery-item-image\"> <a href=\"https:\/\/tenerife-trips.com\/wp-content\/uploads\/2019\/12\/4-6-thegem-gallery-sidebar.jpg\" data-fancybox-group=\"gallery-69d2a3da01c1e\" data-full-image-url=\"https:\/\/tenerife-trips.com\/wp-content\/uploads\/2019\/12\/4-6.jpg\"> <svg width=\"20\" height=\"10\"><path d=\"M 0,10 Q 9,9 10,0 Q 11,9 20,10\" \/><\/svg> <img src=\"https:\/\/tenerife-trips.com\/wp-content\/uploads\/2019\/12\/4-6-thegem-post-thumb-small.jpg\" alt=\"Twin Ticket Tenerife\" class=\"img-responsive\"> <span class=\"gem-gallery-caption slide-info\"> <\/span> <\/a> <span class=\"gem-gallery-line\"><\/span> <\/div> <\/div> <div class=\"gem-gallery-item\"> <div class=\"gem-gallery-item-image\"> <a href=\"https:\/\/tenerife-trips.com\/wp-content\/uploads\/2019\/12\/6-7-thegem-gallery-sidebar.jpg\" data-fancybox-group=\"gallery-69d2a3da01c1e\" data-full-image-url=\"https:\/\/tenerife-trips.com\/wp-content\/uploads\/2019\/12\/6-7.jpg\"> <svg width=\"20\" height=\"10\"><path d=\"M 0,10 Q 9,9 10,0 Q 11,9 20,10\" \/><\/svg> <img src=\"https:\/\/tenerife-trips.com\/wp-content\/uploads\/2019\/12\/6-7-thegem-post-thumb-small.jpg\" alt=\"entradas Loro Parque y Siam Park\" class=\"img-responsive\"> <span class=\"gem-gallery-caption slide-info\"> <\/span> <\/a> <span class=\"gem-gallery-line\"><\/span> <\/div> <\/div> <\/div>[vc_empty_space][\/vc_column][\/vc_row][vc_row full_width=&#8221;stretch_row&#8221; content_placement=&#8221;middle&#8221; css=&#8221;.vc_custom_1577675790654{background-color: #312c7a !important;background-position: center !important;background-repeat: no-repeat !important;background-size: cover !important;}&#8221;][vc_column][vc_column_text]<\/p>\n<h3 style=\"text-align: center;\"><span style=\"color: #ffffff; font-size: 18pt;\">DESCRIPCI\u00d3N<\/span><\/h3>\n<p>[\/vc_column_text][\/vc_column][\/vc_row][vc_row full_width=&#8221;stretch_row&#8221; content_placement=&#8221;middle&#8221; css=&#8221;.vc_custom_1577675869351{background-position: center !important;background-repeat: no-repeat !important;background-size: cover !important;}&#8221;][vc_column][vc_tta_accordion style=&#8221;simple_solid&#8221; color=&#8221;blue&#8221; c_icon=&#8221;chevron&#8221; active_section=&#8221;-0&#8243; css_animation=&#8221;fadeIn&#8221; no_fill=&#8221;true&#8221; collapsible_all=&#8221;true&#8221; css=&#8221;.vc_custom_1577021524719{background-position: center !important;background-repeat: no-repeat !important;background-size: cover !important;}&#8221;][vc_tta_section title=&#8221;INFORMACI\u00d3N SOBRE LOS PARQUES&#8221; tab_id=&#8221;1577675838964-090c299a-c0fd&#8221;][vc_column_text]<\/p>\n<h3 id=\"tw-target-text\" class=\"tw-data-text tw-text-large tw-ta\" dir=\"ltr\" data-placeholder=\"Traducci\u00f3n\"><span lang=\"es\" style=\"font-size: 12pt;\" tabindex=\"0\">Si compra las entradas Loro Parque y Siam Park con el Twin Ticket obtendr\u00e1 un descuento sobre el precio total; en caso de que necesite transporte para ir al Loro Parque cont\u00e1ctenos; d\u00edganos qu\u00e9 d\u00eda desea ir y desde d\u00f3nde debe ser recogido. <\/span><\/h3>\n<p class=\"tw-data-text tw-text-large tw-ta\" dir=\"ltr\" data-placeholder=\"Traducci\u00f3n\"><span lang=\"es\" style=\"font-size: 14pt;\" tabindex=\"0\"> El Twin Ticket para las entradas Loro Parque y Siam Park es la mejor opci\u00f3n para disfrutar plenamente de su vacaci\u00f3n; Siam Park tiene muchas atracciones y es adecuado para todos, ni\u00f1os y adultos; por ejemplo, los mas jovenes pueden jugar en la&#8221;Lost City&#8221;; esta es un \u00e1rea para ni\u00f1os con torres, puentes, redes, cascadas y toboganes.<\/span><\/p>\n<p class=\"tw-data-text tw-text-large tw-ta\" dir=\"ltr\" data-placeholder=\"Traducci\u00f3n\"><span lang=\"es\" style=\"font-size: 14pt;\" tabindex=\"0\"> Por otro lado, las personas que buscan adrenalina pueden ir en el &#8220;Tower of Power&#8221;; en este tobog\u00e1n se pueden alcanzar los 80 km\/h y atravesar un acuario con tiburones y mantarrayas. <\/span><\/p>\n<p class=\"tw-data-text tw-text-large tw-ta\" dir=\"ltr\" data-placeholder=\"Traducci\u00f3n\"><span style=\"font-size: 14pt;\"><span lang=\"es\" tabindex=\"0\">En Loro Parque puede encontrar muchas especies de mam\u00edferos, aves, peces y reptiles; adem\u00e1s, puede ver los fant\u00e1sticos espect\u00e1culos de orcas, delfines, leones marinos y loros, varias veces al d\u00eda. <\/span><span lang=\"es\" tabindex=\"0\">Loro Parque ha establecido varios r\u00e9cords, por ejemplo, la piscina del espect\u00e1culo de los delfines es la m\u00e1s grande de Europa; otro es el t\u00fanel submarino que atraviesa el acuario con tiburones y otros peces; este es el m\u00e1s largo del viejo continente.<\/span><\/span><\/p>\n<h3 class=\"tw-data-text tw-text-large tw-ta\" dir=\"ltr\" data-placeholder=\"Traducci\u00f3n\"><span lang=\"es\" style=\"color: #ff0000; font-size: 12pt;\" tabindex=\"0\"><span style=\"text-decoration: underline;\"> MUY IMPORTANTE:<\/span> p\u00f3ngase en contacto con nosotros antes de completar la reserva para las entradas Loro Parque y Siam Park; diganos cu\u00e1ndo quiere visitar los parques; necesitamos poco tiempo para enviarle el Twin Ticket; <strong><span style=\"text-decoration: underline;\">no es necesario imprimir el ticket<\/span><\/strong>, puede mostrarlo en su tel\u00e9fono m\u00f3vil. Siam Park est\u00e1 abierto todos los d\u00edas de 10:00 a 17:00; Loro Parque est\u00e1 abierto todos los d\u00edas de 09:30 a 17:30.<\/span><\/h3>\n<p class=\"tw-data-text tw-text-large tw-ta\" dir=\"ltr\" data-placeholder=\"Traducci\u00f3n\"><span lang=\"es\" style=\"font-size: 14pt;\" tabindex=\"0\">Tiene un ticket para dos parques, as\u00ed que en la entrada del primer parque donde va le dan el ticket para el otro. Si ha comprado el ticket con transporte al Loro Parque y va primero al Siam Park recuerde anotar la hora y el lugar de recogida del autob\u00fas para el Loro Parque; estos est\u00e1n escritos en el Twin Ticket, pero tiene que entregarlo a la entrada del Siam Park. <\/span><\/p>\n<p class=\"tw-data-text tw-text-large tw-ta\" dir=\"ltr\" data-placeholder=\"Traducci\u00f3n\"><span lang=\"es\" style=\"font-size: 14pt;\" tabindex=\"0\">Al realizar la reserva, debe seleccionar tambi\u00e9n el n\u00famero de beb\u00e9s sin cargo, si hay algunos. De momento el aforo en los parques es limitado por lo que hay que elegir y reservar un d\u00eda espec\u00edfico para cada parque; antes de reservar tiene que ponerse en contacto con nosotros y decirnos cuando quiere visitar los parques.<\/span><\/p>\n<p>[\/vc_column_text][\/vc_tta_section][vc_tta_section title=&#8221;HORARIO Y SERVICIO DE RECOGIDA&#8221; tab_id=&#8221;1577675839018-334de149-dcee&#8221;][vc_column_text]<span style=\"text-decoration: underline; color: #ff0000; font-size: 14pt;\">HORARIO SIAM PARK:<\/span><\/p>\n<p>Siam Park est\u00e1 abierto todos los d\u00edas de 10:00 a 17:00.<\/p>\n<p><span style=\"text-decoration: underline; font-size: 14pt;\"><span style=\"color: #ff0000; text-decoration: underline;\">HORARIO LORO PARQUE:<\/span><\/span><\/p>\n<p>Loro Parque est\u00e1 abierto todos los d\u00edas de 9:30 a 17:30.<\/p>\n<p>Para el transporte al Loro Parque le recomendamos que se ponga en contacto con nosotros y consulte la disponibilidad desde su zona.<\/p>\n<p><span style=\"font-size: 14pt;\"><strong>\u00a1Mire el video, hagase una idea de qu\u00e9 se trata y res\u00e9rvelo ahora mismo!<\/strong><\/span>[\/vc_column_text][\/vc_tta_section][\/vc_tta_accordion][\/vc_column][\/vc_row][vc_row full_width=&#8221;stretch_row_content&#8221; content_placement=&#8221;middle&#8221; css=&#8221;.vc_custom_1576709624172{background-color: #312c7a !important;background-position: center !important;background-repeat: no-repeat !important;background-size: cover !important;}&#8221;][vc_column][vc_column_text]<\/p>\n<h3 style=\"text-align: center;\"><strong><span style=\"color: #ffffff; font-size: 18pt;\">COMPRAR YA<\/span><\/strong><\/h3>\n<p>[\/vc_column_text][\/vc_column][\/vc_row]<\/p>\n<\/div>","protected":false},"excerpt":{"rendered":"<p>[vc_row full_width=&#8221;stretch_row_content_no_spaces&#8221;][vc_column][vc_column_text css=&#8221;.vc_custom_1743290070228{background-color: #F6EB14 !important;background-position: center !important;background-repeat: no-repeat !important;background-size: cover !important;}&#8221; css_animation=&#8221;fadeIn&#8221;] TWIN TICKET [\/vc_column_text][\/vc_column][\/vc_row][vc_row][vc_column][vc_column_text] Si compra las entradas Loro&#8230;<\/p>\n","protected":false},"featured_media":170288,"template":"","meta":{"_acf_changed":false,"_seopress_robots_primary_cat":"2189","_seopress_titles_title":"Entradas Loro Parque y Siam Park, reserve online el Twin Ticket","_seopress_titles_desc":"Entradas Loro Parque y Siam Park, visite el mejor parque acu\u00e1tico y zool\u00f3gico del mundo. Reserve ahora r\u00e1pidamente en su m\u00f3vil o computadora","_seopress_robots_index":""},"product_brand":[],"product_cat":[2189],"product_tag":[2713,2190],"class_list":{"0":"post-45079","1":"product","2":"type-product","3":"status-publish","4":"has-post-thumbnail","6":"product_cat-parques-tematicos","7":"product_tag-entradas-loro-parque-y-siam-park","8":"product_tag-loro-parque-siam-park-es","10":"first","11":"instock","12":"virtual","13":"sold-individually","14":"taxable","15":"purchasable","16":"product-type-booking"},"booking_location":"","booking_location_type":"","booking_duration":1,"booking_duration_unit":"day","booking_buffer":0,"booking_cost":0,"booking_resources":[],"acf":[],"_links":{"self":[{"href":"https:\/\/tenerife-trips.com\/es\/wp-json\/wp\/v2\/product\/45079","targetHints":{"allow":["GET"]}}],"collection":[{"href":"https:\/\/tenerife-trips.com\/es\/wp-json\/wp\/v2\/product"}],"about":[{"href":"https:\/\/tenerife-trips.com\/es\/wp-json\/wp\/v2\/types\/product"}],"wp:featuredmedia":[{"embeddable":true,"href":"https:\/\/tenerife-trips.com\/es\/wp-json\/wp\/v2\/media\/170288"}],"wp:attachment":[{"href":"https:\/\/tenerife-trips.com\/es\/wp-json\/wp\/v2\/media?parent=45079"}],"wp:term":[{"taxonomy":"product_brand","embeddable":true,"href":"https:\/\/tenerife-trips.com\/es\/wp-json\/wp\/v2\/product_brand?post=45079"},{"taxonomy":"product_cat","embeddable":true,"href":"https:\/\/tenerife-trips.com\/es\/wp-json\/wp\/v2\/product_cat?post=45079"},{"taxonomy":"product_tag","embeddable":true,"href":"https:\/\/tenerife-trips.com\/es\/wp-json\/wp\/v2\/product_tag?post=45079"}],"curies":[{"name":"wp","href":"https:\/\/api.w.org\/{rel}","templated":true}]}}