{"id":45573,"date":"2018-01-15T21:51:26","date_gmt":"2018-01-15T21:51:26","guid":{"rendered":"https:\/\/tenerife-trips.com\/product\/sin%20categor\u00eda\/moto-de-agua\/"},"modified":"2025-12-02T21:00:25","modified_gmt":"2025-12-02T21:00:25","slug":"moto-de-agua-tenerife","status":"publish","type":"product","link":"https:\/\/tenerife-trips.com\/es\/product\/deportes-acuaticos\/moto-de-agua-tenerife\/","title":{"rendered":"MOTO DE AGUA"},"content":{"rendered":"<div class=\"wpb-content-wrapper\"><p>[vc_row full_width=&#8221;stretch_row_content_no_spaces&#8221;][vc_column][vc_column_text css=&#8221;.vc_custom_1743592791549{background-color: #F6EB14 !important;background-position: center !important;background-repeat: no-repeat !important;background-size: cover !important;}&#8221; css_animation=&#8221;fadeIn&#8221;]<\/p>\n<h1 class=\"title-h2\" style=\"text-align: center;\"><span style=\"font-size: 18pt; color: #312c7a;\">MOTO DE AGUA<\/span><\/h1>\n<p>[\/vc_column_text][\/vc_column][\/vc_row][vc_row][vc_column][vc_column_text]<\/p>\n<p style=\"text-align: center;\">\u00a1<strong>Moto de agua Tenerife, <\/strong>un safari por la costa sur que ser\u00e1 el mejor recuerdo de sus vacaciones en Canarias!<\/p>\n<p style=\"text-align: center;\"><span style=\"font-size: 14pt;\"><strong>\u21d3 Ver m\u00e1s descripci\u00f3n a continuaci\u00f3n \u21d3<\/strong><\/span><\/p>\n<p>[\/vc_column_text][\/vc_column][\/vc_row][vc_row full_width=&#8221;stretch_row_content&#8221; full_height=&#8221;yes&#8221; css=&#8221;.vc_custom_1576192123211{background-color: #312c7a !important;background-position: center !important;background-repeat: no-repeat !important;background-size: cover !important;}&#8221;][vc_column]<div class=\"gem-vimeo gem-wrapbox gem-wrapbox-style-no-style rounded-corners gem-wrapbox-position-below\" style=\"width: 100%;\"><div class=\"gem-wrapbox-inner gem-ratio-style\" style=\"padding-top: 56.25%\"><iframe webkitallowfullscreen=\"true\" mozallowfullscreen=\"true\" allowfullscreen=\"true\" class=\"gem-wrapbox-element img-responsive\" frameborder=\"0\" scrolling=\"no\" marginheight=\"0\" marginwidth=\"0\" src=\"\/\/player.vimeo.com\/video\/306713519?title=0&amp;byline=0&amp;portrait=0 \"><\/iframe><\/div><\/div>[vc_empty_space]<div class=\"preloader\"><div class=\"preloader-spin\"><\/div><\/div> <div id=\"gem-gallery-69dafb1475054\" class=\"gem-gallery gem-gallery-hover-zooming-blur\"> <div class=\"gem-gallery-item\"> <div class=\"gem-gallery-item-image\"> <a href=\"https:\/\/tenerife-trips.com\/wp-content\/uploads\/2019\/12\/3-leg-thegem-gallery-sidebar.jpg\" data-fancybox-group=\"gallery-69dafb1475054\" data-full-image-url=\"https:\/\/tenerife-trips.com\/wp-content\/uploads\/2019\/12\/3-leg.jpg\"> <svg width=\"20\" height=\"10\"><path d=\"M 0,10 Q 9,9 10,0 Q 11,9 20,10\" \/><\/svg> <img src=\"https:\/\/tenerife-trips.com\/wp-content\/uploads\/2019\/12\/3-leg-thegem-post-thumb-small.jpg\" alt=\"moto d'acqua Tenerife\" class=\"img-responsive\"> <span class=\"gem-gallery-caption slide-info\"> <\/span> <\/a> <span class=\"gem-gallery-line\"><\/span> <\/div> <\/div> <div class=\"gem-gallery-item\"> <div class=\"gem-gallery-item-image\"> <a href=\"https:\/\/tenerife-trips.com\/wp-content\/uploads\/2019\/12\/2-leg-thegem-gallery-sidebar.jpg\" data-fancybox-group=\"gallery-69dafb1475054\" data-full-image-url=\"https:\/\/tenerife-trips.com\/wp-content\/uploads\/2019\/12\/2-leg.jpg\"> <svg width=\"20\" height=\"10\"><path d=\"M 0,10 Q 9,9 10,0 Q 11,9 20,10\" \/><\/svg> <img src=\"https:\/\/tenerife-trips.com\/wp-content\/uploads\/2019\/12\/2-leg-thegem-post-thumb-small.jpg\" alt=\"moto de agua Tenerife\" class=\"img-responsive\"> <span class=\"gem-gallery-caption slide-info\"> <\/span> <\/a> <span class=\"gem-gallery-line\"><\/span> <\/div> <\/div> <div class=\"gem-gallery-item\"> <div class=\"gem-gallery-item-image\"> <a href=\"https:\/\/tenerife-trips.com\/wp-content\/uploads\/2018\/01\/Jet-Ski-Tenerife-1-thegem-gallery-sidebar.jpg\" data-fancybox-group=\"gallery-69dafb1475054\" data-full-image-url=\"https:\/\/tenerife-trips.com\/wp-content\/uploads\/2018\/01\/Jet-Ski-Tenerife-1.jpg\"> <svg width=\"20\" height=\"10\"><path d=\"M 0,10 Q 9,9 10,0 Q 11,9 20,10\" \/><\/svg> <img src=\"https:\/\/tenerife-trips.com\/wp-content\/uploads\/2018\/01\/Jet-Ski-Tenerife-1-thegem-post-thumb-small.jpg\" alt=\"Jet Ski Tenerife\" class=\"img-responsive\"> <span class=\"gem-gallery-caption slide-info\"> <\/span> <\/a> <span class=\"gem-gallery-line\"><\/span> <\/div> <\/div> <div class=\"gem-gallery-item\"> <div class=\"gem-gallery-item-image\"> <a href=\"https:\/\/tenerife-trips.com\/wp-content\/uploads\/2019\/12\/1-leg-thegem-gallery-sidebar.jpg\" data-fancybox-group=\"gallery-69dafb1475054\" data-full-image-url=\"https:\/\/tenerife-trips.com\/wp-content\/uploads\/2019\/12\/1-leg.jpg\"> <svg width=\"20\" height=\"10\"><path d=\"M 0,10 Q 9,9 10,0 Q 11,9 20,10\" \/><\/svg> <img src=\"https:\/\/tenerife-trips.com\/wp-content\/uploads\/2019\/12\/1-leg-thegem-post-thumb-small.jpg\" alt=\"Skutery wodne na Teneryfie\" class=\"img-responsive\"> <span class=\"gem-gallery-caption slide-info\"> <\/span> <\/a> <span class=\"gem-gallery-line\"><\/span> <\/div> <\/div> <\/div>[\/vc_column][\/vc_row][vc_row full_width=&#8221;stretch_row&#8221; css=&#8221;.vc_custom_1577669794647{background-color: #312c7a !important;background-position: center !important;background-repeat: no-repeat !important;background-size: cover !important;}&#8221;][vc_column][vc_column_text css=&#8221;.vc_custom_1577669778672{background-position: center !important;background-repeat: no-repeat !important;background-size: cover !important;}&#8221; css_animation=&#8221;fadeIn&#8221;]<\/p>\n<h3 class=\"title-h2\" style=\"text-align: center;\"><span style=\"font-size: 18pt; color: #ffffff;\">DESCRIPCI\u00d3N<\/span><\/h3>\n<p>[\/vc_column_text][\/vc_column][\/vc_row][vc_row][vc_column][vc_tta_accordion style=&#8221;simple_solid&#8221; color=&#8221;blue&#8221; c_icon=&#8221;chevron&#8221; active_section=&#8221;0&#8243; collapsible_all=&#8221;true&#8221;][vc_tta_section title=&#8221;EXPLICACI\u00d3N DEL VIAJE&#8221; tab_id=&#8221;1577669752813-9df83b3e-350f&#8221;][vc_column_text css=&#8221;&#8221;]<\/p>\n<h3><span style=\"font-size: 12pt;\">\u00a1Nuestra moto de agua Tenerife ser\u00e1 el mejor recuerdo de Sus vacaciones en las <a href=\"https:\/\/es.wikipedia.org\/wiki\/Canarias\" target=\"_blank\" rel=\"noopener\">ISLAS CANARIAS!<\/a><\/span><\/h3>\n<p><span style=\"font-size: 14pt;\">En primer lugar tiene que saber que la excursi\u00f3n moto de agua Tenerife sale de dos puertos diferentes, <a href=\"https:\/\/www.google.com\/maps\/place\/Puerto+Col%C3%B3n\/@28.0789928,-16.7359737,15z\/data=!4m5!3m4!1s0x0:0xd62345524f768247!8m2!3d28.0789928!4d-16.7359737\" target=\"_blank\" rel=\"noopener\">Puerto Col\u00f3n<\/a> o <a href=\"https:\/\/goo.gl\/maps\/dD8xjBa3yVAgw7SD9\" target=\"_blank\" rel=\"noopener\">Las Galletas<\/a>.<\/span><\/p>\n<p><span style=\"font-size: 14pt;\">Al principio le damos una lecci\u00f3n te\u00f3rica r\u00e1pida en el puerto. Le explicamos las reglas b\u00e1sicas a seguir para su seguridad durante la excursi\u00f3n en moto de agua Tenerife. Una vez que todo est\u00e9 claro, le proporcionamos todo el equipo necesario, como chaleco salvavidas y traje de neopreno (normalmente solo en invierno). Luego nos sentamos en la moto de agua y dejamos el puerto en un peque\u00f1o grupo de veh\u00edculos. Tiene que seguir a nuestro gu\u00eda que se sit\u00faa al frente del grupo para comprobar que todo est\u00e1 bien durante todo el viaje.<\/span><\/p>\n<h3><span style=\"font-size: 12pt;\">La zona que visitamos con nuestra excursi\u00f3n en moto de agua Tenerife depende de la duraci\u00f3n de la actividad.<\/span><\/h3>\n<p><span style=\"font-size: 14pt;\">Al salir de Puerto Col\u00f3n para las excursiones de 40 minutos y 1 hora iremos a La Caleta y a la famosa <a href=\"https:\/\/www.beach-inspector.com\/es\/b\/playa-de-diego-hernandez\" target=\"_blank\" rel=\"noopener\">Playa Diego Hernandez<\/a>. En el caso del viaje de 2 horas, iremos m\u00e1s al norte a la zona de <a href=\"https:\/\/goo.gl\/maps\/duaP6DC21vjhHZgB6\" target=\"_blank\" rel=\"noopener\">Alcal\u00e1<\/a>.\u00a0<\/span><\/p>\n<p>Partiendo del puerto de Las Galletas viajaremos habitualmente hacia el oeste. En el recorrido de 1 hora llegaremos a la zona de Palm-Mar. En el trayecto de 2 horas iremos un poco m\u00e1s lejos hasta la zona de Los Cristianos. La duraci\u00f3n indicada de la excursi\u00f3n incluye una explicaci\u00f3n de las normas de seguridad en el puerto, por lo que el tiempo real de permanencia en el agua puede ser un poco menor.<\/p>\n<p>La excursi\u00f3n de 20 minutos no es un safari y se desarrolla en un circuito en la zona de Puerto Col\u00f3n. Usted ser\u00e1 libre de conducir como quiera dentro del \u00e1rea delimitada.<\/p>\n<p><strong><span style=\"font-size: 14pt;\">En este viaje en moto de agua Tenerife queremos que lo pase bien y tambi\u00e9n disfrute de bonitos paisajes. Admirar\u00e1 una hermosa costa volc\u00e1nica y las altas monta\u00f1as m\u00e1s all\u00e1.<\/span><\/strong><\/p>\n<p><span style=\"font-size: 14pt;\">En la parte inferior de esta secci\u00f3n puede ver un mapa que le muestra las \u00e1reas que acabamos de mencionar. De todas formas <span style=\"text-decoration: underline;\">queremos informarle que los lugares a los que viajamos pueden cambiar dependiendo de las condiciones meteorol\u00f3gicas y del mar<\/span>. Durante la excursi\u00f3n de 2 horas tambi\u00e9n hay un descanso de unos 10\/15 minutos para nadar. Estamos seguros que cuanto m\u00e1s tiempo pase en la moto de agua, m\u00e1s se divertir\u00e1.<\/span><\/p>\n<p><span style=\"font-size: 14pt;\">La moto de agua Tenerife alcanza una buena velocidad, suficiente para sentir adrenalina y mantenerse seguros al mismo tiempo. Nuestro gu\u00eda le tomar\u00e1 fotos que puede comprar al final si est\u00e1 interesado. Puede estar solo en la moto de agua (individual) o compartir una con otra persona (doble, es posible cambiar de conductor).<\/span><\/p>\n<h6>MOTO DE AGUA TENERIFE ES EL REY DE LOS <a href=\"https:\/\/tenerife-trips.com\/es\/deportes-acuaticos-tenerife\/?lang=es\" target=\"_blank\" rel=\"noopener\">DEPORTES DE AGUA<\/a>. SI TIENE SUERTE, TAMBI\u00c9N PODR\u00cdA VER ALGUNOS DELFINES DURANTE LA EXCURSI\u00d3N; \u00a1HAY MUCHOS DE ELLOS EN ESTAS AGUAS!<\/h6>\n<h6><span style=\"color: #ff0000;\">Para conducir la moto de agua hay que tener al menos 16 a\u00f1os. Las personas de 16 y 17 a\u00f1os deben mostrar una aprobaci\u00f3n firmada por los padres o tutores si quieren conducir y no pueden llevar a otro menor en la moto de agua. Los ni\u00f1os de hasta 15 a\u00f1os deben ir acompa\u00f1ados de adultos; la edad m\u00ednima es de 6<\/span><span style=\"color: #ff0000;\"> a\u00f1os para las excursiones de 20 minutos, <\/span><span style=\"color: #ff0000;\">10 a\u00f1os para las excursiones de 40 minutos y 1 hora, 12 a\u00f1os para la excursion de 2 horas. No se requiere carnet de conducir. Los clientes deben traer consigo su documento de identidad o pasaporte. El l\u00edmite de peso es de 120 kg para las motos acu\u00e1ticas individuales y de 160 kg para las dobles.<\/span><\/h6>\n<p>&nbsp;<\/p>\n<p><img alt=\"\" class=\"aligncenter wp-image-703044 size-full\" src=\"https:\/\/tenerife-trips.com\/wp-content\/uploads\/2018\/01\/map-estate-2025-3.png\" alt=\"\" width=\"1116\" height=\"817\" srcset=\"https:\/\/tenerife-trips.com\/wp-content\/uploads\/2018\/01\/map-estate-2025-3.png 1116w, https:\/\/tenerife-trips.com\/wp-content\/uploads\/2018\/01\/map-estate-2025-3-600x439.png 600w, https:\/\/tenerife-trips.com\/wp-content\/uploads\/2018\/01\/map-estate-2025-3-300x220.png 300w, https:\/\/tenerife-trips.com\/wp-content\/uploads\/2018\/01\/map-estate-2025-3-1024x750.png 1024w, https:\/\/tenerife-trips.com\/wp-content\/uploads\/2018\/01\/map-estate-2025-3-768x562.png 768w\" sizes=\"(max-width: 1116px) 100vw, 1116px\" \/>[\/vc_column_text][\/vc_tta_section][vc_tta_section title=&#8221;HORARIO Y SERVICIO DE RECOGIDA&#8221; tab_id=&#8221;1577669752866-707b0c8d-67a8&#8243;][vc_column_text]Cuando se sale de <a href=\"https:\/\/www.google.com\/maps\/place\/Puerto+Col%C3%B3n\/@28.0789928,-16.7359737,15z\/data=!4m5!3m4!1s0x0:0xd62345524f768247!8m2!3d28.0789928!4d-16.7359737\" target=\"_blank\" rel=\"noopener\">Puerto Col\u00f3n<\/a> tiene que venir al puerto <span style=\"font-size: 14pt;\">de forma independiente<\/span>. Al salir de <a href=\"https:\/\/goo.gl\/maps\/dD8xjBa3yVAgw7SD9\" target=\"_blank\" rel=\"noopener\">Las Galletas<\/a> ofrecemos el servicio de transporte en el sur de Tenerife, por favor pregunte a nuestro servicio de atenci\u00f3n al cliente para m\u00e1s detalles.<\/p>\n<p><span style=\"text-decoration: underline; font-size: 14pt;\"><span style=\"color: #ff0000; text-decoration: underline;\">HORARIO:<\/span><\/span><\/p>\n<p><span style=\"font-size: 14pt;\">En general, este viaje est\u00e1 disponible todos los dias de 10:00 a 17:00. La hora var\u00eda seg\u00fan la temporada, por lo que le pedimos que se ponga en contacto con nosotros para verificar.<\/span>[\/vc_column_text][\/vc_tta_section][\/vc_tta_accordion]<style type=\"text\/css\">.thegem-button-69dafb1476b6b8166 .gem-button svg {fill: #ffffff;}.thegem-button-69dafb1476b6b8166 .gem-button:hover svg {fill: #312c7a;}<\/style><div class=\"gem-button-container gem-button-position-center thegem-button-69dafb1476b6b8166    \"  ><a class=\"gem-button gem-button-size-small gem-button-style-flat gem-button-text-weight-normal\" data-ll-effect=\"drop-right-without-wrap\" style=\"border-radius: 3px;background-color: #312c7a;color: #ffffff;\" onmouseleave=\"this.style.backgroundColor='#312c7a';this.style.color='#ffffff';\" onmouseenter=\"this.style.backgroundColor='#f6eb14';this.style.color='#312c7a';\" href=\"#precios-jet-ski\" target=\"_self\">PRECIOS<\/a><\/div> [\/vc_column][\/vc_row][vc_row full_width=&#8221;stretch_row_content&#8221; css=&#8221;.vc_custom_1577474711662{background-color: #312c7a !important;background-position: center !important;background-repeat: no-repeat !important;background-size: cover !important;}&#8221;][vc_column][vc_column_text css=&#8221;.vc_custom_1600428833855{background-position: center !important;background-repeat: no-repeat !important;background-size: cover !important;}&#8221; css_animation=&#8221;fadeIn&#8221;]<\/p>\n<h3 class=\"title-h2\" style=\"text-align: center;\"><span style=\"font-size: 18pt;\"><strong><span style=\"color: #ffffff;\">COMPRAR YA<\/span><\/strong><\/span><\/h3>\n<p>[\/vc_column_text][vc_empty_space height=&#8221;10&#8243; el_id=&#8221;precios-jet-ski&#8221;][\/vc_column][\/vc_row]<\/p>\n<\/div>","protected":false},"excerpt":{"rendered":"<p>[vc_row full_width=&#8221;stretch_row_content_no_spaces&#8221;][vc_column][vc_column_text css=&#8221;.vc_custom_1743592791549{background-color: #F6EB14 !important;background-position: center !important;background-repeat: no-repeat !important;background-size: cover !important;}&#8221; css_animation=&#8221;fadeIn&#8221;] MOTO DE AGUA [\/vc_column_text][\/vc_column][\/vc_row][vc_row][vc_column][vc_column_text] \u00a1Moto de agua Tenerife,&#8230;<\/p>\n","protected":false},"featured_media":61150,"template":"","meta":{"_acf_changed":false,"_seopress_robots_primary_cat":"2172","_seopress_titles_title":"Moto de agua Tenerife, descuento para la mejor excursi\u00f3n en la isla","_seopress_titles_desc":"La experiencia de moto de agua Tenerife es definitivamente una de las mejores actividades para realizar cuando est\u00e1s de vacaciones","_seopress_robots_index":""},"product_brand":[],"product_cat":[2172],"product_tag":[2176,2418,2452],"class_list":{"0":"post-45573","1":"product","2":"type-product","3":"status-publish","4":"has-post-thumbnail","6":"product_cat-deportes-acuaticos","7":"product_tag-deportes-acuaticos-tenerife","8":"product_tag-excursiones-tenerife","9":"product_tag-moto-de-agua-tenerife","11":"first","12":"instock","13":"virtual","14":"sold-individually","15":"taxable","16":"purchasable","17":"product-type-booking"},"booking_location":"","booking_location_type":"","booking_duration":1,"booking_duration_unit":"hour","booking_buffer":0,"booking_cost":0,"booking_resources":[],"acf":[],"_links":{"self":[{"href":"https:\/\/tenerife-trips.com\/es\/wp-json\/wp\/v2\/product\/45573","targetHints":{"allow":["GET"]}}],"collection":[{"href":"https:\/\/tenerife-trips.com\/es\/wp-json\/wp\/v2\/product"}],"about":[{"href":"https:\/\/tenerife-trips.com\/es\/wp-json\/wp\/v2\/types\/product"}],"wp:featuredmedia":[{"embeddable":true,"href":"https:\/\/tenerife-trips.com\/es\/wp-json\/wp\/v2\/media\/61150"}],"wp:attachment":[{"href":"https:\/\/tenerife-trips.com\/es\/wp-json\/wp\/v2\/media?parent=45573"}],"wp:term":[{"taxonomy":"product_brand","embeddable":true,"href":"https:\/\/tenerife-trips.com\/es\/wp-json\/wp\/v2\/product_brand?post=45573"},{"taxonomy":"product_cat","embeddable":true,"href":"https:\/\/tenerife-trips.com\/es\/wp-json\/wp\/v2\/product_cat?post=45573"},{"taxonomy":"product_tag","embeddable":true,"href":"https:\/\/tenerife-trips.com\/es\/wp-json\/wp\/v2\/product_tag?post=45573"}],"curies":[{"name":"wp","href":"https:\/\/api.w.org\/{rel}","templated":true}]}}